{"id":6371,"date":"2016-01-21T16:27:54","date_gmt":"2016-01-21T09:27:54","guid":{"rendered":"http:\/\/thietbichannuoi.com\/?page_id=6371"},"modified":"2021-04-24T19:30:22","modified_gmt":"2021-04-24T12:30:22","slug":"project","status":"publish","type":"page","link":"https:\/\/thietbichannuoi.com\/en\/project\/","title":{"rendered":"Projects"},"content":{"rendered":"<table style=\"height: auto;\" width=\"100%\">\n<tbody>\n<tr>\n<td style=\"text-align: center;\"><strong>STT<\/strong><\/td>\n<td style=\"text-align: center;\"><strong>C\u00f4ng ty <\/strong><\/td>\n<td style=\"text-align: center;\"><strong>Quy m\u00f4<\/strong><\/td>\n<td style=\"text-align: center;\"><strong>N\u0103m<\/strong><\/td>\n<td style=\"text-align: center;\"><strong>\u0110\u1ecba \u0111i\u1ec3m<\/strong><\/td>\n<\/tr>\n<tr>\n<td>1<\/td>\n<td>C.ty TNHH MTV CN Ho\u00e0ng V\u00e2n<\/td>\n<td>2400 N\u00e1i\u00a0\u0111\u1ebb<\/td>\n<td>2014<\/td>\n<td>X\u00e3 L\u1ed9c H\u00f2a, H. Ph\u00fa L\u1ed9c, T. Th\u1eeba Thi\u00ean Hu\u1ebf<\/td>\n<\/tr>\n<tr>\n<td>2<\/td>\n<td>Tr\u1ea1i Ch\u00fa T\u01b0<\/td>\n<td>600 N\u00e1i\u00a0\u0111\u1ebb + Th\u1ecbt<\/td>\n<td>2014<\/td>\n<td>B\u1ebfn C\u00e1t, B\u00ecnh D\u01b0\u01a1ng<\/td>\n<\/tr>\n<tr>\n<td>3<\/td>\n<td>C\u00f4ng ty \u0110\u00ecnh Ng\u1ecdc<\/td>\n<td>2400 N\u00e1i \u0110\u1ebb<\/td>\n<td>2014<\/td>\n<td>\u00a0Xu\u00e2n T\u00e2y, C\u1ea9m M\u1ef9,\u00a0\u0110\u1ed3ng Nai<\/td>\n<\/tr>\n<tr>\n<td>4<\/td>\n<td>C\u00f4ng ty TNHH MTV An Ph\u01b0\u01a1ng T\u00e2m<\/td>\n<td>10.000 H\u1eadu B\u1ecb<\/td>\n<td>2014<\/td>\n<td>\u1ea4p C\u1ecd\u00a0d\u1ea7u, Xu\u00e2n\u00a0\u0110\u00f4ng, C\u1ea9m M\u1ef9,\u00a0\u0110\u1ed3ng Nai<\/td>\n<\/tr>\n<tr>\n<td>5<\/td>\n<td>C.ty TNHH Tr\u1ea7n Minh S\u01a1n<\/td>\n<td>1200 N\u00e1i\u00a0\u0111\u1ebb<\/td>\n<td>2014<\/td>\n<td>\u1ea4p Tr\u00e0 Rang, Su\u1ed1i Cao, Xu\u00e2n L\u1ed9c,\u00a0\u0110\u1ed3ng Nai<\/td>\n<\/tr>\n<tr>\n<td>6<\/td>\n<td>DNTN Qu\u1ed1c\u00a0Tr\u01b0\u1edfng<\/td>\n<td>2400 N\u00e1i \u0110\u1ebb<\/td>\n<td>2014<\/td>\n<td>Long Th\u00e0nh,\u00a0\u0110\u1ed3ng Nai<\/td>\n<\/tr>\n<tr>\n<td>7<\/td>\n<td>C\u00f4ng ty TNHH Ch\u0103n Nu\u00f4i\u00a0Nh\u1eadt Minh<\/td>\n<td>2400 N\u00e1i \u0110\u1ebb<\/td>\n<td>2014<\/td>\n<td>X\u00e3 Di\u00ean Xu\u00e2n, Di\u00ean Kh\u00e1nh, Kh\u00e1nh H\u00f2a<\/td>\n<\/tr>\n<tr>\n<td>8<\/td>\n<td>C.ty TNHH H\u00e0 Huy B\u1ea3o<\/td>\n<td>1200 N\u00e1i\u00a0\u0111\u1ebb<\/td>\n<td>2014<\/td>\n<td>X\u00e3 Xu\u00e2n HI\u1ec7p, Xu\u00e2n L\u1ed9c,\u00a0\u0110\u1ed3ng Nai<\/td>\n<\/tr>\n<tr>\n<td>9<\/td>\n<td>Tr\u1ea1i Ph\u00fa L\u00fd<\/td>\n<td>4800 N\u00e1i \u0111\u1ebb<\/td>\n<td>2014<\/td>\n<td>V\u0129nh C\u1eedu- \u0110\u1ed3ng Nai<\/td>\n<\/tr>\n<tr>\n<td>10<\/td>\n<td>Tr\u1ea1i Ch\u1ecb S\u00e1u<\/td>\n<td>2000 Heo Th\u1ecb<\/td>\n<td>2014<\/td>\n<td>B\u1ebfn C\u00e1t &#8211; B\u00ecnh D\u01b0\u01a1ng<\/td>\n<\/tr>\n<tr>\n<td>11<\/td>\n<td>C.ty TNHH Nh\u1eadt Ti\u1ebfn Ph\u00e1t<\/td>\n<td>5000 Heo H\u1eadu B\u1ecb<\/td>\n<td>2014<\/td>\n<td>C\u1ea7u s\u1ed1 6, X\u00e3 H\u00f2a H\u1ed9i, Xuy\u00ean M\u1ed9c,\u00a0\u0110\u1ed3ng Nai<\/td>\n<\/tr>\n<tr>\n<td>12<\/td>\n<td>C\u00f4ng ty \u0110\u00ecnh Ng\u1ecdc<\/td>\n<td>2400 N\u00e1i \u0110\u1ebb<\/td>\n<td>2014<\/td>\n<td>Xu\u00e2n \u0110\u00f4ng,\u00a0C\u1ea9m M\u1ef9- \u0110\u1ed3ng Nai<\/td>\n<\/tr>\n<tr>\n<td>13<\/td>\n<td>C.ty TNHH Ch\u0103n Nu\u00f4i Duy C\u01b0\u1eddng<\/td>\n<td>2400 N\u00e1i \u0110\u1ebb<\/td>\n<td>2014<\/td>\n<td>X\u00e3 Tr\u00e0 T\u00e2n- \u0110\u1ee9c Linh- B\u00ecnh Thu\u1eadn<\/td>\n<\/tr>\n<tr>\n<td>14<\/td>\n<td>C.ty TNHH Ch\u0103n Nu\u00f4i T\u1ea5n Ph\u00e1t<\/td>\n<td>2400 N\u00e1i \u0110\u1ebb<\/td>\n<td>2014<\/td>\n<td>H\u00e0m Thu\u1eadn B\u1eafc- B\u00ecnh Thu\u1eadn<\/td>\n<\/tr>\n<tr>\n<td>15<\/td>\n<td>C.ty TNHH Lam H\u1ed3ng<\/td>\n<td>1200 N\u00e1i \u0110\u1ebb<\/td>\n<td>2014<\/td>\n<td>Tp. Bu\u00f4n M\u00ea Thu\u1ed9t- \u0110\u1eafc L\u1eafc<\/td>\n<\/tr>\n<tr>\n<td>16<\/td>\n<td>C.ty TNHH Ch\u0103n Nu\u00f4i Ho\u00e0ng Huy<\/td>\n<td>2400 N\u00e1i \u0110\u1ebb<\/td>\n<td>2014<\/td>\n<td>\u1ea4p Tr\u00e0 Rang &#8211; X\u00e3 Su\u1ed1i Cao- Xu\u00e2n L\u1ed9c- \u0110\u1ed3ng Nai<\/td>\n<\/tr>\n<tr>\n<td>17<\/td>\n<td>C.ty TNHH Ch\u0103n Nu\u00f4i Nam H\u00e0<\/td>\n<td>2400 N\u00e1i \u0110\u1ebb<\/td>\n<td>2014<\/td>\n<td>T\u00e2n H\u00e0- Lagi- H\u00e0m T\u00e2n &#8211; B\u00ecnh Thu\u1eadn<\/td>\n<\/tr>\n<tr>\n<td>18<\/td>\n<td>C.ty TNHH Ch\u0103n Nu\u00f4i Thi\u00ean Long Ph\u00fa<\/td>\n<td>2400 N\u00e1i \u0110\u1ebb<\/td>\n<td>2014<\/td>\n<td>\u1ea4p 9 X\u00e3 Gia Canh- \u0110inh Qu\u00e1n- \u0110\u1ed3ng Nai<\/td>\n<\/tr>\n<tr>\n<td>19<\/td>\n<td>Tr\u1ea1i Heo Cao Minh Quang<\/td>\n<td>1200 N\u00e1i \u0110\u1ebb<\/td>\n<td>2014<\/td>\n<td>X\u00e3 Xu\u00e2n B\u1eafc- Xu\u00e2n L\u1ed9c- \u0110\u1ed3ng Nai<\/td>\n<\/tr>\n<tr>\n<td>20<\/td>\n<td>C.ty TNHH T\u00e2m D\u0169ng Nhi<\/td>\n<td>2400 N\u00e1i \u0110\u1ebb<\/td>\n<td>2014<\/td>\n<td>X\u00e3 Xu\u00e2n Th\u00e0nh- Xu\u00e2n L\u1ed9c- \u0110\u1ed3ng Nai<\/td>\n<\/tr>\n<tr>\n<td>21<\/td>\n<td>C.ty TNHH Ho\u00e0ng Kim Thanh<\/td>\n<td>4800 N\u00e1i \u0111\u1ebb<\/td>\n<td>2014<\/td>\n<td>\u1ea4p B\u1ea7u S\u00ecnh &#8211; X\u00e3 Su\u1ed1i Cao- Xu\u00e2n L\u1ed9c- \u0110\u1ed3ng Nai<\/td>\n<\/tr>\n<\/tbody>\n<\/table>\n<p>Ngo\u00e0i c\u00e1c d\u1ef1 \u00e1n ti\u00eau bi\u1ec3u n\u00f3i tr\u00ean ch\u00fang t\u00f4i c\u00f2n cung c\u1ea5p c\u00e1c thi\u1ebft b\u1ecb cho c\u00f4ng ty v\u1ec1 thi\u1ebft b\u1ecb ch\u0103n nu\u00f4i tr\u00ean kh\u1eafp c\u1ea3 n\u01b0\u1edbc, C\u00e1c h\u1ed9 ch\u0103n nu\u00f4i.<\/p>\n<p>Cung c\u1ea5p s\u1ea3n ph\u1ea9m l\u00e0m\u00a0khuy\u1ebfn m\u00e3i, qu\u00e0 t\u0103ng\u00a0cho c\u00e1c c\u00f4ng ty th\u1ee9c ch\u0103n ch\u0103n nu\u00f4i nh\u01b0: <em>Cargill, Anco, ANT Group, De Heus, Golden Star &#8230;<\/em><\/p>\n<p>S\u1ea3n ph\u1ea9m c\u1ee7a ch\u00fang t\u00f4i \u0111\u00e3 c\u00f3 m\u1eb7t t\u1ea1i th\u1ecb tr\u01b0\u1eddng Campuchia.<\/p>\n","protected":false},"excerpt":{"rendered":"<p>STT C\u00f4ng ty Quy m\u00f4 N\u0103m \u0110\u1ecba \u0111i\u1ec3m 1 C.ty TNHH MTV CN Ho\u00e0ng V\u00e2n 2400 N\u00e1i\u00a0\u0111\u1ebb 2014 X\u00e3 L\u1ed9c H\u00f2a, H. Ph\u00fa L\u1ed9c, T. Th\u1eeba Thi\u00ean Hu\u1ebf 2 Tr\u1ea1i Ch\u00fa T\u01b0 600 N\u00e1i\u00a0\u0111\u1ebb + Th\u1ecbt 2014 B\u1ebfn C\u00e1t, B\u00ecnh D\u01b0\u01a1ng 3 C\u00f4ng ty \u0110\u00ecnh Ng\u1ecdc 2400 N\u00e1i \u0110\u1ebb 2014 \u00a0Xu\u00e2n T\u00e2y, C\u1ea9m M\u1ef9,\u00a0\u0110\u1ed3ng Nai [&hellip;]<\/p>\n","protected":false},"author":1,"featured_media":0,"parent":0,"menu_order":0,"comment_status":"closed","ping_status":"closed","template":"","meta":{"_uag_custom_page_level_css":"","footnotes":""},"class_list":["post-6371","page","type-page","status-publish","hentry"],"acf":[],"yoast_head":"<!-- This site is optimized with the Yoast SEO Premium plugin v22.9 (Yoast SEO v27.4) - https:\/\/yoast.com\/product\/yoast-seo-premium-wordpress\/ -->\n<title>Projects - Thi\u1ebft b\u1ecb ch\u0103n nu\u00f4i<\/title>\n<meta name=\"robots\" content=\"index, follow, max-snippet:-1, max-image-preview:large, max-video-preview:-1\" \/>\n<link rel=\"canonical\" href=\"https:\/\/thietbichannuoi.com\/en\/project\/\" \/>\n<meta property=\"og:locale\" content=\"en_US\" \/>\n<meta property=\"og:type\" content=\"article\" \/>\n<meta property=\"og:title\" content=\"Projects\" \/>\n<meta property=\"og:description\" content=\"STT C\u00f4ng ty Quy m\u00f4 N\u0103m \u0110\u1ecba \u0111i\u1ec3m 1 C.ty TNHH MTV CN Ho\u00e0ng V\u00e2n 2400 N\u00e1i\u00a0\u0111\u1ebb 2014 X\u00e3 L\u1ed9c H\u00f2a, H. Ph\u00fa L\u1ed9c, T. Th\u1eeba Thi\u00ean Hu\u1ebf 2 Tr\u1ea1i Ch\u00fa T\u01b0 600 N\u00e1i\u00a0\u0111\u1ebb + Th\u1ecbt\" \/>\n<meta property=\"og:url\" content=\"https:\/\/thietbichannuoi.com\/en\/project\/\" \/>\n<meta property=\"og:site_name\" content=\"Thi\u1ebft b\u1ecb ch\u0103n nu\u00f4i\" \/>\n<meta property=\"article:modified_time\" content=\"2021-04-24T12:30:22+00:00\" \/>\n<meta name=\"twitter:card\" content=\"summary_large_image\" \/>\n<meta name=\"twitter:label1\" content=\"Est. reading time\" \/>\n\t<meta name=\"twitter:data1\" content=\"2 minutes\" \/>\n<!-- \/ Yoast SEO Premium plugin. -->","yoast_head_json":{"title":"Projects - Thi\u1ebft b\u1ecb ch\u0103n nu\u00f4i","robots":{"index":"index","follow":"follow","max-snippet":"max-snippet:-1","max-image-preview":"max-image-preview:large","max-video-preview":"max-video-preview:-1"},"canonical":"https:\/\/thietbichannuoi.com\/en\/project\/","og_locale":"en_US","og_type":"article","og_title":"Projects","og_description":"STT C\u00f4ng ty Quy m\u00f4 N\u0103m \u0110\u1ecba \u0111i\u1ec3m 1 C.ty TNHH MTV CN Ho\u00e0ng V\u00e2n 2400 N\u00e1i\u00a0\u0111\u1ebb 2014 X\u00e3 L\u1ed9c H\u00f2a, H. Ph\u00fa L\u1ed9c, T. Th\u1eeba Thi\u00ean Hu\u1ebf 2 Tr\u1ea1i Ch\u00fa T\u01b0 600 N\u00e1i\u00a0\u0111\u1ebb + Th\u1ecbt","og_url":"https:\/\/thietbichannuoi.com\/en\/project\/","og_site_name":"Thi\u1ebft b\u1ecb ch\u0103n nu\u00f4i","article_modified_time":"2021-04-24T12:30:22+00:00","twitter_card":"summary_large_image","twitter_misc":{"Est. reading time":"2 minutes"},"schema":{"@context":"https:\/\/schema.org","@graph":[{"@type":"WebPage","@id":"https:\/\/thietbichannuoi.com\/en\/project\/","url":"https:\/\/thietbichannuoi.com\/en\/project\/","name":"Projects - Thi\u1ebft b\u1ecb ch\u0103n nu\u00f4i","isPartOf":{"@id":"https:\/\/thietbichannuoi.com\/#website"},"datePublished":"2016-01-21T09:27:54+00:00","dateModified":"2021-04-24T12:30:22+00:00","breadcrumb":{"@id":"https:\/\/thietbichannuoi.com\/en\/project\/#breadcrumb"},"inLanguage":"en-US","potentialAction":[{"@type":"ReadAction","target":["https:\/\/thietbichannuoi.com\/en\/project\/"]}]},{"@type":"BreadcrumbList","@id":"https:\/\/thietbichannuoi.com\/en\/project\/#breadcrumb","itemListElement":[{"@type":"ListItem","position":1,"name":"Home","item":"https:\/\/thietbichannuoi.com\/en\/"},{"@type":"ListItem","position":2,"name":"Projects"}]},{"@type":"WebSite","@id":"https:\/\/thietbichannuoi.com\/#website","url":"https:\/\/thietbichannuoi.com\/","name":"Thi\u1ebft b\u1ecb ch\u0103n nu\u00f4i","description":"S\u1ea3n xu\u1ea5t thi\u1ebft b\u1ecb ch\u0103n nu\u00f4i gia s\u00fac, gia c\u1ea7m v\u00e0 c\u00e1c s\u1ea3n ph\u1ea9m t\u1eeb nh\u1ef1a","publisher":{"@id":"https:\/\/thietbichannuoi.com\/#organization"},"potentialAction":[{"@type":"SearchAction","target":{"@type":"EntryPoint","urlTemplate":"https:\/\/thietbichannuoi.com\/?s={search_term_string}"},"query-input":{"@type":"PropertyValueSpecification","valueRequired":true,"valueName":"search_term_string"}}],"inLanguage":"en-US"},{"@type":"Organization","@id":"https:\/\/thietbichannuoi.com\/#organization","name":"Thi\u1ebft b\u1ecb ch\u0103n nu\u00f4i Minh Ph\u00e1t","url":"https:\/\/thietbichannuoi.com\/","logo":{"@type":"ImageObject","inLanguage":"en-US","@id":"https:\/\/thietbichannuoi.com\/#\/schema\/logo\/image\/","url":"https:\/\/thietbichannuoi.com\/wp-content\/uploads\/2021\/04\/logo-thiet-bi-chan-nuoi.png","contentUrl":"https:\/\/thietbichannuoi.com\/wp-content\/uploads\/2021\/04\/logo-thiet-bi-chan-nuoi.png","width":104,"height":79,"caption":"Thi\u1ebft b\u1ecb ch\u0103n nu\u00f4i Minh Ph\u00e1t"},"image":{"@id":"https:\/\/thietbichannuoi.com\/#\/schema\/logo\/image\/"}}]}},"uagb_featured_image_src":{"full":false,"thumbnail":false,"medium":false,"medium_large":false,"large":false,"1536x1536":false,"2048x2048":false,"woocommerce_thumbnail":false,"woocommerce_single":false,"woocommerce_gallery_thumbnail":false},"uagb_author_info":{"display_name":"admin","author_link":"https:\/\/thietbichannuoi.com\/en\/author\/lienkhuong\/"},"uagb_comment_info":0,"uagb_excerpt":"STT C\u00f4ng ty Quy m\u00f4 N\u0103m \u0110\u1ecba \u0111i\u1ec3m 1 C.ty TNHH MTV CN Ho\u00e0ng V\u00e2n 2400 N\u00e1i\u00a0\u0111\u1ebb 2014 X\u00e3 L\u1ed9c H\u00f2a, H. Ph\u00fa L\u1ed9c, T. Th\u1eeba Thi\u00ean Hu\u1ebf 2 Tr\u1ea1i Ch\u00fa T\u01b0 600 N\u00e1i\u00a0\u0111\u1ebb + Th\u1ecbt 2014 B\u1ebfn C\u00e1t, B\u00ecnh D\u01b0\u01a1ng 3 C\u00f4ng ty \u0110\u00ecnh Ng\u1ecdc 2400 N\u00e1i \u0110\u1ebb 2014 \u00a0Xu\u00e2n T\u00e2y, C\u1ea9m M\u1ef9,\u00a0\u0110\u1ed3ng Nai&hellip;","_links":{"self":[{"href":"https:\/\/thietbichannuoi.com\/en\/wp-json\/wp\/v2\/pages\/6371","targetHints":{"allow":["GET"]}}],"collection":[{"href":"https:\/\/thietbichannuoi.com\/en\/wp-json\/wp\/v2\/pages"}],"about":[{"href":"https:\/\/thietbichannuoi.com\/en\/wp-json\/wp\/v2\/types\/page"}],"author":[{"embeddable":true,"href":"https:\/\/thietbichannuoi.com\/en\/wp-json\/wp\/v2\/users\/1"}],"replies":[{"embeddable":true,"href":"https:\/\/thietbichannuoi.com\/en\/wp-json\/wp\/v2\/comments?post=6371"}],"version-history":[{"count":0,"href":"https:\/\/thietbichannuoi.com\/en\/wp-json\/wp\/v2\/pages\/6371\/revisions"}],"wp:attachment":[{"href":"https:\/\/thietbichannuoi.com\/en\/wp-json\/wp\/v2\/media?parent=6371"}],"curies":[{"name":"wp","href":"https:\/\/api.w.org\/{rel}","templated":true}]}}