{"id":6385,"date":"2014-03-18T05:03:59","date_gmt":"2014-03-18T05:03:59","guid":{"rendered":"http:\/\/thietbichannuoi.com\/?page_id=6385"},"modified":"2026-03-28T17:57:51","modified_gmt":"2026-03-28T10:57:51","slug":"contact","status":"publish","type":"page","link":"https:\/\/thietbichannuoi.com\/en\/contact\/","title":{"rendered":"Contact"},"content":{"rendered":"\n<p><strong>MINH PHAT HUY Co., LTD<\/strong><\/p>\n\n\n\n<p><strong>Head Office<\/strong><\/p>\n\n\n\n<ul class=\"wp-block-list\">\n<li>Address: 29 Bui Chu Hamlet, 1A Highway, Binh Minh Commune, Dong Nai Province, Vietnam<\/li>\n\n\n\n<li>Telphone: (+84) <a href=\"tel:+842516279223\">251 6279 223<\/a> &#8211; Fax: (+84) 251 3869 522<\/li>\n\n\n\n<li>Hotline: Mr. Lam <a href=\"tel:84986510206\">+84 986 510 206<\/a><\/li>\n\n\n\n<li>Email: <a href=\"mailto:minhphat@thietbichannuoi.com\">minhphat@thietbichannuoi.com<\/a><\/li>\n<\/ul>\n\n\n\n<p><strong>Factory<\/strong><\/p>\n\n\n\n<ul class=\"wp-block-list\">\n<li>Address: 283 Bac Son &#8211; Long Thanh St., Phuoc Tan Ward, Dong Nai Province<\/li>\n\n\n\n<li>Hotline: Mr. Lam <a href=\"tel:84986510206\">+84 986 510 206<\/a><\/li>\n\n\n\n<li>Email: <a href=\"mailto:minhphat@thietbichannuoi.com\">minhphat@thietbichannuoi.com<\/a><\/li>\n<\/ul>\n\n\n\n<p><strong>Northern Branch<\/strong><\/p>\n\n\n\n<ul class=\"wp-block-list\">\n<li>Address: D3 Street, Dong Van 1 Industrial Park, Dong Van Ward, Ninh Binh Province<\/li>\n\n\n\n<li>Hotline: Mr. Hung <a href=\"tel:84338202426\">+84 338 202 426<\/a><\/li>\n\n\n\n<li>Email: <a href=\"mailto:minhphatmb@thietbichannuoi.com\">minhphatmb@thietbichannuoi.com<\/a><\/li>\n<\/ul>\n\n\n\t\t\t<div \n\t\t\tclass=\"wp-block-uagb-google-map uagb-google-map__wrap uagb-block-214c2f7c     \"\n\t\t\tstyle=\"\" >\n\t\t\t\t<embed\n\t\t\t\t\tclass=\"uagb-google-map__iframe\"\n\t\t\t\t\ttitle=\"Google Map for \"\n\t\t\t\t\tsrc=\"https:\/\/maps.google.com\/maps?q=Brainstorm%20ForcMinh%20Phat%20Huy%20Livestock%20Equipment%20Tool%20Producing%20Co.%2CLtde&#038;z=12&#038;hl=en&#038;t=m&#038;output=embed&#038;iwloc=near\"\n\t\t\t\t\twidth=\"640\"\n\t\t\t\t\theight=\"420\"\n\t\t\t\t\tloading=\"lazy\"\n\t\t\t\t><\/embed>\n\t\t\t<\/div>\n\t\t\t\n\n\n\n","protected":false},"excerpt":{"rendered":"<p>MINH PHAT HUY Co., LTD Head Office Factory Northern Branch<\/p>\n","protected":false},"author":1,"featured_media":0,"parent":0,"menu_order":0,"comment_status":"closed","ping_status":"closed","template":"","meta":{"_uag_custom_page_level_css":"","footnotes":""},"class_list":["post-6385","page","type-page","status-publish","hentry"],"acf":[],"yoast_head":"<!-- This site is optimized with the Yoast SEO Premium plugin v22.9 (Yoast SEO v27.4) - https:\/\/yoast.com\/product\/yoast-seo-premium-wordpress\/ -->\n<title>Contact to Minh Phat<\/title>\n<meta name=\"robots\" content=\"index, follow, max-snippet:-1, max-image-preview:large, max-video-preview:-1\" \/>\n<link rel=\"canonical\" href=\"https:\/\/thietbichannuoi.com\/en\/contact\/\" \/>\n<meta property=\"og:locale\" content=\"en_US\" \/>\n<meta property=\"og:type\" content=\"article\" \/>\n<meta property=\"og:title\" content=\"Contact\" \/>\n<meta property=\"og:description\" content=\"MINH PHAT HUY Co., LTD Head Office Address: 29 Bui Chu Hamlet, 1A Highway, Binh Minh Commune, Dong Nai Province, Vietnam Telphone: (+84) 251 6279 223 -\" \/>\n<meta property=\"og:url\" content=\"https:\/\/thietbichannuoi.com\/en\/contact\/\" \/>\n<meta property=\"og:site_name\" content=\"Thi\u1ebft b\u1ecb ch\u0103n nu\u00f4i\" \/>\n<meta property=\"article:modified_time\" content=\"2026-03-28T10:57:51+00:00\" \/>\n<meta name=\"twitter:card\" content=\"summary_large_image\" \/>\n<meta name=\"twitter:label1\" content=\"Est. reading time\" \/>\n\t<meta name=\"twitter:data1\" content=\"1 minute\" \/>\n<!-- \/ Yoast SEO Premium plugin. -->","yoast_head_json":{"title":"Contact to Minh Phat","robots":{"index":"index","follow":"follow","max-snippet":"max-snippet:-1","max-image-preview":"max-image-preview:large","max-video-preview":"max-video-preview:-1"},"canonical":"https:\/\/thietbichannuoi.com\/en\/contact\/","og_locale":"en_US","og_type":"article","og_title":"Contact","og_description":"MINH PHAT HUY Co., LTD Head Office Address: 29 Bui Chu Hamlet, 1A Highway, Binh Minh Commune, Dong Nai Province, Vietnam Telphone: (+84) 251 6279 223 -","og_url":"https:\/\/thietbichannuoi.com\/en\/contact\/","og_site_name":"Thi\u1ebft b\u1ecb ch\u0103n nu\u00f4i","article_modified_time":"2026-03-28T10:57:51+00:00","twitter_card":"summary_large_image","twitter_misc":{"Est. reading time":"1 minute"},"schema":{"@context":"https:\/\/schema.org","@graph":[{"@type":"WebPage","@id":"https:\/\/thietbichannuoi.com\/en\/contact\/","url":"https:\/\/thietbichannuoi.com\/en\/contact\/","name":"Contact to Minh Phat","isPartOf":{"@id":"https:\/\/thietbichannuoi.com\/#website"},"datePublished":"2014-03-18T05:03:59+00:00","dateModified":"2026-03-28T10:57:51+00:00","breadcrumb":{"@id":"https:\/\/thietbichannuoi.com\/en\/contact\/#breadcrumb"},"inLanguage":"en-US","potentialAction":[{"@type":"ReadAction","target":["https:\/\/thietbichannuoi.com\/en\/contact\/"]}]},{"@type":"BreadcrumbList","@id":"https:\/\/thietbichannuoi.com\/en\/contact\/#breadcrumb","itemListElement":[{"@type":"ListItem","position":1,"name":"Home","item":"https:\/\/thietbichannuoi.com\/en\/"},{"@type":"ListItem","position":2,"name":"Contact"}]},{"@type":"WebSite","@id":"https:\/\/thietbichannuoi.com\/#website","url":"https:\/\/thietbichannuoi.com\/","name":"Thi\u1ebft b\u1ecb ch\u0103n nu\u00f4i","description":"S\u1ea3n xu\u1ea5t thi\u1ebft b\u1ecb ch\u0103n nu\u00f4i gia s\u00fac, gia c\u1ea7m v\u00e0 c\u00e1c s\u1ea3n ph\u1ea9m t\u1eeb nh\u1ef1a","publisher":{"@id":"https:\/\/thietbichannuoi.com\/#organization"},"potentialAction":[{"@type":"SearchAction","target":{"@type":"EntryPoint","urlTemplate":"https:\/\/thietbichannuoi.com\/?s={search_term_string}"},"query-input":{"@type":"PropertyValueSpecification","valueRequired":true,"valueName":"search_term_string"}}],"inLanguage":"en-US"},{"@type":"Organization","@id":"https:\/\/thietbichannuoi.com\/#organization","name":"Thi\u1ebft b\u1ecb ch\u0103n nu\u00f4i Minh Ph\u00e1t","url":"https:\/\/thietbichannuoi.com\/","logo":{"@type":"ImageObject","inLanguage":"en-US","@id":"https:\/\/thietbichannuoi.com\/#\/schema\/logo\/image\/","url":"https:\/\/thietbichannuoi.com\/wp-content\/uploads\/2021\/04\/logo-thiet-bi-chan-nuoi.png","contentUrl":"https:\/\/thietbichannuoi.com\/wp-content\/uploads\/2021\/04\/logo-thiet-bi-chan-nuoi.png","width":104,"height":79,"caption":"Thi\u1ebft b\u1ecb ch\u0103n nu\u00f4i Minh Ph\u00e1t"},"image":{"@id":"https:\/\/thietbichannuoi.com\/#\/schema\/logo\/image\/"}}]}},"uagb_featured_image_src":{"full":false,"thumbnail":false,"medium":false,"medium_large":false,"large":false,"1536x1536":false,"2048x2048":false,"woocommerce_thumbnail":false,"woocommerce_single":false,"woocommerce_gallery_thumbnail":false},"uagb_author_info":{"display_name":"admin","author_link":"https:\/\/thietbichannuoi.com\/en\/author\/lienkhuong\/"},"uagb_comment_info":0,"uagb_excerpt":"MINH PHAT HUY Co., LTD Head Office Factory Northern Branch","_links":{"self":[{"href":"https:\/\/thietbichannuoi.com\/en\/wp-json\/wp\/v2\/pages\/6385","targetHints":{"allow":["GET"]}}],"collection":[{"href":"https:\/\/thietbichannuoi.com\/en\/wp-json\/wp\/v2\/pages"}],"about":[{"href":"https:\/\/thietbichannuoi.com\/en\/wp-json\/wp\/v2\/types\/page"}],"author":[{"embeddable":true,"href":"https:\/\/thietbichannuoi.com\/en\/wp-json\/wp\/v2\/users\/1"}],"replies":[{"embeddable":true,"href":"https:\/\/thietbichannuoi.com\/en\/wp-json\/wp\/v2\/comments?post=6385"}],"version-history":[{"count":0,"href":"https:\/\/thietbichannuoi.com\/en\/wp-json\/wp\/v2\/pages\/6385\/revisions"}],"wp:attachment":[{"href":"https:\/\/thietbichannuoi.com\/en\/wp-json\/wp\/v2\/media?parent=6385"}],"curies":[{"name":"wp","href":"https:\/\/api.w.org\/{rel}","templated":true}]}}