{"id":11681,"date":"2021-07-29T01:12:05","date_gmt":"2021-07-28T18:12:05","guid":{"rendered":"https:\/\/thietbichannuoi.com\/?post_type=product&#038;p=11681"},"modified":"2025-09-26T08:23:10","modified_gmt":"2025-09-26T01:23:10","slug":"stainless-steel-feeder","status":"publish","type":"product","link":"https:\/\/thietbichannuoi.com\/en\/san-pham\/stainless-steel-feeder\/","title":{"rendered":"Stainless Steel Feeder"},"content":{"rendered":"<p>Stainless steel pig feed troughs are promoted to be firmly designed, durable, helping to optimize the breeding process. With high quality stainless steel material, rusty trough, easy to clean and ensure food safety. Smart design helps to limit spillage, save food and suitable for many raising models from piglets to pork. Using stainless steel feed troughs not only helps manage diets effectively but also enhances productivity and reduces long -term costs for the farm.<\/p>\n<p>&nbsp;<\/p>\n","protected":false},"excerpt":{"rendered":"<p><strong>Code:<\/strong> <strong>MTD066<\/strong><\/p>\n<ul>\n<li>\u00a0<strong>Material:<\/strong> SUS 201\u00d71.2mm<\/li>\n<li><strong>Weight:<\/strong> 70kg<\/li>\n<li><strong>Dimension (LxWxH):<\/strong> 1600x860x550mm<\/li>\n<li><strong>Mouth width of the trough:<\/strong> 550mm<\/li>\n<\/ul>\n","protected":false},"featured_media":13508,"template":"","meta":{"_uag_custom_page_level_css":"","footnotes":""},"product_brand":[],"product_cat":[297,291],"product_tag":[],"class_list":{"0":"post-11681","1":"product","2":"type-product","3":"status-publish","4":"has-post-thumbnail","6":"product_cat-feeding-system","7":"product_cat-equipment-for-pig","9":"first","10":"instock","11":"shipping-taxable","12":"product-type-simple"},"acf":[],"yoast_head":"<!-- This site is optimized with the Yoast SEO Premium plugin v22.9 (Yoast SEO v27.5) - https:\/\/yoast.com\/product\/yoast-seo-premium-wordpress\/ -->\n<title>Stainless Steel Feeder - Thi\u1ebft b\u1ecb ch\u0103n nu\u00f4i<\/title>\n<meta name=\"robots\" content=\"index, follow, max-snippet:-1, max-image-preview:large, max-video-preview:-1\" \/>\n<link rel=\"canonical\" href=\"https:\/\/thietbichannuoi.com\/en\/san-pham\/stainless-steel-feeder\/\" \/>\n<meta property=\"og:locale\" content=\"en_US\" \/>\n<meta property=\"og:type\" content=\"article\" \/>\n<meta property=\"og:title\" content=\"Stainless Steel Feeder\" \/>\n<meta property=\"og:description\" content=\"Code: MTD066   \u00a0Material: SUS 201\u00d71.2mm  Weight: 70kg  Dimension (LxWxH): 1600x860x550mm  Mouth width of the trough: 550mm\" \/>\n<meta property=\"og:url\" content=\"https:\/\/thietbichannuoi.com\/en\/san-pham\/stainless-steel-feeder\/\" \/>\n<meta property=\"og:site_name\" content=\"Thi\u1ebft b\u1ecb ch\u0103n nu\u00f4i\" \/>\n<meta property=\"article:modified_time\" content=\"2025-09-26T01:23:10+00:00\" \/>\n<meta property=\"og:image\" content=\"https:\/\/thietbichannuoi.com\/wp-content\/uploads\/2021\/07\/Mang-an-cho-heo-1.jpg\" \/>\n\t<meta property=\"og:image:width\" content=\"1400\" \/>\n\t<meta property=\"og:image:height\" content=\"1200\" \/>\n\t<meta property=\"og:image:type\" content=\"image\/jpeg\" \/>\n<meta name=\"twitter:card\" content=\"summary_large_image\" \/>\n<meta name=\"twitter:label1\" content=\"Est. reading time\" \/>\n\t<meta name=\"twitter:data1\" content=\"1 minute\" \/>\n<!-- \/ Yoast SEO Premium plugin. -->","yoast_head_json":{"title":"Stainless Steel Feeder - Thi\u1ebft b\u1ecb ch\u0103n nu\u00f4i","robots":{"index":"index","follow":"follow","max-snippet":"max-snippet:-1","max-image-preview":"max-image-preview:large","max-video-preview":"max-video-preview:-1"},"canonical":"https:\/\/thietbichannuoi.com\/en\/san-pham\/stainless-steel-feeder\/","og_locale":"en_US","og_type":"article","og_title":"Stainless Steel Feeder","og_description":"Code: MTD066   \u00a0Material: SUS 201\u00d71.2mm  Weight: 70kg  Dimension (LxWxH): 1600x860x550mm  Mouth width of the trough: 550mm","og_url":"https:\/\/thietbichannuoi.com\/en\/san-pham\/stainless-steel-feeder\/","og_site_name":"Thi\u1ebft b\u1ecb ch\u0103n nu\u00f4i","article_modified_time":"2025-09-26T01:23:10+00:00","og_image":[{"width":1400,"height":1200,"url":"https:\/\/thietbichannuoi.com\/wp-content\/uploads\/2021\/07\/Mang-an-cho-heo-1.jpg","type":"image\/jpeg"}],"twitter_card":"summary_large_image","twitter_misc":{"Est. reading time":"1 minute"},"schema":{"@context":"https:\/\/schema.org","@graph":[{"@type":"WebPage","@id":"https:\/\/thietbichannuoi.com\/en\/san-pham\/stainless-steel-feeder\/","url":"https:\/\/thietbichannuoi.com\/en\/san-pham\/stainless-steel-feeder\/","name":"Stainless Steel Feeder - Thi\u1ebft b\u1ecb ch\u0103n nu\u00f4i","isPartOf":{"@id":"https:\/\/thietbichannuoi.com\/#website"},"primaryImageOfPage":{"@id":"https:\/\/thietbichannuoi.com\/en\/san-pham\/stainless-steel-feeder\/#primaryimage"},"image":{"@id":"https:\/\/thietbichannuoi.com\/en\/san-pham\/stainless-steel-feeder\/#primaryimage"},"thumbnailUrl":"https:\/\/thietbichannuoi.com\/wp-content\/uploads\/2021\/07\/Mang-an-cho-heo-1.jpg","datePublished":"2021-07-28T18:12:05+00:00","dateModified":"2025-09-26T01:23:10+00:00","breadcrumb":{"@id":"https:\/\/thietbichannuoi.com\/en\/san-pham\/stainless-steel-feeder\/#breadcrumb"},"inLanguage":"en-US","potentialAction":[{"@type":"ReadAction","target":["https:\/\/thietbichannuoi.com\/en\/san-pham\/stainless-steel-feeder\/"]}]},{"@type":"ImageObject","inLanguage":"en-US","@id":"https:\/\/thietbichannuoi.com\/en\/san-pham\/stainless-steel-feeder\/#primaryimage","url":"https:\/\/thietbichannuoi.com\/wp-content\/uploads\/2021\/07\/Mang-an-cho-heo-1.jpg","contentUrl":"https:\/\/thietbichannuoi.com\/wp-content\/uploads\/2021\/07\/Mang-an-cho-heo-1.jpg","width":1400,"height":1200,"caption":"M\u00e1ng-\u0103n-cho-heo"},{"@type":"BreadcrumbList","@id":"https:\/\/thietbichannuoi.com\/en\/san-pham\/stainless-steel-feeder\/#breadcrumb","itemListElement":[{"@type":"ListItem","position":1,"name":"Home","item":"https:\/\/thietbichannuoi.com\/en\/"},{"@type":"ListItem","position":2,"name":"Shop","item":"https:\/\/thietbichannuoi.com\/shop\/"},{"@type":"ListItem","position":3,"name":"Stainless Steel Feeder"}]},{"@type":"WebSite","@id":"https:\/\/thietbichannuoi.com\/#website","url":"https:\/\/thietbichannuoi.com\/","name":"Thi\u1ebft b\u1ecb ch\u0103n nu\u00f4i","description":"S\u1ea3n xu\u1ea5t thi\u1ebft b\u1ecb ch\u0103n nu\u00f4i gia s\u00fac, gia c\u1ea7m v\u00e0 c\u00e1c s\u1ea3n ph\u1ea9m t\u1eeb nh\u1ef1a","publisher":{"@id":"https:\/\/thietbichannuoi.com\/#organization"},"potentialAction":[{"@type":"SearchAction","target":{"@type":"EntryPoint","urlTemplate":"https:\/\/thietbichannuoi.com\/?s={search_term_string}"},"query-input":{"@type":"PropertyValueSpecification","valueRequired":true,"valueName":"search_term_string"}}],"inLanguage":"en-US"},{"@type":"Organization","@id":"https:\/\/thietbichannuoi.com\/#organization","name":"Thi\u1ebft b\u1ecb ch\u0103n nu\u00f4i Minh Ph\u00e1t","url":"https:\/\/thietbichannuoi.com\/","logo":{"@type":"ImageObject","inLanguage":"en-US","@id":"https:\/\/thietbichannuoi.com\/#\/schema\/logo\/image\/","url":"https:\/\/thietbichannuoi.com\/wp-content\/uploads\/2021\/04\/logo-thiet-bi-chan-nuoi.png","contentUrl":"https:\/\/thietbichannuoi.com\/wp-content\/uploads\/2021\/04\/logo-thiet-bi-chan-nuoi.png","width":104,"height":79,"caption":"Thi\u1ebft b\u1ecb ch\u0103n nu\u00f4i Minh Ph\u00e1t"},"image":{"@id":"https:\/\/thietbichannuoi.com\/#\/schema\/logo\/image\/"}}]}},"uagb_featured_image_src":{"full":["https:\/\/thietbichannuoi.com\/wp-content\/uploads\/2021\/07\/Mang-an-cho-heo-1.jpg",1400,1200,false],"thumbnail":["https:\/\/thietbichannuoi.com\/wp-content\/uploads\/2021\/07\/Mang-an-cho-heo-1.jpg",150,129,false],"medium":["https:\/\/thietbichannuoi.com\/wp-content\/uploads\/2021\/07\/Mang-an-cho-heo-1.jpg",300,257,false],"medium_large":["https:\/\/thietbichannuoi.com\/wp-content\/uploads\/2021\/07\/Mang-an-cho-heo-1.jpg",1400,1200,false],"large":["https:\/\/thietbichannuoi.com\/wp-content\/uploads\/2021\/07\/Mang-an-cho-heo-1.jpg",800,686,false],"1536x1536":["https:\/\/thietbichannuoi.com\/wp-content\/uploads\/2021\/07\/Mang-an-cho-heo-1.jpg",1400,1200,false],"2048x2048":["https:\/\/thietbichannuoi.com\/wp-content\/uploads\/2021\/07\/Mang-an-cho-heo-1.jpg",1400,1200,false],"woocommerce_thumbnail":["https:\/\/thietbichannuoi.com\/wp-content\/uploads\/2021\/07\/Mang-an-cho-heo-1.jpg",1400,1200,false],"woocommerce_single":["https:\/\/thietbichannuoi.com\/wp-content\/uploads\/2021\/07\/Mang-an-cho-heo-1.jpg",1400,1200,false],"woocommerce_gallery_thumbnail":["https:\/\/thietbichannuoi.com\/wp-content\/uploads\/2021\/07\/Mang-an-cho-heo-1-100x100.jpg",100,100,true]},"uagb_author_info":{"display_name":"dinhlam","author_link":"https:\/\/thietbichannuoi.com\/en\/author\/"},"uagb_comment_info":0,"uagb_excerpt":"Code: MTD066 \u00a0Material: SUS 201\u00d71.2mm Weight: 70kg Dimension (LxWxH): 1600x860x550mm Mouth width of the trough: 550mm","_links":{"self":[{"href":"https:\/\/thietbichannuoi.com\/en\/wp-json\/wp\/v2\/product\/11681","targetHints":{"allow":["GET"]}}],"collection":[{"href":"https:\/\/thietbichannuoi.com\/en\/wp-json\/wp\/v2\/product"}],"about":[{"href":"https:\/\/thietbichannuoi.com\/en\/wp-json\/wp\/v2\/types\/product"}],"version-history":[{"count":0,"href":"https:\/\/thietbichannuoi.com\/en\/wp-json\/wp\/v2\/product\/11681\/revisions"}],"wp:featuredmedia":[{"embeddable":true,"href":"https:\/\/thietbichannuoi.com\/en\/wp-json\/wp\/v2\/media\/13508"}],"wp:attachment":[{"href":"https:\/\/thietbichannuoi.com\/en\/wp-json\/wp\/v2\/media?parent=11681"}],"wp:term":[{"taxonomy":"product_brand","embeddable":true,"href":"https:\/\/thietbichannuoi.com\/en\/wp-json\/wp\/v2\/product_brand?post=11681"},{"taxonomy":"product_cat","embeddable":true,"href":"https:\/\/thietbichannuoi.com\/en\/wp-json\/wp\/v2\/product_cat?post=11681"},{"taxonomy":"product_tag","embeddable":true,"href":"https:\/\/thietbichannuoi.com\/en\/wp-json\/wp\/v2\/product_tag?post=11681"}],"curies":[{"name":"wp","href":"https:\/\/api.w.org\/{rel}","templated":true}]}}