{"id":11695,"date":"2021-07-30T10:33:33","date_gmt":"2021-07-30T03:33:33","guid":{"rendered":"https:\/\/thietbichannuoi.com\/?post_type=product&#038;p=11695"},"modified":"2025-09-26T16:30:29","modified_gmt":"2025-09-26T09:30:29","slug":"pig-drinker-pipe","status":"publish","type":"product","link":"https:\/\/thietbichannuoi.com\/en\/san-pham\/pig-drinker-pipe\/","title":{"rendered":"Pig Drinker Pipe"},"content":{"rendered":"<p>&nbsp;<\/p>\n<p><img fetchpriority=\"high\" decoding=\"async\" class=\"alignnone wp-image-16719 size-full\" src=\"https:\/\/thietbichannuoi.com\/wp-content\/uploads\/2023\/07\/cay-uong-nuoc-cho-heo-2.jpg\" alt=\"\" width=\"1920\" height=\"2560\" srcset=\"https:\/\/thietbichannuoi.com\/wp-content\/uploads\/2023\/07\/cay-uong-nuoc-cho-heo-2.jpg 1920w, https:\/\/thietbichannuoi.com\/wp-content\/uploads\/2023\/07\/cay-uong-nuoc-cho-heo-2-300x400.jpg 300w, https:\/\/thietbichannuoi.com\/wp-content\/uploads\/2023\/07\/cay-uong-nuoc-cho-heo-2-1024x1365.jpg 1024w, https:\/\/thietbichannuoi.com\/wp-content\/uploads\/2023\/07\/cay-uong-nuoc-cho-heo-2-150x200.jpg 150w, https:\/\/thietbichannuoi.com\/wp-content\/uploads\/2023\/07\/cay-uong-nuoc-cho-heo-2-1152x1536.jpg 1152w, https:\/\/thietbichannuoi.com\/wp-content\/uploads\/2023\/07\/cay-uong-nuoc-cho-heo-2-1536x2048.jpg 1536w\" sizes=\"(max-width: 1920px) 100vw, 1920px\" \/><\/p>\n<p><img decoding=\"async\" class=\"alignnone wp-image-16717 size-full\" src=\"https:\/\/thietbichannuoi.com\/wp-content\/uploads\/2023\/07\/cay-uong-nuoc-cho-heo.jpg\" alt=\"\" width=\"1920\" height=\"2560\" srcset=\"https:\/\/thietbichannuoi.com\/wp-content\/uploads\/2023\/07\/cay-uong-nuoc-cho-heo.jpg 1920w, https:\/\/thietbichannuoi.com\/wp-content\/uploads\/2023\/07\/cay-uong-nuoc-cho-heo-300x400.jpg 300w, https:\/\/thietbichannuoi.com\/wp-content\/uploads\/2023\/07\/cay-uong-nuoc-cho-heo-1024x1365.jpg 1024w, https:\/\/thietbichannuoi.com\/wp-content\/uploads\/2023\/07\/cay-uong-nuoc-cho-heo-150x200.jpg 150w, https:\/\/thietbichannuoi.com\/wp-content\/uploads\/2023\/07\/cay-uong-nuoc-cho-heo-1152x1536.jpg 1152w, https:\/\/thietbichannuoi.com\/wp-content\/uploads\/2023\/07\/cay-uong-nuoc-cho-heo-1536x2048.jpg 1536w\" sizes=\"(max-width: 1920px) 100vw, 1920px\" \/><\/p>\n","protected":false},"excerpt":{"rendered":"<ul>\n<li><strong>Material:<\/strong> Stainless Steel 304, 201<\/li>\n<li><strong>Overall Height:<\/strong> As per order<\/li>\n<li><strong>Made in: Minh Phat<\/strong><\/li>\n<\/ul>\n","protected":false},"featured_media":19353,"template":"","meta":{"_uag_custom_page_level_css":"","footnotes":""},"product_brand":[],"product_cat":[1024,291],"product_tag":[],"class_list":{"0":"post-11695","1":"product","2":"type-product","3":"status-publish","4":"has-post-thumbnail","6":"product_cat-drinker-equipments","7":"product_cat-equipment-for-pig","9":"first","10":"instock","11":"shipping-taxable","12":"product-type-simple"},"acf":[],"yoast_head":"<!-- This site is optimized with the Yoast SEO Premium plugin v22.9 (Yoast SEO v27.3) - https:\/\/yoast.com\/product\/yoast-seo-premium-wordpress\/ -->\n<title>Pig Drinker Pipe - Thi\u1ebft b\u1ecb ch\u0103n nu\u00f4i<\/title>\n<meta name=\"description\" content=\"Pig Drinker Pipe\" \/>\n<meta name=\"robots\" content=\"index, follow, max-snippet:-1, max-image-preview:large, max-video-preview:-1\" \/>\n<link rel=\"canonical\" href=\"https:\/\/thietbichannuoi.com\/en\/san-pham\/pig-drinker-pipe\/\" \/>\n<meta property=\"og:locale\" content=\"en_US\" \/>\n<meta property=\"og:type\" content=\"article\" \/>\n<meta property=\"og:title\" content=\"Pig Drinker Pipe\" \/>\n<meta property=\"og:description\" content=\"Material: Stainless Steel 304, 201  Overall Height: As per order  Made in: Minh Phat\" \/>\n<meta property=\"og:url\" content=\"https:\/\/thietbichannuoi.com\/en\/san-pham\/pig-drinker-pipe\/\" \/>\n<meta property=\"og:site_name\" content=\"Thi\u1ebft b\u1ecb ch\u0103n nu\u00f4i\" \/>\n<meta property=\"article:modified_time\" content=\"2025-09-26T09:30:29+00:00\" \/>\n<meta property=\"og:image\" content=\"https:\/\/thietbichannuoi.com\/wp-content\/uploads\/2021\/07\/Cay-uong-nuoc-don-co-bat-dieu-chinh-650mm.jpg\" \/>\n\t<meta property=\"og:image:width\" content=\"1400\" \/>\n\t<meta property=\"og:image:height\" content=\"1200\" \/>\n\t<meta property=\"og:image:type\" content=\"image\/jpeg\" \/>\n<meta name=\"twitter:card\" content=\"summary_large_image\" \/>\n<meta name=\"twitter:label1\" content=\"Est. reading time\" \/>\n\t<meta name=\"twitter:data1\" content=\"1 minute\" \/>\n<!-- \/ Yoast SEO Premium plugin. -->","yoast_head_json":{"title":"Pig Drinker Pipe - Thi\u1ebft b\u1ecb ch\u0103n nu\u00f4i","description":"Pig Drinker Pipe","robots":{"index":"index","follow":"follow","max-snippet":"max-snippet:-1","max-image-preview":"max-image-preview:large","max-video-preview":"max-video-preview:-1"},"canonical":"https:\/\/thietbichannuoi.com\/en\/san-pham\/pig-drinker-pipe\/","og_locale":"en_US","og_type":"article","og_title":"Pig Drinker Pipe","og_description":"Material: Stainless Steel 304, 201  Overall Height: As per order  Made in: Minh Phat","og_url":"https:\/\/thietbichannuoi.com\/en\/san-pham\/pig-drinker-pipe\/","og_site_name":"Thi\u1ebft b\u1ecb ch\u0103n nu\u00f4i","article_modified_time":"2025-09-26T09:30:29+00:00","og_image":[{"width":1400,"height":1200,"url":"https:\/\/thietbichannuoi.com\/wp-content\/uploads\/2021\/07\/Cay-uong-nuoc-don-co-bat-dieu-chinh-650mm.jpg","type":"image\/jpeg"}],"twitter_card":"summary_large_image","twitter_misc":{"Est. reading time":"1 minute"},"schema":{"@context":"https:\/\/schema.org","@graph":[{"@type":"WebPage","@id":"https:\/\/thietbichannuoi.com\/en\/san-pham\/pig-drinker-pipe\/","url":"https:\/\/thietbichannuoi.com\/en\/san-pham\/pig-drinker-pipe\/","name":"Pig Drinker Pipe - Thi\u1ebft b\u1ecb ch\u0103n nu\u00f4i","isPartOf":{"@id":"https:\/\/thietbichannuoi.com\/#website"},"primaryImageOfPage":{"@id":"https:\/\/thietbichannuoi.com\/en\/san-pham\/pig-drinker-pipe\/#primaryimage"},"image":{"@id":"https:\/\/thietbichannuoi.com\/en\/san-pham\/pig-drinker-pipe\/#primaryimage"},"thumbnailUrl":"https:\/\/thietbichannuoi.com\/wp-content\/uploads\/2021\/07\/Cay-uong-nuoc-don-co-bat-dieu-chinh-650mm.jpg","datePublished":"2021-07-30T03:33:33+00:00","dateModified":"2025-09-26T09:30:29+00:00","description":"Pig Drinker Pipe","breadcrumb":{"@id":"https:\/\/thietbichannuoi.com\/en\/san-pham\/pig-drinker-pipe\/#breadcrumb"},"inLanguage":"en-US","potentialAction":[{"@type":"ReadAction","target":["https:\/\/thietbichannuoi.com\/en\/san-pham\/pig-drinker-pipe\/"]}]},{"@type":"ImageObject","inLanguage":"en-US","@id":"https:\/\/thietbichannuoi.com\/en\/san-pham\/pig-drinker-pipe\/#primaryimage","url":"https:\/\/thietbichannuoi.com\/wp-content\/uploads\/2021\/07\/Cay-uong-nuoc-don-co-bat-dieu-chinh-650mm.jpg","contentUrl":"https:\/\/thietbichannuoi.com\/wp-content\/uploads\/2021\/07\/Cay-uong-nuoc-don-co-bat-dieu-chinh-650mm.jpg","width":1400,"height":1200,"caption":"C\u00e2y u\u1ed1ng n\u01b0\u1edbc \u0111\u01a1n"},{"@type":"BreadcrumbList","@id":"https:\/\/thietbichannuoi.com\/en\/san-pham\/pig-drinker-pipe\/#breadcrumb","itemListElement":[{"@type":"ListItem","position":1,"name":"Home","item":"https:\/\/thietbichannuoi.com\/en\/"},{"@type":"ListItem","position":2,"name":"Shop","item":"https:\/\/thietbichannuoi.com\/shop\/"},{"@type":"ListItem","position":3,"name":"Pig Drinker Pipe"}]},{"@type":"WebSite","@id":"https:\/\/thietbichannuoi.com\/#website","url":"https:\/\/thietbichannuoi.com\/","name":"Thi\u1ebft b\u1ecb ch\u0103n nu\u00f4i","description":"S\u1ea3n xu\u1ea5t thi\u1ebft b\u1ecb ch\u0103n nu\u00f4i gia s\u00fac, gia c\u1ea7m v\u00e0 c\u00e1c s\u1ea3n ph\u1ea9m t\u1eeb nh\u1ef1a","publisher":{"@id":"https:\/\/thietbichannuoi.com\/#organization"},"potentialAction":[{"@type":"SearchAction","target":{"@type":"EntryPoint","urlTemplate":"https:\/\/thietbichannuoi.com\/?s={search_term_string}"},"query-input":{"@type":"PropertyValueSpecification","valueRequired":true,"valueName":"search_term_string"}}],"inLanguage":"en-US"},{"@type":"Organization","@id":"https:\/\/thietbichannuoi.com\/#organization","name":"Thi\u1ebft b\u1ecb ch\u0103n nu\u00f4i Minh Ph\u00e1t","url":"https:\/\/thietbichannuoi.com\/","logo":{"@type":"ImageObject","inLanguage":"en-US","@id":"https:\/\/thietbichannuoi.com\/#\/schema\/logo\/image\/","url":"https:\/\/thietbichannuoi.com\/wp-content\/uploads\/2021\/04\/logo-thiet-bi-chan-nuoi.png","contentUrl":"https:\/\/thietbichannuoi.com\/wp-content\/uploads\/2021\/04\/logo-thiet-bi-chan-nuoi.png","width":104,"height":79,"caption":"Thi\u1ebft b\u1ecb ch\u0103n nu\u00f4i Minh Ph\u00e1t"},"image":{"@id":"https:\/\/thietbichannuoi.com\/#\/schema\/logo\/image\/"}}]}},"uagb_featured_image_src":{"full":["https:\/\/thietbichannuoi.com\/wp-content\/uploads\/2021\/07\/Cay-uong-nuoc-don-co-bat-dieu-chinh-650mm.jpg",1400,1200,false],"thumbnail":["https:\/\/thietbichannuoi.com\/wp-content\/uploads\/2021\/07\/Cay-uong-nuoc-don-co-bat-dieu-chinh-650mm.jpg",150,129,false],"medium":["https:\/\/thietbichannuoi.com\/wp-content\/uploads\/2021\/07\/Cay-uong-nuoc-don-co-bat-dieu-chinh-650mm.jpg",300,257,false],"medium_large":["https:\/\/thietbichannuoi.com\/wp-content\/uploads\/2021\/07\/Cay-uong-nuoc-don-co-bat-dieu-chinh-650mm.jpg",1400,1200,false],"large":["https:\/\/thietbichannuoi.com\/wp-content\/uploads\/2021\/07\/Cay-uong-nuoc-don-co-bat-dieu-chinh-650mm.jpg",800,686,false],"1536x1536":["https:\/\/thietbichannuoi.com\/wp-content\/uploads\/2021\/07\/Cay-uong-nuoc-don-co-bat-dieu-chinh-650mm.jpg",1400,1200,false],"2048x2048":["https:\/\/thietbichannuoi.com\/wp-content\/uploads\/2021\/07\/Cay-uong-nuoc-don-co-bat-dieu-chinh-650mm.jpg",1400,1200,false],"woocommerce_thumbnail":["https:\/\/thietbichannuoi.com\/wp-content\/uploads\/2021\/07\/Cay-uong-nuoc-don-co-bat-dieu-chinh-650mm.jpg",1400,1200,false],"woocommerce_single":["https:\/\/thietbichannuoi.com\/wp-content\/uploads\/2021\/07\/Cay-uong-nuoc-don-co-bat-dieu-chinh-650mm.jpg",1400,1200,false],"woocommerce_gallery_thumbnail":["https:\/\/thietbichannuoi.com\/wp-content\/uploads\/2021\/07\/Cay-uong-nuoc-don-co-bat-dieu-chinh-650mm-100x100.jpg",100,100,true]},"uagb_author_info":{"display_name":"dinhlam","author_link":"https:\/\/thietbichannuoi.com\/en\/author\/"},"uagb_comment_info":0,"uagb_excerpt":"Material: Stainless Steel 304, 201 Overall Height: As per order Made in: Minh Phat","_links":{"self":[{"href":"https:\/\/thietbichannuoi.com\/en\/wp-json\/wp\/v2\/product\/11695","targetHints":{"allow":["GET"]}}],"collection":[{"href":"https:\/\/thietbichannuoi.com\/en\/wp-json\/wp\/v2\/product"}],"about":[{"href":"https:\/\/thietbichannuoi.com\/en\/wp-json\/wp\/v2\/types\/product"}],"version-history":[{"count":0,"href":"https:\/\/thietbichannuoi.com\/en\/wp-json\/wp\/v2\/product\/11695\/revisions"}],"wp:featuredmedia":[{"embeddable":true,"href":"https:\/\/thietbichannuoi.com\/en\/wp-json\/wp\/v2\/media\/19353"}],"wp:attachment":[{"href":"https:\/\/thietbichannuoi.com\/en\/wp-json\/wp\/v2\/media?parent=11695"}],"wp:term":[{"taxonomy":"product_brand","embeddable":true,"href":"https:\/\/thietbichannuoi.com\/en\/wp-json\/wp\/v2\/product_brand?post=11695"},{"taxonomy":"product_cat","embeddable":true,"href":"https:\/\/thietbichannuoi.com\/en\/wp-json\/wp\/v2\/product_cat?post=11695"},{"taxonomy":"product_tag","embeddable":true,"href":"https:\/\/thietbichannuoi.com\/en\/wp-json\/wp\/v2\/product_tag?post=11695"}],"curies":[{"name":"wp","href":"https:\/\/api.w.org\/{rel}","templated":true}]}}