{"id":11698,"date":"2021-07-30T11:18:27","date_gmt":"2021-07-30T04:18:27","guid":{"rendered":"https:\/\/thietbichannuoi.com\/?post_type=product&#038;p=11698"},"modified":"2025-09-25T14:21:56","modified_gmt":"2025-09-25T07:21:56","slug":"plastic-basket-for-meat","status":"publish","type":"product","link":"https:\/\/thietbichannuoi.com\/en\/san-pham\/plastic-basket-for-meat\/","title":{"rendered":"Plastic basket for meat"},"content":{"rendered":"<p>Plastic basket for meat<\/p>\n<p><img fetchpriority=\"high\" decoding=\"async\" class=\"alignnone wp-image-18200 size-full\" src=\"https:\/\/thietbichannuoi.com\/wp-content\/uploads\/2021\/06\/Ro-dung-thit-002.jpg\" alt=\"\" width=\"1281\" height=\"751\" srcset=\"https:\/\/thietbichannuoi.com\/wp-content\/uploads\/2021\/06\/Ro-dung-thit-002.jpg 1281w, https:\/\/thietbichannuoi.com\/wp-content\/uploads\/2021\/06\/Ro-dung-thit-002-600x352.jpg 600w, https:\/\/thietbichannuoi.com\/wp-content\/uploads\/2021\/06\/Ro-dung-thit-002-300x176.jpg 300w, https:\/\/thietbichannuoi.com\/wp-content\/uploads\/2021\/06\/Ro-dung-thit-002-1024x600.jpg 1024w, https:\/\/thietbichannuoi.com\/wp-content\/uploads\/2021\/06\/Ro-dung-thit-002-150x88.jpg 150w\" sizes=\"(max-width: 1281px) 100vw, 1281px\" \/><\/p>\n<p><img decoding=\"async\" class=\"alignnone wp-image-18198 size-full\" src=\"https:\/\/thietbichannuoi.com\/wp-content\/uploads\/2021\/06\/Ro-dung-thit-001.jpg\" alt=\"\" width=\"1263\" height=\"947\" srcset=\"https:\/\/thietbichannuoi.com\/wp-content\/uploads\/2021\/06\/Ro-dung-thit-001.jpg 1263w, https:\/\/thietbichannuoi.com\/wp-content\/uploads\/2021\/06\/Ro-dung-thit-001-600x450.jpg 600w, https:\/\/thietbichannuoi.com\/wp-content\/uploads\/2021\/06\/Ro-dung-thit-001-300x225.jpg 300w, https:\/\/thietbichannuoi.com\/wp-content\/uploads\/2021\/06\/Ro-dung-thit-001-1024x768.jpg 1024w, https:\/\/thietbichannuoi.com\/wp-content\/uploads\/2021\/06\/Ro-dung-thit-001-150x112.jpg 150w\" sizes=\"(max-width: 1263px) 100vw, 1263px\" \/><\/p>\n<p><img decoding=\"async\" class=\"alignnone wp-image-18204 size-full\" src=\"https:\/\/thietbichannuoi.com\/wp-content\/uploads\/2021\/06\/Ro-dung-thit-004.jpg\" alt=\"\" width=\"1624\" height=\"1975\" srcset=\"https:\/\/thietbichannuoi.com\/wp-content\/uploads\/2021\/06\/Ro-dung-thit-004.jpg 1624w, https:\/\/thietbichannuoi.com\/wp-content\/uploads\/2021\/06\/Ro-dung-thit-004-600x730.jpg 600w, https:\/\/thietbichannuoi.com\/wp-content\/uploads\/2021\/06\/Ro-dung-thit-004-300x365.jpg 300w, https:\/\/thietbichannuoi.com\/wp-content\/uploads\/2021\/06\/Ro-dung-thit-004-1024x1245.jpg 1024w, https:\/\/thietbichannuoi.com\/wp-content\/uploads\/2021\/06\/Ro-dung-thit-004-150x182.jpg 150w, https:\/\/thietbichannuoi.com\/wp-content\/uploads\/2021\/06\/Ro-dung-thit-004-1263x1536.jpg 1263w\" sizes=\"(max-width: 1624px) 100vw, 1624px\" \/><\/p>\n","protected":false},"excerpt":{"rendered":"<p>Plastic basket for meat<\/p>\n","protected":false},"featured_media":14240,"template":"","meta":{"_uag_custom_page_level_css":"","footnotes":""},"product_brand":[],"product_cat":[1222],"product_tag":[1293,1299,1294,1302,1301,1300],"class_list":{"0":"post-11698","1":"product","2":"type-product","3":"status-publish","4":"has-post-thumbnail","6":"product_cat-transportation-equipment","7":"product_tag-dung-cu-chan-nuoi","8":"product_tag-minh-phat-huy","9":"product_tag-thiet-bi-chan-nuoi-en","10":"product_tag-thiet-bi-chan-nuoi-ga","11":"product_tag-thiet-bi-chan-nuoi-heo","12":"product_tag-thietbichannuoi","14":"first","15":"instock","16":"shipping-taxable","17":"product-type-simple"},"acf":[],"yoast_head":"<!-- This site is optimized with the Yoast SEO Premium plugin v22.9 (Yoast SEO v27.3) - https:\/\/yoast.com\/product\/yoast-seo-premium-wordpress\/ -->\n<title>Plastic basket for meat - Thi\u1ebft b\u1ecb ch\u0103n nu\u00f4i<\/title>\n<meta name=\"robots\" content=\"index, follow, max-snippet:-1, max-image-preview:large, max-video-preview:-1\" \/>\n<link rel=\"canonical\" href=\"https:\/\/thietbichannuoi.com\/en\/san-pham\/plastic-basket-for-meat\/\" \/>\n<meta property=\"og:locale\" content=\"en_US\" \/>\n<meta property=\"og:type\" content=\"article\" \/>\n<meta property=\"og:title\" content=\"Plastic basket for meat\" \/>\n<meta property=\"og:description\" content=\"Plastic basket for meat\" \/>\n<meta property=\"og:url\" content=\"https:\/\/thietbichannuoi.com\/en\/san-pham\/plastic-basket-for-meat\/\" \/>\n<meta property=\"og:site_name\" content=\"Thi\u1ebft b\u1ecb ch\u0103n nu\u00f4i\" \/>\n<meta property=\"article:modified_time\" content=\"2025-09-25T07:21:56+00:00\" \/>\n<meta property=\"og:image\" content=\"https:\/\/thietbichannuoi.com\/wp-content\/uploads\/2021\/06\/Ro-dung-thit-.jpg\" \/>\n\t<meta property=\"og:image:width\" content=\"1400\" \/>\n\t<meta property=\"og:image:height\" content=\"1200\" \/>\n\t<meta property=\"og:image:type\" content=\"image\/jpeg\" \/>\n<meta name=\"twitter:card\" content=\"summary_large_image\" \/>\n<meta name=\"twitter:label1\" content=\"Est. reading time\" \/>\n\t<meta name=\"twitter:data1\" content=\"1 minute\" \/>\n<!-- \/ Yoast SEO Premium plugin. -->","yoast_head_json":{"title":"Plastic basket for meat - Thi\u1ebft b\u1ecb ch\u0103n nu\u00f4i","robots":{"index":"index","follow":"follow","max-snippet":"max-snippet:-1","max-image-preview":"max-image-preview:large","max-video-preview":"max-video-preview:-1"},"canonical":"https:\/\/thietbichannuoi.com\/en\/san-pham\/plastic-basket-for-meat\/","og_locale":"en_US","og_type":"article","og_title":"Plastic basket for meat","og_description":"Plastic basket for meat","og_url":"https:\/\/thietbichannuoi.com\/en\/san-pham\/plastic-basket-for-meat\/","og_site_name":"Thi\u1ebft b\u1ecb ch\u0103n nu\u00f4i","article_modified_time":"2025-09-25T07:21:56+00:00","og_image":[{"width":1400,"height":1200,"url":"https:\/\/thietbichannuoi.com\/wp-content\/uploads\/2021\/06\/Ro-dung-thit-.jpg","type":"image\/jpeg"}],"twitter_card":"summary_large_image","twitter_misc":{"Est. reading time":"1 minute"},"schema":{"@context":"https:\/\/schema.org","@graph":[{"@type":"WebPage","@id":"https:\/\/thietbichannuoi.com\/en\/san-pham\/plastic-basket-for-meat\/","url":"https:\/\/thietbichannuoi.com\/en\/san-pham\/plastic-basket-for-meat\/","name":"Plastic basket for meat - Thi\u1ebft b\u1ecb ch\u0103n nu\u00f4i","isPartOf":{"@id":"https:\/\/thietbichannuoi.com\/#website"},"primaryImageOfPage":{"@id":"https:\/\/thietbichannuoi.com\/en\/san-pham\/plastic-basket-for-meat\/#primaryimage"},"image":{"@id":"https:\/\/thietbichannuoi.com\/en\/san-pham\/plastic-basket-for-meat\/#primaryimage"},"thumbnailUrl":"https:\/\/thietbichannuoi.com\/wp-content\/uploads\/2021\/06\/Ro-dung-thit-.jpg","datePublished":"2021-07-30T04:18:27+00:00","dateModified":"2025-09-25T07:21:56+00:00","breadcrumb":{"@id":"https:\/\/thietbichannuoi.com\/en\/san-pham\/plastic-basket-for-meat\/#breadcrumb"},"inLanguage":"en-US","potentialAction":[{"@type":"ReadAction","target":["https:\/\/thietbichannuoi.com\/en\/san-pham\/plastic-basket-for-meat\/"]}]},{"@type":"ImageObject","inLanguage":"en-US","@id":"https:\/\/thietbichannuoi.com\/en\/san-pham\/plastic-basket-for-meat\/#primaryimage","url":"https:\/\/thietbichannuoi.com\/wp-content\/uploads\/2021\/06\/Ro-dung-thit-.jpg","contentUrl":"https:\/\/thietbichannuoi.com\/wp-content\/uploads\/2021\/06\/Ro-dung-thit-.jpg","width":1400,"height":1200,"caption":"Plastic basket for meat"},{"@type":"BreadcrumbList","@id":"https:\/\/thietbichannuoi.com\/en\/san-pham\/plastic-basket-for-meat\/#breadcrumb","itemListElement":[{"@type":"ListItem","position":1,"name":"Home","item":"https:\/\/thietbichannuoi.com\/en\/"},{"@type":"ListItem","position":2,"name":"Shop","item":"https:\/\/thietbichannuoi.com\/shop\/"},{"@type":"ListItem","position":3,"name":"Plastic basket for meat"}]},{"@type":"WebSite","@id":"https:\/\/thietbichannuoi.com\/#website","url":"https:\/\/thietbichannuoi.com\/","name":"Thi\u1ebft b\u1ecb ch\u0103n nu\u00f4i","description":"S\u1ea3n xu\u1ea5t thi\u1ebft b\u1ecb ch\u0103n nu\u00f4i gia s\u00fac, gia c\u1ea7m v\u00e0 c\u00e1c s\u1ea3n ph\u1ea9m t\u1eeb nh\u1ef1a","publisher":{"@id":"https:\/\/thietbichannuoi.com\/#organization"},"potentialAction":[{"@type":"SearchAction","target":{"@type":"EntryPoint","urlTemplate":"https:\/\/thietbichannuoi.com\/?s={search_term_string}"},"query-input":{"@type":"PropertyValueSpecification","valueRequired":true,"valueName":"search_term_string"}}],"inLanguage":"en-US"},{"@type":"Organization","@id":"https:\/\/thietbichannuoi.com\/#organization","name":"Thi\u1ebft b\u1ecb ch\u0103n nu\u00f4i Minh Ph\u00e1t","url":"https:\/\/thietbichannuoi.com\/","logo":{"@type":"ImageObject","inLanguage":"en-US","@id":"https:\/\/thietbichannuoi.com\/#\/schema\/logo\/image\/","url":"https:\/\/thietbichannuoi.com\/wp-content\/uploads\/2021\/04\/logo-thiet-bi-chan-nuoi.png","contentUrl":"https:\/\/thietbichannuoi.com\/wp-content\/uploads\/2021\/04\/logo-thiet-bi-chan-nuoi.png","width":104,"height":79,"caption":"Thi\u1ebft b\u1ecb ch\u0103n nu\u00f4i Minh Ph\u00e1t"},"image":{"@id":"https:\/\/thietbichannuoi.com\/#\/schema\/logo\/image\/"}}]}},"uagb_featured_image_src":{"full":["https:\/\/thietbichannuoi.com\/wp-content\/uploads\/2021\/06\/Ro-dung-thit-.jpg",1400,1200,false],"thumbnail":["https:\/\/thietbichannuoi.com\/wp-content\/uploads\/2021\/06\/Ro-dung-thit-.jpg",150,129,false],"medium":["https:\/\/thietbichannuoi.com\/wp-content\/uploads\/2021\/06\/Ro-dung-thit-.jpg",300,257,false],"medium_large":["https:\/\/thietbichannuoi.com\/wp-content\/uploads\/2021\/06\/Ro-dung-thit-.jpg",1400,1200,false],"large":["https:\/\/thietbichannuoi.com\/wp-content\/uploads\/2021\/06\/Ro-dung-thit-.jpg",800,686,false],"1536x1536":["https:\/\/thietbichannuoi.com\/wp-content\/uploads\/2021\/06\/Ro-dung-thit-.jpg",1400,1200,false],"2048x2048":["https:\/\/thietbichannuoi.com\/wp-content\/uploads\/2021\/06\/Ro-dung-thit-.jpg",1400,1200,false],"woocommerce_thumbnail":["https:\/\/thietbichannuoi.com\/wp-content\/uploads\/2021\/06\/Ro-dung-thit-.jpg",1400,1200,false],"woocommerce_single":["https:\/\/thietbichannuoi.com\/wp-content\/uploads\/2021\/06\/Ro-dung-thit-.jpg",1400,1200,false],"woocommerce_gallery_thumbnail":["https:\/\/thietbichannuoi.com\/wp-content\/uploads\/2021\/06\/Ro-dung-thit--100x100.jpg",100,100,true]},"uagb_author_info":{"display_name":"dinhlam","author_link":"https:\/\/thietbichannuoi.com\/en\/author\/"},"uagb_comment_info":0,"uagb_excerpt":"Plastic basket for meat","_links":{"self":[{"href":"https:\/\/thietbichannuoi.com\/en\/wp-json\/wp\/v2\/product\/11698","targetHints":{"allow":["GET"]}}],"collection":[{"href":"https:\/\/thietbichannuoi.com\/en\/wp-json\/wp\/v2\/product"}],"about":[{"href":"https:\/\/thietbichannuoi.com\/en\/wp-json\/wp\/v2\/types\/product"}],"version-history":[{"count":0,"href":"https:\/\/thietbichannuoi.com\/en\/wp-json\/wp\/v2\/product\/11698\/revisions"}],"wp:featuredmedia":[{"embeddable":true,"href":"https:\/\/thietbichannuoi.com\/en\/wp-json\/wp\/v2\/media\/14240"}],"wp:attachment":[{"href":"https:\/\/thietbichannuoi.com\/en\/wp-json\/wp\/v2\/media?parent=11698"}],"wp:term":[{"taxonomy":"product_brand","embeddable":true,"href":"https:\/\/thietbichannuoi.com\/en\/wp-json\/wp\/v2\/product_brand?post=11698"},{"taxonomy":"product_cat","embeddable":true,"href":"https:\/\/thietbichannuoi.com\/en\/wp-json\/wp\/v2\/product_cat?post=11698"},{"taxonomy":"product_tag","embeddable":true,"href":"https:\/\/thietbichannuoi.com\/en\/wp-json\/wp\/v2\/product_tag?post=11698"}],"curies":[{"name":"wp","href":"https:\/\/api.w.org\/{rel}","templated":true}]}}