{"id":11701,"date":"2021-07-30T11:22:33","date_gmt":"2021-07-30T04:22:33","guid":{"rendered":"https:\/\/thietbichannuoi.com\/?post_type=product&#038;p=11701"},"modified":"2025-09-27T14:14:54","modified_gmt":"2025-09-27T07:14:54","slug":"floor-drain-equipment","status":"publish","type":"product","link":"https:\/\/thietbichannuoi.com\/en\/san-pham\/floor-drain-equipment\/","title":{"rendered":"Floor drain Equipment"},"content":{"rendered":"<p>The product is used for draining the floor in pig bathing areas and draining waste tanks for pig farm models that do not discharge water.<\/p>\n<p><strong>Benefits of using the floor drain system:<\/strong><\/p>\n<p>\u2611\ufe0f Easy lid opening and closing<\/p>\n<p>\u2611\ufe0f Completely watertight<\/p>\n<p>\u2611\ufe0f Fast drainage capacity<\/p>\n<p>\u2611\ufe0f Special hook design prevents pigs from damaging it<\/p>\n<p>\u2611\ufe0f Easy installation and construction<\/p>\n","protected":false},"excerpt":{"rendered":"<p><strong>Code:<\/strong> <strong>PKH101<\/strong><\/p>\n<ul>\n<li><strong>Dimensions:<\/strong> \u03a6114-170mm<\/li>\n<li><strong>Material:<\/strong> PVC body, rubber cover<\/li>\n<\/ul>\n<p><strong>Code:<\/strong> <strong>PKH102<\/strong><\/p>\n<ul>\n<li><strong>Dimensions:<\/strong> \u03a6 200-240mm<\/li>\n<li><strong>Material:<\/strong> PVC body, rubber cover<\/li>\n<\/ul>\n","protected":false},"featured_media":15580,"template":"","meta":{"_uag_custom_page_level_css":"","footnotes":""},"product_brand":[],"product_cat":[312,291],"product_tag":[],"class_list":{"0":"post-11701","1":"product","2":"type-product","3":"status-publish","4":"has-post-thumbnail","6":"product_cat-other-equipment","7":"product_cat-equipment-for-pig","9":"first","10":"instock","11":"shipping-taxable","12":"product-type-simple"},"acf":[],"yoast_head":"<!-- This site is optimized with the Yoast SEO Premium plugin v22.9 (Yoast SEO v27.3) - https:\/\/yoast.com\/product\/yoast-seo-premium-wordpress\/ -->\n<title>Floor drain Equipment - Thi\u1ebft b\u1ecb ch\u0103n nu\u00f4i<\/title>\n<meta name=\"description\" content=\"Floor drain Equipment, \u03a6 114 and 200\" \/>\n<meta name=\"robots\" content=\"index, follow, max-snippet:-1, max-image-preview:large, max-video-preview:-1\" \/>\n<link rel=\"canonical\" href=\"https:\/\/thietbichannuoi.com\/en\/san-pham\/floor-drain-equipment\/\" \/>\n<meta property=\"og:locale\" content=\"en_US\" \/>\n<meta property=\"og:type\" content=\"article\" \/>\n<meta property=\"og:title\" content=\"Floor drain Equipment\" \/>\n<meta property=\"og:description\" content=\"Code: PKH101   Dimensions: \u03a6114-170mm  Material: PVC body, rubber cover  Code: PKH102   Dimensions: \u03a6 200-240mm  Material: PVC body, rubber cover\" \/>\n<meta property=\"og:url\" content=\"https:\/\/thietbichannuoi.com\/en\/san-pham\/floor-drain-equipment\/\" \/>\n<meta property=\"og:site_name\" content=\"Thi\u1ebft b\u1ecb ch\u0103n nu\u00f4i\" \/>\n<meta property=\"article:modified_time\" content=\"2025-09-27T07:14:54+00:00\" \/>\n<meta property=\"og:image\" content=\"https:\/\/thietbichannuoi.com\/wp-content\/uploads\/2021\/06\/Bo-xa-day-san-nuoc-1.jpg\" \/>\n\t<meta property=\"og:image:width\" content=\"1400\" \/>\n\t<meta property=\"og:image:height\" content=\"1200\" \/>\n\t<meta property=\"og:image:type\" content=\"image\/jpeg\" \/>\n<meta name=\"twitter:card\" content=\"summary_large_image\" \/>\n<meta name=\"twitter:label1\" content=\"Est. reading time\" \/>\n\t<meta name=\"twitter:data1\" content=\"1 minute\" \/>\n<!-- \/ Yoast SEO Premium plugin. -->","yoast_head_json":{"title":"Floor drain Equipment - Thi\u1ebft b\u1ecb ch\u0103n nu\u00f4i","description":"Floor drain Equipment, \u03a6 114 and 200","robots":{"index":"index","follow":"follow","max-snippet":"max-snippet:-1","max-image-preview":"max-image-preview:large","max-video-preview":"max-video-preview:-1"},"canonical":"https:\/\/thietbichannuoi.com\/en\/san-pham\/floor-drain-equipment\/","og_locale":"en_US","og_type":"article","og_title":"Floor drain Equipment","og_description":"Code: PKH101   Dimensions: \u03a6114-170mm  Material: PVC body, rubber cover  Code: PKH102   Dimensions: \u03a6 200-240mm  Material: PVC body, rubber cover","og_url":"https:\/\/thietbichannuoi.com\/en\/san-pham\/floor-drain-equipment\/","og_site_name":"Thi\u1ebft b\u1ecb ch\u0103n nu\u00f4i","article_modified_time":"2025-09-27T07:14:54+00:00","og_image":[{"width":1400,"height":1200,"url":"https:\/\/thietbichannuoi.com\/wp-content\/uploads\/2021\/06\/Bo-xa-day-san-nuoc-1.jpg","type":"image\/jpeg"}],"twitter_card":"summary_large_image","twitter_misc":{"Est. reading time":"1 minute"},"schema":{"@context":"https:\/\/schema.org","@graph":[{"@type":"WebPage","@id":"https:\/\/thietbichannuoi.com\/en\/san-pham\/floor-drain-equipment\/","url":"https:\/\/thietbichannuoi.com\/en\/san-pham\/floor-drain-equipment\/","name":"Floor drain Equipment - Thi\u1ebft b\u1ecb ch\u0103n nu\u00f4i","isPartOf":{"@id":"https:\/\/thietbichannuoi.com\/#website"},"primaryImageOfPage":{"@id":"https:\/\/thietbichannuoi.com\/en\/san-pham\/floor-drain-equipment\/#primaryimage"},"image":{"@id":"https:\/\/thietbichannuoi.com\/en\/san-pham\/floor-drain-equipment\/#primaryimage"},"thumbnailUrl":"https:\/\/thietbichannuoi.com\/wp-content\/uploads\/2021\/06\/Bo-xa-day-san-nuoc-1.jpg","datePublished":"2021-07-30T04:22:33+00:00","dateModified":"2025-09-27T07:14:54+00:00","description":"Floor drain Equipment, \u03a6 114 and 200","breadcrumb":{"@id":"https:\/\/thietbichannuoi.com\/en\/san-pham\/floor-drain-equipment\/#breadcrumb"},"inLanguage":"en-US","potentialAction":[{"@type":"ReadAction","target":["https:\/\/thietbichannuoi.com\/en\/san-pham\/floor-drain-equipment\/"]}]},{"@type":"ImageObject","inLanguage":"en-US","@id":"https:\/\/thietbichannuoi.com\/en\/san-pham\/floor-drain-equipment\/#primaryimage","url":"https:\/\/thietbichannuoi.com\/wp-content\/uploads\/2021\/06\/Bo-xa-day-san-nuoc-1.jpg","contentUrl":"https:\/\/thietbichannuoi.com\/wp-content\/uploads\/2021\/06\/Bo-xa-day-san-nuoc-1.jpg","width":1400,"height":1200,"caption":"B\u1ed9 x\u1ea3 \u0111\u00e1y s\u00e0n n\u01b0\u1edbc"},{"@type":"BreadcrumbList","@id":"https:\/\/thietbichannuoi.com\/en\/san-pham\/floor-drain-equipment\/#breadcrumb","itemListElement":[{"@type":"ListItem","position":1,"name":"Home","item":"https:\/\/thietbichannuoi.com\/en\/"},{"@type":"ListItem","position":2,"name":"Shop","item":"https:\/\/thietbichannuoi.com\/shop\/"},{"@type":"ListItem","position":3,"name":"Floor drain Equipment"}]},{"@type":"WebSite","@id":"https:\/\/thietbichannuoi.com\/#website","url":"https:\/\/thietbichannuoi.com\/","name":"Thi\u1ebft b\u1ecb ch\u0103n nu\u00f4i","description":"S\u1ea3n xu\u1ea5t thi\u1ebft b\u1ecb ch\u0103n nu\u00f4i gia s\u00fac, gia c\u1ea7m v\u00e0 c\u00e1c s\u1ea3n ph\u1ea9m t\u1eeb nh\u1ef1a","publisher":{"@id":"https:\/\/thietbichannuoi.com\/#organization"},"potentialAction":[{"@type":"SearchAction","target":{"@type":"EntryPoint","urlTemplate":"https:\/\/thietbichannuoi.com\/?s={search_term_string}"},"query-input":{"@type":"PropertyValueSpecification","valueRequired":true,"valueName":"search_term_string"}}],"inLanguage":"en-US"},{"@type":"Organization","@id":"https:\/\/thietbichannuoi.com\/#organization","name":"Thi\u1ebft b\u1ecb ch\u0103n nu\u00f4i Minh Ph\u00e1t","url":"https:\/\/thietbichannuoi.com\/","logo":{"@type":"ImageObject","inLanguage":"en-US","@id":"https:\/\/thietbichannuoi.com\/#\/schema\/logo\/image\/","url":"https:\/\/thietbichannuoi.com\/wp-content\/uploads\/2021\/04\/logo-thiet-bi-chan-nuoi.png","contentUrl":"https:\/\/thietbichannuoi.com\/wp-content\/uploads\/2021\/04\/logo-thiet-bi-chan-nuoi.png","width":104,"height":79,"caption":"Thi\u1ebft b\u1ecb ch\u0103n nu\u00f4i Minh Ph\u00e1t"},"image":{"@id":"https:\/\/thietbichannuoi.com\/#\/schema\/logo\/image\/"}}]}},"uagb_featured_image_src":{"full":["https:\/\/thietbichannuoi.com\/wp-content\/uploads\/2021\/06\/Bo-xa-day-san-nuoc-1.jpg",1400,1200,false],"thumbnail":["https:\/\/thietbichannuoi.com\/wp-content\/uploads\/2021\/06\/Bo-xa-day-san-nuoc-1.jpg",150,129,false],"medium":["https:\/\/thietbichannuoi.com\/wp-content\/uploads\/2021\/06\/Bo-xa-day-san-nuoc-1.jpg",300,257,false],"medium_large":["https:\/\/thietbichannuoi.com\/wp-content\/uploads\/2021\/06\/Bo-xa-day-san-nuoc-1.jpg",1400,1200,false],"large":["https:\/\/thietbichannuoi.com\/wp-content\/uploads\/2021\/06\/Bo-xa-day-san-nuoc-1.jpg",800,686,false],"1536x1536":["https:\/\/thietbichannuoi.com\/wp-content\/uploads\/2021\/06\/Bo-xa-day-san-nuoc-1.jpg",1400,1200,false],"2048x2048":["https:\/\/thietbichannuoi.com\/wp-content\/uploads\/2021\/06\/Bo-xa-day-san-nuoc-1.jpg",1400,1200,false],"woocommerce_thumbnail":["https:\/\/thietbichannuoi.com\/wp-content\/uploads\/2021\/06\/Bo-xa-day-san-nuoc-1.jpg",1400,1200,false],"woocommerce_single":["https:\/\/thietbichannuoi.com\/wp-content\/uploads\/2021\/06\/Bo-xa-day-san-nuoc-1.jpg",1400,1200,false],"woocommerce_gallery_thumbnail":["https:\/\/thietbichannuoi.com\/wp-content\/uploads\/2021\/06\/Bo-xa-day-san-nuoc-1-100x100.jpg",100,100,true]},"uagb_author_info":{"display_name":"dinhlam","author_link":"https:\/\/thietbichannuoi.com\/en\/author\/"},"uagb_comment_info":0,"uagb_excerpt":"Code: PKH101 Dimensions: \u03a6114-170mm Material: PVC body, rubber cover Code: PKH102 Dimensions: \u03a6 200-240mm Material: PVC body, rubber cover","_links":{"self":[{"href":"https:\/\/thietbichannuoi.com\/en\/wp-json\/wp\/v2\/product\/11701","targetHints":{"allow":["GET"]}}],"collection":[{"href":"https:\/\/thietbichannuoi.com\/en\/wp-json\/wp\/v2\/product"}],"about":[{"href":"https:\/\/thietbichannuoi.com\/en\/wp-json\/wp\/v2\/types\/product"}],"version-history":[{"count":0,"href":"https:\/\/thietbichannuoi.com\/en\/wp-json\/wp\/v2\/product\/11701\/revisions"}],"wp:featuredmedia":[{"embeddable":true,"href":"https:\/\/thietbichannuoi.com\/en\/wp-json\/wp\/v2\/media\/15580"}],"wp:attachment":[{"href":"https:\/\/thietbichannuoi.com\/en\/wp-json\/wp\/v2\/media?parent=11701"}],"wp:term":[{"taxonomy":"product_brand","embeddable":true,"href":"https:\/\/thietbichannuoi.com\/en\/wp-json\/wp\/v2\/product_brand?post=11701"},{"taxonomy":"product_cat","embeddable":true,"href":"https:\/\/thietbichannuoi.com\/en\/wp-json\/wp\/v2\/product_cat?post=11701"},{"taxonomy":"product_tag","embeddable":true,"href":"https:\/\/thietbichannuoi.com\/en\/wp-json\/wp\/v2\/product_tag?post=11701"}],"curies":[{"name":"wp","href":"https:\/\/api.w.org\/{rel}","templated":true}]}}