{"id":11713,"date":"2021-07-30T11:43:43","date_gmt":"2021-07-30T04:43:43","guid":{"rendered":"https:\/\/thietbichannuoi.com\/?post_type=product&#038;p=11713"},"modified":"2024-08-24T08:14:44","modified_gmt":"2024-08-24T01:14:44","slug":"automatic-pan-feeding-system-for-poultry","status":"publish","type":"product","link":"https:\/\/thietbichannuoi.com\/en\/san-pham\/automatic-pan-feeding-system-for-poultry\/","title":{"rendered":"Automatic Pan Feeding System for poultry"},"content":{"rendered":"<p>Automatic Pan Feeding System for poultry chicken duck, Centralized Feed Delivery System, uses a 90mm pipe system to transfer feed from the main feed hopper bins or silos to the poultry feeding lines.<\/p>\n<p><img decoding=\"async\" src=\"https:\/\/thietbichannuoi.com\/wp-content\/uploads\/2023\/08\/He-thong-an-tu-dong-cho-ga-04.jpg\" alt=\"H\u1ec7 th\u1ed1ng c\u1ea5p c\u00e1m t\u1ed5ng\" \/><\/p>\n<p><img fetchpriority=\"high\" decoding=\"async\" class=\"alignnone wp-image-16939 size-full\" src=\"https:\/\/thietbichannuoi.com\/wp-content\/uploads\/2016\/01\/DSC01399-logo-mp.jpg\" alt=\"\" width=\"2500\" height=\"1667\" srcset=\"https:\/\/thietbichannuoi.com\/wp-content\/uploads\/2016\/01\/DSC01399-logo-mp.jpg 2500w, https:\/\/thietbichannuoi.com\/wp-content\/uploads\/2016\/01\/DSC01399-logo-mp-300x200.jpg 300w, https:\/\/thietbichannuoi.com\/wp-content\/uploads\/2016\/01\/DSC01399-logo-mp-1024x683.jpg 1024w, https:\/\/thietbichannuoi.com\/wp-content\/uploads\/2016\/01\/DSC01399-logo-mp-150x100.jpg 150w, https:\/\/thietbichannuoi.com\/wp-content\/uploads\/2016\/01\/DSC01399-logo-mp-1536x1024.jpg 1536w, https:\/\/thietbichannuoi.com\/wp-content\/uploads\/2016\/01\/DSC01399-logo-mp-2048x1366.jpg 2048w\" sizes=\"(max-width: 2500px) 100vw, 2500px\" \/><\/p>\n<p><img decoding=\"async\" class=\"alignnone wp-image-16875 size-full\" src=\"https:\/\/thietbichannuoi.com\/wp-content\/uploads\/2021\/08\/DSC1474-mp.jpg\" alt=\"\" width=\"2500\" height=\"1667\" srcset=\"https:\/\/thietbichannuoi.com\/wp-content\/uploads\/2021\/08\/DSC1474-mp.jpg 2500w, https:\/\/thietbichannuoi.com\/wp-content\/uploads\/2021\/08\/DSC1474-mp-300x200.jpg 300w, https:\/\/thietbichannuoi.com\/wp-content\/uploads\/2021\/08\/DSC1474-mp-1024x683.jpg 1024w, https:\/\/thietbichannuoi.com\/wp-content\/uploads\/2021\/08\/DSC1474-mp-150x100.jpg 150w, https:\/\/thietbichannuoi.com\/wp-content\/uploads\/2021\/08\/DSC1474-mp-1536x1024.jpg 1536w, https:\/\/thietbichannuoi.com\/wp-content\/uploads\/2021\/08\/DSC1474-mp-2048x1366.jpg 2048w\" sizes=\"(max-width: 2500px) 100vw, 2500px\" \/><\/p>\n<p><img decoding=\"async\" class=\"wp-image-16807 size-full\" src=\"https:\/\/thietbichannuoi.com\/wp-content\/uploads\/2024\/06\/bo-tai-cam-logo-mp-04-1.jpg\" alt=\"\" width=\"2500\" height=\"1667\" srcset=\"https:\/\/thietbichannuoi.com\/wp-content\/uploads\/2024\/06\/bo-tai-cam-logo-mp-04-1.jpg 2500w, https:\/\/thietbichannuoi.com\/wp-content\/uploads\/2024\/06\/bo-tai-cam-logo-mp-04-1-300x200.jpg 300w, https:\/\/thietbichannuoi.com\/wp-content\/uploads\/2024\/06\/bo-tai-cam-logo-mp-04-1-1024x683.jpg 1024w, https:\/\/thietbichannuoi.com\/wp-content\/uploads\/2024\/06\/bo-tai-cam-logo-mp-04-1-150x100.jpg 150w, https:\/\/thietbichannuoi.com\/wp-content\/uploads\/2024\/06\/bo-tai-cam-logo-mp-04-1-1536x1024.jpg 1536w, https:\/\/thietbichannuoi.com\/wp-content\/uploads\/2024\/06\/bo-tai-cam-logo-mp-04-1-2048x1366.jpg 2048w\" sizes=\"(max-width: 2500px) 100vw, 2500px\" \/><\/p>\n<figure id=\"attachment_14598\" aria-describedby=\"caption-attachment-14598\" style=\"width: 1400px\" class=\"wp-caption alignnone\"><img loading=\"lazy\" decoding=\"async\" class=\"size-full wp-image-14598\" src=\"https:\/\/thietbichannuoi.com\/wp-content\/uploads\/2019\/09\/Bon-chua-cam-dang-pheu-01Hopper-Bins-2000kg-1.jpg\" alt=\"Hopper bins for pig farm\" width=\"1400\" height=\"1200\" \/><figcaption id=\"caption-attachment-14598\" class=\"wp-caption-text\">Hopper bins for pig farm<\/figcaption><\/figure>\n<p><img loading=\"lazy\" decoding=\"async\" class=\"alignnone size-full wp-image-13398\" src=\"https:\/\/thietbichannuoi.com\/wp-content\/uploads\/2023\/05\/ong-tai-cam.jpg\" alt=\"Straight grain conveyor tube\" width=\"1400\" height=\"1200\" \/><\/p>\n","protected":false},"excerpt":{"rendered":"<p>Centralized Feed Delivery System, uses a 90mm pipe system to transfer feed from the main feed hopper bins or silos to the poultry feeding lines.<\/p>\n","protected":false},"featured_media":15530,"template":"","meta":{"_uag_custom_page_level_css":"","footnotes":""},"product_brand":[],"product_cat":[1032,589],"product_tag":[],"class_list":{"0":"post-11713","1":"product","2":"type-product","3":"status-publish","4":"has-post-thumbnail","6":"product_cat-automatic-feeding-system","7":"product_cat-poultry-equipment","9":"first","10":"instock","11":"shipping-taxable","12":"product-type-simple"},"acf":[],"yoast_head":"<!-- This site is optimized with the Yoast SEO Premium plugin v22.9 (Yoast SEO v27.3) - https:\/\/yoast.com\/product\/yoast-seo-premium-wordpress\/ -->\n<title>Automatic Pan Feeding System for poultry - Thi\u1ebft b\u1ecb ch\u0103n nu\u00f4i<\/title>\n<meta name=\"description\" content=\"Automatic Pan Feeding System for poultry chicken duck\" \/>\n<meta name=\"robots\" content=\"index, follow, max-snippet:-1, max-image-preview:large, max-video-preview:-1\" \/>\n<link rel=\"canonical\" href=\"https:\/\/thietbichannuoi.com\/en\/san-pham\/automatic-pan-feeding-system-for-poultry\/\" \/>\n<meta property=\"og:locale\" content=\"en_US\" \/>\n<meta property=\"og:type\" content=\"article\" \/>\n<meta property=\"og:title\" content=\"Automatic Pan Feeding System for poultry\" \/>\n<meta property=\"og:description\" content=\"Centralized Feed Delivery System, uses a 90mm pipe system to transfer feed from the main feed hopper bins or silos to the poultry feeding lines.\" \/>\n<meta property=\"og:url\" content=\"https:\/\/thietbichannuoi.com\/en\/san-pham\/automatic-pan-feeding-system-for-poultry\/\" \/>\n<meta property=\"og:site_name\" content=\"Thi\u1ebft b\u1ecb ch\u0103n nu\u00f4i\" \/>\n<meta property=\"article:modified_time\" content=\"2024-08-24T01:14:44+00:00\" \/>\n<meta property=\"og:image\" content=\"https:\/\/thietbichannuoi.com\/wp-content\/uploads\/2021\/05\/He-thong-cap-cam-tong.jpg\" \/>\n\t<meta property=\"og:image:width\" content=\"1400\" \/>\n\t<meta property=\"og:image:height\" content=\"1200\" \/>\n\t<meta property=\"og:image:type\" content=\"image\/jpeg\" \/>\n<meta name=\"twitter:card\" content=\"summary_large_image\" \/>\n<meta name=\"twitter:label1\" content=\"Est. reading time\" \/>\n\t<meta name=\"twitter:data1\" content=\"2 minutes\" \/>\n<!-- \/ Yoast SEO Premium plugin. -->","yoast_head_json":{"title":"Automatic Pan Feeding System for poultry - Thi\u1ebft b\u1ecb ch\u0103n nu\u00f4i","description":"Automatic Pan Feeding System for poultry chicken duck","robots":{"index":"index","follow":"follow","max-snippet":"max-snippet:-1","max-image-preview":"max-image-preview:large","max-video-preview":"max-video-preview:-1"},"canonical":"https:\/\/thietbichannuoi.com\/en\/san-pham\/automatic-pan-feeding-system-for-poultry\/","og_locale":"en_US","og_type":"article","og_title":"Automatic Pan Feeding System for poultry","og_description":"Centralized Feed Delivery System, uses a 90mm pipe system to transfer feed from the main feed hopper bins or silos to the poultry feeding lines.","og_url":"https:\/\/thietbichannuoi.com\/en\/san-pham\/automatic-pan-feeding-system-for-poultry\/","og_site_name":"Thi\u1ebft b\u1ecb ch\u0103n nu\u00f4i","article_modified_time":"2024-08-24T01:14:44+00:00","og_image":[{"width":1400,"height":1200,"url":"https:\/\/thietbichannuoi.com\/wp-content\/uploads\/2021\/05\/He-thong-cap-cam-tong.jpg","type":"image\/jpeg"}],"twitter_card":"summary_large_image","twitter_misc":{"Est. reading time":"2 minutes"},"schema":{"@context":"https:\/\/schema.org","@graph":[{"@type":"WebPage","@id":"https:\/\/thietbichannuoi.com\/en\/san-pham\/automatic-pan-feeding-system-for-poultry\/","url":"https:\/\/thietbichannuoi.com\/en\/san-pham\/automatic-pan-feeding-system-for-poultry\/","name":"Automatic Pan Feeding System for poultry - Thi\u1ebft b\u1ecb ch\u0103n nu\u00f4i","isPartOf":{"@id":"https:\/\/thietbichannuoi.com\/#website"},"primaryImageOfPage":{"@id":"https:\/\/thietbichannuoi.com\/en\/san-pham\/automatic-pan-feeding-system-for-poultry\/#primaryimage"},"image":{"@id":"https:\/\/thietbichannuoi.com\/en\/san-pham\/automatic-pan-feeding-system-for-poultry\/#primaryimage"},"thumbnailUrl":"https:\/\/thietbichannuoi.com\/wp-content\/uploads\/2021\/05\/He-thong-cap-cam-tong.jpg","datePublished":"2021-07-30T04:43:43+00:00","dateModified":"2024-08-24T01:14:44+00:00","description":"Automatic Pan Feeding System for poultry chicken duck","breadcrumb":{"@id":"https:\/\/thietbichannuoi.com\/en\/san-pham\/automatic-pan-feeding-system-for-poultry\/#breadcrumb"},"inLanguage":"en-US","potentialAction":[{"@type":"ReadAction","target":["https:\/\/thietbichannuoi.com\/en\/san-pham\/automatic-pan-feeding-system-for-poultry\/"]}]},{"@type":"ImageObject","inLanguage":"en-US","@id":"https:\/\/thietbichannuoi.com\/en\/san-pham\/automatic-pan-feeding-system-for-poultry\/#primaryimage","url":"https:\/\/thietbichannuoi.com\/wp-content\/uploads\/2021\/05\/He-thong-cap-cam-tong.jpg","contentUrl":"https:\/\/thietbichannuoi.com\/wp-content\/uploads\/2021\/05\/He-thong-cap-cam-tong.jpg","width":1400,"height":1200,"caption":"Automatic Pan Feeding System for poultry chicken duck"},{"@type":"BreadcrumbList","@id":"https:\/\/thietbichannuoi.com\/en\/san-pham\/automatic-pan-feeding-system-for-poultry\/#breadcrumb","itemListElement":[{"@type":"ListItem","position":1,"name":"Home","item":"https:\/\/thietbichannuoi.com\/en\/"},{"@type":"ListItem","position":2,"name":"Shop","item":"https:\/\/thietbichannuoi.com\/shop\/"},{"@type":"ListItem","position":3,"name":"Automatic Pan Feeding System for poultry"}]},{"@type":"WebSite","@id":"https:\/\/thietbichannuoi.com\/#website","url":"https:\/\/thietbichannuoi.com\/","name":"Thi\u1ebft b\u1ecb ch\u0103n nu\u00f4i","description":"S\u1ea3n xu\u1ea5t thi\u1ebft b\u1ecb ch\u0103n nu\u00f4i gia s\u00fac, gia c\u1ea7m v\u00e0 c\u00e1c s\u1ea3n ph\u1ea9m t\u1eeb nh\u1ef1a","publisher":{"@id":"https:\/\/thietbichannuoi.com\/#organization"},"potentialAction":[{"@type":"SearchAction","target":{"@type":"EntryPoint","urlTemplate":"https:\/\/thietbichannuoi.com\/?s={search_term_string}"},"query-input":{"@type":"PropertyValueSpecification","valueRequired":true,"valueName":"search_term_string"}}],"inLanguage":"en-US"},{"@type":"Organization","@id":"https:\/\/thietbichannuoi.com\/#organization","name":"Thi\u1ebft b\u1ecb ch\u0103n nu\u00f4i Minh Ph\u00e1t","url":"https:\/\/thietbichannuoi.com\/","logo":{"@type":"ImageObject","inLanguage":"en-US","@id":"https:\/\/thietbichannuoi.com\/#\/schema\/logo\/image\/","url":"https:\/\/thietbichannuoi.com\/wp-content\/uploads\/2021\/04\/logo-thiet-bi-chan-nuoi.png","contentUrl":"https:\/\/thietbichannuoi.com\/wp-content\/uploads\/2021\/04\/logo-thiet-bi-chan-nuoi.png","width":104,"height":79,"caption":"Thi\u1ebft b\u1ecb ch\u0103n nu\u00f4i Minh Ph\u00e1t"},"image":{"@id":"https:\/\/thietbichannuoi.com\/#\/schema\/logo\/image\/"}}]}},"uagb_featured_image_src":{"full":["https:\/\/thietbichannuoi.com\/wp-content\/uploads\/2021\/05\/He-thong-cap-cam-tong.jpg",1400,1200,false],"thumbnail":["https:\/\/thietbichannuoi.com\/wp-content\/uploads\/2021\/05\/He-thong-cap-cam-tong.jpg",150,129,false],"medium":["https:\/\/thietbichannuoi.com\/wp-content\/uploads\/2021\/05\/He-thong-cap-cam-tong.jpg",300,257,false],"medium_large":["https:\/\/thietbichannuoi.com\/wp-content\/uploads\/2021\/05\/He-thong-cap-cam-tong.jpg",1400,1200,false],"large":["https:\/\/thietbichannuoi.com\/wp-content\/uploads\/2021\/05\/He-thong-cap-cam-tong.jpg",800,686,false],"1536x1536":["https:\/\/thietbichannuoi.com\/wp-content\/uploads\/2021\/05\/He-thong-cap-cam-tong.jpg",1400,1200,false],"2048x2048":["https:\/\/thietbichannuoi.com\/wp-content\/uploads\/2021\/05\/He-thong-cap-cam-tong.jpg",1400,1200,false],"woocommerce_thumbnail":["https:\/\/thietbichannuoi.com\/wp-content\/uploads\/2021\/05\/He-thong-cap-cam-tong.jpg",1400,1200,false],"woocommerce_single":["https:\/\/thietbichannuoi.com\/wp-content\/uploads\/2021\/05\/He-thong-cap-cam-tong.jpg",1400,1200,false],"woocommerce_gallery_thumbnail":["https:\/\/thietbichannuoi.com\/wp-content\/uploads\/2021\/05\/He-thong-cap-cam-tong-100x100.jpg",100,100,true]},"uagb_author_info":{"display_name":"dinhlam","author_link":"https:\/\/thietbichannuoi.com\/en\/author\/"},"uagb_comment_info":0,"uagb_excerpt":"Centralized Feed Delivery System, uses a 90mm pipe system to transfer feed from the main feed hopper bins or silos to the poultry feeding lines.","_links":{"self":[{"href":"https:\/\/thietbichannuoi.com\/en\/wp-json\/wp\/v2\/product\/11713","targetHints":{"allow":["GET"]}}],"collection":[{"href":"https:\/\/thietbichannuoi.com\/en\/wp-json\/wp\/v2\/product"}],"about":[{"href":"https:\/\/thietbichannuoi.com\/en\/wp-json\/wp\/v2\/types\/product"}],"version-history":[{"count":0,"href":"https:\/\/thietbichannuoi.com\/en\/wp-json\/wp\/v2\/product\/11713\/revisions"}],"wp:featuredmedia":[{"embeddable":true,"href":"https:\/\/thietbichannuoi.com\/en\/wp-json\/wp\/v2\/media\/15530"}],"wp:attachment":[{"href":"https:\/\/thietbichannuoi.com\/en\/wp-json\/wp\/v2\/media?parent=11713"}],"wp:term":[{"taxonomy":"product_brand","embeddable":true,"href":"https:\/\/thietbichannuoi.com\/en\/wp-json\/wp\/v2\/product_brand?post=11713"},{"taxonomy":"product_cat","embeddable":true,"href":"https:\/\/thietbichannuoi.com\/en\/wp-json\/wp\/v2\/product_cat?post=11713"},{"taxonomy":"product_tag","embeddable":true,"href":"https:\/\/thietbichannuoi.com\/en\/wp-json\/wp\/v2\/product_tag?post=11713"}],"curies":[{"name":"wp","href":"https:\/\/api.w.org\/{rel}","templated":true}]}}