{"id":11718,"date":"2021-07-30T11:54:55","date_gmt":"2021-07-30T04:54:55","guid":{"rendered":"https:\/\/thietbichannuoi.com\/?post_type=product&#038;p=11718"},"modified":"2025-11-11T15:55:05","modified_gmt":"2025-11-11T08:55:05","slug":"plastic-slatted-floor-for-pig-farm-sn09","status":"publish","type":"product","link":"https:\/\/thietbichannuoi.com\/en\/san-pham\/plastic-slatted-floor-for-pig-farm-sn09\/","title":{"rendered":"Plastic Slatted Floor For Pig Farm \u2013 SN09"},"content":{"rendered":"<p>Plastic Slatted Floor For Pig Farm \u2013 SN09<\/p>\n<p><img fetchpriority=\"high\" decoding=\"async\" class=\"alignnone wp-image-17530 size-full\" src=\"https:\/\/thietbichannuoi.com\/wp-content\/uploads\/2024\/08\/SN9.jpg\" alt=\"\" width=\"2480\" height=\"2445\" srcset=\"https:\/\/thietbichannuoi.com\/wp-content\/uploads\/2024\/08\/SN9.jpg 2480w, https:\/\/thietbichannuoi.com\/wp-content\/uploads\/2024\/08\/SN9-100x100.jpg 100w, https:\/\/thietbichannuoi.com\/wp-content\/uploads\/2024\/08\/SN9-300x296.jpg 300w, https:\/\/thietbichannuoi.com\/wp-content\/uploads\/2024\/08\/SN9-1024x1010.jpg 1024w, https:\/\/thietbichannuoi.com\/wp-content\/uploads\/2024\/08\/SN9-150x148.jpg 150w, https:\/\/thietbichannuoi.com\/wp-content\/uploads\/2024\/08\/SN9-1536x1514.jpg 1536w, https:\/\/thietbichannuoi.com\/wp-content\/uploads\/2024\/08\/SN9-2048x2019.jpg 2048w\" sizes=\"(max-width: 2480px) 100vw, 2480px\" \/><\/p>\n","protected":false},"excerpt":{"rendered":"<p><strong>Code<\/strong>:<strong> SN09<\/strong><\/p>\n<ul>\n<li><strong>Dimensions<\/strong>: 400x600x34 mm<\/li>\n<li><strong>Material<\/strong>: PP plastic<\/li>\n<li><strong>Used for:<\/strong>\u00a0Sow<\/li>\n<li><strong>Weight<\/strong>: 1.72 kg \u00b12%, with 1 clip<\/li>\n<li><strong>Drainage Channel<\/strong>: 7 mm<\/li>\n<li><strong>Color:<\/strong> Orange, or custom colors upon request<\/li>\n<li><strong>Made by<\/strong>: <strong>Minh Ph\u00e1t<\/strong><\/li>\n<\/ul>\n","protected":false},"featured_media":17146,"template":"","meta":{"_uag_custom_page_level_css":"","footnotes":""},"product_brand":[],"product_cat":[291,303],"product_tag":[1450],"class_list":{"0":"post-11718","1":"product","2":"type-product","3":"status-publish","4":"has-post-thumbnail","6":"product_cat-equipment-for-pig","7":"product_cat-plastic-floors","8":"product_tag-plastic-slatted-floor-for-pig-farm-40x60cm-sn10","10":"first","11":"instock","12":"shipping-taxable","13":"product-type-simple"},"acf":[],"yoast_head":"<!-- This site is optimized with the Yoast SEO Premium plugin v22.9 (Yoast SEO v27.3) - https:\/\/yoast.com\/product\/yoast-seo-premium-wordpress\/ -->\n<title>Plastic Slatted Floor For Pig Farm \u2013 SN09 - Thi\u1ebft b\u1ecb ch\u0103n nu\u00f4i<\/title>\n<meta name=\"description\" content=\"Plastic Slatted Floor For Pig Farm 40x60cm SN09\" \/>\n<meta name=\"robots\" content=\"index, follow, max-snippet:-1, max-image-preview:large, max-video-preview:-1\" \/>\n<link rel=\"canonical\" href=\"https:\/\/thietbichannuoi.com\/en\/san-pham\/plastic-slatted-floor-for-pig-farm-sn09\/\" \/>\n<meta property=\"og:locale\" content=\"en_US\" \/>\n<meta property=\"og:type\" content=\"article\" \/>\n<meta property=\"og:title\" content=\"Plastic Slatted Floor For Pig Farm \u2013 SN09\" \/>\n<meta property=\"og:description\" content=\"Code: SN09   Dimensions: 400x600x34 mm  Material: PP plastic  Used for:\u00a0Sow  Weight: 1.72 kg \u00b12%, with 1 clip  Drainage Channel: 7 mm  Color: Orange, or custom colors upon request  Made by: Minh Ph\u00e1t\" \/>\n<meta property=\"og:url\" content=\"https:\/\/thietbichannuoi.com\/en\/san-pham\/plastic-slatted-floor-for-pig-farm-sn09\/\" \/>\n<meta property=\"og:site_name\" content=\"Thi\u1ebft b\u1ecb ch\u0103n nu\u00f4i\" \/>\n<meta property=\"article:modified_time\" content=\"2025-11-11T08:55:05+00:00\" \/>\n<meta property=\"og:image\" content=\"https:\/\/thietbichannuoi.com\/wp-content\/uploads\/2024\/06\/Tam-nhua-lot-san-chuong-heo-40x60cm-1-chot-SN09.jpg\" \/>\n\t<meta property=\"og:image:width\" content=\"1400\" \/>\n\t<meta property=\"og:image:height\" content=\"1200\" \/>\n\t<meta property=\"og:image:type\" content=\"image\/jpeg\" \/>\n<meta name=\"twitter:card\" content=\"summary_large_image\" \/>\n<meta name=\"twitter:label1\" content=\"Est. reading time\" \/>\n\t<meta name=\"twitter:data1\" content=\"1 minute\" \/>\n<!-- \/ Yoast SEO Premium plugin. -->","yoast_head_json":{"title":"Plastic Slatted Floor For Pig Farm \u2013 SN09 - Thi\u1ebft b\u1ecb ch\u0103n nu\u00f4i","description":"Plastic Slatted Floor For Pig Farm 40x60cm SN09","robots":{"index":"index","follow":"follow","max-snippet":"max-snippet:-1","max-image-preview":"max-image-preview:large","max-video-preview":"max-video-preview:-1"},"canonical":"https:\/\/thietbichannuoi.com\/en\/san-pham\/plastic-slatted-floor-for-pig-farm-sn09\/","og_locale":"en_US","og_type":"article","og_title":"Plastic Slatted Floor For Pig Farm \u2013 SN09","og_description":"Code: SN09   Dimensions: 400x600x34 mm  Material: PP plastic  Used for:\u00a0Sow  Weight: 1.72 kg \u00b12%, with 1 clip  Drainage Channel: 7 mm  Color: Orange, or custom colors upon request  Made by: Minh Ph\u00e1t","og_url":"https:\/\/thietbichannuoi.com\/en\/san-pham\/plastic-slatted-floor-for-pig-farm-sn09\/","og_site_name":"Thi\u1ebft b\u1ecb ch\u0103n nu\u00f4i","article_modified_time":"2025-11-11T08:55:05+00:00","og_image":[{"width":1400,"height":1200,"url":"https:\/\/thietbichannuoi.com\/wp-content\/uploads\/2024\/06\/Tam-nhua-lot-san-chuong-heo-40x60cm-1-chot-SN09.jpg","type":"image\/jpeg"}],"twitter_card":"summary_large_image","twitter_misc":{"Est. reading time":"1 minute"},"schema":{"@context":"https:\/\/schema.org","@graph":[{"@type":"WebPage","@id":"https:\/\/thietbichannuoi.com\/en\/san-pham\/plastic-slatted-floor-for-pig-farm-sn09\/","url":"https:\/\/thietbichannuoi.com\/en\/san-pham\/plastic-slatted-floor-for-pig-farm-sn09\/","name":"Plastic Slatted Floor For Pig Farm \u2013 SN09 - Thi\u1ebft b\u1ecb ch\u0103n nu\u00f4i","isPartOf":{"@id":"https:\/\/thietbichannuoi.com\/#website"},"primaryImageOfPage":{"@id":"https:\/\/thietbichannuoi.com\/en\/san-pham\/plastic-slatted-floor-for-pig-farm-sn09\/#primaryimage"},"image":{"@id":"https:\/\/thietbichannuoi.com\/en\/san-pham\/plastic-slatted-floor-for-pig-farm-sn09\/#primaryimage"},"thumbnailUrl":"https:\/\/thietbichannuoi.com\/wp-content\/uploads\/2024\/06\/Tam-nhua-lot-san-chuong-heo-40x60cm-1-chot-SN09.jpg","datePublished":"2021-07-30T04:54:55+00:00","dateModified":"2025-11-11T08:55:05+00:00","description":"Plastic Slatted Floor For Pig Farm 40x60cm SN09","breadcrumb":{"@id":"https:\/\/thietbichannuoi.com\/en\/san-pham\/plastic-slatted-floor-for-pig-farm-sn09\/#breadcrumb"},"inLanguage":"en-US","potentialAction":[{"@type":"ReadAction","target":["https:\/\/thietbichannuoi.com\/en\/san-pham\/plastic-slatted-floor-for-pig-farm-sn09\/"]}]},{"@type":"ImageObject","inLanguage":"en-US","@id":"https:\/\/thietbichannuoi.com\/en\/san-pham\/plastic-slatted-floor-for-pig-farm-sn09\/#primaryimage","url":"https:\/\/thietbichannuoi.com\/wp-content\/uploads\/2024\/06\/Tam-nhua-lot-san-chuong-heo-40x60cm-1-chot-SN09.jpg","contentUrl":"https:\/\/thietbichannuoi.com\/wp-content\/uploads\/2024\/06\/Tam-nhua-lot-san-chuong-heo-40x60cm-1-chot-SN09.jpg","width":1400,"height":1200,"caption":"Plastic Slatted Floor For Pig Farm 40x60cm SN10"},{"@type":"BreadcrumbList","@id":"https:\/\/thietbichannuoi.com\/en\/san-pham\/plastic-slatted-floor-for-pig-farm-sn09\/#breadcrumb","itemListElement":[{"@type":"ListItem","position":1,"name":"Home","item":"https:\/\/thietbichannuoi.com\/en\/"},{"@type":"ListItem","position":2,"name":"Shop","item":"https:\/\/thietbichannuoi.com\/shop\/"},{"@type":"ListItem","position":3,"name":"Plastic Slatted Floor For Pig Farm \u2013 SN09"}]},{"@type":"WebSite","@id":"https:\/\/thietbichannuoi.com\/#website","url":"https:\/\/thietbichannuoi.com\/","name":"Thi\u1ebft b\u1ecb ch\u0103n nu\u00f4i","description":"S\u1ea3n xu\u1ea5t thi\u1ebft b\u1ecb ch\u0103n nu\u00f4i gia s\u00fac, gia c\u1ea7m v\u00e0 c\u00e1c s\u1ea3n ph\u1ea9m t\u1eeb nh\u1ef1a","publisher":{"@id":"https:\/\/thietbichannuoi.com\/#organization"},"potentialAction":[{"@type":"SearchAction","target":{"@type":"EntryPoint","urlTemplate":"https:\/\/thietbichannuoi.com\/?s={search_term_string}"},"query-input":{"@type":"PropertyValueSpecification","valueRequired":true,"valueName":"search_term_string"}}],"inLanguage":"en-US"},{"@type":"Organization","@id":"https:\/\/thietbichannuoi.com\/#organization","name":"Thi\u1ebft b\u1ecb ch\u0103n nu\u00f4i Minh Ph\u00e1t","url":"https:\/\/thietbichannuoi.com\/","logo":{"@type":"ImageObject","inLanguage":"en-US","@id":"https:\/\/thietbichannuoi.com\/#\/schema\/logo\/image\/","url":"https:\/\/thietbichannuoi.com\/wp-content\/uploads\/2021\/04\/logo-thiet-bi-chan-nuoi.png","contentUrl":"https:\/\/thietbichannuoi.com\/wp-content\/uploads\/2021\/04\/logo-thiet-bi-chan-nuoi.png","width":104,"height":79,"caption":"Thi\u1ebft b\u1ecb ch\u0103n nu\u00f4i Minh Ph\u00e1t"},"image":{"@id":"https:\/\/thietbichannuoi.com\/#\/schema\/logo\/image\/"}}]}},"uagb_featured_image_src":{"full":["https:\/\/thietbichannuoi.com\/wp-content\/uploads\/2024\/06\/Tam-nhua-lot-san-chuong-heo-40x60cm-1-chot-SN09.jpg",1400,1200,false],"thumbnail":["https:\/\/thietbichannuoi.com\/wp-content\/uploads\/2024\/06\/Tam-nhua-lot-san-chuong-heo-40x60cm-1-chot-SN09.jpg",150,129,false],"medium":["https:\/\/thietbichannuoi.com\/wp-content\/uploads\/2024\/06\/Tam-nhua-lot-san-chuong-heo-40x60cm-1-chot-SN09.jpg",300,257,false],"medium_large":["https:\/\/thietbichannuoi.com\/wp-content\/uploads\/2024\/06\/Tam-nhua-lot-san-chuong-heo-40x60cm-1-chot-SN09.jpg",1400,1200,false],"large":["https:\/\/thietbichannuoi.com\/wp-content\/uploads\/2024\/06\/Tam-nhua-lot-san-chuong-heo-40x60cm-1-chot-SN09.jpg",800,686,false],"1536x1536":["https:\/\/thietbichannuoi.com\/wp-content\/uploads\/2024\/06\/Tam-nhua-lot-san-chuong-heo-40x60cm-1-chot-SN09.jpg",1400,1200,false],"2048x2048":["https:\/\/thietbichannuoi.com\/wp-content\/uploads\/2024\/06\/Tam-nhua-lot-san-chuong-heo-40x60cm-1-chot-SN09.jpg",1400,1200,false],"woocommerce_thumbnail":["https:\/\/thietbichannuoi.com\/wp-content\/uploads\/2024\/06\/Tam-nhua-lot-san-chuong-heo-40x60cm-1-chot-SN09.jpg",1400,1200,false],"woocommerce_single":["https:\/\/thietbichannuoi.com\/wp-content\/uploads\/2024\/06\/Tam-nhua-lot-san-chuong-heo-40x60cm-1-chot-SN09.jpg",1400,1200,false],"woocommerce_gallery_thumbnail":["https:\/\/thietbichannuoi.com\/wp-content\/uploads\/2024\/06\/Tam-nhua-lot-san-chuong-heo-40x60cm-1-chot-SN09-100x100.jpg",100,100,true]},"uagb_author_info":{"display_name":"dinhlam","author_link":"https:\/\/thietbichannuoi.com\/en\/author\/"},"uagb_comment_info":0,"uagb_excerpt":"Code: SN09 Dimensions: 400x600x34 mm Material: PP plastic Used for:\u00a0Sow Weight: 1.72 kg \u00b12%, with 1 clip Drainage Channel: 7 mm Color: Orange, or custom colors upon request Made by: Minh Ph\u00e1t","_links":{"self":[{"href":"https:\/\/thietbichannuoi.com\/en\/wp-json\/wp\/v2\/product\/11718","targetHints":{"allow":["GET"]}}],"collection":[{"href":"https:\/\/thietbichannuoi.com\/en\/wp-json\/wp\/v2\/product"}],"about":[{"href":"https:\/\/thietbichannuoi.com\/en\/wp-json\/wp\/v2\/types\/product"}],"version-history":[{"count":0,"href":"https:\/\/thietbichannuoi.com\/en\/wp-json\/wp\/v2\/product\/11718\/revisions"}],"wp:featuredmedia":[{"embeddable":true,"href":"https:\/\/thietbichannuoi.com\/en\/wp-json\/wp\/v2\/media\/17146"}],"wp:attachment":[{"href":"https:\/\/thietbichannuoi.com\/en\/wp-json\/wp\/v2\/media?parent=11718"}],"wp:term":[{"taxonomy":"product_brand","embeddable":true,"href":"https:\/\/thietbichannuoi.com\/en\/wp-json\/wp\/v2\/product_brand?post=11718"},{"taxonomy":"product_cat","embeddable":true,"href":"https:\/\/thietbichannuoi.com\/en\/wp-json\/wp\/v2\/product_cat?post=11718"},{"taxonomy":"product_tag","embeddable":true,"href":"https:\/\/thietbichannuoi.com\/en\/wp-json\/wp\/v2\/product_tag?post=11718"}],"curies":[{"name":"wp","href":"https:\/\/api.w.org\/{rel}","templated":true}]}}