{"id":11723,"date":"2021-07-30T12:08:16","date_gmt":"2021-07-30T05:08:16","guid":{"rendered":"https:\/\/thietbichannuoi.com\/?post_type=product&#038;p=11723"},"modified":"2025-09-23T13:30:49","modified_gmt":"2025-09-23T06:30:49","slug":"automatic-pan-feeding-system-for-broiler-model-01","status":"publish","type":"product","link":"https:\/\/thietbichannuoi.com\/en\/san-pham\/automatic-pan-feeding-system-for-broiler-model-01\/","title":{"rendered":"Automatic Pan Feeding System for broiler (Model 01)"},"content":{"rendered":"<p class=\"\" data-start=\"72\" data-end=\"377\">H\u1ec7 th\u1ed1ng \u0103n t\u1ef1 \u0111\u1ed9ng cho gia c\u1ea7m c\u1ee7a\u00a0<strong data-start=\"108\" data-end=\"121\">Minh Ph\u00e1t<\/strong>\u00a0l\u00e0 gi\u1ea3i ph\u00e1p ti\u00ean ti\u1ebfn gi\u00fap t\u1ed1i \u01b0u h\u00f3a qu\u00e1 tr\u00ecnh ch\u0103n nu\u00f4i, n\u00e2ng cao n\u0103ng su\u1ea5t v\u00e0 ti\u1ebft ki\u1ec7m chi ph\u00ed. S\u1ea3n ph\u1ea9m \u0111\u01b0\u1ee3c thi\u1ebft k\u1ebf th\u00f4ng minh, t\u1ef1 \u0111\u1ed9ng ph\u00e2n ph\u1ed1i th\u1ee9c \u0103n \u0111\u1ec1u \u0111\u1eb7n, \u0111\u1ea3m b\u1ea3o cung c\u1ea5p \u0111\u1ee7 dinh d\u01b0\u1ee1ng cho gia c\u1ea7m, h\u1ea1n ch\u1ebf hao h\u1ee5t v\u00e0 gi\u1ea3m c\u00f4ng lao \u0111\u1ed9ng.<\/p>\n<p class=\"\" data-start=\"379\" data-end=\"401\"><strong data-start=\"379\" data-end=\"399\">\u01afu \u0111i\u1ec3m n\u1ed5i b\u1eadt:<\/strong><\/p>\n<ul data-start=\"402\" data-end=\"643\">\n<li class=\"\" data-start=\"402\" data-end=\"473\">\n<p class=\"\" data-start=\"404\" data-end=\"473\">T\u1ef1 \u0111\u1ed9ng c\u1ea5p th\u1ee9c \u0103n theo c\u00e0i \u0111\u1eb7t, gi\u00fap gia c\u1ea7m ph\u00e1t tri\u1ec3n \u0111\u1ed3ng \u0111\u1ec1u.<\/p>\n<\/li>\n<li class=\"\" data-start=\"474\" data-end=\"525\">\n<p class=\"\" data-start=\"476\" data-end=\"525\">Gi\u1ea3m thi\u1ec3u l\u00e3ng ph\u00ed, ti\u1ebft ki\u1ec7m chi ph\u00ed th\u1ee9c \u0103n.<\/p>\n<\/li>\n<li class=\"\" data-start=\"526\" data-end=\"585\">\n<p class=\"\" data-start=\"528\" data-end=\"585\">Ch\u1ea5t li\u1ec7u b\u1ec1n b\u1ec9, d\u1ec5 v\u1ec7 sinh, \u0111\u1ea3m b\u1ea3o an to\u00e0n sinh h\u1ecdc.<\/p>\n<\/li>\n<li class=\"\" data-start=\"586\" data-end=\"643\">\n<p class=\"\" data-start=\"588\" data-end=\"643\">L\u1eafp \u0111\u1eb7t d\u1ec5 d\u00e0ng, ph\u00f9 h\u1ee3p v\u1edbi nhi\u1ec1u m\u00f4 h\u00ecnh ch\u0103n nu\u00f4i.<\/p>\n<\/li>\n<\/ul>\n<p class=\"\" data-start=\"645\" data-end=\"819\">H\u1ec7 th\u1ed1ng c\u1ee7a\u00a0<strong data-start=\"658\" data-end=\"671\">Minh Ph\u00e1t<\/strong>\u00a0gi\u00fap ng\u01b0\u1eddi ch\u0103n nu\u00f4i hi\u1ec7n \u0111\u1ea1i h\u00f3a quy tr\u00ecnh, t\u0103ng hi\u1ec7u qu\u1ea3 kinh t\u1ebf v\u00e0 gi\u1ea3m b\u1edbt c\u00f4ng s\u1ee9c ch\u0103m s\u00f3c \u0111\u00e0n gia c\u1ea7m. Li\u00ean h\u1ec7 ngay \u0111\u1ec3 \u0111\u01b0\u1ee3c t\u01b0 v\u1ea5n chi ti\u1ebft!<\/p>\n<p>&nbsp;<\/p>\n<p><img fetchpriority=\"high\" decoding=\"async\" class=\"alignnone wp-image-18129 size-full\" src=\"https:\/\/thietbichannuoi.com\/wp-content\/uploads\/2024\/09\/duong-an-cho-ga.jpg\" alt=\"\" width=\"1276\" height=\"956\" srcset=\"https:\/\/thietbichannuoi.com\/wp-content\/uploads\/2024\/09\/duong-an-cho-ga.jpg 1276w, https:\/\/thietbichannuoi.com\/wp-content\/uploads\/2024\/09\/duong-an-cho-ga-600x450.jpg 600w, https:\/\/thietbichannuoi.com\/wp-content\/uploads\/2024\/09\/duong-an-cho-ga-300x225.jpg 300w, https:\/\/thietbichannuoi.com\/wp-content\/uploads\/2024\/09\/duong-an-cho-ga-1024x767.jpg 1024w, https:\/\/thietbichannuoi.com\/wp-content\/uploads\/2024\/09\/duong-an-cho-ga-150x112.jpg 150w\" sizes=\"(max-width: 1276px) 100vw, 1276px\" \/><\/p>\n<p><img decoding=\"async\" class=\"alignnone wp-image-18127 size-full\" src=\"https:\/\/thietbichannuoi.com\/wp-content\/uploads\/2024\/09\/duong-an-cho-ga-01.jpg\" alt=\"\" width=\"1276\" height=\"956\" srcset=\"https:\/\/thietbichannuoi.com\/wp-content\/uploads\/2024\/09\/duong-an-cho-ga-01.jpg 1276w, https:\/\/thietbichannuoi.com\/wp-content\/uploads\/2024\/09\/duong-an-cho-ga-01-600x450.jpg 600w, https:\/\/thietbichannuoi.com\/wp-content\/uploads\/2024\/09\/duong-an-cho-ga-01-300x225.jpg 300w, https:\/\/thietbichannuoi.com\/wp-content\/uploads\/2024\/09\/duong-an-cho-ga-01-1024x767.jpg 1024w, https:\/\/thietbichannuoi.com\/wp-content\/uploads\/2024\/09\/duong-an-cho-ga-01-150x112.jpg 150w\" sizes=\"(max-width: 1276px) 100vw, 1276px\" \/><\/p>\n","protected":false},"excerpt":{"rendered":"<p><strong>Product Code: ATGC-021<\/strong><\/p>\n<p><strong>System Includes:<\/strong><\/p>\n<ul>\n<li>3-meter long feed pipe with 4 feed discharge holes<\/li>\n<li>Feeding trough (<strong>ATGC-070<\/strong>)<\/li>\n<li>Feed delivery motor, single-phase or three-phase \u2013 0.75KW Enertech<\/li>\n<li>75 kg feed hopper<\/li>\n<li>Complete lifting system<\/li>\n<li>Control electrical cabinet<\/li>\n<li>Does not include wiring<\/li>\n<\/ul>\n","protected":false},"featured_media":15331,"template":"","meta":{"_uag_custom_page_level_css":"","footnotes":""},"product_brand":[],"product_cat":[1032,589],"product_tag":[],"class_list":{"0":"post-11723","1":"product","2":"type-product","3":"status-publish","4":"has-post-thumbnail","6":"product_cat-automatic-feeding-system","7":"product_cat-poultry-equipment","9":"first","10":"instock","11":"shipping-taxable","12":"product-type-simple"},"acf":[],"yoast_head":"<!-- This site is optimized with the Yoast SEO Premium plugin v22.9 (Yoast SEO v27.4) - https:\/\/yoast.com\/product\/yoast-seo-premium-wordpress\/ -->\n<title>Automatic Pan Feeding System for broiler (Model 01) - Thi\u1ebft b\u1ecb ch\u0103n nu\u00f4i<\/title>\n<meta name=\"description\" content=\"Automatic Pan Feeding System for broiler chicken puoltry (Model 01)\" \/>\n<meta name=\"robots\" content=\"index, follow, max-snippet:-1, max-image-preview:large, max-video-preview:-1\" \/>\n<link rel=\"canonical\" href=\"https:\/\/thietbichannuoi.com\/en\/san-pham\/automatic-pan-feeding-system-for-broiler-model-01\/\" \/>\n<meta property=\"og:locale\" content=\"en_US\" \/>\n<meta property=\"og:type\" content=\"article\" \/>\n<meta property=\"og:title\" content=\"Automatic Pan Feeding System for broiler (Model 01)\" \/>\n<meta property=\"og:description\" content=\"Product Code: ATGC-021  System Includes:   3-meter long feed pipe with 4 feed discharge holes  Feeding trough (ATGC-070)  Feed delivery motor, single-phase or three-phase \u2013 0.75KW Enertech  75 kg feed hopper  Complete lifting system  Control electrical cabinet  Does not include wiring\" \/>\n<meta property=\"og:url\" content=\"https:\/\/thietbichannuoi.com\/en\/san-pham\/automatic-pan-feeding-system-for-broiler-model-01\/\" \/>\n<meta property=\"og:site_name\" content=\"Thi\u1ebft b\u1ecb ch\u0103n nu\u00f4i\" \/>\n<meta property=\"article:modified_time\" content=\"2025-09-23T06:30:49+00:00\" \/>\n<meta property=\"og:image\" content=\"https:\/\/thietbichannuoi.com\/wp-content\/uploads\/2021\/05\/Duong-an-tu-dong-cho-ga-1.jpg\" \/>\n\t<meta property=\"og:image:width\" content=\"1400\" \/>\n\t<meta property=\"og:image:height\" content=\"1200\" \/>\n\t<meta property=\"og:image:type\" content=\"image\/jpeg\" \/>\n<meta name=\"twitter:card\" content=\"summary_large_image\" \/>\n<meta name=\"twitter:label1\" content=\"Est. reading time\" \/>\n\t<meta name=\"twitter:data1\" content=\"2 minutes\" \/>\n<!-- \/ Yoast SEO Premium plugin. -->","yoast_head_json":{"title":"Automatic Pan Feeding System for broiler (Model 01) - Thi\u1ebft b\u1ecb ch\u0103n nu\u00f4i","description":"Automatic Pan Feeding System for broiler chicken puoltry (Model 01)","robots":{"index":"index","follow":"follow","max-snippet":"max-snippet:-1","max-image-preview":"max-image-preview:large","max-video-preview":"max-video-preview:-1"},"canonical":"https:\/\/thietbichannuoi.com\/en\/san-pham\/automatic-pan-feeding-system-for-broiler-model-01\/","og_locale":"en_US","og_type":"article","og_title":"Automatic Pan Feeding System for broiler (Model 01)","og_description":"Product Code: ATGC-021  System Includes:   3-meter long feed pipe with 4 feed discharge holes  Feeding trough (ATGC-070)  Feed delivery motor, single-phase or three-phase \u2013 0.75KW Enertech  75 kg feed hopper  Complete lifting system  Control electrical cabinet  Does not include wiring","og_url":"https:\/\/thietbichannuoi.com\/en\/san-pham\/automatic-pan-feeding-system-for-broiler-model-01\/","og_site_name":"Thi\u1ebft b\u1ecb ch\u0103n nu\u00f4i","article_modified_time":"2025-09-23T06:30:49+00:00","og_image":[{"width":1400,"height":1200,"url":"https:\/\/thietbichannuoi.com\/wp-content\/uploads\/2021\/05\/Duong-an-tu-dong-cho-ga-1.jpg","type":"image\/jpeg"}],"twitter_card":"summary_large_image","twitter_misc":{"Est. reading time":"2 minutes"},"schema":{"@context":"https:\/\/schema.org","@graph":[{"@type":"WebPage","@id":"https:\/\/thietbichannuoi.com\/en\/san-pham\/automatic-pan-feeding-system-for-broiler-model-01\/","url":"https:\/\/thietbichannuoi.com\/en\/san-pham\/automatic-pan-feeding-system-for-broiler-model-01\/","name":"Automatic Pan Feeding System for broiler (Model 01) - Thi\u1ebft b\u1ecb ch\u0103n nu\u00f4i","isPartOf":{"@id":"https:\/\/thietbichannuoi.com\/#website"},"primaryImageOfPage":{"@id":"https:\/\/thietbichannuoi.com\/en\/san-pham\/automatic-pan-feeding-system-for-broiler-model-01\/#primaryimage"},"image":{"@id":"https:\/\/thietbichannuoi.com\/en\/san-pham\/automatic-pan-feeding-system-for-broiler-model-01\/#primaryimage"},"thumbnailUrl":"https:\/\/thietbichannuoi.com\/wp-content\/uploads\/2021\/05\/Duong-an-tu-dong-cho-ga-1.jpg","datePublished":"2021-07-30T05:08:16+00:00","dateModified":"2025-09-23T06:30:49+00:00","description":"Automatic Pan Feeding System for broiler chicken puoltry (Model 01)","breadcrumb":{"@id":"https:\/\/thietbichannuoi.com\/en\/san-pham\/automatic-pan-feeding-system-for-broiler-model-01\/#breadcrumb"},"inLanguage":"en-US","potentialAction":[{"@type":"ReadAction","target":["https:\/\/thietbichannuoi.com\/en\/san-pham\/automatic-pan-feeding-system-for-broiler-model-01\/"]}]},{"@type":"ImageObject","inLanguage":"en-US","@id":"https:\/\/thietbichannuoi.com\/en\/san-pham\/automatic-pan-feeding-system-for-broiler-model-01\/#primaryimage","url":"https:\/\/thietbichannuoi.com\/wp-content\/uploads\/2021\/05\/Duong-an-tu-dong-cho-ga-1.jpg","contentUrl":"https:\/\/thietbichannuoi.com\/wp-content\/uploads\/2021\/05\/Duong-an-tu-dong-cho-ga-1.jpg","width":1400,"height":1200,"caption":"Automatic Pan Feeding System for broiler (Model 01)"},{"@type":"BreadcrumbList","@id":"https:\/\/thietbichannuoi.com\/en\/san-pham\/automatic-pan-feeding-system-for-broiler-model-01\/#breadcrumb","itemListElement":[{"@type":"ListItem","position":1,"name":"Home","item":"https:\/\/thietbichannuoi.com\/en\/"},{"@type":"ListItem","position":2,"name":"Shop","item":"https:\/\/thietbichannuoi.com\/shop\/"},{"@type":"ListItem","position":3,"name":"Automatic Pan Feeding System for broiler (Model 01)"}]},{"@type":"WebSite","@id":"https:\/\/thietbichannuoi.com\/#website","url":"https:\/\/thietbichannuoi.com\/","name":"Thi\u1ebft b\u1ecb ch\u0103n nu\u00f4i","description":"S\u1ea3n xu\u1ea5t thi\u1ebft b\u1ecb ch\u0103n nu\u00f4i gia s\u00fac, gia c\u1ea7m v\u00e0 c\u00e1c s\u1ea3n ph\u1ea9m t\u1eeb nh\u1ef1a","publisher":{"@id":"https:\/\/thietbichannuoi.com\/#organization"},"potentialAction":[{"@type":"SearchAction","target":{"@type":"EntryPoint","urlTemplate":"https:\/\/thietbichannuoi.com\/?s={search_term_string}"},"query-input":{"@type":"PropertyValueSpecification","valueRequired":true,"valueName":"search_term_string"}}],"inLanguage":"en-US"},{"@type":"Organization","@id":"https:\/\/thietbichannuoi.com\/#organization","name":"Thi\u1ebft b\u1ecb ch\u0103n nu\u00f4i Minh Ph\u00e1t","url":"https:\/\/thietbichannuoi.com\/","logo":{"@type":"ImageObject","inLanguage":"en-US","@id":"https:\/\/thietbichannuoi.com\/#\/schema\/logo\/image\/","url":"https:\/\/thietbichannuoi.com\/wp-content\/uploads\/2021\/04\/logo-thiet-bi-chan-nuoi.png","contentUrl":"https:\/\/thietbichannuoi.com\/wp-content\/uploads\/2021\/04\/logo-thiet-bi-chan-nuoi.png","width":104,"height":79,"caption":"Thi\u1ebft b\u1ecb ch\u0103n nu\u00f4i Minh Ph\u00e1t"},"image":{"@id":"https:\/\/thietbichannuoi.com\/#\/schema\/logo\/image\/"}}]}},"uagb_featured_image_src":{"full":["https:\/\/thietbichannuoi.com\/wp-content\/uploads\/2021\/05\/Duong-an-tu-dong-cho-ga-1.jpg",1400,1200,false],"thumbnail":["https:\/\/thietbichannuoi.com\/wp-content\/uploads\/2021\/05\/Duong-an-tu-dong-cho-ga-1.jpg",150,129,false],"medium":["https:\/\/thietbichannuoi.com\/wp-content\/uploads\/2021\/05\/Duong-an-tu-dong-cho-ga-1.jpg",300,257,false],"medium_large":["https:\/\/thietbichannuoi.com\/wp-content\/uploads\/2021\/05\/Duong-an-tu-dong-cho-ga-1.jpg",1400,1200,false],"large":["https:\/\/thietbichannuoi.com\/wp-content\/uploads\/2021\/05\/Duong-an-tu-dong-cho-ga-1.jpg",800,686,false],"1536x1536":["https:\/\/thietbichannuoi.com\/wp-content\/uploads\/2021\/05\/Duong-an-tu-dong-cho-ga-1.jpg",1400,1200,false],"2048x2048":["https:\/\/thietbichannuoi.com\/wp-content\/uploads\/2021\/05\/Duong-an-tu-dong-cho-ga-1.jpg",1400,1200,false],"woocommerce_thumbnail":["https:\/\/thietbichannuoi.com\/wp-content\/uploads\/2021\/05\/Duong-an-tu-dong-cho-ga-1.jpg",1400,1200,false],"woocommerce_single":["https:\/\/thietbichannuoi.com\/wp-content\/uploads\/2021\/05\/Duong-an-tu-dong-cho-ga-1.jpg",1400,1200,false],"woocommerce_gallery_thumbnail":["https:\/\/thietbichannuoi.com\/wp-content\/uploads\/2021\/05\/Duong-an-tu-dong-cho-ga-1-100x100.jpg",100,100,true]},"uagb_author_info":{"display_name":"dinhlam","author_link":"https:\/\/thietbichannuoi.com\/en\/author\/"},"uagb_comment_info":0,"uagb_excerpt":"Product Code: ATGC-021 System Includes: 3-meter long feed pipe with 4 feed discharge holes Feeding trough (ATGC-070) Feed delivery motor, single-phase or three-phase \u2013 0.75KW Enertech 75 kg feed hopper Complete lifting system Control electrical cabinet Does not include wiring","_links":{"self":[{"href":"https:\/\/thietbichannuoi.com\/en\/wp-json\/wp\/v2\/product\/11723","targetHints":{"allow":["GET"]}}],"collection":[{"href":"https:\/\/thietbichannuoi.com\/en\/wp-json\/wp\/v2\/product"}],"about":[{"href":"https:\/\/thietbichannuoi.com\/en\/wp-json\/wp\/v2\/types\/product"}],"version-history":[{"count":0,"href":"https:\/\/thietbichannuoi.com\/en\/wp-json\/wp\/v2\/product\/11723\/revisions"}],"wp:featuredmedia":[{"embeddable":true,"href":"https:\/\/thietbichannuoi.com\/en\/wp-json\/wp\/v2\/media\/15331"}],"wp:attachment":[{"href":"https:\/\/thietbichannuoi.com\/en\/wp-json\/wp\/v2\/media?parent=11723"}],"wp:term":[{"taxonomy":"product_brand","embeddable":true,"href":"https:\/\/thietbichannuoi.com\/en\/wp-json\/wp\/v2\/product_brand?post=11723"},{"taxonomy":"product_cat","embeddable":true,"href":"https:\/\/thietbichannuoi.com\/en\/wp-json\/wp\/v2\/product_cat?post=11723"},{"taxonomy":"product_tag","embeddable":true,"href":"https:\/\/thietbichannuoi.com\/en\/wp-json\/wp\/v2\/product_tag?post=11723"}],"curies":[{"name":"wp","href":"https:\/\/api.w.org\/{rel}","templated":true}]}}