{"id":11724,"date":"2021-07-30T12:09:31","date_gmt":"2021-07-30T05:09:31","guid":{"rendered":"https:\/\/thietbichannuoi.com\/?post_type=product&#038;p=11724"},"modified":"2025-09-25T13:19:42","modified_gmt":"2025-09-25T06:19:42","slug":"poultry-slat-floor-50x100cm-sn15","status":"publish","type":"product","link":"https:\/\/thietbichannuoi.com\/en\/san-pham\/poultry-slat-floor-50x100cm-sn15\/","title":{"rendered":"Plastic Slatted Floor For Poultry 50x100cm &#8211; SN15"},"content":{"rendered":"<p><strong>Plastic Slatted Floor For Poultry 50x100cm &#8211; SN15<\/strong><\/p>\n<p><img fetchpriority=\"high\" decoding=\"async\" class=\"wp-image-14889 size-full\" src=\"https:\/\/thietbichannuoi.com\/wp-content\/uploads\/2021\/04\/MG_6430.jpg\" alt=\"S\u00e0n nh\u1ef1a 50x100cm\" width=\"1300\" height=\"560\" srcset=\"https:\/\/thietbichannuoi.com\/wp-content\/uploads\/2021\/04\/MG_6430.jpg 1300w, https:\/\/thietbichannuoi.com\/wp-content\/uploads\/2021\/04\/MG_6430-300x129.jpg 300w, https:\/\/thietbichannuoi.com\/wp-content\/uploads\/2021\/04\/MG_6430-1024x441.jpg 1024w, https:\/\/thietbichannuoi.com\/wp-content\/uploads\/2021\/04\/MG_6430-150x65.jpg 150w\" sizes=\"(max-width: 1300px) 100vw, 1300px\" \/><\/p>\n<p><img decoding=\"async\" class=\"wp-image-14891 size-full\" src=\"https:\/\/thietbichannuoi.com\/wp-content\/uploads\/2021\/04\/MG_6432.jpg\" alt=\"S\u00e0n nh\u1ef1a 50x100cm\" width=\"1300\" height=\"560\" srcset=\"https:\/\/thietbichannuoi.com\/wp-content\/uploads\/2021\/04\/MG_6432.jpg 1300w, https:\/\/thietbichannuoi.com\/wp-content\/uploads\/2021\/04\/MG_6432-300x129.jpg 300w, https:\/\/thietbichannuoi.com\/wp-content\/uploads\/2021\/04\/MG_6432-1024x441.jpg 1024w, https:\/\/thietbichannuoi.com\/wp-content\/uploads\/2021\/04\/MG_6432-150x65.jpg 150w\" sizes=\"(max-width: 1300px) 100vw, 1300px\" \/><\/p>\n","protected":false},"excerpt":{"rendered":"<p><strong>Code: SN15<\/strong><\/p>\n<ul>\n<li><strong>Dimensions:<\/strong> 50x100x3.7 cm<\/li>\n<li><strong>Drainage Hole Diameter:<\/strong> 22 mm<\/li>\n<li><strong>Material:<\/strong> PP Block Plastic<\/li>\n<li><strong>Color:<\/strong> White, or produced to order<\/li>\n<li><strong>Made by: Minh Phat<\/strong><\/li>\n<\/ul>\n","protected":false},"featured_media":16181,"template":"","meta":{"_uag_custom_page_level_css":"","footnotes":""},"product_brand":[],"product_cat":[1022,589],"product_tag":[],"class_list":{"0":"post-11724","1":"product","2":"type-product","3":"status-publish","4":"has-post-thumbnail","6":"product_cat-plastic-floors-poultry-equipment","7":"product_cat-poultry-equipment","9":"first","10":"instock","11":"shipping-taxable","12":"product-type-simple"},"acf":[],"yoast_head":"<!-- This site is optimized with the Yoast SEO Premium plugin v22.9 (Yoast SEO v27.3) - https:\/\/yoast.com\/product\/yoast-seo-premium-wordpress\/ -->\n<title>Plastic Slatted Floor For Poultry 50x100cm - SN15 - Thi\u1ebft b\u1ecb ch\u0103n nu\u00f4i<\/title>\n<meta name=\"description\" content=\"Plastic Slatted Floor For Poultry 50x100cm\" \/>\n<meta name=\"robots\" content=\"index, follow, max-snippet:-1, max-image-preview:large, max-video-preview:-1\" \/>\n<link rel=\"canonical\" href=\"https:\/\/thietbichannuoi.com\/en\/san-pham\/poultry-slat-floor-50x100cm-sn15\/\" \/>\n<meta property=\"og:locale\" content=\"en_US\" \/>\n<meta property=\"og:type\" content=\"article\" \/>\n<meta property=\"og:title\" content=\"Plastic Slatted Floor For Poultry 50x100cm - SN15\" \/>\n<meta property=\"og:description\" content=\"Code: SN15   Dimensions: 50x100x3.7 cm  Drainage Hole Diameter: 22 mm  Material: PP Block Plastic  Color: White, or produced to order  Made by: Minh Phat\" \/>\n<meta property=\"og:url\" content=\"https:\/\/thietbichannuoi.com\/en\/san-pham\/poultry-slat-floor-50x100cm-sn15\/\" \/>\n<meta property=\"og:site_name\" content=\"Thi\u1ebft b\u1ecb ch\u0103n nu\u00f4i\" \/>\n<meta property=\"article:modified_time\" content=\"2025-09-25T06:19:42+00:00\" \/>\n<meta property=\"og:image\" content=\"https:\/\/thietbichannuoi.com\/wp-content\/uploads\/2023\/11\/San-ga-SN15.jpg\" \/>\n\t<meta property=\"og:image:width\" content=\"1400\" \/>\n\t<meta property=\"og:image:height\" content=\"1200\" \/>\n\t<meta property=\"og:image:type\" content=\"image\/jpeg\" \/>\n<meta name=\"twitter:card\" content=\"summary_large_image\" \/>\n<meta name=\"twitter:label1\" content=\"Est. reading time\" \/>\n\t<meta name=\"twitter:data1\" content=\"1 minute\" \/>\n<!-- \/ Yoast SEO Premium plugin. -->","yoast_head_json":{"title":"Plastic Slatted Floor For Poultry 50x100cm - SN15 - Thi\u1ebft b\u1ecb ch\u0103n nu\u00f4i","description":"Plastic Slatted Floor For Poultry 50x100cm","robots":{"index":"index","follow":"follow","max-snippet":"max-snippet:-1","max-image-preview":"max-image-preview:large","max-video-preview":"max-video-preview:-1"},"canonical":"https:\/\/thietbichannuoi.com\/en\/san-pham\/poultry-slat-floor-50x100cm-sn15\/","og_locale":"en_US","og_type":"article","og_title":"Plastic Slatted Floor For Poultry 50x100cm - SN15","og_description":"Code: SN15   Dimensions: 50x100x3.7 cm  Drainage Hole Diameter: 22 mm  Material: PP Block Plastic  Color: White, or produced to order  Made by: Minh Phat","og_url":"https:\/\/thietbichannuoi.com\/en\/san-pham\/poultry-slat-floor-50x100cm-sn15\/","og_site_name":"Thi\u1ebft b\u1ecb ch\u0103n nu\u00f4i","article_modified_time":"2025-09-25T06:19:42+00:00","og_image":[{"width":1400,"height":1200,"url":"https:\/\/thietbichannuoi.com\/wp-content\/uploads\/2023\/11\/San-ga-SN15.jpg","type":"image\/jpeg"}],"twitter_card":"summary_large_image","twitter_misc":{"Est. reading time":"1 minute"},"schema":{"@context":"https:\/\/schema.org","@graph":[{"@type":"WebPage","@id":"https:\/\/thietbichannuoi.com\/en\/san-pham\/poultry-slat-floor-50x100cm-sn15\/","url":"https:\/\/thietbichannuoi.com\/en\/san-pham\/poultry-slat-floor-50x100cm-sn15\/","name":"Plastic Slatted Floor For Poultry 50x100cm - SN15 - Thi\u1ebft b\u1ecb ch\u0103n nu\u00f4i","isPartOf":{"@id":"https:\/\/thietbichannuoi.com\/#website"},"primaryImageOfPage":{"@id":"https:\/\/thietbichannuoi.com\/en\/san-pham\/poultry-slat-floor-50x100cm-sn15\/#primaryimage"},"image":{"@id":"https:\/\/thietbichannuoi.com\/en\/san-pham\/poultry-slat-floor-50x100cm-sn15\/#primaryimage"},"thumbnailUrl":"https:\/\/thietbichannuoi.com\/wp-content\/uploads\/2023\/11\/San-ga-SN15.jpg","datePublished":"2021-07-30T05:09:31+00:00","dateModified":"2025-09-25T06:19:42+00:00","description":"Plastic Slatted Floor For Poultry 50x100cm","breadcrumb":{"@id":"https:\/\/thietbichannuoi.com\/en\/san-pham\/poultry-slat-floor-50x100cm-sn15\/#breadcrumb"},"inLanguage":"en-US","potentialAction":[{"@type":"ReadAction","target":["https:\/\/thietbichannuoi.com\/en\/san-pham\/poultry-slat-floor-50x100cm-sn15\/"]}]},{"@type":"ImageObject","inLanguage":"en-US","@id":"https:\/\/thietbichannuoi.com\/en\/san-pham\/poultry-slat-floor-50x100cm-sn15\/#primaryimage","url":"https:\/\/thietbichannuoi.com\/wp-content\/uploads\/2023\/11\/San-ga-SN15.jpg","contentUrl":"https:\/\/thietbichannuoi.com\/wp-content\/uploads\/2023\/11\/San-ga-SN15.jpg","width":1400,"height":1200,"caption":"Plastic Slatted Floor For Poultry 50x100cm"},{"@type":"BreadcrumbList","@id":"https:\/\/thietbichannuoi.com\/en\/san-pham\/poultry-slat-floor-50x100cm-sn15\/#breadcrumb","itemListElement":[{"@type":"ListItem","position":1,"name":"Home","item":"https:\/\/thietbichannuoi.com\/en\/"},{"@type":"ListItem","position":2,"name":"Shop","item":"https:\/\/thietbichannuoi.com\/shop\/"},{"@type":"ListItem","position":3,"name":"Plastic Slatted Floor For Poultry 50x100cm &#8211; SN15"}]},{"@type":"WebSite","@id":"https:\/\/thietbichannuoi.com\/#website","url":"https:\/\/thietbichannuoi.com\/","name":"Thi\u1ebft b\u1ecb ch\u0103n nu\u00f4i","description":"S\u1ea3n xu\u1ea5t thi\u1ebft b\u1ecb ch\u0103n nu\u00f4i gia s\u00fac, gia c\u1ea7m v\u00e0 c\u00e1c s\u1ea3n ph\u1ea9m t\u1eeb nh\u1ef1a","publisher":{"@id":"https:\/\/thietbichannuoi.com\/#organization"},"potentialAction":[{"@type":"SearchAction","target":{"@type":"EntryPoint","urlTemplate":"https:\/\/thietbichannuoi.com\/?s={search_term_string}"},"query-input":{"@type":"PropertyValueSpecification","valueRequired":true,"valueName":"search_term_string"}}],"inLanguage":"en-US"},{"@type":"Organization","@id":"https:\/\/thietbichannuoi.com\/#organization","name":"Thi\u1ebft b\u1ecb ch\u0103n nu\u00f4i Minh Ph\u00e1t","url":"https:\/\/thietbichannuoi.com\/","logo":{"@type":"ImageObject","inLanguage":"en-US","@id":"https:\/\/thietbichannuoi.com\/#\/schema\/logo\/image\/","url":"https:\/\/thietbichannuoi.com\/wp-content\/uploads\/2021\/04\/logo-thiet-bi-chan-nuoi.png","contentUrl":"https:\/\/thietbichannuoi.com\/wp-content\/uploads\/2021\/04\/logo-thiet-bi-chan-nuoi.png","width":104,"height":79,"caption":"Thi\u1ebft b\u1ecb ch\u0103n nu\u00f4i Minh Ph\u00e1t"},"image":{"@id":"https:\/\/thietbichannuoi.com\/#\/schema\/logo\/image\/"}}]}},"uagb_featured_image_src":{"full":["https:\/\/thietbichannuoi.com\/wp-content\/uploads\/2023\/11\/San-ga-SN15.jpg",1400,1200,false],"thumbnail":["https:\/\/thietbichannuoi.com\/wp-content\/uploads\/2023\/11\/San-ga-SN15.jpg",150,129,false],"medium":["https:\/\/thietbichannuoi.com\/wp-content\/uploads\/2023\/11\/San-ga-SN15.jpg",300,257,false],"medium_large":["https:\/\/thietbichannuoi.com\/wp-content\/uploads\/2023\/11\/San-ga-SN15.jpg",1400,1200,false],"large":["https:\/\/thietbichannuoi.com\/wp-content\/uploads\/2023\/11\/San-ga-SN15.jpg",800,686,false],"1536x1536":["https:\/\/thietbichannuoi.com\/wp-content\/uploads\/2023\/11\/San-ga-SN15.jpg",1400,1200,false],"2048x2048":["https:\/\/thietbichannuoi.com\/wp-content\/uploads\/2023\/11\/San-ga-SN15.jpg",1400,1200,false],"woocommerce_thumbnail":["https:\/\/thietbichannuoi.com\/wp-content\/uploads\/2023\/11\/San-ga-SN15.jpg",1400,1200,false],"woocommerce_single":["https:\/\/thietbichannuoi.com\/wp-content\/uploads\/2023\/11\/San-ga-SN15.jpg",1400,1200,false],"woocommerce_gallery_thumbnail":["https:\/\/thietbichannuoi.com\/wp-content\/uploads\/2023\/11\/San-ga-SN15-100x100.jpg",100,100,true]},"uagb_author_info":{"display_name":"dinhlam","author_link":"https:\/\/thietbichannuoi.com\/en\/author\/"},"uagb_comment_info":0,"uagb_excerpt":"Code: SN15 Dimensions: 50x100x3.7 cm Drainage Hole Diameter: 22 mm Material: PP Block Plastic Color: White, or produced to order Made by: Minh Phat","_links":{"self":[{"href":"https:\/\/thietbichannuoi.com\/en\/wp-json\/wp\/v2\/product\/11724","targetHints":{"allow":["GET"]}}],"collection":[{"href":"https:\/\/thietbichannuoi.com\/en\/wp-json\/wp\/v2\/product"}],"about":[{"href":"https:\/\/thietbichannuoi.com\/en\/wp-json\/wp\/v2\/types\/product"}],"version-history":[{"count":0,"href":"https:\/\/thietbichannuoi.com\/en\/wp-json\/wp\/v2\/product\/11724\/revisions"}],"wp:featuredmedia":[{"embeddable":true,"href":"https:\/\/thietbichannuoi.com\/en\/wp-json\/wp\/v2\/media\/16181"}],"wp:attachment":[{"href":"https:\/\/thietbichannuoi.com\/en\/wp-json\/wp\/v2\/media?parent=11724"}],"wp:term":[{"taxonomy":"product_brand","embeddable":true,"href":"https:\/\/thietbichannuoi.com\/en\/wp-json\/wp\/v2\/product_brand?post=11724"},{"taxonomy":"product_cat","embeddable":true,"href":"https:\/\/thietbichannuoi.com\/en\/wp-json\/wp\/v2\/product_cat?post=11724"},{"taxonomy":"product_tag","embeddable":true,"href":"https:\/\/thietbichannuoi.com\/en\/wp-json\/wp\/v2\/product_tag?post=11724"}],"curies":[{"name":"wp","href":"https:\/\/api.w.org\/{rel}","templated":true}]}}