{"id":11729,"date":"2021-07-30T12:14:26","date_gmt":"2021-07-30T05:14:26","guid":{"rendered":"https:\/\/thietbichannuoi.com\/?post_type=product&#038;p=11729"},"modified":"2025-09-26T08:31:38","modified_gmt":"2025-09-26T01:31:38","slug":"box-feeder","status":"publish","type":"product","link":"https:\/\/thietbichannuoi.com\/en\/san-pham\/box-feeder\/","title":{"rendered":"Box feeder"},"content":{"rendered":"<p>Stainless steel pig feed troughs are promoted to be firmly designed, durable, helping to optimize the breeding process. With high quality stainless steel material, rusty trough, easy to clean and ensure food safety. Smart design helps to limit spillage, save food and suitable for many raising models from piglets to pork. Using stainless steel feed troughs not only helps manage diets effectively but also enhances productivity and reduces long -term costs for the farm.<\/p>\n<p><img fetchpriority=\"high\" decoding=\"async\" class=\"alignnone wp-image-18182 size-full\" src=\"https:\/\/thietbichannuoi.com\/wp-content\/uploads\/2024\/09\/chuong-heo-thit.jpg\" alt=\"\" width=\"2048\" height=\"1536\" srcset=\"https:\/\/thietbichannuoi.com\/wp-content\/uploads\/2024\/09\/chuong-heo-thit.jpg 2048w, https:\/\/thietbichannuoi.com\/wp-content\/uploads\/2024\/09\/chuong-heo-thit-600x450.jpg 600w, https:\/\/thietbichannuoi.com\/wp-content\/uploads\/2024\/09\/chuong-heo-thit-300x225.jpg 300w, https:\/\/thietbichannuoi.com\/wp-content\/uploads\/2024\/09\/chuong-heo-thit-1024x768.jpg 1024w, https:\/\/thietbichannuoi.com\/wp-content\/uploads\/2024\/09\/chuong-heo-thit-150x113.jpg 150w, https:\/\/thietbichannuoi.com\/wp-content\/uploads\/2024\/09\/chuong-heo-thit-1536x1152.jpg 1536w\" sizes=\"(max-width: 2048px) 100vw, 2048px\" \/> <img decoding=\"async\" class=\"alignnone wp-image-18192 size-full\" src=\"https:\/\/thietbichannuoi.com\/wp-content\/uploads\/2024\/09\/Mang-heo-thit.jpg\" alt=\"\" width=\"2048\" height=\"1536\" srcset=\"https:\/\/thietbichannuoi.com\/wp-content\/uploads\/2024\/09\/Mang-heo-thit.jpg 2048w, https:\/\/thietbichannuoi.com\/wp-content\/uploads\/2024\/09\/Mang-heo-thit-600x450.jpg 600w, https:\/\/thietbichannuoi.com\/wp-content\/uploads\/2024\/09\/Mang-heo-thit-300x225.jpg 300w, https:\/\/thietbichannuoi.com\/wp-content\/uploads\/2024\/09\/Mang-heo-thit-1024x768.jpg 1024w, https:\/\/thietbichannuoi.com\/wp-content\/uploads\/2024\/09\/Mang-heo-thit-150x113.jpg 150w, https:\/\/thietbichannuoi.com\/wp-content\/uploads\/2024\/09\/Mang-heo-thit-1536x1152.jpg 1536w\" sizes=\"(max-width: 2048px) 100vw, 2048px\" \/> <img decoding=\"async\" class=\"alignnone wp-image-18190 size-full\" src=\"https:\/\/thietbichannuoi.com\/wp-content\/uploads\/2024\/09\/Mang-heo-thit-02.jpg\" alt=\"\" width=\"1471\" height=\"1961\" srcset=\"https:\/\/thietbichannuoi.com\/wp-content\/uploads\/2024\/09\/Mang-heo-thit-02.jpg 1471w, https:\/\/thietbichannuoi.com\/wp-content\/uploads\/2024\/09\/Mang-heo-thit-02-600x800.jpg 600w, https:\/\/thietbichannuoi.com\/wp-content\/uploads\/2024\/09\/Mang-heo-thit-02-300x400.jpg 300w, https:\/\/thietbichannuoi.com\/wp-content\/uploads\/2024\/09\/Mang-heo-thit-02-1024x1365.jpg 1024w, https:\/\/thietbichannuoi.com\/wp-content\/uploads\/2024\/09\/Mang-heo-thit-02-150x200.jpg 150w, https:\/\/thietbichannuoi.com\/wp-content\/uploads\/2024\/09\/Mang-heo-thit-02-1152x1536.jpg 1152w\" sizes=\"(max-width: 1471px) 100vw, 1471px\" \/> <img loading=\"lazy\" decoding=\"async\" class=\"alignnone wp-image-18188 size-full\" src=\"https:\/\/thietbichannuoi.com\/wp-content\/uploads\/2024\/09\/Mang-heo-thit-01.jpg\" alt=\"\" width=\"1292\" height=\"1939\" srcset=\"https:\/\/thietbichannuoi.com\/wp-content\/uploads\/2024\/09\/Mang-heo-thit-01.jpg 1292w, https:\/\/thietbichannuoi.com\/wp-content\/uploads\/2024\/09\/Mang-heo-thit-01-600x900.jpg 600w, https:\/\/thietbichannuoi.com\/wp-content\/uploads\/2024\/09\/Mang-heo-thit-01-300x450.jpg 300w, https:\/\/thietbichannuoi.com\/wp-content\/uploads\/2024\/09\/Mang-heo-thit-01-1024x1537.jpg 1024w, https:\/\/thietbichannuoi.com\/wp-content\/uploads\/2024\/09\/Mang-heo-thit-01-150x225.jpg 150w, https:\/\/thietbichannuoi.com\/wp-content\/uploads\/2024\/09\/Mang-heo-thit-01-1023x1536.jpg 1023w\" sizes=\"(max-width: 1292px) 100vw, 1292px\" \/><\/p>\n","protected":false},"excerpt":{"rendered":"<p><strong>Code: MTD063<\/strong><\/p>\n<ul>\n<li><strong>Material:<\/strong> SUS 201\u00d71.2mm<\/li>\n<li><strong>Dimension (LxWxH):<\/strong> 1600x900x830mm<\/li>\n<li><strong>Bottom width:<\/strong> 830mm<\/li>\n<li><strong>Mouth width of the trough:<\/strong> 340mm<\/li>\n<\/ul>\n<p><strong>Code: MTD064<\/strong><\/p>\n<ul>\n<li><strong>Material:<\/strong> SUS 201\u00d71.2mm<\/li>\n<li><strong>Dimension (LxWxH):<\/strong> 1600x900x830mm<\/li>\n<li><strong>Bottom width:<\/strong> 830mm<\/li>\n<li><strong>Mouth width of the trough:<\/strong> 340mm<\/li>\n<\/ul>\n","protected":false},"featured_media":10565,"template":"","meta":{"_uag_custom_page_level_css":"","footnotes":""},"product_brand":[],"product_cat":[297,291],"product_tag":[],"class_list":{"0":"post-11729","1":"product","2":"type-product","3":"status-publish","4":"has-post-thumbnail","6":"product_cat-feeding-system","7":"product_cat-equipment-for-pig","9":"first","10":"instock","11":"shipping-taxable","12":"product-type-simple"},"acf":[],"yoast_head":"<!-- This site is optimized with the Yoast SEO Premium plugin v22.9 (Yoast SEO v27.5) - https:\/\/yoast.com\/product\/yoast-seo-premium-wordpress\/ -->\n<title>Box feeder - Thi\u1ebft b\u1ecb ch\u0103n nu\u00f4i<\/title>\n<meta name=\"description\" content=\"Box piglet feeder\" \/>\n<meta name=\"robots\" content=\"index, follow, max-snippet:-1, max-image-preview:large, max-video-preview:-1\" \/>\n<link rel=\"canonical\" href=\"https:\/\/thietbichannuoi.com\/en\/san-pham\/box-feeder\/\" \/>\n<meta property=\"og:locale\" content=\"en_US\" \/>\n<meta property=\"og:type\" content=\"article\" \/>\n<meta property=\"og:title\" content=\"Box feeder\" \/>\n<meta property=\"og:description\" content=\"Code: MTD063   Material: SUS 201\u00d71.2mm  Dimension (LxWxH): 1600x900x830mm  Bottom width: 830mm  Mouth width of the trough: 340mm  Code: MTD064   Material: SUS 201\u00d71.2mm  Dimension (LxWxH): 1600x900x830mm  Bottom width: 830mm  Mouth width of the trough: 340mm\" \/>\n<meta property=\"og:url\" content=\"https:\/\/thietbichannuoi.com\/en\/san-pham\/box-feeder\/\" \/>\n<meta property=\"og:site_name\" content=\"Thi\u1ebft b\u1ecb ch\u0103n nu\u00f4i\" \/>\n<meta property=\"article:modified_time\" content=\"2025-09-26T01:31:38+00:00\" \/>\n<meta property=\"og:image\" content=\"https:\/\/thietbichannuoi.com\/wp-content\/uploads\/2021\/04\/mang-an-cho-heo-1.jpg\" \/>\n\t<meta property=\"og:image:width\" content=\"1400\" \/>\n\t<meta property=\"og:image:height\" content=\"1200\" \/>\n\t<meta property=\"og:image:type\" content=\"image\/jpeg\" \/>\n<meta name=\"twitter:card\" content=\"summary_large_image\" \/>\n<meta name=\"twitter:label1\" content=\"Est. reading time\" \/>\n\t<meta name=\"twitter:data1\" content=\"2 minutes\" \/>\n<!-- \/ Yoast SEO Premium plugin. -->","yoast_head_json":{"title":"Box feeder - Thi\u1ebft b\u1ecb ch\u0103n nu\u00f4i","description":"Box piglet feeder","robots":{"index":"index","follow":"follow","max-snippet":"max-snippet:-1","max-image-preview":"max-image-preview:large","max-video-preview":"max-video-preview:-1"},"canonical":"https:\/\/thietbichannuoi.com\/en\/san-pham\/box-feeder\/","og_locale":"en_US","og_type":"article","og_title":"Box feeder","og_description":"Code: MTD063   Material: SUS 201\u00d71.2mm  Dimension (LxWxH): 1600x900x830mm  Bottom width: 830mm  Mouth width of the trough: 340mm  Code: MTD064   Material: SUS 201\u00d71.2mm  Dimension (LxWxH): 1600x900x830mm  Bottom width: 830mm  Mouth width of the trough: 340mm","og_url":"https:\/\/thietbichannuoi.com\/en\/san-pham\/box-feeder\/","og_site_name":"Thi\u1ebft b\u1ecb ch\u0103n nu\u00f4i","article_modified_time":"2025-09-26T01:31:38+00:00","og_image":[{"width":1400,"height":1200,"url":"https:\/\/thietbichannuoi.com\/wp-content\/uploads\/2021\/04\/mang-an-cho-heo-1.jpg","type":"image\/jpeg"}],"twitter_card":"summary_large_image","twitter_misc":{"Est. reading time":"2 minutes"},"schema":{"@context":"https:\/\/schema.org","@graph":[{"@type":"WebPage","@id":"https:\/\/thietbichannuoi.com\/en\/san-pham\/box-feeder\/","url":"https:\/\/thietbichannuoi.com\/en\/san-pham\/box-feeder\/","name":"Box feeder - Thi\u1ebft b\u1ecb ch\u0103n nu\u00f4i","isPartOf":{"@id":"https:\/\/thietbichannuoi.com\/#website"},"primaryImageOfPage":{"@id":"https:\/\/thietbichannuoi.com\/en\/san-pham\/box-feeder\/#primaryimage"},"image":{"@id":"https:\/\/thietbichannuoi.com\/en\/san-pham\/box-feeder\/#primaryimage"},"thumbnailUrl":"https:\/\/thietbichannuoi.com\/wp-content\/uploads\/2021\/04\/mang-an-cho-heo-1.jpg","datePublished":"2021-07-30T05:14:26+00:00","dateModified":"2025-09-26T01:31:38+00:00","description":"Box piglet feeder","breadcrumb":{"@id":"https:\/\/thietbichannuoi.com\/en\/san-pham\/box-feeder\/#breadcrumb"},"inLanguage":"en-US","potentialAction":[{"@type":"ReadAction","target":["https:\/\/thietbichannuoi.com\/en\/san-pham\/box-feeder\/"]}]},{"@type":"ImageObject","inLanguage":"en-US","@id":"https:\/\/thietbichannuoi.com\/en\/san-pham\/box-feeder\/#primaryimage","url":"https:\/\/thietbichannuoi.com\/wp-content\/uploads\/2021\/04\/mang-an-cho-heo-1.jpg","contentUrl":"https:\/\/thietbichannuoi.com\/wp-content\/uploads\/2021\/04\/mang-an-cho-heo-1.jpg","width":1400,"height":1200,"caption":"Box piglet feeder"},{"@type":"BreadcrumbList","@id":"https:\/\/thietbichannuoi.com\/en\/san-pham\/box-feeder\/#breadcrumb","itemListElement":[{"@type":"ListItem","position":1,"name":"Home","item":"https:\/\/thietbichannuoi.com\/en\/"},{"@type":"ListItem","position":2,"name":"Shop","item":"https:\/\/thietbichannuoi.com\/shop\/"},{"@type":"ListItem","position":3,"name":"Box feeder"}]},{"@type":"WebSite","@id":"https:\/\/thietbichannuoi.com\/#website","url":"https:\/\/thietbichannuoi.com\/","name":"Thi\u1ebft b\u1ecb ch\u0103n nu\u00f4i","description":"S\u1ea3n xu\u1ea5t thi\u1ebft b\u1ecb ch\u0103n nu\u00f4i gia s\u00fac, gia c\u1ea7m v\u00e0 c\u00e1c s\u1ea3n ph\u1ea9m t\u1eeb nh\u1ef1a","publisher":{"@id":"https:\/\/thietbichannuoi.com\/#organization"},"potentialAction":[{"@type":"SearchAction","target":{"@type":"EntryPoint","urlTemplate":"https:\/\/thietbichannuoi.com\/?s={search_term_string}"},"query-input":{"@type":"PropertyValueSpecification","valueRequired":true,"valueName":"search_term_string"}}],"inLanguage":"en-US"},{"@type":"Organization","@id":"https:\/\/thietbichannuoi.com\/#organization","name":"Thi\u1ebft b\u1ecb ch\u0103n nu\u00f4i Minh Ph\u00e1t","url":"https:\/\/thietbichannuoi.com\/","logo":{"@type":"ImageObject","inLanguage":"en-US","@id":"https:\/\/thietbichannuoi.com\/#\/schema\/logo\/image\/","url":"https:\/\/thietbichannuoi.com\/wp-content\/uploads\/2021\/04\/logo-thiet-bi-chan-nuoi.png","contentUrl":"https:\/\/thietbichannuoi.com\/wp-content\/uploads\/2021\/04\/logo-thiet-bi-chan-nuoi.png","width":104,"height":79,"caption":"Thi\u1ebft b\u1ecb ch\u0103n nu\u00f4i Minh Ph\u00e1t"},"image":{"@id":"https:\/\/thietbichannuoi.com\/#\/schema\/logo\/image\/"}}]}},"uagb_featured_image_src":{"full":["https:\/\/thietbichannuoi.com\/wp-content\/uploads\/2021\/04\/mang-an-cho-heo-1.jpg",1400,1200,false],"thumbnail":["https:\/\/thietbichannuoi.com\/wp-content\/uploads\/2021\/04\/mang-an-cho-heo-1.jpg",150,129,false],"medium":["https:\/\/thietbichannuoi.com\/wp-content\/uploads\/2021\/04\/mang-an-cho-heo-1.jpg",300,257,false],"medium_large":["https:\/\/thietbichannuoi.com\/wp-content\/uploads\/2021\/04\/mang-an-cho-heo-1.jpg",1400,1200,false],"large":["https:\/\/thietbichannuoi.com\/wp-content\/uploads\/2021\/04\/mang-an-cho-heo-1.jpg",800,686,false],"1536x1536":["https:\/\/thietbichannuoi.com\/wp-content\/uploads\/2021\/04\/mang-an-cho-heo-1.jpg",1400,1200,false],"2048x2048":["https:\/\/thietbichannuoi.com\/wp-content\/uploads\/2021\/04\/mang-an-cho-heo-1.jpg",1400,1200,false],"woocommerce_thumbnail":["https:\/\/thietbichannuoi.com\/wp-content\/uploads\/2021\/04\/mang-an-cho-heo-1.jpg",1400,1200,false],"woocommerce_single":["https:\/\/thietbichannuoi.com\/wp-content\/uploads\/2021\/04\/mang-an-cho-heo-1.jpg",1400,1200,false],"woocommerce_gallery_thumbnail":["https:\/\/thietbichannuoi.com\/wp-content\/uploads\/2021\/04\/mang-an-cho-heo-1-100x100.jpg",100,100,true]},"uagb_author_info":{"display_name":"dinhlam","author_link":"https:\/\/thietbichannuoi.com\/en\/author\/"},"uagb_comment_info":0,"uagb_excerpt":"Code: MTD063 Material: SUS 201\u00d71.2mm Dimension (LxWxH): 1600x900x830mm Bottom width: 830mm Mouth width of the trough: 340mm Code: MTD064 Material: SUS 201\u00d71.2mm Dimension (LxWxH): 1600x900x830mm Bottom width: 830mm Mouth width of the trough: 340mm","_links":{"self":[{"href":"https:\/\/thietbichannuoi.com\/en\/wp-json\/wp\/v2\/product\/11729","targetHints":{"allow":["GET"]}}],"collection":[{"href":"https:\/\/thietbichannuoi.com\/en\/wp-json\/wp\/v2\/product"}],"about":[{"href":"https:\/\/thietbichannuoi.com\/en\/wp-json\/wp\/v2\/types\/product"}],"version-history":[{"count":0,"href":"https:\/\/thietbichannuoi.com\/en\/wp-json\/wp\/v2\/product\/11729\/revisions"}],"wp:featuredmedia":[{"embeddable":true,"href":"https:\/\/thietbichannuoi.com\/en\/wp-json\/wp\/v2\/media\/10565"}],"wp:attachment":[{"href":"https:\/\/thietbichannuoi.com\/en\/wp-json\/wp\/v2\/media?parent=11729"}],"wp:term":[{"taxonomy":"product_brand","embeddable":true,"href":"https:\/\/thietbichannuoi.com\/en\/wp-json\/wp\/v2\/product_brand?post=11729"},{"taxonomy":"product_cat","embeddable":true,"href":"https:\/\/thietbichannuoi.com\/en\/wp-json\/wp\/v2\/product_cat?post=11729"},{"taxonomy":"product_tag","embeddable":true,"href":"https:\/\/thietbichannuoi.com\/en\/wp-json\/wp\/v2\/product_tag?post=11729"}],"curies":[{"name":"wp","href":"https:\/\/api.w.org\/{rel}","templated":true}]}}