{"id":11733,"date":"2021-07-30T12:24:55","date_gmt":"2021-07-30T05:24:55","guid":{"rendered":"https:\/\/thietbichannuoi.com\/?post_type=product&#038;p=11733"},"modified":"2025-09-22T10:39:07","modified_gmt":"2025-09-22T03:39:07","slug":"auto-drinking-system-for-duck","status":"publish","type":"product","link":"https:\/\/thietbichannuoi.com\/en\/san-pham\/auto-drinking-system-for-duck\/","title":{"rendered":"Auto drinking system for duck"},"content":{"rendered":"<p class=\"\" data-start=\"64\" data-end=\"395\">H\u1ec7 th\u1ed1ng u\u1ed1ng n\u01b0\u1edbc t\u1ef1 \u0111\u1ed9ng cho v\u1ecbt c\u1ee7a\u00a0<strong data-start=\"102\" data-end=\"115\">Minh Ph\u00e1t<\/strong>\u00a0l\u00e0 gi\u1ea3i ph\u00e1p hi\u1ec7n \u0111\u1ea1i gi\u00fap ch\u0103n nu\u00f4i hi\u1ec7u qu\u1ea3 h\u01a1n, ti\u1ebft ki\u1ec7m c\u00f4ng s\u1ee9c v\u00e0 \u0111\u1ea3m b\u1ea3o v\u1ec7 sinh ngu\u1ed3n n\u01b0\u1edbc cho \u0111\u00e0n g\u00e0. V\u1edbi thi\u1ebft k\u1ebf th\u00f4ng minh, h\u1ec7 th\u1ed1ng cung c\u1ea5p n\u01b0\u1edbc s\u1ea1ch li\u00ean t\u1ee5c, gi\u00fap g\u00e0 d\u1ec5 d\u00e0ng ti\u1ebfp c\u1eadn v\u00e0 u\u1ed1ng \u0111\u1ee7 l\u01b0\u1ee3ng n\u01b0\u1edbc c\u1ea7n thi\u1ebft, t\u1eeb \u0111\u00f3 n\u00e2ng cao n\u0103ng su\u1ea5t v\u00e0 s\u1ee9c kh\u1ecfe \u0111\u00e0n v\u1ecbt.<\/p>\n<h3 class=\"\" data-start=\"397\" data-end=\"423\"><strong data-start=\"401\" data-end=\"421\">\u01afu \u0111i\u1ec3m n\u1ed5i b\u1eadt:<\/strong><\/h3>\n<ul data-start=\"424\" data-end=\"795\">\n<li class=\"\" data-start=\"424\" data-end=\"508\">\n<p class=\"\" data-start=\"426\" data-end=\"508\">Cung c\u1ea5p n\u01b0\u1edbc li\u00ean t\u1ee5c \u2013 \u0110\u1ea3m b\u1ea3o g\u00e0 lu\u00f4n c\u00f3 n\u01b0\u1edbc s\u1ea1ch \u0111\u1ec3 u\u1ed1ng, h\u1ea1n ch\u1ebf b\u1ec7nh t\u1eadt.<\/p>\n<\/li>\n<li class=\"\" data-start=\"509\" data-end=\"599\">\n<p class=\"\" data-start=\"511\" data-end=\"599\">Ti\u1ebft ki\u1ec7m n\u01b0\u1edbc v\u00e0 c\u00f4ng s\u1ee9c \u2013 Gi\u1ea3m l\u00e3ng ph\u00ed, kh\u00f4ng c\u1ea7n thay n\u01b0\u1edbc th\u1ee7 c\u00f4ng th\u01b0\u1eddng xuy\u00ean.<\/p>\n<\/li>\n<li class=\"\" data-start=\"600\" data-end=\"701\">\n<p class=\"\" data-start=\"602\" data-end=\"701\">D\u1ec5 l\u1eafp \u0111\u1eb7t v\u00e0 s\u1eed d\u1ee5ng \u2013 Ph\u00f9 h\u1ee3p cho nhi\u1ec1u m\u00f4 h\u00ecnh ch\u0103n nu\u00f4i, t\u1eeb nh\u1ecf l\u1ebb \u0111\u1ebfn trang tr\u1ea1i quy m\u00f4 l\u1edbn.<\/p>\n<\/li>\n<li class=\"\" data-start=\"702\" data-end=\"795\">\n<p class=\"\" data-start=\"704\" data-end=\"795\">\u0110\u1ed9 b\u1ec1n cao \u2013 S\u1ea3n xu\u1ea5t t\u1eeb v\u1eadt li\u1ec7u ch\u1ea5t l\u01b0\u1ee3ng, ch\u1ecbu \u0111\u01b0\u1ee3c m\u00f4i tr\u01b0\u1eddng ch\u0103n nu\u00f4i kh\u1eafc nghi\u1ec7t.<\/p>\n<\/li>\n<\/ul>\n<p class=\"\" data-start=\"797\" data-end=\"964\">V\u1edbi cam k\u1ebft mang l\u1ea1i gi\u1ea3i ph\u00e1p\u00a0<strong data-start=\"828\" data-end=\"861\">hi\u1ec7u qu\u1ea3 \u2013 b\u1ec1n b\u1ec9 \u2013 ti\u1ebft ki\u1ec7m<\/strong>, Minh Ph\u00e1t lu\u00f4n \u0111\u1ed3ng h\u00e0nh c\u00f9ng nh\u00e0 ch\u0103n nu\u00f4i trong vi\u1ec7c n\u00e2ng cao hi\u1ec7u su\u1ea5t v\u00e0 gi\u1ea3m chi ph\u00ed s\u1ea3n xu\u1ea5t.<\/p>\n<p class=\"\" data-start=\"966\" data-end=\"1016\">Li\u00ean h\u1ec7 ngay Minh Ph\u00e1t \u0111\u1ec3 \u0111\u01b0\u1ee3c t\u01b0 v\u1ea5n v\u00e0 \u0111\u1eb7t h\u00e0ng!<\/p>\n<p><img fetchpriority=\"high\" decoding=\"async\" class=\"alignnone wp-image-18133 size-full\" src=\"https:\/\/thietbichannuoi.com\/wp-content\/uploads\/2024\/09\/duong-uong-cho-vit-01-scaled.jpg\" alt=\"\" width=\"2560\" height=\"1920\" srcset=\"https:\/\/thietbichannuoi.com\/wp-content\/uploads\/2024\/09\/duong-uong-cho-vit-01-scaled.jpg 2560w, https:\/\/thietbichannuoi.com\/wp-content\/uploads\/2024\/09\/duong-uong-cho-vit-01-scaled-600x450.jpg 600w, https:\/\/thietbichannuoi.com\/wp-content\/uploads\/2024\/09\/duong-uong-cho-vit-01-300x225.jpg 300w, https:\/\/thietbichannuoi.com\/wp-content\/uploads\/2024\/09\/duong-uong-cho-vit-01-1024x768.jpg 1024w, https:\/\/thietbichannuoi.com\/wp-content\/uploads\/2024\/09\/duong-uong-cho-vit-01-150x113.jpg 150w, https:\/\/thietbichannuoi.com\/wp-content\/uploads\/2024\/09\/duong-uong-cho-vit-01-1536x1152.jpg 1536w, https:\/\/thietbichannuoi.com\/wp-content\/uploads\/2024\/09\/duong-uong-cho-vit-01-2048x1536.jpg 2048w\" sizes=\"(max-width: 2560px) 100vw, 2560px\" \/><\/p>\n<p><img decoding=\"async\" class=\"alignnone wp-image-18135 size-full\" src=\"https:\/\/thietbichannuoi.com\/wp-content\/uploads\/2024\/09\/duong-uong-cho-vit-scaled.jpg\" alt=\"\" width=\"2560\" height=\"1920\" srcset=\"https:\/\/thietbichannuoi.com\/wp-content\/uploads\/2024\/09\/duong-uong-cho-vit-scaled.jpg 2560w, https:\/\/thietbichannuoi.com\/wp-content\/uploads\/2024\/09\/duong-uong-cho-vit-scaled-600x450.jpg 600w, https:\/\/thietbichannuoi.com\/wp-content\/uploads\/2024\/09\/duong-uong-cho-vit-300x225.jpg 300w, https:\/\/thietbichannuoi.com\/wp-content\/uploads\/2024\/09\/duong-uong-cho-vit-1024x768.jpg 1024w, https:\/\/thietbichannuoi.com\/wp-content\/uploads\/2024\/09\/duong-uong-cho-vit-150x113.jpg 150w, https:\/\/thietbichannuoi.com\/wp-content\/uploads\/2024\/09\/duong-uong-cho-vit-1536x1152.jpg 1536w, https:\/\/thietbichannuoi.com\/wp-content\/uploads\/2024\/09\/duong-uong-cho-vit-2048x1536.jpg 2048w\" sizes=\"(max-width: 2560px) 100vw, 2560px\" \/><\/p>\n<p><img decoding=\"async\" class=\"alignnone wp-image-18137 size-full\" src=\"https:\/\/thietbichannuoi.com\/wp-content\/uploads\/2024\/09\/He-thong-uong-tu-dong-cho-vit-scaled.jpg\" alt=\"\" width=\"2560\" height=\"1920\" srcset=\"https:\/\/thietbichannuoi.com\/wp-content\/uploads\/2024\/09\/He-thong-uong-tu-dong-cho-vit-scaled.jpg 2560w, https:\/\/thietbichannuoi.com\/wp-content\/uploads\/2024\/09\/He-thong-uong-tu-dong-cho-vit-scaled-600x450.jpg 600w, https:\/\/thietbichannuoi.com\/wp-content\/uploads\/2024\/09\/He-thong-uong-tu-dong-cho-vit-300x225.jpg 300w, https:\/\/thietbichannuoi.com\/wp-content\/uploads\/2024\/09\/He-thong-uong-tu-dong-cho-vit-1024x768.jpg 1024w, https:\/\/thietbichannuoi.com\/wp-content\/uploads\/2024\/09\/He-thong-uong-tu-dong-cho-vit-150x113.jpg 150w, https:\/\/thietbichannuoi.com\/wp-content\/uploads\/2024\/09\/He-thong-uong-tu-dong-cho-vit-1536x1152.jpg 1536w, https:\/\/thietbichannuoi.com\/wp-content\/uploads\/2024\/09\/He-thong-uong-tu-dong-cho-vit-2048x1536.jpg 2048w\" sizes=\"(max-width: 2560px) 100vw, 2560px\" \/><\/p>\n<p><img loading=\"lazy\" decoding=\"async\" class=\"alignnone wp-image-18117 size-full\" src=\"https:\/\/thietbichannuoi.com\/wp-content\/uploads\/2019\/09\/z5806736977458_6c1106ad4b24ed696ae75d8bdedf5d3f-scaled.jpg\" alt=\"\" width=\"2560\" height=\"1920\" srcset=\"https:\/\/thietbichannuoi.com\/wp-content\/uploads\/2019\/09\/z5806736977458_6c1106ad4b24ed696ae75d8bdedf5d3f-scaled.jpg 2560w, https:\/\/thietbichannuoi.com\/wp-content\/uploads\/2019\/09\/z5806736977458_6c1106ad4b24ed696ae75d8bdedf5d3f-300x225.jpg 300w, https:\/\/thietbichannuoi.com\/wp-content\/uploads\/2019\/09\/z5806736977458_6c1106ad4b24ed696ae75d8bdedf5d3f-1024x768.jpg 1024w, https:\/\/thietbichannuoi.com\/wp-content\/uploads\/2019\/09\/z5806736977458_6c1106ad4b24ed696ae75d8bdedf5d3f-150x113.jpg 150w, https:\/\/thietbichannuoi.com\/wp-content\/uploads\/2019\/09\/z5806736977458_6c1106ad4b24ed696ae75d8bdedf5d3f-1536x1152.jpg 1536w, https:\/\/thietbichannuoi.com\/wp-content\/uploads\/2019\/09\/z5806736977458_6c1106ad4b24ed696ae75d8bdedf5d3f-2048x1536.jpg 2048w\" sizes=\"(max-width: 2560px) 100vw, 2560px\" \/><\/p>\n","protected":false},"excerpt":{"rendered":"<p><strong>Code:<\/strong> <strong>HTU011<\/strong><\/p>\n<ul>\n<li>Drinker for Ducks, Length X m: Includes X pieces of 25&#215;25 mm square pipes, each 4 meters long, with 16 nipples per pipe, and a complete lifting system.<\/li>\n<li>Not Included: Galvanized Pipe D27, 1.9 mm thick by H\u00f2a Ph\u00e1t, pressure regulator, medication mixer, and electric shock kit.<\/li>\n<\/ul>\n","protected":false},"featured_media":15479,"template":"","meta":{"_uag_custom_page_level_css":"","footnotes":""},"product_brand":[],"product_cat":[602,589],"product_tag":[],"class_list":{"0":"post-11733","1":"product","2":"type-product","3":"status-publish","4":"has-post-thumbnail","6":"product_cat-drinking-system-for-poultry","7":"product_cat-poultry-equipment","9":"first","10":"instock","11":"shipping-taxable","12":"product-type-simple"},"acf":[],"yoast_head":"<!-- This site is optimized with the Yoast SEO Premium plugin v22.9 (Yoast SEO v27.4) - https:\/\/yoast.com\/product\/yoast-seo-premium-wordpress\/ -->\n<title>Auto drinking system for duck - Thi\u1ebft b\u1ecb ch\u0103n nu\u00f4i<\/title>\n<meta name=\"description\" content=\"Auto drinking system for duck\" \/>\n<meta name=\"robots\" content=\"index, follow, max-snippet:-1, max-image-preview:large, max-video-preview:-1\" \/>\n<link rel=\"canonical\" href=\"https:\/\/thietbichannuoi.com\/en\/san-pham\/auto-drinking-system-for-duck\/\" \/>\n<meta property=\"og:locale\" content=\"en_US\" \/>\n<meta property=\"og:type\" content=\"article\" \/>\n<meta property=\"og:title\" content=\"Auto drinking system for duck\" \/>\n<meta property=\"og:description\" content=\"Code: HTU011   Drinker for Ducks, Length X m: Includes X pieces of 25x25 mm square pipes, each 4 meters long, with 16 nipples per pipe, and a complete lifting system.  Not Included: Galvanized Pipe D27, 1.9 mm thick by H\u00f2a Ph\u00e1t, pressure regulator, medication mixer, and electric shock kit.\" \/>\n<meta property=\"og:url\" content=\"https:\/\/thietbichannuoi.com\/en\/san-pham\/auto-drinking-system-for-duck\/\" \/>\n<meta property=\"og:site_name\" content=\"Thi\u1ebft b\u1ecb ch\u0103n nu\u00f4i\" \/>\n<meta property=\"article:modified_time\" content=\"2025-09-22T03:39:07+00:00\" \/>\n<meta property=\"og:image\" content=\"https:\/\/thietbichannuoi.com\/wp-content\/uploads\/2019\/09\/He-thong-uong-nuoc-cho-vit-HTU01-1-1.jpg\" \/>\n\t<meta property=\"og:image:width\" content=\"1400\" \/>\n\t<meta property=\"og:image:height\" content=\"1200\" \/>\n\t<meta property=\"og:image:type\" content=\"image\/jpeg\" \/>\n<meta name=\"twitter:card\" content=\"summary_large_image\" \/>\n<meta name=\"twitter:label1\" content=\"Est. reading time\" \/>\n\t<meta name=\"twitter:data1\" content=\"3 minutes\" \/>\n<!-- \/ Yoast SEO Premium plugin. -->","yoast_head_json":{"title":"Auto drinking system for duck - Thi\u1ebft b\u1ecb ch\u0103n nu\u00f4i","description":"Auto drinking system for duck","robots":{"index":"index","follow":"follow","max-snippet":"max-snippet:-1","max-image-preview":"max-image-preview:large","max-video-preview":"max-video-preview:-1"},"canonical":"https:\/\/thietbichannuoi.com\/en\/san-pham\/auto-drinking-system-for-duck\/","og_locale":"en_US","og_type":"article","og_title":"Auto drinking system for duck","og_description":"Code: HTU011   Drinker for Ducks, Length X m: Includes X pieces of 25x25 mm square pipes, each 4 meters long, with 16 nipples per pipe, and a complete lifting system.  Not Included: Galvanized Pipe D27, 1.9 mm thick by H\u00f2a Ph\u00e1t, pressure regulator, medication mixer, and electric shock kit.","og_url":"https:\/\/thietbichannuoi.com\/en\/san-pham\/auto-drinking-system-for-duck\/","og_site_name":"Thi\u1ebft b\u1ecb ch\u0103n nu\u00f4i","article_modified_time":"2025-09-22T03:39:07+00:00","og_image":[{"width":1400,"height":1200,"url":"https:\/\/thietbichannuoi.com\/wp-content\/uploads\/2019\/09\/He-thong-uong-nuoc-cho-vit-HTU01-1-1.jpg","type":"image\/jpeg"}],"twitter_card":"summary_large_image","twitter_misc":{"Est. reading time":"3 minutes"},"schema":{"@context":"https:\/\/schema.org","@graph":[{"@type":"WebPage","@id":"https:\/\/thietbichannuoi.com\/en\/san-pham\/auto-drinking-system-for-duck\/","url":"https:\/\/thietbichannuoi.com\/en\/san-pham\/auto-drinking-system-for-duck\/","name":"Auto drinking system for duck - Thi\u1ebft b\u1ecb ch\u0103n nu\u00f4i","isPartOf":{"@id":"https:\/\/thietbichannuoi.com\/#website"},"primaryImageOfPage":{"@id":"https:\/\/thietbichannuoi.com\/en\/san-pham\/auto-drinking-system-for-duck\/#primaryimage"},"image":{"@id":"https:\/\/thietbichannuoi.com\/en\/san-pham\/auto-drinking-system-for-duck\/#primaryimage"},"thumbnailUrl":"https:\/\/thietbichannuoi.com\/wp-content\/uploads\/2019\/09\/He-thong-uong-nuoc-cho-vit-HTU01-1-1.jpg","datePublished":"2021-07-30T05:24:55+00:00","dateModified":"2025-09-22T03:39:07+00:00","description":"Auto drinking system for duck","breadcrumb":{"@id":"https:\/\/thietbichannuoi.com\/en\/san-pham\/auto-drinking-system-for-duck\/#breadcrumb"},"inLanguage":"en-US","potentialAction":[{"@type":"ReadAction","target":["https:\/\/thietbichannuoi.com\/en\/san-pham\/auto-drinking-system-for-duck\/"]}]},{"@type":"ImageObject","inLanguage":"en-US","@id":"https:\/\/thietbichannuoi.com\/en\/san-pham\/auto-drinking-system-for-duck\/#primaryimage","url":"https:\/\/thietbichannuoi.com\/wp-content\/uploads\/2019\/09\/He-thong-uong-nuoc-cho-vit-HTU01-1-1.jpg","contentUrl":"https:\/\/thietbichannuoi.com\/wp-content\/uploads\/2019\/09\/He-thong-uong-nuoc-cho-vit-HTU01-1-1.jpg","width":1400,"height":1200,"caption":"Auto drinking system for duck HTU01-1"},{"@type":"BreadcrumbList","@id":"https:\/\/thietbichannuoi.com\/en\/san-pham\/auto-drinking-system-for-duck\/#breadcrumb","itemListElement":[{"@type":"ListItem","position":1,"name":"Home","item":"https:\/\/thietbichannuoi.com\/en\/"},{"@type":"ListItem","position":2,"name":"Shop","item":"https:\/\/thietbichannuoi.com\/shop\/"},{"@type":"ListItem","position":3,"name":"Auto drinking system for duck"}]},{"@type":"WebSite","@id":"https:\/\/thietbichannuoi.com\/#website","url":"https:\/\/thietbichannuoi.com\/","name":"Thi\u1ebft b\u1ecb ch\u0103n nu\u00f4i","description":"S\u1ea3n xu\u1ea5t thi\u1ebft b\u1ecb ch\u0103n nu\u00f4i gia s\u00fac, gia c\u1ea7m v\u00e0 c\u00e1c s\u1ea3n ph\u1ea9m t\u1eeb nh\u1ef1a","publisher":{"@id":"https:\/\/thietbichannuoi.com\/#organization"},"potentialAction":[{"@type":"SearchAction","target":{"@type":"EntryPoint","urlTemplate":"https:\/\/thietbichannuoi.com\/?s={search_term_string}"},"query-input":{"@type":"PropertyValueSpecification","valueRequired":true,"valueName":"search_term_string"}}],"inLanguage":"en-US"},{"@type":"Organization","@id":"https:\/\/thietbichannuoi.com\/#organization","name":"Thi\u1ebft b\u1ecb ch\u0103n nu\u00f4i Minh Ph\u00e1t","url":"https:\/\/thietbichannuoi.com\/","logo":{"@type":"ImageObject","inLanguage":"en-US","@id":"https:\/\/thietbichannuoi.com\/#\/schema\/logo\/image\/","url":"https:\/\/thietbichannuoi.com\/wp-content\/uploads\/2021\/04\/logo-thiet-bi-chan-nuoi.png","contentUrl":"https:\/\/thietbichannuoi.com\/wp-content\/uploads\/2021\/04\/logo-thiet-bi-chan-nuoi.png","width":104,"height":79,"caption":"Thi\u1ebft b\u1ecb ch\u0103n nu\u00f4i Minh Ph\u00e1t"},"image":{"@id":"https:\/\/thietbichannuoi.com\/#\/schema\/logo\/image\/"}}]}},"uagb_featured_image_src":{"full":["https:\/\/thietbichannuoi.com\/wp-content\/uploads\/2019\/09\/He-thong-uong-nuoc-cho-vit-HTU01-1-1.jpg",1400,1200,false],"thumbnail":["https:\/\/thietbichannuoi.com\/wp-content\/uploads\/2019\/09\/He-thong-uong-nuoc-cho-vit-HTU01-1-1.jpg",150,129,false],"medium":["https:\/\/thietbichannuoi.com\/wp-content\/uploads\/2019\/09\/He-thong-uong-nuoc-cho-vit-HTU01-1-1.jpg",300,257,false],"medium_large":["https:\/\/thietbichannuoi.com\/wp-content\/uploads\/2019\/09\/He-thong-uong-nuoc-cho-vit-HTU01-1-1.jpg",1400,1200,false],"large":["https:\/\/thietbichannuoi.com\/wp-content\/uploads\/2019\/09\/He-thong-uong-nuoc-cho-vit-HTU01-1-1.jpg",800,686,false],"1536x1536":["https:\/\/thietbichannuoi.com\/wp-content\/uploads\/2019\/09\/He-thong-uong-nuoc-cho-vit-HTU01-1-1.jpg",1400,1200,false],"2048x2048":["https:\/\/thietbichannuoi.com\/wp-content\/uploads\/2019\/09\/He-thong-uong-nuoc-cho-vit-HTU01-1-1.jpg",1400,1200,false],"woocommerce_thumbnail":["https:\/\/thietbichannuoi.com\/wp-content\/uploads\/2019\/09\/He-thong-uong-nuoc-cho-vit-HTU01-1-1.jpg",1400,1200,false],"woocommerce_single":["https:\/\/thietbichannuoi.com\/wp-content\/uploads\/2019\/09\/He-thong-uong-nuoc-cho-vit-HTU01-1-1.jpg",1400,1200,false],"woocommerce_gallery_thumbnail":["https:\/\/thietbichannuoi.com\/wp-content\/uploads\/2019\/09\/He-thong-uong-nuoc-cho-vit-HTU01-1-1-100x100.jpg",100,100,true]},"uagb_author_info":{"display_name":"dinhlam","author_link":"https:\/\/thietbichannuoi.com\/en\/author\/"},"uagb_comment_info":0,"uagb_excerpt":"Code: HTU011 Drinker for Ducks, Length X m: Includes X pieces of 25x25 mm square pipes, each 4 meters long, with 16 nipples per pipe, and a complete lifting system. Not Included: Galvanized Pipe D27, 1.9 mm thick by H\u00f2a Ph\u00e1t, pressure regulator, medication mixer, and electric shock kit.","_links":{"self":[{"href":"https:\/\/thietbichannuoi.com\/en\/wp-json\/wp\/v2\/product\/11733","targetHints":{"allow":["GET"]}}],"collection":[{"href":"https:\/\/thietbichannuoi.com\/en\/wp-json\/wp\/v2\/product"}],"about":[{"href":"https:\/\/thietbichannuoi.com\/en\/wp-json\/wp\/v2\/types\/product"}],"version-history":[{"count":0,"href":"https:\/\/thietbichannuoi.com\/en\/wp-json\/wp\/v2\/product\/11733\/revisions"}],"wp:featuredmedia":[{"embeddable":true,"href":"https:\/\/thietbichannuoi.com\/en\/wp-json\/wp\/v2\/media\/15479"}],"wp:attachment":[{"href":"https:\/\/thietbichannuoi.com\/en\/wp-json\/wp\/v2\/media?parent=11733"}],"wp:term":[{"taxonomy":"product_brand","embeddable":true,"href":"https:\/\/thietbichannuoi.com\/en\/wp-json\/wp\/v2\/product_brand?post=11733"},{"taxonomy":"product_cat","embeddable":true,"href":"https:\/\/thietbichannuoi.com\/en\/wp-json\/wp\/v2\/product_cat?post=11733"},{"taxonomy":"product_tag","embeddable":true,"href":"https:\/\/thietbichannuoi.com\/en\/wp-json\/wp\/v2\/product_tag?post=11733"}],"curies":[{"name":"wp","href":"https:\/\/api.w.org\/{rel}","templated":true}]}}