{"id":11735,"date":"2021-07-30T12:27:53","date_gmt":"2021-07-30T05:27:53","guid":{"rendered":"https:\/\/thietbichannuoi.com\/?post_type=product&#038;p=11735"},"modified":"2025-09-25T09:42:32","modified_gmt":"2025-09-25T02:42:32","slug":"electronic-fence-controller-ruitenainer","status":"publish","type":"product","link":"https:\/\/thietbichannuoi.com\/en\/san-pham\/electronic-fence-controller-ruitenainer\/","title":{"rendered":"Electronic Fence controller  &#8211; ruitenainer"},"content":{"rendered":"<p><strong>Installation and Usage Notes<\/strong><\/p>\n<ul>\n<li>Electronic Fence controlelr Device is a specially designed equipment that uses low current intensity and high voltage (800V) to prevent chickens from roosting on feed and water lines.<\/li>\n<li>The device can be used with up to 6 feed and water lines, each approximately 100 meters long.<\/li>\n<li>Use insulated wires rated for 1000 V.<\/li>\n<li>A red indicator light will illuminate if the device is operating properly.<\/li>\n<li>The light will turn off in case of a short circuit.<\/li>\n<\/ul>\n<p><strong>Caution:<\/strong> Ensure the power is disconnected before performing any repairs. Touching the wires may damage the device, indicated by flickering or dim lighting.<\/p>\n<ul>\n<li>The device must be grounded for effective and safe operation.<\/li>\n<\/ul>\n","protected":false},"excerpt":{"rendered":"<p><strong>Item Code: HTU04<\/strong><\/p>\n<ul>\n<li><strong>Product Name:<\/strong> RUITENAIER<\/li>\n<li><strong>Made by:<\/strong> AGCO<\/li>\n<li><strong>Origin:<\/strong> USA<\/li>\n<li><strong>Input Voltage:<\/strong> 220V<\/li>\n<li><strong>Output Voltage:<\/strong> 600V<\/li>\n<\/ul>\n","protected":false},"featured_media":14189,"template":"","meta":{"_uag_custom_page_level_css":"","footnotes":""},"product_brand":[],"product_cat":[602,1032,605],"product_tag":[1467],"class_list":{"0":"post-11735","1":"product","2":"type-product","3":"status-publish","4":"has-post-thumbnail","6":"product_cat-drinking-system-for-poultry","7":"product_cat-automatic-feeding-system","8":"product_cat-other-poultry-equipment","9":"product_tag-electronic-fence-controller-en","11":"first","12":"instock","13":"shipping-taxable","14":"product-type-simple"},"acf":[],"yoast_head":"<!-- This site is optimized with the Yoast SEO Premium plugin v22.9 (Yoast SEO v27.3) - https:\/\/yoast.com\/product\/yoast-seo-premium-wordpress\/ -->\n<title>Electronic Fence controller - ruitenainer - Thi\u1ebft b\u1ecb ch\u0103n nu\u00f4i<\/title>\n<meta name=\"description\" content=\"Electronic Fence controller - ruitenainer\" \/>\n<meta name=\"robots\" content=\"index, follow, max-snippet:-1, max-image-preview:large, max-video-preview:-1\" \/>\n<link rel=\"canonical\" href=\"https:\/\/thietbichannuoi.com\/en\/san-pham\/electronic-fence-controller-ruitenainer\/\" \/>\n<meta property=\"og:locale\" content=\"en_US\" \/>\n<meta property=\"og:type\" content=\"article\" \/>\n<meta property=\"og:title\" content=\"Electronic Fence controller - ruitenainer\" \/>\n<meta property=\"og:description\" content=\"Item Code: HTU04   Product Name: RUITENAIER  Made by: AGCO  Origin: USA  Input Voltage: 220V  Output Voltage: 600V\" \/>\n<meta property=\"og:url\" content=\"https:\/\/thietbichannuoi.com\/en\/san-pham\/electronic-fence-controller-ruitenainer\/\" \/>\n<meta property=\"og:site_name\" content=\"Thi\u1ebft b\u1ecb ch\u0103n nu\u00f4i\" \/>\n<meta property=\"article:modified_time\" content=\"2025-09-25T02:42:32+00:00\" \/>\n<meta property=\"og:image\" content=\"https:\/\/thietbichannuoi.com\/wp-content\/uploads\/2019\/09\/Bo-soc-dien-chong-ga-dau-\u2013-Ruitenaier-\u2013-HTU04.jpg\" \/>\n\t<meta property=\"og:image:width\" content=\"1400\" \/>\n\t<meta property=\"og:image:height\" content=\"1200\" \/>\n\t<meta property=\"og:image:type\" content=\"image\/jpeg\" \/>\n<meta name=\"twitter:card\" content=\"summary_large_image\" \/>\n<meta name=\"twitter:label1\" content=\"Est. reading time\" \/>\n\t<meta name=\"twitter:data1\" content=\"1 minute\" \/>\n<!-- \/ Yoast SEO Premium plugin. -->","yoast_head_json":{"title":"Electronic Fence controller - ruitenainer - Thi\u1ebft b\u1ecb ch\u0103n nu\u00f4i","description":"Electronic Fence controller - ruitenainer","robots":{"index":"index","follow":"follow","max-snippet":"max-snippet:-1","max-image-preview":"max-image-preview:large","max-video-preview":"max-video-preview:-1"},"canonical":"https:\/\/thietbichannuoi.com\/en\/san-pham\/electronic-fence-controller-ruitenainer\/","og_locale":"en_US","og_type":"article","og_title":"Electronic Fence controller - ruitenainer","og_description":"Item Code: HTU04   Product Name: RUITENAIER  Made by: AGCO  Origin: USA  Input Voltage: 220V  Output Voltage: 600V","og_url":"https:\/\/thietbichannuoi.com\/en\/san-pham\/electronic-fence-controller-ruitenainer\/","og_site_name":"Thi\u1ebft b\u1ecb ch\u0103n nu\u00f4i","article_modified_time":"2025-09-25T02:42:32+00:00","og_image":[{"width":1400,"height":1200,"url":"https:\/\/thietbichannuoi.com\/wp-content\/uploads\/2019\/09\/Bo-soc-dien-chong-ga-dau-\u2013-Ruitenaier-\u2013-HTU04.jpg","type":"image\/jpeg"}],"twitter_card":"summary_large_image","twitter_misc":{"Est. reading time":"1 minute"},"schema":{"@context":"https:\/\/schema.org","@graph":[{"@type":"WebPage","@id":"https:\/\/thietbichannuoi.com\/en\/san-pham\/electronic-fence-controller-ruitenainer\/","url":"https:\/\/thietbichannuoi.com\/en\/san-pham\/electronic-fence-controller-ruitenainer\/","name":"Electronic Fence controller - ruitenainer - Thi\u1ebft b\u1ecb ch\u0103n nu\u00f4i","isPartOf":{"@id":"https:\/\/thietbichannuoi.com\/#website"},"primaryImageOfPage":{"@id":"https:\/\/thietbichannuoi.com\/en\/san-pham\/electronic-fence-controller-ruitenainer\/#primaryimage"},"image":{"@id":"https:\/\/thietbichannuoi.com\/en\/san-pham\/electronic-fence-controller-ruitenainer\/#primaryimage"},"thumbnailUrl":"https:\/\/thietbichannuoi.com\/wp-content\/uploads\/2019\/09\/Bo-soc-dien-chong-ga-dau-\u2013-Ruitenaier-\u2013-HTU04.jpg","datePublished":"2021-07-30T05:27:53+00:00","dateModified":"2025-09-25T02:42:32+00:00","description":"Electronic Fence controller - ruitenainer","breadcrumb":{"@id":"https:\/\/thietbichannuoi.com\/en\/san-pham\/electronic-fence-controller-ruitenainer\/#breadcrumb"},"inLanguage":"en-US","potentialAction":[{"@type":"ReadAction","target":["https:\/\/thietbichannuoi.com\/en\/san-pham\/electronic-fence-controller-ruitenainer\/"]}]},{"@type":"ImageObject","inLanguage":"en-US","@id":"https:\/\/thietbichannuoi.com\/en\/san-pham\/electronic-fence-controller-ruitenainer\/#primaryimage","url":"https:\/\/thietbichannuoi.com\/wp-content\/uploads\/2019\/09\/Bo-soc-dien-chong-ga-dau-\u2013-Ruitenaier-\u2013-HTU04.jpg","contentUrl":"https:\/\/thietbichannuoi.com\/wp-content\/uploads\/2019\/09\/Bo-soc-dien-chong-ga-dau-\u2013-Ruitenaier-\u2013-HTU04.jpg","width":1400,"height":1200,"caption":"Electronic Fence controller"},{"@type":"BreadcrumbList","@id":"https:\/\/thietbichannuoi.com\/en\/san-pham\/electronic-fence-controller-ruitenainer\/#breadcrumb","itemListElement":[{"@type":"ListItem","position":1,"name":"Home","item":"https:\/\/thietbichannuoi.com\/en\/"},{"@type":"ListItem","position":2,"name":"Shop","item":"https:\/\/thietbichannuoi.com\/shop\/"},{"@type":"ListItem","position":3,"name":"Electronic Fence controller &#8211; ruitenainer"}]},{"@type":"WebSite","@id":"https:\/\/thietbichannuoi.com\/#website","url":"https:\/\/thietbichannuoi.com\/","name":"Thi\u1ebft b\u1ecb ch\u0103n nu\u00f4i","description":"S\u1ea3n xu\u1ea5t thi\u1ebft b\u1ecb ch\u0103n nu\u00f4i gia s\u00fac, gia c\u1ea7m v\u00e0 c\u00e1c s\u1ea3n ph\u1ea9m t\u1eeb nh\u1ef1a","publisher":{"@id":"https:\/\/thietbichannuoi.com\/#organization"},"potentialAction":[{"@type":"SearchAction","target":{"@type":"EntryPoint","urlTemplate":"https:\/\/thietbichannuoi.com\/?s={search_term_string}"},"query-input":{"@type":"PropertyValueSpecification","valueRequired":true,"valueName":"search_term_string"}}],"inLanguage":"en-US"},{"@type":"Organization","@id":"https:\/\/thietbichannuoi.com\/#organization","name":"Thi\u1ebft b\u1ecb ch\u0103n nu\u00f4i Minh Ph\u00e1t","url":"https:\/\/thietbichannuoi.com\/","logo":{"@type":"ImageObject","inLanguage":"en-US","@id":"https:\/\/thietbichannuoi.com\/#\/schema\/logo\/image\/","url":"https:\/\/thietbichannuoi.com\/wp-content\/uploads\/2021\/04\/logo-thiet-bi-chan-nuoi.png","contentUrl":"https:\/\/thietbichannuoi.com\/wp-content\/uploads\/2021\/04\/logo-thiet-bi-chan-nuoi.png","width":104,"height":79,"caption":"Thi\u1ebft b\u1ecb ch\u0103n nu\u00f4i Minh Ph\u00e1t"},"image":{"@id":"https:\/\/thietbichannuoi.com\/#\/schema\/logo\/image\/"}}]}},"uagb_featured_image_src":{"full":["https:\/\/thietbichannuoi.com\/wp-content\/uploads\/2019\/09\/Bo-soc-dien-chong-ga-dau-\u2013-Ruitenaier-\u2013-HTU04.jpg",1400,1200,false],"thumbnail":["https:\/\/thietbichannuoi.com\/wp-content\/uploads\/2019\/09\/Bo-soc-dien-chong-ga-dau-\u2013-Ruitenaier-\u2013-HTU04.jpg",150,129,false],"medium":["https:\/\/thietbichannuoi.com\/wp-content\/uploads\/2019\/09\/Bo-soc-dien-chong-ga-dau-\u2013-Ruitenaier-\u2013-HTU04.jpg",300,257,false],"medium_large":["https:\/\/thietbichannuoi.com\/wp-content\/uploads\/2019\/09\/Bo-soc-dien-chong-ga-dau-\u2013-Ruitenaier-\u2013-HTU04.jpg",1400,1200,false],"large":["https:\/\/thietbichannuoi.com\/wp-content\/uploads\/2019\/09\/Bo-soc-dien-chong-ga-dau-\u2013-Ruitenaier-\u2013-HTU04.jpg",800,686,false],"1536x1536":["https:\/\/thietbichannuoi.com\/wp-content\/uploads\/2019\/09\/Bo-soc-dien-chong-ga-dau-\u2013-Ruitenaier-\u2013-HTU04.jpg",1400,1200,false],"2048x2048":["https:\/\/thietbichannuoi.com\/wp-content\/uploads\/2019\/09\/Bo-soc-dien-chong-ga-dau-\u2013-Ruitenaier-\u2013-HTU04.jpg",1400,1200,false],"woocommerce_thumbnail":["https:\/\/thietbichannuoi.com\/wp-content\/uploads\/2019\/09\/Bo-soc-dien-chong-ga-dau-\u2013-Ruitenaier-\u2013-HTU04.jpg",1400,1200,false],"woocommerce_single":["https:\/\/thietbichannuoi.com\/wp-content\/uploads\/2019\/09\/Bo-soc-dien-chong-ga-dau-\u2013-Ruitenaier-\u2013-HTU04.jpg",1400,1200,false],"woocommerce_gallery_thumbnail":["https:\/\/thietbichannuoi.com\/wp-content\/uploads\/2019\/09\/Bo-soc-dien-chong-ga-dau-\u2013-Ruitenaier-\u2013-HTU04-100x100.jpg",100,100,true]},"uagb_author_info":{"display_name":"dinhlam","author_link":"https:\/\/thietbichannuoi.com\/en\/author\/"},"uagb_comment_info":0,"uagb_excerpt":"Item Code: HTU04 Product Name: RUITENAIER Made by: AGCO Origin: USA Input Voltage: 220V Output Voltage: 600V","_links":{"self":[{"href":"https:\/\/thietbichannuoi.com\/en\/wp-json\/wp\/v2\/product\/11735","targetHints":{"allow":["GET"]}}],"collection":[{"href":"https:\/\/thietbichannuoi.com\/en\/wp-json\/wp\/v2\/product"}],"about":[{"href":"https:\/\/thietbichannuoi.com\/en\/wp-json\/wp\/v2\/types\/product"}],"version-history":[{"count":0,"href":"https:\/\/thietbichannuoi.com\/en\/wp-json\/wp\/v2\/product\/11735\/revisions"}],"wp:featuredmedia":[{"embeddable":true,"href":"https:\/\/thietbichannuoi.com\/en\/wp-json\/wp\/v2\/media\/14189"}],"wp:attachment":[{"href":"https:\/\/thietbichannuoi.com\/en\/wp-json\/wp\/v2\/media?parent=11735"}],"wp:term":[{"taxonomy":"product_brand","embeddable":true,"href":"https:\/\/thietbichannuoi.com\/en\/wp-json\/wp\/v2\/product_brand?post=11735"},{"taxonomy":"product_cat","embeddable":true,"href":"https:\/\/thietbichannuoi.com\/en\/wp-json\/wp\/v2\/product_cat?post=11735"},{"taxonomy":"product_tag","embeddable":true,"href":"https:\/\/thietbichannuoi.com\/en\/wp-json\/wp\/v2\/product_tag?post=11735"}],"curies":[{"name":"wp","href":"https:\/\/api.w.org\/{rel}","templated":true}]}}