{"id":11746,"date":"2021-07-30T19:42:53","date_gmt":"2021-07-30T12:42:53","guid":{"rendered":"https:\/\/thietbichannuoi.com\/?post_type=product&#038;p=11746"},"modified":"2025-12-04T18:12:15","modified_gmt":"2025-12-04T11:12:15","slug":"farrowing-crates-for-pigs-2-4x1-8m","status":"publish","type":"product","link":"https:\/\/thietbichannuoi.com\/en\/san-pham\/farrowing-crates-for-pigs-2-4x1-8m\/","title":{"rendered":"Farrowing Crates for Pigs 2.4&#215;1.8m"},"content":{"rendered":"<div class=\"elementor-element elementor-element-a6deeea elementor-widget elementor-widget-woocommerce-product-content\" data-id=\"a6deeea\" data-element_type=\"widget\" data-widget_type=\"woocommerce-product-content.default\">\n<div class=\"elementor-widget-container\">\n<div class=\"elementor-element elementor-element-a6deeea elementor-widget elementor-widget-woocommerce-product-content\" data-id=\"a6deeea\" data-element_type=\"widget\" data-widget_type=\"woocommerce-product-content.default\">\n<div class=\"elementor-element elementor-element-a6deeea elementor-widget elementor-widget-woocommerce-product-content\" data-id=\"a6deeea\" data-element_type=\"widget\" data-widget_type=\"woocommerce-product-content.default\">\n<div class=\"elementor-widget-container\">\n<p data-start=\"491\" data-end=\"597\"><strong data-start=\"491\" data-end=\"510\">Ch\u1ee9c n\u0103ng ch\u00ednh<\/strong>: T\u1ed1i \u01b0u qu\u00e1 tr\u00ecnh sinh s\u1ea3n \u2013 b\u1ea3o v\u1ec7 heo con \u2013 t\u1ea1o s\u1ef1 an to\u00e0n v\u00e0 tho\u1ea3i m\u00e1i cho heo n\u00e1i.<\/p>\n<h4 data-start=\"599\" data-end=\"624\">\u00a0C\u1ea5u t\u1ea1o k\u1ef9 thu\u1eadt:<\/h4>\n<p data-start=\"599\" data-end=\"624\"><strong data-start=\"627\" data-end=\"643\">thi\u1ebft b\u1ecb u\u1ed1ng<\/strong>: N\u00fam u\u1ed1ng heo m\u1eb9 phi 21, heo con phi 21<\/p>\n<ul data-start=\"625\" data-end=\"1029\">\n<li data-start=\"625\" data-end=\"751\">\n<p data-start=\"627\" data-end=\"644\"><strong data-start=\"627\" data-end=\"643\">Khung chu\u1ed3ng<\/strong>:<\/p>\n<\/li>\n<\/ul>\n<figure id=\"attachment_20615\" class=\"wp-caption alignnone\" aria-describedby=\"caption-attachment-20615\"><img fetchpriority=\"high\" decoding=\"async\" class=\"wp-image-20615 size-full\" src=\"https:\/\/thietbichannuoi.com\/wp-content\/uploads\/2018\/12\/Chuong-heo-nai-de-14.jpg\" alt=\"\" width=\"1920\" height=\"1080\" srcset=\"https:\/\/thietbichannuoi.com\/wp-content\/uploads\/2018\/12\/Chuong-heo-nai-de-14.jpg 1920w, https:\/\/thietbichannuoi.com\/wp-content\/uploads\/2018\/12\/Chuong-heo-nai-de-14-300x169.jpg 300w, https:\/\/thietbichannuoi.com\/wp-content\/uploads\/2018\/12\/Chuong-heo-nai-de-14-1024x576.jpg 1024w, https:\/\/thietbichannuoi.com\/wp-content\/uploads\/2018\/12\/Chuong-heo-nai-de-14-150x84.jpg 150w, https:\/\/thietbichannuoi.com\/wp-content\/uploads\/2018\/12\/Chuong-heo-nai-de-14-1536x864.jpg 1536w\" sizes=\"(max-width: 1920px) 100vw, 1920px\" \/><figcaption id=\"caption-attachment-20615\" class=\"wp-caption-text\">Chu\u1ed3ng heo n\u00e1i \u0111\u1ebb<\/figcaption><\/figure>\n<p data-start=\"649\" data-end=\"687\">Chu\u1ed3ng heo n\u00e1i \u0111\u1ebb d\u00f9ng tu\u00fdp tr\u00e1ng k\u1ebdm,\u00a0 Khung chu\u1ed3ng \u0111\u01b0\u1ee3c l\u00e0m b\u1eb1ng \u1ed1ng tr\u00e1ng k\u1ebdm hai m\u1eb7t,\u00a0 S\u00e0n \u0111an b\u00ea t\u00f4ng cho heo m\u1eb9, s\u00e0n nh\u1ef1a cho heo con,\u00a0 M\u00e1ng \u0103n inox cho heo m\u1eb9<\/p>\n<p data-start=\"692\" data-end=\"751\">m\u1ea1 k\u1ebdm nh\u00fang n\u00f3ng ch\u1ed1ng r\u1ec9 s\u00e9t t\u1ed1i thi\u1ec3u 10 n\u0103m.<\/p>\n<p>&nbsp;<\/p>\n<ul data-start=\"625\" data-end=\"1029\">\n<li data-start=\"822\" data-end=\"916\">\n<p data-start=\"824\" data-end=\"916\"><strong data-start=\"824\" data-end=\"851\">Thanh ch\u1eafn ch\u1ed1ng \u0111\u00e8 heo con<\/strong>: G\u1eafn hai b\u00ean h\u00f4ng chu\u1ed3ng, \u0111i\u1ec1u ch\u1ec9nh \u0111\u01b0\u1ee3c \u0111\u1ed9 cao v\u00e0 kho\u1ea3ng c\u00e1ch.<\/p>\n<\/li>\n<li data-start=\"917\" data-end=\"1029\">\n<p data-start=\"919\" data-end=\"927\"><strong data-start=\"919\" data-end=\"926\">S\u00e0n<\/strong>:<\/p>\n<\/li>\n<\/ul>\n<p data-start=\"932\" data-end=\"980\">s\u00e0n nh\u1ef1a HDPE ch\u1ed1ng tr\u01b0\u1ee3t, gi\u1eef \u1ea5m.<\/p>\n<p><img decoding=\"async\" class=\"wp-image-20586 size-full\" src=\"https:\/\/thietbichannuoi.com\/wp-content\/uploads\/2018\/12\/Chuong-heo-nai-de-03-2.jpg\" alt=\"Chu\u00f4ng-heo-n\u00e1i-\u0111\u1ebb\" width=\"1920\" height=\"1080\" srcset=\"https:\/\/thietbichannuoi.com\/wp-content\/uploads\/2018\/12\/Chuong-heo-nai-de-03-2.jpg 1920w, https:\/\/thietbichannuoi.com\/wp-content\/uploads\/2018\/12\/Chuong-heo-nai-de-03-2-300x169.jpg 300w, https:\/\/thietbichannuoi.com\/wp-content\/uploads\/2018\/12\/Chuong-heo-nai-de-03-2-1024x576.jpg 1024w, https:\/\/thietbichannuoi.com\/wp-content\/uploads\/2018\/12\/Chuong-heo-nai-de-03-2-150x84.jpg 150w, https:\/\/thietbichannuoi.com\/wp-content\/uploads\/2018\/12\/Chuong-heo-nai-de-03-2-1536x864.jpg 1536w\" sizes=\"(max-width: 1920px) 100vw, 1920px\" \/><\/p>\n<ul>\n<li><strong data-start=\"754\" data-end=\"779\">K\u00edch th\u01b0\u1edbc ti\u00eau chu\u1ea9n<\/strong>: 2.4 m (d\u00e0i) x 1.8 m (r\u1ed9ng)<\/li>\n<\/ul>\n<\/div>\n<\/div>\n<div class=\"elementor-element elementor-element-a0cc49d elementor-widget elementor-widget-woocommerce-product-additional-information\" data-id=\"a0cc49d\" data-element_type=\"widget\" data-widget_type=\"woocommerce-product-additional-information.default\">\n<div class=\"elementor-widget-container\">\n<table class=\"woocommerce-product-attributes shop_attributes\" aria-label=\"Product Details\">\n<tbody>\n<tr class=\"woocommerce-product-attributes-item woocommerce-product-attributes-item--attribute_pa_kich-thuoc\">\n<th class=\"woocommerce-product-attributes-item__label\" scope=\"row\">K\u00edch th\u01b0\u1edbc<\/th>\n<td class=\"woocommerce-product-attributes-item__value\">T\u1ed5ng th\u1ec3: 1.800 x2.400mm \u2013 Khoang heo m\u1eb9: 2200\u00d7500\/600 \u2013 Khoang heo con: 2200\u00d7400 v\u00e0 2200\u00d7800<\/td>\n<\/tr>\n<tr class=\"woocommerce-product-attributes-item woocommerce-product-attributes-item--attribute_pa_san\">\n<th class=\"woocommerce-product-attributes-item__label\" scope=\"row\">S\u00e0n<\/th>\n<td class=\"woocommerce-product-attributes-item__value\">s\u00e0n nh\u1ef1a: 12 t\u1ea5m 40x55mm (V\u00e0ng\/ Cam\/ xanh)<\/td>\n<\/tr>\n<tr class=\"woocommerce-product-attributes-item woocommerce-product-attributes-item--attribute_pa_vat-lieu\">\n<th class=\"woocommerce-product-attributes-item__label\" scope=\"row\">V\u1eadt li\u1ec7u<\/th>\n<td class=\"woocommerce-product-attributes-item__value\">Stk: \u03a634, \u03a627, \u03a621 \u2013 S\u1eaft \u0111\u1eb7c: \u03a620,\u03a618,\u03a68 \u2013 S\u1eaft La: 50x7mm, 40x5mm<\/td>\n<\/tr>\n<\/tbody>\n<\/table>\n<\/div>\n<\/div>\n<p><img decoding=\"async\" class=\"alignnone wp-image-20611 size-full\" src=\"https:\/\/thietbichannuoi.com\/wp-content\/uploads\/2018\/12\/Chuong-heo-nai-de-12.jpg\" alt=\"\" width=\"1920\" height=\"1080\" srcset=\"https:\/\/thietbichannuoi.com\/wp-content\/uploads\/2018\/12\/Chuong-heo-nai-de-12.jpg 1920w, https:\/\/thietbichannuoi.com\/wp-content\/uploads\/2018\/12\/Chuong-heo-nai-de-12-300x169.jpg 300w, https:\/\/thietbichannuoi.com\/wp-content\/uploads\/2018\/12\/Chuong-heo-nai-de-12-1024x576.jpg 1024w, https:\/\/thietbichannuoi.com\/wp-content\/uploads\/2018\/12\/Chuong-heo-nai-de-12-150x84.jpg 150w, https:\/\/thietbichannuoi.com\/wp-content\/uploads\/2018\/12\/Chuong-heo-nai-de-12-1536x864.jpg 1536w\" sizes=\"(max-width: 1920px) 100vw, 1920px\" \/><\/p>\n<\/div>\n<div class=\"elementor-element elementor-element-a0cc49d elementor-widget elementor-widget-woocommerce-product-additional-information\" data-id=\"a0cc49d\" data-element_type=\"widget\" data-widget_type=\"woocommerce-product-additional-information.default\">\n<div class=\"elementor-widget-container\">\n<p><img loading=\"lazy\" decoding=\"async\" class=\"alignnone wp-image-20609 size-full\" src=\"https:\/\/thietbichannuoi.com\/wp-content\/uploads\/2018\/12\/Chuong-heo-nai-de-11.jpg\" alt=\"\" width=\"1920\" height=\"1080\" srcset=\"https:\/\/thietbichannuoi.com\/wp-content\/uploads\/2018\/12\/Chuong-heo-nai-de-11.jpg 1920w, https:\/\/thietbichannuoi.com\/wp-content\/uploads\/2018\/12\/Chuong-heo-nai-de-11-300x169.jpg 300w, https:\/\/thietbichannuoi.com\/wp-content\/uploads\/2018\/12\/Chuong-heo-nai-de-11-1024x576.jpg 1024w, https:\/\/thietbichannuoi.com\/wp-content\/uploads\/2018\/12\/Chuong-heo-nai-de-11-150x84.jpg 150w, https:\/\/thietbichannuoi.com\/wp-content\/uploads\/2018\/12\/Chuong-heo-nai-de-11-1536x864.jpg 1536w\" sizes=\"(max-width: 1920px) 100vw, 1920px\" \/><\/p>\n<p><img loading=\"lazy\" decoding=\"async\" class=\"alignnone wp-image-20607 size-full\" src=\"https:\/\/thietbichannuoi.com\/wp-content\/uploads\/2018\/12\/Chuong-heo-nai-de-10.jpg\" alt=\"\" width=\"1920\" height=\"1080\" srcset=\"https:\/\/thietbichannuoi.com\/wp-content\/uploads\/2018\/12\/Chuong-heo-nai-de-10.jpg 1920w, https:\/\/thietbichannuoi.com\/wp-content\/uploads\/2018\/12\/Chuong-heo-nai-de-10-300x169.jpg 300w, https:\/\/thietbichannuoi.com\/wp-content\/uploads\/2018\/12\/Chuong-heo-nai-de-10-1024x576.jpg 1024w, https:\/\/thietbichannuoi.com\/wp-content\/uploads\/2018\/12\/Chuong-heo-nai-de-10-150x84.jpg 150w, https:\/\/thietbichannuoi.com\/wp-content\/uploads\/2018\/12\/Chuong-heo-nai-de-10-1536x864.jpg 1536w\" sizes=\"(max-width: 1920px) 100vw, 1920px\" \/><\/p>\n<p><img loading=\"lazy\" decoding=\"async\" class=\"alignnone wp-image-20613 size-full\" src=\"https:\/\/thietbichannuoi.com\/wp-content\/uploads\/2018\/12\/Chuong-heo-nai-de-13.jpg\" alt=\"\" width=\"1920\" height=\"1080\" srcset=\"https:\/\/thietbichannuoi.com\/wp-content\/uploads\/2018\/12\/Chuong-heo-nai-de-13.jpg 1920w, https:\/\/thietbichannuoi.com\/wp-content\/uploads\/2018\/12\/Chuong-heo-nai-de-13-300x169.jpg 300w, https:\/\/thietbichannuoi.com\/wp-content\/uploads\/2018\/12\/Chuong-heo-nai-de-13-1024x576.jpg 1024w, https:\/\/thietbichannuoi.com\/wp-content\/uploads\/2018\/12\/Chuong-heo-nai-de-13-150x84.jpg 150w, https:\/\/thietbichannuoi.com\/wp-content\/uploads\/2018\/12\/Chuong-heo-nai-de-13-1536x864.jpg 1536w\" sizes=\"(max-width: 1920px) 100vw, 1920px\" \/><\/p>\n<\/div>\n<\/div>\n<\/div>\n<\/div>\n<div class=\"elementor-element elementor-element-a0cc49d elementor-widget elementor-widget-woocommerce-product-additional-information\" data-id=\"a0cc49d\" data-element_type=\"widget\" data-widget_type=\"woocommerce-product-additional-information.default\"><\/div>\n","protected":false},"excerpt":{"rendered":"<p>Farrowing Crates for Pigs 2.4&#215;1.8m<\/p>\n","protected":false},"featured_media":20580,"template":"","meta":{"_uag_custom_page_level_css":"","footnotes":""},"product_brand":[],"product_cat":[294],"product_tag":[328],"class_list":{"0":"post-11746","1":"product","2":"type-product","3":"status-publish","4":"has-post-thumbnail","6":"product_cat-cages-system","7":"product_tag-cages-system","9":"first","10":"instock","11":"shipping-taxable","12":"product-type-simple"},"acf":[],"yoast_head":"<!-- This site is optimized with the Yoast SEO Premium plugin v22.9 (Yoast SEO v27.4) - https:\/\/yoast.com\/product\/yoast-seo-premium-wordpress\/ -->\n<title>Farrowing Crates for Pigs 2.4x1.8m - Thi\u1ebft b\u1ecb ch\u0103n nu\u00f4i<\/title>\n<meta name=\"description\" content=\"Farrowing Crates for Pigs 2.4x1.8m\" \/>\n<meta name=\"robots\" content=\"index, follow, max-snippet:-1, max-image-preview:large, max-video-preview:-1\" \/>\n<link rel=\"canonical\" href=\"https:\/\/thietbichannuoi.com\/en\/san-pham\/farrowing-crates-for-pigs-2-4x1-8m\/\" \/>\n<meta property=\"og:locale\" content=\"en_US\" \/>\n<meta property=\"og:type\" content=\"article\" \/>\n<meta property=\"og:title\" content=\"Farrowing Crates for Pigs 2.4x1.8m\" \/>\n<meta property=\"og:description\" content=\"Farrowing Crates for Pigs 2.4x1.8m\" \/>\n<meta property=\"og:url\" content=\"https:\/\/thietbichannuoi.com\/en\/san-pham\/farrowing-crates-for-pigs-2-4x1-8m\/\" \/>\n<meta property=\"og:site_name\" content=\"Thi\u1ebft b\u1ecb ch\u0103n nu\u00f4i\" \/>\n<meta property=\"article:modified_time\" content=\"2025-12-04T11:12:15+00:00\" \/>\n<meta property=\"og:image\" content=\"https:\/\/thietbichannuoi.com\/wp-content\/uploads\/2018\/12\/Chuong-nai-de-2.4-x-1.8m.jpg\" \/>\n\t<meta property=\"og:image:width\" content=\"1400\" \/>\n\t<meta property=\"og:image:height\" content=\"1200\" \/>\n\t<meta property=\"og:image:type\" content=\"image\/jpeg\" \/>\n<meta name=\"twitter:card\" content=\"summary_large_image\" \/>\n<meta name=\"twitter:label1\" content=\"Est. reading time\" \/>\n\t<meta name=\"twitter:data1\" content=\"3 minutes\" \/>\n<!-- \/ Yoast SEO Premium plugin. -->","yoast_head_json":{"title":"Farrowing Crates for Pigs 2.4x1.8m - Thi\u1ebft b\u1ecb ch\u0103n nu\u00f4i","description":"Farrowing Crates for Pigs 2.4x1.8m","robots":{"index":"index","follow":"follow","max-snippet":"max-snippet:-1","max-image-preview":"max-image-preview:large","max-video-preview":"max-video-preview:-1"},"canonical":"https:\/\/thietbichannuoi.com\/en\/san-pham\/farrowing-crates-for-pigs-2-4x1-8m\/","og_locale":"en_US","og_type":"article","og_title":"Farrowing Crates for Pigs 2.4x1.8m","og_description":"Farrowing Crates for Pigs 2.4x1.8m","og_url":"https:\/\/thietbichannuoi.com\/en\/san-pham\/farrowing-crates-for-pigs-2-4x1-8m\/","og_site_name":"Thi\u1ebft b\u1ecb ch\u0103n nu\u00f4i","article_modified_time":"2025-12-04T11:12:15+00:00","og_image":[{"width":1400,"height":1200,"url":"https:\/\/thietbichannuoi.com\/wp-content\/uploads\/2018\/12\/Chuong-nai-de-2.4-x-1.8m.jpg","type":"image\/jpeg"}],"twitter_card":"summary_large_image","twitter_misc":{"Est. reading time":"3 minutes"},"schema":{"@context":"https:\/\/schema.org","@graph":[{"@type":"WebPage","@id":"https:\/\/thietbichannuoi.com\/en\/san-pham\/farrowing-crates-for-pigs-2-4x1-8m\/","url":"https:\/\/thietbichannuoi.com\/en\/san-pham\/farrowing-crates-for-pigs-2-4x1-8m\/","name":"Farrowing Crates for Pigs 2.4x1.8m - Thi\u1ebft b\u1ecb ch\u0103n nu\u00f4i","isPartOf":{"@id":"https:\/\/thietbichannuoi.com\/#website"},"primaryImageOfPage":{"@id":"https:\/\/thietbichannuoi.com\/en\/san-pham\/farrowing-crates-for-pigs-2-4x1-8m\/#primaryimage"},"image":{"@id":"https:\/\/thietbichannuoi.com\/en\/san-pham\/farrowing-crates-for-pigs-2-4x1-8m\/#primaryimage"},"thumbnailUrl":"https:\/\/thietbichannuoi.com\/wp-content\/uploads\/2018\/12\/Chuong-nai-de-2.4-x-1.8m.jpg","datePublished":"2021-07-30T12:42:53+00:00","dateModified":"2025-12-04T11:12:15+00:00","description":"Farrowing Crates for Pigs 2.4x1.8m","breadcrumb":{"@id":"https:\/\/thietbichannuoi.com\/en\/san-pham\/farrowing-crates-for-pigs-2-4x1-8m\/#breadcrumb"},"inLanguage":"en-US","potentialAction":[{"@type":"ReadAction","target":["https:\/\/thietbichannuoi.com\/en\/san-pham\/farrowing-crates-for-pigs-2-4x1-8m\/"]}]},{"@type":"ImageObject","inLanguage":"en-US","@id":"https:\/\/thietbichannuoi.com\/en\/san-pham\/farrowing-crates-for-pigs-2-4x1-8m\/#primaryimage","url":"https:\/\/thietbichannuoi.com\/wp-content\/uploads\/2018\/12\/Chuong-nai-de-2.4-x-1.8m.jpg","contentUrl":"https:\/\/thietbichannuoi.com\/wp-content\/uploads\/2018\/12\/Chuong-nai-de-2.4-x-1.8m.jpg","width":1400,"height":1200,"caption":"Chu\u1ed3ng heo n\u00e1i \u0111\u1ebb"},{"@type":"BreadcrumbList","@id":"https:\/\/thietbichannuoi.com\/en\/san-pham\/farrowing-crates-for-pigs-2-4x1-8m\/#breadcrumb","itemListElement":[{"@type":"ListItem","position":1,"name":"Home","item":"https:\/\/thietbichannuoi.com\/en\/"},{"@type":"ListItem","position":2,"name":"Shop","item":"https:\/\/thietbichannuoi.com\/shop\/"},{"@type":"ListItem","position":3,"name":"Farrowing Crates for Pigs 2.4&#215;1.8m"}]},{"@type":"WebSite","@id":"https:\/\/thietbichannuoi.com\/#website","url":"https:\/\/thietbichannuoi.com\/","name":"Thi\u1ebft b\u1ecb ch\u0103n nu\u00f4i","description":"S\u1ea3n xu\u1ea5t thi\u1ebft b\u1ecb ch\u0103n nu\u00f4i gia s\u00fac, gia c\u1ea7m v\u00e0 c\u00e1c s\u1ea3n ph\u1ea9m t\u1eeb nh\u1ef1a","publisher":{"@id":"https:\/\/thietbichannuoi.com\/#organization"},"potentialAction":[{"@type":"SearchAction","target":{"@type":"EntryPoint","urlTemplate":"https:\/\/thietbichannuoi.com\/?s={search_term_string}"},"query-input":{"@type":"PropertyValueSpecification","valueRequired":true,"valueName":"search_term_string"}}],"inLanguage":"en-US"},{"@type":"Organization","@id":"https:\/\/thietbichannuoi.com\/#organization","name":"Thi\u1ebft b\u1ecb ch\u0103n nu\u00f4i Minh Ph\u00e1t","url":"https:\/\/thietbichannuoi.com\/","logo":{"@type":"ImageObject","inLanguage":"en-US","@id":"https:\/\/thietbichannuoi.com\/#\/schema\/logo\/image\/","url":"https:\/\/thietbichannuoi.com\/wp-content\/uploads\/2021\/04\/logo-thiet-bi-chan-nuoi.png","contentUrl":"https:\/\/thietbichannuoi.com\/wp-content\/uploads\/2021\/04\/logo-thiet-bi-chan-nuoi.png","width":104,"height":79,"caption":"Thi\u1ebft b\u1ecb ch\u0103n nu\u00f4i Minh Ph\u00e1t"},"image":{"@id":"https:\/\/thietbichannuoi.com\/#\/schema\/logo\/image\/"}}]}},"uagb_featured_image_src":{"full":["https:\/\/thietbichannuoi.com\/wp-content\/uploads\/2018\/12\/Chuong-nai-de-2.4-x-1.8m.jpg",1400,1200,false],"thumbnail":["https:\/\/thietbichannuoi.com\/wp-content\/uploads\/2018\/12\/Chuong-nai-de-2.4-x-1.8m.jpg",150,129,false],"medium":["https:\/\/thietbichannuoi.com\/wp-content\/uploads\/2018\/12\/Chuong-nai-de-2.4-x-1.8m.jpg",300,257,false],"medium_large":["https:\/\/thietbichannuoi.com\/wp-content\/uploads\/2018\/12\/Chuong-nai-de-2.4-x-1.8m.jpg",1400,1200,false],"large":["https:\/\/thietbichannuoi.com\/wp-content\/uploads\/2018\/12\/Chuong-nai-de-2.4-x-1.8m.jpg",800,686,false],"1536x1536":["https:\/\/thietbichannuoi.com\/wp-content\/uploads\/2018\/12\/Chuong-nai-de-2.4-x-1.8m.jpg",1400,1200,false],"2048x2048":["https:\/\/thietbichannuoi.com\/wp-content\/uploads\/2018\/12\/Chuong-nai-de-2.4-x-1.8m.jpg",1400,1200,false],"woocommerce_thumbnail":["https:\/\/thietbichannuoi.com\/wp-content\/uploads\/2018\/12\/Chuong-nai-de-2.4-x-1.8m.jpg",1400,1200,false],"woocommerce_single":["https:\/\/thietbichannuoi.com\/wp-content\/uploads\/2018\/12\/Chuong-nai-de-2.4-x-1.8m.jpg",1400,1200,false],"woocommerce_gallery_thumbnail":["https:\/\/thietbichannuoi.com\/wp-content\/uploads\/2018\/12\/Chuong-nai-de-2.4-x-1.8m-100x100.jpg",100,100,true]},"uagb_author_info":{"display_name":"dinhlam","author_link":"https:\/\/thietbichannuoi.com\/en\/author\/"},"uagb_comment_info":0,"uagb_excerpt":"Farrowing Crates for Pigs 2.4x1.8m","_links":{"self":[{"href":"https:\/\/thietbichannuoi.com\/en\/wp-json\/wp\/v2\/product\/11746","targetHints":{"allow":["GET"]}}],"collection":[{"href":"https:\/\/thietbichannuoi.com\/en\/wp-json\/wp\/v2\/product"}],"about":[{"href":"https:\/\/thietbichannuoi.com\/en\/wp-json\/wp\/v2\/types\/product"}],"version-history":[{"count":0,"href":"https:\/\/thietbichannuoi.com\/en\/wp-json\/wp\/v2\/product\/11746\/revisions"}],"wp:featuredmedia":[{"embeddable":true,"href":"https:\/\/thietbichannuoi.com\/en\/wp-json\/wp\/v2\/media\/20580"}],"wp:attachment":[{"href":"https:\/\/thietbichannuoi.com\/en\/wp-json\/wp\/v2\/media?parent=11746"}],"wp:term":[{"taxonomy":"product_brand","embeddable":true,"href":"https:\/\/thietbichannuoi.com\/en\/wp-json\/wp\/v2\/product_brand?post=11746"},{"taxonomy":"product_cat","embeddable":true,"href":"https:\/\/thietbichannuoi.com\/en\/wp-json\/wp\/v2\/product_cat?post=11746"},{"taxonomy":"product_tag","embeddable":true,"href":"https:\/\/thietbichannuoi.com\/en\/wp-json\/wp\/v2\/product_tag?post=11746"}],"curies":[{"name":"wp","href":"https:\/\/api.w.org\/{rel}","templated":true}]}}