{"id":11754,"date":"2021-07-30T20:00:58","date_gmt":"2021-07-30T13:00:58","guid":{"rendered":"https:\/\/thietbichannuoi.com\/?post_type=product&#038;p=11754"},"modified":"2025-09-23T17:15:43","modified_gmt":"2025-09-23T10:15:43","slug":"auto-feedding-systems-for-duck","status":"publish","type":"product","link":"https:\/\/thietbichannuoi.com\/en\/san-pham\/auto-feedding-systems-for-duck\/","title":{"rendered":"Automatic Pan Feeding System for duck"},"content":{"rendered":"<p>Automatic Pan Feeding System for duck<\/p>\n","protected":false},"excerpt":{"rendered":"<p>Product Code:<strong> ATGC-010<\/strong><\/p>\n<p><strong>Includes:<\/strong><\/p>\n<ul>\n<li>3-meter long feed pipe with 4 feed discharge holes<\/li>\n<li>Feeding trough<\/li>\n<li>3-phase motor, 0.75KW Enertech<\/li>\n<li>75 kg feed hopper<\/li>\n<li>Complete lifting system<\/li>\n<li>Includes electrical cabinet<\/li>\n<li>Does not include wiring<\/li>\n<\/ul>\n","protected":false},"featured_media":10985,"template":"","meta":{"_uag_custom_page_level_css":"","footnotes":""},"product_brand":[],"product_cat":[1032],"product_tag":[],"class_list":{"0":"post-11754","1":"product","2":"type-product","3":"status-publish","4":"has-post-thumbnail","6":"product_cat-automatic-feeding-system","8":"first","9":"instock","10":"shipping-taxable","11":"product-type-simple"},"acf":[],"yoast_head":"<!-- This site is optimized with the Yoast SEO Premium plugin v22.9 (Yoast SEO v27.3) - https:\/\/yoast.com\/product\/yoast-seo-premium-wordpress\/ -->\n<title>Automatic Pan Feeding System for duck - Thi\u1ebft b\u1ecb ch\u0103n nu\u00f4i<\/title>\n<meta name=\"description\" content=\"Automatic Pan Feeding System for duck\" \/>\n<meta name=\"robots\" content=\"index, follow, max-snippet:-1, max-image-preview:large, max-video-preview:-1\" \/>\n<link rel=\"canonical\" href=\"https:\/\/thietbichannuoi.com\/en\/san-pham\/auto-feedding-systems-for-duck\/\" \/>\n<meta property=\"og:locale\" content=\"en_US\" \/>\n<meta property=\"og:type\" content=\"article\" \/>\n<meta property=\"og:title\" content=\"Automatic Pan Feeding System for duck\" \/>\n<meta property=\"og:description\" content=\"Product Code: ATGC-010  Includes:   3-meter long feed pipe with 4 feed discharge holes  Feeding trough  3-phase motor, 0.75KW Enertech  75 kg feed hopper  Complete lifting system  Includes electrical cabinet  Does not include wiring\" \/>\n<meta property=\"og:url\" content=\"https:\/\/thietbichannuoi.com\/en\/san-pham\/auto-feedding-systems-for-duck\/\" \/>\n<meta property=\"og:site_name\" content=\"Thi\u1ebft b\u1ecb ch\u0103n nu\u00f4i\" \/>\n<meta property=\"article:modified_time\" content=\"2025-09-23T10:15:43+00:00\" \/>\n<meta property=\"og:image\" content=\"https:\/\/thietbichannuoi.com\/wp-content\/uploads\/2018\/06\/duong-an-cho-vit-1.jpg\" \/>\n\t<meta property=\"og:image:width\" content=\"1750\" \/>\n\t<meta property=\"og:image:height\" content=\"1500\" \/>\n\t<meta property=\"og:image:type\" content=\"image\/jpeg\" \/>\n<meta name=\"twitter:card\" content=\"summary_large_image\" \/>\n<meta name=\"twitter:label1\" content=\"Est. reading time\" \/>\n\t<meta name=\"twitter:data1\" content=\"1 minute\" \/>\n<!-- \/ Yoast SEO Premium plugin. -->","yoast_head_json":{"title":"Automatic Pan Feeding System for duck - Thi\u1ebft b\u1ecb ch\u0103n nu\u00f4i","description":"Automatic Pan Feeding System for duck","robots":{"index":"index","follow":"follow","max-snippet":"max-snippet:-1","max-image-preview":"max-image-preview:large","max-video-preview":"max-video-preview:-1"},"canonical":"https:\/\/thietbichannuoi.com\/en\/san-pham\/auto-feedding-systems-for-duck\/","og_locale":"en_US","og_type":"article","og_title":"Automatic Pan Feeding System for duck","og_description":"Product Code: ATGC-010  Includes:   3-meter long feed pipe with 4 feed discharge holes  Feeding trough  3-phase motor, 0.75KW Enertech  75 kg feed hopper  Complete lifting system  Includes electrical cabinet  Does not include wiring","og_url":"https:\/\/thietbichannuoi.com\/en\/san-pham\/auto-feedding-systems-for-duck\/","og_site_name":"Thi\u1ebft b\u1ecb ch\u0103n nu\u00f4i","article_modified_time":"2025-09-23T10:15:43+00:00","og_image":[{"width":1750,"height":1500,"url":"https:\/\/thietbichannuoi.com\/wp-content\/uploads\/2018\/06\/duong-an-cho-vit-1.jpg","type":"image\/jpeg"}],"twitter_card":"summary_large_image","twitter_misc":{"Est. reading time":"1 minute"},"schema":{"@context":"https:\/\/schema.org","@graph":[{"@type":"WebPage","@id":"https:\/\/thietbichannuoi.com\/en\/san-pham\/auto-feedding-systems-for-duck\/","url":"https:\/\/thietbichannuoi.com\/en\/san-pham\/auto-feedding-systems-for-duck\/","name":"Automatic Pan Feeding System for duck - Thi\u1ebft b\u1ecb ch\u0103n nu\u00f4i","isPartOf":{"@id":"https:\/\/thietbichannuoi.com\/#website"},"primaryImageOfPage":{"@id":"https:\/\/thietbichannuoi.com\/en\/san-pham\/auto-feedding-systems-for-duck\/#primaryimage"},"image":{"@id":"https:\/\/thietbichannuoi.com\/en\/san-pham\/auto-feedding-systems-for-duck\/#primaryimage"},"thumbnailUrl":"https:\/\/thietbichannuoi.com\/wp-content\/uploads\/2018\/06\/duong-an-cho-vit-1.jpg","datePublished":"2021-07-30T13:00:58+00:00","dateModified":"2025-09-23T10:15:43+00:00","description":"Automatic Pan Feeding System for duck","breadcrumb":{"@id":"https:\/\/thietbichannuoi.com\/en\/san-pham\/auto-feedding-systems-for-duck\/#breadcrumb"},"inLanguage":"en-US","potentialAction":[{"@type":"ReadAction","target":["https:\/\/thietbichannuoi.com\/en\/san-pham\/auto-feedding-systems-for-duck\/"]}]},{"@type":"ImageObject","inLanguage":"en-US","@id":"https:\/\/thietbichannuoi.com\/en\/san-pham\/auto-feedding-systems-for-duck\/#primaryimage","url":"https:\/\/thietbichannuoi.com\/wp-content\/uploads\/2018\/06\/duong-an-cho-vit-1.jpg","contentUrl":"https:\/\/thietbichannuoi.com\/wp-content\/uploads\/2018\/06\/duong-an-cho-vit-1.jpg","width":1750,"height":1500,"caption":"\u0110\u01b0\u1eddng \u0103n cho v\u1ecbt:"},{"@type":"BreadcrumbList","@id":"https:\/\/thietbichannuoi.com\/en\/san-pham\/auto-feedding-systems-for-duck\/#breadcrumb","itemListElement":[{"@type":"ListItem","position":1,"name":"Home","item":"https:\/\/thietbichannuoi.com\/en\/"},{"@type":"ListItem","position":2,"name":"Shop","item":"https:\/\/thietbichannuoi.com\/shop\/"},{"@type":"ListItem","position":3,"name":"Automatic Pan Feeding System for duck"}]},{"@type":"WebSite","@id":"https:\/\/thietbichannuoi.com\/#website","url":"https:\/\/thietbichannuoi.com\/","name":"Thi\u1ebft b\u1ecb ch\u0103n nu\u00f4i","description":"S\u1ea3n xu\u1ea5t thi\u1ebft b\u1ecb ch\u0103n nu\u00f4i gia s\u00fac, gia c\u1ea7m v\u00e0 c\u00e1c s\u1ea3n ph\u1ea9m t\u1eeb nh\u1ef1a","publisher":{"@id":"https:\/\/thietbichannuoi.com\/#organization"},"potentialAction":[{"@type":"SearchAction","target":{"@type":"EntryPoint","urlTemplate":"https:\/\/thietbichannuoi.com\/?s={search_term_string}"},"query-input":{"@type":"PropertyValueSpecification","valueRequired":true,"valueName":"search_term_string"}}],"inLanguage":"en-US"},{"@type":"Organization","@id":"https:\/\/thietbichannuoi.com\/#organization","name":"Thi\u1ebft b\u1ecb ch\u0103n nu\u00f4i Minh Ph\u00e1t","url":"https:\/\/thietbichannuoi.com\/","logo":{"@type":"ImageObject","inLanguage":"en-US","@id":"https:\/\/thietbichannuoi.com\/#\/schema\/logo\/image\/","url":"https:\/\/thietbichannuoi.com\/wp-content\/uploads\/2021\/04\/logo-thiet-bi-chan-nuoi.png","contentUrl":"https:\/\/thietbichannuoi.com\/wp-content\/uploads\/2021\/04\/logo-thiet-bi-chan-nuoi.png","width":104,"height":79,"caption":"Thi\u1ebft b\u1ecb ch\u0103n nu\u00f4i Minh Ph\u00e1t"},"image":{"@id":"https:\/\/thietbichannuoi.com\/#\/schema\/logo\/image\/"}}]}},"uagb_featured_image_src":{"full":["https:\/\/thietbichannuoi.com\/wp-content\/uploads\/2018\/06\/duong-an-cho-vit-1.jpg",1750,1500,false],"thumbnail":["https:\/\/thietbichannuoi.com\/wp-content\/uploads\/2018\/06\/duong-an-cho-vit-1.jpg",150,129,false],"medium":["https:\/\/thietbichannuoi.com\/wp-content\/uploads\/2018\/06\/duong-an-cho-vit-1.jpg",300,257,false],"medium_large":["https:\/\/thietbichannuoi.com\/wp-content\/uploads\/2018\/06\/duong-an-cho-vit-1.jpg",1750,1500,false],"large":["https:\/\/thietbichannuoi.com\/wp-content\/uploads\/2018\/06\/duong-an-cho-vit-1.jpg",800,686,false],"1536x1536":["https:\/\/thietbichannuoi.com\/wp-content\/uploads\/2018\/06\/duong-an-cho-vit-1.jpg",1536,1317,false],"2048x2048":["https:\/\/thietbichannuoi.com\/wp-content\/uploads\/2018\/06\/duong-an-cho-vit-1.jpg",1750,1500,false],"woocommerce_thumbnail":["https:\/\/thietbichannuoi.com\/wp-content\/uploads\/2018\/06\/duong-an-cho-vit-1.jpg",1750,1500,false],"woocommerce_single":["https:\/\/thietbichannuoi.com\/wp-content\/uploads\/2018\/06\/duong-an-cho-vit-1.jpg",1750,1500,false],"woocommerce_gallery_thumbnail":["https:\/\/thietbichannuoi.com\/wp-content\/uploads\/2018\/06\/duong-an-cho-vit-1-100x100.jpg",100,100,true]},"uagb_author_info":{"display_name":"dinhlam","author_link":"https:\/\/thietbichannuoi.com\/en\/author\/"},"uagb_comment_info":0,"uagb_excerpt":"Product Code: ATGC-010 Includes: 3-meter long feed pipe with 4 feed discharge holes Feeding trough 3-phase motor, 0.75KW Enertech 75 kg feed hopper Complete lifting system Includes electrical cabinet Does not include wiring","_links":{"self":[{"href":"https:\/\/thietbichannuoi.com\/en\/wp-json\/wp\/v2\/product\/11754","targetHints":{"allow":["GET"]}}],"collection":[{"href":"https:\/\/thietbichannuoi.com\/en\/wp-json\/wp\/v2\/product"}],"about":[{"href":"https:\/\/thietbichannuoi.com\/en\/wp-json\/wp\/v2\/types\/product"}],"version-history":[{"count":0,"href":"https:\/\/thietbichannuoi.com\/en\/wp-json\/wp\/v2\/product\/11754\/revisions"}],"wp:featuredmedia":[{"embeddable":true,"href":"https:\/\/thietbichannuoi.com\/en\/wp-json\/wp\/v2\/media\/10985"}],"wp:attachment":[{"href":"https:\/\/thietbichannuoi.com\/en\/wp-json\/wp\/v2\/media?parent=11754"}],"wp:term":[{"taxonomy":"product_brand","embeddable":true,"href":"https:\/\/thietbichannuoi.com\/en\/wp-json\/wp\/v2\/product_brand?post=11754"},{"taxonomy":"product_cat","embeddable":true,"href":"https:\/\/thietbichannuoi.com\/en\/wp-json\/wp\/v2\/product_cat?post=11754"},{"taxonomy":"product_tag","embeddable":true,"href":"https:\/\/thietbichannuoi.com\/en\/wp-json\/wp\/v2\/product_tag?post=11754"}],"curies":[{"name":"wp","href":"https:\/\/api.w.org\/{rel}","templated":true}]}}