{"id":11759,"date":"2021-07-30T20:24:59","date_gmt":"2021-07-30T13:24:59","guid":{"rendered":"https:\/\/thietbichannuoi.com\/?post_type=product&#038;p=11759"},"modified":"2025-03-20T09:56:37","modified_gmt":"2025-03-20T02:56:37","slug":"rubber-chicken-feeding-trough-mta06","status":"publish","type":"product","link":"https:\/\/thietbichannuoi.com\/en\/san-pham\/rubber-chicken-feeding-trough-mta06\/","title":{"rendered":"Rubber chicken feeding trough &#8211; MTA06"},"content":{"rendered":"<p>Minh Phat Huy&#8217;s divided rubber feeding trough is specially designed for piglets to practice eating, helping them get used to food more easily and effectively. The rubber material is soft, durable, safe for piglets and limits scratches. The divided design helps to divide the portion evenly, avoid crowding, spillage, and save food. The trough is easy to clean, suitable for many farming models, supporting piglets to develop well, increase resistance and ensure high farming efficiency.<\/p>\n<ul>\n<li>Rubber feeder. The product is made from recycled materials.<\/li>\n<li>Used for: Used as a feeder for piglets, chickens, ducks, etc.<\/li>\n<\/ul>\n","protected":false},"excerpt":{"rendered":"<ul>\n<li><strong>MTA30<\/strong>\u00a0\u2013 Base diameter of the feeder: 400mm, 10 cell.<\/li>\n<li><strong>MTA31<\/strong>\u00a0\u2013 Base diameter of the feeder: 500mm, 12 cell<\/li>\n<li><strong>MTA32<\/strong>\u00a0\u2013 Base diameter of the feeder: 600mm, 14 cell<\/li>\n<\/ul>\n<p>The base of the feeder is made of rubber, and the compartment dividers are 6mm diameter steel bars.<\/p>\n","protected":false},"featured_media":12965,"template":"","meta":{"_uag_custom_page_level_css":"","footnotes":""},"product_brand":[],"product_cat":[300],"product_tag":[],"class_list":{"0":"post-11759","1":"product","2":"type-product","3":"status-publish","4":"has-post-thumbnail","6":"product_cat-trought-for-pig","8":"first","9":"instock","10":"featured","11":"shipping-taxable","12":"product-type-simple"},"acf":[],"yoast_head":"<!-- This site is optimized with the Yoast SEO Premium plugin v22.9 (Yoast SEO v27.3) - https:\/\/yoast.com\/product\/yoast-seo-premium-wordpress\/ -->\n<title>Rubber chicken feeding trough - MTA06 - Thi\u1ebft b\u1ecb ch\u0103n nu\u00f4i<\/title>\n<meta name=\"description\" content=\"Rubber chicken feeding trough\" \/>\n<meta name=\"robots\" content=\"index, follow, max-snippet:-1, max-image-preview:large, max-video-preview:-1\" \/>\n<link rel=\"canonical\" href=\"https:\/\/thietbichannuoi.com\/en\/san-pham\/rubber-chicken-feeding-trough-mta06\/\" \/>\n<meta property=\"og:locale\" content=\"en_US\" \/>\n<meta property=\"og:type\" content=\"article\" \/>\n<meta property=\"og:title\" content=\"Rubber chicken feeding trough - MTA06\" \/>\n<meta property=\"og:description\" content=\"MTA30\u00a0\u2013 Base diameter of the feeder: 400mm, 10 cell.  MTA31\u00a0\u2013 Base diameter of the feeder: 500mm, 12 cell  MTA32\u00a0\u2013 Base diameter of the feeder: 600mm, 14 cell  The base of the feeder is made of rubber, and the compartment dividers are 6mm diameter steel bars.\" \/>\n<meta property=\"og:url\" content=\"https:\/\/thietbichannuoi.com\/en\/san-pham\/rubber-chicken-feeding-trough-mta06\/\" \/>\n<meta property=\"og:site_name\" content=\"Thi\u1ebft b\u1ecb ch\u0103n nu\u00f4i\" \/>\n<meta property=\"article:modified_time\" content=\"2025-03-20T02:56:37+00:00\" \/>\n<meta property=\"og:image\" content=\"https:\/\/thietbichannuoi.com\/wp-content\/uploads\/2018\/01\/mang-cai-sua-01.jpg\" \/>\n\t<meta property=\"og:image:width\" content=\"1400\" \/>\n\t<meta property=\"og:image:height\" content=\"1200\" \/>\n\t<meta property=\"og:image:type\" content=\"image\/jpeg\" \/>\n<meta name=\"twitter:card\" content=\"summary_large_image\" \/>\n<meta name=\"twitter:label1\" content=\"Est. reading time\" \/>\n\t<meta name=\"twitter:data1\" content=\"1 minute\" \/>\n<!-- \/ Yoast SEO Premium plugin. -->","yoast_head_json":{"title":"Rubber chicken feeding trough - MTA06 - Thi\u1ebft b\u1ecb ch\u0103n nu\u00f4i","description":"Rubber chicken feeding trough","robots":{"index":"index","follow":"follow","max-snippet":"max-snippet:-1","max-image-preview":"max-image-preview:large","max-video-preview":"max-video-preview:-1"},"canonical":"https:\/\/thietbichannuoi.com\/en\/san-pham\/rubber-chicken-feeding-trough-mta06\/","og_locale":"en_US","og_type":"article","og_title":"Rubber chicken feeding trough - MTA06","og_description":"MTA30\u00a0\u2013 Base diameter of the feeder: 400mm, 10 cell.  MTA31\u00a0\u2013 Base diameter of the feeder: 500mm, 12 cell  MTA32\u00a0\u2013 Base diameter of the feeder: 600mm, 14 cell  The base of the feeder is made of rubber, and the compartment dividers are 6mm diameter steel bars.","og_url":"https:\/\/thietbichannuoi.com\/en\/san-pham\/rubber-chicken-feeding-trough-mta06\/","og_site_name":"Thi\u1ebft b\u1ecb ch\u0103n nu\u00f4i","article_modified_time":"2025-03-20T02:56:37+00:00","og_image":[{"width":1400,"height":1200,"url":"https:\/\/thietbichannuoi.com\/wp-content\/uploads\/2018\/01\/mang-cai-sua-01.jpg","type":"image\/jpeg"}],"twitter_card":"summary_large_image","twitter_misc":{"Est. reading time":"1 minute"},"schema":{"@context":"https:\/\/schema.org","@graph":[{"@type":"WebPage","@id":"https:\/\/thietbichannuoi.com\/en\/san-pham\/rubber-chicken-feeding-trough-mta06\/","url":"https:\/\/thietbichannuoi.com\/en\/san-pham\/rubber-chicken-feeding-trough-mta06\/","name":"Rubber chicken feeding trough - MTA06 - Thi\u1ebft b\u1ecb ch\u0103n nu\u00f4i","isPartOf":{"@id":"https:\/\/thietbichannuoi.com\/#website"},"primaryImageOfPage":{"@id":"https:\/\/thietbichannuoi.com\/en\/san-pham\/rubber-chicken-feeding-trough-mta06\/#primaryimage"},"image":{"@id":"https:\/\/thietbichannuoi.com\/en\/san-pham\/rubber-chicken-feeding-trough-mta06\/#primaryimage"},"thumbnailUrl":"https:\/\/thietbichannuoi.com\/wp-content\/uploads\/2018\/01\/mang-cai-sua-01.jpg","datePublished":"2021-07-30T13:24:59+00:00","dateModified":"2025-03-20T02:56:37+00:00","description":"Rubber chicken feeding trough","breadcrumb":{"@id":"https:\/\/thietbichannuoi.com\/en\/san-pham\/rubber-chicken-feeding-trough-mta06\/#breadcrumb"},"inLanguage":"en-US","potentialAction":[{"@type":"ReadAction","target":["https:\/\/thietbichannuoi.com\/en\/san-pham\/rubber-chicken-feeding-trough-mta06\/"]}]},{"@type":"ImageObject","inLanguage":"en-US","@id":"https:\/\/thietbichannuoi.com\/en\/san-pham\/rubber-chicken-feeding-trough-mta06\/#primaryimage","url":"https:\/\/thietbichannuoi.com\/wp-content\/uploads\/2018\/01\/mang-cai-sua-01.jpg","contentUrl":"https:\/\/thietbichannuoi.com\/wp-content\/uploads\/2018\/01\/mang-cai-sua-01.jpg","width":1400,"height":1200,"caption":"Rubber chicken feeding trough - MTA06"},{"@type":"BreadcrumbList","@id":"https:\/\/thietbichannuoi.com\/en\/san-pham\/rubber-chicken-feeding-trough-mta06\/#breadcrumb","itemListElement":[{"@type":"ListItem","position":1,"name":"Home","item":"https:\/\/thietbichannuoi.com\/en\/"},{"@type":"ListItem","position":2,"name":"Shop","item":"https:\/\/thietbichannuoi.com\/shop\/"},{"@type":"ListItem","position":3,"name":"Rubber chicken feeding trough &#8211; MTA06"}]},{"@type":"WebSite","@id":"https:\/\/thietbichannuoi.com\/#website","url":"https:\/\/thietbichannuoi.com\/","name":"Thi\u1ebft b\u1ecb ch\u0103n nu\u00f4i","description":"S\u1ea3n xu\u1ea5t thi\u1ebft b\u1ecb ch\u0103n nu\u00f4i gia s\u00fac, gia c\u1ea7m v\u00e0 c\u00e1c s\u1ea3n ph\u1ea9m t\u1eeb nh\u1ef1a","publisher":{"@id":"https:\/\/thietbichannuoi.com\/#organization"},"potentialAction":[{"@type":"SearchAction","target":{"@type":"EntryPoint","urlTemplate":"https:\/\/thietbichannuoi.com\/?s={search_term_string}"},"query-input":{"@type":"PropertyValueSpecification","valueRequired":true,"valueName":"search_term_string"}}],"inLanguage":"en-US"},{"@type":"Organization","@id":"https:\/\/thietbichannuoi.com\/#organization","name":"Thi\u1ebft b\u1ecb ch\u0103n nu\u00f4i Minh Ph\u00e1t","url":"https:\/\/thietbichannuoi.com\/","logo":{"@type":"ImageObject","inLanguage":"en-US","@id":"https:\/\/thietbichannuoi.com\/#\/schema\/logo\/image\/","url":"https:\/\/thietbichannuoi.com\/wp-content\/uploads\/2021\/04\/logo-thiet-bi-chan-nuoi.png","contentUrl":"https:\/\/thietbichannuoi.com\/wp-content\/uploads\/2021\/04\/logo-thiet-bi-chan-nuoi.png","width":104,"height":79,"caption":"Thi\u1ebft b\u1ecb ch\u0103n nu\u00f4i Minh Ph\u00e1t"},"image":{"@id":"https:\/\/thietbichannuoi.com\/#\/schema\/logo\/image\/"}}]}},"uagb_featured_image_src":{"full":["https:\/\/thietbichannuoi.com\/wp-content\/uploads\/2018\/01\/mang-cai-sua-01.jpg",1400,1200,false],"thumbnail":["https:\/\/thietbichannuoi.com\/wp-content\/uploads\/2018\/01\/mang-cai-sua-01.jpg",150,129,false],"medium":["https:\/\/thietbichannuoi.com\/wp-content\/uploads\/2018\/01\/mang-cai-sua-01.jpg",300,257,false],"medium_large":["https:\/\/thietbichannuoi.com\/wp-content\/uploads\/2018\/01\/mang-cai-sua-01.jpg",1400,1200,false],"large":["https:\/\/thietbichannuoi.com\/wp-content\/uploads\/2018\/01\/mang-cai-sua-01.jpg",800,686,false],"1536x1536":["https:\/\/thietbichannuoi.com\/wp-content\/uploads\/2018\/01\/mang-cai-sua-01.jpg",1400,1200,false],"2048x2048":["https:\/\/thietbichannuoi.com\/wp-content\/uploads\/2018\/01\/mang-cai-sua-01.jpg",1400,1200,false],"woocommerce_thumbnail":["https:\/\/thietbichannuoi.com\/wp-content\/uploads\/2018\/01\/mang-cai-sua-01.jpg",1400,1200,false],"woocommerce_single":["https:\/\/thietbichannuoi.com\/wp-content\/uploads\/2018\/01\/mang-cai-sua-01.jpg",1400,1200,false],"woocommerce_gallery_thumbnail":["https:\/\/thietbichannuoi.com\/wp-content\/uploads\/2018\/01\/mang-cai-sua-01-100x100.jpg",100,100,true]},"uagb_author_info":{"display_name":"dinhlam","author_link":"https:\/\/thietbichannuoi.com\/en\/author\/"},"uagb_comment_info":0,"uagb_excerpt":"MTA30\u00a0\u2013 Base diameter of the feeder: 400mm, 10 cell. MTA31\u00a0\u2013 Base diameter of the feeder: 500mm, 12 cell MTA32\u00a0\u2013 Base diameter of the feeder: 600mm, 14 cell The base of the feeder is made of rubber, and the compartment dividers are 6mm diameter steel bars.","_links":{"self":[{"href":"https:\/\/thietbichannuoi.com\/en\/wp-json\/wp\/v2\/product\/11759","targetHints":{"allow":["GET"]}}],"collection":[{"href":"https:\/\/thietbichannuoi.com\/en\/wp-json\/wp\/v2\/product"}],"about":[{"href":"https:\/\/thietbichannuoi.com\/en\/wp-json\/wp\/v2\/types\/product"}],"version-history":[{"count":0,"href":"https:\/\/thietbichannuoi.com\/en\/wp-json\/wp\/v2\/product\/11759\/revisions"}],"wp:featuredmedia":[{"embeddable":true,"href":"https:\/\/thietbichannuoi.com\/en\/wp-json\/wp\/v2\/media\/12965"}],"wp:attachment":[{"href":"https:\/\/thietbichannuoi.com\/en\/wp-json\/wp\/v2\/media?parent=11759"}],"wp:term":[{"taxonomy":"product_brand","embeddable":true,"href":"https:\/\/thietbichannuoi.com\/en\/wp-json\/wp\/v2\/product_brand?post=11759"},{"taxonomy":"product_cat","embeddable":true,"href":"https:\/\/thietbichannuoi.com\/en\/wp-json\/wp\/v2\/product_cat?post=11759"},{"taxonomy":"product_tag","embeddable":true,"href":"https:\/\/thietbichannuoi.com\/en\/wp-json\/wp\/v2\/product_tag?post=11759"}],"curies":[{"name":"wp","href":"https:\/\/api.w.org\/{rel}","templated":true}]}}