{"id":12811,"date":"2023-05-07T16:37:55","date_gmt":"2023-05-07T09:37:55","guid":{"rendered":"https:\/\/thietbichannuoi.com\/?post_type=product&#038;p=12811"},"modified":"2025-12-05T15:55:17","modified_gmt":"2025-12-05T08:55:17","slug":"feed-dispenser","status":"publish","type":"product","link":"https:\/\/thietbichannuoi.com\/en\/san-pham\/feed-dispenser\/","title":{"rendered":"Feed dispenser"},"content":{"rendered":"<p>Feed dispenser<\/p>\n<p><img fetchpriority=\"high\" decoding=\"async\" class=\"wp-image-20633 size-full\" src=\"https:\/\/thietbichannuoi.com\/wp-content\/uploads\/2021\/08\/Hop-dinh-luong-01-1.jpg\" alt=\"H\u1ee3p \u0111\u1ecbnh l\u01b0\u1ee3ng\" width=\"1920\" height=\"1080\" srcset=\"https:\/\/thietbichannuoi.com\/wp-content\/uploads\/2021\/08\/Hop-dinh-luong-01-1.jpg 1920w, https:\/\/thietbichannuoi.com\/wp-content\/uploads\/2021\/08\/Hop-dinh-luong-01-1-300x169.jpg 300w, https:\/\/thietbichannuoi.com\/wp-content\/uploads\/2021\/08\/Hop-dinh-luong-01-1-1024x576.jpg 1024w, https:\/\/thietbichannuoi.com\/wp-content\/uploads\/2021\/08\/Hop-dinh-luong-01-1-150x84.jpg 150w, https:\/\/thietbichannuoi.com\/wp-content\/uploads\/2021\/08\/Hop-dinh-luong-01-1-1536x864.jpg 1536w\" sizes=\"(max-width: 1920px) 100vw, 1920px\" \/> <img decoding=\"async\" class=\"wp-image-20635 size-full\" src=\"https:\/\/thietbichannuoi.com\/wp-content\/uploads\/2021\/08\/Hop-dinh-luong-02-1.jpg\" alt=\"H\u1ee3p \u0111\u1ecbnh l\u01b0\u1ee3ng\" width=\"1920\" height=\"1080\" srcset=\"https:\/\/thietbichannuoi.com\/wp-content\/uploads\/2021\/08\/Hop-dinh-luong-02-1.jpg 1920w, https:\/\/thietbichannuoi.com\/wp-content\/uploads\/2021\/08\/Hop-dinh-luong-02-1-300x169.jpg 300w, https:\/\/thietbichannuoi.com\/wp-content\/uploads\/2021\/08\/Hop-dinh-luong-02-1-1024x576.jpg 1024w, https:\/\/thietbichannuoi.com\/wp-content\/uploads\/2021\/08\/Hop-dinh-luong-02-1-150x84.jpg 150w, https:\/\/thietbichannuoi.com\/wp-content\/uploads\/2021\/08\/Hop-dinh-luong-02-1-1536x864.jpg 1536w\" sizes=\"(max-width: 1920px) 100vw, 1920px\" \/> <img decoding=\"async\" class=\"wp-image-20637 size-full\" src=\"https:\/\/thietbichannuoi.com\/wp-content\/uploads\/2021\/08\/Hop-dinh-luong-03-1.jpg\" alt=\"H\u1ee3p \u0111\u1ecbnh l\u01b0\u1ee3ng\" width=\"1920\" height=\"1080\" srcset=\"https:\/\/thietbichannuoi.com\/wp-content\/uploads\/2021\/08\/Hop-dinh-luong-03-1.jpg 1920w, https:\/\/thietbichannuoi.com\/wp-content\/uploads\/2021\/08\/Hop-dinh-luong-03-1-300x169.jpg 300w, https:\/\/thietbichannuoi.com\/wp-content\/uploads\/2021\/08\/Hop-dinh-luong-03-1-1024x576.jpg 1024w, https:\/\/thietbichannuoi.com\/wp-content\/uploads\/2021\/08\/Hop-dinh-luong-03-1-150x84.jpg 150w, https:\/\/thietbichannuoi.com\/wp-content\/uploads\/2021\/08\/Hop-dinh-luong-03-1-1536x864.jpg 1536w\" sizes=\"(max-width: 1920px) 100vw, 1920px\" \/><\/p>\n","protected":false},"excerpt":{"rendered":"<p><strong>Feed dispenser<\/strong><\/p>\n<ul>\n<li><strong>ATX60-040<\/strong> (8L feed measuring box)<\/li>\n<li><strong>ATX60-041<\/strong> (6L feed measuring box)<\/li>\n<\/ul>\n","protected":false},"featured_media":20641,"template":"","meta":{"_uag_custom_page_level_css":"","footnotes":""},"product_brand":[],"product_cat":[1040],"product_tag":[1284],"class_list":{"0":"post-12811","1":"product","2":"type-product","3":"status-publish","4":"has-post-thumbnail","6":"product_cat-silos-feeding-systems","7":"product_tag-he-thong-xich-tai-en","9":"first","10":"instock","11":"shipping-taxable","12":"product-type-simple"},"acf":[],"yoast_head":"<!-- This site is optimized with the Yoast SEO Premium plugin v22.9 (Yoast SEO v27.3) - https:\/\/yoast.com\/product\/yoast-seo-premium-wordpress\/ -->\n<title>Feed dispenser - Thi\u1ebft b\u1ecb ch\u0103n nu\u00f4i<\/title>\n<meta name=\"description\" content=\"Professionally designed to provide precise feed to the sow, providing the sow with a fresh and enough food every day. Helps nursery sows increase milk production. Suitable for automatic feed conveying systems in modern pig farms.\" \/>\n<meta name=\"robots\" content=\"index, follow, max-snippet:-1, max-image-preview:large, max-video-preview:-1\" \/>\n<link rel=\"canonical\" href=\"https:\/\/thietbichannuoi.com\/en\/san-pham\/feed-dispenser\/\" \/>\n<meta property=\"og:locale\" content=\"en_US\" \/>\n<meta property=\"og:type\" content=\"article\" \/>\n<meta property=\"og:title\" content=\"Feed dispenser\" \/>\n<meta property=\"og:description\" content=\"Feed dispenser   ATX60-040 (8L feed measuring box)  ATX60-041 (6L feed measuring box)\" \/>\n<meta property=\"og:url\" content=\"https:\/\/thietbichannuoi.com\/en\/san-pham\/feed-dispenser\/\" \/>\n<meta property=\"og:site_name\" content=\"Thi\u1ebft b\u1ecb ch\u0103n nu\u00f4i\" \/>\n<meta property=\"article:modified_time\" content=\"2025-12-05T08:55:17+00:00\" \/>\n<meta property=\"og:image\" content=\"https:\/\/thietbichannuoi.com\/wp-content\/uploads\/2021\/08\/Hop-dinh-luong-cam-8L-1.jpg\" \/>\n\t<meta property=\"og:image:width\" content=\"1400\" \/>\n\t<meta property=\"og:image:height\" content=\"1200\" \/>\n\t<meta property=\"og:image:type\" content=\"image\/jpeg\" \/>\n<meta name=\"twitter:card\" content=\"summary_large_image\" \/>\n<meta name=\"twitter:label1\" content=\"Est. reading time\" \/>\n\t<meta name=\"twitter:data1\" content=\"1 minute\" \/>\n<!-- \/ Yoast SEO Premium plugin. -->","yoast_head_json":{"title":"Feed dispenser - Thi\u1ebft b\u1ecb ch\u0103n nu\u00f4i","description":"Professionally designed to provide precise feed to the sow, providing the sow with a fresh and enough food every day. Helps nursery sows increase milk production. Suitable for automatic feed conveying systems in modern pig farms.","robots":{"index":"index","follow":"follow","max-snippet":"max-snippet:-1","max-image-preview":"max-image-preview:large","max-video-preview":"max-video-preview:-1"},"canonical":"https:\/\/thietbichannuoi.com\/en\/san-pham\/feed-dispenser\/","og_locale":"en_US","og_type":"article","og_title":"Feed dispenser","og_description":"Feed dispenser   ATX60-040 (8L feed measuring box)  ATX60-041 (6L feed measuring box)","og_url":"https:\/\/thietbichannuoi.com\/en\/san-pham\/feed-dispenser\/","og_site_name":"Thi\u1ebft b\u1ecb ch\u0103n nu\u00f4i","article_modified_time":"2025-12-05T08:55:17+00:00","og_image":[{"width":1400,"height":1200,"url":"https:\/\/thietbichannuoi.com\/wp-content\/uploads\/2021\/08\/Hop-dinh-luong-cam-8L-1.jpg","type":"image\/jpeg"}],"twitter_card":"summary_large_image","twitter_misc":{"Est. reading time":"1 minute"},"schema":{"@context":"https:\/\/schema.org","@graph":[{"@type":"WebPage","@id":"https:\/\/thietbichannuoi.com\/en\/san-pham\/feed-dispenser\/","url":"https:\/\/thietbichannuoi.com\/en\/san-pham\/feed-dispenser\/","name":"Feed dispenser - Thi\u1ebft b\u1ecb ch\u0103n nu\u00f4i","isPartOf":{"@id":"https:\/\/thietbichannuoi.com\/#website"},"primaryImageOfPage":{"@id":"https:\/\/thietbichannuoi.com\/en\/san-pham\/feed-dispenser\/#primaryimage"},"image":{"@id":"https:\/\/thietbichannuoi.com\/en\/san-pham\/feed-dispenser\/#primaryimage"},"thumbnailUrl":"https:\/\/thietbichannuoi.com\/wp-content\/uploads\/2021\/08\/Hop-dinh-luong-cam-8L-1.jpg","datePublished":"2023-05-07T09:37:55+00:00","dateModified":"2025-12-05T08:55:17+00:00","description":"Professionally designed to provide precise feed to the sow, providing the sow with a fresh and enough food every day. Helps nursery sows increase milk production. Suitable for automatic feed conveying systems in modern pig farms.","breadcrumb":{"@id":"https:\/\/thietbichannuoi.com\/en\/san-pham\/feed-dispenser\/#breadcrumb"},"inLanguage":"en-US","potentialAction":[{"@type":"ReadAction","target":["https:\/\/thietbichannuoi.com\/en\/san-pham\/feed-dispenser\/"]}]},{"@type":"ImageObject","inLanguage":"en-US","@id":"https:\/\/thietbichannuoi.com\/en\/san-pham\/feed-dispenser\/#primaryimage","url":"https:\/\/thietbichannuoi.com\/wp-content\/uploads\/2021\/08\/Hop-dinh-luong-cam-8L-1.jpg","contentUrl":"https:\/\/thietbichannuoi.com\/wp-content\/uploads\/2021\/08\/Hop-dinh-luong-cam-8L-1.jpg","width":1400,"height":1200,"caption":"H\u1ee3p \u0111\u1ecbnh l\u01b0\u1ee3ng"},{"@type":"BreadcrumbList","@id":"https:\/\/thietbichannuoi.com\/en\/san-pham\/feed-dispenser\/#breadcrumb","itemListElement":[{"@type":"ListItem","position":1,"name":"Home","item":"https:\/\/thietbichannuoi.com\/en\/"},{"@type":"ListItem","position":2,"name":"Shop","item":"https:\/\/thietbichannuoi.com\/shop\/"},{"@type":"ListItem","position":3,"name":"Feed dispenser"}]},{"@type":"WebSite","@id":"https:\/\/thietbichannuoi.com\/#website","url":"https:\/\/thietbichannuoi.com\/","name":"Thi\u1ebft b\u1ecb ch\u0103n nu\u00f4i","description":"S\u1ea3n xu\u1ea5t thi\u1ebft b\u1ecb ch\u0103n nu\u00f4i gia s\u00fac, gia c\u1ea7m v\u00e0 c\u00e1c s\u1ea3n ph\u1ea9m t\u1eeb nh\u1ef1a","publisher":{"@id":"https:\/\/thietbichannuoi.com\/#organization"},"potentialAction":[{"@type":"SearchAction","target":{"@type":"EntryPoint","urlTemplate":"https:\/\/thietbichannuoi.com\/?s={search_term_string}"},"query-input":{"@type":"PropertyValueSpecification","valueRequired":true,"valueName":"search_term_string"}}],"inLanguage":"en-US"},{"@type":"Organization","@id":"https:\/\/thietbichannuoi.com\/#organization","name":"Thi\u1ebft b\u1ecb ch\u0103n nu\u00f4i Minh Ph\u00e1t","url":"https:\/\/thietbichannuoi.com\/","logo":{"@type":"ImageObject","inLanguage":"en-US","@id":"https:\/\/thietbichannuoi.com\/#\/schema\/logo\/image\/","url":"https:\/\/thietbichannuoi.com\/wp-content\/uploads\/2021\/04\/logo-thiet-bi-chan-nuoi.png","contentUrl":"https:\/\/thietbichannuoi.com\/wp-content\/uploads\/2021\/04\/logo-thiet-bi-chan-nuoi.png","width":104,"height":79,"caption":"Thi\u1ebft b\u1ecb ch\u0103n nu\u00f4i Minh Ph\u00e1t"},"image":{"@id":"https:\/\/thietbichannuoi.com\/#\/schema\/logo\/image\/"}}]}},"uagb_featured_image_src":{"full":["https:\/\/thietbichannuoi.com\/wp-content\/uploads\/2021\/08\/Hop-dinh-luong-cam-8L-1.jpg",1400,1200,false],"thumbnail":["https:\/\/thietbichannuoi.com\/wp-content\/uploads\/2021\/08\/Hop-dinh-luong-cam-8L-1.jpg",150,129,false],"medium":["https:\/\/thietbichannuoi.com\/wp-content\/uploads\/2021\/08\/Hop-dinh-luong-cam-8L-1.jpg",300,257,false],"medium_large":["https:\/\/thietbichannuoi.com\/wp-content\/uploads\/2021\/08\/Hop-dinh-luong-cam-8L-1.jpg",1400,1200,false],"large":["https:\/\/thietbichannuoi.com\/wp-content\/uploads\/2021\/08\/Hop-dinh-luong-cam-8L-1.jpg",800,686,false],"1536x1536":["https:\/\/thietbichannuoi.com\/wp-content\/uploads\/2021\/08\/Hop-dinh-luong-cam-8L-1.jpg",1400,1200,false],"2048x2048":["https:\/\/thietbichannuoi.com\/wp-content\/uploads\/2021\/08\/Hop-dinh-luong-cam-8L-1.jpg",1400,1200,false],"woocommerce_thumbnail":["https:\/\/thietbichannuoi.com\/wp-content\/uploads\/2021\/08\/Hop-dinh-luong-cam-8L-1.jpg",1400,1200,false],"woocommerce_single":["https:\/\/thietbichannuoi.com\/wp-content\/uploads\/2021\/08\/Hop-dinh-luong-cam-8L-1.jpg",1400,1200,false],"woocommerce_gallery_thumbnail":["https:\/\/thietbichannuoi.com\/wp-content\/uploads\/2021\/08\/Hop-dinh-luong-cam-8L-1-100x100.jpg",100,100,true]},"uagb_author_info":{"display_name":"admin","author_link":"https:\/\/thietbichannuoi.com\/en\/author\/"},"uagb_comment_info":0,"uagb_excerpt":"Feed dispenser ATX60-040 (8L feed measuring box) ATX60-041 (6L feed measuring box)","_links":{"self":[{"href":"https:\/\/thietbichannuoi.com\/en\/wp-json\/wp\/v2\/product\/12811","targetHints":{"allow":["GET"]}}],"collection":[{"href":"https:\/\/thietbichannuoi.com\/en\/wp-json\/wp\/v2\/product"}],"about":[{"href":"https:\/\/thietbichannuoi.com\/en\/wp-json\/wp\/v2\/types\/product"}],"version-history":[{"count":0,"href":"https:\/\/thietbichannuoi.com\/en\/wp-json\/wp\/v2\/product\/12811\/revisions"}],"wp:featuredmedia":[{"embeddable":true,"href":"https:\/\/thietbichannuoi.com\/en\/wp-json\/wp\/v2\/media\/20641"}],"wp:attachment":[{"href":"https:\/\/thietbichannuoi.com\/en\/wp-json\/wp\/v2\/media?parent=12811"}],"wp:term":[{"taxonomy":"product_brand","embeddable":true,"href":"https:\/\/thietbichannuoi.com\/en\/wp-json\/wp\/v2\/product_brand?post=12811"},{"taxonomy":"product_cat","embeddable":true,"href":"https:\/\/thietbichannuoi.com\/en\/wp-json\/wp\/v2\/product_cat?post=12811"},{"taxonomy":"product_tag","embeddable":true,"href":"https:\/\/thietbichannuoi.com\/en\/wp-json\/wp\/v2\/product_tag?post=12811"}],"curies":[{"name":"wp","href":"https:\/\/api.w.org\/{rel}","templated":true}]}}