{"id":12815,"date":"2023-05-07T16:50:35","date_gmt":"2023-05-07T09:50:35","guid":{"rendered":"https:\/\/thietbichannuoi.com\/?post_type=product&#038;p=12815"},"modified":"2025-09-27T10:07:08","modified_gmt":"2025-09-27T03:07:08","slug":"screw-conveyor","status":"publish","type":"product","link":"https:\/\/thietbichannuoi.com\/en\/san-pham\/screw-conveyor\/","title":{"rendered":"Screw conveyor"},"content":{"rendered":"<p>Screw conveyor for automatic feeding system for pigs.<\/p>\n<p><img fetchpriority=\"high\" decoding=\"async\" class=\"alignnone wp-image-16875 size-full\" src=\"https:\/\/thietbichannuoi.com\/wp-content\/uploads\/2021\/08\/DSC1474-mp.jpg\" alt=\"\" width=\"2500\" height=\"1667\" srcset=\"https:\/\/thietbichannuoi.com\/wp-content\/uploads\/2021\/08\/DSC1474-mp.jpg 2500w, https:\/\/thietbichannuoi.com\/wp-content\/uploads\/2021\/08\/DSC1474-mp-300x200.jpg 300w, https:\/\/thietbichannuoi.com\/wp-content\/uploads\/2021\/08\/DSC1474-mp-1024x683.jpg 1024w, https:\/\/thietbichannuoi.com\/wp-content\/uploads\/2021\/08\/DSC1474-mp-150x100.jpg 150w, https:\/\/thietbichannuoi.com\/wp-content\/uploads\/2021\/08\/DSC1474-mp-1536x1024.jpg 1536w, https:\/\/thietbichannuoi.com\/wp-content\/uploads\/2021\/08\/DSC1474-mp-2048x1366.jpg 2048w\" sizes=\"(max-width: 2500px) 100vw, 2500px\" \/><\/p>\n<p><img decoding=\"async\" class=\"alignnone wp-image-16877 size-full\" src=\"https:\/\/thietbichannuoi.com\/wp-content\/uploads\/2021\/08\/DSC1475-mp.jpg\" alt=\"\" width=\"2500\" height=\"1667\" srcset=\"https:\/\/thietbichannuoi.com\/wp-content\/uploads\/2021\/08\/DSC1475-mp.jpg 2500w, https:\/\/thietbichannuoi.com\/wp-content\/uploads\/2021\/08\/DSC1475-mp-300x200.jpg 300w, https:\/\/thietbichannuoi.com\/wp-content\/uploads\/2021\/08\/DSC1475-mp-1024x683.jpg 1024w, https:\/\/thietbichannuoi.com\/wp-content\/uploads\/2021\/08\/DSC1475-mp-150x100.jpg 150w, https:\/\/thietbichannuoi.com\/wp-content\/uploads\/2021\/08\/DSC1475-mp-1536x1024.jpg 1536w, https:\/\/thietbichannuoi.com\/wp-content\/uploads\/2021\/08\/DSC1475-mp-2048x1366.jpg 2048w\" sizes=\"(max-width: 2500px) 100vw, 2500px\" \/><\/p>\n","protected":false},"excerpt":{"rendered":"<p><strong>Code: ATX60-060<\/strong><\/p>\n<ul>\n<li data-start=\"324\" data-end=\"364\">\n<p data-start=\"326\" data-end=\"364\"><strong data-start=\"326\" data-end=\"335\">Input<\/strong>: Screw conveyor system D90<\/p>\n<\/li>\n<li data-start=\"365\" data-end=\"420\">\n<p data-start=\"367\" data-end=\"420\"><strong data-start=\"367\" data-end=\"377\">Output<\/strong>: Compatible with feed chain conveyor D60<\/p>\n<\/li>\n<li data-start=\"421\" data-end=\"454\">\n<p data-start=\"423\" data-end=\"454\"><strong data-start=\"423\" data-end=\"435\">Material<\/strong>: Stainless steel<\/p>\n<\/li>\n<\/ul>\n","protected":false},"featured_media":19756,"template":"","meta":{"_uag_custom_page_level_css":"","footnotes":""},"product_brand":[],"product_cat":[1040],"product_tag":[1283,1284,1419],"class_list":{"0":"post-12815","1":"product","2":"type-product","3":"status-publish","4":"has-post-thumbnail","6":"product_cat-silos-feeding-systems","7":"product_tag-he-thong-vit-tai-en","8":"product_tag-he-thong-xich-tai-en","9":"product_tag-screw-conveyor","11":"first","12":"instock","13":"shipping-taxable","14":"product-type-simple"},"acf":[],"yoast_head":"<!-- This site is optimized with the Yoast SEO Premium plugin v22.9 (Yoast SEO v27.4) - https:\/\/yoast.com\/product\/yoast-seo-premium-wordpress\/ -->\n<title>Screw conveyor - Thi\u1ebft b\u1ecb ch\u0103n nu\u00f4i<\/title>\n<meta name=\"description\" content=\"Screw conveyor for automatic feeding system for pigs.\" \/>\n<meta name=\"robots\" content=\"index, follow, max-snippet:-1, max-image-preview:large, max-video-preview:-1\" \/>\n<link rel=\"canonical\" href=\"https:\/\/thietbichannuoi.com\/en\/san-pham\/screw-conveyor\/\" \/>\n<meta property=\"og:locale\" content=\"en_US\" \/>\n<meta property=\"og:type\" content=\"article\" \/>\n<meta property=\"og:title\" content=\"Screw conveyor\" \/>\n<meta property=\"og:description\" content=\"Code: ATX60-060    Input: Screw conveyor system D90    Output: Compatible with feed chain conveyor D60    Material: Stainless steel\" \/>\n<meta property=\"og:url\" content=\"https:\/\/thietbichannuoi.com\/en\/san-pham\/screw-conveyor\/\" \/>\n<meta property=\"og:site_name\" content=\"Thi\u1ebft b\u1ecb ch\u0103n nu\u00f4i\" \/>\n<meta property=\"article:modified_time\" content=\"2025-09-27T03:07:08+00:00\" \/>\n<meta property=\"og:image\" content=\"https:\/\/thietbichannuoi.com\/wp-content\/uploads\/2021\/08\/He-thong-xit-tai-bo-tai-cam.jpg\" \/>\n\t<meta property=\"og:image:width\" content=\"1400\" \/>\n\t<meta property=\"og:image:height\" content=\"1200\" \/>\n\t<meta property=\"og:image:type\" content=\"image\/jpeg\" \/>\n<meta name=\"twitter:card\" content=\"summary_large_image\" \/>\n<meta name=\"twitter:label1\" content=\"Est. reading time\" \/>\n\t<meta name=\"twitter:data1\" content=\"1 minute\" \/>\n<!-- \/ Yoast SEO Premium plugin. -->","yoast_head_json":{"title":"Screw conveyor - Thi\u1ebft b\u1ecb ch\u0103n nu\u00f4i","description":"Screw conveyor for automatic feeding system for pigs.","robots":{"index":"index","follow":"follow","max-snippet":"max-snippet:-1","max-image-preview":"max-image-preview:large","max-video-preview":"max-video-preview:-1"},"canonical":"https:\/\/thietbichannuoi.com\/en\/san-pham\/screw-conveyor\/","og_locale":"en_US","og_type":"article","og_title":"Screw conveyor","og_description":"Code: ATX60-060    Input: Screw conveyor system D90    Output: Compatible with feed chain conveyor D60    Material: Stainless steel","og_url":"https:\/\/thietbichannuoi.com\/en\/san-pham\/screw-conveyor\/","og_site_name":"Thi\u1ebft b\u1ecb ch\u0103n nu\u00f4i","article_modified_time":"2025-09-27T03:07:08+00:00","og_image":[{"width":1400,"height":1200,"url":"https:\/\/thietbichannuoi.com\/wp-content\/uploads\/2021\/08\/He-thong-xit-tai-bo-tai-cam.jpg","type":"image\/jpeg"}],"twitter_card":"summary_large_image","twitter_misc":{"Est. reading time":"1 minute"},"schema":{"@context":"https:\/\/schema.org","@graph":[{"@type":"WebPage","@id":"https:\/\/thietbichannuoi.com\/en\/san-pham\/screw-conveyor\/","url":"https:\/\/thietbichannuoi.com\/en\/san-pham\/screw-conveyor\/","name":"Screw conveyor - Thi\u1ebft b\u1ecb ch\u0103n nu\u00f4i","isPartOf":{"@id":"https:\/\/thietbichannuoi.com\/#website"},"primaryImageOfPage":{"@id":"https:\/\/thietbichannuoi.com\/en\/san-pham\/screw-conveyor\/#primaryimage"},"image":{"@id":"https:\/\/thietbichannuoi.com\/en\/san-pham\/screw-conveyor\/#primaryimage"},"thumbnailUrl":"https:\/\/thietbichannuoi.com\/wp-content\/uploads\/2021\/08\/He-thong-xit-tai-bo-tai-cam.jpg","datePublished":"2023-05-07T09:50:35+00:00","dateModified":"2025-09-27T03:07:08+00:00","description":"Screw conveyor for automatic feeding system for pigs.","breadcrumb":{"@id":"https:\/\/thietbichannuoi.com\/en\/san-pham\/screw-conveyor\/#breadcrumb"},"inLanguage":"en-US","potentialAction":[{"@type":"ReadAction","target":["https:\/\/thietbichannuoi.com\/en\/san-pham\/screw-conveyor\/"]}]},{"@type":"ImageObject","inLanguage":"en-US","@id":"https:\/\/thietbichannuoi.com\/en\/san-pham\/screw-conveyor\/#primaryimage","url":"https:\/\/thietbichannuoi.com\/wp-content\/uploads\/2021\/08\/He-thong-xit-tai-bo-tai-cam.jpg","contentUrl":"https:\/\/thietbichannuoi.com\/wp-content\/uploads\/2021\/08\/He-thong-xit-tai-bo-tai-cam.jpg","width":1400,"height":1200,"caption":"Ph\u1ec3u n\u1ea1p c\u00e1m"},{"@type":"BreadcrumbList","@id":"https:\/\/thietbichannuoi.com\/en\/san-pham\/screw-conveyor\/#breadcrumb","itemListElement":[{"@type":"ListItem","position":1,"name":"Home","item":"https:\/\/thietbichannuoi.com\/en\/"},{"@type":"ListItem","position":2,"name":"Shop","item":"https:\/\/thietbichannuoi.com\/shop\/"},{"@type":"ListItem","position":3,"name":"Screw conveyor"}]},{"@type":"WebSite","@id":"https:\/\/thietbichannuoi.com\/#website","url":"https:\/\/thietbichannuoi.com\/","name":"Thi\u1ebft b\u1ecb ch\u0103n nu\u00f4i","description":"S\u1ea3n xu\u1ea5t thi\u1ebft b\u1ecb ch\u0103n nu\u00f4i gia s\u00fac, gia c\u1ea7m v\u00e0 c\u00e1c s\u1ea3n ph\u1ea9m t\u1eeb nh\u1ef1a","publisher":{"@id":"https:\/\/thietbichannuoi.com\/#organization"},"potentialAction":[{"@type":"SearchAction","target":{"@type":"EntryPoint","urlTemplate":"https:\/\/thietbichannuoi.com\/?s={search_term_string}"},"query-input":{"@type":"PropertyValueSpecification","valueRequired":true,"valueName":"search_term_string"}}],"inLanguage":"en-US"},{"@type":"Organization","@id":"https:\/\/thietbichannuoi.com\/#organization","name":"Thi\u1ebft b\u1ecb ch\u0103n nu\u00f4i Minh Ph\u00e1t","url":"https:\/\/thietbichannuoi.com\/","logo":{"@type":"ImageObject","inLanguage":"en-US","@id":"https:\/\/thietbichannuoi.com\/#\/schema\/logo\/image\/","url":"https:\/\/thietbichannuoi.com\/wp-content\/uploads\/2021\/04\/logo-thiet-bi-chan-nuoi.png","contentUrl":"https:\/\/thietbichannuoi.com\/wp-content\/uploads\/2021\/04\/logo-thiet-bi-chan-nuoi.png","width":104,"height":79,"caption":"Thi\u1ebft b\u1ecb ch\u0103n nu\u00f4i Minh Ph\u00e1t"},"image":{"@id":"https:\/\/thietbichannuoi.com\/#\/schema\/logo\/image\/"}}]}},"uagb_featured_image_src":{"full":["https:\/\/thietbichannuoi.com\/wp-content\/uploads\/2021\/08\/He-thong-xit-tai-bo-tai-cam.jpg",1400,1200,false],"thumbnail":["https:\/\/thietbichannuoi.com\/wp-content\/uploads\/2021\/08\/He-thong-xit-tai-bo-tai-cam.jpg",150,129,false],"medium":["https:\/\/thietbichannuoi.com\/wp-content\/uploads\/2021\/08\/He-thong-xit-tai-bo-tai-cam.jpg",300,257,false],"medium_large":["https:\/\/thietbichannuoi.com\/wp-content\/uploads\/2021\/08\/He-thong-xit-tai-bo-tai-cam.jpg",1400,1200,false],"large":["https:\/\/thietbichannuoi.com\/wp-content\/uploads\/2021\/08\/He-thong-xit-tai-bo-tai-cam.jpg",800,686,false],"1536x1536":["https:\/\/thietbichannuoi.com\/wp-content\/uploads\/2021\/08\/He-thong-xit-tai-bo-tai-cam.jpg",1400,1200,false],"2048x2048":["https:\/\/thietbichannuoi.com\/wp-content\/uploads\/2021\/08\/He-thong-xit-tai-bo-tai-cam.jpg",1400,1200,false],"woocommerce_thumbnail":["https:\/\/thietbichannuoi.com\/wp-content\/uploads\/2021\/08\/He-thong-xit-tai-bo-tai-cam.jpg",1400,1200,false],"woocommerce_single":["https:\/\/thietbichannuoi.com\/wp-content\/uploads\/2021\/08\/He-thong-xit-tai-bo-tai-cam.jpg",1400,1200,false],"woocommerce_gallery_thumbnail":["https:\/\/thietbichannuoi.com\/wp-content\/uploads\/2021\/08\/He-thong-xit-tai-bo-tai-cam-100x100.jpg",100,100,true]},"uagb_author_info":{"display_name":"admin","author_link":"https:\/\/thietbichannuoi.com\/en\/author\/"},"uagb_comment_info":0,"uagb_excerpt":"Code: ATX60-060 Input: Screw conveyor system D90 Output: Compatible with feed chain conveyor D60 Material: Stainless steel","_links":{"self":[{"href":"https:\/\/thietbichannuoi.com\/en\/wp-json\/wp\/v2\/product\/12815","targetHints":{"allow":["GET"]}}],"collection":[{"href":"https:\/\/thietbichannuoi.com\/en\/wp-json\/wp\/v2\/product"}],"about":[{"href":"https:\/\/thietbichannuoi.com\/en\/wp-json\/wp\/v2\/types\/product"}],"version-history":[{"count":0,"href":"https:\/\/thietbichannuoi.com\/en\/wp-json\/wp\/v2\/product\/12815\/revisions"}],"wp:featuredmedia":[{"embeddable":true,"href":"https:\/\/thietbichannuoi.com\/en\/wp-json\/wp\/v2\/media\/19756"}],"wp:attachment":[{"href":"https:\/\/thietbichannuoi.com\/en\/wp-json\/wp\/v2\/media?parent=12815"}],"wp:term":[{"taxonomy":"product_brand","embeddable":true,"href":"https:\/\/thietbichannuoi.com\/en\/wp-json\/wp\/v2\/product_brand?post=12815"},{"taxonomy":"product_cat","embeddable":true,"href":"https:\/\/thietbichannuoi.com\/en\/wp-json\/wp\/v2\/product_cat?post=12815"},{"taxonomy":"product_tag","embeddable":true,"href":"https:\/\/thietbichannuoi.com\/en\/wp-json\/wp\/v2\/product_tag?post=12815"}],"curies":[{"name":"wp","href":"https:\/\/api.w.org\/{rel}","templated":true}]}}