{"id":12864,"date":"2023-05-08T22:47:41","date_gmt":"2023-05-08T15:47:41","guid":{"rendered":"https:\/\/thietbichannuoi.com\/?post_type=product&#038;p=12864"},"modified":"2025-03-24T16:14:17","modified_gmt":"2025-03-24T09:14:17","slug":"munters-exhaust-fan","status":"publish","type":"product","link":"https:\/\/thietbichannuoi.com\/en\/san-pham\/munters-exhaust-fan\/","title":{"rendered":"Munters &#8211; Exhaust fan"},"content":{"rendered":"<p><strong>Munters ventilation fan EM50<\/strong><\/p>\n<p><iframe src=\"https:\/\/www.youtube.com\/embed\/i4ULr9kXqVE\" width=\"1120\" height=\"630\" frameborder=\"0\" allowfullscreen=\"allowfullscreen\"><\/iframe><\/p>\n<p>EM ventilation fan is the most famous product line among other ventilation fans designed and manufactured by Munters since the 1980s, ensuring excellent performance when applied to agriculture, including livestock farming (broiler chickens, egg-laying chickens, pork, dairy cattle) and greenhouse farming.<\/p>\n<p><img fetchpriority=\"high\" decoding=\"async\" class=\"wp-image-12057 size-full aligncenter\" src=\"https:\/\/thietbichannuoi.com\/wp-content\/uploads\/2022\/11\/QUAT-MUNTERS-EM50.jpg\" alt=\"QU\u1ea0T MUNTERS EM50\" width=\"1400\" height=\"700\" srcset=\"https:\/\/thietbichannuoi.com\/wp-content\/uploads\/2022\/11\/QUAT-MUNTERS-EM50.jpg 1400w, https:\/\/thietbichannuoi.com\/wp-content\/uploads\/2022\/11\/QUAT-MUNTERS-EM50-300x150.jpg 300w, https:\/\/thietbichannuoi.com\/wp-content\/uploads\/2022\/11\/QUAT-MUNTERS-EM50-1024x512.jpg 1024w, https:\/\/thietbichannuoi.com\/wp-content\/uploads\/2022\/11\/QUAT-MUNTERS-EM50-150x75.jpg 150w\" sizes=\"(max-width: 1400px) 100vw, 1400px\" \/><\/p>\n<p><strong>Advantages:<\/strong><\/p>\n<ul>\n<li>Superior durability with Munters Protect exclusive protective coating, 3-year manufacturer warranty<\/li>\n<li>Reliability proven on the market for 40 years<\/li>\n<li>Light and draft reduction when curtains are closed<\/li>\n<li>Energy-efficient solution<\/li>\n<li>Suitable for tunnel ventilation<\/li>\n<\/ul>\n<p>Munters EM50 is the ideal exhaust fan for applications requiring high airflow capacity, even in high static pressure environments, thanks to its unique fan blade design that ensures reliability and comprehensive performance.<\/p>\n<p>The EM50 product line is equipped with frames, drives, and curtains made of Munters Protect-protected reinforced steel to withstand corrosion and enhance durability. The solid aluminum cast pulley and shaft have been reinforced for long-lasting use. The special drive belt system allows the fan blades to operate at low speeds to reduce energy consumption and noise while creating a comfortable and friendly environment for both livestock and operators. The patented centrifugal operating system provides an optimal energy-efficient solution, combined with a high-strength spring that helps keep the curtains fully closed when the fan is not in operation, preventing air leaks and blocking light from outside. All Munters EM50 products undergo strict quality control processes and performance testing at the BESS laboratory of the University of Illinois&#8217;s Department of Agricultural Engineering. As a leading brand in the ventilation solutions market for over 60 years, Munters ensures product quality and compliance with ISO 9001 quality management standards.<\/p>\n<p><img decoding=\"async\" class=\"wp-image-12051 size-full aligncenter\" src=\"https:\/\/thietbichannuoi.com\/wp-content\/uploads\/2022\/11\/QUAT-MUNTER-3pha-1.jpg\" alt=\"QU\u1ea0T MUNTER 3pha\" width=\"1400\" height=\"1200\" \/><\/p>\n<p>&nbsp;<\/p>\n<p><img decoding=\"async\" class=\"wp-image-12049 size-full aligncenter\" src=\"https:\/\/thietbichannuoi.com\/wp-content\/uploads\/2022\/11\/QUAT-MUNTER-1pha-1.jpg\" alt=\"QU\u1ea0T MUNTER 1pha\" width=\"1400\" height=\"1200\" srcset=\"https:\/\/thietbichannuoi.com\/wp-content\/uploads\/2022\/11\/QUAT-MUNTER-1pha-1.jpg 1400w, https:\/\/thietbichannuoi.com\/wp-content\/uploads\/2022\/11\/QUAT-MUNTER-1pha-1-300x257.jpg 300w, https:\/\/thietbichannuoi.com\/wp-content\/uploads\/2022\/11\/QUAT-MUNTER-1pha-1-1024x878.jpg 1024w, https:\/\/thietbichannuoi.com\/wp-content\/uploads\/2022\/11\/QUAT-MUNTER-1pha-1-150x129.jpg 150w\" sizes=\"(max-width: 1400px) 100vw, 1400px\" \/><\/p>\n<p>&nbsp;<\/p>\n<p>&nbsp;<\/p>\n","protected":false},"excerpt":{"rendered":"<ul>\n<li><strong>NTD77<\/strong> &#8211; 3 phase<\/li>\n<li><strong>NTD76<\/strong> &#8211; 1 phase<\/li>\n<li><strong>NTD78<\/strong> &#8211; 3 phase, With base<\/li>\n<\/ul>\n","protected":false},"featured_media":14267,"template":"","meta":{"_uag_custom_page_level_css":"","footnotes":""},"product_brand":[],"product_cat":[306],"product_tag":[1294],"class_list":{"0":"post-12864","1":"product","2":"type-product","3":"status-publish","4":"has-post-thumbnail","6":"product_cat-cooling-system","7":"product_tag-thiet-bi-chan-nuoi-en","9":"first","10":"instock","11":"shipping-taxable","12":"product-type-simple"},"acf":[],"yoast_head":"<!-- This site is optimized with the Yoast SEO Premium plugin v22.9 (Yoast SEO v27.4) - https:\/\/yoast.com\/product\/yoast-seo-premium-wordpress\/ -->\n<title>Munters - Exhaust fan - Thi\u1ebft b\u1ecb ch\u0103n nu\u00f4i<\/title>\n<meta name=\"description\" content=\"Munters ventilation fan EM50, Munters EM50 is the ideal exhaust fan for applications requiring high airflow capacity\" \/>\n<meta name=\"robots\" content=\"index, follow, max-snippet:-1, max-image-preview:large, max-video-preview:-1\" \/>\n<link rel=\"canonical\" href=\"https:\/\/thietbichannuoi.com\/en\/san-pham\/munters-exhaust-fan\/\" \/>\n<meta property=\"og:locale\" content=\"en_US\" \/>\n<meta property=\"og:type\" content=\"article\" \/>\n<meta property=\"og:title\" content=\"Munters - Exhaust fan\" \/>\n<meta property=\"og:description\" content=\"NTD77 - 3 phase  NTD76 - 1 phase  NTD78 - 3 phase, With base\" \/>\n<meta property=\"og:url\" content=\"https:\/\/thietbichannuoi.com\/en\/san-pham\/munters-exhaust-fan\/\" \/>\n<meta property=\"og:site_name\" content=\"Thi\u1ebft b\u1ecb ch\u0103n nu\u00f4i\" \/>\n<meta property=\"article:modified_time\" content=\"2025-03-24T09:14:17+00:00\" \/>\n<meta property=\"og:image\" content=\"https:\/\/thietbichannuoi.com\/wp-content\/uploads\/2022\/11\/QUAT-MUNTER-3pha-2.jpg\" \/>\n\t<meta property=\"og:image:width\" content=\"1400\" \/>\n\t<meta property=\"og:image:height\" content=\"1200\" \/>\n\t<meta property=\"og:image:type\" content=\"image\/jpeg\" \/>\n<meta name=\"twitter:card\" content=\"summary_large_image\" \/>\n<meta name=\"twitter:label1\" content=\"Est. reading time\" \/>\n\t<meta name=\"twitter:data1\" content=\"3 minutes\" \/>\n<!-- \/ Yoast SEO Premium plugin. -->","yoast_head_json":{"title":"Munters - Exhaust fan - Thi\u1ebft b\u1ecb ch\u0103n nu\u00f4i","description":"Munters ventilation fan EM50, Munters EM50 is the ideal exhaust fan for applications requiring high airflow capacity","robots":{"index":"index","follow":"follow","max-snippet":"max-snippet:-1","max-image-preview":"max-image-preview:large","max-video-preview":"max-video-preview:-1"},"canonical":"https:\/\/thietbichannuoi.com\/en\/san-pham\/munters-exhaust-fan\/","og_locale":"en_US","og_type":"article","og_title":"Munters - Exhaust fan","og_description":"NTD77 - 3 phase  NTD76 - 1 phase  NTD78 - 3 phase, With base","og_url":"https:\/\/thietbichannuoi.com\/en\/san-pham\/munters-exhaust-fan\/","og_site_name":"Thi\u1ebft b\u1ecb ch\u0103n nu\u00f4i","article_modified_time":"2025-03-24T09:14:17+00:00","og_image":[{"width":1400,"height":1200,"url":"https:\/\/thietbichannuoi.com\/wp-content\/uploads\/2022\/11\/QUAT-MUNTER-3pha-2.jpg","type":"image\/jpeg"}],"twitter_card":"summary_large_image","twitter_misc":{"Est. reading time":"3 minutes"},"schema":{"@context":"https:\/\/schema.org","@graph":[{"@type":"WebPage","@id":"https:\/\/thietbichannuoi.com\/en\/san-pham\/munters-exhaust-fan\/","url":"https:\/\/thietbichannuoi.com\/en\/san-pham\/munters-exhaust-fan\/","name":"Munters - Exhaust fan - Thi\u1ebft b\u1ecb ch\u0103n nu\u00f4i","isPartOf":{"@id":"https:\/\/thietbichannuoi.com\/#website"},"primaryImageOfPage":{"@id":"https:\/\/thietbichannuoi.com\/en\/san-pham\/munters-exhaust-fan\/#primaryimage"},"image":{"@id":"https:\/\/thietbichannuoi.com\/en\/san-pham\/munters-exhaust-fan\/#primaryimage"},"thumbnailUrl":"https:\/\/thietbichannuoi.com\/wp-content\/uploads\/2022\/11\/QUAT-MUNTER-3pha-2.jpg","datePublished":"2023-05-08T15:47:41+00:00","dateModified":"2025-03-24T09:14:17+00:00","description":"Munters ventilation fan EM50, Munters EM50 is the ideal exhaust fan for applications requiring high airflow capacity","breadcrumb":{"@id":"https:\/\/thietbichannuoi.com\/en\/san-pham\/munters-exhaust-fan\/#breadcrumb"},"inLanguage":"en-US","potentialAction":[{"@type":"ReadAction","target":["https:\/\/thietbichannuoi.com\/en\/san-pham\/munters-exhaust-fan\/"]}]},{"@type":"ImageObject","inLanguage":"en-US","@id":"https:\/\/thietbichannuoi.com\/en\/san-pham\/munters-exhaust-fan\/#primaryimage","url":"https:\/\/thietbichannuoi.com\/wp-content\/uploads\/2022\/11\/QUAT-MUNTER-3pha-2.jpg","contentUrl":"https:\/\/thietbichannuoi.com\/wp-content\/uploads\/2022\/11\/QUAT-MUNTER-3pha-2.jpg","width":1400,"height":1200,"caption":"Munters - Exhaust fan"},{"@type":"BreadcrumbList","@id":"https:\/\/thietbichannuoi.com\/en\/san-pham\/munters-exhaust-fan\/#breadcrumb","itemListElement":[{"@type":"ListItem","position":1,"name":"Home","item":"https:\/\/thietbichannuoi.com\/en\/"},{"@type":"ListItem","position":2,"name":"Shop","item":"https:\/\/thietbichannuoi.com\/shop\/"},{"@type":"ListItem","position":3,"name":"Munters &#8211; Exhaust fan"}]},{"@type":"WebSite","@id":"https:\/\/thietbichannuoi.com\/#website","url":"https:\/\/thietbichannuoi.com\/","name":"Thi\u1ebft b\u1ecb ch\u0103n nu\u00f4i","description":"S\u1ea3n xu\u1ea5t thi\u1ebft b\u1ecb ch\u0103n nu\u00f4i gia s\u00fac, gia c\u1ea7m v\u00e0 c\u00e1c s\u1ea3n ph\u1ea9m t\u1eeb nh\u1ef1a","publisher":{"@id":"https:\/\/thietbichannuoi.com\/#organization"},"potentialAction":[{"@type":"SearchAction","target":{"@type":"EntryPoint","urlTemplate":"https:\/\/thietbichannuoi.com\/?s={search_term_string}"},"query-input":{"@type":"PropertyValueSpecification","valueRequired":true,"valueName":"search_term_string"}}],"inLanguage":"en-US"},{"@type":"Organization","@id":"https:\/\/thietbichannuoi.com\/#organization","name":"Thi\u1ebft b\u1ecb ch\u0103n nu\u00f4i Minh Ph\u00e1t","url":"https:\/\/thietbichannuoi.com\/","logo":{"@type":"ImageObject","inLanguage":"en-US","@id":"https:\/\/thietbichannuoi.com\/#\/schema\/logo\/image\/","url":"https:\/\/thietbichannuoi.com\/wp-content\/uploads\/2021\/04\/logo-thiet-bi-chan-nuoi.png","contentUrl":"https:\/\/thietbichannuoi.com\/wp-content\/uploads\/2021\/04\/logo-thiet-bi-chan-nuoi.png","width":104,"height":79,"caption":"Thi\u1ebft b\u1ecb ch\u0103n nu\u00f4i Minh Ph\u00e1t"},"image":{"@id":"https:\/\/thietbichannuoi.com\/#\/schema\/logo\/image\/"}}]}},"uagb_featured_image_src":{"full":["https:\/\/thietbichannuoi.com\/wp-content\/uploads\/2022\/11\/QUAT-MUNTER-3pha-2.jpg",1400,1200,false],"thumbnail":["https:\/\/thietbichannuoi.com\/wp-content\/uploads\/2022\/11\/QUAT-MUNTER-3pha-2.jpg",150,129,false],"medium":["https:\/\/thietbichannuoi.com\/wp-content\/uploads\/2022\/11\/QUAT-MUNTER-3pha-2.jpg",300,257,false],"medium_large":["https:\/\/thietbichannuoi.com\/wp-content\/uploads\/2022\/11\/QUAT-MUNTER-3pha-2.jpg",1400,1200,false],"large":["https:\/\/thietbichannuoi.com\/wp-content\/uploads\/2022\/11\/QUAT-MUNTER-3pha-2.jpg",800,686,false],"1536x1536":["https:\/\/thietbichannuoi.com\/wp-content\/uploads\/2022\/11\/QUAT-MUNTER-3pha-2.jpg",1400,1200,false],"2048x2048":["https:\/\/thietbichannuoi.com\/wp-content\/uploads\/2022\/11\/QUAT-MUNTER-3pha-2.jpg",1400,1200,false],"woocommerce_thumbnail":["https:\/\/thietbichannuoi.com\/wp-content\/uploads\/2022\/11\/QUAT-MUNTER-3pha-2.jpg",1400,1200,false],"woocommerce_single":["https:\/\/thietbichannuoi.com\/wp-content\/uploads\/2022\/11\/QUAT-MUNTER-3pha-2.jpg",1400,1200,false],"woocommerce_gallery_thumbnail":["https:\/\/thietbichannuoi.com\/wp-content\/uploads\/2022\/11\/QUAT-MUNTER-3pha-2-100x100.jpg",100,100,true]},"uagb_author_info":{"display_name":"admin","author_link":"https:\/\/thietbichannuoi.com\/en\/author\/"},"uagb_comment_info":0,"uagb_excerpt":"NTD77 - 3 phase NTD76 - 1 phase NTD78 - 3 phase, With base","_links":{"self":[{"href":"https:\/\/thietbichannuoi.com\/en\/wp-json\/wp\/v2\/product\/12864","targetHints":{"allow":["GET"]}}],"collection":[{"href":"https:\/\/thietbichannuoi.com\/en\/wp-json\/wp\/v2\/product"}],"about":[{"href":"https:\/\/thietbichannuoi.com\/en\/wp-json\/wp\/v2\/types\/product"}],"version-history":[{"count":0,"href":"https:\/\/thietbichannuoi.com\/en\/wp-json\/wp\/v2\/product\/12864\/revisions"}],"wp:featuredmedia":[{"embeddable":true,"href":"https:\/\/thietbichannuoi.com\/en\/wp-json\/wp\/v2\/media\/14267"}],"wp:attachment":[{"href":"https:\/\/thietbichannuoi.com\/en\/wp-json\/wp\/v2\/media?parent=12864"}],"wp:term":[{"taxonomy":"product_brand","embeddable":true,"href":"https:\/\/thietbichannuoi.com\/en\/wp-json\/wp\/v2\/product_brand?post=12864"},{"taxonomy":"product_cat","embeddable":true,"href":"https:\/\/thietbichannuoi.com\/en\/wp-json\/wp\/v2\/product_cat?post=12864"},{"taxonomy":"product_tag","embeddable":true,"href":"https:\/\/thietbichannuoi.com\/en\/wp-json\/wp\/v2\/product_tag?post=12864"}],"curies":[{"name":"wp","href":"https:\/\/api.w.org\/{rel}","templated":true}]}}