{"id":12876,"date":"2023-05-11T00:21:57","date_gmt":"2023-05-10T17:21:57","guid":{"rendered":"https:\/\/thietbichannuoi.com\/?post_type=product&#038;p=12876"},"modified":"2026-04-03T11:34:25","modified_gmt":"2026-04-03T04:34:25","slug":"fiberglass-beam","status":"publish","type":"product","link":"https:\/\/thietbichannuoi.com\/en\/san-pham\/fiberglass-beam\/","title":{"rendered":"Fiberglass beam"},"content":{"rendered":"<p>&nbsp;<\/p>\n<figure id=\"attachment_20839\" aria-describedby=\"caption-attachment-20839\" style=\"width: 2560px\" class=\"wp-caption alignnone\"><img fetchpriority=\"high\" decoding=\"async\" class=\"wp-image-20839 size-full\" src=\"https:\/\/thietbichannuoi.com\/wp-content\/uploads\/2022\/11\/Thanh-do-san-01.jpg\" alt=\"\" width=\"2560\" height=\"1440\" srcset=\"https:\/\/thietbichannuoi.com\/wp-content\/uploads\/2022\/11\/Thanh-do-san-01.jpg 2560w, https:\/\/thietbichannuoi.com\/wp-content\/uploads\/2022\/11\/Thanh-do-san-01-300x169.jpg 300w, https:\/\/thietbichannuoi.com\/wp-content\/uploads\/2022\/11\/Thanh-do-san-01-1024x576.jpg 1024w, https:\/\/thietbichannuoi.com\/wp-content\/uploads\/2022\/11\/Thanh-do-san-01-150x84.jpg 150w, https:\/\/thietbichannuoi.com\/wp-content\/uploads\/2022\/11\/Thanh-do-san-01-1536x864.jpg 1536w, https:\/\/thietbichannuoi.com\/wp-content\/uploads\/2022\/11\/Thanh-do-san-01-2048x1152.jpg 2048w\" sizes=\"(max-width: 2560px) 100vw, 2560px\" \/><figcaption id=\"caption-attachment-20839\" class=\"wp-caption-text\">\u00a0<\/figcaption><\/figure>\n<p><img decoding=\"async\" class=\"alignnone wp-image-20843 size-full\" src=\"https:\/\/thietbichannuoi.com\/wp-content\/uploads\/2022\/11\/Thanh-do-san-03.jpg\" alt=\"\" width=\"2560\" height=\"1440\" srcset=\"https:\/\/thietbichannuoi.com\/wp-content\/uploads\/2022\/11\/Thanh-do-san-03.jpg 2560w, https:\/\/thietbichannuoi.com\/wp-content\/uploads\/2022\/11\/Thanh-do-san-03-300x169.jpg 300w, https:\/\/thietbichannuoi.com\/wp-content\/uploads\/2022\/11\/Thanh-do-san-03-1024x576.jpg 1024w, https:\/\/thietbichannuoi.com\/wp-content\/uploads\/2022\/11\/Thanh-do-san-03-150x84.jpg 150w, https:\/\/thietbichannuoi.com\/wp-content\/uploads\/2022\/11\/Thanh-do-san-03-1536x864.jpg 1536w, https:\/\/thietbichannuoi.com\/wp-content\/uploads\/2022\/11\/Thanh-do-san-03-2048x1152.jpg 2048w\" sizes=\"(max-width: 2560px) 100vw, 2560px\" \/><\/p>\n<p><img decoding=\"async\" class=\"aligncenter wp-image-12075 size-full\" src=\"https:\/\/thietbichannuoi.com\/wp-content\/uploads\/2022\/11\/MG_03861-scaled.jpg\" alt=\"Thanh \u0111\u1ee1 s\u00e0n\" width=\"2560\" height=\"1519\" srcset=\"https:\/\/thietbichannuoi.com\/wp-content\/uploads\/2022\/11\/MG_03861-scaled.jpg 2560w, https:\/\/thietbichannuoi.com\/wp-content\/uploads\/2022\/11\/MG_03861-300x178.jpg 300w, https:\/\/thietbichannuoi.com\/wp-content\/uploads\/2022\/11\/MG_03861-1024x607.jpg 1024w, https:\/\/thietbichannuoi.com\/wp-content\/uploads\/2022\/11\/MG_03861-150x89.jpg 150w, https:\/\/thietbichannuoi.com\/wp-content\/uploads\/2022\/11\/MG_03861-1536x911.jpg 1536w, https:\/\/thietbichannuoi.com\/wp-content\/uploads\/2022\/11\/MG_03861-2048x1215.jpg 2048w\" sizes=\"(max-width: 2560px) 100vw, 2560px\" \/><\/p>\n<p><img loading=\"lazy\" decoding=\"async\" class=\"aligncenter wp-image-12077 size-full\" src=\"https:\/\/thietbichannuoi.com\/wp-content\/uploads\/2022\/11\/MG_03501-scaled.jpg\" alt=\"Thanh \u0111\u1ee1 s\u00e0n\" width=\"2560\" height=\"1343\" srcset=\"https:\/\/thietbichannuoi.com\/wp-content\/uploads\/2022\/11\/MG_03501-scaled.jpg 2560w, https:\/\/thietbichannuoi.com\/wp-content\/uploads\/2022\/11\/MG_03501-300x157.jpg 300w, https:\/\/thietbichannuoi.com\/wp-content\/uploads\/2022\/11\/MG_03501-1024x537.jpg 1024w, https:\/\/thietbichannuoi.com\/wp-content\/uploads\/2022\/11\/MG_03501-150x79.jpg 150w, https:\/\/thietbichannuoi.com\/wp-content\/uploads\/2022\/11\/MG_03501-1536x806.jpg 1536w, https:\/\/thietbichannuoi.com\/wp-content\/uploads\/2022\/11\/MG_03501-2048x1075.jpg 2048w\" sizes=\"(max-width: 2560px) 100vw, 2560px\" \/><\/p>\n","protected":false},"excerpt":{"rendered":"<p>Fiber Beams For Supporting Plastic Slatted Floor Used For Pig, Chicken Farming<\/p>\n<table style=\"border-collapse: collapse;width: 471px;height: 198px\" border=\"0\" width=\"320\" cellspacing=\"0\" cellpadding=\"0\">\n<tbody>\n<tr style=\"height: 14.4pt\">\n<td class=\"xl63\" style=\"height: 14.4pt;width: 48pt;text-align: center\" width=\"64\" height=\"19\"><strong>Code<\/strong><\/td>\n<td class=\"xl63\" style=\"border-left: none;width: 48pt;text-align: center\" width=\"64\"><strong>KL060<\/strong><\/td>\n<td class=\"xl63\" style=\"border-left: none;width: 48pt;text-align: center\" width=\"64\"><strong>KL061<\/strong><\/td>\n<td class=\"xl63\" style=\"border-left: none;width: 48pt;text-align: center\" width=\"64\"><strong>KL062<\/strong><\/td>\n<td class=\"xl63\" style=\"border-left: none;width: 48pt;text-align: center\" width=\"64\"><strong>KL063<\/strong><\/td>\n<\/tr>\n<tr style=\"height: 14.4pt\">\n<td class=\"xl63\" style=\"height: 14.4pt;border-top: none;text-align: center\" height=\"19\"><strong>Dimension (DxWxH)mm<\/strong><\/td>\n<td class=\"xl63\" style=\"border-top: none;border-left: none;text-align: center\">Dx30\u00d780<\/td>\n<td class=\"xl63\" style=\"border-top: none;border-left: none;text-align: center\">Dx32\u00d7120D<\/td>\n<td class=\"xl63\" style=\"border-top: none;border-left: none;text-align: center\">x36\u00d713.5<\/td>\n<td class=\"xl63\" style=\"border-top: none;border-left: none;text-align: center\">Dx36\u00d7150<\/td>\n<\/tr>\n<tr style=\"height: 14.4pt\">\n<td class=\"xl63\" style=\"height: 14.4pt;border-top: none;text-align: center\" height=\"19\"><strong>Weight kg\/1000mm<\/strong><\/td>\n<td class=\"xl63\" style=\"border-top: none;border-left: none;text-align: center\">1.30<\/td>\n<td class=\"xl63\" style=\"border-top: none;border-left: none;text-align: center\">1.4<\/td>\n<td class=\"xl63\" style=\"border-top: none;border-left: none;text-align: center\">1.8<\/td>\n<td class=\"xl63\" style=\"border-top: none;border-left: none;text-align: center\">1.97<\/td>\n<\/tr>\n<tr style=\"height: 14.4pt\">\n<td class=\"xl63\" style=\"height: 14.4pt;border-top: none;text-align: center\" height=\"19\"><strong>Load-capacity kg\/1000mm<\/strong><\/td>\n<td class=\"xl63\" style=\"border-top: none;border-left: none;text-align: center\">300<\/td>\n<td class=\"xl63\" style=\"border-top: none;border-left: none;text-align: center\">450<\/td>\n<td class=\"xl63\" style=\"border-top: none;border-left: none;text-align: center\">520<\/td>\n<td class=\"xl63\" style=\"border-top: none;border-left: none;text-align: center\">560<\/td>\n<\/tr>\n<\/tbody>\n<\/table>\n","protected":false},"featured_media":15801,"template":"","meta":{"_uag_custom_page_level_css":"","footnotes":""},"product_brand":[],"product_cat":[291,303],"product_tag":[1412],"class_list":{"0":"post-12876","1":"product","2":"type-product","3":"status-publish","4":"has-post-thumbnail","6":"product_cat-equipment-for-pig","7":"product_cat-plastic-floors","8":"product_tag-fiberglass-beam","10":"first","11":"instock","12":"shipping-taxable","13":"product-type-simple"},"acf":[],"yoast_head":"<!-- This site is optimized with the Yoast SEO Premium plugin v22.9 (Yoast SEO v27.5) - https:\/\/yoast.com\/product\/yoast-seo-premium-wordpress\/ -->\n<title>Fiberglass beam - Thi\u1ebft b\u1ecb ch\u0103n nu\u00f4i<\/title>\n<meta name=\"description\" content=\"Fiberglass beam For Supporting Plastic Slatted Floor Used For Pig, Chicken Farming\" \/>\n<meta name=\"robots\" content=\"index, follow, max-snippet:-1, max-image-preview:large, max-video-preview:-1\" \/>\n<link rel=\"canonical\" href=\"https:\/\/thietbichannuoi.com\/en\/san-pham\/fiberglass-beam\/\" \/>\n<meta property=\"og:locale\" content=\"en_US\" \/>\n<meta property=\"og:type\" content=\"article\" \/>\n<meta property=\"og:title\" content=\"Fiberglass beam\" \/>\n<meta property=\"og:description\" content=\"Fiber Beams For Supporting Plastic Slatted Floor Used For Pig, Chicken Farming    Code KL060 KL061 KL062 KL063   Dimension (DxWxH)mm Dx30\u00d780 Dx32\u00d7120D x36\u00d713.5 Dx36\u00d7150   Weight kg\/1000mm 1.30 1.4 1.8 1.97   Load-capacity kg\/1000mm 300 450 520 560\" \/>\n<meta property=\"og:url\" content=\"https:\/\/thietbichannuoi.com\/en\/san-pham\/fiberglass-beam\/\" \/>\n<meta property=\"og:site_name\" content=\"Thi\u1ebft b\u1ecb ch\u0103n nu\u00f4i\" \/>\n<meta property=\"article:modified_time\" content=\"2026-04-03T04:34:25+00:00\" \/>\n<meta property=\"og:image\" content=\"https:\/\/thietbichannuoi.com\/wp-content\/uploads\/2022\/11\/Thanh-Composite-do-san.jpg\" \/>\n\t<meta property=\"og:image:width\" content=\"1400\" \/>\n\t<meta property=\"og:image:height\" content=\"1200\" \/>\n\t<meta property=\"og:image:type\" content=\"image\/jpeg\" \/>\n<meta name=\"twitter:card\" content=\"summary_large_image\" \/>\n<meta name=\"twitter:label1\" content=\"Est. reading time\" \/>\n\t<meta name=\"twitter:data1\" content=\"2 minutes\" \/>\n<!-- \/ Yoast SEO Premium plugin. -->","yoast_head_json":{"title":"Fiberglass beam - Thi\u1ebft b\u1ecb ch\u0103n nu\u00f4i","description":"Fiberglass beam For Supporting Plastic Slatted Floor Used For Pig, Chicken Farming","robots":{"index":"index","follow":"follow","max-snippet":"max-snippet:-1","max-image-preview":"max-image-preview:large","max-video-preview":"max-video-preview:-1"},"canonical":"https:\/\/thietbichannuoi.com\/en\/san-pham\/fiberglass-beam\/","og_locale":"en_US","og_type":"article","og_title":"Fiberglass beam","og_description":"Fiber Beams For Supporting Plastic Slatted Floor Used For Pig, Chicken Farming    Code KL060 KL061 KL062 KL063   Dimension (DxWxH)mm Dx30\u00d780 Dx32\u00d7120D x36\u00d713.5 Dx36\u00d7150   Weight kg\/1000mm 1.30 1.4 1.8 1.97   Load-capacity kg\/1000mm 300 450 520 560","og_url":"https:\/\/thietbichannuoi.com\/en\/san-pham\/fiberglass-beam\/","og_site_name":"Thi\u1ebft b\u1ecb ch\u0103n nu\u00f4i","article_modified_time":"2026-04-03T04:34:25+00:00","og_image":[{"width":1400,"height":1200,"url":"https:\/\/thietbichannuoi.com\/wp-content\/uploads\/2022\/11\/Thanh-Composite-do-san.jpg","type":"image\/jpeg"}],"twitter_card":"summary_large_image","twitter_misc":{"Est. reading time":"2 minutes"},"schema":{"@context":"https:\/\/schema.org","@graph":[{"@type":"WebPage","@id":"https:\/\/thietbichannuoi.com\/en\/san-pham\/fiberglass-beam\/","url":"https:\/\/thietbichannuoi.com\/en\/san-pham\/fiberglass-beam\/","name":"Fiberglass beam - Thi\u1ebft b\u1ecb ch\u0103n nu\u00f4i","isPartOf":{"@id":"https:\/\/thietbichannuoi.com\/#website"},"primaryImageOfPage":{"@id":"https:\/\/thietbichannuoi.com\/en\/san-pham\/fiberglass-beam\/#primaryimage"},"image":{"@id":"https:\/\/thietbichannuoi.com\/en\/san-pham\/fiberglass-beam\/#primaryimage"},"thumbnailUrl":"https:\/\/thietbichannuoi.com\/wp-content\/uploads\/2022\/11\/Thanh-Composite-do-san.jpg","datePublished":"2023-05-10T17:21:57+00:00","dateModified":"2026-04-03T04:34:25+00:00","description":"Fiberglass beam For Supporting Plastic Slatted Floor Used For Pig, Chicken Farming","breadcrumb":{"@id":"https:\/\/thietbichannuoi.com\/en\/san-pham\/fiberglass-beam\/#breadcrumb"},"inLanguage":"en-US","potentialAction":[{"@type":"ReadAction","target":["https:\/\/thietbichannuoi.com\/en\/san-pham\/fiberglass-beam\/"]}]},{"@type":"ImageObject","inLanguage":"en-US","@id":"https:\/\/thietbichannuoi.com\/en\/san-pham\/fiberglass-beam\/#primaryimage","url":"https:\/\/thietbichannuoi.com\/wp-content\/uploads\/2022\/11\/Thanh-Composite-do-san.jpg","contentUrl":"https:\/\/thietbichannuoi.com\/wp-content\/uploads\/2022\/11\/Thanh-Composite-do-san.jpg","width":1400,"height":1200,"caption":"Fiberglass beam for Pig Farming"},{"@type":"BreadcrumbList","@id":"https:\/\/thietbichannuoi.com\/en\/san-pham\/fiberglass-beam\/#breadcrumb","itemListElement":[{"@type":"ListItem","position":1,"name":"Home","item":"https:\/\/thietbichannuoi.com\/en\/"},{"@type":"ListItem","position":2,"name":"Shop","item":"https:\/\/thietbichannuoi.com\/shop\/"},{"@type":"ListItem","position":3,"name":"Fiberglass beam"}]},{"@type":"WebSite","@id":"https:\/\/thietbichannuoi.com\/#website","url":"https:\/\/thietbichannuoi.com\/","name":"Thi\u1ebft b\u1ecb ch\u0103n nu\u00f4i","description":"S\u1ea3n xu\u1ea5t thi\u1ebft b\u1ecb ch\u0103n nu\u00f4i gia s\u00fac, gia c\u1ea7m v\u00e0 c\u00e1c s\u1ea3n ph\u1ea9m t\u1eeb nh\u1ef1a","publisher":{"@id":"https:\/\/thietbichannuoi.com\/#organization"},"potentialAction":[{"@type":"SearchAction","target":{"@type":"EntryPoint","urlTemplate":"https:\/\/thietbichannuoi.com\/?s={search_term_string}"},"query-input":{"@type":"PropertyValueSpecification","valueRequired":true,"valueName":"search_term_string"}}],"inLanguage":"en-US"},{"@type":"Organization","@id":"https:\/\/thietbichannuoi.com\/#organization","name":"Thi\u1ebft b\u1ecb ch\u0103n nu\u00f4i Minh Ph\u00e1t","url":"https:\/\/thietbichannuoi.com\/","logo":{"@type":"ImageObject","inLanguage":"en-US","@id":"https:\/\/thietbichannuoi.com\/#\/schema\/logo\/image\/","url":"https:\/\/thietbichannuoi.com\/wp-content\/uploads\/2021\/04\/logo-thiet-bi-chan-nuoi.png","contentUrl":"https:\/\/thietbichannuoi.com\/wp-content\/uploads\/2021\/04\/logo-thiet-bi-chan-nuoi.png","width":104,"height":79,"caption":"Thi\u1ebft b\u1ecb ch\u0103n nu\u00f4i Minh Ph\u00e1t"},"image":{"@id":"https:\/\/thietbichannuoi.com\/#\/schema\/logo\/image\/"}}]}},"uagb_featured_image_src":{"full":["https:\/\/thietbichannuoi.com\/wp-content\/uploads\/2022\/11\/Thanh-Composite-do-san.jpg",1400,1200,false],"thumbnail":["https:\/\/thietbichannuoi.com\/wp-content\/uploads\/2022\/11\/Thanh-Composite-do-san.jpg",150,129,false],"medium":["https:\/\/thietbichannuoi.com\/wp-content\/uploads\/2022\/11\/Thanh-Composite-do-san.jpg",300,257,false],"medium_large":["https:\/\/thietbichannuoi.com\/wp-content\/uploads\/2022\/11\/Thanh-Composite-do-san.jpg",1400,1200,false],"large":["https:\/\/thietbichannuoi.com\/wp-content\/uploads\/2022\/11\/Thanh-Composite-do-san.jpg",800,686,false],"1536x1536":["https:\/\/thietbichannuoi.com\/wp-content\/uploads\/2022\/11\/Thanh-Composite-do-san.jpg",1400,1200,false],"2048x2048":["https:\/\/thietbichannuoi.com\/wp-content\/uploads\/2022\/11\/Thanh-Composite-do-san.jpg",1400,1200,false],"woocommerce_thumbnail":["https:\/\/thietbichannuoi.com\/wp-content\/uploads\/2022\/11\/Thanh-Composite-do-san.jpg",1400,1200,false],"woocommerce_single":["https:\/\/thietbichannuoi.com\/wp-content\/uploads\/2022\/11\/Thanh-Composite-do-san.jpg",1400,1200,false],"woocommerce_gallery_thumbnail":["https:\/\/thietbichannuoi.com\/wp-content\/uploads\/2022\/11\/Thanh-Composite-do-san-100x100.jpg",100,100,true]},"uagb_author_info":{"display_name":"admin","author_link":"https:\/\/thietbichannuoi.com\/en\/author\/"},"uagb_comment_info":0,"uagb_excerpt":"Fiber Beams For Supporting Plastic Slatted Floor Used For Pig, Chicken Farming Code KL060 KL061 KL062 KL063 Dimension (DxWxH)mm Dx30\u00d780 Dx32\u00d7120D x36\u00d713.5 Dx36\u00d7150 Weight kg\/1000mm 1.30 1.4 1.8 1.97 Load-capacity kg\/1000mm 300 450 520 560","_links":{"self":[{"href":"https:\/\/thietbichannuoi.com\/en\/wp-json\/wp\/v2\/product\/12876","targetHints":{"allow":["GET"]}}],"collection":[{"href":"https:\/\/thietbichannuoi.com\/en\/wp-json\/wp\/v2\/product"}],"about":[{"href":"https:\/\/thietbichannuoi.com\/en\/wp-json\/wp\/v2\/types\/product"}],"version-history":[{"count":0,"href":"https:\/\/thietbichannuoi.com\/en\/wp-json\/wp\/v2\/product\/12876\/revisions"}],"wp:featuredmedia":[{"embeddable":true,"href":"https:\/\/thietbichannuoi.com\/en\/wp-json\/wp\/v2\/media\/15801"}],"wp:attachment":[{"href":"https:\/\/thietbichannuoi.com\/en\/wp-json\/wp\/v2\/media?parent=12876"}],"wp:term":[{"taxonomy":"product_brand","embeddable":true,"href":"https:\/\/thietbichannuoi.com\/en\/wp-json\/wp\/v2\/product_brand?post=12876"},{"taxonomy":"product_cat","embeddable":true,"href":"https:\/\/thietbichannuoi.com\/en\/wp-json\/wp\/v2\/product_cat?post=12876"},{"taxonomy":"product_tag","embeddable":true,"href":"https:\/\/thietbichannuoi.com\/en\/wp-json\/wp\/v2\/product_tag?post=12876"}],"curies":[{"name":"wp","href":"https:\/\/api.w.org\/{rel}","templated":true}]}}