{"id":13012,"date":"2023-05-17T22:50:21","date_gmt":"2023-05-17T15:50:21","guid":{"rendered":"https:\/\/thietbichannuoi.com\/?post_type=product&#038;p=13012"},"modified":"2025-09-25T13:31:10","modified_gmt":"2025-09-25T06:31:10","slug":"chick-transport-box","status":"publish","type":"product","link":"https:\/\/thietbichannuoi.com\/en\/san-pham\/chick-transport-box\/","title":{"rendered":"Chicken Transport Crates"},"content":{"rendered":"<p><img fetchpriority=\"high\" decoding=\"async\" class=\"wp-image-14703 size-full\" src=\"https:\/\/thietbichannuoi.com\/wp-content\/uploads\/2023\/08\/Xe-long-ga-thap-01.jpg\" alt=\"Xe-l\u00f2ng-g\u00e0-th\u1ea5p\" width=\"1130\" height=\"560\" srcset=\"https:\/\/thietbichannuoi.com\/wp-content\/uploads\/2023\/08\/Xe-long-ga-thap-01.jpg 1130w, https:\/\/thietbichannuoi.com\/wp-content\/uploads\/2023\/08\/Xe-long-ga-thap-01-300x149.jpg 300w, https:\/\/thietbichannuoi.com\/wp-content\/uploads\/2023\/08\/Xe-long-ga-thap-01-1024x507.jpg 1024w, https:\/\/thietbichannuoi.com\/wp-content\/uploads\/2023\/08\/Xe-long-ga-thap-01-150x74.jpg 150w\" sizes=\"(max-width: 1130px) 100vw, 1130px\" \/><\/p>\n<p><img decoding=\"async\" class=\"alignnone wp-image-14443 size-full\" src=\"https:\/\/thietbichannuoi.com\/wp-content\/uploads\/2016\/02\/long-ga-1.jpg\" alt=\"l\u00f2ng-g\u00e0\" width=\"1400\" height=\"1200\" \/><\/p>\n","protected":false},"excerpt":{"rendered":"<p><strong>Specifications:<\/strong><\/p>\n<ul>\n<li><strong>Weight<\/strong>: 4kg, +\/- 0.05kg (including lid)<\/li>\n<li><strong>Dimensions:<\/strong> Length 74cm x Width 54cm x Height 26cm<\/li>\n<li><strong>Material:<\/strong> PP Plastic<\/li>\n<\/ul>\n<p><strong>Color:<\/strong><\/p>\n<ul>\n<li>Top section: White, Yellow, Red, Black, Green, Blue<\/li>\n<li>Bottom section: White, Yellow, Red, Black, Green, Blue<\/li>\n<\/ul>\n","protected":false},"featured_media":14235,"template":"","meta":{"_uag_custom_page_level_css":"","footnotes":""},"product_brand":[],"product_cat":[605,1222],"product_tag":[1287],"class_list":{"0":"post-13012","1":"product","2":"type-product","3":"status-publish","4":"has-post-thumbnail","6":"product_cat-other-poultry-equipment","7":"product_cat-transportation-equipment","8":"product_tag-chick-transport-box","10":"first","11":"instock","12":"shipping-taxable","13":"product-type-simple"},"acf":[],"yoast_head":"<!-- This site is optimized with the Yoast SEO Premium plugin v22.9 (Yoast SEO v27.3) - https:\/\/yoast.com\/product\/yoast-seo-premium-wordpress\/ -->\n<title>Chicken Transport Crates - Thi\u1ebft b\u1ecb ch\u0103n nu\u00f4i<\/title>\n<meta name=\"description\" content=\"Chick Transport Box, Chick Transport Box\" \/>\n<meta name=\"robots\" content=\"index, follow, max-snippet:-1, max-image-preview:large, max-video-preview:-1\" \/>\n<link rel=\"canonical\" href=\"https:\/\/thietbichannuoi.com\/en\/san-pham\/chick-transport-box\/\" \/>\n<meta property=\"og:locale\" content=\"en_US\" \/>\n<meta property=\"og:type\" content=\"article\" \/>\n<meta property=\"og:title\" content=\"Chicken Transport Crates\" \/>\n<meta property=\"og:description\" content=\"Specifications:   Weight: 4kg, +\/- 0.05kg (including lid)  Dimensions: Length 74cm x Width 54cm x Height 26cm  Material: PP Plastic  Color:   Top section: White, Yellow, Red, Black, Green, Blue  Bottom section: White, Yellow, Red, Black, Green, Blue\" \/>\n<meta property=\"og:url\" content=\"https:\/\/thietbichannuoi.com\/en\/san-pham\/chick-transport-box\/\" \/>\n<meta property=\"og:site_name\" content=\"Thi\u1ebft b\u1ecb ch\u0103n nu\u00f4i\" \/>\n<meta property=\"article:modified_time\" content=\"2025-09-25T06:31:10+00:00\" \/>\n<meta property=\"og:image\" content=\"https:\/\/thietbichannuoi.com\/wp-content\/uploads\/2021\/10\/long-ga-moi-1.jpg\" \/>\n\t<meta property=\"og:image:width\" content=\"1400\" \/>\n\t<meta property=\"og:image:height\" content=\"1200\" \/>\n\t<meta property=\"og:image:type\" content=\"image\/jpeg\" \/>\n<meta name=\"twitter:card\" content=\"summary_large_image\" \/>\n<meta name=\"twitter:label1\" content=\"Est. reading time\" \/>\n\t<meta name=\"twitter:data1\" content=\"1 minute\" \/>\n<!-- \/ Yoast SEO Premium plugin. -->","yoast_head_json":{"title":"Chicken Transport Crates - Thi\u1ebft b\u1ecb ch\u0103n nu\u00f4i","description":"Chick Transport Box, Chick Transport Box","robots":{"index":"index","follow":"follow","max-snippet":"max-snippet:-1","max-image-preview":"max-image-preview:large","max-video-preview":"max-video-preview:-1"},"canonical":"https:\/\/thietbichannuoi.com\/en\/san-pham\/chick-transport-box\/","og_locale":"en_US","og_type":"article","og_title":"Chicken Transport Crates","og_description":"Specifications:   Weight: 4kg, +\/- 0.05kg (including lid)  Dimensions: Length 74cm x Width 54cm x Height 26cm  Material: PP Plastic  Color:   Top section: White, Yellow, Red, Black, Green, Blue  Bottom section: White, Yellow, Red, Black, Green, Blue","og_url":"https:\/\/thietbichannuoi.com\/en\/san-pham\/chick-transport-box\/","og_site_name":"Thi\u1ebft b\u1ecb ch\u0103n nu\u00f4i","article_modified_time":"2025-09-25T06:31:10+00:00","og_image":[{"width":1400,"height":1200,"url":"https:\/\/thietbichannuoi.com\/wp-content\/uploads\/2021\/10\/long-ga-moi-1.jpg","type":"image\/jpeg"}],"twitter_card":"summary_large_image","twitter_misc":{"Est. reading time":"1 minute"},"schema":{"@context":"https:\/\/schema.org","@graph":[{"@type":"WebPage","@id":"https:\/\/thietbichannuoi.com\/en\/san-pham\/chick-transport-box\/","url":"https:\/\/thietbichannuoi.com\/en\/san-pham\/chick-transport-box\/","name":"Chicken Transport Crates - Thi\u1ebft b\u1ecb ch\u0103n nu\u00f4i","isPartOf":{"@id":"https:\/\/thietbichannuoi.com\/#website"},"primaryImageOfPage":{"@id":"https:\/\/thietbichannuoi.com\/en\/san-pham\/chick-transport-box\/#primaryimage"},"image":{"@id":"https:\/\/thietbichannuoi.com\/en\/san-pham\/chick-transport-box\/#primaryimage"},"thumbnailUrl":"https:\/\/thietbichannuoi.com\/wp-content\/uploads\/2021\/10\/long-ga-moi-1.jpg","datePublished":"2023-05-17T15:50:21+00:00","dateModified":"2025-09-25T06:31:10+00:00","description":"Chick Transport Box, Chick Transport Box","breadcrumb":{"@id":"https:\/\/thietbichannuoi.com\/en\/san-pham\/chick-transport-box\/#breadcrumb"},"inLanguage":"en-US","potentialAction":[{"@type":"ReadAction","target":["https:\/\/thietbichannuoi.com\/en\/san-pham\/chick-transport-box\/"]}]},{"@type":"ImageObject","inLanguage":"en-US","@id":"https:\/\/thietbichannuoi.com\/en\/san-pham\/chick-transport-box\/#primaryimage","url":"https:\/\/thietbichannuoi.com\/wp-content\/uploads\/2021\/10\/long-ga-moi-1.jpg","contentUrl":"https:\/\/thietbichannuoi.com\/wp-content\/uploads\/2021\/10\/long-ga-moi-1.jpg","width":1400,"height":1200,"caption":"Chicken Transport Crates"},{"@type":"BreadcrumbList","@id":"https:\/\/thietbichannuoi.com\/en\/san-pham\/chick-transport-box\/#breadcrumb","itemListElement":[{"@type":"ListItem","position":1,"name":"Home","item":"https:\/\/thietbichannuoi.com\/en\/"},{"@type":"ListItem","position":2,"name":"Shop","item":"https:\/\/thietbichannuoi.com\/shop\/"},{"@type":"ListItem","position":3,"name":"Chicken Transport Crates"}]},{"@type":"WebSite","@id":"https:\/\/thietbichannuoi.com\/#website","url":"https:\/\/thietbichannuoi.com\/","name":"Thi\u1ebft b\u1ecb ch\u0103n nu\u00f4i","description":"S\u1ea3n xu\u1ea5t thi\u1ebft b\u1ecb ch\u0103n nu\u00f4i gia s\u00fac, gia c\u1ea7m v\u00e0 c\u00e1c s\u1ea3n ph\u1ea9m t\u1eeb nh\u1ef1a","publisher":{"@id":"https:\/\/thietbichannuoi.com\/#organization"},"potentialAction":[{"@type":"SearchAction","target":{"@type":"EntryPoint","urlTemplate":"https:\/\/thietbichannuoi.com\/?s={search_term_string}"},"query-input":{"@type":"PropertyValueSpecification","valueRequired":true,"valueName":"search_term_string"}}],"inLanguage":"en-US"},{"@type":"Organization","@id":"https:\/\/thietbichannuoi.com\/#organization","name":"Thi\u1ebft b\u1ecb ch\u0103n nu\u00f4i Minh Ph\u00e1t","url":"https:\/\/thietbichannuoi.com\/","logo":{"@type":"ImageObject","inLanguage":"en-US","@id":"https:\/\/thietbichannuoi.com\/#\/schema\/logo\/image\/","url":"https:\/\/thietbichannuoi.com\/wp-content\/uploads\/2021\/04\/logo-thiet-bi-chan-nuoi.png","contentUrl":"https:\/\/thietbichannuoi.com\/wp-content\/uploads\/2021\/04\/logo-thiet-bi-chan-nuoi.png","width":104,"height":79,"caption":"Thi\u1ebft b\u1ecb ch\u0103n nu\u00f4i Minh Ph\u00e1t"},"image":{"@id":"https:\/\/thietbichannuoi.com\/#\/schema\/logo\/image\/"}}]}},"uagb_featured_image_src":{"full":["https:\/\/thietbichannuoi.com\/wp-content\/uploads\/2021\/10\/long-ga-moi-1.jpg",1400,1200,false],"thumbnail":["https:\/\/thietbichannuoi.com\/wp-content\/uploads\/2021\/10\/long-ga-moi-1.jpg",150,129,false],"medium":["https:\/\/thietbichannuoi.com\/wp-content\/uploads\/2021\/10\/long-ga-moi-1.jpg",300,257,false],"medium_large":["https:\/\/thietbichannuoi.com\/wp-content\/uploads\/2021\/10\/long-ga-moi-1.jpg",1400,1200,false],"large":["https:\/\/thietbichannuoi.com\/wp-content\/uploads\/2021\/10\/long-ga-moi-1.jpg",800,686,false],"1536x1536":["https:\/\/thietbichannuoi.com\/wp-content\/uploads\/2021\/10\/long-ga-moi-1.jpg",1400,1200,false],"2048x2048":["https:\/\/thietbichannuoi.com\/wp-content\/uploads\/2021\/10\/long-ga-moi-1.jpg",1400,1200,false],"woocommerce_thumbnail":["https:\/\/thietbichannuoi.com\/wp-content\/uploads\/2021\/10\/long-ga-moi-1.jpg",1400,1200,false],"woocommerce_single":["https:\/\/thietbichannuoi.com\/wp-content\/uploads\/2021\/10\/long-ga-moi-1.jpg",1400,1200,false],"woocommerce_gallery_thumbnail":["https:\/\/thietbichannuoi.com\/wp-content\/uploads\/2021\/10\/long-ga-moi-1-100x100.jpg",100,100,true]},"uagb_author_info":{"display_name":"admin","author_link":"https:\/\/thietbichannuoi.com\/en\/author\/"},"uagb_comment_info":0,"uagb_excerpt":"Specifications: Weight: 4kg, +\/- 0.05kg (including lid) Dimensions: Length 74cm x Width 54cm x Height 26cm Material: PP Plastic Color: Top section: White, Yellow, Red, Black, Green, Blue Bottom section: White, Yellow, Red, Black, Green, Blue","_links":{"self":[{"href":"https:\/\/thietbichannuoi.com\/en\/wp-json\/wp\/v2\/product\/13012","targetHints":{"allow":["GET"]}}],"collection":[{"href":"https:\/\/thietbichannuoi.com\/en\/wp-json\/wp\/v2\/product"}],"about":[{"href":"https:\/\/thietbichannuoi.com\/en\/wp-json\/wp\/v2\/types\/product"}],"version-history":[{"count":0,"href":"https:\/\/thietbichannuoi.com\/en\/wp-json\/wp\/v2\/product\/13012\/revisions"}],"wp:featuredmedia":[{"embeddable":true,"href":"https:\/\/thietbichannuoi.com\/en\/wp-json\/wp\/v2\/media\/14235"}],"wp:attachment":[{"href":"https:\/\/thietbichannuoi.com\/en\/wp-json\/wp\/v2\/media?parent=13012"}],"wp:term":[{"taxonomy":"product_brand","embeddable":true,"href":"https:\/\/thietbichannuoi.com\/en\/wp-json\/wp\/v2\/product_brand?post=13012"},{"taxonomy":"product_cat","embeddable":true,"href":"https:\/\/thietbichannuoi.com\/en\/wp-json\/wp\/v2\/product_cat?post=13012"},{"taxonomy":"product_tag","embeddable":true,"href":"https:\/\/thietbichannuoi.com\/en\/wp-json\/wp\/v2\/product_tag?post=13012"}],"curies":[{"name":"wp","href":"https:\/\/api.w.org\/{rel}","templated":true}]}}