{"id":13212,"date":"2023-05-26T12:36:27","date_gmt":"2023-05-26T05:36:27","guid":{"rendered":"https:\/\/thietbichannuoi.com\/?post_type=product&#038;p=13212"},"modified":"2025-09-27T15:01:39","modified_gmt":"2025-09-27T08:01:39","slug":"electric-poultry-beak-trimming-machine","status":"publish","type":"product","link":"https:\/\/thietbichannuoi.com\/en\/san-pham\/electric-poultry-beak-trimming-machine\/","title":{"rendered":"Electric Poultry Beak Trimming Machine"},"content":{"rendered":"<p>Operational Guide<\/p>\n<ol>\n<li>When the switch is turned on, adjust the temperature of the movable blade till it looks reddish or bright.<\/li>\n<li>When the movable blade glows, start the motor switch and the boat-shaped switch.<\/li>\n<li>Adjust the aperture of the micro cutter blade according to the beak size.<\/li>\n<li>Hold the chicken\u2019s feet with the left hand, the neck with the right thumb, and pin the throat with the forefinger of the right hand. Stick the beak of the chicken into the aperture.<\/li>\n<li>Bleeding stops in 2 &#8211; 4 second after the movable blade drops.<\/li>\n<\/ol>\n","protected":false},"excerpt":{"rendered":"<p>The act of beak trimming is an age-long preventive measure.<\/p>\n<p>Beak Trimming which is also known as \u2018Debeaking\u2019, is the partial removal of the beak of poultry. It is recommended in poultry to prevent feed wastage, egg eating, and most\u00a0especially cannibalism.<\/p>\n<p><strong>Code:<\/strong> <strong>PKG01<\/strong><\/p>\n<ul>\n<li><strong>Voltage:<\/strong> Single-phase 220V<\/li>\n<li><strong>Temperature Adjustment:<\/strong> 750\u00b0C &#8211; 1000\u00b0C<\/li>\n<li><strong>Cutting Speed Adjustment:<\/strong> From 0 to 4 seconds<\/li>\n<li><strong>Includes:<\/strong> Spare cutting blade<\/li>\n<li><strong>Features:<\/strong> 3 sizes of beak cutting holes<\/li>\n<\/ul>\n","protected":false},"featured_media":13417,"template":"","meta":{"_uag_custom_page_level_css":"","footnotes":""},"product_brand":[],"product_cat":[338],"product_tag":[],"class_list":{"0":"post-13212","1":"product","2":"type-product","3":"status-publish","4":"has-post-thumbnail","6":"product_cat-vetenirary-intruments","8":"first","9":"instock","10":"shipping-taxable","11":"product-type-simple"},"acf":[],"yoast_head":"<!-- This site is optimized with the Yoast SEO Premium plugin v22.9 (Yoast SEO v27.3) - https:\/\/yoast.com\/product\/yoast-seo-premium-wordpress\/ -->\n<title>Electric Poultry Beak Trimming Machine - Thi\u1ebft b\u1ecb ch\u0103n nu\u00f4i<\/title>\n<meta name=\"description\" content=\"Electric Poultry Beak Trimming Machine, Electric Poultry Beak Trimming Machine\" \/>\n<meta name=\"robots\" content=\"index, follow, max-snippet:-1, max-image-preview:large, max-video-preview:-1\" \/>\n<link rel=\"canonical\" href=\"https:\/\/thietbichannuoi.com\/en\/san-pham\/electric-poultry-beak-trimming-machine\/\" \/>\n<meta property=\"og:locale\" content=\"en_US\" \/>\n<meta property=\"og:type\" content=\"article\" \/>\n<meta property=\"og:title\" content=\"Electric Poultry Beak Trimming Machine\" \/>\n<meta property=\"og:description\" content=\"The act of beak trimming is an age-long preventive measure.  Beak Trimming which is also known as \u2018Debeaking\u2019, is the partial removal of the beak of poultry. It is recommended in poultry to prevent feed wastage, egg eating, and most\u00a0especially cannibalism.  Code: PKG01   Voltage: Single-phase 220V  Temperature Adjustment: 750\u00b0C - 1000\u00b0C  Cutting Speed Adjustment: From 0 to 4 seconds  Includes: Spare cutting blade  Features: 3 sizes of beak cutting holes\" \/>\n<meta property=\"og:url\" content=\"https:\/\/thietbichannuoi.com\/en\/san-pham\/electric-poultry-beak-trimming-machine\/\" \/>\n<meta property=\"og:site_name\" content=\"Thi\u1ebft b\u1ecb ch\u0103n nu\u00f4i\" \/>\n<meta property=\"article:modified_time\" content=\"2025-09-27T08:01:39+00:00\" \/>\n<meta property=\"og:image\" content=\"https:\/\/thietbichannuoi.com\/wp-content\/uploads\/2021\/05\/May-cat-mo-ga-tu-dong-\u2013-PKG01.jpg\" \/>\n\t<meta property=\"og:image:width\" content=\"1400\" \/>\n\t<meta property=\"og:image:height\" content=\"1200\" \/>\n\t<meta property=\"og:image:type\" content=\"image\/jpeg\" \/>\n<meta name=\"twitter:card\" content=\"summary_large_image\" \/>\n<meta name=\"twitter:label1\" content=\"Est. reading time\" \/>\n\t<meta name=\"twitter:data1\" content=\"1 minute\" \/>\n<!-- \/ Yoast SEO Premium plugin. -->","yoast_head_json":{"title":"Electric Poultry Beak Trimming Machine - Thi\u1ebft b\u1ecb ch\u0103n nu\u00f4i","description":"Electric Poultry Beak Trimming Machine, Electric Poultry Beak Trimming Machine","robots":{"index":"index","follow":"follow","max-snippet":"max-snippet:-1","max-image-preview":"max-image-preview:large","max-video-preview":"max-video-preview:-1"},"canonical":"https:\/\/thietbichannuoi.com\/en\/san-pham\/electric-poultry-beak-trimming-machine\/","og_locale":"en_US","og_type":"article","og_title":"Electric Poultry Beak Trimming Machine","og_description":"The act of beak trimming is an age-long preventive measure.  Beak Trimming which is also known as \u2018Debeaking\u2019, is the partial removal of the beak of poultry. It is recommended in poultry to prevent feed wastage, egg eating, and most\u00a0especially cannibalism.  Code: PKG01   Voltage: Single-phase 220V  Temperature Adjustment: 750\u00b0C - 1000\u00b0C  Cutting Speed Adjustment: From 0 to 4 seconds  Includes: Spare cutting blade  Features: 3 sizes of beak cutting holes","og_url":"https:\/\/thietbichannuoi.com\/en\/san-pham\/electric-poultry-beak-trimming-machine\/","og_site_name":"Thi\u1ebft b\u1ecb ch\u0103n nu\u00f4i","article_modified_time":"2025-09-27T08:01:39+00:00","og_image":[{"width":1400,"height":1200,"url":"https:\/\/thietbichannuoi.com\/wp-content\/uploads\/2021\/05\/May-cat-mo-ga-tu-dong-\u2013-PKG01.jpg","type":"image\/jpeg"}],"twitter_card":"summary_large_image","twitter_misc":{"Est. reading time":"1 minute"},"schema":{"@context":"https:\/\/schema.org","@graph":[{"@type":"WebPage","@id":"https:\/\/thietbichannuoi.com\/en\/san-pham\/electric-poultry-beak-trimming-machine\/","url":"https:\/\/thietbichannuoi.com\/en\/san-pham\/electric-poultry-beak-trimming-machine\/","name":"Electric Poultry Beak Trimming Machine - Thi\u1ebft b\u1ecb ch\u0103n nu\u00f4i","isPartOf":{"@id":"https:\/\/thietbichannuoi.com\/#website"},"primaryImageOfPage":{"@id":"https:\/\/thietbichannuoi.com\/en\/san-pham\/electric-poultry-beak-trimming-machine\/#primaryimage"},"image":{"@id":"https:\/\/thietbichannuoi.com\/en\/san-pham\/electric-poultry-beak-trimming-machine\/#primaryimage"},"thumbnailUrl":"https:\/\/thietbichannuoi.com\/wp-content\/uploads\/2021\/05\/May-cat-mo-ga-tu-dong-\u2013-PKG01.jpg","datePublished":"2023-05-26T05:36:27+00:00","dateModified":"2025-09-27T08:01:39+00:00","description":"Electric Poultry Beak Trimming Machine, Electric Poultry Beak Trimming Machine","breadcrumb":{"@id":"https:\/\/thietbichannuoi.com\/en\/san-pham\/electric-poultry-beak-trimming-machine\/#breadcrumb"},"inLanguage":"en-US","potentialAction":[{"@type":"ReadAction","target":["https:\/\/thietbichannuoi.com\/en\/san-pham\/electric-poultry-beak-trimming-machine\/"]}]},{"@type":"ImageObject","inLanguage":"en-US","@id":"https:\/\/thietbichannuoi.com\/en\/san-pham\/electric-poultry-beak-trimming-machine\/#primaryimage","url":"https:\/\/thietbichannuoi.com\/wp-content\/uploads\/2021\/05\/May-cat-mo-ga-tu-dong-\u2013-PKG01.jpg","contentUrl":"https:\/\/thietbichannuoi.com\/wp-content\/uploads\/2021\/05\/May-cat-mo-ga-tu-dong-\u2013-PKG01.jpg","width":1400,"height":1200,"caption":"Electric Poultry Beak Trimming Machine"},{"@type":"BreadcrumbList","@id":"https:\/\/thietbichannuoi.com\/en\/san-pham\/electric-poultry-beak-trimming-machine\/#breadcrumb","itemListElement":[{"@type":"ListItem","position":1,"name":"Home","item":"https:\/\/thietbichannuoi.com\/en\/"},{"@type":"ListItem","position":2,"name":"Shop","item":"https:\/\/thietbichannuoi.com\/shop\/"},{"@type":"ListItem","position":3,"name":"Electric Poultry Beak Trimming Machine"}]},{"@type":"WebSite","@id":"https:\/\/thietbichannuoi.com\/#website","url":"https:\/\/thietbichannuoi.com\/","name":"Thi\u1ebft b\u1ecb ch\u0103n nu\u00f4i","description":"S\u1ea3n xu\u1ea5t thi\u1ebft b\u1ecb ch\u0103n nu\u00f4i gia s\u00fac, gia c\u1ea7m v\u00e0 c\u00e1c s\u1ea3n ph\u1ea9m t\u1eeb nh\u1ef1a","publisher":{"@id":"https:\/\/thietbichannuoi.com\/#organization"},"potentialAction":[{"@type":"SearchAction","target":{"@type":"EntryPoint","urlTemplate":"https:\/\/thietbichannuoi.com\/?s={search_term_string}"},"query-input":{"@type":"PropertyValueSpecification","valueRequired":true,"valueName":"search_term_string"}}],"inLanguage":"en-US"},{"@type":"Organization","@id":"https:\/\/thietbichannuoi.com\/#organization","name":"Thi\u1ebft b\u1ecb ch\u0103n nu\u00f4i Minh Ph\u00e1t","url":"https:\/\/thietbichannuoi.com\/","logo":{"@type":"ImageObject","inLanguage":"en-US","@id":"https:\/\/thietbichannuoi.com\/#\/schema\/logo\/image\/","url":"https:\/\/thietbichannuoi.com\/wp-content\/uploads\/2021\/04\/logo-thiet-bi-chan-nuoi.png","contentUrl":"https:\/\/thietbichannuoi.com\/wp-content\/uploads\/2021\/04\/logo-thiet-bi-chan-nuoi.png","width":104,"height":79,"caption":"Thi\u1ebft b\u1ecb ch\u0103n nu\u00f4i Minh Ph\u00e1t"},"image":{"@id":"https:\/\/thietbichannuoi.com\/#\/schema\/logo\/image\/"}}]}},"uagb_featured_image_src":{"full":["https:\/\/thietbichannuoi.com\/wp-content\/uploads\/2021\/05\/May-cat-mo-ga-tu-dong-\u2013-PKG01.jpg",1400,1200,false],"thumbnail":["https:\/\/thietbichannuoi.com\/wp-content\/uploads\/2021\/05\/May-cat-mo-ga-tu-dong-\u2013-PKG01.jpg",150,129,false],"medium":["https:\/\/thietbichannuoi.com\/wp-content\/uploads\/2021\/05\/May-cat-mo-ga-tu-dong-\u2013-PKG01.jpg",300,257,false],"medium_large":["https:\/\/thietbichannuoi.com\/wp-content\/uploads\/2021\/05\/May-cat-mo-ga-tu-dong-\u2013-PKG01.jpg",1400,1200,false],"large":["https:\/\/thietbichannuoi.com\/wp-content\/uploads\/2021\/05\/May-cat-mo-ga-tu-dong-\u2013-PKG01.jpg",800,686,false],"1536x1536":["https:\/\/thietbichannuoi.com\/wp-content\/uploads\/2021\/05\/May-cat-mo-ga-tu-dong-\u2013-PKG01.jpg",1400,1200,false],"2048x2048":["https:\/\/thietbichannuoi.com\/wp-content\/uploads\/2021\/05\/May-cat-mo-ga-tu-dong-\u2013-PKG01.jpg",1400,1200,false],"woocommerce_thumbnail":["https:\/\/thietbichannuoi.com\/wp-content\/uploads\/2021\/05\/May-cat-mo-ga-tu-dong-\u2013-PKG01.jpg",1400,1200,false],"woocommerce_single":["https:\/\/thietbichannuoi.com\/wp-content\/uploads\/2021\/05\/May-cat-mo-ga-tu-dong-\u2013-PKG01.jpg",1400,1200,false],"woocommerce_gallery_thumbnail":["https:\/\/thietbichannuoi.com\/wp-content\/uploads\/2021\/05\/May-cat-mo-ga-tu-dong-\u2013-PKG01-100x100.jpg",100,100,true]},"uagb_author_info":{"display_name":"minhphat","author_link":"https:\/\/thietbichannuoi.com\/en\/author\/"},"uagb_comment_info":0,"uagb_excerpt":"The act of beak trimming is an age-long preventive measure. Beak Trimming which is also known as \u2018Debeaking\u2019, is the partial removal of the beak of poultry. It is recommended in poultry to prevent feed wastage, egg eating, and most\u00a0especially cannibalism. Code: PKG01 Voltage: Single-phase 220V Temperature Adjustment: 750\u00b0C - 1000\u00b0C Cutting Speed Adjustment: From&hellip;","_links":{"self":[{"href":"https:\/\/thietbichannuoi.com\/en\/wp-json\/wp\/v2\/product\/13212","targetHints":{"allow":["GET"]}}],"collection":[{"href":"https:\/\/thietbichannuoi.com\/en\/wp-json\/wp\/v2\/product"}],"about":[{"href":"https:\/\/thietbichannuoi.com\/en\/wp-json\/wp\/v2\/types\/product"}],"version-history":[{"count":0,"href":"https:\/\/thietbichannuoi.com\/en\/wp-json\/wp\/v2\/product\/13212\/revisions"}],"wp:featuredmedia":[{"embeddable":true,"href":"https:\/\/thietbichannuoi.com\/en\/wp-json\/wp\/v2\/media\/13417"}],"wp:attachment":[{"href":"https:\/\/thietbichannuoi.com\/en\/wp-json\/wp\/v2\/media?parent=13212"}],"wp:term":[{"taxonomy":"product_brand","embeddable":true,"href":"https:\/\/thietbichannuoi.com\/en\/wp-json\/wp\/v2\/product_brand?post=13212"},{"taxonomy":"product_cat","embeddable":true,"href":"https:\/\/thietbichannuoi.com\/en\/wp-json\/wp\/v2\/product_cat?post=13212"},{"taxonomy":"product_tag","embeddable":true,"href":"https:\/\/thietbichannuoi.com\/en\/wp-json\/wp\/v2\/product_tag?post=13212"}],"curies":[{"name":"wp","href":"https:\/\/api.w.org\/{rel}","templated":true}]}}