{"id":13254,"date":"2023-05-26T16:53:42","date_gmt":"2023-05-26T09:53:42","guid":{"rendered":"https:\/\/thietbichannuoi.com\/?post_type=product&#038;p=13254"},"modified":"2025-09-25T16:30:23","modified_gmt":"2025-09-25T09:30:23","slug":"multifan-exhaust-fan","status":"publish","type":"product","link":"https:\/\/thietbichannuoi.com\/en\/san-pham\/multifan-exhaust-fan\/","title":{"rendered":"Multifan &#8211; Exhaust fan"},"content":{"rendered":"<h5>Multifan ventilation fan<\/h5>\n<p>Multifan is a fan brand of Vostermans manufacturer &#8211; Netherlands (Since 1952). Vosternams global company has many manufacturing plants in the World. Products supplied to the Asian market are manufactured at the Vostermans Malaysia factory. Meets rigorous Vostermans global standards as well as EU standards. Multifan ventilation fans are widely used in livestock barns and industrial factories because of their high quality and efficiency, high ventilation, and low noise.<\/p>\n<p>See more from the manufacturer&#8217;s website: <a href=\"https:\/\/www.vostermans.com\/\">Vostermans.com<\/a><\/p>\n<p>Minh Phat is the official agent of Vostermans in Vietnam, distributing Multifan brand fan products.<\/p>\n<p style=\"text-align: center\"><iframe style=\"margin: 0px auto\" src=\"https:\/\/umetillu.sirv.com\/Spins\/Galvanized%20Box%20Fan\/Multifan%20Galvanized%20Box%20Fan%20130%20cm%20360video\/Multifan%20Galvanized%20Box%20Fan%20130%20cm%20360video.spin\" width=\"1242\" height=\"945\" frameborder=\"0\" allowfullscreen=\"allowfullscreen\"><span data-mce-type=\"bookmark\" style=\"width: 0px;overflow: hidden;line-height: 0\" class=\"mce_SELRES_start\">\ufeff<\/span><span data-mce-type=\"bookmark\" style=\"width: 0px;overflow: hidden;line-height: 0\" class=\"mce_SELRES_start\">\ufeff<\/span><\/iframe><\/p>\n<p style=\"text-align: center\"><em>View 360<\/em><\/p>\n<p>&nbsp;<\/p>\n<p><img fetchpriority=\"high\" decoding=\"async\" class=\"wp-image-11611 size-large\" src=\"https:\/\/thietbichannuoi.com\/wp-content\/uploads\/2021\/06\/Multifan-01-1024x587.png\" alt=\"Qu\u1ea1t th\u00f4ng gi\u00f3 Multifan\" width=\"800\" height=\"459\" srcset=\"https:\/\/thietbichannuoi.com\/wp-content\/uploads\/2021\/06\/Multifan-01-1024x587.png 1024w, https:\/\/thietbichannuoi.com\/wp-content\/uploads\/2021\/06\/Multifan-01-300x172.png 300w, https:\/\/thietbichannuoi.com\/wp-content\/uploads\/2021\/06\/Multifan-01.png 1140w\" sizes=\"(max-width: 800px) 100vw, 800px\" \/><\/p>\n<p>The high-performance Galvanized Box Fan effectively helps you to ventilate the air in large buildings. Thanks to their compact design, these fans are easy to install in a wall taking in minimum space. In addition, the design allows the use of air filters.<\/p>\n<p>&nbsp;<\/p>\n<div class=\"video-container\"><iframe src=\"https:\/\/www.youtube.com\/embed\/QiUJMNGA8Uc\" frameborder=\"0\" allowfullscreen=\"allowfullscreen\"><\/iframe><\/div>\n<div>\n<div class=\"video-container\"><iframe src=\"https:\/\/www.youtube.com\/embed\/2LiYH9WPogM\" frameborder=\"0\" allowfullscreen=\"allowfullscreen\"><\/iframe><\/div>\n<\/div>\n<div>\n<div class=\"video-container\"><iframe src=\"https:\/\/www.youtube.com\/embed\/jg8f9ysmZEY\" frameborder=\"0\" allowfullscreen=\"allowfullscreen\"><span data-mce-type=\"bookmark\" style=\"width: 0px;overflow: hidden;line-height: 0\" class=\"mce_SELRES_start\">\ufeff<\/span><\/iframe><\/div>\n<\/div>\n","protected":false},"excerpt":{"rendered":"<p>Multifan ventilation fan<\/p>\n","protected":false},"featured_media":11570,"template":"","meta":{"_uag_custom_page_level_css":"","footnotes":""},"product_brand":[],"product_cat":[306],"product_tag":[364,1388],"class_list":{"0":"post-13254","1":"product","2":"type-product","3":"status-publish","4":"has-post-thumbnail","6":"product_cat-cooling-system","7":"product_tag-cooling-system","8":"product_tag-multifan-exhaust-fan","10":"first","11":"instock","12":"shipping-taxable","13":"product-type-simple"},"acf":[],"yoast_head":"<!-- This site is optimized with the Yoast SEO Premium plugin v22.9 (Yoast SEO v27.4) - https:\/\/yoast.com\/product\/yoast-seo-premium-wordpress\/ -->\n<title>Multifan - Exhaust fan - Thi\u1ebft b\u1ecb ch\u0103n nu\u00f4i<\/title>\n<meta name=\"robots\" content=\"index, follow, max-snippet:-1, max-image-preview:large, max-video-preview:-1\" \/>\n<link rel=\"canonical\" href=\"https:\/\/thietbichannuoi.com\/en\/san-pham\/multifan-exhaust-fan\/\" \/>\n<meta property=\"og:locale\" content=\"en_US\" \/>\n<meta property=\"og:type\" content=\"article\" \/>\n<meta property=\"og:title\" content=\"Multifan - Exhaust fan\" \/>\n<meta property=\"og:description\" content=\"Multifan ventilation fan\" \/>\n<meta property=\"og:url\" content=\"https:\/\/thietbichannuoi.com\/en\/san-pham\/multifan-exhaust-fan\/\" \/>\n<meta property=\"og:site_name\" content=\"Thi\u1ebft b\u1ecb ch\u0103n nu\u00f4i\" \/>\n<meta property=\"article:modified_time\" content=\"2025-09-25T09:30:23+00:00\" \/>\n<meta property=\"og:image\" content=\"https:\/\/thietbichannuoi.com\/wp-content\/uploads\/2017\/11\/Quat-multifan1.jpg\" \/>\n\t<meta property=\"og:image:width\" content=\"1400\" \/>\n\t<meta property=\"og:image:height\" content=\"1200\" \/>\n\t<meta property=\"og:image:type\" content=\"image\/jpeg\" \/>\n<meta name=\"twitter:card\" content=\"summary_large_image\" \/>\n<meta name=\"twitter:label1\" content=\"Est. reading time\" \/>\n\t<meta name=\"twitter:data1\" content=\"2 minutes\" \/>\n<!-- \/ Yoast SEO Premium plugin. -->","yoast_head_json":{"title":"Multifan - Exhaust fan - Thi\u1ebft b\u1ecb ch\u0103n nu\u00f4i","robots":{"index":"index","follow":"follow","max-snippet":"max-snippet:-1","max-image-preview":"max-image-preview:large","max-video-preview":"max-video-preview:-1"},"canonical":"https:\/\/thietbichannuoi.com\/en\/san-pham\/multifan-exhaust-fan\/","og_locale":"en_US","og_type":"article","og_title":"Multifan - Exhaust fan","og_description":"Multifan ventilation fan","og_url":"https:\/\/thietbichannuoi.com\/en\/san-pham\/multifan-exhaust-fan\/","og_site_name":"Thi\u1ebft b\u1ecb ch\u0103n nu\u00f4i","article_modified_time":"2025-09-25T09:30:23+00:00","og_image":[{"width":1400,"height":1200,"url":"https:\/\/thietbichannuoi.com\/wp-content\/uploads\/2017\/11\/Quat-multifan1.jpg","type":"image\/jpeg"}],"twitter_card":"summary_large_image","twitter_misc":{"Est. reading time":"2 minutes"},"schema":{"@context":"https:\/\/schema.org","@graph":[{"@type":"WebPage","@id":"https:\/\/thietbichannuoi.com\/en\/san-pham\/multifan-exhaust-fan\/","url":"https:\/\/thietbichannuoi.com\/en\/san-pham\/multifan-exhaust-fan\/","name":"Multifan - Exhaust fan - Thi\u1ebft b\u1ecb ch\u0103n nu\u00f4i","isPartOf":{"@id":"https:\/\/thietbichannuoi.com\/#website"},"primaryImageOfPage":{"@id":"https:\/\/thietbichannuoi.com\/en\/san-pham\/multifan-exhaust-fan\/#primaryimage"},"image":{"@id":"https:\/\/thietbichannuoi.com\/en\/san-pham\/multifan-exhaust-fan\/#primaryimage"},"thumbnailUrl":"https:\/\/thietbichannuoi.com\/wp-content\/uploads\/2017\/11\/Quat-multifan1.jpg","datePublished":"2023-05-26T09:53:42+00:00","dateModified":"2025-09-25T09:30:23+00:00","breadcrumb":{"@id":"https:\/\/thietbichannuoi.com\/en\/san-pham\/multifan-exhaust-fan\/#breadcrumb"},"inLanguage":"en-US","potentialAction":[{"@type":"ReadAction","target":["https:\/\/thietbichannuoi.com\/en\/san-pham\/multifan-exhaust-fan\/"]}]},{"@type":"ImageObject","inLanguage":"en-US","@id":"https:\/\/thietbichannuoi.com\/en\/san-pham\/multifan-exhaust-fan\/#primaryimage","url":"https:\/\/thietbichannuoi.com\/wp-content\/uploads\/2017\/11\/Quat-multifan1.jpg","contentUrl":"https:\/\/thietbichannuoi.com\/wp-content\/uploads\/2017\/11\/Quat-multifan1.jpg","width":1400,"height":1200,"caption":"Multifan - Exhaust fan"},{"@type":"BreadcrumbList","@id":"https:\/\/thietbichannuoi.com\/en\/san-pham\/multifan-exhaust-fan\/#breadcrumb","itemListElement":[{"@type":"ListItem","position":1,"name":"Home","item":"https:\/\/thietbichannuoi.com\/en\/"},{"@type":"ListItem","position":2,"name":"Shop","item":"https:\/\/thietbichannuoi.com\/shop\/"},{"@type":"ListItem","position":3,"name":"Multifan &#8211; Exhaust fan"}]},{"@type":"WebSite","@id":"https:\/\/thietbichannuoi.com\/#website","url":"https:\/\/thietbichannuoi.com\/","name":"Thi\u1ebft b\u1ecb ch\u0103n nu\u00f4i","description":"S\u1ea3n xu\u1ea5t thi\u1ebft b\u1ecb ch\u0103n nu\u00f4i gia s\u00fac, gia c\u1ea7m v\u00e0 c\u00e1c s\u1ea3n ph\u1ea9m t\u1eeb nh\u1ef1a","publisher":{"@id":"https:\/\/thietbichannuoi.com\/#organization"},"potentialAction":[{"@type":"SearchAction","target":{"@type":"EntryPoint","urlTemplate":"https:\/\/thietbichannuoi.com\/?s={search_term_string}"},"query-input":{"@type":"PropertyValueSpecification","valueRequired":true,"valueName":"search_term_string"}}],"inLanguage":"en-US"},{"@type":"Organization","@id":"https:\/\/thietbichannuoi.com\/#organization","name":"Thi\u1ebft b\u1ecb ch\u0103n nu\u00f4i Minh Ph\u00e1t","url":"https:\/\/thietbichannuoi.com\/","logo":{"@type":"ImageObject","inLanguage":"en-US","@id":"https:\/\/thietbichannuoi.com\/#\/schema\/logo\/image\/","url":"https:\/\/thietbichannuoi.com\/wp-content\/uploads\/2021\/04\/logo-thiet-bi-chan-nuoi.png","contentUrl":"https:\/\/thietbichannuoi.com\/wp-content\/uploads\/2021\/04\/logo-thiet-bi-chan-nuoi.png","width":104,"height":79,"caption":"Thi\u1ebft b\u1ecb ch\u0103n nu\u00f4i Minh Ph\u00e1t"},"image":{"@id":"https:\/\/thietbichannuoi.com\/#\/schema\/logo\/image\/"}}]}},"uagb_featured_image_src":{"full":["https:\/\/thietbichannuoi.com\/wp-content\/uploads\/2017\/11\/Quat-multifan1.jpg",1400,1200,false],"thumbnail":["https:\/\/thietbichannuoi.com\/wp-content\/uploads\/2017\/11\/Quat-multifan1.jpg",150,129,false],"medium":["https:\/\/thietbichannuoi.com\/wp-content\/uploads\/2017\/11\/Quat-multifan1.jpg",300,257,false],"medium_large":["https:\/\/thietbichannuoi.com\/wp-content\/uploads\/2017\/11\/Quat-multifan1.jpg",1400,1200,false],"large":["https:\/\/thietbichannuoi.com\/wp-content\/uploads\/2017\/11\/Quat-multifan1.jpg",800,686,false],"1536x1536":["https:\/\/thietbichannuoi.com\/wp-content\/uploads\/2017\/11\/Quat-multifan1.jpg",1400,1200,false],"2048x2048":["https:\/\/thietbichannuoi.com\/wp-content\/uploads\/2017\/11\/Quat-multifan1.jpg",1400,1200,false],"woocommerce_thumbnail":["https:\/\/thietbichannuoi.com\/wp-content\/uploads\/2017\/11\/Quat-multifan1.jpg",1400,1200,false],"woocommerce_single":["https:\/\/thietbichannuoi.com\/wp-content\/uploads\/2017\/11\/Quat-multifan1.jpg",1400,1200,false],"woocommerce_gallery_thumbnail":["https:\/\/thietbichannuoi.com\/wp-content\/uploads\/2017\/11\/Quat-multifan1-100x100.jpg",100,100,true]},"uagb_author_info":{"display_name":"minhphat","author_link":"https:\/\/thietbichannuoi.com\/en\/author\/"},"uagb_comment_info":0,"uagb_excerpt":"Multifan ventilation fan","_links":{"self":[{"href":"https:\/\/thietbichannuoi.com\/en\/wp-json\/wp\/v2\/product\/13254","targetHints":{"allow":["GET"]}}],"collection":[{"href":"https:\/\/thietbichannuoi.com\/en\/wp-json\/wp\/v2\/product"}],"about":[{"href":"https:\/\/thietbichannuoi.com\/en\/wp-json\/wp\/v2\/types\/product"}],"version-history":[{"count":0,"href":"https:\/\/thietbichannuoi.com\/en\/wp-json\/wp\/v2\/product\/13254\/revisions"}],"wp:featuredmedia":[{"embeddable":true,"href":"https:\/\/thietbichannuoi.com\/en\/wp-json\/wp\/v2\/media\/11570"}],"wp:attachment":[{"href":"https:\/\/thietbichannuoi.com\/en\/wp-json\/wp\/v2\/media?parent=13254"}],"wp:term":[{"taxonomy":"product_brand","embeddable":true,"href":"https:\/\/thietbichannuoi.com\/en\/wp-json\/wp\/v2\/product_brand?post=13254"},{"taxonomy":"product_cat","embeddable":true,"href":"https:\/\/thietbichannuoi.com\/en\/wp-json\/wp\/v2\/product_cat?post=13254"},{"taxonomy":"product_tag","embeddable":true,"href":"https:\/\/thietbichannuoi.com\/en\/wp-json\/wp\/v2\/product_tag?post=13254"}],"curies":[{"name":"wp","href":"https:\/\/api.w.org\/{rel}","templated":true}]}}