{"id":13272,"date":"2023-05-26T23:06:31","date_gmt":"2023-05-26T16:06:31","guid":{"rendered":"https:\/\/thietbichannuoi.com\/?post_type=product&#038;p=13272"},"modified":"2025-09-26T08:52:52","modified_gmt":"2025-09-26T01:52:52","slug":"feeding-trough-for-sow","status":"publish","type":"product","link":"https:\/\/thietbichannuoi.com\/en\/san-pham\/feeding-trough-for-sow\/","title":{"rendered":"Sow Feeder (Round Edge)"},"content":{"rendered":"<p>Minh Phat Huy&#8217;s stainless steel feeder for farrowing sows is specially designed to ensure that sows have enough nutrition during the reproductive and nursing stages. The product is made of high-quality stainless steel, rust-proof, durable and easy to clean, helping to maintain a clean and safe barn environment. The smart design helps to limit food spillage, save costs and ensure that sows eat the necessary amount. This is the optimal choice for livestock farms, helping to improve the health of sows and piglets, optimizing production efficiency.<\/p>\n<ul>\n<li><strong>Installation Method:<\/strong> Weld the feeder bowl directly onto the feeder&#8217;s rotating shaft.<\/li>\n<li><strong>Usage:<\/strong> For sow farrowing pens and pregnant sows.<\/li>\n<\/ul>\n<p>&nbsp;<\/p>\n<figure id=\"attachment_16837\" aria-describedby=\"caption-attachment-16837\" style=\"width: 2500px\" class=\"wp-caption alignnone\"><img fetchpriority=\"high\" decoding=\"async\" class=\"wp-image-16837 size-full\" src=\"https:\/\/thietbichannuoi.com\/wp-content\/uploads\/2024\/06\/DSC1534-logo-mp.jpg\" alt=\"\" width=\"2500\" height=\"1667\" srcset=\"https:\/\/thietbichannuoi.com\/wp-content\/uploads\/2024\/06\/DSC1534-logo-mp.jpg 2500w, https:\/\/thietbichannuoi.com\/wp-content\/uploads\/2024\/06\/DSC1534-logo-mp-300x200.jpg 300w, https:\/\/thietbichannuoi.com\/wp-content\/uploads\/2024\/06\/DSC1534-logo-mp-1024x683.jpg 1024w, https:\/\/thietbichannuoi.com\/wp-content\/uploads\/2024\/06\/DSC1534-logo-mp-150x100.jpg 150w, https:\/\/thietbichannuoi.com\/wp-content\/uploads\/2024\/06\/DSC1534-logo-mp-1536x1024.jpg 1536w, https:\/\/thietbichannuoi.com\/wp-content\/uploads\/2024\/06\/DSC1534-logo-mp-2048x1366.jpg 2048w\" sizes=\"(max-width: 2500px) 100vw, 2500px\" \/><figcaption id=\"caption-attachment-16837\" class=\"wp-caption-text\">Minh Ph\u00e1t<\/figcaption><\/figure>\n","protected":false},"excerpt":{"rendered":"<p><strong>Code:<\/strong> <strong>MNAI011<\/strong><\/p>\n<ul>\n<li><strong>Material:<\/strong> Stainless Steel 201<\/li>\n<li><strong>Weight:<\/strong> 3.2 kg \u00b10.05%<\/li>\n<li><strong>Dimensions (DxRxH):<\/strong> 335 x 317 x 215 (mm)<\/li>\n<li><strong>Bowl Diameter:<\/strong> \u00d842<\/li>\n<\/ul>\n<p><strong>Code:<\/strong> <strong>MNAI013<\/strong><\/p>\n<ul>\n<li><strong>Material:<\/strong> Stainless Steel\u00a0 304<\/li>\n<li><strong>Weight:<\/strong> 3.2 kg \u00b10.05%<\/li>\n<li><strong>Dimensions (DxRxH):<\/strong> 335 x 317 x 215 (mm)<\/li>\n<li><strong>Bowl Diameter:<\/strong> \u00d842<\/li>\n<\/ul>\n","protected":false},"featured_media":14386,"template":"","meta":{"_uag_custom_page_level_css":"","footnotes":""},"product_brand":[],"product_cat":[1297],"product_tag":[],"class_list":{"0":"post-13272","1":"product","2":"type-product","3":"status-publish","4":"has-post-thumbnail","6":"product_cat-sow-feeder","8":"first","9":"instock","10":"shipping-taxable","11":"product-type-simple"},"acf":[],"yoast_head":"<!-- This site is optimized with the Yoast SEO Premium plugin v22.9 (Yoast SEO v27.3) - https:\/\/yoast.com\/product\/yoast-seo-premium-wordpress\/ -->\n<title>Sow Feeder (Round Edge) - Thi\u1ebft b\u1ecb ch\u0103n nu\u00f4i<\/title>\n<meta name=\"description\" content=\"Feeding trough for sowm, Dimensions: 315mm x 355mm x 210mm (D x W x H)Material: Stainless steel SUS201, 304\" \/>\n<meta name=\"robots\" content=\"index, follow, max-snippet:-1, max-image-preview:large, max-video-preview:-1\" \/>\n<link rel=\"canonical\" href=\"https:\/\/thietbichannuoi.com\/en\/san-pham\/feeding-trough-for-sow\/\" \/>\n<meta property=\"og:locale\" content=\"en_US\" \/>\n<meta property=\"og:type\" content=\"article\" \/>\n<meta property=\"og:title\" content=\"Sow Feeder (Round Edge)\" \/>\n<meta property=\"og:description\" content=\"Code: MNAI011   Material: Stainless Steel 201  Weight: 3.2 kg \u00b10.05%  Dimensions (DxRxH): 335 x 317 x 215 (mm)  Bowl Diameter: \u00d842  Code: MNAI013   Material: Stainless Steel\u00a0 304  Weight: 3.2 kg \u00b10.05%  Dimensions (DxRxH): 335 x 317 x 215 (mm)  Bowl Diameter: \u00d842\" \/>\n<meta property=\"og:url\" content=\"https:\/\/thietbichannuoi.com\/en\/san-pham\/feeding-trough-for-sow\/\" \/>\n<meta property=\"og:site_name\" content=\"Thi\u1ebft b\u1ecb ch\u0103n nu\u00f4i\" \/>\n<meta property=\"article:modified_time\" content=\"2025-09-26T01:52:52+00:00\" \/>\n<meta property=\"og:image\" content=\"https:\/\/thietbichannuoi.com\/wp-content\/uploads\/2017\/11\/mang-an-heo-nai-de-tai-tron-2.jpg\" \/>\n\t<meta property=\"og:image:width\" content=\"1400\" \/>\n\t<meta property=\"og:image:height\" content=\"1200\" \/>\n\t<meta property=\"og:image:type\" content=\"image\/jpeg\" \/>\n<meta name=\"twitter:card\" content=\"summary_large_image\" \/>\n<meta name=\"twitter:label1\" content=\"Est. reading time\" \/>\n\t<meta name=\"twitter:data1\" content=\"2 minutes\" \/>\n<!-- \/ Yoast SEO Premium plugin. -->","yoast_head_json":{"title":"Sow Feeder (Round Edge) - Thi\u1ebft b\u1ecb ch\u0103n nu\u00f4i","description":"Feeding trough for sowm, Dimensions: 315mm x 355mm x 210mm (D x W x H)Material: Stainless steel SUS201, 304","robots":{"index":"index","follow":"follow","max-snippet":"max-snippet:-1","max-image-preview":"max-image-preview:large","max-video-preview":"max-video-preview:-1"},"canonical":"https:\/\/thietbichannuoi.com\/en\/san-pham\/feeding-trough-for-sow\/","og_locale":"en_US","og_type":"article","og_title":"Sow Feeder (Round Edge)","og_description":"Code: MNAI011   Material: Stainless Steel 201  Weight: 3.2 kg \u00b10.05%  Dimensions (DxRxH): 335 x 317 x 215 (mm)  Bowl Diameter: \u00d842  Code: MNAI013   Material: Stainless Steel\u00a0 304  Weight: 3.2 kg \u00b10.05%  Dimensions (DxRxH): 335 x 317 x 215 (mm)  Bowl Diameter: \u00d842","og_url":"https:\/\/thietbichannuoi.com\/en\/san-pham\/feeding-trough-for-sow\/","og_site_name":"Thi\u1ebft b\u1ecb ch\u0103n nu\u00f4i","article_modified_time":"2025-09-26T01:52:52+00:00","og_image":[{"width":1400,"height":1200,"url":"https:\/\/thietbichannuoi.com\/wp-content\/uploads\/2017\/11\/mang-an-heo-nai-de-tai-tron-2.jpg","type":"image\/jpeg"}],"twitter_card":"summary_large_image","twitter_misc":{"Est. reading time":"2 minutes"},"schema":{"@context":"https:\/\/schema.org","@graph":[{"@type":"WebPage","@id":"https:\/\/thietbichannuoi.com\/en\/san-pham\/feeding-trough-for-sow\/","url":"https:\/\/thietbichannuoi.com\/en\/san-pham\/feeding-trough-for-sow\/","name":"Sow Feeder (Round Edge) - Thi\u1ebft b\u1ecb ch\u0103n nu\u00f4i","isPartOf":{"@id":"https:\/\/thietbichannuoi.com\/#website"},"primaryImageOfPage":{"@id":"https:\/\/thietbichannuoi.com\/en\/san-pham\/feeding-trough-for-sow\/#primaryimage"},"image":{"@id":"https:\/\/thietbichannuoi.com\/en\/san-pham\/feeding-trough-for-sow\/#primaryimage"},"thumbnailUrl":"https:\/\/thietbichannuoi.com\/wp-content\/uploads\/2017\/11\/mang-an-heo-nai-de-tai-tron-2.jpg","datePublished":"2023-05-26T16:06:31+00:00","dateModified":"2025-09-26T01:52:52+00:00","description":"Feeding trough for sowm, Dimensions: 315mm x 355mm x 210mm (D x W x H)Material: Stainless steel SUS201, 304","breadcrumb":{"@id":"https:\/\/thietbichannuoi.com\/en\/san-pham\/feeding-trough-for-sow\/#breadcrumb"},"inLanguage":"en-US","potentialAction":[{"@type":"ReadAction","target":["https:\/\/thietbichannuoi.com\/en\/san-pham\/feeding-trough-for-sow\/"]}]},{"@type":"ImageObject","inLanguage":"en-US","@id":"https:\/\/thietbichannuoi.com\/en\/san-pham\/feeding-trough-for-sow\/#primaryimage","url":"https:\/\/thietbichannuoi.com\/wp-content\/uploads\/2017\/11\/mang-an-heo-nai-de-tai-tron-2.jpg","contentUrl":"https:\/\/thietbichannuoi.com\/wp-content\/uploads\/2017\/11\/mang-an-heo-nai-de-tai-tron-2.jpg","width":1400,"height":1200,"caption":"Sow Feeder (Round Edge)"},{"@type":"BreadcrumbList","@id":"https:\/\/thietbichannuoi.com\/en\/san-pham\/feeding-trough-for-sow\/#breadcrumb","itemListElement":[{"@type":"ListItem","position":1,"name":"Home","item":"https:\/\/thietbichannuoi.com\/en\/"},{"@type":"ListItem","position":2,"name":"Shop","item":"https:\/\/thietbichannuoi.com\/shop\/"},{"@type":"ListItem","position":3,"name":"Sow Feeder (Round Edge)"}]},{"@type":"WebSite","@id":"https:\/\/thietbichannuoi.com\/#website","url":"https:\/\/thietbichannuoi.com\/","name":"Thi\u1ebft b\u1ecb ch\u0103n nu\u00f4i","description":"S\u1ea3n xu\u1ea5t thi\u1ebft b\u1ecb ch\u0103n nu\u00f4i gia s\u00fac, gia c\u1ea7m v\u00e0 c\u00e1c s\u1ea3n ph\u1ea9m t\u1eeb nh\u1ef1a","publisher":{"@id":"https:\/\/thietbichannuoi.com\/#organization"},"potentialAction":[{"@type":"SearchAction","target":{"@type":"EntryPoint","urlTemplate":"https:\/\/thietbichannuoi.com\/?s={search_term_string}"},"query-input":{"@type":"PropertyValueSpecification","valueRequired":true,"valueName":"search_term_string"}}],"inLanguage":"en-US"},{"@type":"Organization","@id":"https:\/\/thietbichannuoi.com\/#organization","name":"Thi\u1ebft b\u1ecb ch\u0103n nu\u00f4i Minh Ph\u00e1t","url":"https:\/\/thietbichannuoi.com\/","logo":{"@type":"ImageObject","inLanguage":"en-US","@id":"https:\/\/thietbichannuoi.com\/#\/schema\/logo\/image\/","url":"https:\/\/thietbichannuoi.com\/wp-content\/uploads\/2021\/04\/logo-thiet-bi-chan-nuoi.png","contentUrl":"https:\/\/thietbichannuoi.com\/wp-content\/uploads\/2021\/04\/logo-thiet-bi-chan-nuoi.png","width":104,"height":79,"caption":"Thi\u1ebft b\u1ecb ch\u0103n nu\u00f4i Minh Ph\u00e1t"},"image":{"@id":"https:\/\/thietbichannuoi.com\/#\/schema\/logo\/image\/"}}]}},"uagb_featured_image_src":{"full":["https:\/\/thietbichannuoi.com\/wp-content\/uploads\/2017\/11\/mang-an-heo-nai-de-tai-tron-2.jpg",1400,1200,false],"thumbnail":["https:\/\/thietbichannuoi.com\/wp-content\/uploads\/2017\/11\/mang-an-heo-nai-de-tai-tron-2.jpg",150,129,false],"medium":["https:\/\/thietbichannuoi.com\/wp-content\/uploads\/2017\/11\/mang-an-heo-nai-de-tai-tron-2.jpg",300,257,false],"medium_large":["https:\/\/thietbichannuoi.com\/wp-content\/uploads\/2017\/11\/mang-an-heo-nai-de-tai-tron-2.jpg",1400,1200,false],"large":["https:\/\/thietbichannuoi.com\/wp-content\/uploads\/2017\/11\/mang-an-heo-nai-de-tai-tron-2.jpg",800,686,false],"1536x1536":["https:\/\/thietbichannuoi.com\/wp-content\/uploads\/2017\/11\/mang-an-heo-nai-de-tai-tron-2.jpg",1400,1200,false],"2048x2048":["https:\/\/thietbichannuoi.com\/wp-content\/uploads\/2017\/11\/mang-an-heo-nai-de-tai-tron-2.jpg",1400,1200,false],"woocommerce_thumbnail":["https:\/\/thietbichannuoi.com\/wp-content\/uploads\/2017\/11\/mang-an-heo-nai-de-tai-tron-2.jpg",1400,1200,false],"woocommerce_single":["https:\/\/thietbichannuoi.com\/wp-content\/uploads\/2017\/11\/mang-an-heo-nai-de-tai-tron-2.jpg",1400,1200,false],"woocommerce_gallery_thumbnail":["https:\/\/thietbichannuoi.com\/wp-content\/uploads\/2017\/11\/mang-an-heo-nai-de-tai-tron-2-100x100.jpg",100,100,true]},"uagb_author_info":{"display_name":"admin","author_link":"https:\/\/thietbichannuoi.com\/en\/author\/"},"uagb_comment_info":0,"uagb_excerpt":"Code: MNAI011 Material: Stainless Steel 201 Weight: 3.2 kg \u00b10.05% Dimensions (DxRxH): 335 x 317 x 215 (mm) Bowl Diameter: \u00d842 Code: MNAI013 Material: Stainless Steel\u00a0 304 Weight: 3.2 kg \u00b10.05% Dimensions (DxRxH): 335 x 317 x 215 (mm) Bowl Diameter: \u00d842","_links":{"self":[{"href":"https:\/\/thietbichannuoi.com\/en\/wp-json\/wp\/v2\/product\/13272","targetHints":{"allow":["GET"]}}],"collection":[{"href":"https:\/\/thietbichannuoi.com\/en\/wp-json\/wp\/v2\/product"}],"about":[{"href":"https:\/\/thietbichannuoi.com\/en\/wp-json\/wp\/v2\/types\/product"}],"version-history":[{"count":0,"href":"https:\/\/thietbichannuoi.com\/en\/wp-json\/wp\/v2\/product\/13272\/revisions"}],"wp:featuredmedia":[{"embeddable":true,"href":"https:\/\/thietbichannuoi.com\/en\/wp-json\/wp\/v2\/media\/14386"}],"wp:attachment":[{"href":"https:\/\/thietbichannuoi.com\/en\/wp-json\/wp\/v2\/media?parent=13272"}],"wp:term":[{"taxonomy":"product_brand","embeddable":true,"href":"https:\/\/thietbichannuoi.com\/en\/wp-json\/wp\/v2\/product_brand?post=13272"},{"taxonomy":"product_cat","embeddable":true,"href":"https:\/\/thietbichannuoi.com\/en\/wp-json\/wp\/v2\/product_cat?post=13272"},{"taxonomy":"product_tag","embeddable":true,"href":"https:\/\/thietbichannuoi.com\/en\/wp-json\/wp\/v2\/product_tag?post=13272"}],"curies":[{"name":"wp","href":"https:\/\/api.w.org\/{rel}","templated":true}]}}