{"id":13293,"date":"2023-05-26T23:36:10","date_gmt":"2023-05-26T16:36:10","guid":{"rendered":"https:\/\/thietbichannuoi.com\/?post_type=product&#038;p=13293"},"modified":"2024-08-27T23:04:13","modified_gmt":"2024-08-27T16:04:13","slug":"fan-control-cabinet-variable-frequency-drive","status":"publish","type":"product","link":"https:\/\/thietbichannuoi.com\/en\/san-pham\/fan-control-cabinet-variable-frequency-drive\/","title":{"rendered":"Fan Control Cabinet (Variable Frequency Drive)"},"content":{"rendered":"<p><strong>Fan Control Cabinet<\/strong><\/p>\n<ul>\n<li>Application in Farms: Controls cooling fans and ensures proper ventilation in livestock barns to maintain a stable temperature.<\/li>\n<li>Industrial Workshop: Controls exhaust fans for cooling in industrial workshops, can be combined with pump control cabinets for cooling tower systems.<\/li>\n<li>Timer Control for Exhaust Fans in Waste Rooms of Apartment Buildings (24-hour timer mode).<\/li>\n<\/ul>\n<p>Power Supply: 3-phase 380V<\/p>\n<p>The fan control cabinet, along with the industrial fan control system, can be applied to various purposes. The appropriate technical application helps humans control the working process and create favorable conditions for the working environment, health, and safety.<\/p>\n<p><strong>Practical Applications:<\/strong><\/p>\n<ol>\n<li>Direct-running Fan Control Cabinet: Equipped with motor protection, phase detection, phase loss protection, motor starter, and manual on\/off control.<\/li>\n<li>Fan Control Cabinet with Temperature Display: Allows temperature setting based on ambient temperature, automatic operation according to the set temperature range, and manual operation. Equipped with motor protection, phase detection, phase loss protection, motor starter, manual on\/off control, and automatic operation.<\/li>\n<li>Fan Control Cabinet with Motor Speed Adjustment: Uses a variable frequency drive to easily control and regulate airflow, suitable for agricultural workshops. This method is cost-effective, easy to replace and repair, and has many advantages:<\/li>\n<\/ol>\n<ul>\n<li>The fan motors can be adjusted to increase or decrease the speed, thereby changing the airflow. All fan motors run at the same speed, ensuring even airflow throughout the workshop or barn without creating stagnant areas.<\/li>\n<li>Unlike direct-running cabinets, where reducing airflow requires shutting down or partially blocking the fan motors, causing power wastage and potential mechanical damage to the fan blades and motor.<\/li>\n<\/ul>\n<p>The cabinet also features temperature display, phase loss protection, and can be operated in manual or automatic mode.<\/p>\n","protected":false},"excerpt":{"rendered":"<ul>\n<li><strong>M\u00e3 h\u00e0ng: TDKH02\u00a0<\/strong><\/li>\n<li>Thi\u1ebft b\u1ecb \u0111\u00f3ng c\u1eaft Mitsubishi<br \/>\n\u0110\u1ed3ng h\u1ed3 Fox v\u00e0 c\u00f4ng t\u1eafc xoay H\u00e0n Qu\u1ed1c<br \/>\nCh\u1ee9c n\u0103ng: V\u1eadn h\u00e0nh tr\u1ef1c ti\u1ebfp ho\u1eb7c theo c\u1ea3m bi\u1ebfn nhi\u1ec7t,<br \/>\nC\u00f3 c\u00f2i h\u00fa + \u0111\u00e8n b\u00e1o m\u1ea5t pha, ng\u01b0\u1ee3c pha, m\u1ea5t \u0111i\u1ec7n, qu\u1ea1t b\u1ecb l\u1ed7i kh\u00f4ng v\u1eadn h\u00e0nh.<\/li>\n<li><strong>M\u00e3 h\u00e0ng: TDKH02-1<\/strong><\/li>\n<li>Thi\u1ebft b\u1ecb \u0111\u00f3ng c\u1eaft Mitsubishi<br \/>\n\u0110\u1ed3ng h\u1ed3 Fox v\u00e0 c\u00f4ng t\u1eafc xoay H\u00e0n Qu\u1ed1c<br \/>\nCh\u1ee9c n\u0103ng: V\u1eadn h\u00e0nh tr\u1ef1c ti\u1ebfp ho\u1eb7c theo c\u1ea3m bi\u1ebfn nhi\u1ec7t,<br \/>\nC\u00f3 c\u00f2i h\u00fa + \u0111\u00e8n b\u00e1o khi m\u1ea5t \u0111i\u1ec7n, qu\u1ea1t b\u1ecb l\u1ed7i kh\u00f4ng v\u1eadn h\u00e0nh.<\/li>\n<\/ul>\n<p>S\u1eed d\u1ee5ng c\u00f4ng ngh\u1ec7 bi\u1ebfn t\u1ea7n \u0111i\u1ec1u khi\u1ec3n qu\u1ea1t, ki\u1ec3m so\u00e1t l\u01b0u l\u01b0\u1ee3ng gi\u00f3 v\u00e0 nhi\u1ec7t \u0111\u1ed9 trong tr\u1ea1i ch\u0103n nu\u00f4i.<\/p>\n<ul>\n<li>S\u1ed1 l\u01b0\u1ee3ng k\u00eanh ph\u1ee5 thu\u1ed9c v\u00e0o nhu c\u1ea7u<\/li>\n<li>Ki\u1ec3m so\u00e1t nhi\u1ec7t \u0111\u1ed9 trong tr\u1ea1i m\u1ed9t c\u00e1ch t\u1ef1 \u0111\u1ed9ng th\u00f4ng qua \u0111i\u1ec1u ch\u1ec9nh t\u1ed1c \u0111\u1ed9 qu\u1ea1t v\u00e0 s\u1ed1 l\u01b0\u1ee3ng \u0111\u00f3ng\/ m\u1edf s\u1ed1 l\u01b0\u1ee3ng qu\u1ea1t<\/li>\n<li>Ch\u1ebf \u0111\u1ed9 ch\u1ea1y n\u1ec1n: C\u00f3 (T\u1ed1i thi\u1ec3u 02 qu\u1ea1t)<\/li>\n<li>Ch\u1ebf \u0111\u1ed9 b\u1ea3o v\u1ec7 &amp; c\u1ea3nh b\u00e1o m\u1ea5t pha: C\u00f3<\/li>\n<li>B\u1ea3o v\u1ec7 qu\u00e1 t\u1ea3i cho t\u1eebng qu\u1ea1t: c\u00f3<\/li>\n<li>Ch\u1ebf \u0111\u1ed9 ch\u1ea1y tr\u1ee5c ti\u1ebfp: c\u00f3<\/li>\n<\/ul>\n","protected":false},"featured_media":14273,"template":"","meta":{"_uag_custom_page_level_css":"","footnotes":""},"product_brand":[],"product_cat":[306],"product_tag":[],"class_list":{"0":"post-13293","1":"product","2":"type-product","3":"status-publish","4":"has-post-thumbnail","6":"product_cat-cooling-system","8":"first","9":"instock","10":"shipping-taxable","11":"product-type-simple"},"acf":[],"yoast_head":"<!-- This site is optimized with the Yoast SEO Premium plugin v22.9 (Yoast SEO v27.4) - https:\/\/yoast.com\/product\/yoast-seo-premium-wordpress\/ -->\n<title>Fan Control Cabinet (Variable Frequency Drive) - Thi\u1ebft b\u1ecb ch\u0103n nu\u00f4i<\/title>\n<meta name=\"description\" content=\"Fan Control Cabinet (Variable Frequency Drive)\" \/>\n<meta name=\"robots\" content=\"index, follow, max-snippet:-1, max-image-preview:large, max-video-preview:-1\" \/>\n<link rel=\"canonical\" href=\"https:\/\/thietbichannuoi.com\/en\/san-pham\/fan-control-cabinet-variable-frequency-drive\/\" \/>\n<meta property=\"og:locale\" content=\"en_US\" \/>\n<meta property=\"og:type\" content=\"article\" \/>\n<meta property=\"og:title\" content=\"Fan Control Cabinet (Variable Frequency Drive)\" \/>\n<meta property=\"og:description\" content=\"M\u00e3 h\u00e0ng: TDKH02\u00a0  Thi\u1ebft b\u1ecb \u0111\u00f3ng c\u1eaft Mitsubishi \u0110\u1ed3ng h\u1ed3 Fox v\u00e0 c\u00f4ng t\u1eafc xoay H\u00e0n Qu\u1ed1c Ch\u1ee9c n\u0103ng: V\u1eadn h\u00e0nh tr\u1ef1c ti\u1ebfp ho\u1eb7c theo c\u1ea3m bi\u1ebfn nhi\u1ec7t, C\u00f3 c\u00f2i h\u00fa + \u0111\u00e8n b\u00e1o m\u1ea5t pha, ng\u01b0\u1ee3c pha, m\u1ea5t \u0111i\u1ec7n, qu\u1ea1t b\u1ecb l\u1ed7i kh\u00f4ng v\u1eadn h\u00e0nh.  M\u00e3 h\u00e0ng: TDKH02-1  Thi\u1ebft b\u1ecb \u0111\u00f3ng c\u1eaft Mitsubishi \u0110\u1ed3ng h\u1ed3 Fox v\u00e0 c\u00f4ng t\u1eafc xoay H\u00e0n Qu\u1ed1c Ch\u1ee9c n\u0103ng: V\u1eadn h\u00e0nh tr\u1ef1c ti\u1ebfp ho\u1eb7c theo c\u1ea3m bi\u1ebfn nhi\u1ec7t, C\u00f3 c\u00f2i h\u00fa + \u0111\u00e8n b\u00e1o khi m\u1ea5t \u0111i\u1ec7n, qu\u1ea1t b\u1ecb l\u1ed7i kh\u00f4ng v\u1eadn h\u00e0nh.  S\u1eed d\u1ee5ng c\u00f4ng ngh\u1ec7 bi\u1ebfn t\u1ea7n \u0111i\u1ec1u khi\u1ec3n qu\u1ea1t, ki\u1ec3m so\u00e1t l\u01b0u l\u01b0\u1ee3ng gi\u00f3 v\u00e0 nhi\u1ec7t \u0111\u1ed9 trong tr\u1ea1i ch\u0103n nu\u00f4i.   S\u1ed1 l\u01b0\u1ee3ng k\u00eanh ph\u1ee5 thu\u1ed9c v\u00e0o nhu c\u1ea7u  Ki\u1ec3m so\u00e1t nhi\u1ec7t \u0111\u1ed9 trong tr\u1ea1i m\u1ed9t c\u00e1ch t\u1ef1 \u0111\u1ed9ng th\u00f4ng qua \u0111i\u1ec1u ch\u1ec9nh t\u1ed1c \u0111\u1ed9 qu\u1ea1t v\u00e0 s\u1ed1 l\u01b0\u1ee3ng \u0111\u00f3ng\/ m\u1edf s\u1ed1 l\u01b0\u1ee3ng qu\u1ea1t  Ch\u1ebf \u0111\u1ed9 ch\u1ea1y n\u1ec1n: C\u00f3 (T\u1ed1i thi\u1ec3u 02 qu\u1ea1t)  Ch\u1ebf \u0111\u1ed9 b\u1ea3o v\u1ec7 &amp; c\u1ea3nh b\u00e1o m\u1ea5t pha: C\u00f3  B\u1ea3o v\u1ec7 qu\u00e1 t\u1ea3i cho t\u1eebng qu\u1ea1t: c\u00f3  Ch\u1ebf \u0111\u1ed9 ch\u1ea1y tr\u1ee5c ti\u1ebfp: c\u00f3\" \/>\n<meta property=\"og:url\" content=\"https:\/\/thietbichannuoi.com\/en\/san-pham\/fan-control-cabinet-variable-frequency-drive\/\" \/>\n<meta property=\"og:site_name\" content=\"Thi\u1ebft b\u1ecb ch\u0103n nu\u00f4i\" \/>\n<meta property=\"article:modified_time\" content=\"2024-08-27T16:04:13+00:00\" \/>\n<meta property=\"og:image\" content=\"https:\/\/thietbichannuoi.com\/wp-content\/uploads\/2017\/10\/tu-dien-01-1.jpg\" \/>\n\t<meta property=\"og:image:width\" content=\"1400\" \/>\n\t<meta property=\"og:image:height\" content=\"1200\" \/>\n\t<meta property=\"og:image:type\" content=\"image\/jpeg\" \/>\n<meta name=\"twitter:card\" content=\"summary_large_image\" \/>\n<meta name=\"twitter:label1\" content=\"Est. reading time\" \/>\n\t<meta name=\"twitter:data1\" content=\"2 minutes\" \/>\n<!-- \/ Yoast SEO Premium plugin. -->","yoast_head_json":{"title":"Fan Control Cabinet (Variable Frequency Drive) - Thi\u1ebft b\u1ecb ch\u0103n nu\u00f4i","description":"Fan Control Cabinet (Variable Frequency Drive)","robots":{"index":"index","follow":"follow","max-snippet":"max-snippet:-1","max-image-preview":"max-image-preview:large","max-video-preview":"max-video-preview:-1"},"canonical":"https:\/\/thietbichannuoi.com\/en\/san-pham\/fan-control-cabinet-variable-frequency-drive\/","og_locale":"en_US","og_type":"article","og_title":"Fan Control Cabinet (Variable Frequency Drive)","og_description":"M\u00e3 h\u00e0ng: TDKH02\u00a0  Thi\u1ebft b\u1ecb \u0111\u00f3ng c\u1eaft Mitsubishi \u0110\u1ed3ng h\u1ed3 Fox v\u00e0 c\u00f4ng t\u1eafc xoay H\u00e0n Qu\u1ed1c Ch\u1ee9c n\u0103ng: V\u1eadn h\u00e0nh tr\u1ef1c ti\u1ebfp ho\u1eb7c theo c\u1ea3m bi\u1ebfn nhi\u1ec7t, C\u00f3 c\u00f2i h\u00fa + \u0111\u00e8n b\u00e1o m\u1ea5t pha, ng\u01b0\u1ee3c pha, m\u1ea5t \u0111i\u1ec7n, qu\u1ea1t b\u1ecb l\u1ed7i kh\u00f4ng v\u1eadn h\u00e0nh.  M\u00e3 h\u00e0ng: TDKH02-1  Thi\u1ebft b\u1ecb \u0111\u00f3ng c\u1eaft Mitsubishi \u0110\u1ed3ng h\u1ed3 Fox v\u00e0 c\u00f4ng t\u1eafc xoay H\u00e0n Qu\u1ed1c Ch\u1ee9c n\u0103ng: V\u1eadn h\u00e0nh tr\u1ef1c ti\u1ebfp ho\u1eb7c theo c\u1ea3m bi\u1ebfn nhi\u1ec7t, C\u00f3 c\u00f2i h\u00fa + \u0111\u00e8n b\u00e1o khi m\u1ea5t \u0111i\u1ec7n, qu\u1ea1t b\u1ecb l\u1ed7i kh\u00f4ng v\u1eadn h\u00e0nh.  S\u1eed d\u1ee5ng c\u00f4ng ngh\u1ec7 bi\u1ebfn t\u1ea7n \u0111i\u1ec1u khi\u1ec3n qu\u1ea1t, ki\u1ec3m so\u00e1t l\u01b0u l\u01b0\u1ee3ng gi\u00f3 v\u00e0 nhi\u1ec7t \u0111\u1ed9 trong tr\u1ea1i ch\u0103n nu\u00f4i.   S\u1ed1 l\u01b0\u1ee3ng k\u00eanh ph\u1ee5 thu\u1ed9c v\u00e0o nhu c\u1ea7u  Ki\u1ec3m so\u00e1t nhi\u1ec7t \u0111\u1ed9 trong tr\u1ea1i m\u1ed9t c\u00e1ch t\u1ef1 \u0111\u1ed9ng th\u00f4ng qua \u0111i\u1ec1u ch\u1ec9nh t\u1ed1c \u0111\u1ed9 qu\u1ea1t v\u00e0 s\u1ed1 l\u01b0\u1ee3ng \u0111\u00f3ng\/ m\u1edf s\u1ed1 l\u01b0\u1ee3ng qu\u1ea1t  Ch\u1ebf \u0111\u1ed9 ch\u1ea1y n\u1ec1n: C\u00f3 (T\u1ed1i thi\u1ec3u 02 qu\u1ea1t)  Ch\u1ebf \u0111\u1ed9 b\u1ea3o v\u1ec7 &amp; c\u1ea3nh b\u00e1o m\u1ea5t pha: C\u00f3  B\u1ea3o v\u1ec7 qu\u00e1 t\u1ea3i cho t\u1eebng qu\u1ea1t: c\u00f3  Ch\u1ebf \u0111\u1ed9 ch\u1ea1y tr\u1ee5c ti\u1ebfp: c\u00f3","og_url":"https:\/\/thietbichannuoi.com\/en\/san-pham\/fan-control-cabinet-variable-frequency-drive\/","og_site_name":"Thi\u1ebft b\u1ecb ch\u0103n nu\u00f4i","article_modified_time":"2024-08-27T16:04:13+00:00","og_image":[{"width":1400,"height":1200,"url":"https:\/\/thietbichannuoi.com\/wp-content\/uploads\/2017\/10\/tu-dien-01-1.jpg","type":"image\/jpeg"}],"twitter_card":"summary_large_image","twitter_misc":{"Est. reading time":"2 minutes"},"schema":{"@context":"https:\/\/schema.org","@graph":[{"@type":"WebPage","@id":"https:\/\/thietbichannuoi.com\/en\/san-pham\/fan-control-cabinet-variable-frequency-drive\/","url":"https:\/\/thietbichannuoi.com\/en\/san-pham\/fan-control-cabinet-variable-frequency-drive\/","name":"Fan Control Cabinet (Variable Frequency Drive) - Thi\u1ebft b\u1ecb ch\u0103n nu\u00f4i","isPartOf":{"@id":"https:\/\/thietbichannuoi.com\/#website"},"primaryImageOfPage":{"@id":"https:\/\/thietbichannuoi.com\/en\/san-pham\/fan-control-cabinet-variable-frequency-drive\/#primaryimage"},"image":{"@id":"https:\/\/thietbichannuoi.com\/en\/san-pham\/fan-control-cabinet-variable-frequency-drive\/#primaryimage"},"thumbnailUrl":"https:\/\/thietbichannuoi.com\/wp-content\/uploads\/2017\/10\/tu-dien-01-1.jpg","datePublished":"2023-05-26T16:36:10+00:00","dateModified":"2024-08-27T16:04:13+00:00","description":"Fan Control Cabinet (Variable Frequency Drive)","breadcrumb":{"@id":"https:\/\/thietbichannuoi.com\/en\/san-pham\/fan-control-cabinet-variable-frequency-drive\/#breadcrumb"},"inLanguage":"en-US","potentialAction":[{"@type":"ReadAction","target":["https:\/\/thietbichannuoi.com\/en\/san-pham\/fan-control-cabinet-variable-frequency-drive\/"]}]},{"@type":"ImageObject","inLanguage":"en-US","@id":"https:\/\/thietbichannuoi.com\/en\/san-pham\/fan-control-cabinet-variable-frequency-drive\/#primaryimage","url":"https:\/\/thietbichannuoi.com\/wp-content\/uploads\/2017\/10\/tu-dien-01-1.jpg","contentUrl":"https:\/\/thietbichannuoi.com\/wp-content\/uploads\/2017\/10\/tu-dien-01-1.jpg","width":1400,"height":1200,"caption":"Fan Control Cabinet (Variable Frequency Drive)"},{"@type":"BreadcrumbList","@id":"https:\/\/thietbichannuoi.com\/en\/san-pham\/fan-control-cabinet-variable-frequency-drive\/#breadcrumb","itemListElement":[{"@type":"ListItem","position":1,"name":"Home","item":"https:\/\/thietbichannuoi.com\/en\/"},{"@type":"ListItem","position":2,"name":"Shop","item":"https:\/\/thietbichannuoi.com\/shop\/"},{"@type":"ListItem","position":3,"name":"Fan Control Cabinet (Variable Frequency Drive)"}]},{"@type":"WebSite","@id":"https:\/\/thietbichannuoi.com\/#website","url":"https:\/\/thietbichannuoi.com\/","name":"Thi\u1ebft b\u1ecb ch\u0103n nu\u00f4i","description":"S\u1ea3n xu\u1ea5t thi\u1ebft b\u1ecb ch\u0103n nu\u00f4i gia s\u00fac, gia c\u1ea7m v\u00e0 c\u00e1c s\u1ea3n ph\u1ea9m t\u1eeb nh\u1ef1a","publisher":{"@id":"https:\/\/thietbichannuoi.com\/#organization"},"potentialAction":[{"@type":"SearchAction","target":{"@type":"EntryPoint","urlTemplate":"https:\/\/thietbichannuoi.com\/?s={search_term_string}"},"query-input":{"@type":"PropertyValueSpecification","valueRequired":true,"valueName":"search_term_string"}}],"inLanguage":"en-US"},{"@type":"Organization","@id":"https:\/\/thietbichannuoi.com\/#organization","name":"Thi\u1ebft b\u1ecb ch\u0103n nu\u00f4i Minh Ph\u00e1t","url":"https:\/\/thietbichannuoi.com\/","logo":{"@type":"ImageObject","inLanguage":"en-US","@id":"https:\/\/thietbichannuoi.com\/#\/schema\/logo\/image\/","url":"https:\/\/thietbichannuoi.com\/wp-content\/uploads\/2021\/04\/logo-thiet-bi-chan-nuoi.png","contentUrl":"https:\/\/thietbichannuoi.com\/wp-content\/uploads\/2021\/04\/logo-thiet-bi-chan-nuoi.png","width":104,"height":79,"caption":"Thi\u1ebft b\u1ecb ch\u0103n nu\u00f4i Minh Ph\u00e1t"},"image":{"@id":"https:\/\/thietbichannuoi.com\/#\/schema\/logo\/image\/"}}]}},"uagb_featured_image_src":{"full":["https:\/\/thietbichannuoi.com\/wp-content\/uploads\/2017\/10\/tu-dien-01-1.jpg",1400,1200,false],"thumbnail":["https:\/\/thietbichannuoi.com\/wp-content\/uploads\/2017\/10\/tu-dien-01-1.jpg",150,129,false],"medium":["https:\/\/thietbichannuoi.com\/wp-content\/uploads\/2017\/10\/tu-dien-01-1.jpg",300,257,false],"medium_large":["https:\/\/thietbichannuoi.com\/wp-content\/uploads\/2017\/10\/tu-dien-01-1.jpg",1400,1200,false],"large":["https:\/\/thietbichannuoi.com\/wp-content\/uploads\/2017\/10\/tu-dien-01-1.jpg",800,686,false],"1536x1536":["https:\/\/thietbichannuoi.com\/wp-content\/uploads\/2017\/10\/tu-dien-01-1.jpg",1400,1200,false],"2048x2048":["https:\/\/thietbichannuoi.com\/wp-content\/uploads\/2017\/10\/tu-dien-01-1.jpg",1400,1200,false],"woocommerce_thumbnail":["https:\/\/thietbichannuoi.com\/wp-content\/uploads\/2017\/10\/tu-dien-01-1.jpg",1400,1200,false],"woocommerce_single":["https:\/\/thietbichannuoi.com\/wp-content\/uploads\/2017\/10\/tu-dien-01-1.jpg",1400,1200,false],"woocommerce_gallery_thumbnail":["https:\/\/thietbichannuoi.com\/wp-content\/uploads\/2017\/10\/tu-dien-01-1-100x100.jpg",100,100,true]},"uagb_author_info":{"display_name":"admin","author_link":"https:\/\/thietbichannuoi.com\/en\/author\/"},"uagb_comment_info":0,"uagb_excerpt":"M\u00e3 h\u00e0ng: TDKH02\u00a0 Thi\u1ebft b\u1ecb \u0111\u00f3ng c\u1eaft Mitsubishi \u0110\u1ed3ng h\u1ed3 Fox v\u00e0 c\u00f4ng t\u1eafc xoay H\u00e0n Qu\u1ed1c Ch\u1ee9c n\u0103ng: V\u1eadn h\u00e0nh tr\u1ef1c ti\u1ebfp ho\u1eb7c theo c\u1ea3m bi\u1ebfn nhi\u1ec7t, C\u00f3 c\u00f2i h\u00fa + \u0111\u00e8n b\u00e1o m\u1ea5t pha, ng\u01b0\u1ee3c pha, m\u1ea5t \u0111i\u1ec7n, qu\u1ea1t b\u1ecb l\u1ed7i kh\u00f4ng v\u1eadn h\u00e0nh. M\u00e3 h\u00e0ng: TDKH02-1 Thi\u1ebft b\u1ecb \u0111\u00f3ng c\u1eaft Mitsubishi \u0110\u1ed3ng&hellip;","_links":{"self":[{"href":"https:\/\/thietbichannuoi.com\/en\/wp-json\/wp\/v2\/product\/13293","targetHints":{"allow":["GET"]}}],"collection":[{"href":"https:\/\/thietbichannuoi.com\/en\/wp-json\/wp\/v2\/product"}],"about":[{"href":"https:\/\/thietbichannuoi.com\/en\/wp-json\/wp\/v2\/types\/product"}],"version-history":[{"count":0,"href":"https:\/\/thietbichannuoi.com\/en\/wp-json\/wp\/v2\/product\/13293\/revisions"}],"wp:featuredmedia":[{"embeddable":true,"href":"https:\/\/thietbichannuoi.com\/en\/wp-json\/wp\/v2\/media\/14273"}],"wp:attachment":[{"href":"https:\/\/thietbichannuoi.com\/en\/wp-json\/wp\/v2\/media?parent=13293"}],"wp:term":[{"taxonomy":"product_brand","embeddable":true,"href":"https:\/\/thietbichannuoi.com\/en\/wp-json\/wp\/v2\/product_brand?post=13293"},{"taxonomy":"product_cat","embeddable":true,"href":"https:\/\/thietbichannuoi.com\/en\/wp-json\/wp\/v2\/product_cat?post=13293"},{"taxonomy":"product_tag","embeddable":true,"href":"https:\/\/thietbichannuoi.com\/en\/wp-json\/wp\/v2\/product_tag?post=13293"}],"curies":[{"name":"wp","href":"https:\/\/api.w.org\/{rel}","templated":true}]}}