{"id":13303,"date":"2023-05-26T23:52:10","date_gmt":"2023-05-26T16:52:10","guid":{"rendered":"https:\/\/thietbichannuoi.com\/?post_type=product&#038;p=13303"},"modified":"2025-09-27T14:43:53","modified_gmt":"2025-09-27T07:43:53","slug":"accessories-for-pig-barn","status":"publish","type":"product","link":"https:\/\/thietbichannuoi.com\/en\/san-pham\/accessories-for-pig-barn\/","title":{"rendered":"Accessories for pig barn"},"content":{"rendered":"<p>Minh Ph\u00e1t Huy provides a complete range of accessories for pig barn construction:<\/p>\n<ul>\n<li>Door Locks (Coin locks): Made of galvanized steel or black steel<\/li>\n<li>Door Hinges: Available in 1.5cm, 2.5cm, and 3.5cm sizes<\/li>\n<li>Double-hole brackets<\/li>\n<li>U-shaped pipe clamps for water pipes with a diameter of \u03a621.<\/li>\n<\/ul>\n<p><img fetchpriority=\"high\" decoding=\"async\" class=\"wp-image-17572 size-full\" src=\"https:\/\/thietbichannuoi.com\/wp-content\/uploads\/2017\/10\/Cum-21.jpg\" alt=\"C\u00f9m\" width=\"1400\" height=\"1200\" srcset=\"https:\/\/thietbichannuoi.com\/wp-content\/uploads\/2017\/10\/Cum-21.jpg 1400w, https:\/\/thietbichannuoi.com\/wp-content\/uploads\/2017\/10\/Cum-21-300x257.jpg 300w, https:\/\/thietbichannuoi.com\/wp-content\/uploads\/2017\/10\/Cum-21-1024x878.jpg 1024w, https:\/\/thietbichannuoi.com\/wp-content\/uploads\/2017\/10\/Cum-21-150x129.jpg 150w\" sizes=\"(max-width: 1400px) 100vw, 1400px\" \/><\/p>\n","protected":false},"excerpt":{"rendered":"<p>Minh Phat Huy provides a complete range of accessories for pig barn construction:<\/p>\n<p><strong data-start=\"89\" data-end=\"110\">Code: PKH154<\/strong> \u2013 Double U-Bolt Clamp \u00d821 \u00d7 \u00d821<\/p>\n<ul>\n<li data-start=\"147\" data-end=\"196\"><strong data-start=\"147\" data-end=\"168\">Code: PKH030<\/strong> \u2013 Iron Round Lock (Black)<\/li>\n<li data-start=\"199\" data-end=\"254\"><strong data-start=\"199\" data-end=\"220\">Code: PKH031<\/strong> \u2013 Iron Round Lock (Zinc-Plated)<\/li>\n<li data-start=\"257\" data-end=\"334\"><strong data-start=\"257\" data-end=\"278\">Code: PKH060<\/strong> \u2013 Single-Hole Iron Bracket, Short Type (Length 15 mm)<\/li>\n<li data-start=\"337\" data-end=\"415\"><strong data-start=\"337\" data-end=\"358\">Code: PKH061<\/strong> \u2013 Single-Hole Iron Bracket, Medium Type (Length 25 mm)<\/li>\n<li data-start=\"418\" data-end=\"494\"><strong data-start=\"418\" data-end=\"439\">Code: PKH062<\/strong> \u2013 Single-Hole Iron Bracket, Long Type (Length 35 mm)<\/li>\n<li data-start=\"497\" data-end=\"559\"><strong data-start=\"497\" data-end=\"518\">Code: PKH063<\/strong> \u2013 Double-Hole Iron Bracket (25 \u00d7 3 mm)<\/li>\n<\/ul>\n","protected":false},"featured_media":19112,"template":"","meta":{"_uag_custom_page_level_css":"","footnotes":""},"product_brand":[],"product_cat":[312],"product_tag":[],"class_list":{"0":"post-13303","1":"product","2":"type-product","3":"status-publish","4":"has-post-thumbnail","6":"product_cat-other-equipment","8":"first","9":"instock","10":"shipping-taxable","11":"product-type-simple"},"acf":[],"yoast_head":"<!-- This site is optimized with the Yoast SEO Premium plugin v22.9 (Yoast SEO v27.4) - https:\/\/yoast.com\/product\/yoast-seo-premium-wordpress\/ -->\n<title>Accessories for pig barn - Thi\u1ebft b\u1ecb ch\u0103n nu\u00f4i<\/title>\n<meta name=\"description\" content=\"accessories for pig barn Double\/ single U-bolt\" \/>\n<meta name=\"robots\" content=\"index, follow, max-snippet:-1, max-image-preview:large, max-video-preview:-1\" \/>\n<link rel=\"canonical\" href=\"https:\/\/thietbichannuoi.com\/en\/san-pham\/accessories-for-pig-barn\/\" \/>\n<meta property=\"og:locale\" content=\"en_US\" \/>\n<meta property=\"og:type\" content=\"article\" \/>\n<meta property=\"og:title\" content=\"Accessories for pig barn\" \/>\n<meta property=\"og:description\" content=\"Minh Phat Huy provides a complete range of accessories for pig barn construction:  Code: PKH154 \u2013 Double U-Bolt Clamp \u00d821 \u00d7 \u00d821   Code: PKH030 \u2013 Iron Round Lock (Black)  Code: PKH031 \u2013 Iron Round Lock (Zinc-Plated)  Code: PKH060 \u2013 Single-Hole Iron Bracket, Short Type (Length 15 mm)  Code: PKH061 \u2013 Single-Hole Iron Bracket, Medium Type (Length 25 mm)  Code: PKH062 \u2013 Single-Hole Iron Bracket, Long Type (Length 35 mm)  Code: PKH063 \u2013 Double-Hole Iron Bracket (25 \u00d7 3 mm)\" \/>\n<meta property=\"og:url\" content=\"https:\/\/thietbichannuoi.com\/en\/san-pham\/accessories-for-pig-barn\/\" \/>\n<meta property=\"og:site_name\" content=\"Thi\u1ebft b\u1ecb ch\u0103n nu\u00f4i\" \/>\n<meta property=\"article:modified_time\" content=\"2025-09-27T07:43:53+00:00\" \/>\n<meta property=\"og:image\" content=\"https:\/\/thietbichannuoi.com\/wp-content\/uploads\/2017\/10\/PK-CHO-HEO.jpg\" \/>\n\t<meta property=\"og:image:width\" content=\"1400\" \/>\n\t<meta property=\"og:image:height\" content=\"1200\" \/>\n\t<meta property=\"og:image:type\" content=\"image\/jpeg\" \/>\n<meta name=\"twitter:card\" content=\"summary_large_image\" \/>\n<meta name=\"twitter:label1\" content=\"Est. reading time\" \/>\n\t<meta name=\"twitter:data1\" content=\"1 minute\" \/>\n<!-- \/ Yoast SEO Premium plugin. -->","yoast_head_json":{"title":"Accessories for pig barn - Thi\u1ebft b\u1ecb ch\u0103n nu\u00f4i","description":"accessories for pig barn Double\/ single U-bolt","robots":{"index":"index","follow":"follow","max-snippet":"max-snippet:-1","max-image-preview":"max-image-preview:large","max-video-preview":"max-video-preview:-1"},"canonical":"https:\/\/thietbichannuoi.com\/en\/san-pham\/accessories-for-pig-barn\/","og_locale":"en_US","og_type":"article","og_title":"Accessories for pig barn","og_description":"Minh Phat Huy provides a complete range of accessories for pig barn construction:  Code: PKH154 \u2013 Double U-Bolt Clamp \u00d821 \u00d7 \u00d821   Code: PKH030 \u2013 Iron Round Lock (Black)  Code: PKH031 \u2013 Iron Round Lock (Zinc-Plated)  Code: PKH060 \u2013 Single-Hole Iron Bracket, Short Type (Length 15 mm)  Code: PKH061 \u2013 Single-Hole Iron Bracket, Medium Type (Length 25 mm)  Code: PKH062 \u2013 Single-Hole Iron Bracket, Long Type (Length 35 mm)  Code: PKH063 \u2013 Double-Hole Iron Bracket (25 \u00d7 3 mm)","og_url":"https:\/\/thietbichannuoi.com\/en\/san-pham\/accessories-for-pig-barn\/","og_site_name":"Thi\u1ebft b\u1ecb ch\u0103n nu\u00f4i","article_modified_time":"2025-09-27T07:43:53+00:00","og_image":[{"width":1400,"height":1200,"url":"https:\/\/thietbichannuoi.com\/wp-content\/uploads\/2017\/10\/PK-CHO-HEO.jpg","type":"image\/jpeg"}],"twitter_card":"summary_large_image","twitter_misc":{"Est. reading time":"1 minute"},"schema":{"@context":"https:\/\/schema.org","@graph":[{"@type":"WebPage","@id":"https:\/\/thietbichannuoi.com\/en\/san-pham\/accessories-for-pig-barn\/","url":"https:\/\/thietbichannuoi.com\/en\/san-pham\/accessories-for-pig-barn\/","name":"Accessories for pig barn - Thi\u1ebft b\u1ecb ch\u0103n nu\u00f4i","isPartOf":{"@id":"https:\/\/thietbichannuoi.com\/#website"},"primaryImageOfPage":{"@id":"https:\/\/thietbichannuoi.com\/en\/san-pham\/accessories-for-pig-barn\/#primaryimage"},"image":{"@id":"https:\/\/thietbichannuoi.com\/en\/san-pham\/accessories-for-pig-barn\/#primaryimage"},"thumbnailUrl":"https:\/\/thietbichannuoi.com\/wp-content\/uploads\/2017\/10\/PK-CHO-HEO.jpg","datePublished":"2023-05-26T16:52:10+00:00","dateModified":"2025-09-27T07:43:53+00:00","description":"accessories for pig barn Double\/ single U-bolt","breadcrumb":{"@id":"https:\/\/thietbichannuoi.com\/en\/san-pham\/accessories-for-pig-barn\/#breadcrumb"},"inLanguage":"en-US","potentialAction":[{"@type":"ReadAction","target":["https:\/\/thietbichannuoi.com\/en\/san-pham\/accessories-for-pig-barn\/"]}]},{"@type":"ImageObject","inLanguage":"en-US","@id":"https:\/\/thietbichannuoi.com\/en\/san-pham\/accessories-for-pig-barn\/#primaryimage","url":"https:\/\/thietbichannuoi.com\/wp-content\/uploads\/2017\/10\/PK-CHO-HEO.jpg","contentUrl":"https:\/\/thietbichannuoi.com\/wp-content\/uploads\/2017\/10\/PK-CHO-HEO.jpg","width":1400,"height":1200,"caption":"PK-CHO-HEO"},{"@type":"BreadcrumbList","@id":"https:\/\/thietbichannuoi.com\/en\/san-pham\/accessories-for-pig-barn\/#breadcrumb","itemListElement":[{"@type":"ListItem","position":1,"name":"Home","item":"https:\/\/thietbichannuoi.com\/en\/"},{"@type":"ListItem","position":2,"name":"Shop","item":"https:\/\/thietbichannuoi.com\/shop\/"},{"@type":"ListItem","position":3,"name":"Accessories for pig barn"}]},{"@type":"WebSite","@id":"https:\/\/thietbichannuoi.com\/#website","url":"https:\/\/thietbichannuoi.com\/","name":"Thi\u1ebft b\u1ecb ch\u0103n nu\u00f4i","description":"S\u1ea3n xu\u1ea5t thi\u1ebft b\u1ecb ch\u0103n nu\u00f4i gia s\u00fac, gia c\u1ea7m v\u00e0 c\u00e1c s\u1ea3n ph\u1ea9m t\u1eeb nh\u1ef1a","publisher":{"@id":"https:\/\/thietbichannuoi.com\/#organization"},"potentialAction":[{"@type":"SearchAction","target":{"@type":"EntryPoint","urlTemplate":"https:\/\/thietbichannuoi.com\/?s={search_term_string}"},"query-input":{"@type":"PropertyValueSpecification","valueRequired":true,"valueName":"search_term_string"}}],"inLanguage":"en-US"},{"@type":"Organization","@id":"https:\/\/thietbichannuoi.com\/#organization","name":"Thi\u1ebft b\u1ecb ch\u0103n nu\u00f4i Minh Ph\u00e1t","url":"https:\/\/thietbichannuoi.com\/","logo":{"@type":"ImageObject","inLanguage":"en-US","@id":"https:\/\/thietbichannuoi.com\/#\/schema\/logo\/image\/","url":"https:\/\/thietbichannuoi.com\/wp-content\/uploads\/2021\/04\/logo-thiet-bi-chan-nuoi.png","contentUrl":"https:\/\/thietbichannuoi.com\/wp-content\/uploads\/2021\/04\/logo-thiet-bi-chan-nuoi.png","width":104,"height":79,"caption":"Thi\u1ebft b\u1ecb ch\u0103n nu\u00f4i Minh Ph\u00e1t"},"image":{"@id":"https:\/\/thietbichannuoi.com\/#\/schema\/logo\/image\/"}}]}},"uagb_featured_image_src":{"full":["https:\/\/thietbichannuoi.com\/wp-content\/uploads\/2017\/10\/PK-CHO-HEO.jpg",1400,1200,false],"thumbnail":["https:\/\/thietbichannuoi.com\/wp-content\/uploads\/2017\/10\/PK-CHO-HEO.jpg",150,129,false],"medium":["https:\/\/thietbichannuoi.com\/wp-content\/uploads\/2017\/10\/PK-CHO-HEO.jpg",300,257,false],"medium_large":["https:\/\/thietbichannuoi.com\/wp-content\/uploads\/2017\/10\/PK-CHO-HEO.jpg",1400,1200,false],"large":["https:\/\/thietbichannuoi.com\/wp-content\/uploads\/2017\/10\/PK-CHO-HEO.jpg",800,686,false],"1536x1536":["https:\/\/thietbichannuoi.com\/wp-content\/uploads\/2017\/10\/PK-CHO-HEO.jpg",1400,1200,false],"2048x2048":["https:\/\/thietbichannuoi.com\/wp-content\/uploads\/2017\/10\/PK-CHO-HEO.jpg",1400,1200,false],"woocommerce_thumbnail":["https:\/\/thietbichannuoi.com\/wp-content\/uploads\/2017\/10\/PK-CHO-HEO.jpg",1400,1200,false],"woocommerce_single":["https:\/\/thietbichannuoi.com\/wp-content\/uploads\/2017\/10\/PK-CHO-HEO.jpg",1400,1200,false],"woocommerce_gallery_thumbnail":["https:\/\/thietbichannuoi.com\/wp-content\/uploads\/2017\/10\/PK-CHO-HEO-100x100.jpg",100,100,true]},"uagb_author_info":{"display_name":"admin","author_link":"https:\/\/thietbichannuoi.com\/en\/author\/"},"uagb_comment_info":0,"uagb_excerpt":"Minh Phat Huy provides a complete range of accessories for pig barn construction: Code: PKH154 \u2013 Double U-Bolt Clamp \u00d821 \u00d7 \u00d821 Code: PKH030 \u2013 Iron Round Lock (Black) Code: PKH031 \u2013 Iron Round Lock (Zinc-Plated) Code: PKH060 \u2013 Single-Hole Iron Bracket, Short Type (Length 15 mm) Code: PKH061 \u2013 Single-Hole Iron Bracket, Medium Type&hellip;","_links":{"self":[{"href":"https:\/\/thietbichannuoi.com\/en\/wp-json\/wp\/v2\/product\/13303","targetHints":{"allow":["GET"]}}],"collection":[{"href":"https:\/\/thietbichannuoi.com\/en\/wp-json\/wp\/v2\/product"}],"about":[{"href":"https:\/\/thietbichannuoi.com\/en\/wp-json\/wp\/v2\/types\/product"}],"version-history":[{"count":0,"href":"https:\/\/thietbichannuoi.com\/en\/wp-json\/wp\/v2\/product\/13303\/revisions"}],"wp:featuredmedia":[{"embeddable":true,"href":"https:\/\/thietbichannuoi.com\/en\/wp-json\/wp\/v2\/media\/19112"}],"wp:attachment":[{"href":"https:\/\/thietbichannuoi.com\/en\/wp-json\/wp\/v2\/media?parent=13303"}],"wp:term":[{"taxonomy":"product_brand","embeddable":true,"href":"https:\/\/thietbichannuoi.com\/en\/wp-json\/wp\/v2\/product_brand?post=13303"},{"taxonomy":"product_cat","embeddable":true,"href":"https:\/\/thietbichannuoi.com\/en\/wp-json\/wp\/v2\/product_cat?post=13303"},{"taxonomy":"product_tag","embeddable":true,"href":"https:\/\/thietbichannuoi.com\/en\/wp-json\/wp\/v2\/product_tag?post=13303"}],"curies":[{"name":"wp","href":"https:\/\/api.w.org\/{rel}","templated":true}]}}