{"id":13307,"date":"2023-05-27T00:02:20","date_gmt":"2023-05-26T17:02:20","guid":{"rendered":"https:\/\/thietbichannuoi.com\/?post_type=product&#038;p=13307"},"modified":"2025-09-27T14:00:58","modified_gmt":"2025-09-27T07:00:58","slug":"piglets-heating-pad","status":"publish","type":"product","link":"https:\/\/thietbichannuoi.com\/en\/san-pham\/piglets-heating-pad\/","title":{"rendered":"Piglets heating pad"},"content":{"rendered":"<p>Product used for providing warmth to piglets.<\/p>\n<p>The surface has a checkerboard pattern to prevent slipping and improve water drainage.<\/p>\n<p>Used in farrowing pens or nursery pens for piglets.<\/p>\n","protected":false},"excerpt":{"rendered":"<p data-start=\"82\" data-end=\"150\"><strong data-start=\"82\" data-end=\"98\">Code: PKH080<\/strong>\u00a0 Rubber Heating Mat for Piglets WG-868BK (Black)<\/p>\n<ul>\n<li data-start=\"153\" data-end=\"175\"><strong data-start=\"153\" data-end=\"165\">Material<\/strong>: Rubber<\/li>\n<li data-start=\"178\" data-end=\"204\"><strong data-start=\"178\" data-end=\"188\">Weight<\/strong>: 3.8 \u2013 4.0 kg<\/li>\n<li data-start=\"207\" data-end=\"251\"><strong data-start=\"207\" data-end=\"229\">Dimensions (LxWxT)<\/strong>: 900x500x4.5 mm<\/li>\n<\/ul>\n<p data-start=\"253\" data-end=\"309\"><strong data-start=\"253\" data-end=\"269\">Code: PKH081<\/strong>\u00a0 Anti-Slip Rubber Mat WG-701 (Black)<\/p>\n<ul>\n<li data-start=\"312\" data-end=\"334\"><strong data-start=\"312\" data-end=\"324\">Material<\/strong>: Rubber<\/li>\n<li data-start=\"337\" data-end=\"382\"><strong data-start=\"337\" data-end=\"359\">Dimensions (LxWxT)<\/strong>: 1000x1500x15 mm<\/li>\n<\/ul>\n","protected":false},"featured_media":14121,"template":"","meta":{"_uag_custom_page_level_css":"","footnotes":""},"product_brand":[],"product_cat":[312],"product_tag":[],"class_list":{"0":"post-13307","1":"product","2":"type-product","3":"status-publish","4":"has-post-thumbnail","6":"product_cat-other-equipment","8":"first","9":"instock","10":"shipping-taxable","11":"product-type-simple"},"acf":[],"yoast_head":"<!-- This site is optimized with the Yoast SEO Premium plugin v22.9 (Yoast SEO v27.3) - https:\/\/yoast.com\/product\/yoast-seo-premium-wordpress\/ -->\n<title>Piglets heating pad - Thi\u1ebft b\u1ecb ch\u0103n nu\u00f4i<\/title>\n<meta name=\"description\" content=\"Piglets heating pad\" \/>\n<meta name=\"robots\" content=\"index, follow, max-snippet:-1, max-image-preview:large, max-video-preview:-1\" \/>\n<link rel=\"canonical\" href=\"https:\/\/thietbichannuoi.com\/en\/san-pham\/piglets-heating-pad\/\" \/>\n<meta property=\"og:locale\" content=\"en_US\" \/>\n<meta property=\"og:type\" content=\"article\" \/>\n<meta property=\"og:title\" content=\"Piglets heating pad\" \/>\n<meta property=\"og:description\" content=\"Code: PKH080\u00a0 Rubber Heating Mat for Piglets WG-868BK (Black)    Material: Rubber  Weight: 3.8 \u2013 4.0 kg  Dimensions (LxWxT): 900x500x4.5 mm  Code: PKH081\u00a0 Anti-Slip Rubber Mat WG-701 (Black)    Material: Rubber  Dimensions (LxWxT): 1000x1500x15 mm\" \/>\n<meta property=\"og:url\" content=\"https:\/\/thietbichannuoi.com\/en\/san-pham\/piglets-heating-pad\/\" \/>\n<meta property=\"og:site_name\" content=\"Thi\u1ebft b\u1ecb ch\u0103n nu\u00f4i\" \/>\n<meta property=\"article:modified_time\" content=\"2025-09-27T07:00:58+00:00\" \/>\n<meta property=\"og:image\" content=\"https:\/\/thietbichannuoi.com\/wp-content\/uploads\/2017\/10\/IMG_4759-1.jpg\" \/>\n\t<meta property=\"og:image:width\" content=\"1400\" \/>\n\t<meta property=\"og:image:height\" content=\"1200\" \/>\n\t<meta property=\"og:image:type\" content=\"image\/jpeg\" \/>\n<meta name=\"twitter:card\" content=\"summary_large_image\" \/>\n<meta name=\"twitter:label1\" content=\"Est. reading time\" \/>\n\t<meta name=\"twitter:data1\" content=\"1 minute\" \/>\n<!-- \/ Yoast SEO Premium plugin. -->","yoast_head_json":{"title":"Piglets heating pad - Thi\u1ebft b\u1ecb ch\u0103n nu\u00f4i","description":"Piglets heating pad","robots":{"index":"index","follow":"follow","max-snippet":"max-snippet:-1","max-image-preview":"max-image-preview:large","max-video-preview":"max-video-preview:-1"},"canonical":"https:\/\/thietbichannuoi.com\/en\/san-pham\/piglets-heating-pad\/","og_locale":"en_US","og_type":"article","og_title":"Piglets heating pad","og_description":"Code: PKH080\u00a0 Rubber Heating Mat for Piglets WG-868BK (Black)    Material: Rubber  Weight: 3.8 \u2013 4.0 kg  Dimensions (LxWxT): 900x500x4.5 mm  Code: PKH081\u00a0 Anti-Slip Rubber Mat WG-701 (Black)    Material: Rubber  Dimensions (LxWxT): 1000x1500x15 mm","og_url":"https:\/\/thietbichannuoi.com\/en\/san-pham\/piglets-heating-pad\/","og_site_name":"Thi\u1ebft b\u1ecb ch\u0103n nu\u00f4i","article_modified_time":"2025-09-27T07:00:58+00:00","og_image":[{"width":1400,"height":1200,"url":"https:\/\/thietbichannuoi.com\/wp-content\/uploads\/2017\/10\/IMG_4759-1.jpg","type":"image\/jpeg"}],"twitter_card":"summary_large_image","twitter_misc":{"Est. reading time":"1 minute"},"schema":{"@context":"https:\/\/schema.org","@graph":[{"@type":"WebPage","@id":"https:\/\/thietbichannuoi.com\/en\/san-pham\/piglets-heating-pad\/","url":"https:\/\/thietbichannuoi.com\/en\/san-pham\/piglets-heating-pad\/","name":"Piglets heating pad - Thi\u1ebft b\u1ecb ch\u0103n nu\u00f4i","isPartOf":{"@id":"https:\/\/thietbichannuoi.com\/#website"},"primaryImageOfPage":{"@id":"https:\/\/thietbichannuoi.com\/en\/san-pham\/piglets-heating-pad\/#primaryimage"},"image":{"@id":"https:\/\/thietbichannuoi.com\/en\/san-pham\/piglets-heating-pad\/#primaryimage"},"thumbnailUrl":"https:\/\/thietbichannuoi.com\/wp-content\/uploads\/2017\/10\/IMG_4759-1.jpg","datePublished":"2023-05-26T17:02:20+00:00","dateModified":"2025-09-27T07:00:58+00:00","description":"Piglets heating pad","breadcrumb":{"@id":"https:\/\/thietbichannuoi.com\/en\/san-pham\/piglets-heating-pad\/#breadcrumb"},"inLanguage":"en-US","potentialAction":[{"@type":"ReadAction","target":["https:\/\/thietbichannuoi.com\/en\/san-pham\/piglets-heating-pad\/"]}]},{"@type":"ImageObject","inLanguage":"en-US","@id":"https:\/\/thietbichannuoi.com\/en\/san-pham\/piglets-heating-pad\/#primaryimage","url":"https:\/\/thietbichannuoi.com\/wp-content\/uploads\/2017\/10\/IMG_4759-1.jpg","contentUrl":"https:\/\/thietbichannuoi.com\/wp-content\/uploads\/2017\/10\/IMG_4759-1.jpg","width":1400,"height":1200,"caption":"t\u1ea5m-l\u00f3t-\u1ea5m-cho-heo"},{"@type":"BreadcrumbList","@id":"https:\/\/thietbichannuoi.com\/en\/san-pham\/piglets-heating-pad\/#breadcrumb","itemListElement":[{"@type":"ListItem","position":1,"name":"Home","item":"https:\/\/thietbichannuoi.com\/en\/"},{"@type":"ListItem","position":2,"name":"Shop","item":"https:\/\/thietbichannuoi.com\/shop\/"},{"@type":"ListItem","position":3,"name":"Piglets heating pad"}]},{"@type":"WebSite","@id":"https:\/\/thietbichannuoi.com\/#website","url":"https:\/\/thietbichannuoi.com\/","name":"Thi\u1ebft b\u1ecb ch\u0103n nu\u00f4i","description":"S\u1ea3n xu\u1ea5t thi\u1ebft b\u1ecb ch\u0103n nu\u00f4i gia s\u00fac, gia c\u1ea7m v\u00e0 c\u00e1c s\u1ea3n ph\u1ea9m t\u1eeb nh\u1ef1a","publisher":{"@id":"https:\/\/thietbichannuoi.com\/#organization"},"potentialAction":[{"@type":"SearchAction","target":{"@type":"EntryPoint","urlTemplate":"https:\/\/thietbichannuoi.com\/?s={search_term_string}"},"query-input":{"@type":"PropertyValueSpecification","valueRequired":true,"valueName":"search_term_string"}}],"inLanguage":"en-US"},{"@type":"Organization","@id":"https:\/\/thietbichannuoi.com\/#organization","name":"Thi\u1ebft b\u1ecb ch\u0103n nu\u00f4i Minh Ph\u00e1t","url":"https:\/\/thietbichannuoi.com\/","logo":{"@type":"ImageObject","inLanguage":"en-US","@id":"https:\/\/thietbichannuoi.com\/#\/schema\/logo\/image\/","url":"https:\/\/thietbichannuoi.com\/wp-content\/uploads\/2021\/04\/logo-thiet-bi-chan-nuoi.png","contentUrl":"https:\/\/thietbichannuoi.com\/wp-content\/uploads\/2021\/04\/logo-thiet-bi-chan-nuoi.png","width":104,"height":79,"caption":"Thi\u1ebft b\u1ecb ch\u0103n nu\u00f4i Minh Ph\u00e1t"},"image":{"@id":"https:\/\/thietbichannuoi.com\/#\/schema\/logo\/image\/"}}]}},"uagb_featured_image_src":{"full":["https:\/\/thietbichannuoi.com\/wp-content\/uploads\/2017\/10\/IMG_4759-1.jpg",1400,1200,false],"thumbnail":["https:\/\/thietbichannuoi.com\/wp-content\/uploads\/2017\/10\/IMG_4759-1.jpg",150,129,false],"medium":["https:\/\/thietbichannuoi.com\/wp-content\/uploads\/2017\/10\/IMG_4759-1.jpg",300,257,false],"medium_large":["https:\/\/thietbichannuoi.com\/wp-content\/uploads\/2017\/10\/IMG_4759-1.jpg",1400,1200,false],"large":["https:\/\/thietbichannuoi.com\/wp-content\/uploads\/2017\/10\/IMG_4759-1.jpg",800,686,false],"1536x1536":["https:\/\/thietbichannuoi.com\/wp-content\/uploads\/2017\/10\/IMG_4759-1.jpg",1400,1200,false],"2048x2048":["https:\/\/thietbichannuoi.com\/wp-content\/uploads\/2017\/10\/IMG_4759-1.jpg",1400,1200,false],"woocommerce_thumbnail":["https:\/\/thietbichannuoi.com\/wp-content\/uploads\/2017\/10\/IMG_4759-1.jpg",1400,1200,false],"woocommerce_single":["https:\/\/thietbichannuoi.com\/wp-content\/uploads\/2017\/10\/IMG_4759-1.jpg",1400,1200,false],"woocommerce_gallery_thumbnail":["https:\/\/thietbichannuoi.com\/wp-content\/uploads\/2017\/10\/IMG_4759-1-100x100.jpg",100,100,true]},"uagb_author_info":{"display_name":"admin","author_link":"https:\/\/thietbichannuoi.com\/en\/author\/"},"uagb_comment_info":0,"uagb_excerpt":"Code: PKH080\u00a0 Rubber Heating Mat for Piglets WG-868BK (Black) Material: Rubber Weight: 3.8 \u2013 4.0 kg Dimensions (LxWxT): 900x500x4.5 mm Code: PKH081\u00a0 Anti-Slip Rubber Mat WG-701 (Black) Material: Rubber Dimensions (LxWxT): 1000x1500x15 mm","_links":{"self":[{"href":"https:\/\/thietbichannuoi.com\/en\/wp-json\/wp\/v2\/product\/13307","targetHints":{"allow":["GET"]}}],"collection":[{"href":"https:\/\/thietbichannuoi.com\/en\/wp-json\/wp\/v2\/product"}],"about":[{"href":"https:\/\/thietbichannuoi.com\/en\/wp-json\/wp\/v2\/types\/product"}],"version-history":[{"count":0,"href":"https:\/\/thietbichannuoi.com\/en\/wp-json\/wp\/v2\/product\/13307\/revisions"}],"wp:featuredmedia":[{"embeddable":true,"href":"https:\/\/thietbichannuoi.com\/en\/wp-json\/wp\/v2\/media\/14121"}],"wp:attachment":[{"href":"https:\/\/thietbichannuoi.com\/en\/wp-json\/wp\/v2\/media?parent=13307"}],"wp:term":[{"taxonomy":"product_brand","embeddable":true,"href":"https:\/\/thietbichannuoi.com\/en\/wp-json\/wp\/v2\/product_brand?post=13307"},{"taxonomy":"product_cat","embeddable":true,"href":"https:\/\/thietbichannuoi.com\/en\/wp-json\/wp\/v2\/product_cat?post=13307"},{"taxonomy":"product_tag","embeddable":true,"href":"https:\/\/thietbichannuoi.com\/en\/wp-json\/wp\/v2\/product_tag?post=13307"}],"curies":[{"name":"wp","href":"https:\/\/api.w.org\/{rel}","templated":true}]}}