{"id":13327,"date":"2023-05-27T00:37:25","date_gmt":"2023-05-26T17:37:25","guid":{"rendered":"https:\/\/thietbichannuoi.com\/?post_type=product&#038;p=13327"},"modified":"2023-12-20T21:29:01","modified_gmt":"2023-12-20T14:29:01","slug":"electric-cabinet-for-3-phase-4-motors","status":"publish","type":"product","link":"https:\/\/thietbichannuoi.com\/en\/san-pham\/electric-cabinet-for-3-phase-4-motors\/","title":{"rendered":"Electric cabinet for 3-phase, 4 motors."},"content":{"rendered":"","protected":false},"excerpt":{"rendered":"<p><strong>Product code: ATD14-7<\/strong><\/p>\n<ul>\n<li>Control for 4 motors 0.5-2HP, 1 phase<\/li>\n<li>Function: overload protection, automatic operation mode through full and empty sensor detection<\/li>\n<li>Origin: Vietnam<\/li>\n<\/ul>\n","protected":false},"featured_media":12984,"template":"","meta":{"_uag_custom_page_level_css":"","footnotes":""},"product_brand":[],"product_cat":[1040],"product_tag":[],"class_list":{"0":"post-13327","1":"product","2":"type-product","3":"status-publish","4":"has-post-thumbnail","6":"product_cat-silos-feeding-systems","8":"first","9":"instock","10":"shipping-taxable","11":"product-type-simple"},"acf":[],"yoast_head":"<!-- This site is optimized with the Yoast SEO Premium plugin v22.9 (Yoast SEO v27.4) - https:\/\/yoast.com\/product\/yoast-seo-premium-wordpress\/ -->\n<title>Electric cabinet for 3-phase, 4 motors. - Thi\u1ebft b\u1ecb ch\u0103n nu\u00f4i<\/title>\n<meta name=\"description\" content=\"Electric cabinet for 3-phase, Control for 4 motors 0.5-2HP, 1 phaseFunction: overload protection, automatic operation mode through full and empty sensor detection\" \/>\n<meta name=\"robots\" content=\"index, follow, max-snippet:-1, max-image-preview:large, max-video-preview:-1\" \/>\n<link rel=\"canonical\" href=\"https:\/\/thietbichannuoi.com\/en\/san-pham\/electric-cabinet-for-3-phase-4-motors\/\" \/>\n<meta property=\"og:locale\" content=\"en_US\" \/>\n<meta property=\"og:type\" content=\"article\" \/>\n<meta property=\"og:title\" content=\"Electric cabinet for 3-phase, 4 motors.\" \/>\n<meta property=\"og:description\" content=\"Product code: ATD14-7   Control for 4 motors 0.5-2HP, 1 phase  Function: overload protection, automatic operation mode through full and empty sensor detection  Origin: Vietnam\" \/>\n<meta property=\"og:url\" content=\"https:\/\/thietbichannuoi.com\/en\/san-pham\/electric-cabinet-for-3-phase-4-motors\/\" \/>\n<meta property=\"og:site_name\" content=\"Thi\u1ebft b\u1ecb ch\u0103n nu\u00f4i\" \/>\n<meta property=\"article:modified_time\" content=\"2023-12-20T14:29:01+00:00\" \/>\n<meta property=\"og:image\" content=\"https:\/\/thietbichannuoi.com\/wp-content\/uploads\/2023\/05\/Tu-dien-duong-tai-cam-3-phase-4-Motor-01.jpg\" \/>\n\t<meta property=\"og:image:width\" content=\"1400\" \/>\n\t<meta property=\"og:image:height\" content=\"1200\" \/>\n\t<meta property=\"og:image:type\" content=\"image\/jpeg\" \/>\n<meta name=\"twitter:card\" content=\"summary_large_image\" \/>\n<!-- \/ Yoast SEO Premium plugin. -->","yoast_head_json":{"title":"Electric cabinet for 3-phase, 4 motors. - Thi\u1ebft b\u1ecb ch\u0103n nu\u00f4i","description":"Electric cabinet for 3-phase, Control for 4 motors 0.5-2HP, 1 phaseFunction: overload protection, automatic operation mode through full and empty sensor detection","robots":{"index":"index","follow":"follow","max-snippet":"max-snippet:-1","max-image-preview":"max-image-preview:large","max-video-preview":"max-video-preview:-1"},"canonical":"https:\/\/thietbichannuoi.com\/en\/san-pham\/electric-cabinet-for-3-phase-4-motors\/","og_locale":"en_US","og_type":"article","og_title":"Electric cabinet for 3-phase, 4 motors.","og_description":"Product code: ATD14-7   Control for 4 motors 0.5-2HP, 1 phase  Function: overload protection, automatic operation mode through full and empty sensor detection  Origin: Vietnam","og_url":"https:\/\/thietbichannuoi.com\/en\/san-pham\/electric-cabinet-for-3-phase-4-motors\/","og_site_name":"Thi\u1ebft b\u1ecb ch\u0103n nu\u00f4i","article_modified_time":"2023-12-20T14:29:01+00:00","og_image":[{"width":1400,"height":1200,"url":"https:\/\/thietbichannuoi.com\/wp-content\/uploads\/2023\/05\/Tu-dien-duong-tai-cam-3-phase-4-Motor-01.jpg","type":"image\/jpeg"}],"twitter_card":"summary_large_image","schema":{"@context":"https:\/\/schema.org","@graph":[{"@type":"WebPage","@id":"https:\/\/thietbichannuoi.com\/en\/san-pham\/electric-cabinet-for-3-phase-4-motors\/","url":"https:\/\/thietbichannuoi.com\/en\/san-pham\/electric-cabinet-for-3-phase-4-motors\/","name":"Electric cabinet for 3-phase, 4 motors. - Thi\u1ebft b\u1ecb ch\u0103n nu\u00f4i","isPartOf":{"@id":"https:\/\/thietbichannuoi.com\/#website"},"primaryImageOfPage":{"@id":"https:\/\/thietbichannuoi.com\/en\/san-pham\/electric-cabinet-for-3-phase-4-motors\/#primaryimage"},"image":{"@id":"https:\/\/thietbichannuoi.com\/en\/san-pham\/electric-cabinet-for-3-phase-4-motors\/#primaryimage"},"thumbnailUrl":"https:\/\/thietbichannuoi.com\/wp-content\/uploads\/2023\/05\/Tu-dien-duong-tai-cam-3-phase-4-Motor-01.jpg","datePublished":"2023-05-26T17:37:25+00:00","dateModified":"2023-12-20T14:29:01+00:00","description":"Electric cabinet for 3-phase, Control for 4 motors 0.5-2HP, 1 phaseFunction: overload protection, automatic operation mode through full and empty sensor detection","breadcrumb":{"@id":"https:\/\/thietbichannuoi.com\/en\/san-pham\/electric-cabinet-for-3-phase-4-motors\/#breadcrumb"},"inLanguage":"en-US","potentialAction":[{"@type":"ReadAction","target":["https:\/\/thietbichannuoi.com\/en\/san-pham\/electric-cabinet-for-3-phase-4-motors\/"]}]},{"@type":"ImageObject","inLanguage":"en-US","@id":"https:\/\/thietbichannuoi.com\/en\/san-pham\/electric-cabinet-for-3-phase-4-motors\/#primaryimage","url":"https:\/\/thietbichannuoi.com\/wp-content\/uploads\/2023\/05\/Tu-dien-duong-tai-cam-3-phase-4-Motor-01.jpg","contentUrl":"https:\/\/thietbichannuoi.com\/wp-content\/uploads\/2023\/05\/Tu-dien-duong-tai-cam-3-phase-4-Motor-01.jpg","width":1400,"height":1200,"caption":"T\u1ee7-\u0111i\u1ec7n-\u0111\u01b0\u1eddng-t\u1ea3i-c\u00e1m-3-phase,-4-Motor"},{"@type":"BreadcrumbList","@id":"https:\/\/thietbichannuoi.com\/en\/san-pham\/electric-cabinet-for-3-phase-4-motors\/#breadcrumb","itemListElement":[{"@type":"ListItem","position":1,"name":"Home","item":"https:\/\/thietbichannuoi.com\/en\/"},{"@type":"ListItem","position":2,"name":"Shop","item":"https:\/\/thietbichannuoi.com\/shop\/"},{"@type":"ListItem","position":3,"name":"Electric cabinet for 3-phase, 4 motors."}]},{"@type":"WebSite","@id":"https:\/\/thietbichannuoi.com\/#website","url":"https:\/\/thietbichannuoi.com\/","name":"Thi\u1ebft b\u1ecb ch\u0103n nu\u00f4i","description":"S\u1ea3n xu\u1ea5t thi\u1ebft b\u1ecb ch\u0103n nu\u00f4i gia s\u00fac, gia c\u1ea7m v\u00e0 c\u00e1c s\u1ea3n ph\u1ea9m t\u1eeb nh\u1ef1a","publisher":{"@id":"https:\/\/thietbichannuoi.com\/#organization"},"potentialAction":[{"@type":"SearchAction","target":{"@type":"EntryPoint","urlTemplate":"https:\/\/thietbichannuoi.com\/?s={search_term_string}"},"query-input":{"@type":"PropertyValueSpecification","valueRequired":true,"valueName":"search_term_string"}}],"inLanguage":"en-US"},{"@type":"Organization","@id":"https:\/\/thietbichannuoi.com\/#organization","name":"Thi\u1ebft b\u1ecb ch\u0103n nu\u00f4i Minh Ph\u00e1t","url":"https:\/\/thietbichannuoi.com\/","logo":{"@type":"ImageObject","inLanguage":"en-US","@id":"https:\/\/thietbichannuoi.com\/#\/schema\/logo\/image\/","url":"https:\/\/thietbichannuoi.com\/wp-content\/uploads\/2021\/04\/logo-thiet-bi-chan-nuoi.png","contentUrl":"https:\/\/thietbichannuoi.com\/wp-content\/uploads\/2021\/04\/logo-thiet-bi-chan-nuoi.png","width":104,"height":79,"caption":"Thi\u1ebft b\u1ecb ch\u0103n nu\u00f4i Minh Ph\u00e1t"},"image":{"@id":"https:\/\/thietbichannuoi.com\/#\/schema\/logo\/image\/"}}]}},"uagb_featured_image_src":{"full":["https:\/\/thietbichannuoi.com\/wp-content\/uploads\/2023\/05\/Tu-dien-duong-tai-cam-3-phase-4-Motor-01.jpg",1400,1200,false],"thumbnail":["https:\/\/thietbichannuoi.com\/wp-content\/uploads\/2023\/05\/Tu-dien-duong-tai-cam-3-phase-4-Motor-01.jpg",150,129,false],"medium":["https:\/\/thietbichannuoi.com\/wp-content\/uploads\/2023\/05\/Tu-dien-duong-tai-cam-3-phase-4-Motor-01.jpg",300,257,false],"medium_large":["https:\/\/thietbichannuoi.com\/wp-content\/uploads\/2023\/05\/Tu-dien-duong-tai-cam-3-phase-4-Motor-01.jpg",1400,1200,false],"large":["https:\/\/thietbichannuoi.com\/wp-content\/uploads\/2023\/05\/Tu-dien-duong-tai-cam-3-phase-4-Motor-01.jpg",800,686,false],"1536x1536":["https:\/\/thietbichannuoi.com\/wp-content\/uploads\/2023\/05\/Tu-dien-duong-tai-cam-3-phase-4-Motor-01.jpg",1400,1200,false],"2048x2048":["https:\/\/thietbichannuoi.com\/wp-content\/uploads\/2023\/05\/Tu-dien-duong-tai-cam-3-phase-4-Motor-01.jpg",1400,1200,false],"woocommerce_thumbnail":["https:\/\/thietbichannuoi.com\/wp-content\/uploads\/2023\/05\/Tu-dien-duong-tai-cam-3-phase-4-Motor-01.jpg",1400,1200,false],"woocommerce_single":["https:\/\/thietbichannuoi.com\/wp-content\/uploads\/2023\/05\/Tu-dien-duong-tai-cam-3-phase-4-Motor-01.jpg",1400,1200,false],"woocommerce_gallery_thumbnail":["https:\/\/thietbichannuoi.com\/wp-content\/uploads\/2023\/05\/Tu-dien-duong-tai-cam-3-phase-4-Motor-01-100x100.jpg",100,100,true]},"uagb_author_info":{"display_name":"admin","author_link":"https:\/\/thietbichannuoi.com\/en\/author\/"},"uagb_comment_info":0,"uagb_excerpt":"Product code: ATD14-7 Control for 4 motors 0.5-2HP, 1 phase Function: overload protection, automatic operation mode through full and empty sensor detection Origin: Vietnam","_links":{"self":[{"href":"https:\/\/thietbichannuoi.com\/en\/wp-json\/wp\/v2\/product\/13327","targetHints":{"allow":["GET"]}}],"collection":[{"href":"https:\/\/thietbichannuoi.com\/en\/wp-json\/wp\/v2\/product"}],"about":[{"href":"https:\/\/thietbichannuoi.com\/en\/wp-json\/wp\/v2\/types\/product"}],"version-history":[{"count":0,"href":"https:\/\/thietbichannuoi.com\/en\/wp-json\/wp\/v2\/product\/13327\/revisions"}],"wp:featuredmedia":[{"embeddable":true,"href":"https:\/\/thietbichannuoi.com\/en\/wp-json\/wp\/v2\/media\/12984"}],"wp:attachment":[{"href":"https:\/\/thietbichannuoi.com\/en\/wp-json\/wp\/v2\/media?parent=13327"}],"wp:term":[{"taxonomy":"product_brand","embeddable":true,"href":"https:\/\/thietbichannuoi.com\/en\/wp-json\/wp\/v2\/product_brand?post=13327"},{"taxonomy":"product_cat","embeddable":true,"href":"https:\/\/thietbichannuoi.com\/en\/wp-json\/wp\/v2\/product_cat?post=13327"},{"taxonomy":"product_tag","embeddable":true,"href":"https:\/\/thietbichannuoi.com\/en\/wp-json\/wp\/v2\/product_tag?post=13327"}],"curies":[{"name":"wp","href":"https:\/\/api.w.org\/{rel}","templated":true}]}}