{"id":14623,"date":"2023-08-09T20:39:09","date_gmt":"2023-08-09T13:39:09","guid":{"rendered":"https:\/\/thietbichannuoi.com\/?post_type=product&#038;p=14623"},"modified":"2025-09-27T08:21:21","modified_gmt":"2025-09-27T01:21:21","slug":"feeding-trough-for-weaning-piglets-mta140","status":"publish","type":"product","link":"https:\/\/thietbichannuoi.com\/en\/san-pham\/feeding-trough-for-weaning-piglets-mta140\/","title":{"rendered":"Feeding trough for weaning piglets 30kg"},"content":{"rendered":"<p>Plastic weaning piglet feeding trough, designed to be attached to the floor of the sow pen using hook fasteners. This product is used to contain food or milk for piglets. Suitable for raising a quantity of 20 to 30 piglets per trough<\/p>\n","protected":false},"excerpt":{"rendered":"<p><strong>Code: MTA060<\/strong><\/p>\n<ul>\n<li><strong>Material:<\/strong> Plastic, <span class=\"fontstyle0\">Stainless Steel<\/span><\/li>\n<li><strong>Capacity:<\/strong> 30kg<\/li>\n<li><strong>Weight:<\/strong> 5.3kg<\/li>\n<li><strong>Number of Feeding Slots:<\/strong> 12 slots<\/li>\n<li><strong>Total Height<\/strong>: 600mm, Base: 80mm<\/li>\n<li><strong><span class=\"fontstyle0\">Made by: Minh Phat<\/span><\/strong><\/li>\n<\/ul>\n","protected":false},"featured_media":16374,"template":"","meta":{"_uag_custom_page_level_css":"","footnotes":""},"product_brand":[],"product_cat":[300],"product_tag":[],"class_list":{"0":"post-14623","1":"product","2":"type-product","3":"status-publish","4":"has-post-thumbnail","6":"product_cat-trought-for-pig","8":"first","9":"instock","10":"shipping-taxable","11":"product-type-simple"},"acf":[],"yoast_head":"<!-- This site is optimized with the Yoast SEO Premium plugin v22.9 (Yoast SEO v27.3) - https:\/\/yoast.com\/product\/yoast-seo-premium-wordpress\/ -->\n<title>Feeding trough for weaning piglets 30kg - Thi\u1ebft b\u1ecb ch\u0103n nu\u00f4i<\/title>\n<meta name=\"description\" content=\"Plastic weaning piglet feeding trough, designed to be attached to the floor of the sow pen using hook fasteners. Maxi Hopper Pan\" \/>\n<meta name=\"robots\" content=\"index, follow, max-snippet:-1, max-image-preview:large, max-video-preview:-1\" \/>\n<link rel=\"canonical\" href=\"https:\/\/thietbichannuoi.com\/en\/san-pham\/feeding-trough-for-weaning-piglets-mta140\/\" \/>\n<meta property=\"og:locale\" content=\"en_US\" \/>\n<meta property=\"og:type\" content=\"article\" \/>\n<meta property=\"og:title\" content=\"Feeding trough for weaning piglets 30kg\" \/>\n<meta property=\"og:description\" content=\"Code: MTA060   Material: Plastic, Stainless Steel  Capacity: 30kg  Weight: 5.3kg  Number of Feeding Slots: 12 slots  Total Height: 600mm, Base: 80mm  Made by: Minh Phat\" \/>\n<meta property=\"og:url\" content=\"https:\/\/thietbichannuoi.com\/en\/san-pham\/feeding-trough-for-weaning-piglets-mta140\/\" \/>\n<meta property=\"og:site_name\" content=\"Thi\u1ebft b\u1ecb ch\u0103n nu\u00f4i\" \/>\n<meta property=\"article:modified_time\" content=\"2025-09-27T01:21:21+00:00\" \/>\n<meta property=\"og:image\" content=\"https:\/\/thietbichannuoi.com\/wp-content\/uploads\/2023\/09\/mang-cai-sua-02-30kg.jpg\" \/>\n\t<meta property=\"og:image:width\" content=\"1400\" \/>\n\t<meta property=\"og:image:height\" content=\"1200\" \/>\n\t<meta property=\"og:image:type\" content=\"image\/jpeg\" \/>\n<meta name=\"twitter:card\" content=\"summary_large_image\" \/>\n<meta name=\"twitter:label1\" content=\"Est. reading time\" \/>\n\t<meta name=\"twitter:data1\" content=\"1 minute\" \/>\n<!-- \/ Yoast SEO Premium plugin. -->","yoast_head_json":{"title":"Feeding trough for weaning piglets 30kg - Thi\u1ebft b\u1ecb ch\u0103n nu\u00f4i","description":"Plastic weaning piglet feeding trough, designed to be attached to the floor of the sow pen using hook fasteners. Maxi Hopper Pan","robots":{"index":"index","follow":"follow","max-snippet":"max-snippet:-1","max-image-preview":"max-image-preview:large","max-video-preview":"max-video-preview:-1"},"canonical":"https:\/\/thietbichannuoi.com\/en\/san-pham\/feeding-trough-for-weaning-piglets-mta140\/","og_locale":"en_US","og_type":"article","og_title":"Feeding trough for weaning piglets 30kg","og_description":"Code: MTA060   Material: Plastic, Stainless Steel  Capacity: 30kg  Weight: 5.3kg  Number of Feeding Slots: 12 slots  Total Height: 600mm, Base: 80mm  Made by: Minh Phat","og_url":"https:\/\/thietbichannuoi.com\/en\/san-pham\/feeding-trough-for-weaning-piglets-mta140\/","og_site_name":"Thi\u1ebft b\u1ecb ch\u0103n nu\u00f4i","article_modified_time":"2025-09-27T01:21:21+00:00","og_image":[{"width":1400,"height":1200,"url":"https:\/\/thietbichannuoi.com\/wp-content\/uploads\/2023\/09\/mang-cai-sua-02-30kg.jpg","type":"image\/jpeg"}],"twitter_card":"summary_large_image","twitter_misc":{"Est. reading time":"1 minute"},"schema":{"@context":"https:\/\/schema.org","@graph":[{"@type":"WebPage","@id":"https:\/\/thietbichannuoi.com\/en\/san-pham\/feeding-trough-for-weaning-piglets-mta140\/","url":"https:\/\/thietbichannuoi.com\/en\/san-pham\/feeding-trough-for-weaning-piglets-mta140\/","name":"Feeding trough for weaning piglets 30kg - Thi\u1ebft b\u1ecb ch\u0103n nu\u00f4i","isPartOf":{"@id":"https:\/\/thietbichannuoi.com\/#website"},"primaryImageOfPage":{"@id":"https:\/\/thietbichannuoi.com\/en\/san-pham\/feeding-trough-for-weaning-piglets-mta140\/#primaryimage"},"image":{"@id":"https:\/\/thietbichannuoi.com\/en\/san-pham\/feeding-trough-for-weaning-piglets-mta140\/#primaryimage"},"thumbnailUrl":"https:\/\/thietbichannuoi.com\/wp-content\/uploads\/2023\/09\/mang-cai-sua-02-30kg.jpg","datePublished":"2023-08-09T13:39:09+00:00","dateModified":"2025-09-27T01:21:21+00:00","description":"Plastic weaning piglet feeding trough, designed to be attached to the floor of the sow pen using hook fasteners. Maxi Hopper Pan","breadcrumb":{"@id":"https:\/\/thietbichannuoi.com\/en\/san-pham\/feeding-trough-for-weaning-piglets-mta140\/#breadcrumb"},"inLanguage":"en-US","potentialAction":[{"@type":"ReadAction","target":["https:\/\/thietbichannuoi.com\/en\/san-pham\/feeding-trough-for-weaning-piglets-mta140\/"]}]},{"@type":"ImageObject","inLanguage":"en-US","@id":"https:\/\/thietbichannuoi.com\/en\/san-pham\/feeding-trough-for-weaning-piglets-mta140\/#primaryimage","url":"https:\/\/thietbichannuoi.com\/wp-content\/uploads\/2023\/09\/mang-cai-sua-02-30kg.jpg","contentUrl":"https:\/\/thietbichannuoi.com\/wp-content\/uploads\/2023\/09\/mang-cai-sua-02-30kg.jpg","width":1400,"height":1200,"caption":"Weaning piglet feeder"},{"@type":"BreadcrumbList","@id":"https:\/\/thietbichannuoi.com\/en\/san-pham\/feeding-trough-for-weaning-piglets-mta140\/#breadcrumb","itemListElement":[{"@type":"ListItem","position":1,"name":"Home","item":"https:\/\/thietbichannuoi.com\/en\/"},{"@type":"ListItem","position":2,"name":"Shop","item":"https:\/\/thietbichannuoi.com\/shop\/"},{"@type":"ListItem","position":3,"name":"Feeding trough for weaning piglets 30kg"}]},{"@type":"WebSite","@id":"https:\/\/thietbichannuoi.com\/#website","url":"https:\/\/thietbichannuoi.com\/","name":"Thi\u1ebft b\u1ecb ch\u0103n nu\u00f4i","description":"S\u1ea3n xu\u1ea5t thi\u1ebft b\u1ecb ch\u0103n nu\u00f4i gia s\u00fac, gia c\u1ea7m v\u00e0 c\u00e1c s\u1ea3n ph\u1ea9m t\u1eeb nh\u1ef1a","publisher":{"@id":"https:\/\/thietbichannuoi.com\/#organization"},"potentialAction":[{"@type":"SearchAction","target":{"@type":"EntryPoint","urlTemplate":"https:\/\/thietbichannuoi.com\/?s={search_term_string}"},"query-input":{"@type":"PropertyValueSpecification","valueRequired":true,"valueName":"search_term_string"}}],"inLanguage":"en-US"},{"@type":"Organization","@id":"https:\/\/thietbichannuoi.com\/#organization","name":"Thi\u1ebft b\u1ecb ch\u0103n nu\u00f4i Minh Ph\u00e1t","url":"https:\/\/thietbichannuoi.com\/","logo":{"@type":"ImageObject","inLanguage":"en-US","@id":"https:\/\/thietbichannuoi.com\/#\/schema\/logo\/image\/","url":"https:\/\/thietbichannuoi.com\/wp-content\/uploads\/2021\/04\/logo-thiet-bi-chan-nuoi.png","contentUrl":"https:\/\/thietbichannuoi.com\/wp-content\/uploads\/2021\/04\/logo-thiet-bi-chan-nuoi.png","width":104,"height":79,"caption":"Thi\u1ebft b\u1ecb ch\u0103n nu\u00f4i Minh Ph\u00e1t"},"image":{"@id":"https:\/\/thietbichannuoi.com\/#\/schema\/logo\/image\/"}}]}},"uagb_featured_image_src":{"full":["https:\/\/thietbichannuoi.com\/wp-content\/uploads\/2023\/09\/mang-cai-sua-02-30kg.jpg",1400,1200,false],"thumbnail":["https:\/\/thietbichannuoi.com\/wp-content\/uploads\/2023\/09\/mang-cai-sua-02-30kg.jpg",150,129,false],"medium":["https:\/\/thietbichannuoi.com\/wp-content\/uploads\/2023\/09\/mang-cai-sua-02-30kg.jpg",300,257,false],"medium_large":["https:\/\/thietbichannuoi.com\/wp-content\/uploads\/2023\/09\/mang-cai-sua-02-30kg.jpg",1400,1200,false],"large":["https:\/\/thietbichannuoi.com\/wp-content\/uploads\/2023\/09\/mang-cai-sua-02-30kg.jpg",800,686,false],"1536x1536":["https:\/\/thietbichannuoi.com\/wp-content\/uploads\/2023\/09\/mang-cai-sua-02-30kg.jpg",1400,1200,false],"2048x2048":["https:\/\/thietbichannuoi.com\/wp-content\/uploads\/2023\/09\/mang-cai-sua-02-30kg.jpg",1400,1200,false],"woocommerce_thumbnail":["https:\/\/thietbichannuoi.com\/wp-content\/uploads\/2023\/09\/mang-cai-sua-02-30kg.jpg",1400,1200,false],"woocommerce_single":["https:\/\/thietbichannuoi.com\/wp-content\/uploads\/2023\/09\/mang-cai-sua-02-30kg.jpg",1400,1200,false],"woocommerce_gallery_thumbnail":["https:\/\/thietbichannuoi.com\/wp-content\/uploads\/2023\/09\/mang-cai-sua-02-30kg-100x100.jpg",100,100,true]},"uagb_author_info":{"display_name":"admin","author_link":"https:\/\/thietbichannuoi.com\/en\/author\/"},"uagb_comment_info":0,"uagb_excerpt":"Code: MTA060 Material: Plastic, Stainless Steel Capacity: 30kg Weight: 5.3kg Number of Feeding Slots: 12 slots Total Height: 600mm, Base: 80mm Made by: Minh Phat","_links":{"self":[{"href":"https:\/\/thietbichannuoi.com\/en\/wp-json\/wp\/v2\/product\/14623","targetHints":{"allow":["GET"]}}],"collection":[{"href":"https:\/\/thietbichannuoi.com\/en\/wp-json\/wp\/v2\/product"}],"about":[{"href":"https:\/\/thietbichannuoi.com\/en\/wp-json\/wp\/v2\/types\/product"}],"version-history":[{"count":0,"href":"https:\/\/thietbichannuoi.com\/en\/wp-json\/wp\/v2\/product\/14623\/revisions"}],"wp:featuredmedia":[{"embeddable":true,"href":"https:\/\/thietbichannuoi.com\/en\/wp-json\/wp\/v2\/media\/16374"}],"wp:attachment":[{"href":"https:\/\/thietbichannuoi.com\/en\/wp-json\/wp\/v2\/media?parent=14623"}],"wp:term":[{"taxonomy":"product_brand","embeddable":true,"href":"https:\/\/thietbichannuoi.com\/en\/wp-json\/wp\/v2\/product_brand?post=14623"},{"taxonomy":"product_cat","embeddable":true,"href":"https:\/\/thietbichannuoi.com\/en\/wp-json\/wp\/v2\/product_cat?post=14623"},{"taxonomy":"product_tag","embeddable":true,"href":"https:\/\/thietbichannuoi.com\/en\/wp-json\/wp\/v2\/product_tag?post=14623"}],"curies":[{"name":"wp","href":"https:\/\/api.w.org\/{rel}","templated":true}]}}