{"id":14960,"date":"2023-09-05T09:08:59","date_gmt":"2023-09-05T02:08:59","guid":{"rendered":"https:\/\/thietbichannuoi.com\/?post_type=product&#038;p=14960"},"modified":"2025-09-27T14:49:16","modified_gmt":"2025-09-27T07:49:16","slug":"sanitizing-foot-bath","status":"publish","type":"product","link":"https:\/\/thietbichannuoi.com\/en\/san-pham\/sanitizing-foot-bath\/","title":{"rendered":"Sanitizing foot bath"},"content":{"rendered":"<div>GUIDELINES FOR DISINFECTION BEFORE ENTERING THE FARM<\/div>\n<div><iframe src=\"https:\/\/www.youtube.com\/embed\/enWzraYAF6E\" width=\"472\" height=\"840\" frameborder=\"0\" allowfullscreen=\"allowfullscreen\"><\/iframe><\/div>\n<p>Door disinfection pad consists of a rubber tray and a porous mat. The rubber tray is made from thick and durable natural rubber, typically of a solid black variety known for its high resistance to corrosion and exposure to various chemicals. With its black rubber base, you can pour cleaning chemicals into it and place the mat on top. Simply stepping onto it ensures that the shoe soles are thoroughly sanitized. It is effective in resisting and eliminating various types of bacteria and viruses.<\/p>\n<p><strong>HOW TO USE AND MAINTAIN THE MAT<\/strong><\/p>\n<p>Place the porous mat onto the rubber tray, making sure it fits snugly, and position it on a flat surface. To maximize the disinfection capabilities of the mat, you should complement it with an antibacterial disinfectant solution. We recommend using Lysol as the disinfectant. Pour a small amount of the solution and spread it evenly over the mat&#8217;s surface, making sure the entire mat is wet. Then place it at entry points or wherever disinfection is needed. When people step onto it, their shoe soles will be thoroughly disinfected, and all the crevices of their shoes will be treated.<\/p>\n<div>\n<p><img fetchpriority=\"high\" decoding=\"async\" class=\"alignnone wp-image-14003 size-full\" src=\"https:\/\/thietbichannuoi.com\/wp-content\/uploads\/2023\/06\/Khay-sat-trung09.jpg\" alt=\"\" width=\"1400\" height=\"1200\" srcset=\"https:\/\/thietbichannuoi.com\/wp-content\/uploads\/2023\/06\/Khay-sat-trung09.jpg 1400w, https:\/\/thietbichannuoi.com\/wp-content\/uploads\/2023\/06\/Khay-sat-trung09-300x257.jpg 300w, https:\/\/thietbichannuoi.com\/wp-content\/uploads\/2023\/06\/Khay-sat-trung09-1024x878.jpg 1024w, https:\/\/thietbichannuoi.com\/wp-content\/uploads\/2023\/06\/Khay-sat-trung09-150x129.jpg 150w\" sizes=\"(max-width: 1400px) 100vw, 1400px\" \/><\/p>\n<p><strong>USE WITH COMMON DISINFECTANTS<\/strong><\/p>\n<ul>\n<li>Do not use with strong chemicals or harsh cleaning agents; only use with recommended disinfectant solutions.<\/li>\n<li>Lysol is an American disinfectant solution that is highly suitable for use with this mat due to its effective bactericidal properties, stability, environmental suitability, and health assurance. It is widely used in manufacturing environments, healthcare settings, schools, and hospitals.<\/li>\n<\/ul>\n<p><strong>ADVANTAGES OF THE MAT:<\/strong><\/p>\n<ul>\n<li>Easy to clean<\/li>\n<li>Beautiful and elegant design<\/li>\n<li>Compatible with various disinfectant and sanitizing solutions<\/li>\n<li>Eliminates bacteria, viruses, and pathogens<\/li>\n<\/ul>\n<p><strong>APPLICATIONS OF THE MAT:<\/strong><\/p>\n<ul>\n<li>Livestock farming, poultry farming<\/li>\n<li>Manufacturing companies in the industrial sector<\/li>\n<li>Food processing plants<\/li>\n<li>Environmental cleaning and sanitation companies<\/li>\n<li>Buildings, apartments, office spaces<\/li>\n<li>Schools, hospitals, healthcare facilities<\/li>\n<li>Medical care centers<\/li>\n<li>Restaurants, hotels, eateries<\/li>\n<li>Residential homes, workshops<\/li>\n<\/ul>\n<\/div>\n","protected":false},"excerpt":{"rendered":"<p><strong>Code:<\/strong> <strong>DCTY020<\/strong><\/p>\n<ul>\n<li><strong>Material:<\/strong> Rubber<\/li>\n<li><strong>Dimensions (LxWxH):<\/strong> 920x720x45 (mm)<\/li>\n<li><strong>Weight:<\/strong> 8.3kg<\/li>\n<\/ul>\n<p><strong>Including:<\/strong> Rubber sole and mat<\/p>\n","protected":false},"featured_media":16213,"template":"","meta":{"_uag_custom_page_level_css":"","footnotes":""},"product_brand":[],"product_cat":[338],"product_tag":[],"class_list":{"0":"post-14960","1":"product","2":"type-product","3":"status-publish","4":"has-post-thumbnail","6":"product_cat-vetenirary-intruments","8":"first","9":"instock","10":"shipping-taxable","11":"product-type-simple"},"acf":[],"yoast_head":"<!-- This site is optimized with the Yoast SEO Premium plugin v22.9 (Yoast SEO v27.3) - https:\/\/yoast.com\/product\/yoast-seo-premium-wordpress\/ -->\n<title>Sanitizing foot bath - Thi\u1ebft b\u1ecb ch\u0103n nu\u00f4i<\/title>\n<meta name=\"description\" content=\"Door disinfection pad\" \/>\n<meta name=\"robots\" content=\"index, follow, max-snippet:-1, max-image-preview:large, max-video-preview:-1\" \/>\n<link rel=\"canonical\" href=\"https:\/\/thietbichannuoi.com\/en\/san-pham\/sanitizing-foot-bath\/\" \/>\n<meta property=\"og:locale\" content=\"en_US\" \/>\n<meta property=\"og:type\" content=\"article\" \/>\n<meta property=\"og:title\" content=\"Sanitizing foot bath\" \/>\n<meta property=\"og:description\" content=\"Code: DCTY020   Material: Rubber  Dimensions (LxWxH): 920x720x45 (mm)  Weight: 8.3kg  Including: Rubber sole and mat\" \/>\n<meta property=\"og:url\" content=\"https:\/\/thietbichannuoi.com\/en\/san-pham\/sanitizing-foot-bath\/\" \/>\n<meta property=\"og:site_name\" content=\"Thi\u1ebft b\u1ecb ch\u0103n nu\u00f4i\" \/>\n<meta property=\"article:modified_time\" content=\"2025-09-27T07:49:16+00:00\" \/>\n<meta property=\"og:image\" content=\"https:\/\/thietbichannuoi.com\/wp-content\/uploads\/2023\/06\/Bo-Khay-sat-trung07.jpg\" \/>\n\t<meta property=\"og:image:width\" content=\"1400\" \/>\n\t<meta property=\"og:image:height\" content=\"1200\" \/>\n\t<meta property=\"og:image:type\" content=\"image\/jpeg\" \/>\n<meta name=\"twitter:card\" content=\"summary_large_image\" \/>\n<meta name=\"twitter:label1\" content=\"Est. reading time\" \/>\n\t<meta name=\"twitter:data1\" content=\"3 minutes\" \/>\n<!-- \/ Yoast SEO Premium plugin. -->","yoast_head_json":{"title":"Sanitizing foot bath - Thi\u1ebft b\u1ecb ch\u0103n nu\u00f4i","description":"Door disinfection pad","robots":{"index":"index","follow":"follow","max-snippet":"max-snippet:-1","max-image-preview":"max-image-preview:large","max-video-preview":"max-video-preview:-1"},"canonical":"https:\/\/thietbichannuoi.com\/en\/san-pham\/sanitizing-foot-bath\/","og_locale":"en_US","og_type":"article","og_title":"Sanitizing foot bath","og_description":"Code: DCTY020   Material: Rubber  Dimensions (LxWxH): 920x720x45 (mm)  Weight: 8.3kg  Including: Rubber sole and mat","og_url":"https:\/\/thietbichannuoi.com\/en\/san-pham\/sanitizing-foot-bath\/","og_site_name":"Thi\u1ebft b\u1ecb ch\u0103n nu\u00f4i","article_modified_time":"2025-09-27T07:49:16+00:00","og_image":[{"width":1400,"height":1200,"url":"https:\/\/thietbichannuoi.com\/wp-content\/uploads\/2023\/06\/Bo-Khay-sat-trung07.jpg","type":"image\/jpeg"}],"twitter_card":"summary_large_image","twitter_misc":{"Est. reading time":"3 minutes"},"schema":{"@context":"https:\/\/schema.org","@graph":[{"@type":"WebPage","@id":"https:\/\/thietbichannuoi.com\/en\/san-pham\/sanitizing-foot-bath\/","url":"https:\/\/thietbichannuoi.com\/en\/san-pham\/sanitizing-foot-bath\/","name":"Sanitizing foot bath - Thi\u1ebft b\u1ecb ch\u0103n nu\u00f4i","isPartOf":{"@id":"https:\/\/thietbichannuoi.com\/#website"},"primaryImageOfPage":{"@id":"https:\/\/thietbichannuoi.com\/en\/san-pham\/sanitizing-foot-bath\/#primaryimage"},"image":{"@id":"https:\/\/thietbichannuoi.com\/en\/san-pham\/sanitizing-foot-bath\/#primaryimage"},"thumbnailUrl":"https:\/\/thietbichannuoi.com\/wp-content\/uploads\/2023\/06\/Bo-Khay-sat-trung07.jpg","datePublished":"2023-09-05T02:08:59+00:00","dateModified":"2025-09-27T07:49:16+00:00","description":"Door disinfection pad","breadcrumb":{"@id":"https:\/\/thietbichannuoi.com\/en\/san-pham\/sanitizing-foot-bath\/#breadcrumb"},"inLanguage":"en-US","potentialAction":[{"@type":"ReadAction","target":["https:\/\/thietbichannuoi.com\/en\/san-pham\/sanitizing-foot-bath\/"]}]},{"@type":"ImageObject","inLanguage":"en-US","@id":"https:\/\/thietbichannuoi.com\/en\/san-pham\/sanitizing-foot-bath\/#primaryimage","url":"https:\/\/thietbichannuoi.com\/wp-content\/uploads\/2023\/06\/Bo-Khay-sat-trung07.jpg","contentUrl":"https:\/\/thietbichannuoi.com\/wp-content\/uploads\/2023\/06\/Bo-Khay-sat-trung07.jpg","width":1400,"height":1200,"caption":"B\u1ed9 Khay s\u00e1t tr\u00f9ng"},{"@type":"BreadcrumbList","@id":"https:\/\/thietbichannuoi.com\/en\/san-pham\/sanitizing-foot-bath\/#breadcrumb","itemListElement":[{"@type":"ListItem","position":1,"name":"Home","item":"https:\/\/thietbichannuoi.com\/en\/"},{"@type":"ListItem","position":2,"name":"Shop","item":"https:\/\/thietbichannuoi.com\/shop\/"},{"@type":"ListItem","position":3,"name":"Sanitizing foot bath"}]},{"@type":"WebSite","@id":"https:\/\/thietbichannuoi.com\/#website","url":"https:\/\/thietbichannuoi.com\/","name":"Thi\u1ebft b\u1ecb ch\u0103n nu\u00f4i","description":"S\u1ea3n xu\u1ea5t thi\u1ebft b\u1ecb ch\u0103n nu\u00f4i gia s\u00fac, gia c\u1ea7m v\u00e0 c\u00e1c s\u1ea3n ph\u1ea9m t\u1eeb nh\u1ef1a","publisher":{"@id":"https:\/\/thietbichannuoi.com\/#organization"},"potentialAction":[{"@type":"SearchAction","target":{"@type":"EntryPoint","urlTemplate":"https:\/\/thietbichannuoi.com\/?s={search_term_string}"},"query-input":{"@type":"PropertyValueSpecification","valueRequired":true,"valueName":"search_term_string"}}],"inLanguage":"en-US"},{"@type":"Organization","@id":"https:\/\/thietbichannuoi.com\/#organization","name":"Thi\u1ebft b\u1ecb ch\u0103n nu\u00f4i Minh Ph\u00e1t","url":"https:\/\/thietbichannuoi.com\/","logo":{"@type":"ImageObject","inLanguage":"en-US","@id":"https:\/\/thietbichannuoi.com\/#\/schema\/logo\/image\/","url":"https:\/\/thietbichannuoi.com\/wp-content\/uploads\/2021\/04\/logo-thiet-bi-chan-nuoi.png","contentUrl":"https:\/\/thietbichannuoi.com\/wp-content\/uploads\/2021\/04\/logo-thiet-bi-chan-nuoi.png","width":104,"height":79,"caption":"Thi\u1ebft b\u1ecb ch\u0103n nu\u00f4i Minh Ph\u00e1t"},"image":{"@id":"https:\/\/thietbichannuoi.com\/#\/schema\/logo\/image\/"}}]}},"uagb_featured_image_src":{"full":["https:\/\/thietbichannuoi.com\/wp-content\/uploads\/2023\/06\/Bo-Khay-sat-trung07.jpg",1400,1200,false],"thumbnail":["https:\/\/thietbichannuoi.com\/wp-content\/uploads\/2023\/06\/Bo-Khay-sat-trung07.jpg",150,129,false],"medium":["https:\/\/thietbichannuoi.com\/wp-content\/uploads\/2023\/06\/Bo-Khay-sat-trung07.jpg",300,257,false],"medium_large":["https:\/\/thietbichannuoi.com\/wp-content\/uploads\/2023\/06\/Bo-Khay-sat-trung07.jpg",1400,1200,false],"large":["https:\/\/thietbichannuoi.com\/wp-content\/uploads\/2023\/06\/Bo-Khay-sat-trung07.jpg",800,686,false],"1536x1536":["https:\/\/thietbichannuoi.com\/wp-content\/uploads\/2023\/06\/Bo-Khay-sat-trung07.jpg",1400,1200,false],"2048x2048":["https:\/\/thietbichannuoi.com\/wp-content\/uploads\/2023\/06\/Bo-Khay-sat-trung07.jpg",1400,1200,false],"woocommerce_thumbnail":["https:\/\/thietbichannuoi.com\/wp-content\/uploads\/2023\/06\/Bo-Khay-sat-trung07.jpg",1400,1200,false],"woocommerce_single":["https:\/\/thietbichannuoi.com\/wp-content\/uploads\/2023\/06\/Bo-Khay-sat-trung07.jpg",1400,1200,false],"woocommerce_gallery_thumbnail":["https:\/\/thietbichannuoi.com\/wp-content\/uploads\/2023\/06\/Bo-Khay-sat-trung07-100x100.jpg",100,100,true]},"uagb_author_info":{"display_name":"admin","author_link":"https:\/\/thietbichannuoi.com\/en\/author\/"},"uagb_comment_info":0,"uagb_excerpt":"Code: DCTY020 Material: Rubber Dimensions (LxWxH): 920x720x45 (mm) Weight: 8.3kg Including: Rubber sole and mat","_links":{"self":[{"href":"https:\/\/thietbichannuoi.com\/en\/wp-json\/wp\/v2\/product\/14960","targetHints":{"allow":["GET"]}}],"collection":[{"href":"https:\/\/thietbichannuoi.com\/en\/wp-json\/wp\/v2\/product"}],"about":[{"href":"https:\/\/thietbichannuoi.com\/en\/wp-json\/wp\/v2\/types\/product"}],"version-history":[{"count":0,"href":"https:\/\/thietbichannuoi.com\/en\/wp-json\/wp\/v2\/product\/14960\/revisions"}],"wp:featuredmedia":[{"embeddable":true,"href":"https:\/\/thietbichannuoi.com\/en\/wp-json\/wp\/v2\/media\/16213"}],"wp:attachment":[{"href":"https:\/\/thietbichannuoi.com\/en\/wp-json\/wp\/v2\/media?parent=14960"}],"wp:term":[{"taxonomy":"product_brand","embeddable":true,"href":"https:\/\/thietbichannuoi.com\/en\/wp-json\/wp\/v2\/product_brand?post=14960"},{"taxonomy":"product_cat","embeddable":true,"href":"https:\/\/thietbichannuoi.com\/en\/wp-json\/wp\/v2\/product_cat?post=14960"},{"taxonomy":"product_tag","embeddable":true,"href":"https:\/\/thietbichannuoi.com\/en\/wp-json\/wp\/v2\/product_tag?post=14960"}],"curies":[{"name":"wp","href":"https:\/\/api.w.org\/{rel}","templated":true}]}}