{"id":14978,"date":"2023-09-05T09:43:46","date_gmt":"2023-09-05T02:43:46","guid":{"rendered":"https:\/\/thietbichannuoi.com\/?post_type=product&#038;p=14978"},"modified":"2025-09-26T09:16:34","modified_gmt":"2025-09-26T02:16:34","slug":"feeding-trough-for-sows-long-type","status":"publish","type":"product","link":"https:\/\/thietbichannuoi.com\/en\/san-pham\/feeding-trough-for-sows-long-type\/","title":{"rendered":"Feeding trough for sows (long type)"},"content":{"rendered":"<p>Minh Phat Huy&#8217;s long stainless steel sow feeder is specially designed to meet the feeding needs of sows, especially in large-scale farms. Made of high-quality stainless steel, the trough is durable, rust-proof and easy to clean, ensuring food safety. The long design helps sows eat comfortably, reduces spillage, saves feed and maintains barn hygiene. The product is suitable for both pregnant sows and nursing sows, helping to effectively manage rations, improve herd health and optimize farming performance.<img fetchpriority=\"high\" decoding=\"async\" class=\"alignnone wp-image-14373 size-full\" src=\"https:\/\/thietbichannuoi.com\/wp-content\/uploads\/2023\/07\/MNAI06.jpg\" alt=\"M\u00e1ng Heo n\u00e1i (Lo\u1ea1i d\u00e0i)\" width=\"2560\" height=\"1920\" srcset=\"https:\/\/thietbichannuoi.com\/wp-content\/uploads\/2023\/07\/MNAI06.jpg 2560w, https:\/\/thietbichannuoi.com\/wp-content\/uploads\/2023\/07\/MNAI06-300x225.jpg 300w, https:\/\/thietbichannuoi.com\/wp-content\/uploads\/2023\/07\/MNAI06-1024x768.jpg 1024w, https:\/\/thietbichannuoi.com\/wp-content\/uploads\/2023\/07\/MNAI06-150x113.jpg 150w, https:\/\/thietbichannuoi.com\/wp-content\/uploads\/2023\/07\/MNAI06-1536x1152.jpg 1536w, https:\/\/thietbichannuoi.com\/wp-content\/uploads\/2023\/07\/MNAI06-2048x1536.jpg 2048w\" sizes=\"(max-width: 2560px) 100vw, 2560px\" \/><\/p>\n","protected":false},"excerpt":{"rendered":"<p><strong>Code: MNAI031<\/strong><\/p>\n<ul>\n<li><strong>Dimensions (LxWxH):<\/strong> 98x250x25000(mm)<\/li>\n<li><strong>Thickness:<\/strong> 1.2 mm \u00b1 0.05<\/li>\n<li><strong>Material:<\/strong> Stainless Steel 304<\/li>\n<\/ul>\n<p><strong>Code: MNAI032<\/strong><\/p>\n<ul>\n<li><strong>Dimensions (LxWxH):<\/strong> 98x250x25000(mm)<\/li>\n<li><strong>Thickness:<\/strong> 1 mm \u00b1 0.05<\/li>\n<li><strong>Material:<\/strong> Stainless Steel 304<\/li>\n<\/ul>\n<p><strong>Code: MNAI031<\/strong><\/p>\n<ul>\n<li><strong>Dimensions (LxWxH):<\/strong> 98x250x25000(mm)<\/li>\n<li><strong>Thickness:<\/strong> 1 mm \u00b1 0.05<\/li>\n<li><strong>Material:<\/strong> Stainless Steel 201<\/li>\n<\/ul>\n","protected":false},"featured_media":20846,"template":"","meta":{"_uag_custom_page_level_css":"","footnotes":""},"product_brand":[],"product_cat":[1297],"product_tag":[],"class_list":{"0":"post-14978","1":"product","2":"type-product","3":"status-publish","4":"has-post-thumbnail","6":"product_cat-sow-feeder","8":"first","9":"instock","10":"shipping-taxable","11":"product-type-simple"},"acf":[],"yoast_head":"<!-- This site is optimized with the Yoast SEO Premium plugin v22.9 (Yoast SEO v27.3) - https:\/\/yoast.com\/product\/yoast-seo-premium-wordpress\/ -->\n<title>Feeding trough for sows (long type) - Thi\u1ebft b\u1ecb ch\u0103n nu\u00f4i<\/title>\n<meta name=\"description\" content=\"Feeding trough for sows (long type)\" \/>\n<meta name=\"robots\" content=\"index, follow, max-snippet:-1, max-image-preview:large, max-video-preview:-1\" \/>\n<link rel=\"canonical\" href=\"https:\/\/thietbichannuoi.com\/en\/san-pham\/feeding-trough-for-sows-long-type\/\" \/>\n<meta property=\"og:locale\" content=\"en_US\" \/>\n<meta property=\"og:type\" content=\"article\" \/>\n<meta property=\"og:title\" content=\"Feeding trough for sows (long type)\" \/>\n<meta property=\"og:description\" content=\"Code: MNAI031   Dimensions (LxWxH): 98x250x25000(mm)  Thickness: 1.2 mm \u00b1 0.05  Material: Stainless Steel 304  Code: MNAI032   Dimensions (LxWxH): 98x250x25000(mm)  Thickness: 1 mm \u00b1 0.05  Material: Stainless Steel 304  Code: MNAI031   Dimensions (LxWxH): 98x250x25000(mm)  Thickness: 1 mm \u00b1 0.05  Material: Stainless Steel 201\" \/>\n<meta property=\"og:url\" content=\"https:\/\/thietbichannuoi.com\/en\/san-pham\/feeding-trough-for-sows-long-type\/\" \/>\n<meta property=\"og:site_name\" content=\"Thi\u1ebft b\u1ecb ch\u0103n nu\u00f4i\" \/>\n<meta property=\"article:modified_time\" content=\"2025-09-26T02:16:34+00:00\" \/>\n<meta property=\"og:image\" content=\"https:\/\/thietbichannuoi.com\/wp-content\/uploads\/2023\/07\/Mang-Heo-nai-Loai-dai-1.jpg\" \/>\n\t<meta property=\"og:image:width\" content=\"1400\" \/>\n\t<meta property=\"og:image:height\" content=\"1200\" \/>\n\t<meta property=\"og:image:type\" content=\"image\/jpeg\" \/>\n<meta name=\"twitter:card\" content=\"summary_large_image\" \/>\n<meta name=\"twitter:label1\" content=\"Est. reading time\" \/>\n\t<meta name=\"twitter:data1\" content=\"1 minute\" \/>\n<!-- \/ Yoast SEO Premium plugin. -->","yoast_head_json":{"title":"Feeding trough for sows (long type) - Thi\u1ebft b\u1ecb ch\u0103n nu\u00f4i","description":"Feeding trough for sows (long type)","robots":{"index":"index","follow":"follow","max-snippet":"max-snippet:-1","max-image-preview":"max-image-preview:large","max-video-preview":"max-video-preview:-1"},"canonical":"https:\/\/thietbichannuoi.com\/en\/san-pham\/feeding-trough-for-sows-long-type\/","og_locale":"en_US","og_type":"article","og_title":"Feeding trough for sows (long type)","og_description":"Code: MNAI031   Dimensions (LxWxH): 98x250x25000(mm)  Thickness: 1.2 mm \u00b1 0.05  Material: Stainless Steel 304  Code: MNAI032   Dimensions (LxWxH): 98x250x25000(mm)  Thickness: 1 mm \u00b1 0.05  Material: Stainless Steel 304  Code: MNAI031   Dimensions (LxWxH): 98x250x25000(mm)  Thickness: 1 mm \u00b1 0.05  Material: Stainless Steel 201","og_url":"https:\/\/thietbichannuoi.com\/en\/san-pham\/feeding-trough-for-sows-long-type\/","og_site_name":"Thi\u1ebft b\u1ecb ch\u0103n nu\u00f4i","article_modified_time":"2025-09-26T02:16:34+00:00","og_image":[{"width":1400,"height":1200,"url":"https:\/\/thietbichannuoi.com\/wp-content\/uploads\/2023\/07\/Mang-Heo-nai-Loai-dai-1.jpg","type":"image\/jpeg"}],"twitter_card":"summary_large_image","twitter_misc":{"Est. reading time":"1 minute"},"schema":{"@context":"https:\/\/schema.org","@graph":[{"@type":"WebPage","@id":"https:\/\/thietbichannuoi.com\/en\/san-pham\/feeding-trough-for-sows-long-type\/","url":"https:\/\/thietbichannuoi.com\/en\/san-pham\/feeding-trough-for-sows-long-type\/","name":"Feeding trough for sows (long type) - Thi\u1ebft b\u1ecb ch\u0103n nu\u00f4i","isPartOf":{"@id":"https:\/\/thietbichannuoi.com\/#website"},"primaryImageOfPage":{"@id":"https:\/\/thietbichannuoi.com\/en\/san-pham\/feeding-trough-for-sows-long-type\/#primaryimage"},"image":{"@id":"https:\/\/thietbichannuoi.com\/en\/san-pham\/feeding-trough-for-sows-long-type\/#primaryimage"},"thumbnailUrl":"https:\/\/thietbichannuoi.com\/wp-content\/uploads\/2023\/07\/Mang-Heo-nai-Loai-dai-2.jpg","datePublished":"2023-09-05T02:43:46+00:00","dateModified":"2025-09-26T02:16:34+00:00","description":"Feeding trough for sows (long type)","breadcrumb":{"@id":"https:\/\/thietbichannuoi.com\/en\/san-pham\/feeding-trough-for-sows-long-type\/#breadcrumb"},"inLanguage":"en-US","potentialAction":[{"@type":"ReadAction","target":["https:\/\/thietbichannuoi.com\/en\/san-pham\/feeding-trough-for-sows-long-type\/"]}]},{"@type":"ImageObject","inLanguage":"en-US","@id":"https:\/\/thietbichannuoi.com\/en\/san-pham\/feeding-trough-for-sows-long-type\/#primaryimage","url":"https:\/\/thietbichannuoi.com\/wp-content\/uploads\/2023\/07\/Mang-Heo-nai-Loai-dai-2.jpg","contentUrl":"https:\/\/thietbichannuoi.com\/wp-content\/uploads\/2023\/07\/Mang-Heo-nai-Loai-dai-2.jpg","width":1400,"height":1200,"caption":"M\u00e1ng-Heo-n\u00e1i-(Lo\u1ea1i-d\u00e0i)"},{"@type":"BreadcrumbList","@id":"https:\/\/thietbichannuoi.com\/en\/san-pham\/feeding-trough-for-sows-long-type\/#breadcrumb","itemListElement":[{"@type":"ListItem","position":1,"name":"Home","item":"https:\/\/thietbichannuoi.com\/en\/"},{"@type":"ListItem","position":2,"name":"Shop","item":"https:\/\/thietbichannuoi.com\/shop\/"},{"@type":"ListItem","position":3,"name":"Feeding trough for sows (long type)"}]},{"@type":"WebSite","@id":"https:\/\/thietbichannuoi.com\/#website","url":"https:\/\/thietbichannuoi.com\/","name":"Thi\u1ebft b\u1ecb ch\u0103n nu\u00f4i","description":"S\u1ea3n xu\u1ea5t thi\u1ebft b\u1ecb ch\u0103n nu\u00f4i gia s\u00fac, gia c\u1ea7m v\u00e0 c\u00e1c s\u1ea3n ph\u1ea9m t\u1eeb nh\u1ef1a","publisher":{"@id":"https:\/\/thietbichannuoi.com\/#organization"},"potentialAction":[{"@type":"SearchAction","target":{"@type":"EntryPoint","urlTemplate":"https:\/\/thietbichannuoi.com\/?s={search_term_string}"},"query-input":{"@type":"PropertyValueSpecification","valueRequired":true,"valueName":"search_term_string"}}],"inLanguage":"en-US"},{"@type":"Organization","@id":"https:\/\/thietbichannuoi.com\/#organization","name":"Thi\u1ebft b\u1ecb ch\u0103n nu\u00f4i Minh Ph\u00e1t","url":"https:\/\/thietbichannuoi.com\/","logo":{"@type":"ImageObject","inLanguage":"en-US","@id":"https:\/\/thietbichannuoi.com\/#\/schema\/logo\/image\/","url":"https:\/\/thietbichannuoi.com\/wp-content\/uploads\/2021\/04\/logo-thiet-bi-chan-nuoi.png","contentUrl":"https:\/\/thietbichannuoi.com\/wp-content\/uploads\/2021\/04\/logo-thiet-bi-chan-nuoi.png","width":104,"height":79,"caption":"Thi\u1ebft b\u1ecb ch\u0103n nu\u00f4i Minh Ph\u00e1t"},"image":{"@id":"https:\/\/thietbichannuoi.com\/#\/schema\/logo\/image\/"}}]}},"uagb_featured_image_src":{"full":["https:\/\/thietbichannuoi.com\/wp-content\/uploads\/2023\/07\/Mang-Heo-nai-Loai-dai-2.jpg",1400,1200,false],"thumbnail":["https:\/\/thietbichannuoi.com\/wp-content\/uploads\/2023\/07\/Mang-Heo-nai-Loai-dai-2.jpg",150,129,false],"medium":["https:\/\/thietbichannuoi.com\/wp-content\/uploads\/2023\/07\/Mang-Heo-nai-Loai-dai-2.jpg",300,257,false],"medium_large":["https:\/\/thietbichannuoi.com\/wp-content\/uploads\/2023\/07\/Mang-Heo-nai-Loai-dai-2.jpg",1400,1200,false],"large":["https:\/\/thietbichannuoi.com\/wp-content\/uploads\/2023\/07\/Mang-Heo-nai-Loai-dai-2.jpg",800,686,false],"1536x1536":["https:\/\/thietbichannuoi.com\/wp-content\/uploads\/2023\/07\/Mang-Heo-nai-Loai-dai-2.jpg",1400,1200,false],"2048x2048":["https:\/\/thietbichannuoi.com\/wp-content\/uploads\/2023\/07\/Mang-Heo-nai-Loai-dai-2.jpg",1400,1200,false],"woocommerce_thumbnail":["https:\/\/thietbichannuoi.com\/wp-content\/uploads\/2023\/07\/Mang-Heo-nai-Loai-dai-2.jpg",1400,1200,false],"woocommerce_single":["https:\/\/thietbichannuoi.com\/wp-content\/uploads\/2023\/07\/Mang-Heo-nai-Loai-dai-2.jpg",1400,1200,false],"woocommerce_gallery_thumbnail":["https:\/\/thietbichannuoi.com\/wp-content\/uploads\/2023\/07\/Mang-Heo-nai-Loai-dai-2-100x100.jpg",100,100,true]},"uagb_author_info":{"display_name":"admin","author_link":"https:\/\/thietbichannuoi.com\/en\/author\/"},"uagb_comment_info":0,"uagb_excerpt":"Code: MNAI031 Dimensions (LxWxH): 98x250x25000(mm) Thickness: 1.2 mm \u00b1 0.05 Material: Stainless Steel 304 Code: MNAI032 Dimensions (LxWxH): 98x250x25000(mm) Thickness: 1 mm \u00b1 0.05 Material: Stainless Steel 304 Code: MNAI031 Dimensions (LxWxH): 98x250x25000(mm) Thickness: 1 mm \u00b1 0.05 Material: Stainless Steel 201","_links":{"self":[{"href":"https:\/\/thietbichannuoi.com\/en\/wp-json\/wp\/v2\/product\/14978","targetHints":{"allow":["GET"]}}],"collection":[{"href":"https:\/\/thietbichannuoi.com\/en\/wp-json\/wp\/v2\/product"}],"about":[{"href":"https:\/\/thietbichannuoi.com\/en\/wp-json\/wp\/v2\/types\/product"}],"version-history":[{"count":0,"href":"https:\/\/thietbichannuoi.com\/en\/wp-json\/wp\/v2\/product\/14978\/revisions"}],"wp:featuredmedia":[{"embeddable":true,"href":"https:\/\/thietbichannuoi.com\/en\/wp-json\/wp\/v2\/media\/20846"}],"wp:attachment":[{"href":"https:\/\/thietbichannuoi.com\/en\/wp-json\/wp\/v2\/media?parent=14978"}],"wp:term":[{"taxonomy":"product_brand","embeddable":true,"href":"https:\/\/thietbichannuoi.com\/en\/wp-json\/wp\/v2\/product_brand?post=14978"},{"taxonomy":"product_cat","embeddable":true,"href":"https:\/\/thietbichannuoi.com\/en\/wp-json\/wp\/v2\/product_cat?post=14978"},{"taxonomy":"product_tag","embeddable":true,"href":"https:\/\/thietbichannuoi.com\/en\/wp-json\/wp\/v2\/product_tag?post=14978"}],"curies":[{"name":"wp","href":"https:\/\/api.w.org\/{rel}","templated":true}]}}