{"id":14983,"date":"2023-09-05T09:50:14","date_gmt":"2023-09-05T02:50:14","guid":{"rendered":"https:\/\/thietbichannuoi.com\/?post_type=product&#038;p=14983"},"modified":"2025-10-01T08:53:57","modified_gmt":"2025-10-01T01:53:57","slug":"automatic-feeder-for-chickens","status":"publish","type":"product","link":"https:\/\/thietbichannuoi.com\/en\/san-pham\/automatic-feeder-for-chickens\/","title":{"rendered":"Automatic feeder pan for chickens"},"content":{"rendered":"<p>Automatic feeder pan for poultry chickens<\/p>\n<p>A significant advancement in poultry feeding, the new generation feeder trough makes it easy for chickens to access food without wastage. Furthermore, it prevents chickens from standing in the trough, keeping the food clean and free from contamination. In other words, the feeder trough allows chickens to access food without placing their feet inside the trough, making it a breakthrough design that meets the needs of poultry farmers.<\/p>\n<p>The trough is low in height with rounded edges, providing comfortable access for chickens throughout their development and encouraging chicks to eat from the outside of the trough from day one.<\/p>\n<p>The simple design provides a better flow of food and even feeding, even in cases of flooding.<\/p>\n<p>The cone shape with anti-scratch fins prevents chicks from entering the feeder, helping maintain clean and healthy food, with a straightforward and efficient design that eliminates corners or gaps to reduce food wastage.<\/p>\n<p>The feeder trough is available with options suitable for different poultry farming setups, including slide configurations to match the floor and group management systems.<\/p>\n<p>Change the way you think about feeding chickens.<\/p>\n<p>The feeder trough is manufactured by Minh Phat.<\/p>\n<p><img fetchpriority=\"high\" decoding=\"async\" class=\"alignnone wp-image-20109\" src=\"https:\/\/thietbichannuoi.com\/wp-content\/uploads\/2023\/08\/Mang-an-tu-dong-01-1024x507.jpg\" alt=\"\" width=\"1400\" height=\"693\" srcset=\"https:\/\/thietbichannuoi.com\/wp-content\/uploads\/2023\/08\/Mang-an-tu-dong-01-1024x507.jpg 1024w, https:\/\/thietbichannuoi.com\/wp-content\/uploads\/2023\/08\/Mang-an-tu-dong-01-300x149.jpg 300w, https:\/\/thietbichannuoi.com\/wp-content\/uploads\/2023\/08\/Mang-an-tu-dong-01-150x74.jpg 150w, https:\/\/thietbichannuoi.com\/wp-content\/uploads\/2023\/08\/Mang-an-tu-dong-01.jpg 1258w\" sizes=\"(max-width: 1400px) 100vw, 1400px\" \/><\/p>\n<figure id=\"attachment_20113\" aria-describedby=\"caption-attachment-20113\" style=\"width: 1400px\" class=\"wp-caption alignnone\"><img decoding=\"async\" class=\"wp-image-20113\" src=\"https:\/\/thietbichannuoi.com\/wp-content\/uploads\/2023\/08\/Mang-an-tu-dong-03-1024x508.jpg\" alt=\"M\u00e1ng \u0103n t\u1ef1 \u0111\u1ed9ng\" width=\"1400\" height=\"694\" srcset=\"https:\/\/thietbichannuoi.com\/wp-content\/uploads\/2023\/08\/Mang-an-tu-dong-03-1024x508.jpg 1024w, https:\/\/thietbichannuoi.com\/wp-content\/uploads\/2023\/08\/Mang-an-tu-dong-03-300x149.jpg 300w, https:\/\/thietbichannuoi.com\/wp-content\/uploads\/2023\/08\/Mang-an-tu-dong-03-150x74.jpg 150w, https:\/\/thietbichannuoi.com\/wp-content\/uploads\/2023\/08\/Mang-an-tu-dong-03.jpg 1154w\" sizes=\"(max-width: 1400px) 100vw, 1400px\" \/><figcaption id=\"caption-attachment-20113\" class=\"wp-caption-text\">M\u00e1ng \u0103n t\u1ef1 \u0111\u1ed9ng<\/figcaption><\/figure>\n","protected":false},"excerpt":{"rendered":"<p><strong>Code: ATGC-071<\/strong><\/p>\n<ul>\n<li><strong>Material:<\/strong> PP (Polypropylene)<\/li>\n<li><strong>Capacity:<\/strong> 0.9 -1.6 kg<\/li>\n<li><strong>Diameter:<\/strong> 330 (mm)<\/li>\n<li><strong>Height:<\/strong> 320 (mm)<\/li>\n<li><strong>Color:<\/strong> Orange\/ White<\/li>\n<li>Use for pipe \u00d845mm<\/li>\n<li><strong>Made by Minh Phat<\/strong><\/li>\n<\/ul>\n","protected":false},"featured_media":20213,"template":"","meta":{"_uag_custom_page_level_css":"","footnotes":""},"product_brand":[],"product_cat":[1032,589],"product_tag":[],"class_list":{"0":"post-14983","1":"product","2":"type-product","3":"status-publish","4":"has-post-thumbnail","6":"product_cat-automatic-feeding-system","7":"product_cat-poultry-equipment","9":"first","10":"instock","11":"shipping-taxable","12":"product-type-simple"},"acf":[],"yoast_head":"<!-- This site is optimized with the Yoast SEO Premium plugin v22.9 (Yoast SEO v27.3) - https:\/\/yoast.com\/product\/yoast-seo-premium-wordpress\/ -->\n<title>Automatic feeder pan for chickens - Thi\u1ebft b\u1ecb ch\u0103n nu\u00f4i<\/title>\n<meta name=\"description\" content=\"Automatic feeder pan for chickens poultry\" \/>\n<meta name=\"robots\" content=\"index, follow, max-snippet:-1, max-image-preview:large, max-video-preview:-1\" \/>\n<link rel=\"canonical\" href=\"https:\/\/thietbichannuoi.com\/en\/san-pham\/automatic-feeder-for-chickens\/\" \/>\n<meta property=\"og:locale\" content=\"en_US\" \/>\n<meta property=\"og:type\" content=\"article\" \/>\n<meta property=\"og:title\" content=\"Automatic feeder pan for chickens\" \/>\n<meta property=\"og:description\" content=\"Code: ATGC-071   Material: PP (Polypropylene)  Capacity: 0.9 -1.6 kg  Diameter: 330 (mm)  Height: 320 (mm)  Color: Orange\/ White  Use for pipe \u00d845mm  Made by Minh Phat\" \/>\n<meta property=\"og:url\" content=\"https:\/\/thietbichannuoi.com\/en\/san-pham\/automatic-feeder-for-chickens\/\" \/>\n<meta property=\"og:site_name\" content=\"Thi\u1ebft b\u1ecb ch\u0103n nu\u00f4i\" \/>\n<meta property=\"article:modified_time\" content=\"2025-10-01T01:53:57+00:00\" \/>\n<meta property=\"og:image\" content=\"https:\/\/thietbichannuoi.com\/wp-content\/uploads\/2023\/09\/ATGC-071.jpg\" \/>\n\t<meta property=\"og:image:width\" content=\"1400\" \/>\n\t<meta property=\"og:image:height\" content=\"1200\" \/>\n\t<meta property=\"og:image:type\" content=\"image\/jpeg\" \/>\n<meta name=\"twitter:card\" content=\"summary_large_image\" \/>\n<meta name=\"twitter:label1\" content=\"Est. reading time\" \/>\n\t<meta name=\"twitter:data1\" content=\"2 minutes\" \/>\n<!-- \/ Yoast SEO Premium plugin. -->","yoast_head_json":{"title":"Automatic feeder pan for chickens - Thi\u1ebft b\u1ecb ch\u0103n nu\u00f4i","description":"Automatic feeder pan for chickens poultry","robots":{"index":"index","follow":"follow","max-snippet":"max-snippet:-1","max-image-preview":"max-image-preview:large","max-video-preview":"max-video-preview:-1"},"canonical":"https:\/\/thietbichannuoi.com\/en\/san-pham\/automatic-feeder-for-chickens\/","og_locale":"en_US","og_type":"article","og_title":"Automatic feeder pan for chickens","og_description":"Code: ATGC-071   Material: PP (Polypropylene)  Capacity: 0.9 -1.6 kg  Diameter: 330 (mm)  Height: 320 (mm)  Color: Orange\/ White  Use for pipe \u00d845mm  Made by Minh Phat","og_url":"https:\/\/thietbichannuoi.com\/en\/san-pham\/automatic-feeder-for-chickens\/","og_site_name":"Thi\u1ebft b\u1ecb ch\u0103n nu\u00f4i","article_modified_time":"2025-10-01T01:53:57+00:00","og_image":[{"width":1400,"height":1200,"url":"https:\/\/thietbichannuoi.com\/wp-content\/uploads\/2023\/09\/ATGC-071.jpg","type":"image\/jpeg"}],"twitter_card":"summary_large_image","twitter_misc":{"Est. reading time":"2 minutes"},"schema":{"@context":"https:\/\/schema.org","@graph":[{"@type":"WebPage","@id":"https:\/\/thietbichannuoi.com\/en\/san-pham\/automatic-feeder-for-chickens\/","url":"https:\/\/thietbichannuoi.com\/en\/san-pham\/automatic-feeder-for-chickens\/","name":"Automatic feeder pan for chickens - Thi\u1ebft b\u1ecb ch\u0103n nu\u00f4i","isPartOf":{"@id":"https:\/\/thietbichannuoi.com\/#website"},"primaryImageOfPage":{"@id":"https:\/\/thietbichannuoi.com\/en\/san-pham\/automatic-feeder-for-chickens\/#primaryimage"},"image":{"@id":"https:\/\/thietbichannuoi.com\/en\/san-pham\/automatic-feeder-for-chickens\/#primaryimage"},"thumbnailUrl":"https:\/\/thietbichannuoi.com\/wp-content\/uploads\/2023\/09\/ATGC-071.jpg","datePublished":"2023-09-05T02:50:14+00:00","dateModified":"2025-10-01T01:53:57+00:00","description":"Automatic feeder pan for chickens poultry","breadcrumb":{"@id":"https:\/\/thietbichannuoi.com\/en\/san-pham\/automatic-feeder-for-chickens\/#breadcrumb"},"inLanguage":"en-US","potentialAction":[{"@type":"ReadAction","target":["https:\/\/thietbichannuoi.com\/en\/san-pham\/automatic-feeder-for-chickens\/"]}]},{"@type":"ImageObject","inLanguage":"en-US","@id":"https:\/\/thietbichannuoi.com\/en\/san-pham\/automatic-feeder-for-chickens\/#primaryimage","url":"https:\/\/thietbichannuoi.com\/wp-content\/uploads\/2023\/09\/ATGC-071.jpg","contentUrl":"https:\/\/thietbichannuoi.com\/wp-content\/uploads\/2023\/09\/ATGC-071.jpg","width":1400,"height":1200,"caption":"M\u00e1ng \u0103n t\u1ef1 \u0111\u1ed9ng gia c\u1ea7m"},{"@type":"BreadcrumbList","@id":"https:\/\/thietbichannuoi.com\/en\/san-pham\/automatic-feeder-for-chickens\/#breadcrumb","itemListElement":[{"@type":"ListItem","position":1,"name":"Home","item":"https:\/\/thietbichannuoi.com\/en\/"},{"@type":"ListItem","position":2,"name":"Shop","item":"https:\/\/thietbichannuoi.com\/shop\/"},{"@type":"ListItem","position":3,"name":"Automatic feeder pan for chickens"}]},{"@type":"WebSite","@id":"https:\/\/thietbichannuoi.com\/#website","url":"https:\/\/thietbichannuoi.com\/","name":"Thi\u1ebft b\u1ecb ch\u0103n nu\u00f4i","description":"S\u1ea3n xu\u1ea5t thi\u1ebft b\u1ecb ch\u0103n nu\u00f4i gia s\u00fac, gia c\u1ea7m v\u00e0 c\u00e1c s\u1ea3n ph\u1ea9m t\u1eeb nh\u1ef1a","publisher":{"@id":"https:\/\/thietbichannuoi.com\/#organization"},"potentialAction":[{"@type":"SearchAction","target":{"@type":"EntryPoint","urlTemplate":"https:\/\/thietbichannuoi.com\/?s={search_term_string}"},"query-input":{"@type":"PropertyValueSpecification","valueRequired":true,"valueName":"search_term_string"}}],"inLanguage":"en-US"},{"@type":"Organization","@id":"https:\/\/thietbichannuoi.com\/#organization","name":"Thi\u1ebft b\u1ecb ch\u0103n nu\u00f4i Minh Ph\u00e1t","url":"https:\/\/thietbichannuoi.com\/","logo":{"@type":"ImageObject","inLanguage":"en-US","@id":"https:\/\/thietbichannuoi.com\/#\/schema\/logo\/image\/","url":"https:\/\/thietbichannuoi.com\/wp-content\/uploads\/2021\/04\/logo-thiet-bi-chan-nuoi.png","contentUrl":"https:\/\/thietbichannuoi.com\/wp-content\/uploads\/2021\/04\/logo-thiet-bi-chan-nuoi.png","width":104,"height":79,"caption":"Thi\u1ebft b\u1ecb ch\u0103n nu\u00f4i Minh Ph\u00e1t"},"image":{"@id":"https:\/\/thietbichannuoi.com\/#\/schema\/logo\/image\/"}}]}},"uagb_featured_image_src":{"full":["https:\/\/thietbichannuoi.com\/wp-content\/uploads\/2023\/09\/ATGC-071.jpg",1400,1200,false],"thumbnail":["https:\/\/thietbichannuoi.com\/wp-content\/uploads\/2023\/09\/ATGC-071.jpg",150,129,false],"medium":["https:\/\/thietbichannuoi.com\/wp-content\/uploads\/2023\/09\/ATGC-071.jpg",300,257,false],"medium_large":["https:\/\/thietbichannuoi.com\/wp-content\/uploads\/2023\/09\/ATGC-071.jpg",1400,1200,false],"large":["https:\/\/thietbichannuoi.com\/wp-content\/uploads\/2023\/09\/ATGC-071.jpg",800,686,false],"1536x1536":["https:\/\/thietbichannuoi.com\/wp-content\/uploads\/2023\/09\/ATGC-071.jpg",1400,1200,false],"2048x2048":["https:\/\/thietbichannuoi.com\/wp-content\/uploads\/2023\/09\/ATGC-071.jpg",1400,1200,false],"woocommerce_thumbnail":["https:\/\/thietbichannuoi.com\/wp-content\/uploads\/2023\/09\/ATGC-071.jpg",1400,1200,false],"woocommerce_single":["https:\/\/thietbichannuoi.com\/wp-content\/uploads\/2023\/09\/ATGC-071.jpg",1400,1200,false],"woocommerce_gallery_thumbnail":["https:\/\/thietbichannuoi.com\/wp-content\/uploads\/2023\/09\/ATGC-071-100x100.jpg",100,100,true]},"uagb_author_info":{"display_name":"admin","author_link":"https:\/\/thietbichannuoi.com\/en\/author\/"},"uagb_comment_info":0,"uagb_excerpt":"Code: ATGC-071 Material: PP (Polypropylene) Capacity: 0.9 -1.6 kg Diameter: 330 (mm) Height: 320 (mm) Color: Orange\/ White Use for pipe \u00d845mm Made by Minh Phat","_links":{"self":[{"href":"https:\/\/thietbichannuoi.com\/en\/wp-json\/wp\/v2\/product\/14983","targetHints":{"allow":["GET"]}}],"collection":[{"href":"https:\/\/thietbichannuoi.com\/en\/wp-json\/wp\/v2\/product"}],"about":[{"href":"https:\/\/thietbichannuoi.com\/en\/wp-json\/wp\/v2\/types\/product"}],"version-history":[{"count":0,"href":"https:\/\/thietbichannuoi.com\/en\/wp-json\/wp\/v2\/product\/14983\/revisions"}],"wp:featuredmedia":[{"embeddable":true,"href":"https:\/\/thietbichannuoi.com\/en\/wp-json\/wp\/v2\/media\/20213"}],"wp:attachment":[{"href":"https:\/\/thietbichannuoi.com\/en\/wp-json\/wp\/v2\/media?parent=14983"}],"wp:term":[{"taxonomy":"product_brand","embeddable":true,"href":"https:\/\/thietbichannuoi.com\/en\/wp-json\/wp\/v2\/product_brand?post=14983"},{"taxonomy":"product_cat","embeddable":true,"href":"https:\/\/thietbichannuoi.com\/en\/wp-json\/wp\/v2\/product_cat?post=14983"},{"taxonomy":"product_tag","embeddable":true,"href":"https:\/\/thietbichannuoi.com\/en\/wp-json\/wp\/v2\/product_tag?post=14983"}],"curies":[{"name":"wp","href":"https:\/\/api.w.org\/{rel}","templated":true}]}}