{"id":14985,"date":"2023-09-05T09:54:45","date_gmt":"2023-09-05T02:54:45","guid":{"rendered":"https:\/\/thietbichannuoi.com\/?post_type=product&#038;p=14985"},"modified":"2025-09-26T08:46:11","modified_gmt":"2025-09-26T01:46:11","slug":"sow-trough-type-v","status":"publish","type":"product","link":"https:\/\/thietbichannuoi.com\/en\/san-pham\/sow-trough-type-v\/","title":{"rendered":"Sow trough (Type V)"},"content":{"rendered":"<p>Minh Phat Huy&#8217;s stainless steel feeder for farrowing sows is specially designed to ensure that sows have enough nutrition during the reproductive and nursing stages. The product is made of high-quality stainless steel, rust-proof, durable and easy to clean, helping to maintain a clean and safe barn environment. The smart design helps to limit food spillage, save costs and ensure that sows eat the necessary amount. This is the optimal choice for livestock farms, helping to improve the health of sows and piglets, optimizing production efficiency.<img fetchpriority=\"high\" decoding=\"async\" class=\"alignnone wp-image-16862 size-full\" src=\"https:\/\/thietbichannuoi.com\/wp-content\/uploads\/2016\/01\/DSC1477-mp.jpg\" alt=\"\" width=\"2500\" height=\"1667\" srcset=\"https:\/\/thietbichannuoi.com\/wp-content\/uploads\/2016\/01\/DSC1477-mp.jpg 2500w, https:\/\/thietbichannuoi.com\/wp-content\/uploads\/2016\/01\/DSC1477-mp-300x200.jpg 300w, https:\/\/thietbichannuoi.com\/wp-content\/uploads\/2016\/01\/DSC1477-mp-1024x683.jpg 1024w, https:\/\/thietbichannuoi.com\/wp-content\/uploads\/2016\/01\/DSC1477-mp-150x100.jpg 150w, https:\/\/thietbichannuoi.com\/wp-content\/uploads\/2016\/01\/DSC1477-mp-1536x1024.jpg 1536w, https:\/\/thietbichannuoi.com\/wp-content\/uploads\/2016\/01\/DSC1477-mp-2048x1366.jpg 2048w\" sizes=\"(max-width: 2500px) 100vw, 2500px\" \/><\/p>\n","protected":false},"excerpt":{"rendered":"<p><strong>Code: MNAI010<\/strong><\/p>\n<ul>\n<li><strong>Material:<\/strong> Inox 201<\/li>\n<li><strong>Weight:<\/strong>3.3 kg \u00b10.05%<\/li>\n<li><strong>Size (DxRxC):<\/strong> 335 x 317 x 215 (mm)<\/li>\n<\/ul>\n<p><strong>Code: MNAI012<\/strong><\/p>\n<ul>\n<li><strong>Material:<\/strong> Inox 304<\/li>\n<li><strong>Weight:<\/strong> 3.3 kg \u00b10.05%<\/li>\n<li><strong>Size (DxRxC):<\/strong> 335 x 317 x 215 (mm)<\/li>\n<\/ul>\n<div class=\"n4sEPd\">\n<div class=\"FFpbKc\"><\/div>\n<\/div>\n<div class=\"QcsUad BDJ8fb BLojaf sMVRZe hCXDsb wneUed\">\n<p class=\"oBOnKe\"><em><span class=\"jCAhz ChMk0b\" style=\"font-size: 16px\"><span class=\"ryNqvb\">Installation method: weld the trough bowl directly to the trough&#8217;s rotating shaft.<\/span><\/span> <span class=\"jCAhz ChMk0b\" style=\"font-size: 16px\"><span class=\"ryNqvb\">Used for farrowing sow and pregnant pig pens<\/span><\/span><\/em><\/p>\n<\/div>\n","protected":false},"featured_media":14384,"template":"","meta":{"_uag_custom_page_level_css":"","footnotes":""},"product_brand":[],"product_cat":[1297],"product_tag":[],"class_list":{"0":"post-14985","1":"product","2":"type-product","3":"status-publish","4":"has-post-thumbnail","6":"product_cat-sow-feeder","8":"first","9":"instock","10":"shipping-taxable","11":"product-type-simple"},"acf":[],"yoast_head":"<!-- This site is optimized with the Yoast SEO Premium plugin v22.9 (Yoast SEO v27.3) - https:\/\/yoast.com\/product\/yoast-seo-premium-wordpress\/ -->\n<title>Sow trough (Type V) - Thi\u1ebft b\u1ecb ch\u0103n nu\u00f4i<\/title>\n<meta name=\"description\" content=\"Sow trough (Type V)\" \/>\n<meta name=\"robots\" content=\"index, follow, max-snippet:-1, max-image-preview:large, max-video-preview:-1\" \/>\n<link rel=\"canonical\" href=\"https:\/\/thietbichannuoi.com\/en\/san-pham\/sow-trough-type-v\/\" \/>\n<meta property=\"og:locale\" content=\"en_US\" \/>\n<meta property=\"og:type\" content=\"article\" \/>\n<meta property=\"og:title\" content=\"Sow trough (Type V)\" \/>\n<meta property=\"og:description\" content=\"Code: MNAI010   Material: Inox 201  Weight:3.3 kg \u00b10.05%  Size (DxRxC): 335 x 317 x 215 (mm)  Code: MNAI012   Material: Inox 304  Weight: 3.3 kg \u00b10.05%  Size (DxRxC): 335 x 317 x 215 (mm)      Installation method: weld the trough bowl directly to the trough&#039;s rotating shaft. Used for farrowing sow and pregnant pig pens\" \/>\n<meta property=\"og:url\" content=\"https:\/\/thietbichannuoi.com\/en\/san-pham\/sow-trough-type-v\/\" \/>\n<meta property=\"og:site_name\" content=\"Thi\u1ebft b\u1ecb ch\u0103n nu\u00f4i\" \/>\n<meta property=\"article:modified_time\" content=\"2025-09-26T01:46:11+00:00\" \/>\n<meta property=\"og:image\" content=\"https:\/\/thietbichannuoi.com\/wp-content\/uploads\/2023\/07\/mang-an-heo-nai-de-tai-V.jpg\" \/>\n\t<meta property=\"og:image:width\" content=\"1400\" \/>\n\t<meta property=\"og:image:height\" content=\"1200\" \/>\n\t<meta property=\"og:image:type\" content=\"image\/jpeg\" \/>\n<meta name=\"twitter:card\" content=\"summary_large_image\" \/>\n<meta name=\"twitter:label1\" content=\"Est. reading time\" \/>\n\t<meta name=\"twitter:data1\" content=\"1 minute\" \/>\n<!-- \/ Yoast SEO Premium plugin. -->","yoast_head_json":{"title":"Sow trough (Type V) - Thi\u1ebft b\u1ecb ch\u0103n nu\u00f4i","description":"Sow trough (Type V)","robots":{"index":"index","follow":"follow","max-snippet":"max-snippet:-1","max-image-preview":"max-image-preview:large","max-video-preview":"max-video-preview:-1"},"canonical":"https:\/\/thietbichannuoi.com\/en\/san-pham\/sow-trough-type-v\/","og_locale":"en_US","og_type":"article","og_title":"Sow trough (Type V)","og_description":"Code: MNAI010   Material: Inox 201  Weight:3.3 kg \u00b10.05%  Size (DxRxC): 335 x 317 x 215 (mm)  Code: MNAI012   Material: Inox 304  Weight: 3.3 kg \u00b10.05%  Size (DxRxC): 335 x 317 x 215 (mm)      Installation method: weld the trough bowl directly to the trough's rotating shaft. Used for farrowing sow and pregnant pig pens","og_url":"https:\/\/thietbichannuoi.com\/en\/san-pham\/sow-trough-type-v\/","og_site_name":"Thi\u1ebft b\u1ecb ch\u0103n nu\u00f4i","article_modified_time":"2025-09-26T01:46:11+00:00","og_image":[{"width":1400,"height":1200,"url":"https:\/\/thietbichannuoi.com\/wp-content\/uploads\/2023\/07\/mang-an-heo-nai-de-tai-V.jpg","type":"image\/jpeg"}],"twitter_card":"summary_large_image","twitter_misc":{"Est. reading time":"1 minute"},"schema":{"@context":"https:\/\/schema.org","@graph":[{"@type":"WebPage","@id":"https:\/\/thietbichannuoi.com\/en\/san-pham\/sow-trough-type-v\/","url":"https:\/\/thietbichannuoi.com\/en\/san-pham\/sow-trough-type-v\/","name":"Sow trough (Type V) - Thi\u1ebft b\u1ecb ch\u0103n nu\u00f4i","isPartOf":{"@id":"https:\/\/thietbichannuoi.com\/#website"},"primaryImageOfPage":{"@id":"https:\/\/thietbichannuoi.com\/en\/san-pham\/sow-trough-type-v\/#primaryimage"},"image":{"@id":"https:\/\/thietbichannuoi.com\/en\/san-pham\/sow-trough-type-v\/#primaryimage"},"thumbnailUrl":"https:\/\/thietbichannuoi.com\/wp-content\/uploads\/2023\/07\/mang-an-heo-nai-de-tai-V.jpg","datePublished":"2023-09-05T02:54:45+00:00","dateModified":"2025-09-26T01:46:11+00:00","description":"Sow trough (Type V)","breadcrumb":{"@id":"https:\/\/thietbichannuoi.com\/en\/san-pham\/sow-trough-type-v\/#breadcrumb"},"inLanguage":"en-US","potentialAction":[{"@type":"ReadAction","target":["https:\/\/thietbichannuoi.com\/en\/san-pham\/sow-trough-type-v\/"]}]},{"@type":"ImageObject","inLanguage":"en-US","@id":"https:\/\/thietbichannuoi.com\/en\/san-pham\/sow-trough-type-v\/#primaryimage","url":"https:\/\/thietbichannuoi.com\/wp-content\/uploads\/2023\/07\/mang-an-heo-nai-de-tai-V.jpg","contentUrl":"https:\/\/thietbichannuoi.com\/wp-content\/uploads\/2023\/07\/mang-an-heo-nai-de-tai-V.jpg","width":1400,"height":1200,"caption":"Sow trough (Type V)"},{"@type":"BreadcrumbList","@id":"https:\/\/thietbichannuoi.com\/en\/san-pham\/sow-trough-type-v\/#breadcrumb","itemListElement":[{"@type":"ListItem","position":1,"name":"Home","item":"https:\/\/thietbichannuoi.com\/en\/"},{"@type":"ListItem","position":2,"name":"Shop","item":"https:\/\/thietbichannuoi.com\/shop\/"},{"@type":"ListItem","position":3,"name":"Sow trough (Type V)"}]},{"@type":"WebSite","@id":"https:\/\/thietbichannuoi.com\/#website","url":"https:\/\/thietbichannuoi.com\/","name":"Thi\u1ebft b\u1ecb ch\u0103n nu\u00f4i","description":"S\u1ea3n xu\u1ea5t thi\u1ebft b\u1ecb ch\u0103n nu\u00f4i gia s\u00fac, gia c\u1ea7m v\u00e0 c\u00e1c s\u1ea3n ph\u1ea9m t\u1eeb nh\u1ef1a","publisher":{"@id":"https:\/\/thietbichannuoi.com\/#organization"},"potentialAction":[{"@type":"SearchAction","target":{"@type":"EntryPoint","urlTemplate":"https:\/\/thietbichannuoi.com\/?s={search_term_string}"},"query-input":{"@type":"PropertyValueSpecification","valueRequired":true,"valueName":"search_term_string"}}],"inLanguage":"en-US"},{"@type":"Organization","@id":"https:\/\/thietbichannuoi.com\/#organization","name":"Thi\u1ebft b\u1ecb ch\u0103n nu\u00f4i Minh Ph\u00e1t","url":"https:\/\/thietbichannuoi.com\/","logo":{"@type":"ImageObject","inLanguage":"en-US","@id":"https:\/\/thietbichannuoi.com\/#\/schema\/logo\/image\/","url":"https:\/\/thietbichannuoi.com\/wp-content\/uploads\/2021\/04\/logo-thiet-bi-chan-nuoi.png","contentUrl":"https:\/\/thietbichannuoi.com\/wp-content\/uploads\/2021\/04\/logo-thiet-bi-chan-nuoi.png","width":104,"height":79,"caption":"Thi\u1ebft b\u1ecb ch\u0103n nu\u00f4i Minh Ph\u00e1t"},"image":{"@id":"https:\/\/thietbichannuoi.com\/#\/schema\/logo\/image\/"}}]}},"uagb_featured_image_src":{"full":["https:\/\/thietbichannuoi.com\/wp-content\/uploads\/2023\/07\/mang-an-heo-nai-de-tai-V.jpg",1400,1200,false],"thumbnail":["https:\/\/thietbichannuoi.com\/wp-content\/uploads\/2023\/07\/mang-an-heo-nai-de-tai-V.jpg",150,129,false],"medium":["https:\/\/thietbichannuoi.com\/wp-content\/uploads\/2023\/07\/mang-an-heo-nai-de-tai-V.jpg",300,257,false],"medium_large":["https:\/\/thietbichannuoi.com\/wp-content\/uploads\/2023\/07\/mang-an-heo-nai-de-tai-V.jpg",1400,1200,false],"large":["https:\/\/thietbichannuoi.com\/wp-content\/uploads\/2023\/07\/mang-an-heo-nai-de-tai-V.jpg",800,686,false],"1536x1536":["https:\/\/thietbichannuoi.com\/wp-content\/uploads\/2023\/07\/mang-an-heo-nai-de-tai-V.jpg",1400,1200,false],"2048x2048":["https:\/\/thietbichannuoi.com\/wp-content\/uploads\/2023\/07\/mang-an-heo-nai-de-tai-V.jpg",1400,1200,false],"woocommerce_thumbnail":["https:\/\/thietbichannuoi.com\/wp-content\/uploads\/2023\/07\/mang-an-heo-nai-de-tai-V.jpg",1400,1200,false],"woocommerce_single":["https:\/\/thietbichannuoi.com\/wp-content\/uploads\/2023\/07\/mang-an-heo-nai-de-tai-V.jpg",1400,1200,false],"woocommerce_gallery_thumbnail":["https:\/\/thietbichannuoi.com\/wp-content\/uploads\/2023\/07\/mang-an-heo-nai-de-tai-V-100x100.jpg",100,100,true]},"uagb_author_info":{"display_name":"admin","author_link":"https:\/\/thietbichannuoi.com\/en\/author\/"},"uagb_comment_info":0,"uagb_excerpt":"Code: MNAI010 Material: Inox 201 Weight:3.3 kg \u00b10.05% Size (DxRxC): 335 x 317 x 215 (mm) Code: MNAI012 Material: Inox 304 Weight: 3.3 kg \u00b10.05% Size (DxRxC): 335 x 317 x 215 (mm) Installation method: weld the trough bowl directly to the trough's rotating shaft. Used for farrowing sow and pregnant pig pens","_links":{"self":[{"href":"https:\/\/thietbichannuoi.com\/en\/wp-json\/wp\/v2\/product\/14985","targetHints":{"allow":["GET"]}}],"collection":[{"href":"https:\/\/thietbichannuoi.com\/en\/wp-json\/wp\/v2\/product"}],"about":[{"href":"https:\/\/thietbichannuoi.com\/en\/wp-json\/wp\/v2\/types\/product"}],"version-history":[{"count":0,"href":"https:\/\/thietbichannuoi.com\/en\/wp-json\/wp\/v2\/product\/14985\/revisions"}],"wp:featuredmedia":[{"embeddable":true,"href":"https:\/\/thietbichannuoi.com\/en\/wp-json\/wp\/v2\/media\/14384"}],"wp:attachment":[{"href":"https:\/\/thietbichannuoi.com\/en\/wp-json\/wp\/v2\/media?parent=14985"}],"wp:term":[{"taxonomy":"product_brand","embeddable":true,"href":"https:\/\/thietbichannuoi.com\/en\/wp-json\/wp\/v2\/product_brand?post=14985"},{"taxonomy":"product_cat","embeddable":true,"href":"https:\/\/thietbichannuoi.com\/en\/wp-json\/wp\/v2\/product_cat?post=14985"},{"taxonomy":"product_tag","embeddable":true,"href":"https:\/\/thietbichannuoi.com\/en\/wp-json\/wp\/v2\/product_tag?post=14985"}],"curies":[{"name":"wp","href":"https:\/\/api.w.org\/{rel}","templated":true}]}}