{"id":15423,"date":"2023-09-19T16:25:49","date_gmt":"2023-09-19T09:25:49","guid":{"rendered":"https:\/\/thietbichannuoi.com\/?post_type=product&#038;p=15423"},"modified":"2025-12-05T16:06:14","modified_gmt":"2025-12-05T09:06:14","slug":"plastic-floor-1200x600mm-sn19","status":"publish","type":"product","link":"https:\/\/thietbichannuoi.com\/en\/san-pham\/plastic-floor-1200x600mm-sn19\/","title":{"rendered":"Plastic Slatted Floor For Pig Farm 1200x600mm SN19-01"},"content":{"rendered":"<p>T\u1ea5m nh\u1ef1a l\u00f3t s\u00e0n chu\u1ed3ng heo\u00a0<strong>SN19-01<\/strong><\/p>\n<p>T\u1ea5m nh\u1ef1a l\u00f3t s\u00e0n ch\u0103n nu\u00f4i Minh Ph\u00e1t \u0111\u01b0\u1ee3c s\u1ea3n xu\u1ea5t t\u1eeb nh\u1ef1a PP nguy\u00ean sinh, \u0111\u1ea3m b\u1ea3o \u0111\u1ed9 b\u1ec1n cao, ch\u1ecbu l\u1ef1c t\u1ed1t v\u00e0 an to\u00e0n cho v\u1eadt nu\u00f4i. V\u1edbi thi\u1ebft k\u1ebf b\u1ec1 m\u1eb7t th\u00f4ng minh, s\u1ea3n ph\u1ea9m gi\u00fap gi\u1ea3m \u0111\u1ecdng n\u01b0\u1edbc, h\u1ea1n ch\u1ebf vi khu\u1ea9n ph\u00e1t tri\u1ec3n, gi\u1eef cho chu\u1ed3ng tr\u1ea1i lu\u00f4n s\u1ea1ch s\u1ebd v\u00e0 kh\u00f4 r\u00e1o. Nh\u1ef1a PP c\u00f3 kh\u1ea3 n\u0103ng ch\u1ed1ng \u0103n m\u00f2n, kh\u00f4ng b\u1ecb \u1ea3nh h\u01b0\u1edfng b\u1edfi h\u00f3a ch\u1ea5t v\u00e0 m\u00f4i tr\u01b0\u1eddng kh\u1eafc nghi\u1ec7t, gi\u00fap t\u0103ng tu\u1ed5i th\u1ecd s\u1eed d\u1ee5ng. T\u1ea5m l\u00f3t s\u00e0n Minh Ph\u00e1t th\u00edch h\u1ee3p cho nhi\u1ec1u m\u00f4 h\u00ecnh ch\u0103n nu\u00f4i nh\u01b0 heo, g\u00e0, v\u1ecbt, \u0111\u1ea3m b\u1ea3o hi\u1ec7u qu\u1ea3 v\u1ec7 sinh v\u00e0 n\u00e2ng cao n\u0103ng su\u1ea5t ch\u0103n nu\u00f4i. S\u1ea3n ph\u1ea9m c\u00f3 nhi\u1ec1u \u01b0u \u0111i\u1ec3m nh\u01b0 \u0111\u1ed9 b\u1ec1n cao, thi\u1ebft k\u1ebf gi\u00fap tho\u00e1t n\u01b0\u1edbc nhanh, d\u1ec5 v\u1ec7 sinh, gi\u1ea3m nguy c\u01a1 b\u1ec7nh t\u1eadt cho v\u1eadt nu\u00f4i, \u0111\u1ed3ng th\u1eddi d\u1ec5 d\u00e0ng l\u1eafp \u0111\u1eb7t v\u00e0 th\u00e1o r\u1eddi. Li\u00ean h\u1ec7 Minh Ph\u00e1t ngay h\u00f4m nay \u0111\u1ec3 \u0111\u01b0\u1ee3c t\u01b0 v\u1ea5n v\u00e0 b\u00e1o gi\u00e1 t\u1ed1t nh\u1ea5t.<\/p>\n<ul>\n<li>S\u1ea3n ph\u1ea9m \u1ee9ng d\u1ee5ng cho t\u1ea5m s\u00e0n chu\u1ed3ng heo cai s\u1eefa, chu\u1ed3ng d\u00ea, c\u1eebu v\u00e0 s\u00e0n thao t\u00e1c k\u1ef9 thu\u1eadt<\/li>\n<li>Thi\u1ebft k\u1ebf \u0111\u1eb7c bi\u1ec7t nh\u1eb1m gi\u1ea3m b\u1edbt ph\u1ea7m gia c\u00f4ng khung \u0111\u1ee1 kim lo\u1ea1i gi\u00fap l\u00e0m gi\u1ea3m chi ph\u00ed \u0111\u1ea7u t\u01b0.<\/li>\n<li>Thu\u1eadn ti\u1ec7n trong c\u00f4ng t\u00e1c th\u00e1o r\u00e1p v\u00e0 v\u1ec7 sinh<\/li>\n<li>\u0110\u1ed9 c\u1ee9ng cao<\/li>\n<\/ul>\n<p><img fetchpriority=\"high\" decoding=\"async\" class=\"wp-image-20644 size-full\" src=\"https:\/\/thietbichannuoi.com\/wp-content\/uploads\/2023\/09\/san-heo-06.jpg\" alt=\"S\u00e0n heo 600 x 1200\" width=\"1920\" height=\"1080\" srcset=\"https:\/\/thietbichannuoi.com\/wp-content\/uploads\/2023\/09\/san-heo-06.jpg 1920w, https:\/\/thietbichannuoi.com\/wp-content\/uploads\/2023\/09\/san-heo-06-300x169.jpg 300w, https:\/\/thietbichannuoi.com\/wp-content\/uploads\/2023\/09\/san-heo-06-1024x576.jpg 1024w, https:\/\/thietbichannuoi.com\/wp-content\/uploads\/2023\/09\/san-heo-06-150x84.jpg 150w, https:\/\/thietbichannuoi.com\/wp-content\/uploads\/2023\/09\/san-heo-06-1536x864.jpg 1536w\" sizes=\"(max-width: 1920px) 100vw, 1920px\" \/><\/p>\n<p><img decoding=\"async\" class=\"alignnone wp-image-19067\" src=\"https:\/\/thietbichannuoi.com\/wp-content\/uploads\/2023\/09\/san-heo-03.jpg\" alt=\"s\u00e0n heo\" width=\"1920\" height=\"1371\" srcset=\"https:\/\/thietbichannuoi.com\/wp-content\/uploads\/2023\/09\/san-heo-03.jpg 1280w, https:\/\/thietbichannuoi.com\/wp-content\/uploads\/2023\/09\/san-heo-03-600x428.jpg 600w, https:\/\/thietbichannuoi.com\/wp-content\/uploads\/2023\/09\/san-heo-03-300x214.jpg 300w, https:\/\/thietbichannuoi.com\/wp-content\/uploads\/2023\/09\/san-heo-03-1024x731.jpg 1024w, https:\/\/thietbichannuoi.com\/wp-content\/uploads\/2023\/09\/san-heo-03-150x107.jpg 150w\" sizes=\"(max-width: 1920px) 100vw, 1920px\" \/><\/p>\n<p><img decoding=\"async\" class=\"alignnone wp-image-19069\" src=\"https:\/\/thietbichannuoi.com\/wp-content\/uploads\/2023\/09\/san-heo-04.jpg\" alt=\"s\u00e0n heo\" width=\"1920\" height=\"1080\" srcset=\"https:\/\/thietbichannuoi.com\/wp-content\/uploads\/2023\/09\/san-heo-04.jpg 1280w, https:\/\/thietbichannuoi.com\/wp-content\/uploads\/2023\/09\/san-heo-04-600x338.jpg 600w, https:\/\/thietbichannuoi.com\/wp-content\/uploads\/2023\/09\/san-heo-04-300x169.jpg 300w, https:\/\/thietbichannuoi.com\/wp-content\/uploads\/2023\/09\/san-heo-04-1024x576.jpg 1024w, https:\/\/thietbichannuoi.com\/wp-content\/uploads\/2023\/09\/san-heo-04-150x84.jpg 150w\" sizes=\"(max-width: 1920px) 100vw, 1920px\" \/><\/p>\n<p><img loading=\"lazy\" decoding=\"async\" class=\"alignnone wp-image-19065\" src=\"https:\/\/thietbichannuoi.com\/wp-content\/uploads\/2023\/09\/san-heo-02.jpg\" alt=\"s\u00e0n heo\" width=\"1920\" height=\"1440\" srcset=\"https:\/\/thietbichannuoi.com\/wp-content\/uploads\/2023\/09\/san-heo-02.jpg 1280w, https:\/\/thietbichannuoi.com\/wp-content\/uploads\/2023\/09\/san-heo-02-600x450.jpg 600w, https:\/\/thietbichannuoi.com\/wp-content\/uploads\/2023\/09\/san-heo-02-300x225.jpg 300w, https:\/\/thietbichannuoi.com\/wp-content\/uploads\/2023\/09\/san-heo-02-1024x768.jpg 1024w, https:\/\/thietbichannuoi.com\/wp-content\/uploads\/2023\/09\/san-heo-02-150x113.jpg 150w\" sizes=\"(max-width: 1920px) 100vw, 1920px\" \/><\/p>\n<p><img loading=\"lazy\" decoding=\"async\" class=\"alignnone wp-image-17506 size-full\" src=\"https:\/\/thietbichannuoi.com\/wp-content\/uploads\/2023\/09\/Tam-nhua-lot-San-chuong-heo-1200x600mm01.jpg\" alt=\"S\u00e0n heo 60x120cm\" width=\"1400\" height=\"1200\" srcset=\"https:\/\/thietbichannuoi.com\/wp-content\/uploads\/2023\/09\/Tam-nhua-lot-San-chuong-heo-1200x600mm01.jpg 1400w, https:\/\/thietbichannuoi.com\/wp-content\/uploads\/2023\/09\/Tam-nhua-lot-San-chuong-heo-1200x600mm01-300x257.jpg 300w, https:\/\/thietbichannuoi.com\/wp-content\/uploads\/2023\/09\/Tam-nhua-lot-San-chuong-heo-1200x600mm01-1024x878.jpg 1024w, https:\/\/thietbichannuoi.com\/wp-content\/uploads\/2023\/09\/Tam-nhua-lot-San-chuong-heo-1200x600mm01-150x129.jpg 150w\" sizes=\"(max-width: 1400px) 100vw, 1400px\" \/><\/p>\n<p><img loading=\"lazy\" decoding=\"async\" class=\"alignnone wp-image-17510 size-full\" src=\"https:\/\/thietbichannuoi.com\/wp-content\/uploads\/2023\/09\/Tam-nhua-lot-San-chuong-heo-1200x600mm03.jpg\" alt=\"S\u00e0n heo 60x120cm\" width=\"1400\" height=\"1200\" srcset=\"https:\/\/thietbichannuoi.com\/wp-content\/uploads\/2023\/09\/Tam-nhua-lot-San-chuong-heo-1200x600mm03.jpg 1400w, https:\/\/thietbichannuoi.com\/wp-content\/uploads\/2023\/09\/Tam-nhua-lot-San-chuong-heo-1200x600mm03-300x257.jpg 300w, https:\/\/thietbichannuoi.com\/wp-content\/uploads\/2023\/09\/Tam-nhua-lot-San-chuong-heo-1200x600mm03-1024x878.jpg 1024w, https:\/\/thietbichannuoi.com\/wp-content\/uploads\/2023\/09\/Tam-nhua-lot-San-chuong-heo-1200x600mm03-150x129.jpg 150w\" sizes=\"(max-width: 1400px) 100vw, 1400px\" \/><\/p>\n<p>&nbsp;<\/p>\n<p>&nbsp;<\/p>\n","protected":false},"excerpt":{"rendered":"<p><strong>Code:<\/strong> <strong>SN19-01<\/strong><\/p>\n<ul>\n<li><strong>Dimension (LxWxH):<\/strong> 1200x600x72(mm)<\/li>\n<li><strong>Material:<\/strong> PP Plastic<\/li>\n<li><strong>Use for:<\/strong> weaned pigs, sheep and goat<\/li>\n<li><strong>Capacity:<\/strong> 100kg<\/li>\n<li><strong>Weight:<\/strong> 6.0 kg \u00b12%<\/li>\n<li><strong>Drainage groove:<\/strong> 12mm<\/li>\n<li><strong>Bending deformatio:<\/strong> &lt; 5mm\/100kg<\/li>\n<li><strong>Color:<\/strong> Blue\/ Customize<\/li>\n<li><strong>Made by: Minh Phat<\/strong><\/li>\n<\/ul>\n","protected":false},"featured_media":16209,"template":"","meta":{"_uag_custom_page_level_css":"","footnotes":""},"product_brand":[],"product_cat":[291,303],"product_tag":[],"class_list":{"0":"post-15423","1":"product","2":"type-product","3":"status-publish","4":"has-post-thumbnail","6":"product_cat-equipment-for-pig","7":"product_cat-plastic-floors","9":"first","10":"instock","11":"shipping-taxable","12":"product-type-simple"},"acf":[],"yoast_head":"<!-- This site is optimized with the Yoast SEO Premium plugin v22.9 (Yoast SEO v27.3) - https:\/\/yoast.com\/product\/yoast-seo-premium-wordpress\/ -->\n<title>Plastic Slatted Floor For Pig Farm 1200x600mm SN19-01 - Thi\u1ebft b\u1ecb ch\u0103n nu\u00f4i<\/title>\n<meta name=\"description\" content=\"Plastic Slatted Floor For Pig Farm 1200x600mm SN19-01\" \/>\n<meta name=\"robots\" content=\"index, follow, max-snippet:-1, max-image-preview:large, max-video-preview:-1\" \/>\n<link rel=\"canonical\" href=\"https:\/\/thietbichannuoi.com\/en\/san-pham\/plastic-floor-1200x600mm-sn19\/\" \/>\n<meta property=\"og:locale\" content=\"en_US\" \/>\n<meta property=\"og:type\" content=\"article\" \/>\n<meta property=\"og:title\" content=\"Plastic Slatted Floor For Pig Farm 1200x600mm SN19-01\" \/>\n<meta property=\"og:description\" content=\"Code: SN19-01   Dimension (LxWxH): 1200x600x72(mm)  Material: PP Plastic  Use for: weaned pigs, sheep and goat  Capacity: 100kg  Weight: 6.0 kg \u00b12%  Drainage groove: 12mm  Bending deformatio: &lt; 5mm\/100kg  Color: Blue\/ Customize  Made by: Minh Phat\" \/>\n<meta property=\"og:url\" content=\"https:\/\/thietbichannuoi.com\/en\/san-pham\/plastic-floor-1200x600mm-sn19\/\" \/>\n<meta property=\"og:site_name\" content=\"Thi\u1ebft b\u1ecb ch\u0103n nu\u00f4i\" \/>\n<meta property=\"article:modified_time\" content=\"2025-12-05T09:06:14+00:00\" \/>\n<meta property=\"og:image\" content=\"https:\/\/thietbichannuoi.com\/wp-content\/uploads\/2023\/11\/San-Heo-1200x60cm.-SN19.jpg\" \/>\n\t<meta property=\"og:image:width\" content=\"1400\" \/>\n\t<meta property=\"og:image:height\" content=\"1200\" \/>\n\t<meta property=\"og:image:type\" content=\"image\/jpeg\" \/>\n<meta name=\"twitter:card\" content=\"summary_large_image\" \/>\n<meta name=\"twitter:label1\" content=\"Est. reading time\" \/>\n\t<meta name=\"twitter:data1\" content=\"3 minutes\" \/>\n<!-- \/ Yoast SEO Premium plugin. -->","yoast_head_json":{"title":"Plastic Slatted Floor For Pig Farm 1200x600mm SN19-01 - Thi\u1ebft b\u1ecb ch\u0103n nu\u00f4i","description":"Plastic Slatted Floor For Pig Farm 1200x600mm SN19-01","robots":{"index":"index","follow":"follow","max-snippet":"max-snippet:-1","max-image-preview":"max-image-preview:large","max-video-preview":"max-video-preview:-1"},"canonical":"https:\/\/thietbichannuoi.com\/en\/san-pham\/plastic-floor-1200x600mm-sn19\/","og_locale":"en_US","og_type":"article","og_title":"Plastic Slatted Floor For Pig Farm 1200x600mm SN19-01","og_description":"Code: SN19-01   Dimension (LxWxH): 1200x600x72(mm)  Material: PP Plastic  Use for: weaned pigs, sheep and goat  Capacity: 100kg  Weight: 6.0 kg \u00b12%  Drainage groove: 12mm  Bending deformatio: &lt; 5mm\/100kg  Color: Blue\/ Customize  Made by: Minh Phat","og_url":"https:\/\/thietbichannuoi.com\/en\/san-pham\/plastic-floor-1200x600mm-sn19\/","og_site_name":"Thi\u1ebft b\u1ecb ch\u0103n nu\u00f4i","article_modified_time":"2025-12-05T09:06:14+00:00","og_image":[{"width":1400,"height":1200,"url":"https:\/\/thietbichannuoi.com\/wp-content\/uploads\/2023\/11\/San-Heo-1200x60cm.-SN19.jpg","type":"image\/jpeg"}],"twitter_card":"summary_large_image","twitter_misc":{"Est. reading time":"3 minutes"},"schema":{"@context":"https:\/\/schema.org","@graph":[{"@type":"WebPage","@id":"https:\/\/thietbichannuoi.com\/en\/san-pham\/plastic-floor-1200x600mm-sn19\/","url":"https:\/\/thietbichannuoi.com\/en\/san-pham\/plastic-floor-1200x600mm-sn19\/","name":"Plastic Slatted Floor For Pig Farm 1200x600mm SN19-01 - Thi\u1ebft b\u1ecb ch\u0103n nu\u00f4i","isPartOf":{"@id":"https:\/\/thietbichannuoi.com\/#website"},"primaryImageOfPage":{"@id":"https:\/\/thietbichannuoi.com\/en\/san-pham\/plastic-floor-1200x600mm-sn19\/#primaryimage"},"image":{"@id":"https:\/\/thietbichannuoi.com\/en\/san-pham\/plastic-floor-1200x600mm-sn19\/#primaryimage"},"thumbnailUrl":"https:\/\/thietbichannuoi.com\/wp-content\/uploads\/2023\/11\/San-Heo-1200x60cm.-SN19.jpg","datePublished":"2023-09-19T09:25:49+00:00","dateModified":"2025-12-05T09:06:14+00:00","description":"Plastic Slatted Floor For Pig Farm 1200x600mm SN19-01","breadcrumb":{"@id":"https:\/\/thietbichannuoi.com\/en\/san-pham\/plastic-floor-1200x600mm-sn19\/#breadcrumb"},"inLanguage":"en-US","potentialAction":[{"@type":"ReadAction","target":["https:\/\/thietbichannuoi.com\/en\/san-pham\/plastic-floor-1200x600mm-sn19\/"]}]},{"@type":"ImageObject","inLanguage":"en-US","@id":"https:\/\/thietbichannuoi.com\/en\/san-pham\/plastic-floor-1200x600mm-sn19\/#primaryimage","url":"https:\/\/thietbichannuoi.com\/wp-content\/uploads\/2023\/11\/San-Heo-1200x60cm.-SN19.jpg","contentUrl":"https:\/\/thietbichannuoi.com\/wp-content\/uploads\/2023\/11\/San-Heo-1200x60cm.-SN19.jpg","width":1400,"height":1200,"caption":"T\u1ea5m nh\u1ef1a l\u00f3t S\u00e0n chu\u1ed3ng heo 1200x600mm SN19-01"},{"@type":"BreadcrumbList","@id":"https:\/\/thietbichannuoi.com\/en\/san-pham\/plastic-floor-1200x600mm-sn19\/#breadcrumb","itemListElement":[{"@type":"ListItem","position":1,"name":"Home","item":"https:\/\/thietbichannuoi.com\/en\/"},{"@type":"ListItem","position":2,"name":"Shop","item":"https:\/\/thietbichannuoi.com\/shop\/"},{"@type":"ListItem","position":3,"name":"Plastic Slatted Floor For Pig Farm 1200x600mm SN19-01"}]},{"@type":"WebSite","@id":"https:\/\/thietbichannuoi.com\/#website","url":"https:\/\/thietbichannuoi.com\/","name":"Thi\u1ebft b\u1ecb ch\u0103n nu\u00f4i","description":"S\u1ea3n xu\u1ea5t thi\u1ebft b\u1ecb ch\u0103n nu\u00f4i gia s\u00fac, gia c\u1ea7m v\u00e0 c\u00e1c s\u1ea3n ph\u1ea9m t\u1eeb nh\u1ef1a","publisher":{"@id":"https:\/\/thietbichannuoi.com\/#organization"},"potentialAction":[{"@type":"SearchAction","target":{"@type":"EntryPoint","urlTemplate":"https:\/\/thietbichannuoi.com\/?s={search_term_string}"},"query-input":{"@type":"PropertyValueSpecification","valueRequired":true,"valueName":"search_term_string"}}],"inLanguage":"en-US"},{"@type":"Organization","@id":"https:\/\/thietbichannuoi.com\/#organization","name":"Thi\u1ebft b\u1ecb ch\u0103n nu\u00f4i Minh Ph\u00e1t","url":"https:\/\/thietbichannuoi.com\/","logo":{"@type":"ImageObject","inLanguage":"en-US","@id":"https:\/\/thietbichannuoi.com\/#\/schema\/logo\/image\/","url":"https:\/\/thietbichannuoi.com\/wp-content\/uploads\/2021\/04\/logo-thiet-bi-chan-nuoi.png","contentUrl":"https:\/\/thietbichannuoi.com\/wp-content\/uploads\/2021\/04\/logo-thiet-bi-chan-nuoi.png","width":104,"height":79,"caption":"Thi\u1ebft b\u1ecb ch\u0103n nu\u00f4i Minh Ph\u00e1t"},"image":{"@id":"https:\/\/thietbichannuoi.com\/#\/schema\/logo\/image\/"}}]}},"uagb_featured_image_src":{"full":["https:\/\/thietbichannuoi.com\/wp-content\/uploads\/2023\/11\/San-Heo-1200x60cm.-SN19.jpg",1400,1200,false],"thumbnail":["https:\/\/thietbichannuoi.com\/wp-content\/uploads\/2023\/11\/San-Heo-1200x60cm.-SN19.jpg",150,129,false],"medium":["https:\/\/thietbichannuoi.com\/wp-content\/uploads\/2023\/11\/San-Heo-1200x60cm.-SN19.jpg",300,257,false],"medium_large":["https:\/\/thietbichannuoi.com\/wp-content\/uploads\/2023\/11\/San-Heo-1200x60cm.-SN19.jpg",1400,1200,false],"large":["https:\/\/thietbichannuoi.com\/wp-content\/uploads\/2023\/11\/San-Heo-1200x60cm.-SN19.jpg",800,686,false],"1536x1536":["https:\/\/thietbichannuoi.com\/wp-content\/uploads\/2023\/11\/San-Heo-1200x60cm.-SN19.jpg",1400,1200,false],"2048x2048":["https:\/\/thietbichannuoi.com\/wp-content\/uploads\/2023\/11\/San-Heo-1200x60cm.-SN19.jpg",1400,1200,false],"woocommerce_thumbnail":["https:\/\/thietbichannuoi.com\/wp-content\/uploads\/2023\/11\/San-Heo-1200x60cm.-SN19.jpg",1400,1200,false],"woocommerce_single":["https:\/\/thietbichannuoi.com\/wp-content\/uploads\/2023\/11\/San-Heo-1200x60cm.-SN19.jpg",1400,1200,false],"woocommerce_gallery_thumbnail":["https:\/\/thietbichannuoi.com\/wp-content\/uploads\/2023\/11\/San-Heo-1200x60cm.-SN19-100x100.jpg",100,100,true]},"uagb_author_info":{"display_name":"admin","author_link":"https:\/\/thietbichannuoi.com\/en\/author\/"},"uagb_comment_info":0,"uagb_excerpt":"Code: SN19-01 Dimension (LxWxH): 1200x600x72(mm) Material: PP Plastic Use for: weaned pigs, sheep and goat Capacity: 100kg Weight: 6.0 kg \u00b12% Drainage groove: 12mm Bending deformatio: &lt; 5mm\/100kg Color: Blue\/ Customize Made by: Minh Phat","_links":{"self":[{"href":"https:\/\/thietbichannuoi.com\/en\/wp-json\/wp\/v2\/product\/15423","targetHints":{"allow":["GET"]}}],"collection":[{"href":"https:\/\/thietbichannuoi.com\/en\/wp-json\/wp\/v2\/product"}],"about":[{"href":"https:\/\/thietbichannuoi.com\/en\/wp-json\/wp\/v2\/types\/product"}],"version-history":[{"count":0,"href":"https:\/\/thietbichannuoi.com\/en\/wp-json\/wp\/v2\/product\/15423\/revisions"}],"wp:featuredmedia":[{"embeddable":true,"href":"https:\/\/thietbichannuoi.com\/en\/wp-json\/wp\/v2\/media\/16209"}],"wp:attachment":[{"href":"https:\/\/thietbichannuoi.com\/en\/wp-json\/wp\/v2\/media?parent=15423"}],"wp:term":[{"taxonomy":"product_brand","embeddable":true,"href":"https:\/\/thietbichannuoi.com\/en\/wp-json\/wp\/v2\/product_brand?post=15423"},{"taxonomy":"product_cat","embeddable":true,"href":"https:\/\/thietbichannuoi.com\/en\/wp-json\/wp\/v2\/product_cat?post=15423"},{"taxonomy":"product_tag","embeddable":true,"href":"https:\/\/thietbichannuoi.com\/en\/wp-json\/wp\/v2\/product_tag?post=15423"}],"curies":[{"name":"wp","href":"https:\/\/api.w.org\/{rel}","templated":true}]}}