{"id":15473,"date":"2023-09-21T16:43:24","date_gmt":"2023-09-21T09:43:24","guid":{"rendered":"https:\/\/thietbichannuoi.com\/?post_type=product&#038;p=15473"},"modified":"2025-09-25T10:06:06","modified_gmt":"2025-09-25T03:06:06","slug":"automatic-feeder-for-chicken","status":"publish","type":"product","link":"https:\/\/thietbichannuoi.com\/en\/san-pham\/automatic-feeder-for-chicken\/","title":{"rendered":"Automatic Poultry Chicken Feeder Pan"},"content":{"rendered":"<p>Automatic Poultry Chicken Feeder Pan<\/p>\n<p>M\u00e1ng \u0103n t\u1ef1 \u0111\u1ed9ng cho g\u00e0 Minh Ph\u00e1t l\u00e0 gi\u1ea3i ph\u00e1p t\u1ed1i \u01b0u gi\u00fap cung c\u1ea5p th\u1ee9c \u0103n li\u00ean t\u1ee5c, h\u1ea1n ch\u1ebf r\u01a1i v\u00e3i v\u00e0 l\u00e3ng ph\u00ed. \u0110\u01b0\u1ee3c l\u00e0m t\u1eeb nh\u1ef1a cao c\u1ea5p, b\u1ec1n b\u1ec9, m\u00e1ng \u0103n c\u00f3 thi\u1ebft k\u1ebf th\u00f4ng minh v\u1edbi kh\u1ea3 n\u0103ng \u0111i\u1ec1u ch\u1ec9nh l\u01b0\u1ee3ng th\u1ee9c \u0103n ph\u00f9 h\u1ee3p theo t\u1eebng giai \u0111o\u1ea1n ph\u00e1t tri\u1ec3n c\u1ee7a g\u00e0. S\u1ea3n ph\u1ea9m gi\u00fap gi\u1eef th\u1ee9c \u0103n s\u1ea1ch s\u1ebd, gi\u1ea3m c\u00f4ng s\u1ee9c cho ng\u01b0\u1eddi ch\u0103n nu\u00f4i v\u00e0 \u0111\u1ea3m b\u1ea3o \u0111\u00e0n g\u00e0 ph\u00e1t tri\u1ec3n \u0111\u1ed3ng \u0111\u1ec1u. Ph\u00f9 h\u1ee3p cho c\u1ea3 ch\u0103n nu\u00f4i nh\u1ecf l\u1ebb v\u00e0 trang tr\u1ea1i quy m\u00f4 l\u1edbn, m\u00e1ng \u0103n Minh Ph\u00e1t gi\u00fap n\u00e2ng cao hi\u1ec7u qu\u1ea3 v\u00e0 ti\u1ebft ki\u1ec7m chi ph\u00ed.<\/p>\n<p><img fetchpriority=\"high\" decoding=\"async\" class=\"alignnone wp-image-18129 size-full\" src=\"https:\/\/thietbichannuoi.com\/wp-content\/uploads\/2024\/09\/duong-an-cho-ga.jpg\" alt=\"\" width=\"1276\" height=\"956\" srcset=\"https:\/\/thietbichannuoi.com\/wp-content\/uploads\/2024\/09\/duong-an-cho-ga.jpg 1276w, https:\/\/thietbichannuoi.com\/wp-content\/uploads\/2024\/09\/duong-an-cho-ga-600x450.jpg 600w, https:\/\/thietbichannuoi.com\/wp-content\/uploads\/2024\/09\/duong-an-cho-ga-300x225.jpg 300w, https:\/\/thietbichannuoi.com\/wp-content\/uploads\/2024\/09\/duong-an-cho-ga-1024x767.jpg 1024w, https:\/\/thietbichannuoi.com\/wp-content\/uploads\/2024\/09\/duong-an-cho-ga-150x112.jpg 150w\" sizes=\"(max-width: 1276px) 100vw, 1276px\" \/><\/p>\n<p><img decoding=\"async\" class=\"alignnone wp-image-18127 size-full\" src=\"https:\/\/thietbichannuoi.com\/wp-content\/uploads\/2024\/09\/duong-an-cho-ga-01.jpg\" alt=\"\" width=\"1276\" height=\"956\" srcset=\"https:\/\/thietbichannuoi.com\/wp-content\/uploads\/2024\/09\/duong-an-cho-ga-01.jpg 1276w, https:\/\/thietbichannuoi.com\/wp-content\/uploads\/2024\/09\/duong-an-cho-ga-01-600x450.jpg 600w, https:\/\/thietbichannuoi.com\/wp-content\/uploads\/2024\/09\/duong-an-cho-ga-01-300x225.jpg 300w, https:\/\/thietbichannuoi.com\/wp-content\/uploads\/2024\/09\/duong-an-cho-ga-01-1024x767.jpg 1024w, https:\/\/thietbichannuoi.com\/wp-content\/uploads\/2024\/09\/duong-an-cho-ga-01-150x112.jpg 150w\" sizes=\"(max-width: 1276px) 100vw, 1276px\" \/><\/p>\n","protected":false},"excerpt":{"rendered":"<p><strong>Product Code:<\/strong> <strong>ATGC-070<\/strong><\/p>\n<ul>\n<li><strong>Material:<\/strong> PP plastic<\/li>\n<li><strong>Capacity:<\/strong> 0.9 &#8211; 1.6 kg<\/li>\n<li><strong>Bottom diameter of the trough:<\/strong> 330 mm<\/li>\n<li><strong>Overall height:<\/strong> 320 mm<\/li>\n<li><strong>Colors:<\/strong> Orange\/Yellow<\/li>\n<li>For use with \u00d845mm pipes<\/li>\n<li><strong>Made by: Minh Ph\u00e1t<\/strong><\/li>\n<\/ul>\n","protected":false},"featured_media":20211,"template":"","meta":{"_uag_custom_page_level_css":"","footnotes":""},"product_brand":[],"product_cat":[1032,589],"product_tag":[],"class_list":{"0":"post-15473","1":"product","2":"type-product","3":"status-publish","4":"has-post-thumbnail","6":"product_cat-automatic-feeding-system","7":"product_cat-poultry-equipment","9":"first","10":"instock","11":"shipping-taxable","12":"product-type-simple"},"acf":[],"yoast_head":"<!-- This site is optimized with the Yoast SEO Premium plugin v22.9 (Yoast SEO v27.3) - https:\/\/yoast.com\/product\/yoast-seo-premium-wordpress\/ -->\n<title>Automatic Poultry Chicken Feeder Pan - Thi\u1ebft b\u1ecb ch\u0103n nu\u00f4i<\/title>\n<meta name=\"description\" content=\"Automatic Poultry Chicken Feeder Pan, auto feeder for chicken\" \/>\n<meta name=\"robots\" content=\"index, follow, max-snippet:-1, max-image-preview:large, max-video-preview:-1\" \/>\n<link rel=\"canonical\" href=\"https:\/\/thietbichannuoi.com\/en\/san-pham\/automatic-feeder-for-chicken\/\" \/>\n<meta property=\"og:locale\" content=\"en_US\" \/>\n<meta property=\"og:type\" content=\"article\" \/>\n<meta property=\"og:title\" content=\"Automatic Poultry Chicken Feeder Pan\" \/>\n<meta property=\"og:description\" content=\"Product Code: ATGC-070   Material: PP plastic  Capacity: 0.9 - 1.6 kg  Bottom diameter of the trough: 330 mm  Overall height: 320 mm  Colors: Orange\/Yellow  For use with \u00d845mm pipes  Made by: Minh Ph\u00e1t\" \/>\n<meta property=\"og:url\" content=\"https:\/\/thietbichannuoi.com\/en\/san-pham\/automatic-feeder-for-chicken\/\" \/>\n<meta property=\"og:site_name\" content=\"Thi\u1ebft b\u1ecb ch\u0103n nu\u00f4i\" \/>\n<meta property=\"article:modified_time\" content=\"2025-09-25T03:06:06+00:00\" \/>\n<meta property=\"og:image\" content=\"https:\/\/thietbichannuoi.com\/wp-content\/uploads\/2023\/09\/ATGC-070.jpg\" \/>\n\t<meta property=\"og:image:width\" content=\"1400\" \/>\n\t<meta property=\"og:image:height\" content=\"1200\" \/>\n\t<meta property=\"og:image:type\" content=\"image\/jpeg\" \/>\n<meta name=\"twitter:card\" content=\"summary_large_image\" \/>\n<meta name=\"twitter:label1\" content=\"Est. reading time\" \/>\n\t<meta name=\"twitter:data1\" content=\"2 minutes\" \/>\n<!-- \/ Yoast SEO Premium plugin. -->","yoast_head_json":{"title":"Automatic Poultry Chicken Feeder Pan - Thi\u1ebft b\u1ecb ch\u0103n nu\u00f4i","description":"Automatic Poultry Chicken Feeder Pan, auto feeder for chicken","robots":{"index":"index","follow":"follow","max-snippet":"max-snippet:-1","max-image-preview":"max-image-preview:large","max-video-preview":"max-video-preview:-1"},"canonical":"https:\/\/thietbichannuoi.com\/en\/san-pham\/automatic-feeder-for-chicken\/","og_locale":"en_US","og_type":"article","og_title":"Automatic Poultry Chicken Feeder Pan","og_description":"Product Code: ATGC-070   Material: PP plastic  Capacity: 0.9 - 1.6 kg  Bottom diameter of the trough: 330 mm  Overall height: 320 mm  Colors: Orange\/Yellow  For use with \u00d845mm pipes  Made by: Minh Ph\u00e1t","og_url":"https:\/\/thietbichannuoi.com\/en\/san-pham\/automatic-feeder-for-chicken\/","og_site_name":"Thi\u1ebft b\u1ecb ch\u0103n nu\u00f4i","article_modified_time":"2025-09-25T03:06:06+00:00","og_image":[{"width":1400,"height":1200,"url":"https:\/\/thietbichannuoi.com\/wp-content\/uploads\/2023\/09\/ATGC-070.jpg","type":"image\/jpeg"}],"twitter_card":"summary_large_image","twitter_misc":{"Est. reading time":"2 minutes"},"schema":{"@context":"https:\/\/schema.org","@graph":[{"@type":"WebPage","@id":"https:\/\/thietbichannuoi.com\/en\/san-pham\/automatic-feeder-for-chicken\/","url":"https:\/\/thietbichannuoi.com\/en\/san-pham\/automatic-feeder-for-chicken\/","name":"Automatic Poultry Chicken Feeder Pan - Thi\u1ebft b\u1ecb ch\u0103n nu\u00f4i","isPartOf":{"@id":"https:\/\/thietbichannuoi.com\/#website"},"primaryImageOfPage":{"@id":"https:\/\/thietbichannuoi.com\/en\/san-pham\/automatic-feeder-for-chicken\/#primaryimage"},"image":{"@id":"https:\/\/thietbichannuoi.com\/en\/san-pham\/automatic-feeder-for-chicken\/#primaryimage"},"thumbnailUrl":"https:\/\/thietbichannuoi.com\/wp-content\/uploads\/2023\/09\/ATGC-070.jpg","datePublished":"2023-09-21T09:43:24+00:00","dateModified":"2025-09-25T03:06:06+00:00","description":"Automatic Poultry Chicken Feeder Pan, auto feeder for chicken","breadcrumb":{"@id":"https:\/\/thietbichannuoi.com\/en\/san-pham\/automatic-feeder-for-chicken\/#breadcrumb"},"inLanguage":"en-US","potentialAction":[{"@type":"ReadAction","target":["https:\/\/thietbichannuoi.com\/en\/san-pham\/automatic-feeder-for-chicken\/"]}]},{"@type":"ImageObject","inLanguage":"en-US","@id":"https:\/\/thietbichannuoi.com\/en\/san-pham\/automatic-feeder-for-chicken\/#primaryimage","url":"https:\/\/thietbichannuoi.com\/wp-content\/uploads\/2023\/09\/ATGC-070.jpg","contentUrl":"https:\/\/thietbichannuoi.com\/wp-content\/uploads\/2023\/09\/ATGC-070.jpg","width":1400,"height":1200,"caption":"M\u00e1ng \u0103n t\u1ef1 \u0111\u1ed9ng gia c\u1ea7m"},{"@type":"BreadcrumbList","@id":"https:\/\/thietbichannuoi.com\/en\/san-pham\/automatic-feeder-for-chicken\/#breadcrumb","itemListElement":[{"@type":"ListItem","position":1,"name":"Home","item":"https:\/\/thietbichannuoi.com\/en\/"},{"@type":"ListItem","position":2,"name":"Shop","item":"https:\/\/thietbichannuoi.com\/shop\/"},{"@type":"ListItem","position":3,"name":"Automatic Poultry Chicken Feeder Pan"}]},{"@type":"WebSite","@id":"https:\/\/thietbichannuoi.com\/#website","url":"https:\/\/thietbichannuoi.com\/","name":"Thi\u1ebft b\u1ecb ch\u0103n nu\u00f4i","description":"S\u1ea3n xu\u1ea5t thi\u1ebft b\u1ecb ch\u0103n nu\u00f4i gia s\u00fac, gia c\u1ea7m v\u00e0 c\u00e1c s\u1ea3n ph\u1ea9m t\u1eeb nh\u1ef1a","publisher":{"@id":"https:\/\/thietbichannuoi.com\/#organization"},"potentialAction":[{"@type":"SearchAction","target":{"@type":"EntryPoint","urlTemplate":"https:\/\/thietbichannuoi.com\/?s={search_term_string}"},"query-input":{"@type":"PropertyValueSpecification","valueRequired":true,"valueName":"search_term_string"}}],"inLanguage":"en-US"},{"@type":"Organization","@id":"https:\/\/thietbichannuoi.com\/#organization","name":"Thi\u1ebft b\u1ecb ch\u0103n nu\u00f4i Minh Ph\u00e1t","url":"https:\/\/thietbichannuoi.com\/","logo":{"@type":"ImageObject","inLanguage":"en-US","@id":"https:\/\/thietbichannuoi.com\/#\/schema\/logo\/image\/","url":"https:\/\/thietbichannuoi.com\/wp-content\/uploads\/2021\/04\/logo-thiet-bi-chan-nuoi.png","contentUrl":"https:\/\/thietbichannuoi.com\/wp-content\/uploads\/2021\/04\/logo-thiet-bi-chan-nuoi.png","width":104,"height":79,"caption":"Thi\u1ebft b\u1ecb ch\u0103n nu\u00f4i Minh Ph\u00e1t"},"image":{"@id":"https:\/\/thietbichannuoi.com\/#\/schema\/logo\/image\/"}}]}},"uagb_featured_image_src":{"full":["https:\/\/thietbichannuoi.com\/wp-content\/uploads\/2023\/09\/ATGC-070.jpg",1400,1200,false],"thumbnail":["https:\/\/thietbichannuoi.com\/wp-content\/uploads\/2023\/09\/ATGC-070.jpg",150,129,false],"medium":["https:\/\/thietbichannuoi.com\/wp-content\/uploads\/2023\/09\/ATGC-070.jpg",300,257,false],"medium_large":["https:\/\/thietbichannuoi.com\/wp-content\/uploads\/2023\/09\/ATGC-070.jpg",1400,1200,false],"large":["https:\/\/thietbichannuoi.com\/wp-content\/uploads\/2023\/09\/ATGC-070.jpg",800,686,false],"1536x1536":["https:\/\/thietbichannuoi.com\/wp-content\/uploads\/2023\/09\/ATGC-070.jpg",1400,1200,false],"2048x2048":["https:\/\/thietbichannuoi.com\/wp-content\/uploads\/2023\/09\/ATGC-070.jpg",1400,1200,false],"woocommerce_thumbnail":["https:\/\/thietbichannuoi.com\/wp-content\/uploads\/2023\/09\/ATGC-070.jpg",1400,1200,false],"woocommerce_single":["https:\/\/thietbichannuoi.com\/wp-content\/uploads\/2023\/09\/ATGC-070.jpg",1400,1200,false],"woocommerce_gallery_thumbnail":["https:\/\/thietbichannuoi.com\/wp-content\/uploads\/2023\/09\/ATGC-070-100x100.jpg",100,100,true]},"uagb_author_info":{"display_name":"admin","author_link":"https:\/\/thietbichannuoi.com\/en\/author\/"},"uagb_comment_info":0,"uagb_excerpt":"Product Code: ATGC-070 Material: PP plastic Capacity: 0.9 - 1.6 kg Bottom diameter of the trough: 330 mm Overall height: 320 mm Colors: Orange\/Yellow For use with \u00d845mm pipes Made by: Minh Ph\u00e1t","_links":{"self":[{"href":"https:\/\/thietbichannuoi.com\/en\/wp-json\/wp\/v2\/product\/15473","targetHints":{"allow":["GET"]}}],"collection":[{"href":"https:\/\/thietbichannuoi.com\/en\/wp-json\/wp\/v2\/product"}],"about":[{"href":"https:\/\/thietbichannuoi.com\/en\/wp-json\/wp\/v2\/types\/product"}],"version-history":[{"count":0,"href":"https:\/\/thietbichannuoi.com\/en\/wp-json\/wp\/v2\/product\/15473\/revisions"}],"wp:featuredmedia":[{"embeddable":true,"href":"https:\/\/thietbichannuoi.com\/en\/wp-json\/wp\/v2\/media\/20211"}],"wp:attachment":[{"href":"https:\/\/thietbichannuoi.com\/en\/wp-json\/wp\/v2\/media?parent=15473"}],"wp:term":[{"taxonomy":"product_brand","embeddable":true,"href":"https:\/\/thietbichannuoi.com\/en\/wp-json\/wp\/v2\/product_brand?post=15473"},{"taxonomy":"product_cat","embeddable":true,"href":"https:\/\/thietbichannuoi.com\/en\/wp-json\/wp\/v2\/product_cat?post=15473"},{"taxonomy":"product_tag","embeddable":true,"href":"https:\/\/thietbichannuoi.com\/en\/wp-json\/wp\/v2\/product_tag?post=15473"}],"curies":[{"name":"wp","href":"https:\/\/api.w.org\/{rel}","templated":true}]}}