{"id":16903,"date":"2024-06-27T11:36:25","date_gmt":"2024-06-27T04:36:25","guid":{"rendered":"https:\/\/thietbichannuoi.com\/?post_type=product&#038;p=16903"},"modified":"2024-08-23T13:56:42","modified_gmt":"2024-08-23T06:56:42","slug":"pig-feeding-line-control-cabinet","status":"publish","type":"product","link":"https:\/\/thietbichannuoi.com\/en\/san-pham\/pig-feeding-line-control-cabinet\/","title":{"rendered":"Pig feeding line control cabinet"},"content":{"rendered":"<p>Pig feeding line control cabinet<\/p>\n<p><strong>Product code: TDK02<\/strong><\/p>\n<ul>\n<li>Controls 2 Motors 0.5-2HP, 3-phase<\/li>\n<li>Functions: overload protection, phase loss protection, automatic operation mode via full and empty sensors<\/li>\n<li>Origin: Vietnam<\/li>\n<\/ul>\n<p><strong>Product code: TDK02-1<\/strong><\/p>\n<ul>\n<li>Controls 2 Motors 0.5-2HP, single-phase<\/li>\n<li>Functions: overload protection, automatic operation mode via full and empty sensors<\/li>\n<li>Origin: Vietnam<\/li>\n<\/ul>\n","protected":false},"excerpt":{"rendered":"<p><strong>Product code: TDK02<\/strong><\/p>\n<ul>\n<li>Controls 2 Motors 0.5-2HP, 3-phase<\/li>\n<li>Functions: overload protection, phase loss protection, automatic operation mode via full and empty sensors<\/li>\n<li>Origin: Vietnam<\/li>\n<\/ul>\n<p><strong>Product code: TDK02-1<\/strong><\/p>\n<ul>\n<li>Controls 2 Motors 0.5-2HP, single-phase<\/li>\n<li>Functions: overload protection, automatic operation mode via full and empty sensors<\/li>\n<li>Origin: Vietnam<\/li>\n<\/ul>\n","protected":false},"featured_media":16904,"template":"","meta":{"_uag_custom_page_level_css":"","footnotes":""},"product_brand":[],"product_cat":[312,291],"product_tag":[1433],"class_list":{"0":"post-16903","1":"product","2":"type-product","3":"status-publish","4":"has-post-thumbnail","6":"product_cat-other-equipment","7":"product_cat-equipment-for-pig","8":"product_tag-pig-feeding-line-control-cabinet","10":"first","11":"instock","12":"shipping-taxable","13":"product-type-simple"},"acf":[],"yoast_head":"<!-- This site is optimized with the Yoast SEO Premium plugin v22.9 (Yoast SEO v27.4) - https:\/\/yoast.com\/product\/yoast-seo-premium-wordpress\/ -->\n<title>Pig feeding line control cabinet - Thi\u1ebft b\u1ecb ch\u0103n nu\u00f4i<\/title>\n<meta name=\"description\" content=\"Pig feeding line control cabinet, overload protection, phase loss protection, automatic operation mode via full and empty sensors\" \/>\n<meta name=\"robots\" content=\"index, follow, max-snippet:-1, max-image-preview:large, max-video-preview:-1\" \/>\n<link rel=\"canonical\" href=\"https:\/\/thietbichannuoi.com\/en\/san-pham\/pig-feeding-line-control-cabinet\/\" \/>\n<meta property=\"og:locale\" content=\"en_US\" \/>\n<meta property=\"og:type\" content=\"article\" \/>\n<meta property=\"og:title\" content=\"Pig feeding line control cabinet\" \/>\n<meta property=\"og:description\" content=\"Product code: TDK02   Controls 2 Motors 0.5-2HP, 3-phase  Functions: overload protection, phase loss protection, automatic operation mode via full and empty sensors  Origin: Vietnam  Product code: TDK02-1   Controls 2 Motors 0.5-2HP, single-phase  Functions: overload protection, automatic operation mode via full and empty sensors  Origin: Vietnam\" \/>\n<meta property=\"og:url\" content=\"https:\/\/thietbichannuoi.com\/en\/san-pham\/pig-feeding-line-control-cabinet\/\" \/>\n<meta property=\"og:site_name\" content=\"Thi\u1ebft b\u1ecb ch\u0103n nu\u00f4i\" \/>\n<meta property=\"article:modified_time\" content=\"2024-08-23T06:56:42+00:00\" \/>\n<meta property=\"og:image\" content=\"https:\/\/thietbichannuoi.com\/wp-content\/uploads\/2024\/06\/Tu-dien-duong-tai-cam.jpg\" \/>\n\t<meta property=\"og:image:width\" content=\"1400\" \/>\n\t<meta property=\"og:image:height\" content=\"1200\" \/>\n\t<meta property=\"og:image:type\" content=\"image\/jpeg\" \/>\n<meta name=\"twitter:card\" content=\"summary_large_image\" \/>\n<meta name=\"twitter:label1\" content=\"Est. reading time\" \/>\n\t<meta name=\"twitter:data1\" content=\"1 minute\" \/>\n<!-- \/ Yoast SEO Premium plugin. -->","yoast_head_json":{"title":"Pig feeding line control cabinet - Thi\u1ebft b\u1ecb ch\u0103n nu\u00f4i","description":"Pig feeding line control cabinet, overload protection, phase loss protection, automatic operation mode via full and empty sensors","robots":{"index":"index","follow":"follow","max-snippet":"max-snippet:-1","max-image-preview":"max-image-preview:large","max-video-preview":"max-video-preview:-1"},"canonical":"https:\/\/thietbichannuoi.com\/en\/san-pham\/pig-feeding-line-control-cabinet\/","og_locale":"en_US","og_type":"article","og_title":"Pig feeding line control cabinet","og_description":"Product code: TDK02   Controls 2 Motors 0.5-2HP, 3-phase  Functions: overload protection, phase loss protection, automatic operation mode via full and empty sensors  Origin: Vietnam  Product code: TDK02-1   Controls 2 Motors 0.5-2HP, single-phase  Functions: overload protection, automatic operation mode via full and empty sensors  Origin: Vietnam","og_url":"https:\/\/thietbichannuoi.com\/en\/san-pham\/pig-feeding-line-control-cabinet\/","og_site_name":"Thi\u1ebft b\u1ecb ch\u0103n nu\u00f4i","article_modified_time":"2024-08-23T06:56:42+00:00","og_image":[{"width":1400,"height":1200,"url":"https:\/\/thietbichannuoi.com\/wp-content\/uploads\/2024\/06\/Tu-dien-duong-tai-cam.jpg","type":"image\/jpeg"}],"twitter_card":"summary_large_image","twitter_misc":{"Est. reading time":"1 minute"},"schema":{"@context":"https:\/\/schema.org","@graph":[{"@type":"WebPage","@id":"https:\/\/thietbichannuoi.com\/en\/san-pham\/pig-feeding-line-control-cabinet\/","url":"https:\/\/thietbichannuoi.com\/en\/san-pham\/pig-feeding-line-control-cabinet\/","name":"Pig feeding line control cabinet - Thi\u1ebft b\u1ecb ch\u0103n nu\u00f4i","isPartOf":{"@id":"https:\/\/thietbichannuoi.com\/#website"},"primaryImageOfPage":{"@id":"https:\/\/thietbichannuoi.com\/en\/san-pham\/pig-feeding-line-control-cabinet\/#primaryimage"},"image":{"@id":"https:\/\/thietbichannuoi.com\/en\/san-pham\/pig-feeding-line-control-cabinet\/#primaryimage"},"thumbnailUrl":"https:\/\/thietbichannuoi.com\/wp-content\/uploads\/2024\/06\/Tu-dien-duong-tai-cam.jpg","datePublished":"2024-06-27T04:36:25+00:00","dateModified":"2024-08-23T06:56:42+00:00","description":"Pig feeding line control cabinet, overload protection, phase loss protection, automatic operation mode via full and empty sensors","breadcrumb":{"@id":"https:\/\/thietbichannuoi.com\/en\/san-pham\/pig-feeding-line-control-cabinet\/#breadcrumb"},"inLanguage":"en-US","potentialAction":[{"@type":"ReadAction","target":["https:\/\/thietbichannuoi.com\/en\/san-pham\/pig-feeding-line-control-cabinet\/"]}]},{"@type":"ImageObject","inLanguage":"en-US","@id":"https:\/\/thietbichannuoi.com\/en\/san-pham\/pig-feeding-line-control-cabinet\/#primaryimage","url":"https:\/\/thietbichannuoi.com\/wp-content\/uploads\/2024\/06\/Tu-dien-duong-tai-cam.jpg","contentUrl":"https:\/\/thietbichannuoi.com\/wp-content\/uploads\/2024\/06\/Tu-dien-duong-tai-cam.jpg","width":1400,"height":1200,"caption":"Pig feeding line control cabinet"},{"@type":"BreadcrumbList","@id":"https:\/\/thietbichannuoi.com\/en\/san-pham\/pig-feeding-line-control-cabinet\/#breadcrumb","itemListElement":[{"@type":"ListItem","position":1,"name":"Home","item":"https:\/\/thietbichannuoi.com\/en\/"},{"@type":"ListItem","position":2,"name":"Shop","item":"https:\/\/thietbichannuoi.com\/shop\/"},{"@type":"ListItem","position":3,"name":"Pig feeding line control cabinet"}]},{"@type":"WebSite","@id":"https:\/\/thietbichannuoi.com\/#website","url":"https:\/\/thietbichannuoi.com\/","name":"Thi\u1ebft b\u1ecb ch\u0103n nu\u00f4i","description":"S\u1ea3n xu\u1ea5t thi\u1ebft b\u1ecb ch\u0103n nu\u00f4i gia s\u00fac, gia c\u1ea7m v\u00e0 c\u00e1c s\u1ea3n ph\u1ea9m t\u1eeb nh\u1ef1a","publisher":{"@id":"https:\/\/thietbichannuoi.com\/#organization"},"potentialAction":[{"@type":"SearchAction","target":{"@type":"EntryPoint","urlTemplate":"https:\/\/thietbichannuoi.com\/?s={search_term_string}"},"query-input":{"@type":"PropertyValueSpecification","valueRequired":true,"valueName":"search_term_string"}}],"inLanguage":"en-US"},{"@type":"Organization","@id":"https:\/\/thietbichannuoi.com\/#organization","name":"Thi\u1ebft b\u1ecb ch\u0103n nu\u00f4i Minh Ph\u00e1t","url":"https:\/\/thietbichannuoi.com\/","logo":{"@type":"ImageObject","inLanguage":"en-US","@id":"https:\/\/thietbichannuoi.com\/#\/schema\/logo\/image\/","url":"https:\/\/thietbichannuoi.com\/wp-content\/uploads\/2021\/04\/logo-thiet-bi-chan-nuoi.png","contentUrl":"https:\/\/thietbichannuoi.com\/wp-content\/uploads\/2021\/04\/logo-thiet-bi-chan-nuoi.png","width":104,"height":79,"caption":"Thi\u1ebft b\u1ecb ch\u0103n nu\u00f4i Minh Ph\u00e1t"},"image":{"@id":"https:\/\/thietbichannuoi.com\/#\/schema\/logo\/image\/"}}]}},"uagb_featured_image_src":{"full":["https:\/\/thietbichannuoi.com\/wp-content\/uploads\/2024\/06\/Tu-dien-duong-tai-cam.jpg",1400,1200,false],"thumbnail":["https:\/\/thietbichannuoi.com\/wp-content\/uploads\/2024\/06\/Tu-dien-duong-tai-cam.jpg",150,129,false],"medium":["https:\/\/thietbichannuoi.com\/wp-content\/uploads\/2024\/06\/Tu-dien-duong-tai-cam.jpg",300,257,false],"medium_large":["https:\/\/thietbichannuoi.com\/wp-content\/uploads\/2024\/06\/Tu-dien-duong-tai-cam.jpg",1400,1200,false],"large":["https:\/\/thietbichannuoi.com\/wp-content\/uploads\/2024\/06\/Tu-dien-duong-tai-cam.jpg",800,686,false],"1536x1536":["https:\/\/thietbichannuoi.com\/wp-content\/uploads\/2024\/06\/Tu-dien-duong-tai-cam.jpg",1400,1200,false],"2048x2048":["https:\/\/thietbichannuoi.com\/wp-content\/uploads\/2024\/06\/Tu-dien-duong-tai-cam.jpg",1400,1200,false],"woocommerce_thumbnail":["https:\/\/thietbichannuoi.com\/wp-content\/uploads\/2024\/06\/Tu-dien-duong-tai-cam.jpg",1400,1200,false],"woocommerce_single":["https:\/\/thietbichannuoi.com\/wp-content\/uploads\/2024\/06\/Tu-dien-duong-tai-cam.jpg",1400,1200,false],"woocommerce_gallery_thumbnail":["https:\/\/thietbichannuoi.com\/wp-content\/uploads\/2024\/06\/Tu-dien-duong-tai-cam-100x100.jpg",100,100,true]},"uagb_author_info":{"display_name":"admin","author_link":"https:\/\/thietbichannuoi.com\/en\/author\/"},"uagb_comment_info":0,"uagb_excerpt":"Product code: TDK02 Controls 2 Motors 0.5-2HP, 3-phase Functions: overload protection, phase loss protection, automatic operation mode via full and empty sensors Origin: Vietnam Product code: TDK02-1 Controls 2 Motors 0.5-2HP, single-phase Functions: overload protection, automatic operation mode via full and empty sensors Origin: Vietnam","_links":{"self":[{"href":"https:\/\/thietbichannuoi.com\/en\/wp-json\/wp\/v2\/product\/16903","targetHints":{"allow":["GET"]}}],"collection":[{"href":"https:\/\/thietbichannuoi.com\/en\/wp-json\/wp\/v2\/product"}],"about":[{"href":"https:\/\/thietbichannuoi.com\/en\/wp-json\/wp\/v2\/types\/product"}],"version-history":[{"count":0,"href":"https:\/\/thietbichannuoi.com\/en\/wp-json\/wp\/v2\/product\/16903\/revisions"}],"wp:featuredmedia":[{"embeddable":true,"href":"https:\/\/thietbichannuoi.com\/en\/wp-json\/wp\/v2\/media\/16904"}],"wp:attachment":[{"href":"https:\/\/thietbichannuoi.com\/en\/wp-json\/wp\/v2\/media?parent=16903"}],"wp:term":[{"taxonomy":"product_brand","embeddable":true,"href":"https:\/\/thietbichannuoi.com\/en\/wp-json\/wp\/v2\/product_brand?post=16903"},{"taxonomy":"product_cat","embeddable":true,"href":"https:\/\/thietbichannuoi.com\/en\/wp-json\/wp\/v2\/product_cat?post=16903"},{"taxonomy":"product_tag","embeddable":true,"href":"https:\/\/thietbichannuoi.com\/en\/wp-json\/wp\/v2\/product_tag?post=16903"}],"curies":[{"name":"wp","href":"https:\/\/api.w.org\/{rel}","templated":true}]}}