{"id":16915,"date":"2024-06-27T13:03:15","date_gmt":"2024-06-27T06:03:15","guid":{"rendered":"https:\/\/thietbichannuoi.com\/?post_type=product&#038;p=16915"},"modified":"2025-09-26T17:25:19","modified_gmt":"2025-09-26T10:25:19","slug":"silo-scale","status":"publish","type":"product","link":"https:\/\/thietbichannuoi.com\/en\/san-pham\/silo-scale\/","title":{"rendered":"Silo scale"},"content":{"rendered":"<p>Silo scale for auto system feeding system<\/p>\n<table width=\"1257\">\n<tbody>\n<tr>\n<td width=\"180\"><strong>SILO12<\/strong><\/td>\n<td width=\"424\"><strong>XK3190 &#8211; A9- 3 Loadcell<\/strong><\/td>\n<td width=\"653\"><strong>K3190-A9 Weighing Indicator:<\/strong><\/p>\n<ul>\n<li>used various weighing systems: from 5 kg to 100 tons.<\/li>\n<li>Weighing units: kg\/g, etc.<\/li>\n<li>Features 12 function keys.<\/li>\n<li>Casing made of plastic, origin: China.<\/li>\n<li>LED numeric display.<\/li>\n<li>Includes a mini printer.<\/li>\n<\/ul>\n<\/td>\n<\/tr>\n<tr>\n<td style=\"font-weight: 400\" width=\"180\"><strong>SILO13<\/strong><\/td>\n<td style=\"font-weight: 400\" width=\"424\"><strong>\u00a0XK3190 &#8211; A9- 4 Loadcell<\/strong><\/td>\n<td style=\"font-weight: 400\" width=\"653\"><strong>K3190-A9 Weighing Indicator:<\/strong><\/p>\n<ul>\n<li>Used for various weighing systems: from 5 kg to 100 tons.<\/li>\n<li>Weighing units: kg\/g, etc.<\/li>\n<li>Features 12 function keys.<\/li>\n<li>Casing made of plastic, origin: China.<\/li>\n<li>LED numeric display.<\/li>\n<li>Includes a mini printer.<\/li>\n<\/ul>\n<\/td>\n<\/tr>\n<tr>\n<td width=\"180\"><strong>SILO14<\/strong><\/td>\n<td width=\"424\"><strong>XK3190 &#8211; A9- 6 Loadcell<\/strong><\/td>\n<td width=\"653\">\n<ul>\n<li>Used for various weighing systems: from 5 kg to 100 tons.<\/li>\n<li>Weighing units: kg\/g, etc.<\/li>\n<li>Features 12 function keys.<\/li>\n<li>Casing made of plastic.<\/li>\n<li>LED numeric display.<\/li>\n<li>Includes a mini printer.<\/li>\n<\/ul>\n<\/td>\n<\/tr>\n<tr>\n<td style=\"font-weight: 400\" width=\"180\"><strong>SILO15<\/strong><\/td>\n<td style=\"font-weight: 400\" width=\"424\"><strong>XK3190 -A9- 8 Load cell<\/strong><\/td>\n<td style=\"font-weight: 400\" width=\"653\"><strong>XK3190-A9 Weighing Indicator:<\/strong><\/p>\n<ul>\n<li>Used for various weighing systems: from 5 kg to 100 tons.<\/li>\n<li>Weighing units: kg\/g, etc.<\/li>\n<li>Casing made of plastic, origin: China.<\/li>\n<li>LED numeric display.<\/li>\n<li>Includes a mini printer.<\/li>\n<\/ul>\n<p><strong>Load Cell:<\/strong><\/p>\n<ul>\n<li>8 H8C Load Cells &#8211; 10 tons.<\/li>\n<\/ul>\n<\/td>\n<\/tr>\n<\/tbody>\n<\/table>\n","protected":false},"excerpt":{"rendered":"<p><strong>Silo Weighing System<\/strong><\/p>\n<ul>\n<li>Weighing units: kg\/g, etc.<\/li>\n<li>LED numeric display.<\/li>\n<li>Includes a mini printer with the indicator.<\/li>\n<li>Integrated rechargeable battery in the indicator.<\/li>\n<li><strong>Load Cell:<\/strong> ZEMIC, Capacity: 5 tons<\/li>\n<li><strong>Origin:<\/strong> China<\/li>\n<\/ul>\n","protected":false},"featured_media":15411,"template":"","meta":{"_uag_custom_page_level_css":"","footnotes":""},"product_brand":[],"product_cat":[1032,1040],"product_tag":[],"class_list":{"0":"post-16915","1":"product","2":"type-product","3":"status-publish","4":"has-post-thumbnail","6":"product_cat-automatic-feeding-system","7":"product_cat-silos-feeding-systems","9":"first","10":"instock","11":"shipping-taxable","12":"product-type-simple"},"acf":[],"yoast_head":"<!-- This site is optimized with the Yoast SEO Premium plugin v22.9 (Yoast SEO v27.3) - https:\/\/yoast.com\/product\/yoast-seo-premium-wordpress\/ -->\n<title>Silo scale - Thi\u1ebft b\u1ecb ch\u0103n nu\u00f4i<\/title>\n<meta name=\"description\" content=\"Silo scale for auto system feeding system\" \/>\n<meta name=\"robots\" content=\"index, follow, max-snippet:-1, max-image-preview:large, max-video-preview:-1\" \/>\n<link rel=\"canonical\" href=\"https:\/\/thietbichannuoi.com\/en\/san-pham\/silo-scale\/\" \/>\n<meta property=\"og:locale\" content=\"en_US\" \/>\n<meta property=\"og:type\" content=\"article\" \/>\n<meta property=\"og:title\" content=\"Silo scale\" \/>\n<meta property=\"og:description\" content=\"Silo Weighing System   Weighing units: kg\/g, etc.  LED numeric display.  Includes a mini printer with the indicator.  Integrated rechargeable battery in the indicator.  Load Cell: ZEMIC, Capacity: 5 tons  Origin: China\" \/>\n<meta property=\"og:url\" content=\"https:\/\/thietbichannuoi.com\/en\/san-pham\/silo-scale\/\" \/>\n<meta property=\"og:site_name\" content=\"Thi\u1ebft b\u1ecb ch\u0103n nu\u00f4i\" \/>\n<meta property=\"article:modified_time\" content=\"2025-09-26T10:25:19+00:00\" \/>\n<meta property=\"og:image\" content=\"https:\/\/thietbichannuoi.com\/wp-content\/uploads\/2023\/09\/HE-THONG-CAN-SILO-CHUA-CAM-1.jpg\" \/>\n\t<meta property=\"og:image:width\" content=\"1400\" \/>\n\t<meta property=\"og:image:height\" content=\"1200\" \/>\n\t<meta property=\"og:image:type\" content=\"image\/jpeg\" \/>\n<meta name=\"twitter:card\" content=\"summary_large_image\" \/>\n<meta name=\"twitter:label1\" content=\"Est. reading time\" \/>\n\t<meta name=\"twitter:data1\" content=\"2 minutes\" \/>\n<!-- \/ Yoast SEO Premium plugin. -->","yoast_head_json":{"title":"Silo scale - Thi\u1ebft b\u1ecb ch\u0103n nu\u00f4i","description":"Silo scale for auto system feeding system","robots":{"index":"index","follow":"follow","max-snippet":"max-snippet:-1","max-image-preview":"max-image-preview:large","max-video-preview":"max-video-preview:-1"},"canonical":"https:\/\/thietbichannuoi.com\/en\/san-pham\/silo-scale\/","og_locale":"en_US","og_type":"article","og_title":"Silo scale","og_description":"Silo Weighing System   Weighing units: kg\/g, etc.  LED numeric display.  Includes a mini printer with the indicator.  Integrated rechargeable battery in the indicator.  Load Cell: ZEMIC, Capacity: 5 tons  Origin: China","og_url":"https:\/\/thietbichannuoi.com\/en\/san-pham\/silo-scale\/","og_site_name":"Thi\u1ebft b\u1ecb ch\u0103n nu\u00f4i","article_modified_time":"2025-09-26T10:25:19+00:00","og_image":[{"width":1400,"height":1200,"url":"https:\/\/thietbichannuoi.com\/wp-content\/uploads\/2023\/09\/HE-THONG-CAN-SILO-CHUA-CAM-1.jpg","type":"image\/jpeg"}],"twitter_card":"summary_large_image","twitter_misc":{"Est. reading time":"2 minutes"},"schema":{"@context":"https:\/\/schema.org","@graph":[{"@type":"WebPage","@id":"https:\/\/thietbichannuoi.com\/en\/san-pham\/silo-scale\/","url":"https:\/\/thietbichannuoi.com\/en\/san-pham\/silo-scale\/","name":"Silo scale - Thi\u1ebft b\u1ecb ch\u0103n nu\u00f4i","isPartOf":{"@id":"https:\/\/thietbichannuoi.com\/#website"},"primaryImageOfPage":{"@id":"https:\/\/thietbichannuoi.com\/en\/san-pham\/silo-scale\/#primaryimage"},"image":{"@id":"https:\/\/thietbichannuoi.com\/en\/san-pham\/silo-scale\/#primaryimage"},"thumbnailUrl":"https:\/\/thietbichannuoi.com\/wp-content\/uploads\/2023\/09\/HE-THONG-CAN-SILO-CHUA-CAM-1.jpg","datePublished":"2024-06-27T06:03:15+00:00","dateModified":"2025-09-26T10:25:19+00:00","description":"Silo scale for auto system feeding system","breadcrumb":{"@id":"https:\/\/thietbichannuoi.com\/en\/san-pham\/silo-scale\/#breadcrumb"},"inLanguage":"en-US","potentialAction":[{"@type":"ReadAction","target":["https:\/\/thietbichannuoi.com\/en\/san-pham\/silo-scale\/"]}]},{"@type":"ImageObject","inLanguage":"en-US","@id":"https:\/\/thietbichannuoi.com\/en\/san-pham\/silo-scale\/#primaryimage","url":"https:\/\/thietbichannuoi.com\/wp-content\/uploads\/2023\/09\/HE-THONG-CAN-SILO-CHUA-CAM-1.jpg","contentUrl":"https:\/\/thietbichannuoi.com\/wp-content\/uploads\/2023\/09\/HE-THONG-CAN-SILO-CHUA-CAM-1.jpg","width":1400,"height":1200,"caption":"C\u00c2N SILO CH\u1ee8A C\u00c1M"},{"@type":"BreadcrumbList","@id":"https:\/\/thietbichannuoi.com\/en\/san-pham\/silo-scale\/#breadcrumb","itemListElement":[{"@type":"ListItem","position":1,"name":"Home","item":"https:\/\/thietbichannuoi.com\/en\/"},{"@type":"ListItem","position":2,"name":"Shop","item":"https:\/\/thietbichannuoi.com\/shop\/"},{"@type":"ListItem","position":3,"name":"Silo scale"}]},{"@type":"WebSite","@id":"https:\/\/thietbichannuoi.com\/#website","url":"https:\/\/thietbichannuoi.com\/","name":"Thi\u1ebft b\u1ecb ch\u0103n nu\u00f4i","description":"S\u1ea3n xu\u1ea5t thi\u1ebft b\u1ecb ch\u0103n nu\u00f4i gia s\u00fac, gia c\u1ea7m v\u00e0 c\u00e1c s\u1ea3n ph\u1ea9m t\u1eeb nh\u1ef1a","publisher":{"@id":"https:\/\/thietbichannuoi.com\/#organization"},"potentialAction":[{"@type":"SearchAction","target":{"@type":"EntryPoint","urlTemplate":"https:\/\/thietbichannuoi.com\/?s={search_term_string}"},"query-input":{"@type":"PropertyValueSpecification","valueRequired":true,"valueName":"search_term_string"}}],"inLanguage":"en-US"},{"@type":"Organization","@id":"https:\/\/thietbichannuoi.com\/#organization","name":"Thi\u1ebft b\u1ecb ch\u0103n nu\u00f4i Minh Ph\u00e1t","url":"https:\/\/thietbichannuoi.com\/","logo":{"@type":"ImageObject","inLanguage":"en-US","@id":"https:\/\/thietbichannuoi.com\/#\/schema\/logo\/image\/","url":"https:\/\/thietbichannuoi.com\/wp-content\/uploads\/2021\/04\/logo-thiet-bi-chan-nuoi.png","contentUrl":"https:\/\/thietbichannuoi.com\/wp-content\/uploads\/2021\/04\/logo-thiet-bi-chan-nuoi.png","width":104,"height":79,"caption":"Thi\u1ebft b\u1ecb ch\u0103n nu\u00f4i Minh Ph\u00e1t"},"image":{"@id":"https:\/\/thietbichannuoi.com\/#\/schema\/logo\/image\/"}}]}},"uagb_featured_image_src":{"full":["https:\/\/thietbichannuoi.com\/wp-content\/uploads\/2023\/09\/HE-THONG-CAN-SILO-CHUA-CAM-1.jpg",1400,1200,false],"thumbnail":["https:\/\/thietbichannuoi.com\/wp-content\/uploads\/2023\/09\/HE-THONG-CAN-SILO-CHUA-CAM-1.jpg",150,129,false],"medium":["https:\/\/thietbichannuoi.com\/wp-content\/uploads\/2023\/09\/HE-THONG-CAN-SILO-CHUA-CAM-1.jpg",300,257,false],"medium_large":["https:\/\/thietbichannuoi.com\/wp-content\/uploads\/2023\/09\/HE-THONG-CAN-SILO-CHUA-CAM-1.jpg",1400,1200,false],"large":["https:\/\/thietbichannuoi.com\/wp-content\/uploads\/2023\/09\/HE-THONG-CAN-SILO-CHUA-CAM-1.jpg",800,686,false],"1536x1536":["https:\/\/thietbichannuoi.com\/wp-content\/uploads\/2023\/09\/HE-THONG-CAN-SILO-CHUA-CAM-1.jpg",1400,1200,false],"2048x2048":["https:\/\/thietbichannuoi.com\/wp-content\/uploads\/2023\/09\/HE-THONG-CAN-SILO-CHUA-CAM-1.jpg",1400,1200,false],"woocommerce_thumbnail":["https:\/\/thietbichannuoi.com\/wp-content\/uploads\/2023\/09\/HE-THONG-CAN-SILO-CHUA-CAM-1.jpg",1400,1200,false],"woocommerce_single":["https:\/\/thietbichannuoi.com\/wp-content\/uploads\/2023\/09\/HE-THONG-CAN-SILO-CHUA-CAM-1.jpg",1400,1200,false],"woocommerce_gallery_thumbnail":["https:\/\/thietbichannuoi.com\/wp-content\/uploads\/2023\/09\/HE-THONG-CAN-SILO-CHUA-CAM-1-100x100.jpg",100,100,true]},"uagb_author_info":{"display_name":"admin","author_link":"https:\/\/thietbichannuoi.com\/en\/author\/"},"uagb_comment_info":0,"uagb_excerpt":"Silo Weighing System Weighing units: kg\/g, etc. LED numeric display. Includes a mini printer with the indicator. Integrated rechargeable battery in the indicator. Load Cell: ZEMIC, Capacity: 5 tons Origin: China","_links":{"self":[{"href":"https:\/\/thietbichannuoi.com\/en\/wp-json\/wp\/v2\/product\/16915","targetHints":{"allow":["GET"]}}],"collection":[{"href":"https:\/\/thietbichannuoi.com\/en\/wp-json\/wp\/v2\/product"}],"about":[{"href":"https:\/\/thietbichannuoi.com\/en\/wp-json\/wp\/v2\/types\/product"}],"version-history":[{"count":0,"href":"https:\/\/thietbichannuoi.com\/en\/wp-json\/wp\/v2\/product\/16915\/revisions"}],"wp:featuredmedia":[{"embeddable":true,"href":"https:\/\/thietbichannuoi.com\/en\/wp-json\/wp\/v2\/media\/15411"}],"wp:attachment":[{"href":"https:\/\/thietbichannuoi.com\/en\/wp-json\/wp\/v2\/media?parent=16915"}],"wp:term":[{"taxonomy":"product_brand","embeddable":true,"href":"https:\/\/thietbichannuoi.com\/en\/wp-json\/wp\/v2\/product_brand?post=16915"},{"taxonomy":"product_cat","embeddable":true,"href":"https:\/\/thietbichannuoi.com\/en\/wp-json\/wp\/v2\/product_cat?post=16915"},{"taxonomy":"product_tag","embeddable":true,"href":"https:\/\/thietbichannuoi.com\/en\/wp-json\/wp\/v2\/product_tag?post=16915"}],"curies":[{"name":"wp","href":"https:\/\/api.w.org\/{rel}","templated":true}]}}