{"id":17043,"date":"2024-06-28T08:45:19","date_gmt":"2024-06-28T01:45:19","guid":{"rendered":"https:\/\/thietbichannuoi.com\/?post_type=product&#038;p=17043"},"modified":"2025-09-25T08:59:34","modified_gmt":"2025-09-25T01:59:34","slug":"duck-nipple-drinking","status":"publish","type":"product","link":"https:\/\/thietbichannuoi.com\/en\/san-pham\/duck-nipple-drinking\/","title":{"rendered":"Duck Nipple Drinking"},"content":{"rendered":"<p>Duck Nipple Drinking<\/p>\n<p>N\u00fam u\u1ed1ng t\u1ef1 \u0111\u1ed9ng cho v\u1ecbt Minh Ph\u00e1t l\u00e0 gi\u1ea3i ph\u00e1p hi\u1ec7n \u0111\u1ea1i gi\u00fap ch\u0103n nu\u00f4i hi\u1ec7u qu\u1ea3 h\u01a1n. S\u1ea3n ph\u1ea9m \u0111\u01b0\u1ee3c thi\u1ebft k\u1ebf \u0111\u1ec3 cung c\u1ea5p n\u01b0\u1edbc s\u1ea1ch li\u00ean t\u1ee5c, gi\u00fap v\u1ecbt u\u1ed1ng d\u1ec5 d\u00e0ng m\u00e0 kh\u00f4ng l\u00e0m \u0111\u1ed5 n\u01b0\u1edbc ra chu\u1ed3ng, gi\u1ea3m nguy c\u01a1 \u00f4 nhi\u1ec5m v\u00e0 d\u1ecbch b\u1ec7nh. V\u1edbi ch\u1ea5t li\u1ec7u b\u1ec1n b\u1ec9, d\u1ec5 l\u1eafp \u0111\u1eb7t v\u00e0 s\u1eed d\u1ee5ng, n\u00fam u\u1ed1ng Minh Ph\u00e1t gi\u00fap ti\u1ebft ki\u1ec7m n\u01b0\u1edbc, c\u00f4ng s\u1ee9c v\u00e0 \u0111\u1ea3m b\u1ea3o s\u1ee9c kh\u1ecfe \u0111\u00e0n v\u1ecbt. \u0110\u00e2y l\u00e0 l\u1ef1a ch\u1ecdn t\u1ed1i \u01b0u cho c\u00e1c trang tr\u1ea1i ch\u0103n nu\u00f4i quy m\u00f4 l\u1edbn v\u00e0 nh\u1ecf.<\/p>\n<p><img fetchpriority=\"high\" decoding=\"async\" class=\"alignnone wp-image-18133 size-full\" src=\"https:\/\/thietbichannuoi.com\/wp-content\/uploads\/2024\/09\/duong-uong-cho-vit-01-scaled.jpg\" alt=\"\" width=\"2560\" height=\"1920\" srcset=\"https:\/\/thietbichannuoi.com\/wp-content\/uploads\/2024\/09\/duong-uong-cho-vit-01-scaled.jpg 2560w, https:\/\/thietbichannuoi.com\/wp-content\/uploads\/2024\/09\/duong-uong-cho-vit-01-scaled-600x450.jpg 600w, https:\/\/thietbichannuoi.com\/wp-content\/uploads\/2024\/09\/duong-uong-cho-vit-01-300x225.jpg 300w, https:\/\/thietbichannuoi.com\/wp-content\/uploads\/2024\/09\/duong-uong-cho-vit-01-1024x768.jpg 1024w, https:\/\/thietbichannuoi.com\/wp-content\/uploads\/2024\/09\/duong-uong-cho-vit-01-150x113.jpg 150w, https:\/\/thietbichannuoi.com\/wp-content\/uploads\/2024\/09\/duong-uong-cho-vit-01-1536x1152.jpg 1536w, https:\/\/thietbichannuoi.com\/wp-content\/uploads\/2024\/09\/duong-uong-cho-vit-01-2048x1536.jpg 2048w\" sizes=\"(max-width: 2560px) 100vw, 2560px\" \/> <img decoding=\"async\" class=\"alignnone wp-image-18117 size-full\" src=\"https:\/\/thietbichannuoi.com\/wp-content\/uploads\/2019\/09\/z5806736977458_6c1106ad4b24ed696ae75d8bdedf5d3f-scaled.jpg\" alt=\"\" width=\"2560\" height=\"1920\" srcset=\"https:\/\/thietbichannuoi.com\/wp-content\/uploads\/2019\/09\/z5806736977458_6c1106ad4b24ed696ae75d8bdedf5d3f-scaled.jpg 2560w, https:\/\/thietbichannuoi.com\/wp-content\/uploads\/2019\/09\/z5806736977458_6c1106ad4b24ed696ae75d8bdedf5d3f-300x225.jpg 300w, https:\/\/thietbichannuoi.com\/wp-content\/uploads\/2019\/09\/z5806736977458_6c1106ad4b24ed696ae75d8bdedf5d3f-1024x768.jpg 1024w, https:\/\/thietbichannuoi.com\/wp-content\/uploads\/2019\/09\/z5806736977458_6c1106ad4b24ed696ae75d8bdedf5d3f-150x113.jpg 150w, https:\/\/thietbichannuoi.com\/wp-content\/uploads\/2019\/09\/z5806736977458_6c1106ad4b24ed696ae75d8bdedf5d3f-1536x1152.jpg 1536w, https:\/\/thietbichannuoi.com\/wp-content\/uploads\/2019\/09\/z5806736977458_6c1106ad4b24ed696ae75d8bdedf5d3f-2048x1536.jpg 2048w\" sizes=\"(max-width: 2560px) 100vw, 2560px\" \/><\/p>\n","protected":false},"excerpt":{"rendered":"<p><strong>Product Code: GU050<\/strong><\/p>\n<ul>\n<li>To be used with 22x22mm square plastic pipes.<\/li>\n<li><strong>Origin:<\/strong> Vietnam.<\/li>\n<\/ul>\n<p><strong>Product Code: GU051<\/strong><\/p>\n<ul>\n<li>To be used with 25x25mm square plastic pipes.<\/li>\n<li><strong>Origin:<\/strong> Vietnam.<\/li>\n<\/ul>\n","protected":false},"featured_media":19049,"template":"","meta":{"_uag_custom_page_level_css":"","footnotes":""},"product_brand":[],"product_cat":[602,589],"product_tag":[1443],"class_list":{"0":"post-17043","1":"product","2":"type-product","3":"status-publish","4":"has-post-thumbnail","6":"product_cat-drinking-system-for-poultry","7":"product_cat-poultry-equipment","8":"product_tag-duck-nipple-drinking","10":"first","11":"instock","12":"shipping-taxable","13":"product-type-simple"},"acf":[],"yoast_head":"<!-- This site is optimized with the Yoast SEO Premium plugin v22.9 (Yoast SEO v27.5) - https:\/\/yoast.com\/product\/yoast-seo-premium-wordpress\/ -->\n<title>Duck Nipple Drinking - Thi\u1ebft b\u1ecb ch\u0103n nu\u00f4i<\/title>\n<meta name=\"description\" content=\"Duck Nipple Drinking\" \/>\n<meta name=\"robots\" content=\"index, follow, max-snippet:-1, max-image-preview:large, max-video-preview:-1\" \/>\n<link rel=\"canonical\" href=\"https:\/\/thietbichannuoi.com\/en\/san-pham\/duck-nipple-drinking\/\" \/>\n<meta property=\"og:locale\" content=\"en_US\" \/>\n<meta property=\"og:type\" content=\"article\" \/>\n<meta property=\"og:title\" content=\"Duck Nipple Drinking\" \/>\n<meta property=\"og:description\" content=\"Product Code: GU050   To be used with 22x22mm square plastic pipes.  Origin: Vietnam.  Product Code: GU051   To be used with 25x25mm square plastic pipes.  Origin: Vietnam.\" \/>\n<meta property=\"og:url\" content=\"https:\/\/thietbichannuoi.com\/en\/san-pham\/duck-nipple-drinking\/\" \/>\n<meta property=\"og:site_name\" content=\"Thi\u1ebft b\u1ecb ch\u0103n nu\u00f4i\" \/>\n<meta property=\"article:modified_time\" content=\"2025-09-25T01:59:34+00:00\" \/>\n<meta property=\"og:image\" content=\"https:\/\/thietbichannuoi.com\/wp-content\/uploads\/2023\/09\/num-uong-03-1.jpg\" \/>\n\t<meta property=\"og:image:width\" content=\"1400\" \/>\n\t<meta property=\"og:image:height\" content=\"1200\" \/>\n\t<meta property=\"og:image:type\" content=\"image\/jpeg\" \/>\n<meta name=\"twitter:card\" content=\"summary_large_image\" \/>\n<meta name=\"twitter:label1\" content=\"Est. reading time\" \/>\n\t<meta name=\"twitter:data1\" content=\"2 minutes\" \/>\n<!-- \/ Yoast SEO Premium plugin. -->","yoast_head_json":{"title":"Duck Nipple Drinking - Thi\u1ebft b\u1ecb ch\u0103n nu\u00f4i","description":"Duck Nipple Drinking","robots":{"index":"index","follow":"follow","max-snippet":"max-snippet:-1","max-image-preview":"max-image-preview:large","max-video-preview":"max-video-preview:-1"},"canonical":"https:\/\/thietbichannuoi.com\/en\/san-pham\/duck-nipple-drinking\/","og_locale":"en_US","og_type":"article","og_title":"Duck Nipple Drinking","og_description":"Product Code: GU050   To be used with 22x22mm square plastic pipes.  Origin: Vietnam.  Product Code: GU051   To be used with 25x25mm square plastic pipes.  Origin: Vietnam.","og_url":"https:\/\/thietbichannuoi.com\/en\/san-pham\/duck-nipple-drinking\/","og_site_name":"Thi\u1ebft b\u1ecb ch\u0103n nu\u00f4i","article_modified_time":"2025-09-25T01:59:34+00:00","og_image":[{"width":1400,"height":1200,"url":"https:\/\/thietbichannuoi.com\/wp-content\/uploads\/2023\/09\/num-uong-03-1.jpg","type":"image\/jpeg"}],"twitter_card":"summary_large_image","twitter_misc":{"Est. reading time":"2 minutes"},"schema":{"@context":"https:\/\/schema.org","@graph":[{"@type":"WebPage","@id":"https:\/\/thietbichannuoi.com\/en\/san-pham\/duck-nipple-drinking\/","url":"https:\/\/thietbichannuoi.com\/en\/san-pham\/duck-nipple-drinking\/","name":"Duck Nipple Drinking - Thi\u1ebft b\u1ecb ch\u0103n nu\u00f4i","isPartOf":{"@id":"https:\/\/thietbichannuoi.com\/#website"},"primaryImageOfPage":{"@id":"https:\/\/thietbichannuoi.com\/en\/san-pham\/duck-nipple-drinking\/#primaryimage"},"image":{"@id":"https:\/\/thietbichannuoi.com\/en\/san-pham\/duck-nipple-drinking\/#primaryimage"},"thumbnailUrl":"https:\/\/thietbichannuoi.com\/wp-content\/uploads\/2023\/09\/num-uong-03-1.jpg","datePublished":"2024-06-28T01:45:19+00:00","dateModified":"2025-09-25T01:59:34+00:00","description":"Duck Nipple Drinking","breadcrumb":{"@id":"https:\/\/thietbichannuoi.com\/en\/san-pham\/duck-nipple-drinking\/#breadcrumb"},"inLanguage":"en-US","potentialAction":[{"@type":"ReadAction","target":["https:\/\/thietbichannuoi.com\/en\/san-pham\/duck-nipple-drinking\/"]}]},{"@type":"ImageObject","inLanguage":"en-US","@id":"https:\/\/thietbichannuoi.com\/en\/san-pham\/duck-nipple-drinking\/#primaryimage","url":"https:\/\/thietbichannuoi.com\/wp-content\/uploads\/2023\/09\/num-uong-03-1.jpg","contentUrl":"https:\/\/thietbichannuoi.com\/wp-content\/uploads\/2023\/09\/num-uong-03-1.jpg","width":1400,"height":1200,"caption":"N\u00fam u\u1ed1ng cho v\u1ecbt"},{"@type":"BreadcrumbList","@id":"https:\/\/thietbichannuoi.com\/en\/san-pham\/duck-nipple-drinking\/#breadcrumb","itemListElement":[{"@type":"ListItem","position":1,"name":"Home","item":"https:\/\/thietbichannuoi.com\/en\/"},{"@type":"ListItem","position":2,"name":"Shop","item":"https:\/\/thietbichannuoi.com\/shop\/"},{"@type":"ListItem","position":3,"name":"Duck Nipple Drinking"}]},{"@type":"WebSite","@id":"https:\/\/thietbichannuoi.com\/#website","url":"https:\/\/thietbichannuoi.com\/","name":"Thi\u1ebft b\u1ecb ch\u0103n nu\u00f4i","description":"S\u1ea3n xu\u1ea5t thi\u1ebft b\u1ecb ch\u0103n nu\u00f4i gia s\u00fac, gia c\u1ea7m v\u00e0 c\u00e1c s\u1ea3n ph\u1ea9m t\u1eeb nh\u1ef1a","publisher":{"@id":"https:\/\/thietbichannuoi.com\/#organization"},"potentialAction":[{"@type":"SearchAction","target":{"@type":"EntryPoint","urlTemplate":"https:\/\/thietbichannuoi.com\/?s={search_term_string}"},"query-input":{"@type":"PropertyValueSpecification","valueRequired":true,"valueName":"search_term_string"}}],"inLanguage":"en-US"},{"@type":"Organization","@id":"https:\/\/thietbichannuoi.com\/#organization","name":"Thi\u1ebft b\u1ecb ch\u0103n nu\u00f4i Minh Ph\u00e1t","url":"https:\/\/thietbichannuoi.com\/","logo":{"@type":"ImageObject","inLanguage":"en-US","@id":"https:\/\/thietbichannuoi.com\/#\/schema\/logo\/image\/","url":"https:\/\/thietbichannuoi.com\/wp-content\/uploads\/2021\/04\/logo-thiet-bi-chan-nuoi.png","contentUrl":"https:\/\/thietbichannuoi.com\/wp-content\/uploads\/2021\/04\/logo-thiet-bi-chan-nuoi.png","width":104,"height":79,"caption":"Thi\u1ebft b\u1ecb ch\u0103n nu\u00f4i Minh Ph\u00e1t"},"image":{"@id":"https:\/\/thietbichannuoi.com\/#\/schema\/logo\/image\/"}}]}},"uagb_featured_image_src":{"full":["https:\/\/thietbichannuoi.com\/wp-content\/uploads\/2023\/09\/num-uong-03-1.jpg",1400,1200,false],"thumbnail":["https:\/\/thietbichannuoi.com\/wp-content\/uploads\/2023\/09\/num-uong-03-1.jpg",150,129,false],"medium":["https:\/\/thietbichannuoi.com\/wp-content\/uploads\/2023\/09\/num-uong-03-1.jpg",300,257,false],"medium_large":["https:\/\/thietbichannuoi.com\/wp-content\/uploads\/2023\/09\/num-uong-03-1.jpg",1400,1200,false],"large":["https:\/\/thietbichannuoi.com\/wp-content\/uploads\/2023\/09\/num-uong-03-1.jpg",800,686,false],"1536x1536":["https:\/\/thietbichannuoi.com\/wp-content\/uploads\/2023\/09\/num-uong-03-1.jpg",1400,1200,false],"2048x2048":["https:\/\/thietbichannuoi.com\/wp-content\/uploads\/2023\/09\/num-uong-03-1.jpg",1400,1200,false],"woocommerce_thumbnail":["https:\/\/thietbichannuoi.com\/wp-content\/uploads\/2023\/09\/num-uong-03-1.jpg",1400,1200,false],"woocommerce_single":["https:\/\/thietbichannuoi.com\/wp-content\/uploads\/2023\/09\/num-uong-03-1.jpg",1400,1200,false],"woocommerce_gallery_thumbnail":["https:\/\/thietbichannuoi.com\/wp-content\/uploads\/2023\/09\/num-uong-03-1-100x100.jpg",100,100,true]},"uagb_author_info":{"display_name":"admin","author_link":"https:\/\/thietbichannuoi.com\/en\/author\/"},"uagb_comment_info":0,"uagb_excerpt":"Product Code: GU050 To be used with 22x22mm square plastic pipes. Origin: Vietnam. Product Code: GU051 To be used with 25x25mm square plastic pipes. Origin: Vietnam.","_links":{"self":[{"href":"https:\/\/thietbichannuoi.com\/en\/wp-json\/wp\/v2\/product\/17043","targetHints":{"allow":["GET"]}}],"collection":[{"href":"https:\/\/thietbichannuoi.com\/en\/wp-json\/wp\/v2\/product"}],"about":[{"href":"https:\/\/thietbichannuoi.com\/en\/wp-json\/wp\/v2\/types\/product"}],"version-history":[{"count":0,"href":"https:\/\/thietbichannuoi.com\/en\/wp-json\/wp\/v2\/product\/17043\/revisions"}],"wp:featuredmedia":[{"embeddable":true,"href":"https:\/\/thietbichannuoi.com\/en\/wp-json\/wp\/v2\/media\/19049"}],"wp:attachment":[{"href":"https:\/\/thietbichannuoi.com\/en\/wp-json\/wp\/v2\/media?parent=17043"}],"wp:term":[{"taxonomy":"product_brand","embeddable":true,"href":"https:\/\/thietbichannuoi.com\/en\/wp-json\/wp\/v2\/product_brand?post=17043"},{"taxonomy":"product_cat","embeddable":true,"href":"https:\/\/thietbichannuoi.com\/en\/wp-json\/wp\/v2\/product_cat?post=17043"},{"taxonomy":"product_tag","embeddable":true,"href":"https:\/\/thietbichannuoi.com\/en\/wp-json\/wp\/v2\/product_tag?post=17043"}],"curies":[{"name":"wp","href":"https:\/\/api.w.org\/{rel}","templated":true}]}}