{"id":17092,"date":"2024-06-28T11:04:45","date_gmt":"2024-06-28T04:04:45","guid":{"rendered":"https:\/\/thietbichannuoi.com\/?post_type=product&#038;p=17092"},"modified":"2025-09-25T16:02:22","modified_gmt":"2025-09-25T09:02:22","slug":"interheat-heat-lamp","status":"publish","type":"product","link":"https:\/\/thietbichannuoi.com\/en\/san-pham\/interheat-heat-lamp\/","title":{"rendered":"Interheat heat lamp"},"content":{"rendered":"<p class=\"LC20lb MBeuO DKV0Md\"><strong>Interheat heat lamp<\/strong><\/p>\n<p>An infrared heating lamp is a type of device that generates heat using an infrared bulb. This device can illuminate and warm a space quickly while ensuring complete safety, as harmful ultraviolet rays have been eliminated.<\/p>\n<p><img fetchpriority=\"high\" decoding=\"async\" class=\"alignnone wp-image-16838 size-full\" src=\"https:\/\/thietbichannuoi.com\/wp-content\/uploads\/2024\/06\/DSC1530-logo-mp.jpg\" alt=\"\" width=\"2500\" height=\"1667\" srcset=\"https:\/\/thietbichannuoi.com\/wp-content\/uploads\/2024\/06\/DSC1530-logo-mp.jpg 2500w, https:\/\/thietbichannuoi.com\/wp-content\/uploads\/2024\/06\/DSC1530-logo-mp-300x200.jpg 300w, https:\/\/thietbichannuoi.com\/wp-content\/uploads\/2024\/06\/DSC1530-logo-mp-1024x683.jpg 1024w, https:\/\/thietbichannuoi.com\/wp-content\/uploads\/2024\/06\/DSC1530-logo-mp-150x100.jpg 150w, https:\/\/thietbichannuoi.com\/wp-content\/uploads\/2024\/06\/DSC1530-logo-mp-1536x1024.jpg 1536w, https:\/\/thietbichannuoi.com\/wp-content\/uploads\/2024\/06\/DSC1530-logo-mp-2048x1366.jpg 2048w\" sizes=\"(max-width: 2500px) 100vw, 2500px\" \/><\/p>\n<p><img decoding=\"async\" class=\"alignnone wp-image-16836 size-full\" src=\"https:\/\/thietbichannuoi.com\/wp-content\/uploads\/2024\/06\/DSC1534-logo-mp.jpg\" alt=\"\" width=\"2500\" height=\"1667\" srcset=\"https:\/\/thietbichannuoi.com\/wp-content\/uploads\/2024\/06\/DSC1534-logo-mp.jpg 2500w, https:\/\/thietbichannuoi.com\/wp-content\/uploads\/2024\/06\/DSC1534-logo-mp-300x200.jpg 300w, https:\/\/thietbichannuoi.com\/wp-content\/uploads\/2024\/06\/DSC1534-logo-mp-1024x683.jpg 1024w, https:\/\/thietbichannuoi.com\/wp-content\/uploads\/2024\/06\/DSC1534-logo-mp-150x100.jpg 150w, https:\/\/thietbichannuoi.com\/wp-content\/uploads\/2024\/06\/DSC1534-logo-mp-1536x1024.jpg 1536w, https:\/\/thietbichannuoi.com\/wp-content\/uploads\/2024\/06\/DSC1534-logo-mp-2048x1366.jpg 2048w\" sizes=\"(max-width: 2500px) 100vw, 2500px\" \/><\/p>\n","protected":false},"excerpt":{"rendered":"<p><strong>Code: HTD010<\/strong>\u00a0(100W)<\/p>\n<p><strong>Code: HTD011 <\/strong>(175W)<\/p>\n<p><strong>Code: HTD012<\/strong>\u00a0(250W)<\/p>\n<ul>\n<li><strong>Color:<\/strong> Red<\/li>\n<li><strong>Voltage:<\/strong> 220V\/50 Hz<\/li>\n<li><strong>Packaging:<\/strong> 2 pieces per box<\/li>\n<li><strong>12 boxes per carton<\/strong><\/li>\n<\/ul>\n","protected":false},"featured_media":17093,"template":"","meta":{"_uag_custom_page_level_css":"","footnotes":""},"product_brand":[],"product_cat":[1036],"product_tag":[1448],"class_list":{"0":"post-17092","1":"product","2":"type-product","3":"status-publish","4":"has-post-thumbnail","6":"product_cat-heating-systerm","7":"product_tag-interheat-heat-lamp","9":"first","10":"instock","11":"shipping-taxable","12":"product-type-simple"},"acf":[],"yoast_head":"<!-- This site is optimized with the Yoast SEO Premium plugin v22.9 (Yoast SEO v27.3) - https:\/\/yoast.com\/product\/yoast-seo-premium-wordpress\/ -->\n<title>Interheat heat lamp - Thi\u1ebft b\u1ecb ch\u0103n nu\u00f4i<\/title>\n<meta name=\"description\" content=\"Interheat heat lamp\" \/>\n<meta name=\"robots\" content=\"index, follow, max-snippet:-1, max-image-preview:large, max-video-preview:-1\" \/>\n<link rel=\"canonical\" href=\"https:\/\/thietbichannuoi.com\/en\/san-pham\/interheat-heat-lamp\/\" \/>\n<meta property=\"og:locale\" content=\"en_US\" \/>\n<meta property=\"og:type\" content=\"article\" \/>\n<meta property=\"og:title\" content=\"Interheat heat lamp\" \/>\n<meta property=\"og:description\" content=\"Code: HTD010\u00a0(100W)  Code: HTD011 (175W)  Code: HTD012\u00a0(250W)   Color: Red  Voltage: 220V\/50 Hz  Packaging: 2 pieces per box  12 boxes per carton\" \/>\n<meta property=\"og:url\" content=\"https:\/\/thietbichannuoi.com\/en\/san-pham\/interheat-heat-lamp\/\" \/>\n<meta property=\"og:site_name\" content=\"Thi\u1ebft b\u1ecb ch\u0103n nu\u00f4i\" \/>\n<meta property=\"article:modified_time\" content=\"2025-09-25T09:02:22+00:00\" \/>\n<meta property=\"og:image\" content=\"https:\/\/thietbichannuoi.com\/wp-content\/uploads\/2024\/06\/Interheat-heat-lamp.jpg\" \/>\n\t<meta property=\"og:image:width\" content=\"1400\" \/>\n\t<meta property=\"og:image:height\" content=\"1200\" \/>\n\t<meta property=\"og:image:type\" content=\"image\/jpeg\" \/>\n<meta name=\"twitter:card\" content=\"summary_large_image\" \/>\n<meta name=\"twitter:label1\" content=\"Est. reading time\" \/>\n\t<meta name=\"twitter:data1\" content=\"1 minute\" \/>\n<!-- \/ Yoast SEO Premium plugin. -->","yoast_head_json":{"title":"Interheat heat lamp - Thi\u1ebft b\u1ecb ch\u0103n nu\u00f4i","description":"Interheat heat lamp","robots":{"index":"index","follow":"follow","max-snippet":"max-snippet:-1","max-image-preview":"max-image-preview:large","max-video-preview":"max-video-preview:-1"},"canonical":"https:\/\/thietbichannuoi.com\/en\/san-pham\/interheat-heat-lamp\/","og_locale":"en_US","og_type":"article","og_title":"Interheat heat lamp","og_description":"Code: HTD010\u00a0(100W)  Code: HTD011 (175W)  Code: HTD012\u00a0(250W)   Color: Red  Voltage: 220V\/50 Hz  Packaging: 2 pieces per box  12 boxes per carton","og_url":"https:\/\/thietbichannuoi.com\/en\/san-pham\/interheat-heat-lamp\/","og_site_name":"Thi\u1ebft b\u1ecb ch\u0103n nu\u00f4i","article_modified_time":"2025-09-25T09:02:22+00:00","og_image":[{"width":1400,"height":1200,"url":"https:\/\/thietbichannuoi.com\/wp-content\/uploads\/2024\/06\/Interheat-heat-lamp.jpg","type":"image\/jpeg"}],"twitter_card":"summary_large_image","twitter_misc":{"Est. reading time":"1 minute"},"schema":{"@context":"https:\/\/schema.org","@graph":[{"@type":"WebPage","@id":"https:\/\/thietbichannuoi.com\/en\/san-pham\/interheat-heat-lamp\/","url":"https:\/\/thietbichannuoi.com\/en\/san-pham\/interheat-heat-lamp\/","name":"Interheat heat lamp - Thi\u1ebft b\u1ecb ch\u0103n nu\u00f4i","isPartOf":{"@id":"https:\/\/thietbichannuoi.com\/#website"},"primaryImageOfPage":{"@id":"https:\/\/thietbichannuoi.com\/en\/san-pham\/interheat-heat-lamp\/#primaryimage"},"image":{"@id":"https:\/\/thietbichannuoi.com\/en\/san-pham\/interheat-heat-lamp\/#primaryimage"},"thumbnailUrl":"https:\/\/thietbichannuoi.com\/wp-content\/uploads\/2024\/06\/Interheat-heat-lamp.jpg","datePublished":"2024-06-28T04:04:45+00:00","dateModified":"2025-09-25T09:02:22+00:00","description":"Interheat heat lamp","breadcrumb":{"@id":"https:\/\/thietbichannuoi.com\/en\/san-pham\/interheat-heat-lamp\/#breadcrumb"},"inLanguage":"en-US","potentialAction":[{"@type":"ReadAction","target":["https:\/\/thietbichannuoi.com\/en\/san-pham\/interheat-heat-lamp\/"]}]},{"@type":"ImageObject","inLanguage":"en-US","@id":"https:\/\/thietbichannuoi.com\/en\/san-pham\/interheat-heat-lamp\/#primaryimage","url":"https:\/\/thietbichannuoi.com\/wp-content\/uploads\/2024\/06\/Interheat-heat-lamp.jpg","contentUrl":"https:\/\/thietbichannuoi.com\/wp-content\/uploads\/2024\/06\/Interheat-heat-lamp.jpg","width":1400,"height":1200,"caption":"Interheat heat lamp"},{"@type":"BreadcrumbList","@id":"https:\/\/thietbichannuoi.com\/en\/san-pham\/interheat-heat-lamp\/#breadcrumb","itemListElement":[{"@type":"ListItem","position":1,"name":"Home","item":"https:\/\/thietbichannuoi.com\/en\/"},{"@type":"ListItem","position":2,"name":"Shop","item":"https:\/\/thietbichannuoi.com\/shop\/"},{"@type":"ListItem","position":3,"name":"Interheat heat lamp"}]},{"@type":"WebSite","@id":"https:\/\/thietbichannuoi.com\/#website","url":"https:\/\/thietbichannuoi.com\/","name":"Thi\u1ebft b\u1ecb ch\u0103n nu\u00f4i","description":"S\u1ea3n xu\u1ea5t thi\u1ebft b\u1ecb ch\u0103n nu\u00f4i gia s\u00fac, gia c\u1ea7m v\u00e0 c\u00e1c s\u1ea3n ph\u1ea9m t\u1eeb nh\u1ef1a","publisher":{"@id":"https:\/\/thietbichannuoi.com\/#organization"},"potentialAction":[{"@type":"SearchAction","target":{"@type":"EntryPoint","urlTemplate":"https:\/\/thietbichannuoi.com\/?s={search_term_string}"},"query-input":{"@type":"PropertyValueSpecification","valueRequired":true,"valueName":"search_term_string"}}],"inLanguage":"en-US"},{"@type":"Organization","@id":"https:\/\/thietbichannuoi.com\/#organization","name":"Thi\u1ebft b\u1ecb ch\u0103n nu\u00f4i Minh Ph\u00e1t","url":"https:\/\/thietbichannuoi.com\/","logo":{"@type":"ImageObject","inLanguage":"en-US","@id":"https:\/\/thietbichannuoi.com\/#\/schema\/logo\/image\/","url":"https:\/\/thietbichannuoi.com\/wp-content\/uploads\/2021\/04\/logo-thiet-bi-chan-nuoi.png","contentUrl":"https:\/\/thietbichannuoi.com\/wp-content\/uploads\/2021\/04\/logo-thiet-bi-chan-nuoi.png","width":104,"height":79,"caption":"Thi\u1ebft b\u1ecb ch\u0103n nu\u00f4i Minh Ph\u00e1t"},"image":{"@id":"https:\/\/thietbichannuoi.com\/#\/schema\/logo\/image\/"}}]}},"uagb_featured_image_src":{"full":["https:\/\/thietbichannuoi.com\/wp-content\/uploads\/2024\/06\/Interheat-heat-lamp.jpg",1400,1200,false],"thumbnail":["https:\/\/thietbichannuoi.com\/wp-content\/uploads\/2024\/06\/Interheat-heat-lamp.jpg",150,129,false],"medium":["https:\/\/thietbichannuoi.com\/wp-content\/uploads\/2024\/06\/Interheat-heat-lamp.jpg",300,257,false],"medium_large":["https:\/\/thietbichannuoi.com\/wp-content\/uploads\/2024\/06\/Interheat-heat-lamp.jpg",1400,1200,false],"large":["https:\/\/thietbichannuoi.com\/wp-content\/uploads\/2024\/06\/Interheat-heat-lamp.jpg",800,686,false],"1536x1536":["https:\/\/thietbichannuoi.com\/wp-content\/uploads\/2024\/06\/Interheat-heat-lamp.jpg",1400,1200,false],"2048x2048":["https:\/\/thietbichannuoi.com\/wp-content\/uploads\/2024\/06\/Interheat-heat-lamp.jpg",1400,1200,false],"woocommerce_thumbnail":["https:\/\/thietbichannuoi.com\/wp-content\/uploads\/2024\/06\/Interheat-heat-lamp.jpg",1400,1200,false],"woocommerce_single":["https:\/\/thietbichannuoi.com\/wp-content\/uploads\/2024\/06\/Interheat-heat-lamp.jpg",1400,1200,false],"woocommerce_gallery_thumbnail":["https:\/\/thietbichannuoi.com\/wp-content\/uploads\/2024\/06\/Interheat-heat-lamp-100x100.jpg",100,100,true]},"uagb_author_info":{"display_name":"admin","author_link":"https:\/\/thietbichannuoi.com\/en\/author\/"},"uagb_comment_info":0,"uagb_excerpt":"Code: HTD010\u00a0(100W) Code: HTD011 (175W) Code: HTD012\u00a0(250W) Color: Red Voltage: 220V\/50 Hz Packaging: 2 pieces per box 12 boxes per carton","_links":{"self":[{"href":"https:\/\/thietbichannuoi.com\/en\/wp-json\/wp\/v2\/product\/17092","targetHints":{"allow":["GET"]}}],"collection":[{"href":"https:\/\/thietbichannuoi.com\/en\/wp-json\/wp\/v2\/product"}],"about":[{"href":"https:\/\/thietbichannuoi.com\/en\/wp-json\/wp\/v2\/types\/product"}],"version-history":[{"count":0,"href":"https:\/\/thietbichannuoi.com\/en\/wp-json\/wp\/v2\/product\/17092\/revisions"}],"wp:featuredmedia":[{"embeddable":true,"href":"https:\/\/thietbichannuoi.com\/en\/wp-json\/wp\/v2\/media\/17093"}],"wp:attachment":[{"href":"https:\/\/thietbichannuoi.com\/en\/wp-json\/wp\/v2\/media?parent=17092"}],"wp:term":[{"taxonomy":"product_brand","embeddable":true,"href":"https:\/\/thietbichannuoi.com\/en\/wp-json\/wp\/v2\/product_brand?post=17092"},{"taxonomy":"product_cat","embeddable":true,"href":"https:\/\/thietbichannuoi.com\/en\/wp-json\/wp\/v2\/product_cat?post=17092"},{"taxonomy":"product_tag","embeddable":true,"href":"https:\/\/thietbichannuoi.com\/en\/wp-json\/wp\/v2\/product_tag?post=17092"}],"curies":[{"name":"wp","href":"https:\/\/api.w.org\/{rel}","templated":true}]}}