{"id":18471,"date":"2025-03-19T09:55:28","date_gmt":"2025-03-19T02:55:28","guid":{"rendered":"https:\/\/thietbichannuoi.com\/?post_type=product&#038;p=18471"},"modified":"2025-03-19T11:24:23","modified_gmt":"2025-03-19T04:24:23","slug":"bell-drinker-low-type","status":"publish","type":"product","link":"https:\/\/thietbichannuoi.com\/en\/san-pham\/bell-drinker-low-type\/","title":{"rendered":"Bell drinker (Low type)"},"content":{"rendered":"<p>Bell Drinker for chicken poultry (low type)<\/p>\n<ul>\n<li>Colour: red<\/li>\n<li>Material : PP, HDPE<\/li>\n<li>Made by Minh phat<\/li>\n<li><img fetchpriority=\"high\" decoding=\"async\" class=\"alignnone wp-image-18121 size-full\" src=\"https:\/\/thietbichannuoi.com\/wp-content\/uploads\/2024\/09\/binh-uong-cho-vit-thap-scaled.jpg\" alt=\"\" width=\"2560\" height=\"1920\" srcset=\"https:\/\/thietbichannuoi.com\/wp-content\/uploads\/2024\/09\/binh-uong-cho-vit-thap-scaled.jpg 2560w, https:\/\/thietbichannuoi.com\/wp-content\/uploads\/2024\/09\/binh-uong-cho-vit-thap-scaled-600x450.jpg 600w, https:\/\/thietbichannuoi.com\/wp-content\/uploads\/2024\/09\/binh-uong-cho-vit-thap-300x225.jpg 300w, https:\/\/thietbichannuoi.com\/wp-content\/uploads\/2024\/09\/binh-uong-cho-vit-thap-1024x768.jpg 1024w, https:\/\/thietbichannuoi.com\/wp-content\/uploads\/2024\/09\/binh-uong-cho-vit-thap-150x113.jpg 150w, https:\/\/thietbichannuoi.com\/wp-content\/uploads\/2024\/09\/binh-uong-cho-vit-thap-1536x1152.jpg 1536w, https:\/\/thietbichannuoi.com\/wp-content\/uploads\/2024\/09\/binh-uong-cho-vit-thap-2048x1536.jpg 2048w\" sizes=\"(max-width: 2560px) 100vw, 2560px\" \/><img decoding=\"async\" class=\"alignnone wp-image-18119 size-full\" src=\"https:\/\/thietbichannuoi.com\/wp-content\/uploads\/2024\/09\/binh-uong-cho-vit-cao-scaled.jpg\" alt=\"\" width=\"2560\" height=\"1920\" srcset=\"https:\/\/thietbichannuoi.com\/wp-content\/uploads\/2024\/09\/binh-uong-cho-vit-cao-scaled.jpg 2560w, https:\/\/thietbichannuoi.com\/wp-content\/uploads\/2024\/09\/binh-uong-cho-vit-cao-scaled-600x450.jpg 600w, https:\/\/thietbichannuoi.com\/wp-content\/uploads\/2024\/09\/binh-uong-cho-vit-cao-300x225.jpg 300w, https:\/\/thietbichannuoi.com\/wp-content\/uploads\/2024\/09\/binh-uong-cho-vit-cao-1024x768.jpg 1024w, https:\/\/thietbichannuoi.com\/wp-content\/uploads\/2024\/09\/binh-uong-cho-vit-cao-150x113.jpg 150w, https:\/\/thietbichannuoi.com\/wp-content\/uploads\/2024\/09\/binh-uong-cho-vit-cao-1536x1152.jpg 1536w, https:\/\/thietbichannuoi.com\/wp-content\/uploads\/2024\/09\/binh-uong-cho-vit-cao-2048x1536.jpg 2048w\" sizes=\"(max-width: 2560px) 100vw, 2560px\" \/><\/li>\n<\/ul>\n","protected":false},"excerpt":{"rendered":"<p>Bell Drinker (Medium type)<\/p>\n<p>Code: BU070<\/p>\n<p>Automatic (low) drinking bottles are the optimal solution for poultry and cattle raising. Products help provide clean water continuously, reduce losses and limit water pollution. With durable design, easy to install and hygienic, automatic drinking bottles help save effort and improve breeding efficiency. Suitable for chickens, ducks, quails and other pets, this is a reliable choice for farms and households.<\/p>\n","protected":false},"featured_media":18474,"template":"","meta":{"_uag_custom_page_level_css":"","footnotes":""},"product_brand":[],"product_cat":[599,589],"product_tag":[],"class_list":{"0":"post-18471","1":"product","2":"type-product","3":"status-publish","4":"has-post-thumbnail","6":"product_cat-drinking-botle-for-poultry","7":"product_cat-poultry-equipment","9":"first","10":"instock","11":"shipping-taxable","12":"product-type-simple"},"acf":[],"yoast_head":"<!-- This site is optimized with the Yoast SEO Premium plugin v22.9 (Yoast SEO v27.5) - https:\/\/yoast.com\/product\/yoast-seo-premium-wordpress\/ -->\n<title>Bell drinker (Low type) - Thi\u1ebft b\u1ecb ch\u0103n nu\u00f4i<\/title>\n<meta name=\"robots\" content=\"index, follow, max-snippet:-1, max-image-preview:large, max-video-preview:-1\" \/>\n<link rel=\"canonical\" href=\"https:\/\/thietbichannuoi.com\/en\/san-pham\/bell-drinker-low-type\/\" \/>\n<meta property=\"og:locale\" content=\"en_US\" \/>\n<meta property=\"og:type\" content=\"article\" \/>\n<meta property=\"og:title\" content=\"Bell drinker (Low type)\" \/>\n<meta property=\"og:description\" content=\"Bell Drinker (Medium type)  Code: BU070  Automatic (low) drinking bottles are the optimal solution for poultry and cattle raising. Products help provide clean water continuously, reduce losses and limit water pollution. With durable design, easy to install and hygienic, automatic drinking bottles help save effort and improve breeding efficiency. Suitable for chickens, ducks, quails and other pets, this is a reliable choice for farms and households.\" \/>\n<meta property=\"og:url\" content=\"https:\/\/thietbichannuoi.com\/en\/san-pham\/bell-drinker-low-type\/\" \/>\n<meta property=\"og:site_name\" content=\"Thi\u1ebft b\u1ecb ch\u0103n nu\u00f4i\" \/>\n<meta property=\"article:modified_time\" content=\"2025-03-19T04:24:23+00:00\" \/>\n<meta property=\"og:image\" content=\"https:\/\/thietbichannuoi.com\/wp-content\/uploads\/2025\/03\/binh-uong-nuoc-thap.jpg\" \/>\n\t<meta property=\"og:image:width\" content=\"1400\" \/>\n\t<meta property=\"og:image:height\" content=\"1200\" \/>\n\t<meta property=\"og:image:type\" content=\"image\/jpeg\" \/>\n<meta name=\"twitter:card\" content=\"summary_large_image\" \/>\n<meta name=\"twitter:label1\" content=\"Est. reading time\" \/>\n\t<meta name=\"twitter:data1\" content=\"1 minute\" \/>\n<!-- \/ Yoast SEO Premium plugin. -->","yoast_head_json":{"title":"Bell drinker (Low type) - Thi\u1ebft b\u1ecb ch\u0103n nu\u00f4i","robots":{"index":"index","follow":"follow","max-snippet":"max-snippet:-1","max-image-preview":"max-image-preview:large","max-video-preview":"max-video-preview:-1"},"canonical":"https:\/\/thietbichannuoi.com\/en\/san-pham\/bell-drinker-low-type\/","og_locale":"en_US","og_type":"article","og_title":"Bell drinker (Low type)","og_description":"Bell Drinker (Medium type)  Code: BU070  Automatic (low) drinking bottles are the optimal solution for poultry and cattle raising. Products help provide clean water continuously, reduce losses and limit water pollution. With durable design, easy to install and hygienic, automatic drinking bottles help save effort and improve breeding efficiency. Suitable for chickens, ducks, quails and other pets, this is a reliable choice for farms and households.","og_url":"https:\/\/thietbichannuoi.com\/en\/san-pham\/bell-drinker-low-type\/","og_site_name":"Thi\u1ebft b\u1ecb ch\u0103n nu\u00f4i","article_modified_time":"2025-03-19T04:24:23+00:00","og_image":[{"width":1400,"height":1200,"url":"https:\/\/thietbichannuoi.com\/wp-content\/uploads\/2025\/03\/binh-uong-nuoc-thap.jpg","type":"image\/jpeg"}],"twitter_card":"summary_large_image","twitter_misc":{"Est. reading time":"1 minute"},"schema":{"@context":"https:\/\/schema.org","@graph":[{"@type":"WebPage","@id":"https:\/\/thietbichannuoi.com\/en\/san-pham\/bell-drinker-low-type\/","url":"https:\/\/thietbichannuoi.com\/en\/san-pham\/bell-drinker-low-type\/","name":"Bell drinker (Low type) - Thi\u1ebft b\u1ecb ch\u0103n nu\u00f4i","isPartOf":{"@id":"https:\/\/thietbichannuoi.com\/#website"},"primaryImageOfPage":{"@id":"https:\/\/thietbichannuoi.com\/en\/san-pham\/bell-drinker-low-type\/#primaryimage"},"image":{"@id":"https:\/\/thietbichannuoi.com\/en\/san-pham\/bell-drinker-low-type\/#primaryimage"},"thumbnailUrl":"https:\/\/thietbichannuoi.com\/wp-content\/uploads\/2025\/03\/binh-uong-nuoc-thap.jpg","datePublished":"2025-03-19T02:55:28+00:00","dateModified":"2025-03-19T04:24:23+00:00","breadcrumb":{"@id":"https:\/\/thietbichannuoi.com\/en\/san-pham\/bell-drinker-low-type\/#breadcrumb"},"inLanguage":"en-US","potentialAction":[{"@type":"ReadAction","target":["https:\/\/thietbichannuoi.com\/en\/san-pham\/bell-drinker-low-type\/"]}]},{"@type":"ImageObject","inLanguage":"en-US","@id":"https:\/\/thietbichannuoi.com\/en\/san-pham\/bell-drinker-low-type\/#primaryimage","url":"https:\/\/thietbichannuoi.com\/wp-content\/uploads\/2025\/03\/binh-uong-nuoc-thap.jpg","contentUrl":"https:\/\/thietbichannuoi.com\/wp-content\/uploads\/2025\/03\/binh-uong-nuoc-thap.jpg","width":1400,"height":1200,"caption":"b\u00ecnh-u\u1ed1ng-n\u01b0\u1edbc-(th\u1ea5p)"},{"@type":"BreadcrumbList","@id":"https:\/\/thietbichannuoi.com\/en\/san-pham\/bell-drinker-low-type\/#breadcrumb","itemListElement":[{"@type":"ListItem","position":1,"name":"Home","item":"https:\/\/thietbichannuoi.com\/en\/"},{"@type":"ListItem","position":2,"name":"Shop","item":"https:\/\/thietbichannuoi.com\/shop\/"},{"@type":"ListItem","position":3,"name":"Bell drinker (Low type)"}]},{"@type":"WebSite","@id":"https:\/\/thietbichannuoi.com\/#website","url":"https:\/\/thietbichannuoi.com\/","name":"Thi\u1ebft b\u1ecb ch\u0103n nu\u00f4i","description":"S\u1ea3n xu\u1ea5t thi\u1ebft b\u1ecb ch\u0103n nu\u00f4i gia s\u00fac, gia c\u1ea7m v\u00e0 c\u00e1c s\u1ea3n ph\u1ea9m t\u1eeb nh\u1ef1a","publisher":{"@id":"https:\/\/thietbichannuoi.com\/#organization"},"potentialAction":[{"@type":"SearchAction","target":{"@type":"EntryPoint","urlTemplate":"https:\/\/thietbichannuoi.com\/?s={search_term_string}"},"query-input":{"@type":"PropertyValueSpecification","valueRequired":true,"valueName":"search_term_string"}}],"inLanguage":"en-US"},{"@type":"Organization","@id":"https:\/\/thietbichannuoi.com\/#organization","name":"Thi\u1ebft b\u1ecb ch\u0103n nu\u00f4i Minh Ph\u00e1t","url":"https:\/\/thietbichannuoi.com\/","logo":{"@type":"ImageObject","inLanguage":"en-US","@id":"https:\/\/thietbichannuoi.com\/#\/schema\/logo\/image\/","url":"https:\/\/thietbichannuoi.com\/wp-content\/uploads\/2021\/04\/logo-thiet-bi-chan-nuoi.png","contentUrl":"https:\/\/thietbichannuoi.com\/wp-content\/uploads\/2021\/04\/logo-thiet-bi-chan-nuoi.png","width":104,"height":79,"caption":"Thi\u1ebft b\u1ecb ch\u0103n nu\u00f4i Minh Ph\u00e1t"},"image":{"@id":"https:\/\/thietbichannuoi.com\/#\/schema\/logo\/image\/"}}]}},"uagb_featured_image_src":{"full":["https:\/\/thietbichannuoi.com\/wp-content\/uploads\/2025\/03\/binh-uong-nuoc-thap.jpg",1400,1200,false],"thumbnail":["https:\/\/thietbichannuoi.com\/wp-content\/uploads\/2025\/03\/binh-uong-nuoc-thap.jpg",150,129,false],"medium":["https:\/\/thietbichannuoi.com\/wp-content\/uploads\/2025\/03\/binh-uong-nuoc-thap.jpg",300,257,false],"medium_large":["https:\/\/thietbichannuoi.com\/wp-content\/uploads\/2025\/03\/binh-uong-nuoc-thap.jpg",1400,1200,false],"large":["https:\/\/thietbichannuoi.com\/wp-content\/uploads\/2025\/03\/binh-uong-nuoc-thap.jpg",800,686,false],"1536x1536":["https:\/\/thietbichannuoi.com\/wp-content\/uploads\/2025\/03\/binh-uong-nuoc-thap.jpg",1400,1200,false],"2048x2048":["https:\/\/thietbichannuoi.com\/wp-content\/uploads\/2025\/03\/binh-uong-nuoc-thap.jpg",1400,1200,false],"woocommerce_thumbnail":["https:\/\/thietbichannuoi.com\/wp-content\/uploads\/2025\/03\/binh-uong-nuoc-thap.jpg",1400,1200,false],"woocommerce_single":["https:\/\/thietbichannuoi.com\/wp-content\/uploads\/2025\/03\/binh-uong-nuoc-thap.jpg",1400,1200,false],"woocommerce_gallery_thumbnail":["https:\/\/thietbichannuoi.com\/wp-content\/uploads\/2025\/03\/binh-uong-nuoc-thap-100x100.jpg",100,100,true]},"uagb_author_info":{"display_name":"minhphat","author_link":"https:\/\/thietbichannuoi.com\/en\/author\/"},"uagb_comment_info":0,"uagb_excerpt":"Bell Drinker (Medium type) Code: BU070 Automatic (low) drinking bottles are the optimal solution for poultry and cattle raising. Products help provide clean water continuously, reduce losses and limit water pollution. With durable design, easy to install and hygienic, automatic drinking bottles help save effort and improve breeding efficiency. Suitable for chickens, ducks, quails and&hellip;","_links":{"self":[{"href":"https:\/\/thietbichannuoi.com\/en\/wp-json\/wp\/v2\/product\/18471","targetHints":{"allow":["GET"]}}],"collection":[{"href":"https:\/\/thietbichannuoi.com\/en\/wp-json\/wp\/v2\/product"}],"about":[{"href":"https:\/\/thietbichannuoi.com\/en\/wp-json\/wp\/v2\/types\/product"}],"version-history":[{"count":0,"href":"https:\/\/thietbichannuoi.com\/en\/wp-json\/wp\/v2\/product\/18471\/revisions"}],"wp:featuredmedia":[{"embeddable":true,"href":"https:\/\/thietbichannuoi.com\/en\/wp-json\/wp\/v2\/media\/18474"}],"wp:attachment":[{"href":"https:\/\/thietbichannuoi.com\/en\/wp-json\/wp\/v2\/media?parent=18471"}],"wp:term":[{"taxonomy":"product_brand","embeddable":true,"href":"https:\/\/thietbichannuoi.com\/en\/wp-json\/wp\/v2\/product_brand?post=18471"},{"taxonomy":"product_cat","embeddable":true,"href":"https:\/\/thietbichannuoi.com\/en\/wp-json\/wp\/v2\/product_cat?post=18471"},{"taxonomy":"product_tag","embeddable":true,"href":"https:\/\/thietbichannuoi.com\/en\/wp-json\/wp\/v2\/product_tag?post=18471"}],"curies":[{"name":"wp","href":"https:\/\/api.w.org\/{rel}","templated":true}]}}