{"id":18907,"date":"2025-05-07T15:27:04","date_gmt":"2025-05-07T08:27:04","guid":{"rendered":"https:\/\/thietbichannuoi.com\/?post_type=product&#038;p=18907"},"modified":"2025-09-26T08:35:37","modified_gmt":"2025-09-26T01:35:37","slug":"sow-feeding-trough-long-type","status":"publish","type":"product","link":"https:\/\/thietbichannuoi.com\/en\/san-pham\/sow-feeding-trough-long-type\/","title":{"rendered":"Sow Feeding Trough \u2013 Long Type"},"content":{"rendered":"<p><img fetchpriority=\"high\" decoding=\"async\" class=\"wp-image-18899 size-full\" src=\"https:\/\/thietbichannuoi.com\/wp-content\/uploads\/2025\/05\/Mang-an-heo-nai-loai-dai-03.jpg\" alt=\"M\u00e1ng-\u0103n-heo-n\u00e1i-lo\u1ea1i-d\u00e0i\" width=\"1920\" height=\"1080\" srcset=\"https:\/\/thietbichannuoi.com\/wp-content\/uploads\/2025\/05\/Mang-an-heo-nai-loai-dai-03.jpg 1920w, https:\/\/thietbichannuoi.com\/wp-content\/uploads\/2025\/05\/Mang-an-heo-nai-loai-dai-03-600x338.jpg 600w, https:\/\/thietbichannuoi.com\/wp-content\/uploads\/2025\/05\/Mang-an-heo-nai-loai-dai-03-300x169.jpg 300w, https:\/\/thietbichannuoi.com\/wp-content\/uploads\/2025\/05\/Mang-an-heo-nai-loai-dai-03-1024x576.jpg 1024w, https:\/\/thietbichannuoi.com\/wp-content\/uploads\/2025\/05\/Mang-an-heo-nai-loai-dai-03-150x84.jpg 150w, https:\/\/thietbichannuoi.com\/wp-content\/uploads\/2025\/05\/Mang-an-heo-nai-loai-dai-03-1536x864.jpg 1536w\" sizes=\"(max-width: 1920px) 100vw, 1920px\" \/><\/p>\n","protected":false},"excerpt":{"rendered":"<p data-start=\"64\" data-end=\"337\"><strong data-start=\"101\" data-end=\"118\">Code:<\/strong> <strong>MNAI030<\/strong> \/ <strong data-start=\"129\" data-end=\"142\">Material:<\/strong> Stainless Steel 201<\/p>\n<p data-start=\"64\" data-end=\"337\"><strong data-start=\"165\" data-end=\"182\">Code: MNAI030-1<\/strong> \/ <strong data-start=\"195\" data-end=\"208\">Material:<\/strong> Stainless Steel 304<\/p>\n<ul>\n<li data-start=\"64\" data-end=\"337\"><strong data-start=\"231\" data-end=\"252\">Dimensions (W\u00d7H):<\/strong> 33.5 \u00d7 18.5\u202fcm<\/li>\n<li data-start=\"64\" data-end=\"337\"><strong data-start=\"270\" data-end=\"284\">Thickness:<\/strong> 1.2\u202fmm<\/li>\n<li data-start=\"64\" data-end=\"337\"><strong data-start=\"294\" data-end=\"305\">Length:<\/strong> 3\u202fm (customizable upon request)<\/li>\n<\/ul>\n","protected":false},"featured_media":18921,"template":"","meta":{"_uag_custom_page_level_css":"","footnotes":""},"product_brand":[],"product_cat":[1297],"product_tag":[],"class_list":{"0":"post-18907","1":"product","2":"type-product","3":"status-publish","4":"has-post-thumbnail","6":"product_cat-sow-feeder","8":"first","9":"instock","10":"shipping-taxable","11":"product-type-simple"},"acf":[],"yoast_head":"<!-- This site is optimized with the Yoast SEO Premium plugin v22.9 (Yoast SEO v27.3) - https:\/\/yoast.com\/product\/yoast-seo-premium-wordpress\/ -->\n<title>Sow Feeding Trough \u2013 Long Type - Thi\u1ebft b\u1ecb ch\u0103n nu\u00f4i<\/title>\n<meta name=\"description\" content=\"Sow Feeding Trough \u2013 Long Type\" \/>\n<meta name=\"robots\" content=\"index, follow, max-snippet:-1, max-image-preview:large, max-video-preview:-1\" \/>\n<link rel=\"canonical\" href=\"https:\/\/thietbichannuoi.com\/en\/san-pham\/sow-feeding-trough-long-type\/\" \/>\n<meta property=\"og:locale\" content=\"en_US\" \/>\n<meta property=\"og:type\" content=\"article\" \/>\n<meta property=\"og:title\" content=\"Sow Feeding Trough \u2013 Long Type\" \/>\n<meta property=\"og:description\" content=\"Code: MNAI030 \/ Material: Stainless Steel 201 Code: MNAI030-1 \/ Material: Stainless Steel 304    Dimensions (W\u00d7H): 33.5 \u00d7 18.5\u202fcm  Thickness: 1.2\u202fmm  Length: 3\u202fm (customizable upon request)\" \/>\n<meta property=\"og:url\" content=\"https:\/\/thietbichannuoi.com\/en\/san-pham\/sow-feeding-trough-long-type\/\" \/>\n<meta property=\"og:site_name\" content=\"Thi\u1ebft b\u1ecb ch\u0103n nu\u00f4i\" \/>\n<meta property=\"article:modified_time\" content=\"2025-09-26T01:35:37+00:00\" \/>\n<meta property=\"og:image\" content=\"https:\/\/thietbichannuoi.com\/wp-content\/uploads\/2025\/05\/Mang-an-heo-nai-loai-dai-02-1.jpg\" \/>\n\t<meta property=\"og:image:width\" content=\"1400\" \/>\n\t<meta property=\"og:image:height\" content=\"1200\" \/>\n\t<meta property=\"og:image:type\" content=\"image\/jpeg\" \/>\n<meta name=\"twitter:card\" content=\"summary_large_image\" \/>\n<meta name=\"twitter:label1\" content=\"Est. reading time\" \/>\n\t<meta name=\"twitter:data1\" content=\"1 minute\" \/>\n<!-- \/ Yoast SEO Premium plugin. -->","yoast_head_json":{"title":"Sow Feeding Trough \u2013 Long Type - Thi\u1ebft b\u1ecb ch\u0103n nu\u00f4i","description":"Sow Feeding Trough \u2013 Long Type","robots":{"index":"index","follow":"follow","max-snippet":"max-snippet:-1","max-image-preview":"max-image-preview:large","max-video-preview":"max-video-preview:-1"},"canonical":"https:\/\/thietbichannuoi.com\/en\/san-pham\/sow-feeding-trough-long-type\/","og_locale":"en_US","og_type":"article","og_title":"Sow Feeding Trough \u2013 Long Type","og_description":"Code: MNAI030 \/ Material: Stainless Steel 201 Code: MNAI030-1 \/ Material: Stainless Steel 304    Dimensions (W\u00d7H): 33.5 \u00d7 18.5\u202fcm  Thickness: 1.2\u202fmm  Length: 3\u202fm (customizable upon request)","og_url":"https:\/\/thietbichannuoi.com\/en\/san-pham\/sow-feeding-trough-long-type\/","og_site_name":"Thi\u1ebft b\u1ecb ch\u0103n nu\u00f4i","article_modified_time":"2025-09-26T01:35:37+00:00","og_image":[{"width":1400,"height":1200,"url":"https:\/\/thietbichannuoi.com\/wp-content\/uploads\/2025\/05\/Mang-an-heo-nai-loai-dai-02-1.jpg","type":"image\/jpeg"}],"twitter_card":"summary_large_image","twitter_misc":{"Est. reading time":"1 minute"},"schema":{"@context":"https:\/\/schema.org","@graph":[{"@type":"WebPage","@id":"https:\/\/thietbichannuoi.com\/en\/san-pham\/sow-feeding-trough-long-type\/","url":"https:\/\/thietbichannuoi.com\/en\/san-pham\/sow-feeding-trough-long-type\/","name":"Sow Feeding Trough \u2013 Long Type - Thi\u1ebft b\u1ecb ch\u0103n nu\u00f4i","isPartOf":{"@id":"https:\/\/thietbichannuoi.com\/#website"},"primaryImageOfPage":{"@id":"https:\/\/thietbichannuoi.com\/en\/san-pham\/sow-feeding-trough-long-type\/#primaryimage"},"image":{"@id":"https:\/\/thietbichannuoi.com\/en\/san-pham\/sow-feeding-trough-long-type\/#primaryimage"},"thumbnailUrl":"https:\/\/thietbichannuoi.com\/wp-content\/uploads\/2025\/05\/Mang-an-heo-nai-loai-dai-02-1.jpg","datePublished":"2025-05-07T08:27:04+00:00","dateModified":"2025-09-26T01:35:37+00:00","description":"Sow Feeding Trough \u2013 Long Type","breadcrumb":{"@id":"https:\/\/thietbichannuoi.com\/en\/san-pham\/sow-feeding-trough-long-type\/#breadcrumb"},"inLanguage":"en-US","potentialAction":[{"@type":"ReadAction","target":["https:\/\/thietbichannuoi.com\/en\/san-pham\/sow-feeding-trough-long-type\/"]}]},{"@type":"ImageObject","inLanguage":"en-US","@id":"https:\/\/thietbichannuoi.com\/en\/san-pham\/sow-feeding-trough-long-type\/#primaryimage","url":"https:\/\/thietbichannuoi.com\/wp-content\/uploads\/2025\/05\/Mang-an-heo-nai-loai-dai-02-1.jpg","contentUrl":"https:\/\/thietbichannuoi.com\/wp-content\/uploads\/2025\/05\/Mang-an-heo-nai-loai-dai-02-1.jpg","width":1400,"height":1200,"caption":"Sow Feeding Trough \u2013 Long Type"},{"@type":"BreadcrumbList","@id":"https:\/\/thietbichannuoi.com\/en\/san-pham\/sow-feeding-trough-long-type\/#breadcrumb","itemListElement":[{"@type":"ListItem","position":1,"name":"Home","item":"https:\/\/thietbichannuoi.com\/en\/"},{"@type":"ListItem","position":2,"name":"Shop","item":"https:\/\/thietbichannuoi.com\/shop\/"},{"@type":"ListItem","position":3,"name":"Sow Feeding Trough \u2013 Long Type"}]},{"@type":"WebSite","@id":"https:\/\/thietbichannuoi.com\/#website","url":"https:\/\/thietbichannuoi.com\/","name":"Thi\u1ebft b\u1ecb ch\u0103n nu\u00f4i","description":"S\u1ea3n xu\u1ea5t thi\u1ebft b\u1ecb ch\u0103n nu\u00f4i gia s\u00fac, gia c\u1ea7m v\u00e0 c\u00e1c s\u1ea3n ph\u1ea9m t\u1eeb nh\u1ef1a","publisher":{"@id":"https:\/\/thietbichannuoi.com\/#organization"},"potentialAction":[{"@type":"SearchAction","target":{"@type":"EntryPoint","urlTemplate":"https:\/\/thietbichannuoi.com\/?s={search_term_string}"},"query-input":{"@type":"PropertyValueSpecification","valueRequired":true,"valueName":"search_term_string"}}],"inLanguage":"en-US"},{"@type":"Organization","@id":"https:\/\/thietbichannuoi.com\/#organization","name":"Thi\u1ebft b\u1ecb ch\u0103n nu\u00f4i Minh Ph\u00e1t","url":"https:\/\/thietbichannuoi.com\/","logo":{"@type":"ImageObject","inLanguage":"en-US","@id":"https:\/\/thietbichannuoi.com\/#\/schema\/logo\/image\/","url":"https:\/\/thietbichannuoi.com\/wp-content\/uploads\/2021\/04\/logo-thiet-bi-chan-nuoi.png","contentUrl":"https:\/\/thietbichannuoi.com\/wp-content\/uploads\/2021\/04\/logo-thiet-bi-chan-nuoi.png","width":104,"height":79,"caption":"Thi\u1ebft b\u1ecb ch\u0103n nu\u00f4i Minh Ph\u00e1t"},"image":{"@id":"https:\/\/thietbichannuoi.com\/#\/schema\/logo\/image\/"}}]}},"uagb_featured_image_src":{"full":["https:\/\/thietbichannuoi.com\/wp-content\/uploads\/2025\/05\/Mang-an-heo-nai-loai-dai-02-1.jpg",1400,1200,false],"thumbnail":["https:\/\/thietbichannuoi.com\/wp-content\/uploads\/2025\/05\/Mang-an-heo-nai-loai-dai-02-1.jpg",150,129,false],"medium":["https:\/\/thietbichannuoi.com\/wp-content\/uploads\/2025\/05\/Mang-an-heo-nai-loai-dai-02-1.jpg",300,257,false],"medium_large":["https:\/\/thietbichannuoi.com\/wp-content\/uploads\/2025\/05\/Mang-an-heo-nai-loai-dai-02-1.jpg",1400,1200,false],"large":["https:\/\/thietbichannuoi.com\/wp-content\/uploads\/2025\/05\/Mang-an-heo-nai-loai-dai-02-1.jpg",800,686,false],"1536x1536":["https:\/\/thietbichannuoi.com\/wp-content\/uploads\/2025\/05\/Mang-an-heo-nai-loai-dai-02-1.jpg",1400,1200,false],"2048x2048":["https:\/\/thietbichannuoi.com\/wp-content\/uploads\/2025\/05\/Mang-an-heo-nai-loai-dai-02-1.jpg",1400,1200,false],"woocommerce_thumbnail":["https:\/\/thietbichannuoi.com\/wp-content\/uploads\/2025\/05\/Mang-an-heo-nai-loai-dai-02-1.jpg",1400,1200,false],"woocommerce_single":["https:\/\/thietbichannuoi.com\/wp-content\/uploads\/2025\/05\/Mang-an-heo-nai-loai-dai-02-1.jpg",1400,1200,false],"woocommerce_gallery_thumbnail":["https:\/\/thietbichannuoi.com\/wp-content\/uploads\/2025\/05\/Mang-an-heo-nai-loai-dai-02-1-100x100.jpg",100,100,true]},"uagb_author_info":{"display_name":"minhphat","author_link":"https:\/\/thietbichannuoi.com\/en\/author\/"},"uagb_comment_info":0,"uagb_excerpt":"Code: MNAI030 \/ Material: Stainless Steel 201 Code: MNAI030-1 \/ Material: Stainless Steel 304 Dimensions (W\u00d7H): 33.5 \u00d7 18.5\u202fcm Thickness: 1.2\u202fmm Length: 3\u202fm (customizable upon request)","_links":{"self":[{"href":"https:\/\/thietbichannuoi.com\/en\/wp-json\/wp\/v2\/product\/18907","targetHints":{"allow":["GET"]}}],"collection":[{"href":"https:\/\/thietbichannuoi.com\/en\/wp-json\/wp\/v2\/product"}],"about":[{"href":"https:\/\/thietbichannuoi.com\/en\/wp-json\/wp\/v2\/types\/product"}],"version-history":[{"count":0,"href":"https:\/\/thietbichannuoi.com\/en\/wp-json\/wp\/v2\/product\/18907\/revisions"}],"wp:featuredmedia":[{"embeddable":true,"href":"https:\/\/thietbichannuoi.com\/en\/wp-json\/wp\/v2\/media\/18921"}],"wp:attachment":[{"href":"https:\/\/thietbichannuoi.com\/en\/wp-json\/wp\/v2\/media?parent=18907"}],"wp:term":[{"taxonomy":"product_brand","embeddable":true,"href":"https:\/\/thietbichannuoi.com\/en\/wp-json\/wp\/v2\/product_brand?post=18907"},{"taxonomy":"product_cat","embeddable":true,"href":"https:\/\/thietbichannuoi.com\/en\/wp-json\/wp\/v2\/product_cat?post=18907"},{"taxonomy":"product_tag","embeddable":true,"href":"https:\/\/thietbichannuoi.com\/en\/wp-json\/wp\/v2\/product_tag?post=18907"}],"curies":[{"name":"wp","href":"https:\/\/api.w.org\/{rel}","templated":true}]}}