{"id":18959,"date":"2025-05-12T17:11:58","date_gmt":"2025-05-12T10:11:58","guid":{"rendered":"https:\/\/thietbichannuoi.com\/?post_type=product&#038;p=18959"},"modified":"2025-09-27T16:09:36","modified_gmt":"2025-09-27T09:09:36","slug":"silo-hopper-connector","status":"publish","type":"product","link":"https:\/\/thietbichannuoi.com\/en\/san-pham\/silo-hopper-connector\/","title":{"rendered":"Silo Hopper Connector"},"content":{"rendered":"<p>Silo Hopper Connector<\/p>\n","protected":false},"excerpt":{"rendered":"<p><strong>Code: SILOPK01<\/strong><\/p>\n<ul>\n<li><strong>Top diameter:<\/strong> 45 cm<\/li>\n<li><strong>Bot<\/strong> t<strong>om:<\/strong> 21.5 \u00d7 21.5 cm<\/li>\n<\/ul>\n<p><strong>Code: SILOPK02<\/strong><\/p>\n<ul>\n<li><strong>Top diameter:<\/strong> 44 cm<\/li>\n<li><strong> Bottom:<\/strong> 21.5 \u00d7 21.5 cm<\/li>\n<li><strong>Straight or tilted at 30 degrees<\/strong><\/li>\n<li><strong>Material:<\/strong> Stainless stee<\/li>\n<\/ul>\n","protected":false},"featured_media":18957,"template":"","meta":{"_uag_custom_page_level_css":"","footnotes":""},"product_brand":[],"product_cat":[291,1040],"product_tag":[],"class_list":{"0":"post-18959","1":"product","2":"type-product","3":"status-publish","4":"has-post-thumbnail","6":"product_cat-equipment-for-pig","7":"product_cat-silos-feeding-systems","9":"first","10":"instock","11":"shipping-taxable","12":"product-type-simple"},"acf":[],"yoast_head":"<!-- This site is optimized with the Yoast SEO Premium plugin v22.9 (Yoast SEO v27.4) - https:\/\/yoast.com\/product\/yoast-seo-premium-wordpress\/ -->\n<title>Silo Hopper Connector - Thi\u1ebft b\u1ecb ch\u0103n nu\u00f4i<\/title>\n<meta name=\"description\" content=\"Silo Hopper Connector\" \/>\n<meta name=\"robots\" content=\"index, follow, max-snippet:-1, max-image-preview:large, max-video-preview:-1\" \/>\n<link rel=\"canonical\" href=\"https:\/\/thietbichannuoi.com\/en\/san-pham\/silo-hopper-connector\/\" \/>\n<meta property=\"og:locale\" content=\"en_US\" \/>\n<meta property=\"og:type\" content=\"article\" \/>\n<meta property=\"og:title\" content=\"Silo Hopper Connector\" \/>\n<meta property=\"og:description\" content=\"Code: SILOPK01   Top diameter: 45 cm  Bot tom: 21.5 \u00d7 21.5 cm  Code: SILOPK02   Top diameter: 44 cm   Bottom: 21.5 \u00d7 21.5 cm  Straight or tilted at 30 degrees  Material: Stainless stee\" \/>\n<meta property=\"og:url\" content=\"https:\/\/thietbichannuoi.com\/en\/san-pham\/silo-hopper-connector\/\" \/>\n<meta property=\"og:site_name\" content=\"Thi\u1ebft b\u1ecb ch\u0103n nu\u00f4i\" \/>\n<meta property=\"article:modified_time\" content=\"2025-09-27T09:09:36+00:00\" \/>\n<meta property=\"og:image\" content=\"https:\/\/thietbichannuoi.com\/wp-content\/uploads\/2025\/05\/Bo-noi-silo-450mm.jpg\" \/>\n\t<meta property=\"og:image:width\" content=\"1400\" \/>\n\t<meta property=\"og:image:height\" content=\"1200\" \/>\n\t<meta property=\"og:image:type\" content=\"image\/jpeg\" \/>\n<meta name=\"twitter:card\" content=\"summary_large_image\" \/>\n<meta name=\"twitter:label1\" content=\"Est. reading time\" \/>\n\t<meta name=\"twitter:data1\" content=\"1 minute\" \/>\n<!-- \/ Yoast SEO Premium plugin. -->","yoast_head_json":{"title":"Silo Hopper Connector - Thi\u1ebft b\u1ecb ch\u0103n nu\u00f4i","description":"Silo Hopper Connector","robots":{"index":"index","follow":"follow","max-snippet":"max-snippet:-1","max-image-preview":"max-image-preview:large","max-video-preview":"max-video-preview:-1"},"canonical":"https:\/\/thietbichannuoi.com\/en\/san-pham\/silo-hopper-connector\/","og_locale":"en_US","og_type":"article","og_title":"Silo Hopper Connector","og_description":"Code: SILOPK01   Top diameter: 45 cm  Bot tom: 21.5 \u00d7 21.5 cm  Code: SILOPK02   Top diameter: 44 cm   Bottom: 21.5 \u00d7 21.5 cm  Straight or tilted at 30 degrees  Material: Stainless stee","og_url":"https:\/\/thietbichannuoi.com\/en\/san-pham\/silo-hopper-connector\/","og_site_name":"Thi\u1ebft b\u1ecb ch\u0103n nu\u00f4i","article_modified_time":"2025-09-27T09:09:36+00:00","og_image":[{"width":1400,"height":1200,"url":"https:\/\/thietbichannuoi.com\/wp-content\/uploads\/2025\/05\/Bo-noi-silo-450mm.jpg","type":"image\/jpeg"}],"twitter_card":"summary_large_image","twitter_misc":{"Est. reading time":"1 minute"},"schema":{"@context":"https:\/\/schema.org","@graph":[{"@type":"WebPage","@id":"https:\/\/thietbichannuoi.com\/en\/san-pham\/silo-hopper-connector\/","url":"https:\/\/thietbichannuoi.com\/en\/san-pham\/silo-hopper-connector\/","name":"Silo Hopper Connector - Thi\u1ebft b\u1ecb ch\u0103n nu\u00f4i","isPartOf":{"@id":"https:\/\/thietbichannuoi.com\/#website"},"primaryImageOfPage":{"@id":"https:\/\/thietbichannuoi.com\/en\/san-pham\/silo-hopper-connector\/#primaryimage"},"image":{"@id":"https:\/\/thietbichannuoi.com\/en\/san-pham\/silo-hopper-connector\/#primaryimage"},"thumbnailUrl":"https:\/\/thietbichannuoi.com\/wp-content\/uploads\/2025\/05\/Bo-noi-silo-450mm.jpg","datePublished":"2025-05-12T10:11:58+00:00","dateModified":"2025-09-27T09:09:36+00:00","description":"Silo Hopper Connector","breadcrumb":{"@id":"https:\/\/thietbichannuoi.com\/en\/san-pham\/silo-hopper-connector\/#breadcrumb"},"inLanguage":"en-US","potentialAction":[{"@type":"ReadAction","target":["https:\/\/thietbichannuoi.com\/en\/san-pham\/silo-hopper-connector\/"]}]},{"@type":"ImageObject","inLanguage":"en-US","@id":"https:\/\/thietbichannuoi.com\/en\/san-pham\/silo-hopper-connector\/#primaryimage","url":"https:\/\/thietbichannuoi.com\/wp-content\/uploads\/2025\/05\/Bo-noi-silo-450mm.jpg","contentUrl":"https:\/\/thietbichannuoi.com\/wp-content\/uploads\/2025\/05\/Bo-noi-silo-450mm.jpg","width":1400,"height":1200,"caption":"Silo Hopper Connector"},{"@type":"BreadcrumbList","@id":"https:\/\/thietbichannuoi.com\/en\/san-pham\/silo-hopper-connector\/#breadcrumb","itemListElement":[{"@type":"ListItem","position":1,"name":"Home","item":"https:\/\/thietbichannuoi.com\/en\/"},{"@type":"ListItem","position":2,"name":"Shop","item":"https:\/\/thietbichannuoi.com\/shop\/"},{"@type":"ListItem","position":3,"name":"Silo Hopper Connector"}]},{"@type":"WebSite","@id":"https:\/\/thietbichannuoi.com\/#website","url":"https:\/\/thietbichannuoi.com\/","name":"Thi\u1ebft b\u1ecb ch\u0103n nu\u00f4i","description":"S\u1ea3n xu\u1ea5t thi\u1ebft b\u1ecb ch\u0103n nu\u00f4i gia s\u00fac, gia c\u1ea7m v\u00e0 c\u00e1c s\u1ea3n ph\u1ea9m t\u1eeb nh\u1ef1a","publisher":{"@id":"https:\/\/thietbichannuoi.com\/#organization"},"potentialAction":[{"@type":"SearchAction","target":{"@type":"EntryPoint","urlTemplate":"https:\/\/thietbichannuoi.com\/?s={search_term_string}"},"query-input":{"@type":"PropertyValueSpecification","valueRequired":true,"valueName":"search_term_string"}}],"inLanguage":"en-US"},{"@type":"Organization","@id":"https:\/\/thietbichannuoi.com\/#organization","name":"Thi\u1ebft b\u1ecb ch\u0103n nu\u00f4i Minh Ph\u00e1t","url":"https:\/\/thietbichannuoi.com\/","logo":{"@type":"ImageObject","inLanguage":"en-US","@id":"https:\/\/thietbichannuoi.com\/#\/schema\/logo\/image\/","url":"https:\/\/thietbichannuoi.com\/wp-content\/uploads\/2021\/04\/logo-thiet-bi-chan-nuoi.png","contentUrl":"https:\/\/thietbichannuoi.com\/wp-content\/uploads\/2021\/04\/logo-thiet-bi-chan-nuoi.png","width":104,"height":79,"caption":"Thi\u1ebft b\u1ecb ch\u0103n nu\u00f4i Minh Ph\u00e1t"},"image":{"@id":"https:\/\/thietbichannuoi.com\/#\/schema\/logo\/image\/"}}]}},"uagb_featured_image_src":{"full":["https:\/\/thietbichannuoi.com\/wp-content\/uploads\/2025\/05\/Bo-noi-silo-450mm.jpg",1400,1200,false],"thumbnail":["https:\/\/thietbichannuoi.com\/wp-content\/uploads\/2025\/05\/Bo-noi-silo-450mm.jpg",150,129,false],"medium":["https:\/\/thietbichannuoi.com\/wp-content\/uploads\/2025\/05\/Bo-noi-silo-450mm.jpg",300,257,false],"medium_large":["https:\/\/thietbichannuoi.com\/wp-content\/uploads\/2025\/05\/Bo-noi-silo-450mm.jpg",1400,1200,false],"large":["https:\/\/thietbichannuoi.com\/wp-content\/uploads\/2025\/05\/Bo-noi-silo-450mm.jpg",800,686,false],"1536x1536":["https:\/\/thietbichannuoi.com\/wp-content\/uploads\/2025\/05\/Bo-noi-silo-450mm.jpg",1400,1200,false],"2048x2048":["https:\/\/thietbichannuoi.com\/wp-content\/uploads\/2025\/05\/Bo-noi-silo-450mm.jpg",1400,1200,false],"woocommerce_thumbnail":["https:\/\/thietbichannuoi.com\/wp-content\/uploads\/2025\/05\/Bo-noi-silo-450mm.jpg",1400,1200,false],"woocommerce_single":["https:\/\/thietbichannuoi.com\/wp-content\/uploads\/2025\/05\/Bo-noi-silo-450mm.jpg",1400,1200,false],"woocommerce_gallery_thumbnail":["https:\/\/thietbichannuoi.com\/wp-content\/uploads\/2025\/05\/Bo-noi-silo-450mm-100x100.jpg",100,100,true]},"uagb_author_info":{"display_name":"minhphat","author_link":"https:\/\/thietbichannuoi.com\/en\/author\/"},"uagb_comment_info":0,"uagb_excerpt":"Code: SILOPK01 Top diameter: 45 cm Bot tom: 21.5 \u00d7 21.5 cm Code: SILOPK02 Top diameter: 44 cm Bottom: 21.5 \u00d7 21.5 cm Straight or tilted at 30 degrees Material: Stainless stee","_links":{"self":[{"href":"https:\/\/thietbichannuoi.com\/en\/wp-json\/wp\/v2\/product\/18959","targetHints":{"allow":["GET"]}}],"collection":[{"href":"https:\/\/thietbichannuoi.com\/en\/wp-json\/wp\/v2\/product"}],"about":[{"href":"https:\/\/thietbichannuoi.com\/en\/wp-json\/wp\/v2\/types\/product"}],"version-history":[{"count":0,"href":"https:\/\/thietbichannuoi.com\/en\/wp-json\/wp\/v2\/product\/18959\/revisions"}],"wp:featuredmedia":[{"embeddable":true,"href":"https:\/\/thietbichannuoi.com\/en\/wp-json\/wp\/v2\/media\/18957"}],"wp:attachment":[{"href":"https:\/\/thietbichannuoi.com\/en\/wp-json\/wp\/v2\/media?parent=18959"}],"wp:term":[{"taxonomy":"product_brand","embeddable":true,"href":"https:\/\/thietbichannuoi.com\/en\/wp-json\/wp\/v2\/product_brand?post=18959"},{"taxonomy":"product_cat","embeddable":true,"href":"https:\/\/thietbichannuoi.com\/en\/wp-json\/wp\/v2\/product_cat?post=18959"},{"taxonomy":"product_tag","embeddable":true,"href":"https:\/\/thietbichannuoi.com\/en\/wp-json\/wp\/v2\/product_tag?post=18959"}],"curies":[{"name":"wp","href":"https:\/\/api.w.org\/{rel}","templated":true}]}}