{"id":19129,"date":"2025-05-21T16:53:58","date_gmt":"2025-05-21T09:53:58","guid":{"rendered":"https:\/\/thietbichannuoi.com\/?post_type=product&#038;p=19129"},"modified":"2025-09-25T10:59:41","modified_gmt":"2025-09-25T03:59:41","slug":"hdpe-poultry-manure-belts-for-chicken-farm","status":"publish","type":"product","link":"https:\/\/thietbichannuoi.com\/en\/san-pham\/hdpe-poultry-manure-belts-for-chicken-farm\/","title":{"rendered":"HDPE Poultry Manure Belts For Chicken Farm"},"content":{"rendered":"<p><img fetchpriority=\"high\" decoding=\"async\" class=\"alignnone wp-image-19099 size-full\" src=\"https:\/\/thietbichannuoi.com\/wp-content\/uploads\/2025\/05\/bang-tai-phan.jpg\" alt=\"\" width=\"1234\" height=\"823\" srcset=\"https:\/\/thietbichannuoi.com\/wp-content\/uploads\/2025\/05\/bang-tai-phan.jpg 1234w, https:\/\/thietbichannuoi.com\/wp-content\/uploads\/2025\/05\/bang-tai-phan-600x400.jpg 600w, https:\/\/thietbichannuoi.com\/wp-content\/uploads\/2025\/05\/bang-tai-phan-300x200.jpg 300w, https:\/\/thietbichannuoi.com\/wp-content\/uploads\/2025\/05\/bang-tai-phan-1024x683.jpg 1024w, https:\/\/thietbichannuoi.com\/wp-content\/uploads\/2025\/05\/bang-tai-phan-150x100.jpg 150w\" sizes=\"(max-width: 1234px) 100vw, 1234px\" \/><\/p>\n","protected":false},"excerpt":{"rendered":"<p data-start=\"39\" data-end=\"59\"><strong data-start=\"39\" data-end=\"53\">Code:<\/strong> <strong>LGD03<\/strong><\/p>\n<ul>\n<li data-start=\"61\" data-end=\"206\"><strong data-start=\"61\" data-end=\"92\">Width-Sorting Conveyor Belt<\/strong> (Width: 1250mm)<\/li>\n<li data-start=\"61\" data-end=\"206\"><strong>Material:<\/strong> HDPE<\/li>\n<li data-start=\"61\" data-end=\"206\"><strong>Thickness:<\/strong> 1.12\u20131.15mm<\/li>\n<li data-start=\"61\" data-end=\"206\"><strong>Length:<\/strong> 200m\/Width as requested<\/li>\n<li data-start=\"61\" data-end=\"206\"><strong>Color:<\/strong> Milky white<\/li>\n<\/ul>\n","protected":false},"featured_media":19108,"template":"","meta":{"_uag_custom_page_level_css":"","footnotes":""},"product_brand":[],"product_cat":[1459],"product_tag":[],"class_list":{"0":"post-19129","1":"product","2":"type-product","3":"status-publish","4":"has-post-thumbnail","6":"product_cat-layer-chicken-house","8":"first","9":"instock","10":"shipping-taxable","11":"product-type-simple"},"acf":[],"yoast_head":"<!-- This site is optimized with the Yoast SEO Premium plugin v22.9 (Yoast SEO v27.3) - https:\/\/yoast.com\/product\/yoast-seo-premium-wordpress\/ -->\n<title>HDPE Poultry Manure Belts For Chicken Farm - Thi\u1ebft b\u1ecb ch\u0103n nu\u00f4i<\/title>\n<meta name=\"description\" content=\"HDPE Poultry Manure Belts For Chicken Farm\" \/>\n<meta name=\"robots\" content=\"index, follow, max-snippet:-1, max-image-preview:large, max-video-preview:-1\" \/>\n<link rel=\"canonical\" href=\"https:\/\/thietbichannuoi.com\/en\/san-pham\/hdpe-poultry-manure-belts-for-chicken-farm\/\" \/>\n<meta property=\"og:locale\" content=\"en_US\" \/>\n<meta property=\"og:type\" content=\"article\" \/>\n<meta property=\"og:title\" content=\"HDPE Poultry Manure Belts For Chicken Farm\" \/>\n<meta property=\"og:description\" content=\"Code: LGD03    Width-Sorting Conveyor Belt (Width: 1250mm)  Material: HDPE  Thickness: 1.12\u20131.15mm  Length: 200m\/Width as requested  Color: Milky white\" \/>\n<meta property=\"og:url\" content=\"https:\/\/thietbichannuoi.com\/en\/san-pham\/hdpe-poultry-manure-belts-for-chicken-farm\/\" \/>\n<meta property=\"og:site_name\" content=\"Thi\u1ebft b\u1ecb ch\u0103n nu\u00f4i\" \/>\n<meta property=\"article:modified_time\" content=\"2025-09-25T03:59:41+00:00\" \/>\n<meta property=\"og:image\" content=\"https:\/\/thietbichannuoi.com\/wp-content\/uploads\/2025\/05\/bang-tai-phan-3.jpg\" \/>\n\t<meta property=\"og:image:width\" content=\"1400\" \/>\n\t<meta property=\"og:image:height\" content=\"1200\" \/>\n\t<meta property=\"og:image:type\" content=\"image\/jpeg\" \/>\n<meta name=\"twitter:card\" content=\"summary_large_image\" \/>\n<meta name=\"twitter:label1\" content=\"Est. reading time\" \/>\n\t<meta name=\"twitter:data1\" content=\"1 minute\" \/>\n<!-- \/ Yoast SEO Premium plugin. -->","yoast_head_json":{"title":"HDPE Poultry Manure Belts For Chicken Farm - Thi\u1ebft b\u1ecb ch\u0103n nu\u00f4i","description":"HDPE Poultry Manure Belts For Chicken Farm","robots":{"index":"index","follow":"follow","max-snippet":"max-snippet:-1","max-image-preview":"max-image-preview:large","max-video-preview":"max-video-preview:-1"},"canonical":"https:\/\/thietbichannuoi.com\/en\/san-pham\/hdpe-poultry-manure-belts-for-chicken-farm\/","og_locale":"en_US","og_type":"article","og_title":"HDPE Poultry Manure Belts For Chicken Farm","og_description":"Code: LGD03    Width-Sorting Conveyor Belt (Width: 1250mm)  Material: HDPE  Thickness: 1.12\u20131.15mm  Length: 200m\/Width as requested  Color: Milky white","og_url":"https:\/\/thietbichannuoi.com\/en\/san-pham\/hdpe-poultry-manure-belts-for-chicken-farm\/","og_site_name":"Thi\u1ebft b\u1ecb ch\u0103n nu\u00f4i","article_modified_time":"2025-09-25T03:59:41+00:00","og_image":[{"width":1400,"height":1200,"url":"https:\/\/thietbichannuoi.com\/wp-content\/uploads\/2025\/05\/bang-tai-phan-3.jpg","type":"image\/jpeg"}],"twitter_card":"summary_large_image","twitter_misc":{"Est. reading time":"1 minute"},"schema":{"@context":"https:\/\/schema.org","@graph":[{"@type":"WebPage","@id":"https:\/\/thietbichannuoi.com\/en\/san-pham\/hdpe-poultry-manure-belts-for-chicken-farm\/","url":"https:\/\/thietbichannuoi.com\/en\/san-pham\/hdpe-poultry-manure-belts-for-chicken-farm\/","name":"HDPE Poultry Manure Belts For Chicken Farm - Thi\u1ebft b\u1ecb ch\u0103n nu\u00f4i","isPartOf":{"@id":"https:\/\/thietbichannuoi.com\/#website"},"primaryImageOfPage":{"@id":"https:\/\/thietbichannuoi.com\/en\/san-pham\/hdpe-poultry-manure-belts-for-chicken-farm\/#primaryimage"},"image":{"@id":"https:\/\/thietbichannuoi.com\/en\/san-pham\/hdpe-poultry-manure-belts-for-chicken-farm\/#primaryimage"},"thumbnailUrl":"https:\/\/thietbichannuoi.com\/wp-content\/uploads\/2025\/05\/bang-tai-phan-3.jpg","datePublished":"2025-05-21T09:53:58+00:00","dateModified":"2025-09-25T03:59:41+00:00","description":"HDPE Poultry Manure Belts For Chicken Farm","breadcrumb":{"@id":"https:\/\/thietbichannuoi.com\/en\/san-pham\/hdpe-poultry-manure-belts-for-chicken-farm\/#breadcrumb"},"inLanguage":"en-US","potentialAction":[{"@type":"ReadAction","target":["https:\/\/thietbichannuoi.com\/en\/san-pham\/hdpe-poultry-manure-belts-for-chicken-farm\/"]}]},{"@type":"ImageObject","inLanguage":"en-US","@id":"https:\/\/thietbichannuoi.com\/en\/san-pham\/hdpe-poultry-manure-belts-for-chicken-farm\/#primaryimage","url":"https:\/\/thietbichannuoi.com\/wp-content\/uploads\/2025\/05\/bang-tai-phan-3.jpg","contentUrl":"https:\/\/thietbichannuoi.com\/wp-content\/uploads\/2025\/05\/bang-tai-phan-3.jpg","width":1400,"height":1200,"caption":"HDPE Manure Conveyor Belt for Poultry Cages"},{"@type":"BreadcrumbList","@id":"https:\/\/thietbichannuoi.com\/en\/san-pham\/hdpe-poultry-manure-belts-for-chicken-farm\/#breadcrumb","itemListElement":[{"@type":"ListItem","position":1,"name":"Home","item":"https:\/\/thietbichannuoi.com\/en\/"},{"@type":"ListItem","position":2,"name":"Shop","item":"https:\/\/thietbichannuoi.com\/shop\/"},{"@type":"ListItem","position":3,"name":"HDPE Poultry Manure Belts For Chicken Farm"}]},{"@type":"WebSite","@id":"https:\/\/thietbichannuoi.com\/#website","url":"https:\/\/thietbichannuoi.com\/","name":"Thi\u1ebft b\u1ecb ch\u0103n nu\u00f4i","description":"S\u1ea3n xu\u1ea5t thi\u1ebft b\u1ecb ch\u0103n nu\u00f4i gia s\u00fac, gia c\u1ea7m v\u00e0 c\u00e1c s\u1ea3n ph\u1ea9m t\u1eeb nh\u1ef1a","publisher":{"@id":"https:\/\/thietbichannuoi.com\/#organization"},"potentialAction":[{"@type":"SearchAction","target":{"@type":"EntryPoint","urlTemplate":"https:\/\/thietbichannuoi.com\/?s={search_term_string}"},"query-input":{"@type":"PropertyValueSpecification","valueRequired":true,"valueName":"search_term_string"}}],"inLanguage":"en-US"},{"@type":"Organization","@id":"https:\/\/thietbichannuoi.com\/#organization","name":"Thi\u1ebft b\u1ecb ch\u0103n nu\u00f4i Minh Ph\u00e1t","url":"https:\/\/thietbichannuoi.com\/","logo":{"@type":"ImageObject","inLanguage":"en-US","@id":"https:\/\/thietbichannuoi.com\/#\/schema\/logo\/image\/","url":"https:\/\/thietbichannuoi.com\/wp-content\/uploads\/2021\/04\/logo-thiet-bi-chan-nuoi.png","contentUrl":"https:\/\/thietbichannuoi.com\/wp-content\/uploads\/2021\/04\/logo-thiet-bi-chan-nuoi.png","width":104,"height":79,"caption":"Thi\u1ebft b\u1ecb ch\u0103n nu\u00f4i Minh Ph\u00e1t"},"image":{"@id":"https:\/\/thietbichannuoi.com\/#\/schema\/logo\/image\/"}}]}},"uagb_featured_image_src":{"full":["https:\/\/thietbichannuoi.com\/wp-content\/uploads\/2025\/05\/bang-tai-phan-3.jpg",1400,1200,false],"thumbnail":["https:\/\/thietbichannuoi.com\/wp-content\/uploads\/2025\/05\/bang-tai-phan-3.jpg",150,129,false],"medium":["https:\/\/thietbichannuoi.com\/wp-content\/uploads\/2025\/05\/bang-tai-phan-3.jpg",300,257,false],"medium_large":["https:\/\/thietbichannuoi.com\/wp-content\/uploads\/2025\/05\/bang-tai-phan-3.jpg",1400,1200,false],"large":["https:\/\/thietbichannuoi.com\/wp-content\/uploads\/2025\/05\/bang-tai-phan-3.jpg",800,686,false],"1536x1536":["https:\/\/thietbichannuoi.com\/wp-content\/uploads\/2025\/05\/bang-tai-phan-3.jpg",1400,1200,false],"2048x2048":["https:\/\/thietbichannuoi.com\/wp-content\/uploads\/2025\/05\/bang-tai-phan-3.jpg",1400,1200,false],"woocommerce_thumbnail":["https:\/\/thietbichannuoi.com\/wp-content\/uploads\/2025\/05\/bang-tai-phan-3.jpg",1400,1200,false],"woocommerce_single":["https:\/\/thietbichannuoi.com\/wp-content\/uploads\/2025\/05\/bang-tai-phan-3.jpg",1400,1200,false],"woocommerce_gallery_thumbnail":["https:\/\/thietbichannuoi.com\/wp-content\/uploads\/2025\/05\/bang-tai-phan-3-100x100.jpg",100,100,true]},"uagb_author_info":{"display_name":"minhphat","author_link":"https:\/\/thietbichannuoi.com\/en\/author\/"},"uagb_comment_info":0,"uagb_excerpt":"Code: LGD03 Width-Sorting Conveyor Belt (Width: 1250mm) Material: HDPE Thickness: 1.12\u20131.15mm Length: 200m\/Width as requested Color: Milky white","_links":{"self":[{"href":"https:\/\/thietbichannuoi.com\/en\/wp-json\/wp\/v2\/product\/19129","targetHints":{"allow":["GET"]}}],"collection":[{"href":"https:\/\/thietbichannuoi.com\/en\/wp-json\/wp\/v2\/product"}],"about":[{"href":"https:\/\/thietbichannuoi.com\/en\/wp-json\/wp\/v2\/types\/product"}],"version-history":[{"count":0,"href":"https:\/\/thietbichannuoi.com\/en\/wp-json\/wp\/v2\/product\/19129\/revisions"}],"wp:featuredmedia":[{"embeddable":true,"href":"https:\/\/thietbichannuoi.com\/en\/wp-json\/wp\/v2\/media\/19108"}],"wp:attachment":[{"href":"https:\/\/thietbichannuoi.com\/en\/wp-json\/wp\/v2\/media?parent=19129"}],"wp:term":[{"taxonomy":"product_brand","embeddable":true,"href":"https:\/\/thietbichannuoi.com\/en\/wp-json\/wp\/v2\/product_brand?post=19129"},{"taxonomy":"product_cat","embeddable":true,"href":"https:\/\/thietbichannuoi.com\/en\/wp-json\/wp\/v2\/product_cat?post=19129"},{"taxonomy":"product_tag","embeddable":true,"href":"https:\/\/thietbichannuoi.com\/en\/wp-json\/wp\/v2\/product_tag?post=19129"}],"curies":[{"name":"wp","href":"https:\/\/api.w.org\/{rel}","templated":true}]}}