{"id":19188,"date":"2025-05-27T16:05:43","date_gmt":"2025-05-27T09:05:43","guid":{"rendered":"https:\/\/thietbichannuoi.com\/?post_type=product&#038;p=19188"},"modified":"2025-09-26T16:55:13","modified_gmt":"2025-09-26T09:55:13","slug":"flexible-water-supply-hose","status":"publish","type":"product","link":"https:\/\/thietbichannuoi.com\/en\/san-pham\/flexible-water-supply-hose\/","title":{"rendered":"Flexible Water Supply Hose"},"content":{"rendered":"","protected":false},"excerpt":{"rendered":"<p data-start=\"750\" data-end=\"806\"><strong data-start=\"750\" data-end=\"804\">1. Item Code: HEU-PK13 \u2013 PVC Water Supply Hose D12<\/strong><\/p>\n<ul data-start=\"807\" data-end=\"1019\">\n<li data-start=\"807\" data-end=\"832\">\n<p data-start=\"809\" data-end=\"832\"><strong>Hose Diameter:<\/strong> D12 mm<\/p>\n<\/li>\n<li data-start=\"833\" data-end=\"848\">\n<p data-start=\"835\" data-end=\"848\"><strong>Color:<\/strong> Blue<\/p>\n<\/li>\n<li data-start=\"849\" data-end=\"888\">\n<p data-start=\"851\" data-end=\"888\"><strong>Material:<\/strong> Flexible high-quality PVC<\/p>\n<\/li>\n<li data-start=\"889\" data-end=\"958\">\n<p data-start=\"891\" data-end=\"958\"><strong>Application:<\/strong> Connects to drinkers in pig, poultry, and duck farms<\/p>\n<\/li>\n<li data-start=\"959\" data-end=\"1019\">\n<p data-start=\"961\" data-end=\"1019\"><strong>Features:<\/strong> Easy to install \u2013 durable \u2013 pressure-resistant<\/p>\n<\/li>\n<\/ul>\n<p data-start=\"1021\" data-end=\"1083\"><strong data-start=\"1021\" data-end=\"1081\">2. Item Code: HEU-PK12 \u2013 Plastic Connector Fitting 21\/12<\/strong><\/p>\n<ul data-start=\"1084\" data-end=\"1274\">\n<li data-start=\"1084\" data-end=\"1122\">\n<p data-start=\"1086\" data-end=\"1122\"><strong>One end:<\/strong> Female thread D21 (21 mm)<\/p>\n<\/li>\n<li data-start=\"1123\" data-end=\"1161\">\n<p data-start=\"1125\" data-end=\"1161\"><strong>One end:<\/strong> Quick connect D12 (12 mm)<\/p>\n<\/li>\n<li data-start=\"1162\" data-end=\"1190\">\n<p data-start=\"1164\" data-end=\"1190\"><strong>Material:<\/strong> plastic<\/p>\n<\/li>\n<li data-start=\"1191\" data-end=\"1274\">\n<p data-start=\"1193\" data-end=\"1274\"><strong>Application:<\/strong> Connects main water pipe to D12 hose in livestock watering systems<\/p>\n<\/li>\n<\/ul>\n","protected":false},"featured_media":19115,"template":"","meta":{"_uag_custom_page_level_css":"","footnotes":""},"product_brand":[],"product_cat":[1024],"product_tag":[],"class_list":{"0":"post-19188","1":"product","2":"type-product","3":"status-publish","4":"has-post-thumbnail","6":"product_cat-drinker-equipments","8":"first","9":"instock","10":"shipping-taxable","11":"product-type-simple"},"acf":[],"yoast_head":"<!-- This site is optimized with the Yoast SEO Premium plugin v22.9 (Yoast SEO v27.3) - https:\/\/yoast.com\/product\/yoast-seo-premium-wordpress\/ -->\n<title>Flexible Water Supply Hose - Thi\u1ebft b\u1ecb ch\u0103n nu\u00f4i<\/title>\n<meta name=\"description\" content=\"Flexible Water Supply Hose\" \/>\n<meta name=\"robots\" content=\"index, follow, max-snippet:-1, max-image-preview:large, max-video-preview:-1\" \/>\n<link rel=\"canonical\" href=\"https:\/\/thietbichannuoi.com\/en\/san-pham\/flexible-water-supply-hose\/\" \/>\n<meta property=\"og:locale\" content=\"en_US\" \/>\n<meta property=\"og:type\" content=\"article\" \/>\n<meta property=\"og:title\" content=\"Flexible Water Supply Hose\" \/>\n<meta property=\"og:description\" content=\"1. Item Code: HEU-PK13 \u2013 PVC Water Supply Hose D12     Hose Diameter: D12 mm    Color: Blue    Material: Flexible high-quality PVC    Application: Connects to drinkers in pig, poultry, and duck farms    Features: Easy to install \u2013 durable \u2013 pressure-resistant   2. Item Code: HEU-PK12 \u2013 Plastic Connector Fitting 21\/12     One end: Female thread D21 (21 mm)    One end: Quick connect D12 (12 mm)    Material: plastic    Application: Connects main water pipe to D12 hose in livestock watering systems\" \/>\n<meta property=\"og:url\" content=\"https:\/\/thietbichannuoi.com\/en\/san-pham\/flexible-water-supply-hose\/\" \/>\n<meta property=\"og:site_name\" content=\"Thi\u1ebft b\u1ecb ch\u0103n nu\u00f4i\" \/>\n<meta property=\"article:modified_time\" content=\"2025-09-26T09:55:13+00:00\" \/>\n<meta property=\"og:image\" content=\"https:\/\/thietbichannuoi.com\/wp-content\/uploads\/2025\/05\/ong-nuoc-men-cho-cay-uong-nuoc.jpg\" \/>\n\t<meta property=\"og:image:width\" content=\"1400\" \/>\n\t<meta property=\"og:image:height\" content=\"1200\" \/>\n\t<meta property=\"og:image:type\" content=\"image\/jpeg\" \/>\n<meta name=\"twitter:card\" content=\"summary_large_image\" \/>\n<meta name=\"twitter:label1\" content=\"Est. reading time\" \/>\n\t<meta name=\"twitter:data1\" content=\"1 minute\" \/>\n<!-- \/ Yoast SEO Premium plugin. -->","yoast_head_json":{"title":"Flexible Water Supply Hose - Thi\u1ebft b\u1ecb ch\u0103n nu\u00f4i","description":"Flexible Water Supply Hose","robots":{"index":"index","follow":"follow","max-snippet":"max-snippet:-1","max-image-preview":"max-image-preview:large","max-video-preview":"max-video-preview:-1"},"canonical":"https:\/\/thietbichannuoi.com\/en\/san-pham\/flexible-water-supply-hose\/","og_locale":"en_US","og_type":"article","og_title":"Flexible Water Supply Hose","og_description":"1. Item Code: HEU-PK13 \u2013 PVC Water Supply Hose D12     Hose Diameter: D12 mm    Color: Blue    Material: Flexible high-quality PVC    Application: Connects to drinkers in pig, poultry, and duck farms    Features: Easy to install \u2013 durable \u2013 pressure-resistant   2. Item Code: HEU-PK12 \u2013 Plastic Connector Fitting 21\/12     One end: Female thread D21 (21 mm)    One end: Quick connect D12 (12 mm)    Material: plastic    Application: Connects main water pipe to D12 hose in livestock watering systems","og_url":"https:\/\/thietbichannuoi.com\/en\/san-pham\/flexible-water-supply-hose\/","og_site_name":"Thi\u1ebft b\u1ecb ch\u0103n nu\u00f4i","article_modified_time":"2025-09-26T09:55:13+00:00","og_image":[{"width":1400,"height":1200,"url":"https:\/\/thietbichannuoi.com\/wp-content\/uploads\/2025\/05\/ong-nuoc-men-cho-cay-uong-nuoc.jpg","type":"image\/jpeg"}],"twitter_card":"summary_large_image","twitter_misc":{"Est. reading time":"1 minute"},"schema":{"@context":"https:\/\/schema.org","@graph":[{"@type":"WebPage","@id":"https:\/\/thietbichannuoi.com\/en\/san-pham\/flexible-water-supply-hose\/","url":"https:\/\/thietbichannuoi.com\/en\/san-pham\/flexible-water-supply-hose\/","name":"Flexible Water Supply Hose - Thi\u1ebft b\u1ecb ch\u0103n nu\u00f4i","isPartOf":{"@id":"https:\/\/thietbichannuoi.com\/#website"},"primaryImageOfPage":{"@id":"https:\/\/thietbichannuoi.com\/en\/san-pham\/flexible-water-supply-hose\/#primaryimage"},"image":{"@id":"https:\/\/thietbichannuoi.com\/en\/san-pham\/flexible-water-supply-hose\/#primaryimage"},"thumbnailUrl":"https:\/\/thietbichannuoi.com\/wp-content\/uploads\/2025\/05\/ong-nuoc-men-cho-cay-uong-nuoc.jpg","datePublished":"2025-05-27T09:05:43+00:00","dateModified":"2025-09-26T09:55:13+00:00","description":"Flexible Water Supply Hose","breadcrumb":{"@id":"https:\/\/thietbichannuoi.com\/en\/san-pham\/flexible-water-supply-hose\/#breadcrumb"},"inLanguage":"en-US","potentialAction":[{"@type":"ReadAction","target":["https:\/\/thietbichannuoi.com\/en\/san-pham\/flexible-water-supply-hose\/"]}]},{"@type":"ImageObject","inLanguage":"en-US","@id":"https:\/\/thietbichannuoi.com\/en\/san-pham\/flexible-water-supply-hose\/#primaryimage","url":"https:\/\/thietbichannuoi.com\/wp-content\/uploads\/2025\/05\/ong-nuoc-men-cho-cay-uong-nuoc.jpg","contentUrl":"https:\/\/thietbichannuoi.com\/wp-content\/uploads\/2025\/05\/ong-nuoc-men-cho-cay-uong-nuoc.jpg","width":1400,"height":1200,"caption":"Flexible Water Supply Hose"},{"@type":"BreadcrumbList","@id":"https:\/\/thietbichannuoi.com\/en\/san-pham\/flexible-water-supply-hose\/#breadcrumb","itemListElement":[{"@type":"ListItem","position":1,"name":"Home","item":"https:\/\/thietbichannuoi.com\/en\/"},{"@type":"ListItem","position":2,"name":"Shop","item":"https:\/\/thietbichannuoi.com\/shop\/"},{"@type":"ListItem","position":3,"name":"Flexible Water Supply Hose"}]},{"@type":"WebSite","@id":"https:\/\/thietbichannuoi.com\/#website","url":"https:\/\/thietbichannuoi.com\/","name":"Thi\u1ebft b\u1ecb ch\u0103n nu\u00f4i","description":"S\u1ea3n xu\u1ea5t thi\u1ebft b\u1ecb ch\u0103n nu\u00f4i gia s\u00fac, gia c\u1ea7m v\u00e0 c\u00e1c s\u1ea3n ph\u1ea9m t\u1eeb nh\u1ef1a","publisher":{"@id":"https:\/\/thietbichannuoi.com\/#organization"},"potentialAction":[{"@type":"SearchAction","target":{"@type":"EntryPoint","urlTemplate":"https:\/\/thietbichannuoi.com\/?s={search_term_string}"},"query-input":{"@type":"PropertyValueSpecification","valueRequired":true,"valueName":"search_term_string"}}],"inLanguage":"en-US"},{"@type":"Organization","@id":"https:\/\/thietbichannuoi.com\/#organization","name":"Thi\u1ebft b\u1ecb ch\u0103n nu\u00f4i Minh Ph\u00e1t","url":"https:\/\/thietbichannuoi.com\/","logo":{"@type":"ImageObject","inLanguage":"en-US","@id":"https:\/\/thietbichannuoi.com\/#\/schema\/logo\/image\/","url":"https:\/\/thietbichannuoi.com\/wp-content\/uploads\/2021\/04\/logo-thiet-bi-chan-nuoi.png","contentUrl":"https:\/\/thietbichannuoi.com\/wp-content\/uploads\/2021\/04\/logo-thiet-bi-chan-nuoi.png","width":104,"height":79,"caption":"Thi\u1ebft b\u1ecb ch\u0103n nu\u00f4i Minh Ph\u00e1t"},"image":{"@id":"https:\/\/thietbichannuoi.com\/#\/schema\/logo\/image\/"}}]}},"uagb_featured_image_src":{"full":["https:\/\/thietbichannuoi.com\/wp-content\/uploads\/2025\/05\/ong-nuoc-men-cho-cay-uong-nuoc.jpg",1400,1200,false],"thumbnail":["https:\/\/thietbichannuoi.com\/wp-content\/uploads\/2025\/05\/ong-nuoc-men-cho-cay-uong-nuoc.jpg",150,129,false],"medium":["https:\/\/thietbichannuoi.com\/wp-content\/uploads\/2025\/05\/ong-nuoc-men-cho-cay-uong-nuoc.jpg",300,257,false],"medium_large":["https:\/\/thietbichannuoi.com\/wp-content\/uploads\/2025\/05\/ong-nuoc-men-cho-cay-uong-nuoc.jpg",1400,1200,false],"large":["https:\/\/thietbichannuoi.com\/wp-content\/uploads\/2025\/05\/ong-nuoc-men-cho-cay-uong-nuoc.jpg",800,686,false],"1536x1536":["https:\/\/thietbichannuoi.com\/wp-content\/uploads\/2025\/05\/ong-nuoc-men-cho-cay-uong-nuoc.jpg",1400,1200,false],"2048x2048":["https:\/\/thietbichannuoi.com\/wp-content\/uploads\/2025\/05\/ong-nuoc-men-cho-cay-uong-nuoc.jpg",1400,1200,false],"woocommerce_thumbnail":["https:\/\/thietbichannuoi.com\/wp-content\/uploads\/2025\/05\/ong-nuoc-men-cho-cay-uong-nuoc.jpg",1400,1200,false],"woocommerce_single":["https:\/\/thietbichannuoi.com\/wp-content\/uploads\/2025\/05\/ong-nuoc-men-cho-cay-uong-nuoc.jpg",1400,1200,false],"woocommerce_gallery_thumbnail":["https:\/\/thietbichannuoi.com\/wp-content\/uploads\/2025\/05\/ong-nuoc-men-cho-cay-uong-nuoc-100x100.jpg",100,100,true]},"uagb_author_info":{"display_name":"minhphat","author_link":"https:\/\/thietbichannuoi.com\/en\/author\/"},"uagb_comment_info":0,"uagb_excerpt":"1. Item Code: HEU-PK13 \u2013 PVC Water Supply Hose D12 Hose Diameter: D12 mm Color: Blue Material: Flexible high-quality PVC Application: Connects to drinkers in pig, poultry, and duck farms Features: Easy to install \u2013 durable \u2013 pressure-resistant 2. Item Code: HEU-PK12 \u2013 Plastic Connector Fitting 21\/12 One end: Female thread D21 (21 mm) One&hellip;","_links":{"self":[{"href":"https:\/\/thietbichannuoi.com\/en\/wp-json\/wp\/v2\/product\/19188","targetHints":{"allow":["GET"]}}],"collection":[{"href":"https:\/\/thietbichannuoi.com\/en\/wp-json\/wp\/v2\/product"}],"about":[{"href":"https:\/\/thietbichannuoi.com\/en\/wp-json\/wp\/v2\/types\/product"}],"version-history":[{"count":0,"href":"https:\/\/thietbichannuoi.com\/en\/wp-json\/wp\/v2\/product\/19188\/revisions"}],"wp:featuredmedia":[{"embeddable":true,"href":"https:\/\/thietbichannuoi.com\/en\/wp-json\/wp\/v2\/media\/19115"}],"wp:attachment":[{"href":"https:\/\/thietbichannuoi.com\/en\/wp-json\/wp\/v2\/media?parent=19188"}],"wp:term":[{"taxonomy":"product_brand","embeddable":true,"href":"https:\/\/thietbichannuoi.com\/en\/wp-json\/wp\/v2\/product_brand?post=19188"},{"taxonomy":"product_cat","embeddable":true,"href":"https:\/\/thietbichannuoi.com\/en\/wp-json\/wp\/v2\/product_cat?post=19188"},{"taxonomy":"product_tag","embeddable":true,"href":"https:\/\/thietbichannuoi.com\/en\/wp-json\/wp\/v2\/product_tag?post=19188"}],"curies":[{"name":"wp","href":"https:\/\/api.w.org\/{rel}","templated":true}]}}