{"id":19314,"date":"2025-06-09T23:20:40","date_gmt":"2025-06-09T16:20:40","guid":{"rendered":"https:\/\/thietbichannuoi.com\/?post_type=product&#038;p=19314"},"modified":"2025-07-30T22:23:22","modified_gmt":"2025-07-30T15:23:22","slug":"plastic-slatted-floor-support-beam","status":"publish","type":"product","link":"https:\/\/thietbichannuoi.com\/en\/san-pham\/plastic-slatted-floor-support-beam\/","title":{"rendered":"Plastic Slatted Floor Support Beam"},"content":{"rendered":"<p data-start=\"293\" data-end=\"402\"><strong data-start=\"293\" data-end=\"309\">Application:<\/strong> Used to support and stabilize plastic slatted flooring in pig and poultry farming systems.<\/p>\n<p data-start=\"405\" data-end=\"454\"><strong data-start=\"405\" data-end=\"418\">Material:<\/strong> Durable PVC or reinforced plastic<\/p>\n<p data-start=\"457\" data-end=\"531\"><strong data-start=\"457\" data-end=\"468\">Design:<\/strong> Triangular base for high load-bearing capacity and stability<\/p>\n<p data-start=\"534\" data-end=\"602\"><strong data-start=\"534\" data-end=\"546\">Surface:<\/strong> Anti-slip ribbed top for secure floor panel placement<\/p>\n<p data-start=\"605\" data-end=\"622\"><strong data-start=\"605\" data-end=\"620\">Advantages:<\/strong><\/p>\n<ul>\n<li style=\"list-style-type: none\">\n<ul data-start=\"625\" data-end=\"762\">\n<li data-start=\"625\" data-end=\"665\">\n<p data-start=\"627\" data-end=\"665\">Resistant to corrosion and chemicals<\/p>\n<\/li>\n<li data-start=\"668\" data-end=\"703\">\n<p data-start=\"670\" data-end=\"703\">Lightweight and easy to install<\/p>\n<\/li>\n<li data-start=\"706\" data-end=\"762\">\n<p data-start=\"708\" data-end=\"762\">Compatible with most standard plastic flooring systems<\/p>\n<\/li>\n<\/ul>\n<\/li>\n<\/ul>\n","protected":false},"excerpt":{"rendered":"<p>Application: Used to support and stabilize plastic slatted flooring in pig and poultry farming systems. Material: Durable PVC or reinforced plastic Design: Triangular base for high load-bearing capacity and stability Surface: Anti-slip ribbed top for secure floor panel placement Advantages: Resistant to corrosion and chemicals Lightweight and easy to install Compatible with most standard plastic [&hellip;]<\/p>\n","protected":false},"featured_media":19499,"template":"","meta":{"_uag_custom_page_level_css":"","footnotes":""},"product_brand":[],"product_cat":[1022],"product_tag":[],"class_list":{"0":"post-19314","1":"product","2":"type-product","3":"status-publish","4":"has-post-thumbnail","6":"product_cat-plastic-floors-poultry-equipment","8":"first","9":"instock","10":"shipping-taxable","11":"product-type-simple"},"acf":[],"yoast_head":"<!-- This site is optimized with the Yoast SEO Premium plugin v22.9 (Yoast SEO v27.3) - https:\/\/yoast.com\/product\/yoast-seo-premium-wordpress\/ -->\n<title>Plastic Slatted Floor Support Beam - Thi\u1ebft b\u1ecb ch\u0103n nu\u00f4i<\/title>\n<meta name=\"description\" content=\"Plastic Slatted Floor Support Beam\" \/>\n<meta name=\"robots\" content=\"index, follow, max-snippet:-1, max-image-preview:large, max-video-preview:-1\" \/>\n<link rel=\"canonical\" href=\"https:\/\/thietbichannuoi.com\/en\/san-pham\/plastic-slatted-floor-support-beam\/\" \/>\n<meta property=\"og:locale\" content=\"en_US\" \/>\n<meta property=\"og:type\" content=\"article\" \/>\n<meta property=\"og:title\" content=\"Plastic Slatted Floor Support Beam\" \/>\n<meta property=\"og:description\" content=\"Application: Used to support and stabilize plastic slatted flooring in pig and poultry farming systems. Material: Durable PVC or reinforced plastic\" \/>\n<meta property=\"og:url\" content=\"https:\/\/thietbichannuoi.com\/en\/san-pham\/plastic-slatted-floor-support-beam\/\" \/>\n<meta property=\"og:site_name\" content=\"Thi\u1ebft b\u1ecb ch\u0103n nu\u00f4i\" \/>\n<meta property=\"article:modified_time\" content=\"2025-07-30T15:23:22+00:00\" \/>\n<meta property=\"og:image\" content=\"https:\/\/thietbichannuoi.com\/wp-content\/uploads\/2025\/03\/thanh-do-san01-1.jpg\" \/>\n\t<meta property=\"og:image:width\" content=\"1400\" \/>\n\t<meta property=\"og:image:height\" content=\"1200\" \/>\n\t<meta property=\"og:image:type\" content=\"image\/jpeg\" \/>\n<meta name=\"twitter:card\" content=\"summary_large_image\" \/>\n<meta name=\"twitter:label1\" content=\"Est. reading time\" \/>\n\t<meta name=\"twitter:data1\" content=\"1 minute\" \/>\n<!-- \/ Yoast SEO Premium plugin. -->","yoast_head_json":{"title":"Plastic Slatted Floor Support Beam - Thi\u1ebft b\u1ecb ch\u0103n nu\u00f4i","description":"Plastic Slatted Floor Support Beam","robots":{"index":"index","follow":"follow","max-snippet":"max-snippet:-1","max-image-preview":"max-image-preview:large","max-video-preview":"max-video-preview:-1"},"canonical":"https:\/\/thietbichannuoi.com\/en\/san-pham\/plastic-slatted-floor-support-beam\/","og_locale":"en_US","og_type":"article","og_title":"Plastic Slatted Floor Support Beam","og_description":"Application: Used to support and stabilize plastic slatted flooring in pig and poultry farming systems. Material: Durable PVC or reinforced plastic","og_url":"https:\/\/thietbichannuoi.com\/en\/san-pham\/plastic-slatted-floor-support-beam\/","og_site_name":"Thi\u1ebft b\u1ecb ch\u0103n nu\u00f4i","article_modified_time":"2025-07-30T15:23:22+00:00","og_image":[{"width":1400,"height":1200,"url":"https:\/\/thietbichannuoi.com\/wp-content\/uploads\/2025\/03\/thanh-do-san01-1.jpg","type":"image\/jpeg"}],"twitter_card":"summary_large_image","twitter_misc":{"Est. reading time":"1 minute"},"schema":{"@context":"https:\/\/schema.org","@graph":[{"@type":"WebPage","@id":"https:\/\/thietbichannuoi.com\/en\/san-pham\/plastic-slatted-floor-support-beam\/","url":"https:\/\/thietbichannuoi.com\/en\/san-pham\/plastic-slatted-floor-support-beam\/","name":"Plastic Slatted Floor Support Beam - Thi\u1ebft b\u1ecb ch\u0103n nu\u00f4i","isPartOf":{"@id":"https:\/\/thietbichannuoi.com\/#website"},"primaryImageOfPage":{"@id":"https:\/\/thietbichannuoi.com\/en\/san-pham\/plastic-slatted-floor-support-beam\/#primaryimage"},"image":{"@id":"https:\/\/thietbichannuoi.com\/en\/san-pham\/plastic-slatted-floor-support-beam\/#primaryimage"},"thumbnailUrl":"https:\/\/thietbichannuoi.com\/wp-content\/uploads\/2025\/03\/thanh-do-san01-1.jpg","datePublished":"2025-06-09T16:20:40+00:00","dateModified":"2025-07-30T15:23:22+00:00","description":"Plastic Slatted Floor Support Beam","breadcrumb":{"@id":"https:\/\/thietbichannuoi.com\/en\/san-pham\/plastic-slatted-floor-support-beam\/#breadcrumb"},"inLanguage":"en-US","potentialAction":[{"@type":"ReadAction","target":["https:\/\/thietbichannuoi.com\/en\/san-pham\/plastic-slatted-floor-support-beam\/"]}]},{"@type":"ImageObject","inLanguage":"en-US","@id":"https:\/\/thietbichannuoi.com\/en\/san-pham\/plastic-slatted-floor-support-beam\/#primaryimage","url":"https:\/\/thietbichannuoi.com\/wp-content\/uploads\/2025\/03\/thanh-do-san01-1.jpg","contentUrl":"https:\/\/thietbichannuoi.com\/wp-content\/uploads\/2025\/03\/thanh-do-san01-1.jpg","width":1400,"height":1200,"caption":"Thanh nh\u1ef1a \u0111\u1ee1 s\u00e0n PVC"},{"@type":"BreadcrumbList","@id":"https:\/\/thietbichannuoi.com\/en\/san-pham\/plastic-slatted-floor-support-beam\/#breadcrumb","itemListElement":[{"@type":"ListItem","position":1,"name":"Home","item":"https:\/\/thietbichannuoi.com\/en\/"},{"@type":"ListItem","position":2,"name":"Shop","item":"https:\/\/thietbichannuoi.com\/shop\/"},{"@type":"ListItem","position":3,"name":"Plastic Slatted Floor Support Beam"}]},{"@type":"WebSite","@id":"https:\/\/thietbichannuoi.com\/#website","url":"https:\/\/thietbichannuoi.com\/","name":"Thi\u1ebft b\u1ecb ch\u0103n nu\u00f4i","description":"S\u1ea3n xu\u1ea5t thi\u1ebft b\u1ecb ch\u0103n nu\u00f4i gia s\u00fac, gia c\u1ea7m v\u00e0 c\u00e1c s\u1ea3n ph\u1ea9m t\u1eeb nh\u1ef1a","publisher":{"@id":"https:\/\/thietbichannuoi.com\/#organization"},"potentialAction":[{"@type":"SearchAction","target":{"@type":"EntryPoint","urlTemplate":"https:\/\/thietbichannuoi.com\/?s={search_term_string}"},"query-input":{"@type":"PropertyValueSpecification","valueRequired":true,"valueName":"search_term_string"}}],"inLanguage":"en-US"},{"@type":"Organization","@id":"https:\/\/thietbichannuoi.com\/#organization","name":"Thi\u1ebft b\u1ecb ch\u0103n nu\u00f4i Minh Ph\u00e1t","url":"https:\/\/thietbichannuoi.com\/","logo":{"@type":"ImageObject","inLanguage":"en-US","@id":"https:\/\/thietbichannuoi.com\/#\/schema\/logo\/image\/","url":"https:\/\/thietbichannuoi.com\/wp-content\/uploads\/2021\/04\/logo-thiet-bi-chan-nuoi.png","contentUrl":"https:\/\/thietbichannuoi.com\/wp-content\/uploads\/2021\/04\/logo-thiet-bi-chan-nuoi.png","width":104,"height":79,"caption":"Thi\u1ebft b\u1ecb ch\u0103n nu\u00f4i Minh Ph\u00e1t"},"image":{"@id":"https:\/\/thietbichannuoi.com\/#\/schema\/logo\/image\/"}}]}},"uagb_featured_image_src":{"full":["https:\/\/thietbichannuoi.com\/wp-content\/uploads\/2025\/03\/thanh-do-san01-1.jpg",1400,1200,false],"thumbnail":["https:\/\/thietbichannuoi.com\/wp-content\/uploads\/2025\/03\/thanh-do-san01-1.jpg",150,129,false],"medium":["https:\/\/thietbichannuoi.com\/wp-content\/uploads\/2025\/03\/thanh-do-san01-1.jpg",300,257,false],"medium_large":["https:\/\/thietbichannuoi.com\/wp-content\/uploads\/2025\/03\/thanh-do-san01-1.jpg",1400,1200,false],"large":["https:\/\/thietbichannuoi.com\/wp-content\/uploads\/2025\/03\/thanh-do-san01-1.jpg",800,686,false],"1536x1536":["https:\/\/thietbichannuoi.com\/wp-content\/uploads\/2025\/03\/thanh-do-san01-1.jpg",1400,1200,false],"2048x2048":["https:\/\/thietbichannuoi.com\/wp-content\/uploads\/2025\/03\/thanh-do-san01-1.jpg",1400,1200,false],"woocommerce_thumbnail":["https:\/\/thietbichannuoi.com\/wp-content\/uploads\/2025\/03\/thanh-do-san01-1.jpg",1400,1200,false],"woocommerce_single":["https:\/\/thietbichannuoi.com\/wp-content\/uploads\/2025\/03\/thanh-do-san01-1.jpg",1400,1200,false],"woocommerce_gallery_thumbnail":["https:\/\/thietbichannuoi.com\/wp-content\/uploads\/2025\/03\/thanh-do-san01-1-100x100.jpg",100,100,true]},"uagb_author_info":{"display_name":"admin","author_link":"https:\/\/thietbichannuoi.com\/en\/author\/"},"uagb_comment_info":0,"uagb_excerpt":"Application: Used to support and stabilize plastic slatted flooring in pig and poultry farming systems. Material: Durable PVC or reinforced plastic Design: Triangular base for high load-bearing capacity and stability Surface: Anti-slip ribbed top for secure floor panel placement Advantages: Resistant to corrosion and chemicals Lightweight and easy to install Compatible with most standard plastic&hellip;","_links":{"self":[{"href":"https:\/\/thietbichannuoi.com\/en\/wp-json\/wp\/v2\/product\/19314","targetHints":{"allow":["GET"]}}],"collection":[{"href":"https:\/\/thietbichannuoi.com\/en\/wp-json\/wp\/v2\/product"}],"about":[{"href":"https:\/\/thietbichannuoi.com\/en\/wp-json\/wp\/v2\/types\/product"}],"version-history":[{"count":0,"href":"https:\/\/thietbichannuoi.com\/en\/wp-json\/wp\/v2\/product\/19314\/revisions"}],"wp:featuredmedia":[{"embeddable":true,"href":"https:\/\/thietbichannuoi.com\/en\/wp-json\/wp\/v2\/media\/19499"}],"wp:attachment":[{"href":"https:\/\/thietbichannuoi.com\/en\/wp-json\/wp\/v2\/media?parent=19314"}],"wp:term":[{"taxonomy":"product_brand","embeddable":true,"href":"https:\/\/thietbichannuoi.com\/en\/wp-json\/wp\/v2\/product_brand?post=19314"},{"taxonomy":"product_cat","embeddable":true,"href":"https:\/\/thietbichannuoi.com\/en\/wp-json\/wp\/v2\/product_cat?post=19314"},{"taxonomy":"product_tag","embeddable":true,"href":"https:\/\/thietbichannuoi.com\/en\/wp-json\/wp\/v2\/product_tag?post=19314"}],"curies":[{"name":"wp","href":"https:\/\/api.w.org\/{rel}","templated":true}]}}