{"id":19773,"date":"2025-07-22T21:59:40","date_gmt":"2025-07-22T14:59:40","guid":{"rendered":"https:\/\/thietbichannuoi.com\/?post_type=product&#038;p=19773"},"modified":"2025-09-26T17:02:55","modified_gmt":"2025-09-26T10:02:55","slug":"control-box-for-automatic-feeding-system","status":"publish","type":"product","link":"https:\/\/thietbichannuoi.com\/en\/san-pham\/control-box-for-automatic-feeding-system\/","title":{"rendered":"Control box for Automatic Feeding System"},"content":{"rendered":"<p data-start=\"135\" data-end=\"149\">Control box for Automatic Feeding System<\/p>\n<p data-start=\"135\" data-end=\"149\"><strong data-start=\"135\" data-end=\"149\">Functions:<\/strong><\/p>\n<ul data-start=\"151\" data-end=\"651\">\n<li data-start=\"151\" data-end=\"270\">\n<p data-start=\"153\" data-end=\"270\">Controls the operation of the spiral auger drive motor and other electrical components in the feed delivery system.<\/p>\n<\/li>\n<li data-start=\"271\" data-end=\"319\">Includes <strong data-start=\"331\" data-end=\"354\">overload protection<\/strong>, <strong data-start=\"356\" data-end=\"376\">circuit breakers<\/strong>, <strong data-start=\"378\" data-end=\"392\">contactors<\/strong>, and <strong data-start=\"398\" data-end=\"414\">timer relays<\/strong> for safe and efficient operation.<\/li>\n<li data-start=\"451\" data-end=\"545\">\n<p data-start=\"453\" data-end=\"545\">Allows easy monitoring and troubleshooting via indicator lights and external push buttons.<\/p>\n<\/li>\n<li data-start=\"546\" data-end=\"651\">\n<p data-start=\"548\" data-end=\"651\">Neatly organized wiring and components inside a <strong data-start=\"596\" data-end=\"624\">dustproof and waterproof<\/strong> stainless steel enclosure.<\/p>\n<\/li>\n<\/ul>\n","protected":false},"excerpt":{"rendered":"<p><strong>Code:<\/strong>\u00a0<strong>ATX60-012<\/strong><\/p>\n<p>Used for 1 Drive unit ,with leakage \/missing phase \/overload\/wrong<br \/>\nphase order protective device can run the machine by setted time<br \/>\nauto<\/p>\n","protected":false},"featured_media":19774,"template":"","meta":{"_uag_custom_page_level_css":"","footnotes":""},"product_brand":[],"product_cat":[1040],"product_tag":[1284],"class_list":{"0":"post-19773","1":"product","2":"type-product","3":"status-publish","4":"has-post-thumbnail","6":"product_cat-silos-feeding-systems","7":"product_tag-he-thong-xich-tai-en","9":"first","10":"instock","11":"shipping-taxable","12":"product-type-simple"},"acf":[],"yoast_head":"<!-- This site is optimized with the Yoast SEO Premium plugin v22.9 (Yoast SEO v27.4) - https:\/\/yoast.com\/product\/yoast-seo-premium-wordpress\/ -->\n<title>Control box for Automatic Feeding System - Thi\u1ebft b\u1ecb ch\u0103n nu\u00f4i<\/title>\n<meta name=\"description\" content=\"Control box for Automatic Feeding System\" \/>\n<meta name=\"robots\" content=\"index, follow, max-snippet:-1, max-image-preview:large, max-video-preview:-1\" \/>\n<link rel=\"canonical\" href=\"https:\/\/thietbichannuoi.com\/en\/san-pham\/control-box-for-automatic-feeding-system\/\" \/>\n<meta property=\"og:locale\" content=\"en_US\" \/>\n<meta property=\"og:type\" content=\"article\" \/>\n<meta property=\"og:title\" content=\"Control box for Automatic Feeding System\" \/>\n<meta property=\"og:description\" content=\"Code:\u00a0ATX60-012  Used for 1 Drive unit ,with leakage \/missing phase \/overload\/wrong phase order protective device can run the machine by setted time auto\" \/>\n<meta property=\"og:url\" content=\"https:\/\/thietbichannuoi.com\/en\/san-pham\/control-box-for-automatic-feeding-system\/\" \/>\n<meta property=\"og:site_name\" content=\"Thi\u1ebft b\u1ecb ch\u0103n nu\u00f4i\" \/>\n<meta property=\"article:modified_time\" content=\"2025-09-26T10:02:55+00:00\" \/>\n<meta property=\"og:image\" content=\"https:\/\/thietbichannuoi.com\/wp-content\/uploads\/2025\/07\/PK-He-thong-xich-tai-5.jpg\" \/>\n\t<meta property=\"og:image:width\" content=\"1400\" \/>\n\t<meta property=\"og:image:height\" content=\"1200\" \/>\n\t<meta property=\"og:image:type\" content=\"image\/jpeg\" \/>\n<meta name=\"twitter:card\" content=\"summary_large_image\" \/>\n<meta name=\"twitter:label1\" content=\"Est. reading time\" \/>\n\t<meta name=\"twitter:data1\" content=\"1 minute\" \/>\n<!-- \/ Yoast SEO Premium plugin. -->","yoast_head_json":{"title":"Control box for Automatic Feeding System - Thi\u1ebft b\u1ecb ch\u0103n nu\u00f4i","description":"Control box for Automatic Feeding System","robots":{"index":"index","follow":"follow","max-snippet":"max-snippet:-1","max-image-preview":"max-image-preview:large","max-video-preview":"max-video-preview:-1"},"canonical":"https:\/\/thietbichannuoi.com\/en\/san-pham\/control-box-for-automatic-feeding-system\/","og_locale":"en_US","og_type":"article","og_title":"Control box for Automatic Feeding System","og_description":"Code:\u00a0ATX60-012  Used for 1 Drive unit ,with leakage \/missing phase \/overload\/wrong phase order protective device can run the machine by setted time auto","og_url":"https:\/\/thietbichannuoi.com\/en\/san-pham\/control-box-for-automatic-feeding-system\/","og_site_name":"Thi\u1ebft b\u1ecb ch\u0103n nu\u00f4i","article_modified_time":"2025-09-26T10:02:55+00:00","og_image":[{"width":1400,"height":1200,"url":"https:\/\/thietbichannuoi.com\/wp-content\/uploads\/2025\/07\/PK-He-thong-xich-tai-5.jpg","type":"image\/jpeg"}],"twitter_card":"summary_large_image","twitter_misc":{"Est. reading time":"1 minute"},"schema":{"@context":"https:\/\/schema.org","@graph":[{"@type":"WebPage","@id":"https:\/\/thietbichannuoi.com\/en\/san-pham\/control-box-for-automatic-feeding-system\/","url":"https:\/\/thietbichannuoi.com\/en\/san-pham\/control-box-for-automatic-feeding-system\/","name":"Control box for Automatic Feeding System - Thi\u1ebft b\u1ecb ch\u0103n nu\u00f4i","isPartOf":{"@id":"https:\/\/thietbichannuoi.com\/#website"},"primaryImageOfPage":{"@id":"https:\/\/thietbichannuoi.com\/en\/san-pham\/control-box-for-automatic-feeding-system\/#primaryimage"},"image":{"@id":"https:\/\/thietbichannuoi.com\/en\/san-pham\/control-box-for-automatic-feeding-system\/#primaryimage"},"thumbnailUrl":"https:\/\/thietbichannuoi.com\/wp-content\/uploads\/2025\/07\/PK-He-thong-xich-tai-5.jpg","datePublished":"2025-07-22T14:59:40+00:00","dateModified":"2025-09-26T10:02:55+00:00","description":"Control box for Automatic Feeding System","breadcrumb":{"@id":"https:\/\/thietbichannuoi.com\/en\/san-pham\/control-box-for-automatic-feeding-system\/#breadcrumb"},"inLanguage":"en-US","potentialAction":[{"@type":"ReadAction","target":["https:\/\/thietbichannuoi.com\/en\/san-pham\/control-box-for-automatic-feeding-system\/"]}]},{"@type":"ImageObject","inLanguage":"en-US","@id":"https:\/\/thietbichannuoi.com\/en\/san-pham\/control-box-for-automatic-feeding-system\/#primaryimage","url":"https:\/\/thietbichannuoi.com\/wp-content\/uploads\/2025\/07\/PK-He-thong-xich-tai-5.jpg","contentUrl":"https:\/\/thietbichannuoi.com\/wp-content\/uploads\/2025\/07\/PK-He-thong-xich-tai-5.jpg","width":1400,"height":1200,"caption":"Control Cabinet for Automatic Feeding System"},{"@type":"BreadcrumbList","@id":"https:\/\/thietbichannuoi.com\/en\/san-pham\/control-box-for-automatic-feeding-system\/#breadcrumb","itemListElement":[{"@type":"ListItem","position":1,"name":"Home","item":"https:\/\/thietbichannuoi.com\/en\/"},{"@type":"ListItem","position":2,"name":"Shop","item":"https:\/\/thietbichannuoi.com\/shop\/"},{"@type":"ListItem","position":3,"name":"Control box for Automatic Feeding System"}]},{"@type":"WebSite","@id":"https:\/\/thietbichannuoi.com\/#website","url":"https:\/\/thietbichannuoi.com\/","name":"Thi\u1ebft b\u1ecb ch\u0103n nu\u00f4i","description":"S\u1ea3n xu\u1ea5t thi\u1ebft b\u1ecb ch\u0103n nu\u00f4i gia s\u00fac, gia c\u1ea7m v\u00e0 c\u00e1c s\u1ea3n ph\u1ea9m t\u1eeb nh\u1ef1a","publisher":{"@id":"https:\/\/thietbichannuoi.com\/#organization"},"potentialAction":[{"@type":"SearchAction","target":{"@type":"EntryPoint","urlTemplate":"https:\/\/thietbichannuoi.com\/?s={search_term_string}"},"query-input":{"@type":"PropertyValueSpecification","valueRequired":true,"valueName":"search_term_string"}}],"inLanguage":"en-US"},{"@type":"Organization","@id":"https:\/\/thietbichannuoi.com\/#organization","name":"Thi\u1ebft b\u1ecb ch\u0103n nu\u00f4i Minh Ph\u00e1t","url":"https:\/\/thietbichannuoi.com\/","logo":{"@type":"ImageObject","inLanguage":"en-US","@id":"https:\/\/thietbichannuoi.com\/#\/schema\/logo\/image\/","url":"https:\/\/thietbichannuoi.com\/wp-content\/uploads\/2021\/04\/logo-thiet-bi-chan-nuoi.png","contentUrl":"https:\/\/thietbichannuoi.com\/wp-content\/uploads\/2021\/04\/logo-thiet-bi-chan-nuoi.png","width":104,"height":79,"caption":"Thi\u1ebft b\u1ecb ch\u0103n nu\u00f4i Minh Ph\u00e1t"},"image":{"@id":"https:\/\/thietbichannuoi.com\/#\/schema\/logo\/image\/"}}]}},"uagb_featured_image_src":{"full":["https:\/\/thietbichannuoi.com\/wp-content\/uploads\/2025\/07\/PK-He-thong-xich-tai-5.jpg",1400,1200,false],"thumbnail":["https:\/\/thietbichannuoi.com\/wp-content\/uploads\/2025\/07\/PK-He-thong-xich-tai-5.jpg",150,129,false],"medium":["https:\/\/thietbichannuoi.com\/wp-content\/uploads\/2025\/07\/PK-He-thong-xich-tai-5.jpg",300,257,false],"medium_large":["https:\/\/thietbichannuoi.com\/wp-content\/uploads\/2025\/07\/PK-He-thong-xich-tai-5.jpg",1400,1200,false],"large":["https:\/\/thietbichannuoi.com\/wp-content\/uploads\/2025\/07\/PK-He-thong-xich-tai-5.jpg",800,686,false],"1536x1536":["https:\/\/thietbichannuoi.com\/wp-content\/uploads\/2025\/07\/PK-He-thong-xich-tai-5.jpg",1400,1200,false],"2048x2048":["https:\/\/thietbichannuoi.com\/wp-content\/uploads\/2025\/07\/PK-He-thong-xich-tai-5.jpg",1400,1200,false],"woocommerce_thumbnail":["https:\/\/thietbichannuoi.com\/wp-content\/uploads\/2025\/07\/PK-He-thong-xich-tai-5.jpg",1400,1200,false],"woocommerce_single":["https:\/\/thietbichannuoi.com\/wp-content\/uploads\/2025\/07\/PK-He-thong-xich-tai-5.jpg",1400,1200,false],"woocommerce_gallery_thumbnail":["https:\/\/thietbichannuoi.com\/wp-content\/uploads\/2025\/07\/PK-He-thong-xich-tai-5-100x100.jpg",100,100,true]},"uagb_author_info":{"display_name":"admin","author_link":"https:\/\/thietbichannuoi.com\/en\/author\/"},"uagb_comment_info":0,"uagb_excerpt":"Code:\u00a0ATX60-012 Used for 1 Drive unit ,with leakage \/missing phase \/overload\/wrong phase order protective device can run the machine by setted time auto","_links":{"self":[{"href":"https:\/\/thietbichannuoi.com\/en\/wp-json\/wp\/v2\/product\/19773","targetHints":{"allow":["GET"]}}],"collection":[{"href":"https:\/\/thietbichannuoi.com\/en\/wp-json\/wp\/v2\/product"}],"about":[{"href":"https:\/\/thietbichannuoi.com\/en\/wp-json\/wp\/v2\/types\/product"}],"version-history":[{"count":0,"href":"https:\/\/thietbichannuoi.com\/en\/wp-json\/wp\/v2\/product\/19773\/revisions"}],"wp:featuredmedia":[{"embeddable":true,"href":"https:\/\/thietbichannuoi.com\/en\/wp-json\/wp\/v2\/media\/19774"}],"wp:attachment":[{"href":"https:\/\/thietbichannuoi.com\/en\/wp-json\/wp\/v2\/media?parent=19773"}],"wp:term":[{"taxonomy":"product_brand","embeddable":true,"href":"https:\/\/thietbichannuoi.com\/en\/wp-json\/wp\/v2\/product_brand?post=19773"},{"taxonomy":"product_cat","embeddable":true,"href":"https:\/\/thietbichannuoi.com\/en\/wp-json\/wp\/v2\/product_cat?post=19773"},{"taxonomy":"product_tag","embeddable":true,"href":"https:\/\/thietbichannuoi.com\/en\/wp-json\/wp\/v2\/product_tag?post=19773"}],"curies":[{"name":"wp","href":"https:\/\/api.w.org\/{rel}","templated":true}]}}