{"id":19778,"date":"2025-07-22T22:09:32","date_gmt":"2025-07-22T15:09:32","guid":{"rendered":"https:\/\/thietbichannuoi.com\/?post_type=product&#038;p=19778"},"modified":"2025-09-25T14:41:09","modified_gmt":"2025-09-25T07:41:09","slug":"culled-pig-transport-vehicle","status":"publish","type":"product","link":"https:\/\/thietbichannuoi.com\/en\/san-pham\/culled-pig-transport-vehicle\/","title":{"rendered":"Culled pig transport vehicle"},"content":{"rendered":"<p>This cart is specially designed for transporting sick, dead, or culled pigs out of the farm area. It helps ensure biosecurity, prevents disease spread, and maintains hygiene within the pig house<\/p>\n<p><strong>Specifications:<\/strong><\/p>\n<ul>\n<li><strong data-start=\"717\" data-end=\"762\">Overall dimensions:<\/strong> 110cm (D\u00e0i | Length) \u00d7 60cm (R\u1ed9ng | Width) \u00d7 10cm (Cao | Height)<\/li>\n<li><strong data-start=\"832\" data-end=\"857\">Material:<\/strong> Stainless steel \u2013 <strong data-start=\"876\" data-end=\"887\">durable<\/strong>, <strong data-start=\"889\" data-end=\"907\">rust-resistant<\/strong>, and <strong data-start=\"913\" data-end=\"930\">easy to clean<\/strong><\/li>\n<li><strong data-start=\"935\" data-end=\"980\"> Flat platform design<\/strong> with <strong data-start=\"986\" data-end=\"1005\">lifting handles<\/strong> for easier carrying and movement<\/li>\n<li><strong data-start=\"1043\" data-end=\"1080\">T-handle pull rod<\/strong>, removable for convenience and ease of use<\/li>\n<li><strong data-start=\"1128\" data-end=\"1149\">Wheels:<\/strong> PU or solid rubber (optional), smooth rolling even under heavy load<\/li>\n<\/ul>\n<h4 data-start=\"1224\" data-end=\"1257\"><strong data-start=\"1229\" data-end=\"1257\">Application:<\/strong><\/h4>\n<ul>\n<li data-start=\"1260\" data-end=\"1432\">Efficient and hygienic removal of <strong data-start=\"1386\" data-end=\"1416\">dead, sick, or culled pigs<\/strong> from the farm<\/li>\n<li data-start=\"1435\" data-end=\"1575\">Reduces direct contact with carcasses, ensuring <strong data-start=\"1551\" data-end=\"1573\">better biosecurity<\/strong><\/li>\n<li data-start=\"1578\" data-end=\"1707\">A must-have tool for <strong data-start=\"1674\" data-end=\"1707\">modern, large-scale pig farms<\/strong><\/li>\n<\/ul>\n","protected":false},"excerpt":{"rendered":"<p><strong>Code: PKH040<\/strong><\/p>\n<ul>\n<li><strong>Dimensions (L\u00d7W\u00d7H):<\/strong> 110\u00d760\u00d710 cm<\/li>\n<li><strong>Material:<\/strong> Stainless steel<\/li>\n<li><strong>Includes:<\/strong> Pulling handle<\/li>\n<li><strong>Load capacity:<\/strong> 500 kg<\/li>\n<\/ul>\n","protected":false},"featured_media":19730,"template":"","meta":{"_uag_custom_page_level_css":"","footnotes":""},"product_brand":[],"product_cat":[312,1222],"product_tag":[],"class_list":{"0":"post-19778","1":"product","2":"type-product","3":"status-publish","4":"has-post-thumbnail","6":"product_cat-other-equipment","7":"product_cat-transportation-equipment","9":"first","10":"instock","11":"shipping-taxable","12":"product-type-simple"},"acf":[],"yoast_head":"<!-- This site is optimized with the Yoast SEO Premium plugin v22.9 (Yoast SEO v27.3) - https:\/\/yoast.com\/product\/yoast-seo-premium-wordpress\/ -->\n<title>Culled pig transport vehicle - Thi\u1ebft b\u1ecb ch\u0103n nu\u00f4i<\/title>\n<meta name=\"description\" content=\"Culled pig transport vehicle\" \/>\n<meta name=\"robots\" content=\"index, follow, max-snippet:-1, max-image-preview:large, max-video-preview:-1\" \/>\n<link rel=\"canonical\" href=\"https:\/\/thietbichannuoi.com\/en\/san-pham\/culled-pig-transport-vehicle\/\" \/>\n<meta property=\"og:locale\" content=\"en_US\" \/>\n<meta property=\"og:type\" content=\"article\" \/>\n<meta property=\"og:title\" content=\"Culled pig transport vehicle\" \/>\n<meta property=\"og:description\" content=\"Code: PKH040   Dimensions (L\u00d7W\u00d7H): 110\u00d760\u00d710 cm  Material: Stainless steel  Includes: Pulling handle  Load capacity: 500 kg\" \/>\n<meta property=\"og:url\" content=\"https:\/\/thietbichannuoi.com\/en\/san-pham\/culled-pig-transport-vehicle\/\" \/>\n<meta property=\"og:site_name\" content=\"Thi\u1ebft b\u1ecb ch\u0103n nu\u00f4i\" \/>\n<meta property=\"article:modified_time\" content=\"2025-09-25T07:41:09+00:00\" \/>\n<meta property=\"og:image\" content=\"https:\/\/thietbichannuoi.com\/wp-content\/uploads\/2025\/07\/Xe-cho-heo-thai-loai.jpg\" \/>\n\t<meta property=\"og:image:width\" content=\"1400\" \/>\n\t<meta property=\"og:image:height\" content=\"1200\" \/>\n\t<meta property=\"og:image:type\" content=\"image\/jpeg\" \/>\n<meta name=\"twitter:card\" content=\"summary_large_image\" \/>\n<meta name=\"twitter:label1\" content=\"Est. reading time\" \/>\n\t<meta name=\"twitter:data1\" content=\"1 minute\" \/>\n<!-- \/ Yoast SEO Premium plugin. -->","yoast_head_json":{"title":"Culled pig transport vehicle - Thi\u1ebft b\u1ecb ch\u0103n nu\u00f4i","description":"Culled pig transport vehicle","robots":{"index":"index","follow":"follow","max-snippet":"max-snippet:-1","max-image-preview":"max-image-preview:large","max-video-preview":"max-video-preview:-1"},"canonical":"https:\/\/thietbichannuoi.com\/en\/san-pham\/culled-pig-transport-vehicle\/","og_locale":"en_US","og_type":"article","og_title":"Culled pig transport vehicle","og_description":"Code: PKH040   Dimensions (L\u00d7W\u00d7H): 110\u00d760\u00d710 cm  Material: Stainless steel  Includes: Pulling handle  Load capacity: 500 kg","og_url":"https:\/\/thietbichannuoi.com\/en\/san-pham\/culled-pig-transport-vehicle\/","og_site_name":"Thi\u1ebft b\u1ecb ch\u0103n nu\u00f4i","article_modified_time":"2025-09-25T07:41:09+00:00","og_image":[{"width":1400,"height":1200,"url":"https:\/\/thietbichannuoi.com\/wp-content\/uploads\/2025\/07\/Xe-cho-heo-thai-loai.jpg","type":"image\/jpeg"}],"twitter_card":"summary_large_image","twitter_misc":{"Est. reading time":"1 minute"},"schema":{"@context":"https:\/\/schema.org","@graph":[{"@type":"WebPage","@id":"https:\/\/thietbichannuoi.com\/en\/san-pham\/culled-pig-transport-vehicle\/","url":"https:\/\/thietbichannuoi.com\/en\/san-pham\/culled-pig-transport-vehicle\/","name":"Culled pig transport vehicle - Thi\u1ebft b\u1ecb ch\u0103n nu\u00f4i","isPartOf":{"@id":"https:\/\/thietbichannuoi.com\/#website"},"primaryImageOfPage":{"@id":"https:\/\/thietbichannuoi.com\/en\/san-pham\/culled-pig-transport-vehicle\/#primaryimage"},"image":{"@id":"https:\/\/thietbichannuoi.com\/en\/san-pham\/culled-pig-transport-vehicle\/#primaryimage"},"thumbnailUrl":"https:\/\/thietbichannuoi.com\/wp-content\/uploads\/2025\/07\/Xe-cho-heo-thai-loai.jpg","datePublished":"2025-07-22T15:09:32+00:00","dateModified":"2025-09-25T07:41:09+00:00","description":"Culled pig transport vehicle","breadcrumb":{"@id":"https:\/\/thietbichannuoi.com\/en\/san-pham\/culled-pig-transport-vehicle\/#breadcrumb"},"inLanguage":"en-US","potentialAction":[{"@type":"ReadAction","target":["https:\/\/thietbichannuoi.com\/en\/san-pham\/culled-pig-transport-vehicle\/"]}]},{"@type":"ImageObject","inLanguage":"en-US","@id":"https:\/\/thietbichannuoi.com\/en\/san-pham\/culled-pig-transport-vehicle\/#primaryimage","url":"https:\/\/thietbichannuoi.com\/wp-content\/uploads\/2025\/07\/Xe-cho-heo-thai-loai.jpg","contentUrl":"https:\/\/thietbichannuoi.com\/wp-content\/uploads\/2025\/07\/Xe-cho-heo-thai-loai.jpg","width":1400,"height":1200,"caption":"Xe-ch\u1edf-heo-th\u1ea3i-lo\u1ea1i"},{"@type":"BreadcrumbList","@id":"https:\/\/thietbichannuoi.com\/en\/san-pham\/culled-pig-transport-vehicle\/#breadcrumb","itemListElement":[{"@type":"ListItem","position":1,"name":"Home","item":"https:\/\/thietbichannuoi.com\/en\/"},{"@type":"ListItem","position":2,"name":"Shop","item":"https:\/\/thietbichannuoi.com\/shop\/"},{"@type":"ListItem","position":3,"name":"Culled pig transport vehicle"}]},{"@type":"WebSite","@id":"https:\/\/thietbichannuoi.com\/#website","url":"https:\/\/thietbichannuoi.com\/","name":"Thi\u1ebft b\u1ecb ch\u0103n nu\u00f4i","description":"S\u1ea3n xu\u1ea5t thi\u1ebft b\u1ecb ch\u0103n nu\u00f4i gia s\u00fac, gia c\u1ea7m v\u00e0 c\u00e1c s\u1ea3n ph\u1ea9m t\u1eeb nh\u1ef1a","publisher":{"@id":"https:\/\/thietbichannuoi.com\/#organization"},"potentialAction":[{"@type":"SearchAction","target":{"@type":"EntryPoint","urlTemplate":"https:\/\/thietbichannuoi.com\/?s={search_term_string}"},"query-input":{"@type":"PropertyValueSpecification","valueRequired":true,"valueName":"search_term_string"}}],"inLanguage":"en-US"},{"@type":"Organization","@id":"https:\/\/thietbichannuoi.com\/#organization","name":"Thi\u1ebft b\u1ecb ch\u0103n nu\u00f4i Minh Ph\u00e1t","url":"https:\/\/thietbichannuoi.com\/","logo":{"@type":"ImageObject","inLanguage":"en-US","@id":"https:\/\/thietbichannuoi.com\/#\/schema\/logo\/image\/","url":"https:\/\/thietbichannuoi.com\/wp-content\/uploads\/2021\/04\/logo-thiet-bi-chan-nuoi.png","contentUrl":"https:\/\/thietbichannuoi.com\/wp-content\/uploads\/2021\/04\/logo-thiet-bi-chan-nuoi.png","width":104,"height":79,"caption":"Thi\u1ebft b\u1ecb ch\u0103n nu\u00f4i Minh Ph\u00e1t"},"image":{"@id":"https:\/\/thietbichannuoi.com\/#\/schema\/logo\/image\/"}}]}},"uagb_featured_image_src":{"full":["https:\/\/thietbichannuoi.com\/wp-content\/uploads\/2025\/07\/Xe-cho-heo-thai-loai.jpg",1400,1200,false],"thumbnail":["https:\/\/thietbichannuoi.com\/wp-content\/uploads\/2025\/07\/Xe-cho-heo-thai-loai.jpg",150,129,false],"medium":["https:\/\/thietbichannuoi.com\/wp-content\/uploads\/2025\/07\/Xe-cho-heo-thai-loai.jpg",300,257,false],"medium_large":["https:\/\/thietbichannuoi.com\/wp-content\/uploads\/2025\/07\/Xe-cho-heo-thai-loai.jpg",1400,1200,false],"large":["https:\/\/thietbichannuoi.com\/wp-content\/uploads\/2025\/07\/Xe-cho-heo-thai-loai.jpg",800,686,false],"1536x1536":["https:\/\/thietbichannuoi.com\/wp-content\/uploads\/2025\/07\/Xe-cho-heo-thai-loai.jpg",1400,1200,false],"2048x2048":["https:\/\/thietbichannuoi.com\/wp-content\/uploads\/2025\/07\/Xe-cho-heo-thai-loai.jpg",1400,1200,false],"woocommerce_thumbnail":["https:\/\/thietbichannuoi.com\/wp-content\/uploads\/2025\/07\/Xe-cho-heo-thai-loai.jpg",1400,1200,false],"woocommerce_single":["https:\/\/thietbichannuoi.com\/wp-content\/uploads\/2025\/07\/Xe-cho-heo-thai-loai.jpg",1400,1200,false],"woocommerce_gallery_thumbnail":["https:\/\/thietbichannuoi.com\/wp-content\/uploads\/2025\/07\/Xe-cho-heo-thai-loai-100x100.jpg",100,100,true]},"uagb_author_info":{"display_name":"admin","author_link":"https:\/\/thietbichannuoi.com\/en\/author\/"},"uagb_comment_info":0,"uagb_excerpt":"Code: PKH040 Dimensions (L\u00d7W\u00d7H): 110\u00d760\u00d710 cm Material: Stainless steel Includes: Pulling handle Load capacity: 500 kg","_links":{"self":[{"href":"https:\/\/thietbichannuoi.com\/en\/wp-json\/wp\/v2\/product\/19778","targetHints":{"allow":["GET"]}}],"collection":[{"href":"https:\/\/thietbichannuoi.com\/en\/wp-json\/wp\/v2\/product"}],"about":[{"href":"https:\/\/thietbichannuoi.com\/en\/wp-json\/wp\/v2\/types\/product"}],"version-history":[{"count":0,"href":"https:\/\/thietbichannuoi.com\/en\/wp-json\/wp\/v2\/product\/19778\/revisions"}],"wp:featuredmedia":[{"embeddable":true,"href":"https:\/\/thietbichannuoi.com\/en\/wp-json\/wp\/v2\/media\/19730"}],"wp:attachment":[{"href":"https:\/\/thietbichannuoi.com\/en\/wp-json\/wp\/v2\/media?parent=19778"}],"wp:term":[{"taxonomy":"product_brand","embeddable":true,"href":"https:\/\/thietbichannuoi.com\/en\/wp-json\/wp\/v2\/product_brand?post=19778"},{"taxonomy":"product_cat","embeddable":true,"href":"https:\/\/thietbichannuoi.com\/en\/wp-json\/wp\/v2\/product_cat?post=19778"},{"taxonomy":"product_tag","embeddable":true,"href":"https:\/\/thietbichannuoi.com\/en\/wp-json\/wp\/v2\/product_tag?post=19778"}],"curies":[{"name":"wp","href":"https:\/\/api.w.org\/{rel}","templated":true}]}}