{"id":20549,"date":"2025-11-10T22:03:05","date_gmt":"2025-11-10T15:03:05","guid":{"rendered":"https:\/\/thietbichannuoi.com\/?post_type=product&#038;p=20549"},"modified":"2025-11-11T15:08:22","modified_gmt":"2025-11-11T08:08:22","slug":"plastic-slatted-floor-600x600mm-sn20-031","status":"publish","type":"product","link":"https:\/\/thietbichannuoi.com\/en\/san-pham\/plastic-slatted-floor-600x600mm-sn20-031\/","title":{"rendered":"Plastic Slatted Floor 600x600mm SN20-031"},"content":{"rendered":"","protected":false},"excerpt":{"rendered":"<p><strong data-start=\"279\" data-end=\"293\">Item Code:<\/strong> SN20-031<\/p>\n<ul>\n<li><strong data-start=\"305\" data-end=\"320\">Dimensions:<\/strong> 600 \u00d7 600 mm<\/li>\n<li><strong data-start=\"336\" data-end=\"349\">Material:<\/strong> High-quality PP (Polypropylene) with pre-tensioned flat steel bar reinforcement<\/li>\n<li><strong>Used for:<\/strong> Sow<\/li>\n<li><strong data-start=\"432\" data-end=\"443\">Weight:<\/strong> 2.8 kg \u00b12%<\/li>\n<li><strong data-start=\"457\" data-end=\"475\">Load Capacity:<\/strong> 200 kg<\/li>\n<li><strong data-start=\"485\" data-end=\"515\">Slot Width (Drainage Gap):<\/strong> 10 mm<\/li>\n<li><strong data-start=\"524\" data-end=\"534\">Color:<\/strong> Grey, or customize<\/li>\n<li><strong data-start=\"570\" data-end=\"582\">Made by:<\/strong> Minh Ph\u00e1t<\/li>\n<\/ul>\n","protected":false},"featured_media":20531,"template":"","meta":{"_uag_custom_page_level_css":"","footnotes":""},"product_brand":[],"product_cat":[291,303],"product_tag":[],"class_list":{"0":"post-20549","1":"product","2":"type-product","3":"status-publish","4":"has-post-thumbnail","6":"product_cat-equipment-for-pig","7":"product_cat-plastic-floors","9":"first","10":"instock","11":"shipping-taxable","12":"product-type-simple"},"acf":[],"yoast_head":"<!-- This site is optimized with the Yoast SEO Premium plugin v22.9 (Yoast SEO v27.3) - https:\/\/yoast.com\/product\/yoast-seo-premium-wordpress\/ -->\n<title>Plastic Slatted Floor 600x600mm SN20-031 - Thi\u1ebft b\u1ecb ch\u0103n nu\u00f4i<\/title>\n<meta name=\"description\" content=\"Plastic Slatted Floor 600x600mm SN20-031\" \/>\n<meta name=\"robots\" content=\"index, follow, max-snippet:-1, max-image-preview:large, max-video-preview:-1\" \/>\n<link rel=\"canonical\" href=\"https:\/\/thietbichannuoi.com\/en\/san-pham\/plastic-slatted-floor-600x600mm-sn20-031\/\" \/>\n<meta property=\"og:locale\" content=\"en_US\" \/>\n<meta property=\"og:type\" content=\"article\" \/>\n<meta property=\"og:title\" content=\"Plastic Slatted Floor 600x600mm SN20-031\" \/>\n<meta property=\"og:description\" content=\"Item Code: SN20-031   Dimensions: 600 \u00d7 600 mm  Material: High-quality PP (Polypropylene) with pre-tensioned flat steel bar reinforcement  Used for: Sow  Weight: 2.8 kg \u00b12%  Load Capacity: 200 kg  Slot Width (Drainage Gap): 10 mm  Color: Grey, or customize  Made by: Minh Ph\u00e1t\" \/>\n<meta property=\"og:url\" content=\"https:\/\/thietbichannuoi.com\/en\/san-pham\/plastic-slatted-floor-600x600mm-sn20-031\/\" \/>\n<meta property=\"og:site_name\" content=\"Thi\u1ebft b\u1ecb ch\u0103n nu\u00f4i\" \/>\n<meta property=\"article:modified_time\" content=\"2025-11-11T08:08:22+00:00\" \/>\n<meta property=\"og:image\" content=\"https:\/\/thietbichannuoi.com\/wp-content\/uploads\/2025\/11\/Tam-nhua-lot-san-chuong-heo-600x600mm-SN20-03-xam.jpg\" \/>\n\t<meta property=\"og:image:width\" content=\"1400\" \/>\n\t<meta property=\"og:image:height\" content=\"1200\" \/>\n\t<meta property=\"og:image:type\" content=\"image\/jpeg\" \/>\n<meta name=\"twitter:card\" content=\"summary_large_image\" \/>\n<meta name=\"twitter:label1\" content=\"Est. reading time\" \/>\n\t<meta name=\"twitter:data1\" content=\"1 minute\" \/>\n<!-- \/ Yoast SEO Premium plugin. -->","yoast_head_json":{"title":"Plastic Slatted Floor 600x600mm SN20-031 - Thi\u1ebft b\u1ecb ch\u0103n nu\u00f4i","description":"Plastic Slatted Floor 600x600mm SN20-031","robots":{"index":"index","follow":"follow","max-snippet":"max-snippet:-1","max-image-preview":"max-image-preview:large","max-video-preview":"max-video-preview:-1"},"canonical":"https:\/\/thietbichannuoi.com\/en\/san-pham\/plastic-slatted-floor-600x600mm-sn20-031\/","og_locale":"en_US","og_type":"article","og_title":"Plastic Slatted Floor 600x600mm SN20-031","og_description":"Item Code: SN20-031   Dimensions: 600 \u00d7 600 mm  Material: High-quality PP (Polypropylene) with pre-tensioned flat steel bar reinforcement  Used for: Sow  Weight: 2.8 kg \u00b12%  Load Capacity: 200 kg  Slot Width (Drainage Gap): 10 mm  Color: Grey, or customize  Made by: Minh Ph\u00e1t","og_url":"https:\/\/thietbichannuoi.com\/en\/san-pham\/plastic-slatted-floor-600x600mm-sn20-031\/","og_site_name":"Thi\u1ebft b\u1ecb ch\u0103n nu\u00f4i","article_modified_time":"2025-11-11T08:08:22+00:00","og_image":[{"width":1400,"height":1200,"url":"https:\/\/thietbichannuoi.com\/wp-content\/uploads\/2025\/11\/Tam-nhua-lot-san-chuong-heo-600x600mm-SN20-03-xam.jpg","type":"image\/jpeg"}],"twitter_card":"summary_large_image","twitter_misc":{"Est. reading time":"1 minute"},"schema":{"@context":"https:\/\/schema.org","@graph":[{"@type":"WebPage","@id":"https:\/\/thietbichannuoi.com\/en\/san-pham\/plastic-slatted-floor-600x600mm-sn20-031\/","url":"https:\/\/thietbichannuoi.com\/en\/san-pham\/plastic-slatted-floor-600x600mm-sn20-031\/","name":"Plastic Slatted Floor 600x600mm SN20-031 - Thi\u1ebft b\u1ecb ch\u0103n nu\u00f4i","isPartOf":{"@id":"https:\/\/thietbichannuoi.com\/#website"},"primaryImageOfPage":{"@id":"https:\/\/thietbichannuoi.com\/en\/san-pham\/plastic-slatted-floor-600x600mm-sn20-031\/#primaryimage"},"image":{"@id":"https:\/\/thietbichannuoi.com\/en\/san-pham\/plastic-slatted-floor-600x600mm-sn20-031\/#primaryimage"},"thumbnailUrl":"https:\/\/thietbichannuoi.com\/wp-content\/uploads\/2025\/11\/Tam-nhua-lot-san-chuong-heo-600x600mm-SN20-03-xam.jpg","datePublished":"2025-11-10T15:03:05+00:00","dateModified":"2025-11-11T08:08:22+00:00","description":"Plastic Slatted Floor 600x600mm SN20-031","breadcrumb":{"@id":"https:\/\/thietbichannuoi.com\/en\/san-pham\/plastic-slatted-floor-600x600mm-sn20-031\/#breadcrumb"},"inLanguage":"en-US","potentialAction":[{"@type":"ReadAction","target":["https:\/\/thietbichannuoi.com\/en\/san-pham\/plastic-slatted-floor-600x600mm-sn20-031\/"]}]},{"@type":"ImageObject","inLanguage":"en-US","@id":"https:\/\/thietbichannuoi.com\/en\/san-pham\/plastic-slatted-floor-600x600mm-sn20-031\/#primaryimage","url":"https:\/\/thietbichannuoi.com\/wp-content\/uploads\/2025\/11\/Tam-nhua-lot-san-chuong-heo-600x600mm-SN20-03-xam.jpg","contentUrl":"https:\/\/thietbichannuoi.com\/wp-content\/uploads\/2025\/11\/Tam-nhua-lot-san-chuong-heo-600x600mm-SN20-03-xam.jpg","width":1400,"height":1200,"caption":"Plastic Slatted Floor 600x600mm SN20-031"},{"@type":"BreadcrumbList","@id":"https:\/\/thietbichannuoi.com\/en\/san-pham\/plastic-slatted-floor-600x600mm-sn20-031\/#breadcrumb","itemListElement":[{"@type":"ListItem","position":1,"name":"Home","item":"https:\/\/thietbichannuoi.com\/en\/"},{"@type":"ListItem","position":2,"name":"Shop","item":"https:\/\/thietbichannuoi.com\/shop\/"},{"@type":"ListItem","position":3,"name":"Plastic Slatted Floor 600x600mm SN20-031"}]},{"@type":"WebSite","@id":"https:\/\/thietbichannuoi.com\/#website","url":"https:\/\/thietbichannuoi.com\/","name":"Thi\u1ebft b\u1ecb ch\u0103n nu\u00f4i","description":"S\u1ea3n xu\u1ea5t thi\u1ebft b\u1ecb ch\u0103n nu\u00f4i gia s\u00fac, gia c\u1ea7m v\u00e0 c\u00e1c s\u1ea3n ph\u1ea9m t\u1eeb nh\u1ef1a","publisher":{"@id":"https:\/\/thietbichannuoi.com\/#organization"},"potentialAction":[{"@type":"SearchAction","target":{"@type":"EntryPoint","urlTemplate":"https:\/\/thietbichannuoi.com\/?s={search_term_string}"},"query-input":{"@type":"PropertyValueSpecification","valueRequired":true,"valueName":"search_term_string"}}],"inLanguage":"en-US"},{"@type":"Organization","@id":"https:\/\/thietbichannuoi.com\/#organization","name":"Thi\u1ebft b\u1ecb ch\u0103n nu\u00f4i Minh Ph\u00e1t","url":"https:\/\/thietbichannuoi.com\/","logo":{"@type":"ImageObject","inLanguage":"en-US","@id":"https:\/\/thietbichannuoi.com\/#\/schema\/logo\/image\/","url":"https:\/\/thietbichannuoi.com\/wp-content\/uploads\/2021\/04\/logo-thiet-bi-chan-nuoi.png","contentUrl":"https:\/\/thietbichannuoi.com\/wp-content\/uploads\/2021\/04\/logo-thiet-bi-chan-nuoi.png","width":104,"height":79,"caption":"Thi\u1ebft b\u1ecb ch\u0103n nu\u00f4i Minh Ph\u00e1t"},"image":{"@id":"https:\/\/thietbichannuoi.com\/#\/schema\/logo\/image\/"}}]}},"uagb_featured_image_src":{"full":["https:\/\/thietbichannuoi.com\/wp-content\/uploads\/2025\/11\/Tam-nhua-lot-san-chuong-heo-600x600mm-SN20-03-xam.jpg",1400,1200,false],"thumbnail":["https:\/\/thietbichannuoi.com\/wp-content\/uploads\/2025\/11\/Tam-nhua-lot-san-chuong-heo-600x600mm-SN20-03-xam.jpg",150,129,false],"medium":["https:\/\/thietbichannuoi.com\/wp-content\/uploads\/2025\/11\/Tam-nhua-lot-san-chuong-heo-600x600mm-SN20-03-xam.jpg",300,257,false],"medium_large":["https:\/\/thietbichannuoi.com\/wp-content\/uploads\/2025\/11\/Tam-nhua-lot-san-chuong-heo-600x600mm-SN20-03-xam.jpg",1400,1200,false],"large":["https:\/\/thietbichannuoi.com\/wp-content\/uploads\/2025\/11\/Tam-nhua-lot-san-chuong-heo-600x600mm-SN20-03-xam.jpg",800,686,false],"1536x1536":["https:\/\/thietbichannuoi.com\/wp-content\/uploads\/2025\/11\/Tam-nhua-lot-san-chuong-heo-600x600mm-SN20-03-xam.jpg",1400,1200,false],"2048x2048":["https:\/\/thietbichannuoi.com\/wp-content\/uploads\/2025\/11\/Tam-nhua-lot-san-chuong-heo-600x600mm-SN20-03-xam.jpg",1400,1200,false],"woocommerce_thumbnail":["https:\/\/thietbichannuoi.com\/wp-content\/uploads\/2025\/11\/Tam-nhua-lot-san-chuong-heo-600x600mm-SN20-03-xam.jpg",1400,1200,false],"woocommerce_single":["https:\/\/thietbichannuoi.com\/wp-content\/uploads\/2025\/11\/Tam-nhua-lot-san-chuong-heo-600x600mm-SN20-03-xam.jpg",1400,1200,false],"woocommerce_gallery_thumbnail":["https:\/\/thietbichannuoi.com\/wp-content\/uploads\/2025\/11\/Tam-nhua-lot-san-chuong-heo-600x600mm-SN20-03-xam-100x100.jpg",100,100,true]},"uagb_author_info":{"display_name":"admin","author_link":"https:\/\/thietbichannuoi.com\/en\/author\/"},"uagb_comment_info":0,"uagb_excerpt":"Item Code: SN20-031 Dimensions: 600 \u00d7 600 mm Material: High-quality PP (Polypropylene) with pre-tensioned flat steel bar reinforcement Used for: Sow Weight: 2.8 kg \u00b12% Load Capacity: 200 kg Slot Width (Drainage Gap): 10 mm Color: Grey, or customize Made by: Minh Ph\u00e1t","_links":{"self":[{"href":"https:\/\/thietbichannuoi.com\/en\/wp-json\/wp\/v2\/product\/20549","targetHints":{"allow":["GET"]}}],"collection":[{"href":"https:\/\/thietbichannuoi.com\/en\/wp-json\/wp\/v2\/product"}],"about":[{"href":"https:\/\/thietbichannuoi.com\/en\/wp-json\/wp\/v2\/types\/product"}],"version-history":[{"count":0,"href":"https:\/\/thietbichannuoi.com\/en\/wp-json\/wp\/v2\/product\/20549\/revisions"}],"wp:featuredmedia":[{"embeddable":true,"href":"https:\/\/thietbichannuoi.com\/en\/wp-json\/wp\/v2\/media\/20531"}],"wp:attachment":[{"href":"https:\/\/thietbichannuoi.com\/en\/wp-json\/wp\/v2\/media?parent=20549"}],"wp:term":[{"taxonomy":"product_brand","embeddable":true,"href":"https:\/\/thietbichannuoi.com\/en\/wp-json\/wp\/v2\/product_brand?post=20549"},{"taxonomy":"product_cat","embeddable":true,"href":"https:\/\/thietbichannuoi.com\/en\/wp-json\/wp\/v2\/product_cat?post=20549"},{"taxonomy":"product_tag","embeddable":true,"href":"https:\/\/thietbichannuoi.com\/en\/wp-json\/wp\/v2\/product_tag?post=20549"}],"curies":[{"name":"wp","href":"https:\/\/api.w.org\/{rel}","templated":true}]}}