{"id":20728,"date":"2026-01-08T00:09:31","date_gmt":"2026-01-07T17:09:31","guid":{"rendered":"https:\/\/thietbichannuoi.com\/?post_type=product&#038;p=20728"},"modified":"2026-01-08T00:11:24","modified_gmt":"2026-01-07T17:11:24","slug":"breeder-layer-feeder","status":"publish","type":"product","link":"https:\/\/thietbichannuoi.com\/en\/san-pham\/breeder-layer-feeder\/","title":{"rendered":"Breeder Layer Feeder"},"content":{"rendered":"<p>Breeder Layer Feeder<\/p>\n<p><img fetchpriority=\"high\" decoding=\"async\" class=\"wp-image-20717 size-full\" src=\"https:\/\/thietbichannuoi.com\/wp-content\/uploads\/2026\/01\/ATGC-073-Mang-an-ga-de-trung-giong01.jpg\" alt=\"\" width=\"1920\" height=\"1292\" srcset=\"https:\/\/thietbichannuoi.com\/wp-content\/uploads\/2026\/01\/ATGC-073-Mang-an-ga-de-trung-giong01.jpg 1920w, https:\/\/thietbichannuoi.com\/wp-content\/uploads\/2026\/01\/ATGC-073-Mang-an-ga-de-trung-giong01-300x202.jpg 300w, https:\/\/thietbichannuoi.com\/wp-content\/uploads\/2026\/01\/ATGC-073-Mang-an-ga-de-trung-giong01-1024x689.jpg 1024w, https:\/\/thietbichannuoi.com\/wp-content\/uploads\/2026\/01\/ATGC-073-Mang-an-ga-de-trung-giong01-150x101.jpg 150w, https:\/\/thietbichannuoi.com\/wp-content\/uploads\/2026\/01\/ATGC-073-Mang-an-ga-de-trung-giong01-1536x1034.jpg 1536w\" sizes=\"(max-width: 1920px) 100vw, 1920px\" \/><\/p>\n<p>&nbsp;<\/p>\n<p><img decoding=\"async\" class=\"wp-image-20715 size-full\" src=\"https:\/\/thietbichannuoi.com\/wp-content\/uploads\/2026\/01\/ATGC-073-Mang-an-ga-de-trung-giong00.jpg\" alt=\"ATGC-073 M\u00e1ng \u0103n g\u00e0 \u0111\u1ebb tr\u1ee9ng gi\u1ed1ng\" width=\"1440\" height=\"1920\" srcset=\"https:\/\/thietbichannuoi.com\/wp-content\/uploads\/2026\/01\/ATGC-073-Mang-an-ga-de-trung-giong00.jpg 1440w, https:\/\/thietbichannuoi.com\/wp-content\/uploads\/2026\/01\/ATGC-073-Mang-an-ga-de-trung-giong00-300x400.jpg 300w, https:\/\/thietbichannuoi.com\/wp-content\/uploads\/2026\/01\/ATGC-073-Mang-an-ga-de-trung-giong00-1024x1365.jpg 1024w, https:\/\/thietbichannuoi.com\/wp-content\/uploads\/2026\/01\/ATGC-073-Mang-an-ga-de-trung-giong00-150x200.jpg 150w, https:\/\/thietbichannuoi.com\/wp-content\/uploads\/2026\/01\/ATGC-073-Mang-an-ga-de-trung-giong00-1152x1536.jpg 1152w\" sizes=\"(max-width: 1440px) 100vw, 1440px\" \/><\/p>\n","protected":false},"excerpt":{"rendered":"<p><strong data-start=\"202\" data-end=\"216\">Product Code:<\/strong> ATGC-073<br data-start=\"225\" data-end=\"228\" \/><strong data-start=\"228\" data-end=\"241\">Material:<\/strong> PP (Polypropylene)<br data-start=\"260\" data-end=\"263\" \/><strong data-start=\"263\" data-end=\"281\" data-is-only-node=\"\">Feed Capacity:<\/strong> 0.9 \u2013 1.6 kg<br data-start=\"294\" data-end=\"297\" \/><strong data-start=\"297\" data-end=\"308\">Weight:<\/strong> 1.16 kg<br data-start=\"316\" data-end=\"319\" \/><strong data-start=\"319\" data-end=\"344\">Feeder Base Diameter:<\/strong> 360 mm<br data-start=\"351\" data-end=\"354\" \/><strong data-start=\"354\" data-end=\"373\">Overall Height:<\/strong> 320 mm<br data-start=\"380\" data-end=\"383\" \/><strong data-start=\"383\" data-end=\"393\">Color:<\/strong> Orange \/ White<br data-start=\"408\" data-end=\"411\" \/><strong data-start=\"411\" data-end=\"431\">Compatible with:<\/strong> \u00d845 mm feed pipe<br data-start=\"448\" data-end=\"451\" \/><strong data-start=\"451\" data-end=\"463\">Made by:<\/strong> Minh Ph\u00e1t<\/p>\n","protected":false},"featured_media":20720,"template":"","meta":{"_uag_custom_page_level_css":"","footnotes":""},"product_brand":[],"product_cat":[1032,589],"product_tag":[],"class_list":{"0":"post-20728","1":"product","2":"type-product","3":"status-publish","4":"has-post-thumbnail","6":"product_cat-automatic-feeding-system","7":"product_cat-poultry-equipment","9":"first","10":"instock","11":"shipping-taxable","12":"product-type-simple"},"acf":[],"yoast_head":"<!-- This site is optimized with the Yoast SEO Premium plugin v22.9 (Yoast SEO v27.3) - https:\/\/yoast.com\/product\/yoast-seo-premium-wordpress\/ -->\n<title>Breeder Layer Feeder - Thi\u1ebft b\u1ecb ch\u0103n nu\u00f4i<\/title>\n<meta name=\"description\" content=\"Breeder Layer Feeder\" \/>\n<meta name=\"robots\" content=\"index, follow, max-snippet:-1, max-image-preview:large, max-video-preview:-1\" \/>\n<link rel=\"canonical\" href=\"https:\/\/thietbichannuoi.com\/en\/san-pham\/breeder-layer-feeder\/\" \/>\n<meta property=\"og:locale\" content=\"en_US\" \/>\n<meta property=\"og:type\" content=\"article\" \/>\n<meta property=\"og:title\" content=\"Breeder Layer Feeder\" \/>\n<meta property=\"og:description\" content=\"Product Code: ATGC-073Material: PP (Polypropylene)Feed Capacity: 0.9 \u2013 1.6 kgWeight: 1.16 kgFeeder Base Diameter: 360 mmOverall Height: 320 mmColor: Orange \/ WhiteCompatible with: \u00d845 mm feed pipeMade by: Minh Ph\u00e1t\" \/>\n<meta property=\"og:url\" content=\"https:\/\/thietbichannuoi.com\/en\/san-pham\/breeder-layer-feeder\/\" \/>\n<meta property=\"og:site_name\" content=\"Thi\u1ebft b\u1ecb ch\u0103n nu\u00f4i\" \/>\n<meta property=\"article:modified_time\" content=\"2026-01-07T17:11:24+00:00\" \/>\n<meta property=\"og:image\" content=\"https:\/\/thietbichannuoi.com\/wp-content\/uploads\/2026\/01\/ATGC-073-Mang-an-ga-de-trung-giong.jpg\" \/>\n\t<meta property=\"og:image:width\" content=\"1400\" \/>\n\t<meta property=\"og:image:height\" content=\"1200\" \/>\n\t<meta property=\"og:image:type\" content=\"image\/jpeg\" \/>\n<meta name=\"twitter:card\" content=\"summary_large_image\" \/>\n<meta name=\"twitter:label1\" content=\"Est. reading time\" \/>\n\t<meta name=\"twitter:data1\" content=\"1 minute\" \/>\n<!-- \/ Yoast SEO Premium plugin. -->","yoast_head_json":{"title":"Breeder Layer Feeder - Thi\u1ebft b\u1ecb ch\u0103n nu\u00f4i","description":"Breeder Layer Feeder","robots":{"index":"index","follow":"follow","max-snippet":"max-snippet:-1","max-image-preview":"max-image-preview:large","max-video-preview":"max-video-preview:-1"},"canonical":"https:\/\/thietbichannuoi.com\/en\/san-pham\/breeder-layer-feeder\/","og_locale":"en_US","og_type":"article","og_title":"Breeder Layer Feeder","og_description":"Product Code: ATGC-073Material: PP (Polypropylene)Feed Capacity: 0.9 \u2013 1.6 kgWeight: 1.16 kgFeeder Base Diameter: 360 mmOverall Height: 320 mmColor: Orange \/ WhiteCompatible with: \u00d845 mm feed pipeMade by: Minh Ph\u00e1t","og_url":"https:\/\/thietbichannuoi.com\/en\/san-pham\/breeder-layer-feeder\/","og_site_name":"Thi\u1ebft b\u1ecb ch\u0103n nu\u00f4i","article_modified_time":"2026-01-07T17:11:24+00:00","og_image":[{"width":1400,"height":1200,"url":"https:\/\/thietbichannuoi.com\/wp-content\/uploads\/2026\/01\/ATGC-073-Mang-an-ga-de-trung-giong.jpg","type":"image\/jpeg"}],"twitter_card":"summary_large_image","twitter_misc":{"Est. reading time":"1 minute"},"schema":{"@context":"https:\/\/schema.org","@graph":[{"@type":"WebPage","@id":"https:\/\/thietbichannuoi.com\/en\/san-pham\/breeder-layer-feeder\/","url":"https:\/\/thietbichannuoi.com\/en\/san-pham\/breeder-layer-feeder\/","name":"Breeder Layer Feeder - Thi\u1ebft b\u1ecb ch\u0103n nu\u00f4i","isPartOf":{"@id":"https:\/\/thietbichannuoi.com\/#website"},"primaryImageOfPage":{"@id":"https:\/\/thietbichannuoi.com\/en\/san-pham\/breeder-layer-feeder\/#primaryimage"},"image":{"@id":"https:\/\/thietbichannuoi.com\/en\/san-pham\/breeder-layer-feeder\/#primaryimage"},"thumbnailUrl":"https:\/\/thietbichannuoi.com\/wp-content\/uploads\/2026\/01\/ATGC-073-Mang-an-ga-de-trung-giong.jpg","datePublished":"2026-01-07T17:09:31+00:00","dateModified":"2026-01-07T17:11:24+00:00","description":"Breeder Layer Feeder","breadcrumb":{"@id":"https:\/\/thietbichannuoi.com\/en\/san-pham\/breeder-layer-feeder\/#breadcrumb"},"inLanguage":"en-US","potentialAction":[{"@type":"ReadAction","target":["https:\/\/thietbichannuoi.com\/en\/san-pham\/breeder-layer-feeder\/"]}]},{"@type":"ImageObject","inLanguage":"en-US","@id":"https:\/\/thietbichannuoi.com\/en\/san-pham\/breeder-layer-feeder\/#primaryimage","url":"https:\/\/thietbichannuoi.com\/wp-content\/uploads\/2026\/01\/ATGC-073-Mang-an-ga-de-trung-giong.jpg","contentUrl":"https:\/\/thietbichannuoi.com\/wp-content\/uploads\/2026\/01\/ATGC-073-Mang-an-ga-de-trung-giong.jpg","width":1400,"height":1200,"caption":"ATGC-073 M\u00e1ng \u0103n g\u00e0 \u0111\u1ebb tr\u1ee9ng gi\u1ed1ng"},{"@type":"BreadcrumbList","@id":"https:\/\/thietbichannuoi.com\/en\/san-pham\/breeder-layer-feeder\/#breadcrumb","itemListElement":[{"@type":"ListItem","position":1,"name":"Home","item":"https:\/\/thietbichannuoi.com\/en\/"},{"@type":"ListItem","position":2,"name":"Shop","item":"https:\/\/thietbichannuoi.com\/shop\/"},{"@type":"ListItem","position":3,"name":"Breeder Layer Feeder"}]},{"@type":"WebSite","@id":"https:\/\/thietbichannuoi.com\/#website","url":"https:\/\/thietbichannuoi.com\/","name":"Thi\u1ebft b\u1ecb ch\u0103n nu\u00f4i","description":"S\u1ea3n xu\u1ea5t thi\u1ebft b\u1ecb ch\u0103n nu\u00f4i gia s\u00fac, gia c\u1ea7m v\u00e0 c\u00e1c s\u1ea3n ph\u1ea9m t\u1eeb nh\u1ef1a","publisher":{"@id":"https:\/\/thietbichannuoi.com\/#organization"},"potentialAction":[{"@type":"SearchAction","target":{"@type":"EntryPoint","urlTemplate":"https:\/\/thietbichannuoi.com\/?s={search_term_string}"},"query-input":{"@type":"PropertyValueSpecification","valueRequired":true,"valueName":"search_term_string"}}],"inLanguage":"en-US"},{"@type":"Organization","@id":"https:\/\/thietbichannuoi.com\/#organization","name":"Thi\u1ebft b\u1ecb ch\u0103n nu\u00f4i Minh Ph\u00e1t","url":"https:\/\/thietbichannuoi.com\/","logo":{"@type":"ImageObject","inLanguage":"en-US","@id":"https:\/\/thietbichannuoi.com\/#\/schema\/logo\/image\/","url":"https:\/\/thietbichannuoi.com\/wp-content\/uploads\/2021\/04\/logo-thiet-bi-chan-nuoi.png","contentUrl":"https:\/\/thietbichannuoi.com\/wp-content\/uploads\/2021\/04\/logo-thiet-bi-chan-nuoi.png","width":104,"height":79,"caption":"Thi\u1ebft b\u1ecb ch\u0103n nu\u00f4i Minh Ph\u00e1t"},"image":{"@id":"https:\/\/thietbichannuoi.com\/#\/schema\/logo\/image\/"}}]}},"uagb_featured_image_src":{"full":["https:\/\/thietbichannuoi.com\/wp-content\/uploads\/2026\/01\/ATGC-073-Mang-an-ga-de-trung-giong.jpg",1400,1200,false],"thumbnail":["https:\/\/thietbichannuoi.com\/wp-content\/uploads\/2026\/01\/ATGC-073-Mang-an-ga-de-trung-giong.jpg",150,129,false],"medium":["https:\/\/thietbichannuoi.com\/wp-content\/uploads\/2026\/01\/ATGC-073-Mang-an-ga-de-trung-giong.jpg",300,257,false],"medium_large":["https:\/\/thietbichannuoi.com\/wp-content\/uploads\/2026\/01\/ATGC-073-Mang-an-ga-de-trung-giong.jpg",1400,1200,false],"large":["https:\/\/thietbichannuoi.com\/wp-content\/uploads\/2026\/01\/ATGC-073-Mang-an-ga-de-trung-giong.jpg",800,686,false],"1536x1536":["https:\/\/thietbichannuoi.com\/wp-content\/uploads\/2026\/01\/ATGC-073-Mang-an-ga-de-trung-giong.jpg",1400,1200,false],"2048x2048":["https:\/\/thietbichannuoi.com\/wp-content\/uploads\/2026\/01\/ATGC-073-Mang-an-ga-de-trung-giong.jpg",1400,1200,false],"woocommerce_thumbnail":["https:\/\/thietbichannuoi.com\/wp-content\/uploads\/2026\/01\/ATGC-073-Mang-an-ga-de-trung-giong.jpg",1400,1200,false],"woocommerce_single":["https:\/\/thietbichannuoi.com\/wp-content\/uploads\/2026\/01\/ATGC-073-Mang-an-ga-de-trung-giong.jpg",1400,1200,false],"woocommerce_gallery_thumbnail":["https:\/\/thietbichannuoi.com\/wp-content\/uploads\/2026\/01\/ATGC-073-Mang-an-ga-de-trung-giong-100x100.jpg",100,100,true]},"uagb_author_info":{"display_name":"minhphat","author_link":"https:\/\/thietbichannuoi.com\/en\/author\/"},"uagb_comment_info":0,"uagb_excerpt":"Product Code: ATGC-073Material: PP (Polypropylene)Feed Capacity: 0.9 \u2013 1.6 kgWeight: 1.16 kgFeeder Base Diameter: 360 mmOverall Height: 320 mmColor: Orange \/ WhiteCompatible with: \u00d845 mm feed pipeMade by: Minh Ph\u00e1t","_links":{"self":[{"href":"https:\/\/thietbichannuoi.com\/en\/wp-json\/wp\/v2\/product\/20728","targetHints":{"allow":["GET"]}}],"collection":[{"href":"https:\/\/thietbichannuoi.com\/en\/wp-json\/wp\/v2\/product"}],"about":[{"href":"https:\/\/thietbichannuoi.com\/en\/wp-json\/wp\/v2\/types\/product"}],"version-history":[{"count":0,"href":"https:\/\/thietbichannuoi.com\/en\/wp-json\/wp\/v2\/product\/20728\/revisions"}],"wp:featuredmedia":[{"embeddable":true,"href":"https:\/\/thietbichannuoi.com\/en\/wp-json\/wp\/v2\/media\/20720"}],"wp:attachment":[{"href":"https:\/\/thietbichannuoi.com\/en\/wp-json\/wp\/v2\/media?parent=20728"}],"wp:term":[{"taxonomy":"product_brand","embeddable":true,"href":"https:\/\/thietbichannuoi.com\/en\/wp-json\/wp\/v2\/product_brand?post=20728"},{"taxonomy":"product_cat","embeddable":true,"href":"https:\/\/thietbichannuoi.com\/en\/wp-json\/wp\/v2\/product_cat?post=20728"},{"taxonomy":"product_tag","embeddable":true,"href":"https:\/\/thietbichannuoi.com\/en\/wp-json\/wp\/v2\/product_tag?post=20728"}],"curies":[{"name":"wp","href":"https:\/\/api.w.org\/{rel}","templated":true}]}}