{"id":6493,"date":"2016-01-25T22:43:20","date_gmt":"2016-01-25T15:43:20","guid":{"rendered":"http:\/\/thietbichannuoi.com\/?post_type=product&#038;p=6493"},"modified":"2025-09-26T10:35:29","modified_gmt":"2025-09-26T03:35:29","slug":"feeder-proconco","status":"publish","type":"product","link":"https:\/\/thietbichannuoi.com\/en\/san-pham\/feeder-proconco\/","title":{"rendered":"Cast-iron Feeder for piglet &#8211; Proconco"},"content":{"rendered":"<p><strong>Protonco food trough of cast iron &#8211; High durability, outstanding efficiency<\/strong><\/p>\n<p>Cast iron protoons are designed specifically for young cattle, helping them to get used to food easily and effectively. Monolithic cast iron material brings high durability, good strength, limiting damage compared to conventional plastic troughs. The surface is handled smoothly, safe for pets, easy to clean and antibacterial. Optimal design helps save food, reduce waste and suitable for all breeding models.<\/p>\n","protected":false},"excerpt":{"rendered":"<p><strong>Code: MTA011<\/strong><\/p>\n<ul>\n<li><strong>Material:<\/strong> cast iron<\/li>\n<li><strong>Weight:<\/strong> 6kg \u00b10.1<\/li>\n<li><strong>Diameter:<\/strong> 30cm<\/li>\n<\/ul>\n<p><strong>Code: MTA010<\/strong><\/p>\n<ul>\n<li><strong>Material:<\/strong> cast iron<\/li>\n<li><strong>Weight:<\/strong> 4kg \u00b10.1<\/li>\n<li><strong>Diameter:<\/strong> 25cm<\/li>\n<\/ul>\n","protected":false},"featured_media":13461,"template":"","meta":{"_uag_custom_page_level_css":"","footnotes":""},"product_brand":[],"product_cat":[341,291,300],"product_tag":[],"class_list":{"0":"post-6493","1":"product","2":"type-product","3":"status-publish","4":"has-post-thumbnail","6":"product_cat-product-outsourcing","7":"product_cat-equipment-for-pig","8":"product_cat-trought-for-pig","10":"first","11":"instock","12":"shipping-taxable","13":"product-type-simple"},"acf":[],"yoast_head":"<!-- This site is optimized with the Yoast SEO Premium plugin v22.9 (Yoast SEO v27.3) - https:\/\/yoast.com\/product\/yoast-seo-premium-wordpress\/ -->\n<title>Feeder for pig - Protonco - Livestock equipment<\/title>\n<meta name=\"description\" content=\"Cast-iron Feeder for piglet - Proconco\" \/>\n<meta name=\"robots\" content=\"index, follow, max-snippet:-1, max-image-preview:large, max-video-preview:-1\" \/>\n<link rel=\"canonical\" href=\"https:\/\/thietbichannuoi.com\/en\/san-pham\/feeder-proconco\/\" \/>\n<meta property=\"og:locale\" content=\"en_US\" \/>\n<meta property=\"og:type\" content=\"article\" \/>\n<meta property=\"og:title\" content=\"Cast-iron Feeder for piglet - Proconco\" \/>\n<meta property=\"og:description\" content=\"Code: MTA011   Material: cast iron  Weight: 6kg \u00b10.1  Diameter: 30cm  Code: MTA010   Material: cast iron  Weight: 4kg \u00b10.1  Diameter: 25cm\" \/>\n<meta property=\"og:url\" content=\"https:\/\/thietbichannuoi.com\/en\/san-pham\/feeder-proconco\/\" \/>\n<meta property=\"og:site_name\" content=\"Thi\u1ebft b\u1ecb ch\u0103n nu\u00f4i\" \/>\n<meta property=\"article:modified_time\" content=\"2025-09-26T03:35:29+00:00\" \/>\n<meta property=\"og:image\" content=\"https:\/\/thietbichannuoi.com\/wp-content\/uploads\/2016\/01\/mang-an-bang-gang-pro-conco.jpg\" \/>\n\t<meta property=\"og:image:width\" content=\"1400\" \/>\n\t<meta property=\"og:image:height\" content=\"1200\" \/>\n\t<meta property=\"og:image:type\" content=\"image\/jpeg\" \/>\n<meta name=\"twitter:card\" content=\"summary_large_image\" \/>\n<meta name=\"twitter:label1\" content=\"Est. reading time\" \/>\n\t<meta name=\"twitter:data1\" content=\"1 minute\" \/>\n<!-- \/ Yoast SEO Premium plugin. -->","yoast_head_json":{"title":"Feeder for pig - Protonco - Livestock equipment","description":"Cast-iron Feeder for piglet - Proconco","robots":{"index":"index","follow":"follow","max-snippet":"max-snippet:-1","max-image-preview":"max-image-preview:large","max-video-preview":"max-video-preview:-1"},"canonical":"https:\/\/thietbichannuoi.com\/en\/san-pham\/feeder-proconco\/","og_locale":"en_US","og_type":"article","og_title":"Cast-iron Feeder for piglet - Proconco","og_description":"Code: MTA011   Material: cast iron  Weight: 6kg \u00b10.1  Diameter: 30cm  Code: MTA010   Material: cast iron  Weight: 4kg \u00b10.1  Diameter: 25cm","og_url":"https:\/\/thietbichannuoi.com\/en\/san-pham\/feeder-proconco\/","og_site_name":"Thi\u1ebft b\u1ecb ch\u0103n nu\u00f4i","article_modified_time":"2025-09-26T03:35:29+00:00","og_image":[{"width":1400,"height":1200,"url":"https:\/\/thietbichannuoi.com\/wp-content\/uploads\/2016\/01\/mang-an-bang-gang-pro-conco.jpg","type":"image\/jpeg"}],"twitter_card":"summary_large_image","twitter_misc":{"Est. reading time":"1 minute"},"schema":{"@context":"https:\/\/schema.org","@graph":[{"@type":"WebPage","@id":"https:\/\/thietbichannuoi.com\/en\/san-pham\/feeder-proconco\/","url":"https:\/\/thietbichannuoi.com\/en\/san-pham\/feeder-proconco\/","name":"Feeder for pig - Protonco - Livestock equipment","isPartOf":{"@id":"https:\/\/thietbichannuoi.com\/#website"},"primaryImageOfPage":{"@id":"https:\/\/thietbichannuoi.com\/en\/san-pham\/feeder-proconco\/#primaryimage"},"image":{"@id":"https:\/\/thietbichannuoi.com\/en\/san-pham\/feeder-proconco\/#primaryimage"},"thumbnailUrl":"https:\/\/thietbichannuoi.com\/wp-content\/uploads\/2016\/01\/mang-an-bang-gang-pro-conco.jpg","datePublished":"2016-01-25T15:43:20+00:00","dateModified":"2025-09-26T03:35:29+00:00","description":"Cast-iron Feeder for piglet - Proconco","breadcrumb":{"@id":"https:\/\/thietbichannuoi.com\/en\/san-pham\/feeder-proconco\/#breadcrumb"},"inLanguage":"en-US","potentialAction":[{"@type":"ReadAction","target":["https:\/\/thietbichannuoi.com\/en\/san-pham\/feeder-proconco\/"]}]},{"@type":"ImageObject","inLanguage":"en-US","@id":"https:\/\/thietbichannuoi.com\/en\/san-pham\/feeder-proconco\/#primaryimage","url":"https:\/\/thietbichannuoi.com\/wp-content\/uploads\/2016\/01\/mang-an-bang-gang-pro-conco.jpg","contentUrl":"https:\/\/thietbichannuoi.com\/wp-content\/uploads\/2016\/01\/mang-an-bang-gang-pro-conco.jpg","width":1400,"height":1200,"caption":"m\u00e1ng-\u0103n-b\u1eb1ng-gang-pro-conco"},{"@type":"BreadcrumbList","@id":"https:\/\/thietbichannuoi.com\/en\/san-pham\/feeder-proconco\/#breadcrumb","itemListElement":[{"@type":"ListItem","position":1,"name":"Home","item":"https:\/\/thietbichannuoi.com\/en\/"},{"@type":"ListItem","position":2,"name":"Shop","item":"https:\/\/thietbichannuoi.com\/shop\/"},{"@type":"ListItem","position":3,"name":"Cast-iron Feeder for piglet &#8211; Proconco"}]},{"@type":"WebSite","@id":"https:\/\/thietbichannuoi.com\/#website","url":"https:\/\/thietbichannuoi.com\/","name":"Thi\u1ebft b\u1ecb ch\u0103n nu\u00f4i","description":"S\u1ea3n xu\u1ea5t thi\u1ebft b\u1ecb ch\u0103n nu\u00f4i gia s\u00fac, gia c\u1ea7m v\u00e0 c\u00e1c s\u1ea3n ph\u1ea9m t\u1eeb nh\u1ef1a","publisher":{"@id":"https:\/\/thietbichannuoi.com\/#organization"},"potentialAction":[{"@type":"SearchAction","target":{"@type":"EntryPoint","urlTemplate":"https:\/\/thietbichannuoi.com\/?s={search_term_string}"},"query-input":{"@type":"PropertyValueSpecification","valueRequired":true,"valueName":"search_term_string"}}],"inLanguage":"en-US"},{"@type":"Organization","@id":"https:\/\/thietbichannuoi.com\/#organization","name":"Thi\u1ebft b\u1ecb ch\u0103n nu\u00f4i Minh Ph\u00e1t","url":"https:\/\/thietbichannuoi.com\/","logo":{"@type":"ImageObject","inLanguage":"en-US","@id":"https:\/\/thietbichannuoi.com\/#\/schema\/logo\/image\/","url":"https:\/\/thietbichannuoi.com\/wp-content\/uploads\/2021\/04\/logo-thiet-bi-chan-nuoi.png","contentUrl":"https:\/\/thietbichannuoi.com\/wp-content\/uploads\/2021\/04\/logo-thiet-bi-chan-nuoi.png","width":104,"height":79,"caption":"Thi\u1ebft b\u1ecb ch\u0103n nu\u00f4i Minh Ph\u00e1t"},"image":{"@id":"https:\/\/thietbichannuoi.com\/#\/schema\/logo\/image\/"}}]}},"uagb_featured_image_src":{"full":["https:\/\/thietbichannuoi.com\/wp-content\/uploads\/2016\/01\/mang-an-bang-gang-pro-conco.jpg",1400,1200,false],"thumbnail":["https:\/\/thietbichannuoi.com\/wp-content\/uploads\/2016\/01\/mang-an-bang-gang-pro-conco.jpg",150,129,false],"medium":["https:\/\/thietbichannuoi.com\/wp-content\/uploads\/2016\/01\/mang-an-bang-gang-pro-conco.jpg",300,257,false],"medium_large":["https:\/\/thietbichannuoi.com\/wp-content\/uploads\/2016\/01\/mang-an-bang-gang-pro-conco.jpg",1400,1200,false],"large":["https:\/\/thietbichannuoi.com\/wp-content\/uploads\/2016\/01\/mang-an-bang-gang-pro-conco.jpg",800,686,false],"1536x1536":["https:\/\/thietbichannuoi.com\/wp-content\/uploads\/2016\/01\/mang-an-bang-gang-pro-conco.jpg",1400,1200,false],"2048x2048":["https:\/\/thietbichannuoi.com\/wp-content\/uploads\/2016\/01\/mang-an-bang-gang-pro-conco.jpg",1400,1200,false],"woocommerce_thumbnail":["https:\/\/thietbichannuoi.com\/wp-content\/uploads\/2016\/01\/mang-an-bang-gang-pro-conco.jpg",1400,1200,false],"woocommerce_single":["https:\/\/thietbichannuoi.com\/wp-content\/uploads\/2016\/01\/mang-an-bang-gang-pro-conco.jpg",1400,1200,false],"woocommerce_gallery_thumbnail":["https:\/\/thietbichannuoi.com\/wp-content\/uploads\/2016\/01\/mang-an-bang-gang-pro-conco-100x100.jpg",100,100,true]},"uagb_author_info":{"display_name":"admin","author_link":"https:\/\/thietbichannuoi.com\/en\/author\/"},"uagb_comment_info":0,"uagb_excerpt":"Code: MTA011 Material: cast iron Weight: 6kg \u00b10.1 Diameter: 30cm Code: MTA010 Material: cast iron Weight: 4kg \u00b10.1 Diameter: 25cm","_links":{"self":[{"href":"https:\/\/thietbichannuoi.com\/en\/wp-json\/wp\/v2\/product\/6493","targetHints":{"allow":["GET"]}}],"collection":[{"href":"https:\/\/thietbichannuoi.com\/en\/wp-json\/wp\/v2\/product"}],"about":[{"href":"https:\/\/thietbichannuoi.com\/en\/wp-json\/wp\/v2\/types\/product"}],"version-history":[{"count":0,"href":"https:\/\/thietbichannuoi.com\/en\/wp-json\/wp\/v2\/product\/6493\/revisions"}],"wp:featuredmedia":[{"embeddable":true,"href":"https:\/\/thietbichannuoi.com\/en\/wp-json\/wp\/v2\/media\/13461"}],"wp:attachment":[{"href":"https:\/\/thietbichannuoi.com\/en\/wp-json\/wp\/v2\/media?parent=6493"}],"wp:term":[{"taxonomy":"product_brand","embeddable":true,"href":"https:\/\/thietbichannuoi.com\/en\/wp-json\/wp\/v2\/product_brand?post=6493"},{"taxonomy":"product_cat","embeddable":true,"href":"https:\/\/thietbichannuoi.com\/en\/wp-json\/wp\/v2\/product_cat?post=6493"},{"taxonomy":"product_tag","embeddable":true,"href":"https:\/\/thietbichannuoi.com\/en\/wp-json\/wp\/v2\/product_tag?post=6493"}],"curies":[{"name":"wp","href":"https:\/\/api.w.org\/{rel}","templated":true}]}}